{"id":3239,"date":"2025-09-24T08:09:36","date_gmt":"2025-09-24T07:09:36","guid":{"rendered":"https:\/\/medicaltravel.ch\/older-patient-reports\/eye-laser-surgery-in-turkey-survey-report-from-saturday-march-24-2007\/"},"modified":"2026-01-13T01:34:45","modified_gmt":"2026-01-13T00:34:45","slug":"eye-laser-surgery-in-turkey-survey-report-from-saturday-march-24-2007","status":"publish","type":"page","link":"https:\/\/medicaltravel.ch\/en\/patient-reports\/older-patient-reports\/eye-laser-surgery-in-turkey-survey-report-from-saturday-march-24-2007\/","title":{"rendered":"Eye laser surgery in Turkey survey \u2013 report from Saturday, March 24, 2007"},"content":{"rendered":"\n<h3 class=\"wp-block-heading\">Eye laser surgery in Turkey survey \u2013 report from Saturday, March 24, 2007<\/h3>\n\n\n\n<p>Swisslasik.ch patient survey<\/p>\n\n\n\n<p>Your decision-making process<br>-1 How and why did you decide to have laser eye surgery abroad?<br>Because it was too expensive in Switzerland&#8230; Over time, wearing glasses and contact lenses became tiresome; I also couldn&#8217;t tolerate the lenses as well anymore.<\/p>\n\n\n\n<p>-2 How did you decide to choose us?<br>Via the Internet<\/p>\n\n\n\n<p>-3 What impressed you most about us?<br>Immediate, prompt, and excellent service! Thank you very much!<\/p>\n\n\n\n<p>-4 Have you found other providers such as swisslasik.ch? What makes swisslasik.ch different? <br>No other providers found, but no further search was necessary. Swisslasik made a good impression right from the start! <\/p>\n\n\n\n<p>-5 Many people are still reluctant to have laser eye surgery in Istanbul. How can swisslasik.ch better appeal to these people?<br>Perhaps more reports in magazines, e.g., in \u201cDas Beste.\u201d <\/p>\n\n\n\n<p>Hotel<br>-6 Was there anyone at reception who spoke German or English?<br>Yes, but their English wasn&#8217;t very good, but we were able to communicate.<\/p>\n\n\n\n<p>-7 Were the hotel and room clean?<br>Yes, rooms are a bit small.<\/p>\n\n\n\n<p>-8 Were the employees helpful and friendly?<br>Very friendly and helpful<\/p>\n\n\n\n<p>-9 Was breakfast okay?<br>It was okay! On Good Friday morning, we heard Christmas music: Silent Night, etc., which was still amusing! <\/p>\n\n\n\n<p>-10 Were you able to sleep peacefully?<br>It was rather noisy, mainly disturbed by other predominantly young guests.<\/p>\n\n\n\n<p>-11 Were you asked to pay extra money?<br>For sauna and wellness area<\/p>\n\n\n\n<p>-12 How satisfied are you with the hotel overall? (please give a number from 1 to 5) <\/p>\n\n\n\n<p>Pickup service<br>-13 Was the person late? If so, how long? <br>no<\/p>\n\n\n\n<p>-14 Was he always there, helpful and friendly?<br>Yes, very friendly and cheerful!<\/p>\n\n\n\n<p>-15 Did he accompany you between the hotel and the hospital each time?<br>Yes, of course<\/p>\n\n\n\n<p>-16 Did he drive the car well?<br>Yes<\/p>\n\n\n\n<p>-17 Do you have luggage space problems?<br>No<\/p>\n\n\n\n<p>-18 How satisfied are you overall with the pick-up service? (please give a number from 1 to 5)<br>5 <\/p>\n\n\n\n<p>Clinic<br>-19 Did you have to wait for hours without knowing why?<br>No<\/p>\n\n\n\n<p>-20 Were you made to feel welcome by the staff and the doctor?<br>Yes, very much!<\/p>\n\n\n\n<p>-21 Were you given sufficient information before the operation?<br>It went very quickly, but efficiently.<\/p>\n\n\n\n<p>-22 How satisfied are you with the outcome of the surgery?<br>Very satisfied<\/p>\n\n\n\n<p>-23 Were you assisted in German?<br>Yes, although it would have been possible in English as well. At times, it was a little confusing to hear so many languages. <\/p>\n\n\n\n<p>-24 Were you charged any additional costs?<br>No.<\/p>\n\n\n\n<p>-25 How satisfied are you with the clinic overall? (please give a number from 1 to 5)<br>5 <\/p>\n\n\n\n<p>Swisslasikpass<br>-26 Swisslasikpass&#8217;ta hangi bilgileri yararl\u0131 buluyorsunuz?<br>Her birey i\u00e7in ki\u015fisel olarak d\u00fczenlenmesi harika bir \u015fey, hem yararl\u0131 hem de profesyonelce. T\u00fcm bilgiler \u00e7ok yararl\u0131! <\/p>\n\n\n\n<p>-27 What information do you find useless in the Swisslasikpass?<br>none<\/p>\n\n\n\n<p>-28 Is there any false information?<br>No, but a city map would have been useful.<\/p>\n\n\n\n<p>-29 What can we do better?<br>Swisslasik.ch<\/p>\n\n\n\n<p>-30 What was particularly good?<br>The entire support team!<\/p>\n\n\n\n<p>-31 What was particularly bad?<br>Noise in the hotel.<\/p>\n\n\n\n<p>-32 What can we do better?<\/p>\n\n\n\n<p>-33 How satisfied are you with us overall? (please give a number from 1 to 5) 5 <\/p>\n\n\n\n<p>-34 Will you recommend us to others?<br>Yes, of course!<\/p>\n\n\n\n<p>-35 May we publish your answers on forum.swisslasik.ch?<br>Yes, of course!<\/p>\n\n\n\n<p>-36 swisslasik.ch ile hastalarla g\u00f6r\u00fc\u015fmek isteyen ilgililere telefon numaran\u0131z\u0131\/e-posta adresinizi verebilir miyiz?<br>Yes<\/p>\n\n\n\n<p>The evaluation form was already filled out in Istanbul with similar questions!<\/p>\n\n\n\n<p>Thank you very much for taking the time to talk to us!<\/p>\n\n\n\n<p>Swisslasik.ch<\/p>\n\n\n\n<p><\/p>\n\n\n\n<div class=\"wp-block-group is-layout-grid wp-container-core-group-is-layout-baef362d wp-block-group-is-layout-grid\">\n<p><a href=\"https:\/\/medicaltravel.at\/home\/agb\/\" data-type=\"page\" data-id=\"2191\" rel=\"nofollow noopener\" target=\"_blank\"><\/a><a href=\"https:\/\/medicaltravel.ch\/en\/patient-reports\/older-patient-reports\/my-experience-with-laser-eye-surgery-in-turkey-report-from-friday-june-15-2007\/\" data-type=\"link\" data-id=\"https:\/\/medicaltravel.ch\/en\/patient-reports\/older-patient-reports\/my-experience-with-laser-eye-surgery-in-turkey-report-from-friday-june-15-2007\/\">The previous report<\/a><\/p>\n\n\n\n<p class=\"has-text-align-right wp-container-content-5e2576f9\"><a href=\"https:\/\/medicaltravel.at\/home\/impressum\/\" data-type=\"page\" data-id=\"2193\" rel=\"nofollow noopener\" target=\"_blank\"><\/a><a href=\"https:\/\/medicaltravel.at\/home\/berichte-von-patienten\/erfahrungsberichte\/erfahrungsbericht-zahnbehandlung-in-istanbul\/\" data-type=\"page\" data-id=\"981\" rel=\"nofollow noopener\" target=\"_blank\"><\/a><a href=\"https:\/\/medicaltravel.ch\/en\/patient-reports\/older-patient-reports\/patient-report-lasik-turkey-report-from-tuesday-march-20-2007\/\" data-type=\"link\" data-id=\"https:\/\/medicaltravel.ch\/berichte-von-patienten-istanbul-turkei\/altere-patientenberichte\/patientenbericht-lasik-turkei-bericht-vom-dienstag-20-marz-2007\/\">The next report<\/a><\/p>\n<\/div>\n","protected":false},"excerpt":{"rendered":"<p>Eye laser surgery in Turkey survey \u2013 report from Saturday, March 24, 2007 Swisslasik.ch patient survey Your decision-making process-1 How and why did you decide to have laser eye surgery abroad?Because it was too expensive in Switzerland&#8230; Over time, wearing glasses and contact lenses became tiresome; I also couldn&#8217;t tolerate the lenses as well anymore. -2 How did you decide to choose us?Via the Internet -3 What impressed you most about us?Immediate, prompt, and excellent service! Thank you very much! -4 Have you found other providers such as swisslasik.ch? What makes swisslasik.ch different? No other providers found, but no further search was necessary. Swisslasik made a good impression right from the start! -5 Many people are still reluctant to have laser eye surgery in Istanbul. How can swisslasik.ch better appeal to these people?Perhaps more reports in magazines, e.g., in \u201cDas Beste.\u201d Hotel-6 Was there anyone at reception who spoke German or English?Yes, but their English wasn&#8217;t very good, but we were able to communicate. -7 Were the hotel and room clean?Yes, rooms are a bit small. -8 Were the employees helpful and friendly?Very friendly and helpful -9 Was breakfast okay?It was okay! On Good Friday morning, we heard Christmas music: Silent Night, etc., which was still amusing! -10 Were you able to sleep peacefully?It was rather noisy, mainly disturbed by other predominantly young guests. -11 Were you asked to pay extra money?For sauna and wellness area -12 How satisfied are you with the hotel overall? (please give a number from 1 to 5) Pickup service-13 Was the person late? If so, how long? no -14 Was he always there, helpful and friendly?Yes, very friendly and cheerful! -15 Did he accompany you between the hotel and the hospital each time?Yes, of course -16 Did he drive the car well?Yes -17 Do you have luggage space problems?No -18 How satisfied are you overall with the pick-up service? (please give a number from 1 to 5)5 Clinic-19 Did you have to wait for hours without knowing why?No -20 Were you made to feel welcome by the staff and the doctor?Yes, very much! -21 Were you given sufficient information before the operation?It went very quickly, but efficiently. -22 How satisfied are you with the outcome of the surgery?Very satisfied -23 Were you assisted in German?Yes, although it would have been possible in English as well. At times, it was a little confusing to hear so many languages. -24 Were you charged any additional costs?No. -25 How satisfied are you with the clinic overall? (please give a number from 1 to 5)5 Swisslasikpass-26 Swisslasikpass&#8217;ta hangi bilgileri yararl\u0131 buluyorsunuz?Her birey i\u00e7in ki\u015fisel olarak d\u00fczenlenmesi harika bir \u015fey, hem yararl\u0131 hem de profesyonelce. T\u00fcm bilgiler \u00e7ok yararl\u0131! -27 What information do you find useless in the Swisslasikpass?none -28 Is there any false information?No, but a city map would have been useful. -29 What can we do better?Swisslasik.ch -30 What was particularly good?The entire support team! -31 What was particularly bad?Noise in the hotel. -32 What can we do better? -33 How satisfied are you with us overall? (please give a number from 1 to 5) 5 -34 Will you recommend us to others?Yes, of course! -35 May we publish your answers on forum.swisslasik.ch?Yes, of course! -36 swisslasik.ch ile hastalarla g\u00f6r\u00fc\u015fmek isteyen ilgililere telefon numaran\u0131z\u0131\/e-posta adresinizi verebilir miyiz?Yes The evaluation form was already filled out in Istanbul with similar questions! Thank you very much for taking the time to talk to us! Swisslasik.ch The previous report The next report<\/p>\n","protected":false},"author":4,"featured_media":0,"parent":3221,"menu_order":0,"comment_status":"closed","ping_status":"closed","template":"","meta":{"_joinchat":[],"footnotes":""},"class_list":["post-3239","page","type-page","status-publish","hentry"],"acf":[],"_links":{"self":[{"href":"https:\/\/medicaltravel.ch\/en\/wp-json\/wp\/v2\/pages\/3239","targetHints":{"allow":["GET"]}}],"collection":[{"href":"https:\/\/medicaltravel.ch\/en\/wp-json\/wp\/v2\/pages"}],"about":[{"href":"https:\/\/medicaltravel.ch\/en\/wp-json\/wp\/v2\/types\/page"}],"author":[{"embeddable":true,"href":"https:\/\/medicaltravel.ch\/en\/wp-json\/wp\/v2\/users\/4"}],"replies":[{"embeddable":true,"href":"https:\/\/medicaltravel.ch\/en\/wp-json\/wp\/v2\/comments?post=3239"}],"version-history":[{"count":4,"href":"https:\/\/medicaltravel.ch\/en\/wp-json\/wp\/v2\/pages\/3239\/revisions"}],"predecessor-version":[{"id":6718,"href":"https:\/\/medicaltravel.ch\/en\/wp-json\/wp\/v2\/pages\/3239\/revisions\/6718"}],"up":[{"embeddable":true,"href":"https:\/\/medicaltravel.ch\/en\/wp-json\/wp\/v2\/pages\/3221"}],"wp:attachment":[{"href":"https:\/\/medicaltravel.ch\/en\/wp-json\/wp\/v2\/media?parent=3239"}],"curies":[{"name":"wp","href":"https:\/\/api.w.org\/{rel}","templated":true}]}}