{"id":3296,"date":"2025-09-24T07:44:07","date_gmt":"2025-09-24T06:44:07","guid":{"rendered":"https:\/\/medicaltravel.ch\/older-patient-reports\/my-experience-report-lasik-istanbul-report-from-wednesday-may-28-2008\/"},"modified":"2026-01-13T01:15:58","modified_gmt":"2026-01-13T00:15:58","slug":"my-experience-report-lasik-istanbul-report-from-wednesday-may-28-2008","status":"publish","type":"page","link":"https:\/\/medicaltravel.ch\/en\/patient-reports\/older-patient-reports\/my-experience-report-lasik-istanbul-report-from-wednesday-may-28-2008\/","title":{"rendered":"My experience report LASIK ISTANBUL \u2013 Report from Wednesday, May 28, 2008"},"content":{"rendered":"\n<h3 class=\"wp-block-heading\">My experience report LASIK ISTANBUL \u2013 Report from Wednesday, May 28, 2008<\/h3>\n\n\n\n<p>Experience report regarding my eye laser surgery<\/p>\n\n\n\n<p>The beginning<\/p>\n\n\n\n<p>At the beginning of April this year, my wife and I returned home from a trip to Asia. While I was there, I went surfing, among other things, and constantly struggled with daily disposable lenses because I otherwise always wear glasses (short-sightedness, 1.25 dioptres). In the evenings, I would find myself searching for the lenses, if I hadn&#8217;t already lost them during my dives. After returning, I had a clear wish: a future without glasses!   <\/p>\n\n\n\n<p>After returning, we visited the optician (for sunglasses) and I asked him whether laser surgery would be an option for my prescription. He said yes, but that a preliminary assessment would have to be carried out. we also got onto the subject of costs, and he mentioned a customer who had his eyes operated on in Turkey. Turkey?! I had never considered that before, as the terms surgery and Turkey did not really seem to go together for me. But my interest was piqued. I wanted to know more about it.      <\/p>\n\n\n\n<p>At home, I carried out some research on the internet. I quickly came across the homepage of www.swisslasik.ch. I printed out the entire website, read through it, and compared the contents with the information provided by clinics in Switzerland. After all my reading, I came to the conclusion that several factors are significant for a successful operation:   <\/p>\n\n\n\n<p>-Preliminary examination and determining the correction for the laser<br> -Experience of the doctor<br>-Technical standard of the laser equipment<br>-Sterility of the operating environment<\/p>\n\n\n\n<p>After studying forums, experience reports, and newspaper articles, I came to the conclusion that an operation in Turkey represents an alternative. However, I definitely did not want to get involved with any unknown clinics or adventures. Overall, the offer from Swisslasik seemed convincing to me: preliminary and follow-up examinations in Switzerland, complete organisation of the trip, contact persons in German, a long-established clinic with state-of-the-art equipment and highly qualified and experienced doctors. My decision was soon made: I want to do this. The timing is right and I want to move forward now.    <\/p>\n\n\n\n<p>Der n\u00e4chste Schritt bestand in der Kontaktaufnahme mit Swisslasik. Ich empfand die Betreuung durch Herrn Karaagacli als sehr freundlich, hilfsbereit, unkompliziert und nicht dr\u00e4ngend. Innerhalb von 3 Tagen konnte ich eine Voruntersuchung in Z\u00fcrich durchf\u00fchren. Diese zeigte, dass eine Laseroperation bei meiner Fehlsichtigkeit m\u00f6glich ist. Der Augenarzt machte mich jedoch auch auf Risiken aufmerksam und erw\u00e4hnte, dass ich eventuell das Tragen einer Lesebrille in Kauf nehmen m\u00fcsse. Die Entscheidung sei daher gut zu \u00fcberlegen. Nach 2 Tagen hatte ich mich entschieden: ja, ich wollte operieren. M\u00f6glichst bald, so dass die Augen verheilt sind vor dem Sommer.       <\/p>\n\n\n\n<p>At short notice, I was able to find an appointment with Mr. Karaagacli for the weekend after May 1st. I booked the flight myself, and he took care of everything else. <\/p>\n\n\n\n<p>The Operation<\/p>\n\n\n\n<p>Hier ist die \u00dcbersetzung des n\u00e4chsten Abschnitts:<br>Details zu Flug (Swiss), Hotel und \u00c4hnlichem lasse ich an dieser Stelle beiseite und m\u00f6chte mit dem Tag in der Klinik fortfahren. Nach einem freien Donnerstag in Istanbul war es nun so weit: Gegen Mittag wurden wir abgeholt und zur Eyestar-Klinik gefahren. Das Geb\u00e4ude von au\u00dfen sowie das Treppenhaus sind kein Highlight; der Taxifahrer hat uns jedoch vorsorglich informiert, dass eine Renovierung durch den Eigent\u00fcmer vorgesehen sei. Im Innern der Klinik sieht alles anders aus: Wir werden in bestem Berndeutsch von Fred begr\u00fc\u00dft, der uns alles erkl\u00e4rt und sich herzlich um die Patienten k\u00fcmmert. Fred ist so etwas wie die Seele der Klinik. Man f\u00fchlt sich bei ihm gut aufgehoben.<br>Nach einer Weile beginnt die Voruntersuchung mit optischen Ger\u00e4ten. Anschlie\u00dfend werden die Augen getropft, um die Pupillen f\u00fcr weitere Abkl\u00e4rungen zu weiten. Danach folgt die Untersuchung durch den Arzt, der sp\u00e4ter auch die Laseroperation durchf\u00fchren wird. Wir sprachen Englisch, wobei Fred immer zur Seite stand, um als Dolmetscher zu helfen. Ich fasste rasch Vertrauen zum Arzt: Er schien mir \u00e4u\u00dferst erfahren, sicher und entspannt. Er hat \u00fcber 25.000 Laseroperationen durchgef\u00fchrt. Das gab mir Sicherheit und Ruhe f\u00fcr die sp\u00e4tere Operation.<br>In den Wartepausen werden wir laufend mit Tee, Cola und \u00c4hnlichem bedient. Es herrscht eine beinahe famili\u00e4re Atmosph\u00e4re in der halbkreisf\u00f6rmigen, hellen Wartelounge. Wir muntern uns gegenseitig mit ein paar Scherzen auf und nehmen ab und zu Fred auf den Arm. Das hilft, um sich zu entspannen.                <\/p>\n\n\n\n<p>The preliminary examination confirmed the results of the check-up in Zurich. The operation is feasible. After the preliminary examination, we still had some time to get something to eat.  <\/p>\n\n\n\n<p>At 16.30 we were back at the clinic. After a while, we went to the upper floor where the operating theatre is located. I was next in line for surgery. Fred prepared me with sterile clothing and a surgical cap, applied eye drops, and explained what would happen next. To my own surprise, I was tense but internally calm. Based on my experiences so far, I had full confidence in the clinic and its staff. In the operating theatre, the first step is positioning the body and head on the couch. Then a covering mask is placed over the head (though you can still see out) and the eyelids are fixed in place. Subsequently, a suction ring is applied to the eye so that the so-called flap can be lifted with the keratome. The suction is uncomfortable as pressure is applied to the eye. Once the laser is in the correct position (you continuously look at small green lights to ensure the eye is positioned correctly), the doctor gives the command: Hold your position now. The laser is switched on, vision temporarily becomes blurrier, but I continue to look in the same direction and maintain my position. With my weak correction of 1.25, the laser procedure is over after about 10 seconds. I felt no pain. The procedure is then repeated on the other eye. After a maximum of 10 minutes on the operating table, the intervention is over. Fred helps me up and leads me into a minimally lit side room where I can lie down. The next 3 hours or so require patience: the eyes are sensitive to light and they sting a bit. It is bearable, but you prefer not to have any light sources nearby. Once all operations are completed, we are led back downstairs. A follow-up examination by the operating surgeon takes place there. Fred instructs us on how to use the provided eye drops. Afterwards, we are taken back to the hotel. I am glad to be able to lie down. To protect the eyes, eye patches were provided for the first night. I fall asleep quickly. In the early morning, I want to find out the result and remove the eye patches. No more stinging and sharp vision! I can see the fibres of the wallpaper in the hotel room and I am inwardly delighted that I can see so clearly.                            <\/p>\n\n\n\n<p>Afterwards<\/p>\n\n\n\n<p>Around midday on the day after the surgery, we are picked up for the follow-up examination. There is a great deal of excitement at the clinic, and everyone shares how they have been doing on the morning after. <\/p>\n\n\n\n<p>Then the examination takes place with the help of optical instruments and by the doctor. Everything is in order and progressing well. Vision is good and sharp. Now it is a matter of taking care of the eyes, applying the drops regularly, and under no circumstances rubbing the eyes. Initially, I had concerns that I might rub my eyes unconsciously. But after an initial phase and a few mental exercises, that largely subsided. However, I tried to be as careful as possible during the first 2 weeks after the operation. I definitely did not want to mess up the good result of the surgery through careless behaviour.       <\/p>\n\n\n\n<p>It has now been almost four weeks since the operation. During the two days following it, we strolled through Istanbul and enjoyed ourselves. The first follow-up examination in Switzerland is scheduled for next week. I am confident that everything is in order. As I understand it, my visual acuity is very research (just as it was before with glasses). In the first few days after the surgery, my eyes were still a bit sensitive to light, but that subsided quickly. Working at the computer for my job was also easily possible three days after the procedure. In the meantime, I have also started exercising again. I enjoy being able to perceive everything accurately without glasses and am happy that the operation and the healing process so far have gone so well.        <\/p>\n\n\n\n<p>I can recommend Swisslasik and the Eyestar Clinic. Anyone wishing to undergo Lasik surgery can place their trust in these two organisations. The decision for or against a Lasik operation lies with the patient: those who can internally say yes to an operation with all the known risks (which also exist at home) can consider having the surgery at the Eyestar Clinic. For me, even in hindsight, it was a good decision.   <\/p>\n\n\n\n<p>I wish everyone who is considering an operation much success and good vision!<\/p>\n\n\n\n<p>S. Grossen, 26 May 2008<\/p>\n\n\n\n<p><\/p>\n\n\n\n<div class=\"wp-block-group is-layout-grid wp-container-core-group-is-layout-baef362d wp-block-group-is-layout-grid\">\n<p><a href=\"https:\/\/medicaltravel.at\/home\/agb\/\" data-type=\"page\" data-id=\"2191\" rel=\"nofollow noopener\" target=\"_blank\"><\/a><a href=\"https:\/\/medicaltravel.ch\/en\/patient-reports\/older-patient-reports\/experience-report-of-my-surgery-in-istanbul-report-from-friday-july-4-2008\/\" data-type=\"link\" data-id=\"https:\/\/medicaltravel.ch\/en\/patient-reports\/older-patient-reports\/experience-report-of-my-surgery-in-istanbul-report-from-friday-july-4-2008\/\">The previous report<\/a><\/p>\n\n\n\n<p class=\"has-text-align-right wp-container-content-5e2576f9\"><a href=\"https:\/\/medicaltravel.at\/home\/impressum\/\" data-type=\"page\" data-id=\"2193\" rel=\"nofollow noopener\" target=\"_blank\"><\/a><a href=\"https:\/\/medicaltravel.at\/home\/berichte-von-patienten\/erfahrungsberichte\/erfahrungsbericht-zahnbehandlung-in-istanbul\/\" data-type=\"page\" data-id=\"981\" rel=\"nofollow noopener\" target=\"_blank\"><\/a><a href=\"https:\/\/medicaltravel.ch\/en\/patient-reports\/older-patient-reports\/laser-eye-surgery-finally-report-from-tuesday-may-27-2008\/\" data-type=\"link\" data-id=\"https:\/\/medicaltravel.ch\/en\/patient-reports\/older-patient-reports\/laser-eye-surgery-finally-report-from-tuesday-may-27-2008\/\">The next report<\/a><\/p>\n<\/div>\n","protected":false},"excerpt":{"rendered":"<p>My experience report LASIK ISTANBUL \u2013 Report from Wednesday, May 28, 2008 Experience report regarding my eye laser surgery The beginning At the beginning of April this year, my wife and I returned home from a trip to Asia. While I was there, I went surfing, among other things, and constantly struggled with daily disposable lenses because I otherwise always wear glasses (short-sightedness, 1.25 dioptres). In the evenings, I would find myself searching for the lenses, if I hadn&#8217;t already lost them during my dives. After returning, I had a clear wish: a future without glasses! After returning, we visited the optician (for sunglasses) and I asked him whether laser surgery would be an option for my prescription. He said yes, but that a preliminary assessment would have to be carried out. we also got onto the subject of costs, and he mentioned a customer who had his eyes operated on in Turkey. Turkey?! I had never considered that before, as the terms surgery and Turkey did not really seem to go together for me. But my interest was piqued. I wanted to know more about it. At home, I carried out some research on the internet. I quickly came across the homepage of www.swisslasik.ch. I printed out the entire website, read through it, and compared the contents with the information provided by clinics in Switzerland. After all my reading, I came to the conclusion that several factors are significant for a successful operation: -Preliminary examination and determining the correction for the laser -Experience of the doctor-Technical standard of the laser equipment-Sterility of the operating environment After studying forums, experience reports, and newspaper articles, I came to the conclusion that an operation in Turkey represents an alternative. However, I definitely did not want to get involved with any unknown clinics or adventures. Overall, the offer from Swisslasik seemed convincing to me: preliminary and follow-up examinations in Switzerland, complete organisation of the trip, contact persons in German, a long-established clinic with state-of-the-art equipment and highly qualified and experienced doctors. My decision was soon made: I want to do this. The timing is right and I want to move forward now. Der n\u00e4chste Schritt bestand in der Kontaktaufnahme mit Swisslasik. Ich empfand die Betreuung durch Herrn Karaagacli als sehr freundlich, hilfsbereit, unkompliziert und nicht dr\u00e4ngend. Innerhalb von 3 Tagen konnte ich eine Voruntersuchung in Z\u00fcrich durchf\u00fchren. Diese zeigte, dass eine Laseroperation bei meiner Fehlsichtigkeit m\u00f6glich ist. Der Augenarzt machte mich jedoch auch auf Risiken aufmerksam und erw\u00e4hnte, dass ich eventuell das Tragen einer Lesebrille in Kauf nehmen m\u00fcsse. Die Entscheidung sei daher gut zu \u00fcberlegen. Nach 2 Tagen hatte ich mich entschieden: ja, ich wollte operieren. M\u00f6glichst bald, so dass die Augen verheilt sind vor dem Sommer. At short notice, I was able to find an appointment with Mr. Karaagacli for the weekend after May 1st. I booked the flight myself, and he took care of everything else. The Operation Hier ist die \u00dcbersetzung des n\u00e4chsten Abschnitts:Details zu Flug (Swiss), Hotel und \u00c4hnlichem lasse ich an dieser Stelle beiseite und m\u00f6chte mit dem Tag in der Klinik fortfahren. Nach einem freien Donnerstag in Istanbul war es nun so weit: Gegen Mittag wurden wir abgeholt und zur Eyestar-Klinik gefahren. Das Geb\u00e4ude von au\u00dfen sowie das Treppenhaus sind kein Highlight; der Taxifahrer hat uns jedoch vorsorglich informiert, dass eine Renovierung durch den Eigent\u00fcmer vorgesehen sei. Im Innern der Klinik sieht alles anders aus: Wir werden in bestem Berndeutsch von Fred begr\u00fc\u00dft, der uns alles erkl\u00e4rt und sich herzlich um die Patienten k\u00fcmmert. Fred ist so etwas wie die Seele der Klinik. Man f\u00fchlt sich bei ihm gut aufgehoben.Nach einer Weile beginnt die Voruntersuchung mit optischen Ger\u00e4ten. Anschlie\u00dfend werden die Augen getropft, um die Pupillen f\u00fcr weitere Abkl\u00e4rungen zu weiten. Danach folgt die Untersuchung durch den Arzt, der sp\u00e4ter auch die Laseroperation durchf\u00fchren wird. Wir sprachen Englisch, wobei Fred immer zur Seite stand, um als Dolmetscher zu helfen. Ich fasste rasch Vertrauen zum Arzt: Er schien mir \u00e4u\u00dferst erfahren, sicher und entspannt. Er hat \u00fcber 25.000 Laseroperationen durchgef\u00fchrt. Das gab mir Sicherheit und Ruhe f\u00fcr die sp\u00e4tere Operation.In den Wartepausen werden wir laufend mit Tee, Cola und \u00c4hnlichem bedient. Es herrscht eine beinahe famili\u00e4re Atmosph\u00e4re in der halbkreisf\u00f6rmigen, hellen Wartelounge. Wir muntern uns gegenseitig mit ein paar Scherzen auf und nehmen ab und zu Fred auf den Arm. Das hilft, um sich zu entspannen. The preliminary examination confirmed the results of the check-up in Zurich. The operation is feasible. After the preliminary examination, we still had some time to get something to eat. At 16.30 we were back at the clinic. After a while, we went to the upper floor where the operating theatre is located. I was next in line for surgery. Fred prepared me with sterile clothing and a surgical cap, applied eye drops, and explained what would happen next. To my own surprise, I was tense but internally calm. Based on my experiences so far, I had full confidence in the clinic and its staff. In the operating theatre, the first step is positioning the body and head on the couch. Then a covering mask is placed over the head (though you can still see out) and the eyelids are fixed in place. Subsequently, a suction ring is applied to the eye so that the so-called flap can be lifted with the keratome. The suction is uncomfortable as pressure is applied to the eye. Once the laser is in the correct position (you continuously look at small green lights to ensure the eye is positioned correctly), the doctor gives the command: Hold your position now. The laser is switched on, vision temporarily becomes blurrier, but I continue to look in the same direction and maintain my position. With my weak correction of 1.25, the laser procedure is over after about 10 seconds. I felt no pain. The procedure is then repeated on the other eye. After a maximum of 10 minutes on the operating table, the intervention is over. Fred helps<\/p>\n","protected":false},"author":4,"featured_media":0,"parent":3221,"menu_order":0,"comment_status":"closed","ping_status":"closed","template":"","meta":{"_joinchat":[],"footnotes":""},"class_list":["post-3296","page","type-page","status-publish","hentry"],"acf":[],"_links":{"self":[{"href":"https:\/\/medicaltravel.ch\/en\/wp-json\/wp\/v2\/pages\/3296","targetHints":{"allow":["GET"]}}],"collection":[{"href":"https:\/\/medicaltravel.ch\/en\/wp-json\/wp\/v2\/pages"}],"about":[{"href":"https:\/\/medicaltravel.ch\/en\/wp-json\/wp\/v2\/types\/page"}],"author":[{"embeddable":true,"href":"https:\/\/medicaltravel.ch\/en\/wp-json\/wp\/v2\/users\/4"}],"replies":[{"embeddable":true,"href":"https:\/\/medicaltravel.ch\/en\/wp-json\/wp\/v2\/comments?post=3296"}],"version-history":[{"count":0,"href":"https:\/\/medicaltravel.ch\/en\/wp-json\/wp\/v2\/pages\/3296\/revisions"}],"up":[{"embeddable":true,"href":"https:\/\/medicaltravel.ch\/en\/wp-json\/wp\/v2\/pages\/3221"}],"wp:attachment":[{"href":"https:\/\/medicaltravel.ch\/en\/wp-json\/wp\/v2\/media?parent=3296"}],"curies":[{"name":"wp","href":"https:\/\/api.w.org\/{rel}","templated":true}]}}