{"id":3389,"date":"2025-09-24T06:17:36","date_gmt":"2025-09-24T05:17:36","guid":{"rendered":"https:\/\/medicaltravel.ch\/patient-reports\/experience-reports-treatments-in-turkey\/i-would-even-pay-five-times-as-much-if-swisslasik-did-not-exist-report-from-tuesday-12-march-2013\/"},"modified":"2026-01-12T22:48:58","modified_gmt":"2026-01-12T21:48:58","slug":"i-would-even-pay-five-times-as-much-if-swisslasik-did-not-exist-report-from-tuesday-12-march-2013","status":"publish","type":"page","link":"https:\/\/medicaltravel.ch\/en\/patient-reports\/experience-reports-treatments-in-turkey\/i-would-even-pay-five-times-as-much-if-swisslasik-did-not-exist-report-from-tuesday-12-march-2013\/","title":{"rendered":"I would even pay five times as much if Swisslasik did not exist! \u2013 report from Tuesday, 12 March 2013"},"content":{"rendered":"\n<p>I would even pay five times as much if Swisslasik did not exist! \u2013 report from Tuesday, 12 March 2013<\/p>\n\n\n\n<p>Meine Erfahrung mit Swisslasik begann, als mich ein Familienmitglied darauf aufmerksam machte, dass ein Mitarbeiter seine Augenoperation in der T\u00fcrkei durchgef\u00fchrt hatte. Sofort war ich \u00fcberzeugt und entschloss mich, die OP aufgrund von Zeit, Lust und Budget zeitnah durchzuf\u00fchren.<br>Ich informierte mich im Internet und stie\u00df auf Swisslasik. Der Kontakt mit der zust\u00e4ndigen Person war sehr gr\u00fcndlich; man nahm sich immer viel Zeit, um mich ohne Druck umfassend zu beraten. Innerhalb eines halben Tages hatte ich alles gebucht \u2013 ohne Infotag \u2013, inklusive Flug, Hotel, Abholung, Service und OP im Premium-Angebot.<br>Bald war es soweit: Ich flog mit Swiss nach Istanbul und war von der Stadt begeistert. Am Flughafen wurde ich sofort abgeholt und ins Hotel gebracht, wo man sich um Gep\u00e4ck und Zimmer k\u00fcmmerte. Alles lief reibungslos, es gab keine Verz\u00f6gerungen. Den ersten Tag konnte ich f\u00fcr eine kleine Besichtigungstour nutzen.<br>Am zweiten Tag fuhr ich zum ACIBADEM Hospital, das unglaublich gro\u00df und sehr professionell wirkte. Alles war sauber, das Personal gepflegt, der Service optimal. Ich wurde von einem freundlichen \u00dcbersetzer namens Tolga abgeholt, der mir alles erkl\u00e4rte und mich zur Augenabteilung f\u00fchrte. Dort hatte ich nochmals Untersuchungen und lernte die \u00c4rztin kennen, die mich noch am gleichen Tag operieren w\u00fcrde. Sie wirkte sehr kompetent, jung und professionell, ihr B\u00fcro war voller Diplome und Zeugnisse.<br>Dann ging alles sehr schnell: Ich wurde in den OP-Saal gebeten, erhielt Augentropfen und legte mich auf den OP-Tisch. Die Operation verlief in etwa 10 Minuten. Es war etwas unangenehm, da die Hornhaut offen war und Fl\u00fcssigkeit zur K\u00fchlung ins Auge getropft wurde, doch ehe ich es realisierte, war alles vorbei. Danach brannten meine Augen stark, was schmerzhaft war. Ich erhielt eine Sonnenbrille und wurde ins Hotel zur\u00fcckgefahren. Nach einer Schmerztablette lie\u00df der Schmerz nach etwa zwei Stunden nach und war nach vier Stunden fast verschwunden. Ich h\u00f6rte Musik und schlief ein.<br>Am n\u00e4chsten Morgen erlebte ich das Unglaubliche: Ich wachte auf und alles war klar. Ich konnte wieder scharf sehen \u2013 ein Gef\u00fchl, das kaum zu beschreiben ist, und einfach unglaublich.                                 Ich hatte keine Schmerzen oder Juckreiz, alles lief super. Nur konnte ich anfangs noch nicht scharf sehen \u2013 das war normal, da sich die Augen im Heilungsprozess Tag f\u00fcr Tag verbesserten. Zwei Wochen nach der OP sehe ich nun alles klar und scharf. Ich kann Texte lesen, die ich vorher nur mit Brille erkennen konnte. Es ist einfach unglaublich. Ich w\u00fcrde sogar das F\u00fcnffache bezahlen, wenn es Swisslasik nicht g\u00e4be, nur um ein Leben ohne Brille f\u00fchren zu k\u00f6nnen!<br>Am Tag nach der OP hatte ich eine Nachkontrolle bei der \u00c4rztin, das Ergebnis war 100% \u2013 ich war total happy. Danach konnte ich noch Istanbul besichtigen und mich auf den R\u00fcckflug vorbereiten. Die Leute und der Service waren sehr gut.<br>Bei der OP selbst konnte man deutlich sehen, dass das Personal \u00fcber die entsprechende soziale, methodische und fachliche Kompetenz verf\u00fcgt, sowie \u00fcber modernste Ger\u00e4te und Infrastruktur \u2013 in einigen Punkten sogar besser als in der Schweiz. Einziger kleiner Nachteil war die Kommunikation, da in der T\u00fcrkei nicht jeder Englisch oder Deutsch spricht, aber es klappte immer irgendwie.<br>Im Flugzeug dachte ich an die Zeit, in der ich mit Brille leiden musste \u2013 beim Sport, Autofahren oder in der Sonne liegen. Diese Vergangenheit verga\u00df ich schnell und freute mich auf eine Zukunft ohne Brille, die mir im besten Alter noch bevorsteht.<br>Fazit: Wer ein Leben ohne Brille f\u00fchren m\u00f6chte, sollte diese Chance unbedingt ergreifen. Herzlichen Dank an das gesamte Swisslasik-Team!<br>Freundliche Gr\u00fc\u00dfe,<br>Danijel Jovanovic                <\/p>\n\n\n\n<div class=\"wp-block-group is-layout-grid wp-container-core-group-is-layout-baef362d wp-block-group-is-layout-grid\">\n<p><a href=\"https:\/\/medicaltravel.at\/home\/agb\/\" data-type=\"page\" data-id=\"2191\" rel=\"nofollow noopener\" target=\"_blank\"><\/a><a href=\"https:\/\/medicaltravel.ch\/en\/patient-reports\/experience-reports-treatments-in-turkey\/my-femto-lasik-experience-in-istanbul-turkey-report-from-monday-27-may-2013\/\" data-type=\"link\" data-id=\"https:\/\/medicaltravel.ch\/en\/patient-reports\/experience-reports-treatments-in-turkey\/my-femto-lasik-experience-in-istanbul-turkey-report-from-monday-27-may-2013\/\">The previous report<\/a><\/p>\n\n\n\n<p class=\"has-text-align-right wp-container-content-5e2576f9\"><a href=\"https:\/\/medicaltravel.at\/home\/impressum\/\" data-type=\"page\" data-id=\"2193\" rel=\"nofollow noopener\" target=\"_blank\"><\/a><a href=\"https:\/\/medicaltravel.at\/home\/berichte-von-patienten\/erfahrungsberichte\/erfahrungsbericht-zahnbehandlung-in-istanbul\/\" data-type=\"page\" data-id=\"981\" rel=\"nofollow noopener\" target=\"_blank\"><\/a><a href=\"https:\/\/medicaltravel.ch\/en\/patient-reports\/experience-reports-treatments-in-turkey\/my-adventurous-laser-eye-treatment-in-istanbul-report-from-wednesday-6-march-2013\/\" data-type=\"link\" data-id=\"https:\/\/medicaltravel.ch\/en\/patient-reports\/experience-reports-treatments-in-turkey\/my-adventurous-laser-eye-treatment-in-istanbul-report-from-wednesday-6-march-2013\/\">The next report<\/a><\/p>\n<\/div>\n","protected":false},"excerpt":{"rendered":"<p>I would even pay five times as much if Swisslasik did not exist! \u2013 report from Tuesday, 12 March 2013 Meine Erfahrung mit Swisslasik begann, als mich ein Familienmitglied darauf aufmerksam machte, dass ein Mitarbeiter seine Augenoperation in der T\u00fcrkei durchgef\u00fchrt hatte. Sofort war ich \u00fcberzeugt und entschloss mich, die OP aufgrund von Zeit, Lust und Budget zeitnah durchzuf\u00fchren.Ich informierte mich im Internet und stie\u00df auf Swisslasik. Der Kontakt mit der zust\u00e4ndigen Person war sehr gr\u00fcndlich; man nahm sich immer viel Zeit, um mich ohne Druck umfassend zu beraten. Innerhalb eines halben Tages hatte ich alles gebucht \u2013 ohne Infotag \u2013, inklusive Flug, Hotel, Abholung, Service und OP im Premium-Angebot.Bald war es soweit: Ich flog mit Swiss nach Istanbul und war von der Stadt begeistert. Am Flughafen wurde ich sofort abgeholt und ins Hotel gebracht, wo man sich um Gep\u00e4ck und Zimmer k\u00fcmmerte. Alles lief reibungslos, es gab keine Verz\u00f6gerungen. Den ersten Tag konnte ich f\u00fcr eine kleine Besichtigungstour nutzen.Am zweiten Tag fuhr ich zum ACIBADEM Hospital, das unglaublich gro\u00df und sehr professionell wirkte. Alles war sauber, das Personal gepflegt, der Service optimal. Ich wurde von einem freundlichen \u00dcbersetzer namens Tolga abgeholt, der mir alles erkl\u00e4rte und mich zur Augenabteilung f\u00fchrte. Dort hatte ich nochmals Untersuchungen und lernte die \u00c4rztin kennen, die mich noch am gleichen Tag operieren w\u00fcrde. Sie wirkte sehr kompetent, jung und professionell, ihr B\u00fcro war voller Diplome und Zeugnisse.Dann ging alles sehr schnell: Ich wurde in den OP-Saal gebeten, erhielt Augentropfen und legte mich auf den OP-Tisch. Die Operation verlief in etwa 10 Minuten. Es war etwas unangenehm, da die Hornhaut offen war und Fl\u00fcssigkeit zur K\u00fchlung ins Auge getropft wurde, doch ehe ich es realisierte, war alles vorbei. Danach brannten meine Augen stark, was schmerzhaft war. Ich erhielt eine Sonnenbrille und wurde ins Hotel zur\u00fcckgefahren. Nach einer Schmerztablette lie\u00df der Schmerz nach etwa zwei Stunden nach und war nach vier Stunden fast verschwunden. Ich h\u00f6rte Musik und schlief ein.Am n\u00e4chsten Morgen erlebte ich das Unglaubliche: Ich wachte auf und alles war klar. Ich konnte wieder scharf sehen \u2013 ein Gef\u00fchl, das kaum zu beschreiben ist, und einfach unglaublich. Ich hatte keine Schmerzen oder Juckreiz, alles lief super. Nur konnte ich anfangs noch nicht scharf sehen \u2013 das war normal, da sich die Augen im Heilungsprozess Tag f\u00fcr Tag verbesserten. Zwei Wochen nach der OP sehe ich nun alles klar und scharf. Ich kann Texte lesen, die ich vorher nur mit Brille erkennen konnte. Es ist einfach unglaublich. Ich w\u00fcrde sogar das F\u00fcnffache bezahlen, wenn es Swisslasik nicht g\u00e4be, nur um ein Leben ohne Brille f\u00fchren zu k\u00f6nnen!Am Tag nach der OP hatte ich eine Nachkontrolle bei der \u00c4rztin, das Ergebnis war 100% \u2013 ich war total happy. Danach konnte ich noch Istanbul besichtigen und mich auf den R\u00fcckflug vorbereiten. Die Leute und der Service waren sehr gut.Bei der OP selbst konnte man deutlich sehen, dass das Personal \u00fcber die entsprechende soziale, methodische und fachliche Kompetenz verf\u00fcgt, sowie \u00fcber modernste Ger\u00e4te und Infrastruktur \u2013 in einigen Punkten sogar besser als in der Schweiz. Einziger kleiner Nachteil war die Kommunikation, da in der T\u00fcrkei nicht jeder Englisch oder Deutsch spricht, aber es klappte immer irgendwie.Im Flugzeug dachte ich an die Zeit, in der ich mit Brille leiden musste \u2013 beim Sport, Autofahren oder in der Sonne liegen. Diese Vergangenheit verga\u00df ich schnell und freute mich auf eine Zukunft ohne Brille, die mir im besten Alter noch bevorsteht.Fazit: Wer ein Leben ohne Brille f\u00fchren m\u00f6chte, sollte diese Chance unbedingt ergreifen. Herzlichen Dank an das gesamte Swisslasik-Team!Freundliche Gr\u00fc\u00dfe,Danijel Jovanovic The previous report The next report<\/p>\n","protected":false},"author":4,"featured_media":0,"parent":3328,"menu_order":0,"comment_status":"closed","ping_status":"closed","template":"","meta":{"_joinchat":[],"footnotes":""},"class_list":["post-3389","page","type-page","status-publish","hentry"],"acf":[],"_links":{"self":[{"href":"https:\/\/medicaltravel.ch\/en\/wp-json\/wp\/v2\/pages\/3389","targetHints":{"allow":["GET"]}}],"collection":[{"href":"https:\/\/medicaltravel.ch\/en\/wp-json\/wp\/v2\/pages"}],"about":[{"href":"https:\/\/medicaltravel.ch\/en\/wp-json\/wp\/v2\/types\/page"}],"author":[{"embeddable":true,"href":"https:\/\/medicaltravel.ch\/en\/wp-json\/wp\/v2\/users\/4"}],"replies":[{"embeddable":true,"href":"https:\/\/medicaltravel.ch\/en\/wp-json\/wp\/v2\/comments?post=3389"}],"version-history":[{"count":2,"href":"https:\/\/medicaltravel.ch\/en\/wp-json\/wp\/v2\/pages\/3389\/revisions"}],"predecessor-version":[{"id":6579,"href":"https:\/\/medicaltravel.ch\/en\/wp-json\/wp\/v2\/pages\/3389\/revisions\/6579"}],"up":[{"embeddable":true,"href":"https:\/\/medicaltravel.ch\/en\/wp-json\/wp\/v2\/pages\/3328"}],"wp:attachment":[{"href":"https:\/\/medicaltravel.ch\/en\/wp-json\/wp\/v2\/media?parent=3389"}],"curies":[{"name":"wp","href":"https:\/\/api.w.org\/{rel}","templated":true}]}}