{"id":3427,"date":"2025-09-24T06:22:36","date_gmt":"2025-09-24T05:22:36","guid":{"rendered":"https:\/\/medicaltravel.ch\/patient-reports\/experience-reports-treatments-in-turkey\/holiday-in-istanbul-and-breast-surgery-with-250ml-silicone-implants-report-from-monday-15-october-2012\/"},"modified":"2026-01-12T22:54:22","modified_gmt":"2026-01-12T21:54:22","slug":"holiday-in-istanbul-and-breast-surgery-with-250ml-silicone-implants-report-from-monday-15-october-2012","status":"publish","type":"page","link":"https:\/\/medicaltravel.ch\/en\/patient-reports\/experience-reports-treatments-in-turkey\/holiday-in-istanbul-and-breast-surgery-with-250ml-silicone-implants-report-from-monday-15-october-2012\/","title":{"rendered":"Holiday in Istanbul and breast surgery with 250ml silicone implants \u2013 report from Monday, 15 October 2012"},"content":{"rendered":"\n<p>Holiday in Istanbul and breast surgery with 250ml silicone implants \u2013 report from Monday, 15 October 2012<\/p>\n\n<p>12.10.2012<\/p>\n\n<p>Patient Report on Cosmetic Surgery in Istanbul<\/p>\n\n<p>Ramona S., 26 years old<\/p>\n\n<p>Due to a botched treatment with Macrolane gel, I used my already planned one-week holiday in Turkey to repair the damage as best as possible. In spring 2012, I underwent a treatment with Macrolane gel with a dermatologist in Switzerland. Each breast was filled with 140 ml of hyaluronic acid gel per side using a syringe. As I was afraid of surgery and the resulting scars in the breast fold, injecting gel made from body-own material with small puncture sites seemed like a good alternative.   <\/p>\n\n<p>At first, everything seemed fine; the difference wasn\u2019t huge, but the increase in breast volume was already very valuable to me, and I was satisfied with the result. I initially wanted to observe how the size and shape of my breasts would change and how I would like it, in order to later decide whether I might eventually undergo a permanent breast surgery or not. <\/p>\n\n<p>Unfortunately, pockets formed at the injection sites where the Macrolane gel had been introduced into my breasts, leaving unsightly, visible, and palpable dimples. My dermatologist then had to reopen the injection sites to press out the accumulated hyaluronic gel. Sadly, the injection sites never fully closed, and even after several weeks, a considerable amount of the gel continued to leak out.  <\/p>\n\n<p>When a significant amount of gel accumulated on the right side\u2014about the size of a small apple after being pressed out\u2014the size difference became visible, making it necessary to remove the gel from the left side as well. To extract the remaining gel, the dermatologist reopened the injection sites on both sides for a second time and pressed out as much of the material as possible. Due to the unfortunate outcome of the procedure, my doctor at least generously refunded most of the costs, deducting only the material expenses. Apparently, the doctor had treated over three hundred women with Macrolane, and such an unfortunate situation as with my breasts had never occurred before.   <\/p>\n\n<p>Da ich nun bereits viele Unannehmlichkeiten durchlebt hatte und weiterhin keine zufriedenstellende Volumenzunahme erreicht worden war, entschied ich mich schlie\u00dflich, die Brustvergr\u00f6\u00dferung mittels Implantaten durchf\u00fchren zu lassen.<\/p>\n\n<p>Also begann ich, im Internet zu recherchieren und mich bei Chirurgen in der Region \u00fcber M\u00f6glichkeiten, Ablauf und Kosten zu informieren. Eine Brustvergr\u00f6\u00dferung in der Schweiz ist sehr teuer, und das Ergebnis einer Operation bei einem Schweizer Arzt ist nicht zwingend besser als bei einem qualifizierten ausl\u00e4ndischen Chirurgen. <\/p>\n\n<p>Nachdem ich mich mit mehreren Freundinnen ausgetauscht hatte, die ihre Br\u00fcste sowohl im In- als auch im Ausland operieren lie\u00dfen, konnte ich mich selbst davon \u00fcberzeugen, dass die Eingriffe und Ergebnisse im Ausland sehr gut und professionell sind. Da im Ausland verh\u00e4ltnism\u00e4\u00dfig sogar mehr Sch\u00f6nheitsoperationen durchgef\u00fchrt werden als in der Schweiz, wuchs mein Vertrauen in die Erfahrung und Routine eines ausl\u00e4ndischen Arztes \u2013 insbesondere angesichts meines vorher verpfuschten Eingriffs in der Schweiz.  <\/p>\n\n<p>Ich stie\u00df also auf die Website von SwissLasik und nahm zun\u00e4chst per E-Mail, sp\u00e4ter auch pers\u00f6nlich Kontakt mit dem Vermittler auf. Alle gew\u00fcnschten Informationen erhielt ich schnell und mit freundlicher Beratung. Selbstverst\u00e4ndlich konnten die genaue Gr\u00f6\u00dfe und weitere Details erst vor Ort in Istanbul mit dem Arzt besprochen werden. Ich entschied mich f\u00fcr die Operation im Acibadem Istanbul, und ein Termin f\u00fcr die Voruntersuchung beim Sch\u00f6nheitschirurgen wurde vereinbart.  <\/p>\n\n<p>Am Flughafen angekommen wurden meine Begleitung und ich bereits erwartet und direkt mit einem Privatwagen zu unserem Hotel gebracht. Der Fahrer war stets p\u00fcnktlich und brachte mich am n\u00e4chsten Morgen zur Voruntersuchung ins Spital.<br\/>Aufgrund der speziellen Situation durch den verpfuschten Eingriff mit Macrolane-Gel wollte der Chirurg zuvor eine Ultraschalluntersuchung durchf\u00fchren, um festzustellen, wo und wie viel des verbliebenen Materials noch in den Br\u00fcsten vorhanden war, bevor die gew\u00fcnschten Silikonimplantate von jeweils 250\u202fml eingesetzt werden sollten. Ohne diese Informationen \u00fcber die Verteilung des restlichen Materials und das damit verbundene Infektionsrisiko h\u00e4tte er die Operation nicht durchgef\u00fchrt.<br\/>Ich stimmte der zus\u00e4tzlichen Untersuchung selbstverst\u00e4ndlich zu, da auch ich das Infektionsrisiko so gering wie m\u00f6glich halten wollte. Besonders angenehm war zu sp\u00fcren, dass der Arzt sich wirklich Gedanken um mein Wohlbefinden machte und nicht nur die Operation um jeden Preis durchf\u00fchren wollte. Er erkl\u00e4rte mir ausdr\u00fccklich, dass er die Operation bei zu viel verbleibendem Material aus Sicherheitsgr\u00fcnden ablehnen w\u00fcrde \u2013 sowohl zu meinem Schutz als auch zu seinem eigenen.      <\/p>\n\n<p>Der Ultraschall zeigte, dass jeweils kleine Mengen des Macrolane-Gels in beiden Brusttaschen verblieben waren. Auf der linken Seite war au\u00dferdem erkennbar, dass eine kleine Menge in den Brustmuskel gespritzt worden war. Dieses Gel im Muskel konnte nicht entfernt werden und verursacht momentan einen kleinen Gr\u00f6\u00dfenunterschied zwischen den Br\u00fcsten. Das verbliebene Material wird sich auf nat\u00fcrliche Weise abbauen, was voraussichtlich etwa zw\u00f6lf bis achtzehn Monate nach der urspr\u00fcnglichen Einspritzung dauern wird.  <\/p>\n\n<p>Nach eingehender Beratung mehrerer \u00c4rzte entschied der Chirurg, die Operation durchzuf\u00fchren. Vor dem Einsetzen der Silikon-Implantate sollte das verbliebene Gel so gut wie m\u00f6glich entfernt werden. Um das Infektionsrisiko zu minimieren, bestand der Chirurg darauf, dass ich zur Beobachtung mindestens zwei Tage in der Klinik bleiben w\u00fcrde. Ich stimmte zu, und die Operation konnte am n\u00e4chsten Morgen beginnen.    <\/p>\n\n<p>In the preparation room, the surgeon made the necessary markings and discussed the final details. I was then given the surgical gown and support stockings before being wheeled into the operating theatre. As soon as I was on the operating table, the anaesthetic was administered, and I fell into a deep, peaceful sleep. When I woke up, I could hardly believe that the operation was already over. The doctors confirmed that everything had gone smoothly without complications. When I lifted my head, I immediately noticed the difference and the beautiful result. After a short recovery period, I was taken to a single room on the upper floors. The room at Acibadem Maslak was very comfortably furnished, and over the next two days, I lacked nothing. The nursing staff were always friendly and cared for me attentively. The food was excellent, a mix of traditional Turkish and modern cuisine, and at each meal, two trays were provided so that an accompanying person always had an additional meal available.          <\/p>\n\n<p>After the second night, the drains could finally be removed. The pain was manageable, and an uncomfortable pressure was mostly felt in the mornings and late evenings, but just a few days later, I was able to manage without or with only minimal pain medication. The breasts were naturally still swollen for a few days, and the skin was very tight. It takes, depending on the individual, between two to four months for the breast skin to soften and for the breasts to take on their final shape.   <\/p>\n\n<p>However, even shortly after the surgery and already after these two days, it was visible that the breasts had achieved a beautifully full shape. The result is very nice and symmetrical. I was and still am very satisfied with my new body shape. Happy and above all healthy, I was able to leave the hospital to enjoy a few more days in Istanbul. A few days later, the final check-up with the surgeon took place before I flew home after a ten-day stay. I experienced no pain on the plane, and the following days and weeks passed without complications. The operation is now over two months ago. The scars are naturally still slightly red, but healing is progressing well. The support bra I received at the clinic fits perfectly, and I wear it every day, including at night and during sports. All in all, I can only share positive feedback about my cosmetic surgery in Turkey and can confidently recommend it to others who are interested.         <\/p>\n\n<div class=\"wp-block-group is-layout-grid wp-container-core-group-is-layout-baef362d wp-block-group-is-layout-grid\">\n<p><a href=\"https:\/\/medicaltravel.at\/home\/agb\/\" data-type=\"page\" data-id=\"2191\" rel=\"nofollow noopener\" target=\"_blank\"><\/a><a href=\"https:\/\/medicaltravel.ch\/en\/patient-reports\/experience-reports-treatments-in-turkey\/experience-report-by-dita-cecchin-eye-surgery-in-istanbul-on-11-september-2012-report-from-friday-26-october-2012\/\" data-type=\"link\" data-id=\"https:\/\/medicaltravel.ch\/berichte-von-patienten-istanbul-turkei\/erfahrungsberichte-2012\/erfahrungsbericht-von-dita-cecchin-augen-op-in-istanbul-am-11-9-12-bericht-vom-freitag-26-oktober-2012\/\">The previous report<\/a><\/p>\n\n\n\n<p class=\"has-text-align-right wp-container-content-5e2576f9\"><a href=\"https:\/\/medicaltravel.at\/home\/impressum\/\" data-type=\"page\" data-id=\"2193\" rel=\"nofollow noopener\" target=\"_blank\"><\/a><a href=\"https:\/\/medicaltravel.at\/home\/berichte-von-patienten\/erfahrungsberichte\/erfahrungsbericht-zahnbehandlung-in-istanbul\/\" data-type=\"page\" data-id=\"981\" rel=\"nofollow noopener\" target=\"_blank\"><\/a><a href=\"https:\/\/medicaltravel.ch\/en\/patient-reports\/experience-reports-treatments-in-turkey\/experience-report-of-my-laser-eye-surgery-at-acibadem-hospital-istanbul-by-corinne-stoll-written-on-14-september-2012-report-from-wednesday-10-october-2012\/\" data-type=\"link\" data-id=\"https:\/\/medicaltravel.ch\/home\/berichte-von-patienten-istanbul-turkei\/erfahrungsberichte-2012\/erfahrungsbericht-meiner-augenlaser-operation-im-acibadem-hospital-istanbul-von-corinne-stoll-geschrieben-am-14-09-2012-bericht-vom-mittwoch-10-oktober-2012\/\">The next report<\/a><\/p>\n<\/div>\n","protected":false},"excerpt":{"rendered":"<p>Holiday in Istanbul and breast surgery with 250ml silicone implants \u2013 report from Monday, 15 October 2012 12.10.2012 Patient Report on Cosmetic Surgery in Istanbul Ramona S., 26 years old Due to a botched treatment with Macrolane gel, I used my already planned one-week holiday in Turkey to repair the damage as best as possible. In spring 2012, I underwent a treatment with Macrolane gel with a dermatologist in Switzerland. Each breast was filled with 140 ml of hyaluronic acid gel per side using a syringe. As I was afraid of surgery and the resulting scars in the breast fold, injecting gel made from body-own material with small puncture sites seemed like a good alternative. At first, everything seemed fine; the difference wasn\u2019t huge, but the increase in breast volume was already very valuable to me, and I was satisfied with the result. I initially wanted to observe how the size and shape of my breasts would change and how I would like it, in order to later decide whether I might eventually undergo a permanent breast surgery or not. Unfortunately, pockets formed at the injection sites where the Macrolane gel had been introduced into my breasts, leaving unsightly, visible, and palpable dimples. My dermatologist then had to reopen the injection sites to press out the accumulated hyaluronic gel. Sadly, the injection sites never fully closed, and even after several weeks, a considerable amount of the gel continued to leak out. When a significant amount of gel accumulated on the right side\u2014about the size of a small apple after being pressed out\u2014the size difference became visible, making it necessary to remove the gel from the left side as well. To extract the remaining gel, the dermatologist reopened the injection sites on both sides for a second time and pressed out as much of the material as possible. Due to the unfortunate outcome of the procedure, my doctor at least generously refunded most of the costs, deducting only the material expenses. Apparently, the doctor had treated over three hundred women with Macrolane, and such an unfortunate situation as with my breasts had never occurred before. Da ich nun bereits viele Unannehmlichkeiten durchlebt hatte und weiterhin keine zufriedenstellende Volumenzunahme erreicht worden war, entschied ich mich schlie\u00dflich, die Brustvergr\u00f6\u00dferung mittels Implantaten durchf\u00fchren zu lassen. Also begann ich, im Internet zu recherchieren und mich bei Chirurgen in der Region \u00fcber M\u00f6glichkeiten, Ablauf und Kosten zu informieren. Eine Brustvergr\u00f6\u00dferung in der Schweiz ist sehr teuer, und das Ergebnis einer Operation bei einem Schweizer Arzt ist nicht zwingend besser als bei einem qualifizierten ausl\u00e4ndischen Chirurgen. Nachdem ich mich mit mehreren Freundinnen ausgetauscht hatte, die ihre Br\u00fcste sowohl im In- als auch im Ausland operieren lie\u00dfen, konnte ich mich selbst davon \u00fcberzeugen, dass die Eingriffe und Ergebnisse im Ausland sehr gut und professionell sind. Da im Ausland verh\u00e4ltnism\u00e4\u00dfig sogar mehr Sch\u00f6nheitsoperationen durchgef\u00fchrt werden als in der Schweiz, wuchs mein Vertrauen in die Erfahrung und Routine eines ausl\u00e4ndischen Arztes \u2013 insbesondere angesichts meines vorher verpfuschten Eingriffs in der Schweiz. Ich stie\u00df also auf die Website von SwissLasik und nahm zun\u00e4chst per E-Mail, sp\u00e4ter auch pers\u00f6nlich Kontakt mit dem Vermittler auf. Alle gew\u00fcnschten Informationen erhielt ich schnell und mit freundlicher Beratung. Selbstverst\u00e4ndlich konnten die genaue Gr\u00f6\u00dfe und weitere Details erst vor Ort in Istanbul mit dem Arzt besprochen werden. Ich entschied mich f\u00fcr die Operation im Acibadem Istanbul, und ein Termin f\u00fcr die Voruntersuchung beim Sch\u00f6nheitschirurgen wurde vereinbart. Am Flughafen angekommen wurden meine Begleitung und ich bereits erwartet und direkt mit einem Privatwagen zu unserem Hotel gebracht. Der Fahrer war stets p\u00fcnktlich und brachte mich am n\u00e4chsten Morgen zur Voruntersuchung ins Spital.Aufgrund der speziellen Situation durch den verpfuschten Eingriff mit Macrolane-Gel wollte der Chirurg zuvor eine Ultraschalluntersuchung durchf\u00fchren, um festzustellen, wo und wie viel des verbliebenen Materials noch in den Br\u00fcsten vorhanden war, bevor die gew\u00fcnschten Silikonimplantate von jeweils 250\u202fml eingesetzt werden sollten. Ohne diese Informationen \u00fcber die Verteilung des restlichen Materials und das damit verbundene Infektionsrisiko h\u00e4tte er die Operation nicht durchgef\u00fchrt.Ich stimmte der zus\u00e4tzlichen Untersuchung selbstverst\u00e4ndlich zu, da auch ich das Infektionsrisiko so gering wie m\u00f6glich halten wollte. Besonders angenehm war zu sp\u00fcren, dass der Arzt sich wirklich Gedanken um mein Wohlbefinden machte und nicht nur die Operation um jeden Preis durchf\u00fchren wollte. Er erkl\u00e4rte mir ausdr\u00fccklich, dass er die Operation bei zu viel verbleibendem Material aus Sicherheitsgr\u00fcnden ablehnen w\u00fcrde \u2013 sowohl zu meinem Schutz als auch zu seinem eigenen. Der Ultraschall zeigte, dass jeweils kleine Mengen des Macrolane-Gels in beiden Brusttaschen verblieben waren. Auf der linken Seite war au\u00dferdem erkennbar, dass eine kleine Menge in den Brustmuskel gespritzt worden war. Dieses Gel im Muskel konnte nicht entfernt werden und verursacht momentan einen kleinen Gr\u00f6\u00dfenunterschied zwischen den Br\u00fcsten. Das verbliebene Material wird sich auf nat\u00fcrliche Weise abbauen, was voraussichtlich etwa zw\u00f6lf bis achtzehn Monate nach der urspr\u00fcnglichen Einspritzung dauern wird. Nach eingehender Beratung mehrerer \u00c4rzte entschied der Chirurg, die Operation durchzuf\u00fchren. Vor dem Einsetzen der Silikon-Implantate sollte das verbliebene Gel so gut wie m\u00f6glich entfernt werden. Um das Infektionsrisiko zu minimieren, bestand der Chirurg darauf, dass ich zur Beobachtung mindestens zwei Tage in der Klinik bleiben w\u00fcrde. Ich stimmte zu, und die Operation konnte am n\u00e4chsten Morgen beginnen. In the preparation room, the surgeon made the necessary markings and discussed the final details. I was then given the surgical gown and support stockings before being wheeled into the operating theatre. As soon as I was on the operating table, the anaesthetic was administered, and I fell into a deep, peaceful sleep. When I woke up, I could hardly believe that the operation was already over. The doctors confirmed that everything had gone smoothly without complications. When I lifted my head, I immediately noticed the difference and the beautiful result. After a short recovery period, I was taken to a single room on the upper floors. The room at Acibadem Maslak was very comfortably furnished, and over the next two days, I lacked nothing. The nursing staff were always friendly and cared for me attentively. The food<\/p>\n","protected":false},"author":4,"featured_media":0,"parent":3328,"menu_order":0,"comment_status":"closed","ping_status":"closed","template":"","meta":{"_joinchat":[],"footnotes":""},"class_list":["post-3427","page","type-page","status-publish","hentry"],"acf":[],"_links":{"self":[{"href":"https:\/\/medicaltravel.ch\/en\/wp-json\/wp\/v2\/pages\/3427","targetHints":{"allow":["GET"]}}],"collection":[{"href":"https:\/\/medicaltravel.ch\/en\/wp-json\/wp\/v2\/pages"}],"about":[{"href":"https:\/\/medicaltravel.ch\/en\/wp-json\/wp\/v2\/types\/page"}],"author":[{"embeddable":true,"href":"https:\/\/medicaltravel.ch\/en\/wp-json\/wp\/v2\/users\/4"}],"replies":[{"embeddable":true,"href":"https:\/\/medicaltravel.ch\/en\/wp-json\/wp\/v2\/comments?post=3427"}],"version-history":[{"count":1,"href":"https:\/\/medicaltravel.ch\/en\/wp-json\/wp\/v2\/pages\/3427\/revisions"}],"predecessor-version":[{"id":3428,"href":"https:\/\/medicaltravel.ch\/en\/wp-json\/wp\/v2\/pages\/3427\/revisions\/3428"}],"up":[{"embeddable":true,"href":"https:\/\/medicaltravel.ch\/en\/wp-json\/wp\/v2\/pages\/3328"}],"wp:attachment":[{"href":"https:\/\/medicaltravel.ch\/en\/wp-json\/wp\/v2\/media?parent=3427"}],"curies":[{"name":"wp","href":"https:\/\/api.w.org\/{rel}","templated":true}]}}