{"id":3581,"date":"2025-09-23T17:24:44","date_gmt":"2025-09-23T16:24:44","guid":{"rendered":"https:\/\/medicaltravel.ch\/patient-reports\/patient-experiences-recommendations-treatments-reviews-turkey-istanbul\/my-veneers-treatment-in-istanbul-2\/"},"modified":"2026-01-12T16:22:49","modified_gmt":"2026-01-12T15:22:49","slug":"my-veneers-treatment-in-istanbul-2","status":"publish","type":"page","link":"https:\/\/medicaltravel.ch\/en\/patient-reports\/patient-experiences-recommendations-treatments-reviews-turkey-istanbul\/my-veneers-treatment-in-istanbul-2\/","title":{"rendered":"My veneers treatment in Istanbul"},"content":{"rendered":"\n<p>My veneers treatment in Istanbul \u2013 Report from Sunday, 9 July 2017<\/p>\n\n<p>I had a consultation with Dr. \u00d6zt\u00fcrk in Zug in January 2017 for a dental treatment in Istanbul. She was very friendly and competent. <\/p>\n\n<p>The registration and contact with the consulting company, Mr. Kara, went perfectly! Very friendly, helpful, and quick. <\/p>\n\n<p>Shortly after my confirmation, I received all the relevant information and documents for my trip.<\/p>\n\n<p>The pick-up service collected me at the airport. The transfer, both to and from, was very pleasant and friendly. <\/p>\n\n<p>I was warmly welcomed at the hospital. I can speak Turkish, but not very well, so I always had a translator. Dr. \u00d6zt\u00fcrk, the dentist, also speaks very good English.  <\/p>\n\n<p>Sie erkl\u00e4rte mir sorgf\u00e4ltig und geduldig den Behandlungsprozess sowie die n\u00e4chsten Schritte und ging auf meine W\u00fcnsche ein.<\/p>\n\n<p>After my teeth were filed down and the impressions were made, I received a temporary set. On Wednesday and Thursday, I had another fitting for the veneers, and in between, I also had a root treatment. I never experienced any pain, and everything went smoothly! <\/p>\n\n<p>On Friday, it was finally time, and the veneers were applied. My return flight was on Saturday. <\/p>\n\n<p>And the result is simply AMAZING!<\/p>\n\n<p>I would book through MedicalTravel again at any time and have the treatment done by Dr. \u00d6zt\u00fcrk in Istanbul, and I can highly recommend it to everyone!<\/p>\n\n<p>Thank you for the smooth and perfect service from MedicalTravel!<\/p>\n\n<p>It would have been even better if I had gotten my teeth done by Dr. \u00d6zt\u00fcrk years ago.<\/p>\n\n<p>Kind regards!<\/p>\n\n<p>Canan Kuk<\/p>\n\n<div class=\"wp-block-group is-layout-grid wp-container-core-group-is-layout-baef362d wp-block-group-is-layout-grid\">\n<p><a href=\"https:\/\/medicaltravel.at\/home\/agb\/\" data-type=\"page\" data-id=\"2191\" rel=\"nofollow noopener\" target=\"_blank\"><\/a><a href=\"https:\/\/medicaltravel.ch\/en\/patient-reports\/patient-experiences-recommendations-treatments-reviews-turkey-istanbul\/my-crown-treatment-in-istanbul\/\" data-type=\"link\" data-id=\"https:\/\/medicaltravel.ch\/berichte-von-patienten-istanbul-turkei\/erfahrungsberichte\/meine-krone-behandlung-in-istanbul-bericht-vom-samstag-02-september-2017\/\">The previous report<\/a><\/p>\n\n\n\n<p class=\"has-text-align-right wp-container-content-5e2576f9\"><a href=\"https:\/\/medicaltravel.at\/home\/impressum\/\" data-type=\"page\" data-id=\"2193\" rel=\"nofollow noopener\" target=\"_blank\"><\/a><a href=\"https:\/\/medicaltravel.at\/home\/berichte-von-patienten\/erfahrungsberichte\/erfahrungsbericht-zahnbehandlung-in-istanbul\/\" data-type=\"page\" data-id=\"981\" rel=\"nofollow noopener\" target=\"_blank\"><\/a><a href=\"https:\/\/medicaltravel.ch\/en\/patient-reports\/patient-experiences-recommendations-treatments-reviews-turkey-istanbul\/experience-report-eyelid-lift-istanbul-turkey\/\" data-type=\"link\" data-id=\"https:\/\/medicaltravel.ch\/home\/berichte-von-patienten-istanbul-turkei\/erfahrungsberichte\/erfahrungsbericht-augenlid-straffung-in-istanbul-april-2017-bericht-vom-dienstag-23-mai-2017\/\">The next report<\/a><\/p>\n<\/div>\n","protected":false},"excerpt":{"rendered":"<p>My veneers treatment in Istanbul \u2013 Report from Sunday, 9 July 2017 I had a consultation with Dr. \u00d6zt\u00fcrk in Zug in January 2017 for a dental treatment in Istanbul. She was very friendly and competent. The registration and contact with the consulting company, Mr. Kara, went perfectly! Very friendly, helpful, and quick. Shortly after my confirmation, I received all the relevant information and documents for my trip. The pick-up service collected me at the airport. The transfer, both to and from, was very pleasant and friendly. I was warmly welcomed at the hospital. I can speak Turkish, but not very well, so I always had a translator. Dr. \u00d6zt\u00fcrk, the dentist, also speaks very good English. Sie erkl\u00e4rte mir sorgf\u00e4ltig und geduldig den Behandlungsprozess sowie die n\u00e4chsten Schritte und ging auf meine W\u00fcnsche ein. After my teeth were filed down and the impressions were made, I received a temporary set. On Wednesday and Thursday, I had another fitting for the veneers, and in between, I also had a root treatment. I never experienced any pain, and everything went smoothly! On Friday, it was finally time, and the veneers were applied. My return flight was on Saturday. And the result is simply AMAZING! I would book through MedicalTravel again at any time and have the treatment done by Dr. \u00d6zt\u00fcrk in Istanbul, and I can highly recommend it to everyone! Thank you for the smooth and perfect service from MedicalTravel! It would have been even better if I had gotten my teeth done by Dr. \u00d6zt\u00fcrk years ago. Kind regards! Canan Kuk The previous report The next report<\/p>\n","protected":false},"author":4,"featured_media":0,"parent":3431,"menu_order":0,"comment_status":"closed","ping_status":"closed","template":"","meta":{"_joinchat":[],"footnotes":""},"class_list":["post-3581","page","type-page","status-publish","hentry"],"acf":[],"_links":{"self":[{"href":"https:\/\/medicaltravel.ch\/en\/wp-json\/wp\/v2\/pages\/3581","targetHints":{"allow":["GET"]}}],"collection":[{"href":"https:\/\/medicaltravel.ch\/en\/wp-json\/wp\/v2\/pages"}],"about":[{"href":"https:\/\/medicaltravel.ch\/en\/wp-json\/wp\/v2\/types\/page"}],"author":[{"embeddable":true,"href":"https:\/\/medicaltravel.ch\/en\/wp-json\/wp\/v2\/users\/4"}],"replies":[{"embeddable":true,"href":"https:\/\/medicaltravel.ch\/en\/wp-json\/wp\/v2\/comments?post=3581"}],"version-history":[{"count":0,"href":"https:\/\/medicaltravel.ch\/en\/wp-json\/wp\/v2\/pages\/3581\/revisions"}],"up":[{"embeddable":true,"href":"https:\/\/medicaltravel.ch\/en\/wp-json\/wp\/v2\/pages\/3431"}],"wp:attachment":[{"href":"https:\/\/medicaltravel.ch\/en\/wp-json\/wp\/v2\/media?parent=3581"}],"curies":[{"name":"wp","href":"https:\/\/api.w.org\/{rel}","templated":true}]}}