{"id":3589,"date":"2025-09-23T17:22:14","date_gmt":"2025-09-23T16:22:14","guid":{"rendered":"https:\/\/medicaltravel.ch\/patient-reports\/patient-experiences-recommendations-treatments-reviews-turkey-istanbul\/my-dental-crown-treatment-in-istanbul-completely-satisfactory\/"},"modified":"2026-01-12T16:20:22","modified_gmt":"2026-01-12T15:20:22","slug":"my-dental-crown-treatment-in-istanbul-completely-satisfactory","status":"publish","type":"page","link":"https:\/\/medicaltravel.ch\/en\/patient-reports\/patient-experiences-recommendations-treatments-reviews-turkey-istanbul\/my-dental-crown-treatment-in-istanbul-completely-satisfactory\/","title":{"rendered":"My dental crown treatment in Istanbul &#8211; completely satisfactory!"},"content":{"rendered":"\n<p>My dental crown treatment in Istanbul \u2013 fully satisfied! \u2013 Report from Thursday, 12 October 2017<\/p>\n\n\n\n<p>For some time, I had been thinking about getting my teeth restored. However, the high costs in Switzerland held me back. <\/p>\n\n\n\n<p>I learned about MedicalTravel through my sister-in-law. After reviewing the website, I decided to request an offer from Dr. med. O. \u00d6zt\u00fcrk.<\/p>\n\n\n\n<p>Even during the preliminary examination, I was convinced by Dr. \u00d6zt\u00fcrk&#8217;s high level of expertise.<\/p>\n\n\n\n<p>At the beginning of September 2017, I traveled to Istanbul with my sister-in-law and my husband. At the Acibadem Clinic, I took a seat in the chair of Dr. med. dent. \u00d6zt\u00fcrk for the recommended treatment.  <\/p>\n\n\n\n<p>The result of my new teeth (22 pieces) completely satisfied me. Dr. \u00d6zt\u00fcrk checked my teeth once again during a subsequent visit to Switzerland. <\/p>\n\n\n\n<p>Everything is fine, as I can still confirm even after a month. I would definitely have this treatment done again, or in other words, I am completely happy and satisfied. <\/p>\n\n\n\n<p>Ruth Bretscher<\/p>\n\n\n\n<div class=\"wp-block-group is-layout-grid wp-container-core-group-is-layout-baef362d wp-block-group-is-layout-grid\">\n<p><a href=\"https:\/\/medicaltravel.at\/home\/agb\/\" data-type=\"page\" data-id=\"2191\" rel=\"nofollow noopener\" target=\"_blank\"><\/a><a href=\"https:\/\/medicaltravel.ch\/en\/patient-reports\/patient-experiences-recommendations-treatments-reviews-turkey-istanbul\/dental-phobia-forget-it-in-istanbul\/\" data-type=\"link\" data-id=\"https:\/\/medicaltravel.ch\/en\/patient-reports\/patient-experiences-recommendations-treatments-reviews-turkey-istanbul\/dental-phobia-forget-it-in-istanbul\/\">The previous report<\/a><\/p>\n\n\n\n<p class=\"has-text-align-right wp-container-content-5e2576f9\"><a href=\"https:\/\/medicaltravel.at\/home\/impressum\/\" data-type=\"page\" data-id=\"2193\" rel=\"nofollow noopener\" target=\"_blank\"><\/a><a href=\"https:\/\/medicaltravel.at\/home\/berichte-von-patienten\/erfahrungsberichte\/erfahrungsbericht-zahnbehandlung-in-istanbul\/\" data-type=\"page\" data-id=\"981\" rel=\"nofollow noopener\" target=\"_blank\"><\/a><a href=\"https:\/\/medicaltravel.ch\/en\/patient-reports\/patient-experiences-recommendations-treatments-reviews-turkey-istanbul\/patient-report-on-orthodontic-treatment-in-antalya\/\" data-type=\"link\" data-id=\"https:\/\/medicaltravel.ch\/en\/patient-reports\/patient-experiences-recommendations-treatments-reviews-turkey-istanbul\/patient-report-on-orthodontic-treatment-in-antalya\/\">The next report<\/a><\/p>\n<\/div>\n","protected":false},"excerpt":{"rendered":"<p>My dental crown treatment in Istanbul \u2013 fully satisfied! \u2013 Report from Thursday, 12 October 2017 For some time, I had been thinking about getting my teeth restored. However, the high costs in Switzerland held me back. I learned about MedicalTravel through my sister-in-law. After reviewing the website, I decided to request an offer from Dr. med. O. \u00d6zt\u00fcrk. Even during the preliminary examination, I was convinced by Dr. \u00d6zt\u00fcrk&#8217;s high level of expertise. At the beginning of September 2017, I traveled to Istanbul with my sister-in-law and my husband. At the Acibadem Clinic, I took a seat in the chair of Dr. med. dent. \u00d6zt\u00fcrk for the recommended treatment. The result of my new teeth (22 pieces) completely satisfied me. Dr. \u00d6zt\u00fcrk checked my teeth once again during a subsequent visit to Switzerland. Everything is fine, as I can still confirm even after a month. I would definitely have this treatment done again, or in other words, I am completely happy and satisfied. Ruth Bretscher The previous report The next report<\/p>\n","protected":false},"author":4,"featured_media":0,"parent":3431,"menu_order":0,"comment_status":"closed","ping_status":"closed","template":"","meta":{"_joinchat":[],"footnotes":""},"class_list":["post-3589","page","type-page","status-publish","hentry"],"acf":[],"_links":{"self":[{"href":"https:\/\/medicaltravel.ch\/en\/wp-json\/wp\/v2\/pages\/3589","targetHints":{"allow":["GET"]}}],"collection":[{"href":"https:\/\/medicaltravel.ch\/en\/wp-json\/wp\/v2\/pages"}],"about":[{"href":"https:\/\/medicaltravel.ch\/en\/wp-json\/wp\/v2\/types\/page"}],"author":[{"embeddable":true,"href":"https:\/\/medicaltravel.ch\/en\/wp-json\/wp\/v2\/users\/4"}],"replies":[{"embeddable":true,"href":"https:\/\/medicaltravel.ch\/en\/wp-json\/wp\/v2\/comments?post=3589"}],"version-history":[{"count":0,"href":"https:\/\/medicaltravel.ch\/en\/wp-json\/wp\/v2\/pages\/3589\/revisions"}],"up":[{"embeddable":true,"href":"https:\/\/medicaltravel.ch\/en\/wp-json\/wp\/v2\/pages\/3431"}],"wp:attachment":[{"href":"https:\/\/medicaltravel.ch\/en\/wp-json\/wp\/v2\/media?parent=3589"}],"curies":[{"name":"wp","href":"https:\/\/api.w.org\/{rel}","templated":true}]}}