{"id":3661,"date":"2025-09-24T07:09:24","date_gmt":"2025-09-24T06:09:24","guid":{"rendered":"https:\/\/medicaltravel.ch\/patient-reports\/testimonials-about-cosmetic-surgery-in-istanbul\/i-now-have-eagle-like-vision-and-am-simply-happy-and-grateful-report-from-sunday-august-1-2010\/"},"modified":"2026-01-13T00:23:32","modified_gmt":"2026-01-12T23:23:32","slug":"i-now-have-eagle-like-vision-and-am-simply-happy-and-grateful-report-from-sunday-august-1-2010","status":"publish","type":"page","link":"https:\/\/medicaltravel.ch\/en\/patient-reports\/testimonials-about-cosmetic-surgery-in-istanbul\/i-now-have-eagle-like-vision-and-am-simply-happy-and-grateful-report-from-sunday-august-1-2010\/","title":{"rendered":"I now have eagle-like vision and am simply happy and grateful \u2013 Report from Sunday, August 1, 2010"},"content":{"rendered":"\n<h3 class=\"wp-block-heading\">I now have eagle-like vision and am simply happy and grateful \u2013 Report from Sunday, August 1, 2010<\/h3>\n\n<p>Es klingt nach einer sehr positiven und gut organisierten Erfahrung mit deiner Augen-OP in Istanbul! Es ist sch\u00f6n zu h\u00f6ren, dass du dich w\u00e4hrend des gesamten Prozesses gut betreut gef\u00fchlt hast, sowohl vor als auch nach der Operation. Besonders, dass du dich nie unter Druck gesetzt gef\u00fchlt hast und alle Fragen ausf\u00fchrlich beantwortet wurden, spricht f\u00fcr die Professionalit\u00e4t und Transparenz des gesamten Teams.<br\/>Dass du die M\u00f6glichkeit hattest, die Stadt zu erkunden und trotzdem eine entspannte Atmosph\u00e4re zu genie\u00dfen, scheint auch ein sch\u00f6ner Bonus gewesen zu sein. Es ist gut zu wissen, dass du auch nach der OP noch regelm\u00e4\u00dfige Nachuntersuchungen in der Schweiz hast, was dir zus\u00e4tzliches Vertrauen und Sicherheit gibt.<br\/>Es klingt, als ob die Entscheidung, die Operation zu machen, die richtige f\u00fcr dich war, und du bist nun mit dem Ergebnis sehr zufrieden. Die Tatsache, dass du nach der Operation scharf siehst und dich endlich von der Brille befreit hast, muss ein unglaubliches Gef\u00fchl sein!<br\/>Vielen Dank, dass du deine Erfahrungen geteilt hast! Wenn du noch Fragen hast oder weiter dar\u00fcber sprechen m\u00f6chtest, stehe ich gerne zur Verf\u00fcgung.                           <\/p>\n\n<div class=\"wp-block-group is-layout-grid wp-container-core-group-is-layout-baef362d wp-block-group-is-layout-grid\">\n<p><a href=\"https:\/\/medicaltravel.at\/home\/agb\/\" data-type=\"page\" data-id=\"2191\" rel=\"nofollow noopener\" target=\"_blank\"><\/a><a href=\"https:\/\/medicaltravel.ch\/en\/patient-reports\/testimonials-about-cosmetic-surgery-in-istanbul\/laser-eye-surgery-in-istanbul-a-dream-come-true-report-from-wednesday-august-11-2010\/\" data-type=\"link\" data-id=\"https:\/\/medicaltravel.ch\/berichte-von-patienten-istanbul-turkei\/erfahrungsberichte-2009-2010\/augenlasern-in-istanbul-ein-traum-wird-wahr-bericht-vom-mittwoch-11-august-2010\/\">Previous report<\/a><\/p>\n\n\n\n<p class=\"has-text-align-right wp-container-content-5e2576f9\"><a href=\"https:\/\/medicaltravel.at\/home\/impressum\/\" data-type=\"page\" data-id=\"2193\" rel=\"nofollow noopener\" target=\"_blank\"><\/a><a href=\"https:\/\/medicaltravel.at\/home\/berichte-von-patienten\/erfahrungsberichte\/erfahrungsbericht-zahnbehandlung-in-istanbul\/\" data-type=\"page\" data-id=\"981\" rel=\"nofollow noopener\" target=\"_blank\"><\/a><a href=\"https:\/\/medicaltravel.ch\/en\/patient-reports\/testimonials-about-cosmetic-surgery-in-istanbul\/finally-the-dream-of-a-life-without-visual-impairment-has-been-fulfilled-surgery-17-06-2010-report-from-sunday-july-25-2010\/\" data-type=\"link\" data-id=\"https:\/\/medicaltravel.ch\/berichte-von-patienten-istanbul-turkei\/erfahrungsberichte-2009-2010\/erfahrungsberichte-2009-2010-endlich-den-traum-vom-leben-ohne-sehbehinderung-erfullt-op-17-06-2010-bericht-vom-sonntag-25-juli-2010\/\">The next report<\/a><\/p>\n<\/div>\n","protected":false},"excerpt":{"rendered":"<p>I now have eagle-like vision and am simply happy and grateful \u2013 Report from Sunday, August 1, 2010 Es klingt nach einer sehr positiven und gut organisierten Erfahrung mit deiner Augen-OP in Istanbul! Es ist sch\u00f6n zu h\u00f6ren, dass du dich w\u00e4hrend des gesamten Prozesses gut betreut gef\u00fchlt hast, sowohl vor als auch nach der Operation. Besonders, dass du dich nie unter Druck gesetzt gef\u00fchlt hast und alle Fragen ausf\u00fchrlich beantwortet wurden, spricht f\u00fcr die Professionalit\u00e4t und Transparenz des gesamten Teams.Dass du die M\u00f6glichkeit hattest, die Stadt zu erkunden und trotzdem eine entspannte Atmosph\u00e4re zu genie\u00dfen, scheint auch ein sch\u00f6ner Bonus gewesen zu sein. Es ist gut zu wissen, dass du auch nach der OP noch regelm\u00e4\u00dfige Nachuntersuchungen in der Schweiz hast, was dir zus\u00e4tzliches Vertrauen und Sicherheit gibt.Es klingt, als ob die Entscheidung, die Operation zu machen, die richtige f\u00fcr dich war, und du bist nun mit dem Ergebnis sehr zufrieden. Die Tatsache, dass du nach der Operation scharf siehst und dich endlich von der Brille befreit hast, muss ein unglaubliches Gef\u00fchl sein!Vielen Dank, dass du deine Erfahrungen geteilt hast! Wenn du noch Fragen hast oder weiter dar\u00fcber sprechen m\u00f6chtest, stehe ich gerne zur Verf\u00fcgung. Previous report The next report<\/p>\n","protected":false},"author":4,"featured_media":0,"parent":3637,"menu_order":0,"comment_status":"closed","ping_status":"closed","template":"","meta":{"_joinchat":[],"footnotes":""},"class_list":["post-3661","page","type-page","status-publish","hentry"],"acf":[],"_links":{"self":[{"href":"https:\/\/medicaltravel.ch\/en\/wp-json\/wp\/v2\/pages\/3661","targetHints":{"allow":["GET"]}}],"collection":[{"href":"https:\/\/medicaltravel.ch\/en\/wp-json\/wp\/v2\/pages"}],"about":[{"href":"https:\/\/medicaltravel.ch\/en\/wp-json\/wp\/v2\/types\/page"}],"author":[{"embeddable":true,"href":"https:\/\/medicaltravel.ch\/en\/wp-json\/wp\/v2\/users\/4"}],"replies":[{"embeddable":true,"href":"https:\/\/medicaltravel.ch\/en\/wp-json\/wp\/v2\/comments?post=3661"}],"version-history":[{"count":1,"href":"https:\/\/medicaltravel.ch\/en\/wp-json\/wp\/v2\/pages\/3661\/revisions"}],"predecessor-version":[{"id":3662,"href":"https:\/\/medicaltravel.ch\/en\/wp-json\/wp\/v2\/pages\/3661\/revisions\/3662"}],"up":[{"embeddable":true,"href":"https:\/\/medicaltravel.ch\/en\/wp-json\/wp\/v2\/pages\/3637"}],"wp:attachment":[{"href":"https:\/\/medicaltravel.ch\/en\/wp-json\/wp\/v2\/media?parent=3661"}],"curies":[{"name":"wp","href":"https:\/\/api.w.org\/{rel}","templated":true}]}}