{"id":3664,"date":"2025-09-24T07:06:19","date_gmt":"2025-09-24T06:06:19","guid":{"rendered":"https:\/\/medicaltravel.ch\/patient-reports\/testimonials-about-cosmetic-surgery-in-istanbul\/switzerland-could-learn-a-thing-or-two-about-care-report-from-tuesday-november-30-2010\/"},"modified":"2026-01-13T00:18:47","modified_gmt":"2026-01-12T23:18:47","slug":"switzerland-could-learn-a-thing-or-two-about-care-report-from-tuesday-november-30-2010","status":"publish","type":"page","link":"https:\/\/medicaltravel.ch\/en\/patient-reports\/testimonials-about-cosmetic-surgery-in-istanbul\/switzerland-could-learn-a-thing-or-two-about-care-report-from-tuesday-november-30-2010\/","title":{"rendered":"Switzerland could learn a thing or two about care \u2013 report from Tuesday, November 30, 2010"},"content":{"rendered":"\n<h3 class=\"wp-block-heading\">Switzerland could learn a thing or two about care \u2013 report from Tuesday, November 30, 2010<\/h3>\n\n\n\n<p>Was f\u00fcr eine tolle Erfahrung, Stephanie! Es klingt, als ob du die Entscheidung, deine Augen lasern zu lassen, absolut richtig getroffen hast. Besonders beeindruckend finde ich, wie gut organisiert und professionell der gesamte Ablauf war \u2013 von der Kontaktaufnahme \u00fcber die Voruntersuchung bis hin zur Nachbetreuung. Es ist auch super zu h\u00f6ren, dass der ganze Prozess trotz anf\u00e4nglicher Nervosit\u00e4t so reibungslos verlief.<br>Ich kann gut verstehen, wie aufregend es ist, pl\u00f6tzlich ohne Brille und Linsen aufzuwachen und die Welt klar zu sehen. Das muss wirklich ein unglaubliches Gef\u00fchl der Freiheit und Erleichterung sein! Deine Erfahrung zeigt, wie wichtig es ist, auf die Qualit\u00e4t der Klinik und Betreuung zu achten, was du definitiv in der EyeStar Klinik gefunden hast.<br>Auch dein Hinweis auf die Preis-Leistungs-Verh\u00e4ltnisse ist hilfreich f\u00fcr viele, die vielleicht z\u00f6gern, in der T\u00fcrkei eine Augen-OP machen zu lassen. Wenn die Qualit\u00e4t stimmt, ist es ja oft erstaunlich, wie viel g\u00fcnstiger es im Vergleich zur Schweiz oder Deutschland sein kann.<br>Vielen Dank, dass du deine Erfahrungen geteilt hast! Ich bin sicher, dass deine Geschichte viele Menschen ermutigen wird, sich mit dem Thema auseinanderzusetzen. Und ich w\u00fcnsche dir weiterhin viel Freude mit deinem neuen, klaren Blick! \ud83d\ude0a<\/p>\n\n\n\n<figure class=\"wp-block-image size-full\"><img decoding=\"async\" width=\"68\" height=\"90\" src=\"https:\/\/medicaltravel.ch\/wp-content\/uploads\/2025\/09\/csm_Istanbul_2010_053_9869162d55.jpg\" alt=\"\" class=\"wp-image-976\"\/><\/figure>\n\n\n\n<div class=\"wp-block-group is-layout-grid wp-container-core-group-is-layout-baef362d wp-block-group-is-layout-grid\">\n<p><a href=\"https:\/\/medicaltravel.at\/home\/agb\/\" data-type=\"page\" data-id=\"2191\" rel=\"nofollow noopener\" target=\"_blank\"><\/a><a href=\"https:\/\/medicaltravel.ch\/en\/patient-reports\/testimonials-about-cosmetic-surgery-in-istanbul\/my-laser-treatment-in-istanbul-in-november-2010-report-from-sunday-december-5-2010\/\" data-type=\"link\" data-id=\"https:\/\/medicaltravel.ch\/en\/patient-reports\/testimonials-about-cosmetic-surgery-in-istanbul\/my-laser-treatment-in-istanbul-in-november-2010-report-from-sunday-december-5-2010\/\">Previous report<\/a><\/p>\n\n\n\n<p class=\"has-text-align-right wp-container-content-5e2576f9\"><a href=\"https:\/\/medicaltravel.at\/home\/impressum\/\" data-type=\"page\" data-id=\"2193\" rel=\"nofollow noopener\" target=\"_blank\"><\/a><a href=\"https:\/\/medicaltravel.at\/home\/berichte-von-patienten\/erfahrungsberichte\/erfahrungsbericht-zahnbehandlung-in-istanbul\/\" data-type=\"page\" data-id=\"981\" rel=\"nofollow noopener\" target=\"_blank\"><\/a><a href=\"https:\/\/medicaltravel.ch\/en\/patient-reports\/testimonials-about-cosmetic-surgery-in-istanbul\/i-had-my-eyes-lasered-report-from-friday-november-26-2010\/\" data-type=\"link\" data-id=\"https:\/\/medicaltravel.ch\/berichte-von-patienten-istanbul-turkei\/erfahrungsberichte-2009-2010\/ich-habe-meine-augen-lasern-lassen-bericht-vom-freitag-26-november-2010\/\">The next report<\/a><\/p>\n<\/div>\n\n\n\n<p><\/p>\n","protected":false},"excerpt":{"rendered":"<p>Switzerland could learn a thing or two about care \u2013 report from Tuesday, November 30, 2010 Was f\u00fcr eine tolle Erfahrung, Stephanie! Es klingt, als ob du die Entscheidung, deine Augen lasern zu lassen, absolut richtig getroffen hast. Besonders beeindruckend finde ich, wie gut organisiert und professionell der gesamte Ablauf war \u2013 von der Kontaktaufnahme \u00fcber die Voruntersuchung bis hin zur Nachbetreuung. Es ist auch super zu h\u00f6ren, dass der ganze Prozess trotz anf\u00e4nglicher Nervosit\u00e4t so reibungslos verlief.Ich kann gut verstehen, wie aufregend es ist, pl\u00f6tzlich ohne Brille und Linsen aufzuwachen und die Welt klar zu sehen. Das muss wirklich ein unglaubliches Gef\u00fchl der Freiheit und Erleichterung sein! Deine Erfahrung zeigt, wie wichtig es ist, auf die Qualit\u00e4t der Klinik und Betreuung zu achten, was du definitiv in der EyeStar Klinik gefunden hast.Auch dein Hinweis auf die Preis-Leistungs-Verh\u00e4ltnisse ist hilfreich f\u00fcr viele, die vielleicht z\u00f6gern, in der T\u00fcrkei eine Augen-OP machen zu lassen. Wenn die Qualit\u00e4t stimmt, ist es ja oft erstaunlich, wie viel g\u00fcnstiger es im Vergleich zur Schweiz oder Deutschland sein kann.Vielen Dank, dass du deine Erfahrungen geteilt hast! Ich bin sicher, dass deine Geschichte viele Menschen ermutigen wird, sich mit dem Thema auseinanderzusetzen. Und ich w\u00fcnsche dir weiterhin viel Freude mit deinem neuen, klaren Blick! \ud83d\ude0a Previous report The next report<\/p>\n","protected":false},"author":4,"featured_media":0,"parent":3637,"menu_order":0,"comment_status":"closed","ping_status":"closed","template":"","meta":{"_joinchat":[],"footnotes":""},"class_list":["post-3664","page","type-page","status-publish","hentry"],"acf":[],"_links":{"self":[{"href":"https:\/\/medicaltravel.ch\/en\/wp-json\/wp\/v2\/pages\/3664","targetHints":{"allow":["GET"]}}],"collection":[{"href":"https:\/\/medicaltravel.ch\/en\/wp-json\/wp\/v2\/pages"}],"about":[{"href":"https:\/\/medicaltravel.ch\/en\/wp-json\/wp\/v2\/types\/page"}],"author":[{"embeddable":true,"href":"https:\/\/medicaltravel.ch\/en\/wp-json\/wp\/v2\/users\/4"}],"replies":[{"embeddable":true,"href":"https:\/\/medicaltravel.ch\/en\/wp-json\/wp\/v2\/comments?post=3664"}],"version-history":[{"count":2,"href":"https:\/\/medicaltravel.ch\/en\/wp-json\/wp\/v2\/pages\/3664\/revisions"}],"predecessor-version":[{"id":6653,"href":"https:\/\/medicaltravel.ch\/en\/wp-json\/wp\/v2\/pages\/3664\/revisions\/6653"}],"up":[{"embeddable":true,"href":"https:\/\/medicaltravel.ch\/en\/wp-json\/wp\/v2\/pages\/3637"}],"wp:attachment":[{"href":"https:\/\/medicaltravel.ch\/en\/wp-json\/wp\/v2\/media?parent=3664"}],"curies":[{"name":"wp","href":"https:\/\/api.w.org\/{rel}","templated":true}]}}