{"id":3669,"date":"2025-09-24T07:20:01","date_gmt":"2025-09-24T06:20:01","guid":{"rendered":"https:\/\/medicaltravel.ch\/patient-reports\/testimonials-about-cosmetic-surgery-in-istanbul\/lasik-in-istanbul-my-experience-report-report-from-wednesday-may-13-2009\/"},"modified":"2026-01-13T00:39:34","modified_gmt":"2026-01-12T23:39:34","slug":"lasik-in-istanbul-my-experience-report-report-from-wednesday-may-13-2009","status":"publish","type":"page","link":"https:\/\/medicaltravel.ch\/en\/patient-reports\/testimonials-about-cosmetic-surgery-in-istanbul\/lasik-in-istanbul-my-experience-report-report-from-wednesday-may-13-2009\/","title":{"rendered":"LASIK in Istanbul &#8211; my experience report &#8211; report from Wednesday, May 13, 2009"},"content":{"rendered":"\n<h3 class=\"wp-block-heading\">LASIK in Istanbul &#8211; my experience report &#8211; report from Wednesday, May 13, 2009<\/h3>\n\n\n\n<p>Operation report by Simon, 1978 \/ Operation in April 2009<\/p>\n\n\n\n<p>Es klingt nach einer gro\u00dfartigen Erfahrung, die du und deine Freundin gemacht habt! Der Bericht gibt einen klaren und positiven \u00dcberblick \u00fcber eure Reise und die Behandlung. Es ist toll zu h\u00f6ren, dass alles von der Ankunft in Istanbul bis hin zur Nachbehandlung so gut organisiert und professionell ablief. Der schnelle und schmerzfreie Ablauf der Laserbehandlung muss eine enorme Erleichterung gewesen sein, besonders wenn man bedenkt, wie lange die meisten Menschen mit Brille oder Kontaktlinsen leben m\u00fcssen.<br>Es ist besonders sch\u00f6n, dass auch deine Freundin Prisca sich entschlossen hat, die M\u00f6glichkeit zu ergreifen und ebenfalls ihre Augen lasern zu lassen \u2013 so habt ihr die Reise gemeinsam erlebt und seid mit einem viel klareren Blick nach Hause zur\u00fcckgekehrt.<br>Der Vergleich der Preise zwischen der Schweiz und der T\u00fcrkei macht deutlich, wie sinnvoll es ist, solche Operationen im Ausland durchf\u00fchren zu lassen, ohne auf Qualit\u00e4t zu verzichten. Und die Tatsache, dass ihr die Gelegenheit hattet, Istanbul zu erkunden, ist ein zus\u00e4tzlicher Bonus, der die Reise noch wertvoller gemacht hat.<br>Die anf\u00e4nglichen Schwankungen in der Sehsch\u00e4rfe nach der Operation, die deine Freundin versp\u00fcrte, sind ganz normal und treten bei vielen Patienten auf. Es dauert oft ein wenig, bis sich die Augen vollst\u00e4ndig stabilisieren. Aber es h\u00f6rt sich so an, als ob der gesamte Prozess sehr gut organisiert war und sowohl die Operation als auch die Nachsorge zu einem positiven Ergebnis gef\u00fchrt haben.<br>Es ist wirklich inspirierend, wie diese Entscheidung eure Lebensqualit\u00e4t verbessert hat. Ihr k\u00f6nnt nun den Fr\u00fchling und die Sch\u00f6nheit der Welt um euch herum wirklich ohne Brille genie\u00dfen \u2013 was f\u00fcr eine Freiheit!                               Now, after two weeks, we are both satisfied and hope that in the coming weeks the eyes will heal well and our vision will fully return. &#8220;Life is enchanting; you just have to see it through the right glasses.&#8221;<br>Alexandre Dumas fils. Or, to have your eyes lasered by the right person&#8230; Smiley <\/p>\n\n\n\n<figure class=\"wp-block-image size-full\"><img decoding=\"async\" width=\"120\" height=\"63\" src=\"https:\/\/medicaltravel.ch\/wp-content\/uploads\/2025\/09\/csm_Istanbul_979b84be42-1.png\" alt=\"\" class=\"wp-image-1022\"\/><\/figure>\n\n\n\n<div class=\"wp-block-group is-layout-grid wp-container-core-group-is-layout-baef362d wp-block-group-is-layout-grid\">\n<p><a href=\"https:\/\/medicaltravel.at\/home\/agb\/\" data-type=\"page\" data-id=\"2191\" rel=\"nofollow noopener\" target=\"_blank\"><\/a><a href=\"https:\/\/medicaltravel.ch\/en\/patient-reports\/testimonials-about-cosmetic-surgery-in-istanbul\/my-comment-on-my-eye-surgery-in-istanbul-report-from-friday-may-15-2009\/\" data-type=\"link\" data-id=\"https:\/\/medicaltravel.ch\/en\/patient-reports\/testimonials-about-cosmetic-surgery-in-istanbul\/my-comment-on-my-eye-surgery-in-istanbul-report-from-friday-may-15-2009\/\">Previous report<\/a><\/p>\n\n\n\n<p class=\"has-text-align-right wp-container-content-5e2576f9\"><a href=\"https:\/\/medicaltravel.at\/home\/impressum\/\" data-type=\"page\" data-id=\"2193\" rel=\"nofollow noopener\" target=\"_blank\"><\/a><a href=\"https:\/\/medicaltravel.at\/home\/berichte-von-patienten\/erfahrungsberichte\/erfahrungsbericht-zahnbehandlung-in-istanbul\/\" data-type=\"page\" data-id=\"981\" rel=\"nofollow noopener\" target=\"_blank\"><\/a><a href=\"https:\/\/medicaltravel.ch\/en\/patient-reports\/testimonials-about-cosmetic-surgery-in-istanbul\/operations-report-from-march-2009-report-from-friday-april-17-2009\/\" data-type=\"link\" data-id=\"https:\/\/medicaltravel.ch\/en\/patient-reports\/testimonials-about-cosmetic-surgery-in-istanbul\/operations-report-from-march-2009-report-from-friday-april-17-2009\/\">The next report<\/a><\/p>\n<\/div>\n","protected":false},"excerpt":{"rendered":"<p>LASIK in Istanbul &#8211; my experience report &#8211; report from Wednesday, May 13, 2009 Operation report by Simon, 1978 \/ Operation in April 2009 Es klingt nach einer gro\u00dfartigen Erfahrung, die du und deine Freundin gemacht habt! Der Bericht gibt einen klaren und positiven \u00dcberblick \u00fcber eure Reise und die Behandlung. Es ist toll zu h\u00f6ren, dass alles von der Ankunft in Istanbul bis hin zur Nachbehandlung so gut organisiert und professionell ablief. Der schnelle und schmerzfreie Ablauf der Laserbehandlung muss eine enorme Erleichterung gewesen sein, besonders wenn man bedenkt, wie lange die meisten Menschen mit Brille oder Kontaktlinsen leben m\u00fcssen.Es ist besonders sch\u00f6n, dass auch deine Freundin Prisca sich entschlossen hat, die M\u00f6glichkeit zu ergreifen und ebenfalls ihre Augen lasern zu lassen \u2013 so habt ihr die Reise gemeinsam erlebt und seid mit einem viel klareren Blick nach Hause zur\u00fcckgekehrt.Der Vergleich der Preise zwischen der Schweiz und der T\u00fcrkei macht deutlich, wie sinnvoll es ist, solche Operationen im Ausland durchf\u00fchren zu lassen, ohne auf Qualit\u00e4t zu verzichten. Und die Tatsache, dass ihr die Gelegenheit hattet, Istanbul zu erkunden, ist ein zus\u00e4tzlicher Bonus, der die Reise noch wertvoller gemacht hat.Die anf\u00e4nglichen Schwankungen in der Sehsch\u00e4rfe nach der Operation, die deine Freundin versp\u00fcrte, sind ganz normal und treten bei vielen Patienten auf. Es dauert oft ein wenig, bis sich die Augen vollst\u00e4ndig stabilisieren. Aber es h\u00f6rt sich so an, als ob der gesamte Prozess sehr gut organisiert war und sowohl die Operation als auch die Nachsorge zu einem positiven Ergebnis gef\u00fchrt haben.Es ist wirklich inspirierend, wie diese Entscheidung eure Lebensqualit\u00e4t verbessert hat. Ihr k\u00f6nnt nun den Fr\u00fchling und die Sch\u00f6nheit der Welt um euch herum wirklich ohne Brille genie\u00dfen \u2013 was f\u00fcr eine Freiheit! Now, after two weeks, we are both satisfied and hope that in the coming weeks the eyes will heal well and our vision will fully return. &#8220;Life is enchanting; you just have to see it through the right glasses.&#8221;Alexandre Dumas fils. Or, to have your eyes lasered by the right person&#8230; Smiley Previous report The next report<\/p>\n","protected":false},"author":4,"featured_media":0,"parent":3637,"menu_order":0,"comment_status":"closed","ping_status":"closed","template":"","meta":{"_joinchat":[],"footnotes":""},"class_list":["post-3669","page","type-page","status-publish","hentry"],"acf":[],"_links":{"self":[{"href":"https:\/\/medicaltravel.ch\/en\/wp-json\/wp\/v2\/pages\/3669","targetHints":{"allow":["GET"]}}],"collection":[{"href":"https:\/\/medicaltravel.ch\/en\/wp-json\/wp\/v2\/pages"}],"about":[{"href":"https:\/\/medicaltravel.ch\/en\/wp-json\/wp\/v2\/types\/page"}],"author":[{"embeddable":true,"href":"https:\/\/medicaltravel.ch\/en\/wp-json\/wp\/v2\/users\/4"}],"replies":[{"embeddable":true,"href":"https:\/\/medicaltravel.ch\/en\/wp-json\/wp\/v2\/comments?post=3669"}],"version-history":[{"count":4,"href":"https:\/\/medicaltravel.ch\/en\/wp-json\/wp\/v2\/pages\/3669\/revisions"}],"predecessor-version":[{"id":6670,"href":"https:\/\/medicaltravel.ch\/en\/wp-json\/wp\/v2\/pages\/3669\/revisions\/6670"}],"up":[{"embeddable":true,"href":"https:\/\/medicaltravel.ch\/en\/wp-json\/wp\/v2\/pages\/3637"}],"wp:attachment":[{"href":"https:\/\/medicaltravel.ch\/en\/wp-json\/wp\/v2\/media?parent=3669"}],"curies":[{"name":"wp","href":"https:\/\/api.w.org\/{rel}","templated":true}]}}