{"id":3673,"date":"2025-09-24T07:10:34","date_gmt":"2025-09-24T06:10:34","guid":{"rendered":"https:\/\/medicaltravel.ch\/patient-reports\/testimonials-about-cosmetic-surgery-in-istanbul\/my-report-on-laser-eye-surgery-report-from-wednesday-july-7-2010\/"},"modified":"2026-01-13T00:25:30","modified_gmt":"2026-01-12T23:25:30","slug":"my-report-on-laser-eye-surgery-report-from-wednesday-july-7-2010","status":"publish","type":"page","link":"https:\/\/medicaltravel.ch\/en\/patient-reports\/testimonials-about-cosmetic-surgery-in-istanbul\/my-report-on-laser-eye-surgery-report-from-wednesday-july-7-2010\/","title":{"rendered":"My report on laser eye surgery \u2013 report from Wednesday, July 7, 2010"},"content":{"rendered":"\n<h3 class=\"wp-block-heading\">My report on laser eye surgery \u2013 report from Wednesday, July 7, 2010<\/h3>\n\n\n\n<p>Es ist beeindruckend, wie du dich \u00fcber Jahre hinweg mit dem Thema Augenlasern besch\u00e4ftigt hast und trotz der anf\u00e4nglichen Unsicherheiten und Hindernisse schlie\u00dflich den Schritt gewagt hast! Das ist definitiv ein mutiger und sehr pers\u00f6nlicher Entschluss.<br>Es ist verst\u00e4ndlich, dass du nach der Diagnose in Polen und der anf\u00e4nglichen Entt\u00e4uschung durch den Optiker sehr vorsichtig warst und die ganze Situation mit gemischten Gef\u00fchlen betrachtet hast. Dass du dann auf Swisslasik gesto\u00dfen bist, war wohl eine Wendung, die dir neue Hoffnung und Klarheit brachte. Besonders, dass Swisslasik in Zusammenarbeit mit Augen\u00e4rzten in der Schweiz arbeitet, muss dir Sicherheit gegeben haben, dass du gut betreut wirst.<br>Es klingt so, als ob du durch die sorgf\u00e4ltigen Voruntersuchungen und die genaue Beratung von Herrn Karaagacli einen sehr klaren und fundierten \u00dcberblick bekommen hast. Der Austausch von Informationen zwischen dem Schweizer Augenarzt und der EyeStar Klinik in Istanbul ist auch ein wichtiger Aspekt, der dir das Vertrauen in die Entscheidung gegeben haben d\u00fcrfte. Es ist erstaunlich, dass trotz der anf\u00e4nglichen Zur\u00fcckhaltung der Schweizer \u00c4rzte, die \u00c4rzte in Istanbul gesagt haben, dass du eine OP durchf\u00fchren kannst \u2013 und das Ganze mit der n\u00f6tigen Vorbereitung und Nachbehandlung.<br>Wie hast du dich letztendlich bei der Entscheidung gef\u00fchlt, die OP in Istanbul durchzuf\u00fchren? Gab es noch Bedenken oder hast du dich nach all den Gespr\u00e4chen und Untersuchungen wirklich sicher gef\u00fchlt? Und wie lief der Ablauf der OP dann im Detail?                                   Das klingt nach einer wirklich intensiven Erfahrung, besonders mit den unerwarteten Schwierigkeiten, die w\u00e4hrend der OP aufgetreten sind! Die Verz\u00f6gerung und die zus\u00e4tzlichen Schmerzen m\u00fcssen ziemlich belastend gewesen sein, vor allem da du schon so viel Hoffnung und Vorfreude in den Eingriff gesetzt hattest. Ich kann verstehen, dass die langen Wartezeiten und das Warten auf den Techniker sehr frustrierend waren, besonders wenn man sich in einem Zustand von extremem Schmerz befindet. Dass du trotzdem durchgehalten hast, zeigt deine Entschlossenheit.<br>Es muss auch eine merkw\u00fcrdige Mischung aus Erleichterung und Anspannung gewesen sein, als es endlich weiterging und du die Laserbehandlung abschlie\u00dfen konntest. Und dann der Moment, als du endlich ins Hotel kamst, war sicherlich eine Mischung aus Ersch\u00f6pfung und dem Wunsch, dass alles vorbei ist und du endlich Ruhe finden kannst.<br>Was war das Gef\u00fchl, als die Schmerzen nach dem Schlafen endlich etwas nachlie\u00dfen? Konnte sich deine Sicht auch schon direkt nach dem Eingriff etwas verbessern? Wie ging es dir dann am n\u00e4chsten Tag, als du die ersten Nachuntersuchungen hattest?                                     Es ist wirklich beeindruckend, wie du durch die ganze Erfahrung durchgehalten hast, besonders angesichts der Komplikationen w\u00e4hrend der OP und den anschlie\u00dfenden Schmerzen. Der Moment, in dem du am n\u00e4chsten Morgen aufgewacht bist und feststellen konntest, dass du besser sehen konntest und die Schmerzen verschwunden waren, muss unglaublich befreiend gewesen sein!<br>Es ist verst\u00e4ndlich, dass die ersten Wochen noch schwierig waren, aber es klingt so, als ob sich deine Sehkraft nun allm\u00e4hlich verbessert, was wirklich ermutigend ist. Dass du auch keine Blendungen oder trockenen Augen hast, ist ein tolles Zeichen! Es ist auch sehr beruhigend, dass der Arzt zuversichtlich ist, dass sich deine Sehkraft in den n\u00e4chsten Monaten weiter stabilisieren wird.<br>Es ist auch interessant zu h\u00f6ren, dass die Femto Lasik OP eine der selteneren Methoden ist, w\u00e4hrend die normale Lasik f\u00fcr viele Patienten schmerzfreier und schneller ist. Deine Empfehlung, jemanden zur Unterst\u00fctzung mitzunehmen, ist sehr wertvoll \u2013 das kann in so einer Situation wirklich helfen.<br>Ich hoffe, dass bei deiner Nachuntersuchung im August alles gut aussieht und sich deine Sehkraft weiter stabilisiert. Es ist toll, dass du die Erfahrung trotz der anf\u00e4nglichen Schwierigkeiten weiterempfiehlst und den Mut gefunden hast, diese Entscheidung zu treffen.                           <\/p>\n\n\n\n<div class=\"wp-block-group is-layout-grid wp-container-core-group-is-layout-baef362d wp-block-group-is-layout-grid\">\n<p><a href=\"https:\/\/medicaltravel.at\/home\/agb\/\" data-type=\"page\" data-id=\"2191\" rel=\"nofollow noopener\" target=\"_blank\"><\/a><a href=\"https:\/\/medicaltravel.ch\/en\/patient-reports\/testimonials-about-cosmetic-surgery-in-istanbul\/finally-the-dream-of-a-life-without-visual-impairment-has-been-fulfilled-surgery-17-06-2010-report-from-sunday-july-25-2010\/\" data-type=\"link\" data-id=\"https:\/\/medicaltravel.ch\/berichte-von-patienten-istanbul-turkei\/erfahrungsberichte-2009-2010\/erfahrungsberichte-2009-2010-endlich-den-traum-vom-leben-ohne-sehbehinderung-erfullt-op-17-06-2010-bericht-vom-sonntag-25-juli-2010\/\">Previous report<\/a><\/p>\n\n\n\n<p class=\"has-text-align-right wp-container-content-5e2576f9\"><a href=\"https:\/\/medicaltravel.at\/home\/impressum\/\" data-type=\"page\" data-id=\"2193\" rel=\"nofollow noopener\" target=\"_blank\"><\/a><a href=\"https:\/\/medicaltravel.at\/home\/berichte-von-patienten\/erfahrungsberichte\/erfahrungsbericht-zahnbehandlung-in-istanbul\/\" data-type=\"page\" data-id=\"981\" rel=\"nofollow noopener\" target=\"_blank\"><\/a><a href=\"https:\/\/medicaltravel.ch\/en\/patient-reports\/testimonials-about-cosmetic-surgery-in-istanbul\/my-experience-report-on-the-lasik-eye-surgery-at-the-clinic-in-istanbul-report-from-wednesday-june-2-2010\/\" data-type=\"link\" data-id=\"https:\/\/medicaltravel.ch\/en\/patient-reports\/testimonials-about-cosmetic-surgery-in-istanbul\/my-experience-report-on-the-lasik-eye-surgery-at-the-clinic-in-istanbul-report-from-wednesday-june-2-2010\/\">The next report<\/a><\/p>\n<\/div>\n","protected":false},"excerpt":{"rendered":"<p>My report on laser eye surgery \u2013 report from Wednesday, July 7, 2010 Es ist beeindruckend, wie du dich \u00fcber Jahre hinweg mit dem Thema Augenlasern besch\u00e4ftigt hast und trotz der anf\u00e4nglichen Unsicherheiten und Hindernisse schlie\u00dflich den Schritt gewagt hast! Das ist definitiv ein mutiger und sehr pers\u00f6nlicher Entschluss.Es ist verst\u00e4ndlich, dass du nach der Diagnose in Polen und der anf\u00e4nglichen Entt\u00e4uschung durch den Optiker sehr vorsichtig warst und die ganze Situation mit gemischten Gef\u00fchlen betrachtet hast. Dass du dann auf Swisslasik gesto\u00dfen bist, war wohl eine Wendung, die dir neue Hoffnung und Klarheit brachte. Besonders, dass Swisslasik in Zusammenarbeit mit Augen\u00e4rzten in der Schweiz arbeitet, muss dir Sicherheit gegeben haben, dass du gut betreut wirst.Es klingt so, als ob du durch die sorgf\u00e4ltigen Voruntersuchungen und die genaue Beratung von Herrn Karaagacli einen sehr klaren und fundierten \u00dcberblick bekommen hast. Der Austausch von Informationen zwischen dem Schweizer Augenarzt und der EyeStar Klinik in Istanbul ist auch ein wichtiger Aspekt, der dir das Vertrauen in die Entscheidung gegeben haben d\u00fcrfte. Es ist erstaunlich, dass trotz der anf\u00e4nglichen Zur\u00fcckhaltung der Schweizer \u00c4rzte, die \u00c4rzte in Istanbul gesagt haben, dass du eine OP durchf\u00fchren kannst \u2013 und das Ganze mit der n\u00f6tigen Vorbereitung und Nachbehandlung.Wie hast du dich letztendlich bei der Entscheidung gef\u00fchlt, die OP in Istanbul durchzuf\u00fchren? Gab es noch Bedenken oder hast du dich nach all den Gespr\u00e4chen und Untersuchungen wirklich sicher gef\u00fchlt? Und wie lief der Ablauf der OP dann im Detail? Das klingt nach einer wirklich intensiven Erfahrung, besonders mit den unerwarteten Schwierigkeiten, die w\u00e4hrend der OP aufgetreten sind! Die Verz\u00f6gerung und die zus\u00e4tzlichen Schmerzen m\u00fcssen ziemlich belastend gewesen sein, vor allem da du schon so viel Hoffnung und Vorfreude in den Eingriff gesetzt hattest. Ich kann verstehen, dass die langen Wartezeiten und das Warten auf den Techniker sehr frustrierend waren, besonders wenn man sich in einem Zustand von extremem Schmerz befindet. Dass du trotzdem durchgehalten hast, zeigt deine Entschlossenheit.Es muss auch eine merkw\u00fcrdige Mischung aus Erleichterung und Anspannung gewesen sein, als es endlich weiterging und du die Laserbehandlung abschlie\u00dfen konntest. Und dann der Moment, als du endlich ins Hotel kamst, war sicherlich eine Mischung aus Ersch\u00f6pfung und dem Wunsch, dass alles vorbei ist und du endlich Ruhe finden kannst.Was war das Gef\u00fchl, als die Schmerzen nach dem Schlafen endlich etwas nachlie\u00dfen? Konnte sich deine Sicht auch schon direkt nach dem Eingriff etwas verbessern? Wie ging es dir dann am n\u00e4chsten Tag, als du die ersten Nachuntersuchungen hattest? Es ist wirklich beeindruckend, wie du durch die ganze Erfahrung durchgehalten hast, besonders angesichts der Komplikationen w\u00e4hrend der OP und den anschlie\u00dfenden Schmerzen. Der Moment, in dem du am n\u00e4chsten Morgen aufgewacht bist und feststellen konntest, dass du besser sehen konntest und die Schmerzen verschwunden waren, muss unglaublich befreiend gewesen sein!Es ist verst\u00e4ndlich, dass die ersten Wochen noch schwierig waren, aber es klingt so, als ob sich deine Sehkraft nun allm\u00e4hlich verbessert, was wirklich ermutigend ist. Dass du auch keine Blendungen oder trockenen Augen hast, ist ein tolles Zeichen! Es ist auch sehr beruhigend, dass der Arzt zuversichtlich ist, dass sich deine Sehkraft in den n\u00e4chsten Monaten weiter stabilisieren wird.Es ist auch interessant zu h\u00f6ren, dass die Femto Lasik OP eine der selteneren Methoden ist, w\u00e4hrend die normale Lasik f\u00fcr viele Patienten schmerzfreier und schneller ist. Deine Empfehlung, jemanden zur Unterst\u00fctzung mitzunehmen, ist sehr wertvoll \u2013 das kann in so einer Situation wirklich helfen.Ich hoffe, dass bei deiner Nachuntersuchung im August alles gut aussieht und sich deine Sehkraft weiter stabilisiert. Es ist toll, dass du die Erfahrung trotz der anf\u00e4nglichen Schwierigkeiten weiterempfiehlst und den Mut gefunden hast, diese Entscheidung zu treffen. Previous report The next report<\/p>\n","protected":false},"author":4,"featured_media":0,"parent":3637,"menu_order":0,"comment_status":"closed","ping_status":"closed","template":"","meta":{"_joinchat":[],"footnotes":""},"class_list":["post-3673","page","type-page","status-publish","hentry"],"acf":[],"_links":{"self":[{"href":"https:\/\/medicaltravel.ch\/en\/wp-json\/wp\/v2\/pages\/3673","targetHints":{"allow":["GET"]}}],"collection":[{"href":"https:\/\/medicaltravel.ch\/en\/wp-json\/wp\/v2\/pages"}],"about":[{"href":"https:\/\/medicaltravel.ch\/en\/wp-json\/wp\/v2\/types\/page"}],"author":[{"embeddable":true,"href":"https:\/\/medicaltravel.ch\/en\/wp-json\/wp\/v2\/users\/4"}],"replies":[{"embeddable":true,"href":"https:\/\/medicaltravel.ch\/en\/wp-json\/wp\/v2\/comments?post=3673"}],"version-history":[{"count":0,"href":"https:\/\/medicaltravel.ch\/en\/wp-json\/wp\/v2\/pages\/3673\/revisions"}],"up":[{"embeddable":true,"href":"https:\/\/medicaltravel.ch\/en\/wp-json\/wp\/v2\/pages\/3637"}],"wp:attachment":[{"href":"https:\/\/medicaltravel.ch\/en\/wp-json\/wp\/v2\/media?parent=3673"}],"curies":[{"name":"wp","href":"https:\/\/api.w.org\/{rel}","templated":true}]}}