{"id":3737,"date":"2025-09-24T06:54:02","date_gmt":"2025-09-24T05:54:02","guid":{"rendered":"https:\/\/medicaltravel.ch\/patient-reports\/patient-testimonials-hair-transplantation-tuerkiye\/my-laser-eye-surgery-in-april-2011-report-from-thursday-june-2-2011\/"},"modified":"2026-01-12T23:29:11","modified_gmt":"2026-01-12T22:29:11","slug":"my-laser-eye-surgery-in-april-2011-report-from-thursday-june-2-2011","status":"publish","type":"page","link":"https:\/\/medicaltravel.ch\/en\/patient-reports\/patient-testimonials-hair-transplantation-tuerkiye\/my-laser-eye-surgery-in-april-2011-report-from-thursday-june-2-2011\/","title":{"rendered":"My laser eye surgery in April 2011 \u2013 report from Thursday, June 2, 2011"},"content":{"rendered":"\n<p>My laser eye surgery in April 2011 \u2013 report from Thursday, June 2, 2011<\/p>\n\n\n\n<p>Patientenbericht \u2013 Daniel Ege, 02.06.2011<br>Vor etwa sechs Jahren hatte ich erstmals den Gedanken, mir die Augen lasern zu lassen. Damals war ich noch in der Ausbildung, und finanziell war es nicht m\u00f6glich, diesen Traum zu verwirklichen. Ich trug seitdem -4,25 Dioptrien mit Brille und benutzte alle Arten von Kontaktlinsen. Wer Kontaktlinsen tr\u00e4gt, kennt die Probleme: Immer daran denken, sie mitzunehmen, Brille im Gep\u00e4ck, Schwimmen unm\u00f6glich, Sehen ohne Brille unm\u00f6glich.<br>Im letzten Dezember wurde das Thema wieder aktuell, da ich im April einen Jobwechsel hatte und mir einen Monat Auszeit g\u00f6nnte \u2013 der ideale Zeitpunkt f\u00fcr eine Augen-OP. Ich informierte mich bei mehreren Anbietern und sprach mit Personen, die den Eingriff bereits hinter sich hatten; alle waren zufrieden. Als skeptischer Mensch wollte ich ein pers\u00f6nliches Gespr\u00e4ch, das mir Swisslasik gew\u00e4hrte. Alle meine Fragen wurden beantwortet.<br>Ich entschied mich f\u00fcr den 5. April, da eine deutschsprachige Gruppe organisiert wurde. Wir reisten am 4. April an und hatten noch Freizeit, um die Umgebung zu erkunden. Am Morgen des 5. April fand die Voruntersuchung statt, bei der entschieden wurde, ob ich operiert werden konnte. In der Schweiz hatte ich bereits eine Voruntersuchung gemacht. In Istanbul wurde festgestellt, dass meine Netzhaut noch befestigt werden musste, da Schwachstellen sichtbar waren \u2013 dies wurde sofort erledigt.<br>Am Nachmittag war dann die Operation geplant. Wir bekamen eine kleine Beruhigungstablette, die wir alle n\u00f6tig hatten. Die OP fand in einem ruhigen, sterilen Raum statt. Ich war als Letzter dran. Trotz weicher Knie und Nervosit\u00e4t lie\u00df ich alles \u00fcber mich ergehen: steriles Einkleiden, Augentropfen und dann ab auf den Operationstisch.<br>Die Lasik-Operation selbst verursachte keine Schmerzen, nur ein unangenehmes Gef\u00fchl beim Ber\u00fchren des Auges. Der Schnitt war sp\u00fcrbar, aber nicht schmerzhaft. Das Lasern dauerte pro Auge ca. 18 Sekunden, begleitet von einem leicht verbrannten Geruch. Besonders faszinierend war, dass ich zusehen konnte, wie die Lamelle wieder auf das Auge geklappt wurde.<br>Nach der OP \u00f6ffnete ich vorsichtig die Augen und sah alles scharf, noch leicht neblig, aber gestochen scharf \u2013 ohne das erwartete Blendgef\u00fchl. Anschlie\u00dfend wurde ich in einen Ruheraum gebracht, und nach wenigen Minuten f\u00fchlte ich mich wie neu geboren. Bei der Nachkontrolle waren die \u00c4rzte sehr zufrieden.<br>Zur\u00fcck im Hotel konnte ich mich ausruhen, da die Nervosit\u00e4t sehr m\u00fcde machte. Am Abend genossen wir die neue Sicht, und am dritten Tag fand die abschlie\u00dfende Kontrolle statt. Bereits vorher testeten wir selbst die Sehsch\u00e4rfe, indem wir entfernte Autonummern lasen \u2013 das Ergebnis war beeindruckend. W\u00e4hrend des Aufenthalts mussten wir st\u00fcndlich Augentropfen nehmen, was zu lustigen Situationen f\u00fchrte.<br>Fazit: Ich bin sehr zufrieden mit dem Ablauf und dem Ergebnis. Heute, etwa zwei Monate sp\u00e4ter, arbeite ich wieder, treibe Sport und genie\u00dfe meine neue Sehkraft. Ein kleiner Tipp: Vor der Operation keine YouTube-Videos \u00fcber Augenlasern aus n\u00e4chster N\u00e4he ansehen \u2013 das macht nur unn\u00f6tig nerv\u00f6s.<br>Herrlich \u2013 auf eine gute Sicht!<br>Daniel Ege<\/p>\n\n\n\n<div class=\"wp-block-group is-layout-grid wp-container-core-group-is-layout-baef362d wp-block-group-is-layout-grid\">\n<p><a href=\"https:\/\/medicaltravel.at\/home\/agb\/\" data-type=\"page\" data-id=\"2191\" rel=\"nofollow noopener\" target=\"_blank\"><\/a><a href=\"https:\/\/medicaltravel.ch\/en\/patient-reports\/patient-testimonials-hair-transplantation-tuerkiye\/my-dental-treatment-in-istanbul-report-from-saturday-june-4-2011\/\" data-type=\"link\" data-id=\"https:\/\/medicaltravel.ch\/en\/patient-reports\/patient-testimonials-hair-transplantation-tuerkiye\/my-dental-treatment-in-istanbul-report-from-saturday-june-4-2011\/\">Previous report<\/a><\/p>\n\n\n\n<p class=\"has-text-align-right wp-container-content-5e2576f9\"><a href=\"https:\/\/medicaltravel.at\/home\/impressum\/\" data-type=\"page\" data-id=\"2193\" rel=\"nofollow noopener\" target=\"_blank\"><\/a><a href=\"https:\/\/medicaltravel.at\/home\/berichte-von-patienten\/erfahrungsberichte\/erfahrungsbericht-zahnbehandlung-in-istanbul\/\" data-type=\"page\" data-id=\"981\" rel=\"nofollow noopener\" target=\"_blank\"><\/a><a href=\"https:\/\/medicaltravel.ch\/en\/patient-reports\/patient-testimonials-hair-transplantation-tuerkiye\/my-experience-with-lasek-in-istanbul-report-from-thursday-may-26-2011\/\" data-type=\"link\" data-id=\"https:\/\/medicaltravel.ch\/home\/berichte-von-patienten-istanbul-turkei\/patientenberichte-2011\/mein-erfahrungsbericht-mit-lasek-in-istanbul-bericht-vom-donnerstag-26-mai-2011\/\">Next report<\/a><\/p>\n<\/div>\n","protected":false},"excerpt":{"rendered":"<p>My laser eye surgery in April 2011 \u2013 report from Thursday, June 2, 2011 Patientenbericht \u2013 Daniel Ege, 02.06.2011Vor etwa sechs Jahren hatte ich erstmals den Gedanken, mir die Augen lasern zu lassen. Damals war ich noch in der Ausbildung, und finanziell war es nicht m\u00f6glich, diesen Traum zu verwirklichen. Ich trug seitdem -4,25 Dioptrien mit Brille und benutzte alle Arten von Kontaktlinsen. Wer Kontaktlinsen tr\u00e4gt, kennt die Probleme: Immer daran denken, sie mitzunehmen, Brille im Gep\u00e4ck, Schwimmen unm\u00f6glich, Sehen ohne Brille unm\u00f6glich.Im letzten Dezember wurde das Thema wieder aktuell, da ich im April einen Jobwechsel hatte und mir einen Monat Auszeit g\u00f6nnte \u2013 der ideale Zeitpunkt f\u00fcr eine Augen-OP. Ich informierte mich bei mehreren Anbietern und sprach mit Personen, die den Eingriff bereits hinter sich hatten; alle waren zufrieden. Als skeptischer Mensch wollte ich ein pers\u00f6nliches Gespr\u00e4ch, das mir Swisslasik gew\u00e4hrte. Alle meine Fragen wurden beantwortet.Ich entschied mich f\u00fcr den 5. April, da eine deutschsprachige Gruppe organisiert wurde. Wir reisten am 4. April an und hatten noch Freizeit, um die Umgebung zu erkunden. Am Morgen des 5. April fand die Voruntersuchung statt, bei der entschieden wurde, ob ich operiert werden konnte. In der Schweiz hatte ich bereits eine Voruntersuchung gemacht. In Istanbul wurde festgestellt, dass meine Netzhaut noch befestigt werden musste, da Schwachstellen sichtbar waren \u2013 dies wurde sofort erledigt.Am Nachmittag war dann die Operation geplant. Wir bekamen eine kleine Beruhigungstablette, die wir alle n\u00f6tig hatten. Die OP fand in einem ruhigen, sterilen Raum statt. Ich war als Letzter dran. Trotz weicher Knie und Nervosit\u00e4t lie\u00df ich alles \u00fcber mich ergehen: steriles Einkleiden, Augentropfen und dann ab auf den Operationstisch.Die Lasik-Operation selbst verursachte keine Schmerzen, nur ein unangenehmes Gef\u00fchl beim Ber\u00fchren des Auges. Der Schnitt war sp\u00fcrbar, aber nicht schmerzhaft. Das Lasern dauerte pro Auge ca. 18 Sekunden, begleitet von einem leicht verbrannten Geruch. Besonders faszinierend war, dass ich zusehen konnte, wie die Lamelle wieder auf das Auge geklappt wurde.Nach der OP \u00f6ffnete ich vorsichtig die Augen und sah alles scharf, noch leicht neblig, aber gestochen scharf \u2013 ohne das erwartete Blendgef\u00fchl. Anschlie\u00dfend wurde ich in einen Ruheraum gebracht, und nach wenigen Minuten f\u00fchlte ich mich wie neu geboren. Bei der Nachkontrolle waren die \u00c4rzte sehr zufrieden.Zur\u00fcck im Hotel konnte ich mich ausruhen, da die Nervosit\u00e4t sehr m\u00fcde machte. Am Abend genossen wir die neue Sicht, und am dritten Tag fand die abschlie\u00dfende Kontrolle statt. Bereits vorher testeten wir selbst die Sehsch\u00e4rfe, indem wir entfernte Autonummern lasen \u2013 das Ergebnis war beeindruckend. W\u00e4hrend des Aufenthalts mussten wir st\u00fcndlich Augentropfen nehmen, was zu lustigen Situationen f\u00fchrte.Fazit: Ich bin sehr zufrieden mit dem Ablauf und dem Ergebnis. Heute, etwa zwei Monate sp\u00e4ter, arbeite ich wieder, treibe Sport und genie\u00dfe meine neue Sehkraft. Ein kleiner Tipp: Vor der Operation keine YouTube-Videos \u00fcber Augenlasern aus n\u00e4chster N\u00e4he ansehen \u2013 das macht nur unn\u00f6tig nerv\u00f6s.Herrlich \u2013 auf eine gute Sicht!Daniel Ege Previous report Next report<\/p>\n","protected":false},"author":4,"featured_media":0,"parent":3709,"menu_order":0,"comment_status":"closed","ping_status":"closed","template":"","meta":{"_joinchat":[],"footnotes":""},"class_list":["post-3737","page","type-page","status-publish","hentry"],"acf":[],"_links":{"self":[{"href":"https:\/\/medicaltravel.ch\/en\/wp-json\/wp\/v2\/pages\/3737","targetHints":{"allow":["GET"]}}],"collection":[{"href":"https:\/\/medicaltravel.ch\/en\/wp-json\/wp\/v2\/pages"}],"about":[{"href":"https:\/\/medicaltravel.ch\/en\/wp-json\/wp\/v2\/types\/page"}],"author":[{"embeddable":true,"href":"https:\/\/medicaltravel.ch\/en\/wp-json\/wp\/v2\/users\/4"}],"replies":[{"embeddable":true,"href":"https:\/\/medicaltravel.ch\/en\/wp-json\/wp\/v2\/comments?post=3737"}],"version-history":[{"count":2,"href":"https:\/\/medicaltravel.ch\/en\/wp-json\/wp\/v2\/pages\/3737\/revisions"}],"predecessor-version":[{"id":6639,"href":"https:\/\/medicaltravel.ch\/en\/wp-json\/wp\/v2\/pages\/3737\/revisions\/6639"}],"up":[{"embeddable":true,"href":"https:\/\/medicaltravel.ch\/en\/wp-json\/wp\/v2\/pages\/3709"}],"wp:attachment":[{"href":"https:\/\/medicaltravel.ch\/en\/wp-json\/wp\/v2\/media?parent=3737"}],"curies":[{"name":"wp","href":"https:\/\/api.w.org\/{rel}","templated":true}]}}