{"id":3750,"date":"2025-09-24T06:50:24","date_gmt":"2025-09-24T05:50:24","guid":{"rendered":"https:\/\/medicaltravel.ch\/patient-reports\/patient-testimonials-hair-transplantation-tuerkiye\/my-liposuction-in-istanbul-at-acibadem-hospital-report-from-sunday-august-7-2011\/"},"modified":"2026-01-12T23:22:43","modified_gmt":"2026-01-12T22:22:43","slug":"my-liposuction-in-istanbul-at-acibadem-hospital-report-from-sunday-august-7-2011","status":"publish","type":"page","link":"https:\/\/medicaltravel.ch\/en\/patient-reports\/patient-testimonials-hair-transplantation-tuerkiye\/my-liposuction-in-istanbul-at-acibadem-hospital-report-from-sunday-august-7-2011\/","title":{"rendered":"My liposuction in Istanbul at Acibadem Hospital \u2013 report from Sunday, August 7, 2011"},"content":{"rendered":"\n<p>My liposuction in Istanbul at Acibadem Hospital \u2013 report from Sunday, August 7, 2011<\/p>\n\n\n\n<p>Patientenbericht \u2013 Fettabsaugung in Istanbul<br>Lange hatten mich meine Fettpolster an H\u00fcften und Beinen gest\u00f6rt. Trotz Di\u00e4ten und viel Sport wurden diese Bereiche nicht schlanker. Im Internet informierte ich mich intensiv \u00fcber eine Fettabsaugung, inklusive m\u00f6glicher Ergebnisse und Risiken. Viele positive Erfahrungsberichte und \u00fcberzeugende Vorher-Nachher-Bilder best\u00e4rkten mich schlie\u00dflich in meiner Entscheidung.<br>F\u00fcr die Suche nach einem geeigneten Chirurgen kontaktierte ich Swisslasik. Dort erhielt ich prompt den Lebenslauf von Herrn S\u00fckr\u00fc Yazar, der als renommierter Experte f\u00fcr Sch\u00f6nheitsoperationen gilt. Anfangs war der Gedanke, mich in der T\u00fcrkei operieren zu lassen, etwas ungewohnt, doch die Risiken sind grunds\u00e4tzlich \u00fcberall \u00e4hnlich. Auch die virtuelle Besichtigung des Spitals machte einen sehr guten Eindruck.<br>Gemeinsam mit einer Kollegin flog ich von Z\u00fcrich nach Istanbul. Am Flughafen wurden wir vom Chauffeur des Acibadem Spitals empfangen und zur Voruntersuchung gebracht. Dort erwartete uns meine Betreuerin Seyma, die Englisch sprach \u2013 f\u00fcr mich kein Problem. Meine Personalien wurden aufgenommen, anschlie\u00dfend f\u00fchrte der Chirurg ein ausf\u00fchrliches Gespr\u00e4ch. Er untersuchte meine Figur, markierte die zu behandelnden Stellen und kl\u00e4rte mich nochmals \u00fcber m\u00f6gliche Risiken auf. Die Narkoseform wurde besprochen; ich w\u00fcnschte eine Lokalan\u00e4sthesie, die von der An\u00e4sthesistin best\u00e4tigt werden konnte. Blut wurde abgenommen und danach ging es zur\u00fcck ins Hotel, wo die Nacht wegen meiner Nervosit\u00e4t wenig erholsam war.<br>Am n\u00e4chsten Morgen wurde ich um 07:00 Uhr abgeholt und ins Spital gefahren. Nach kurzer Einrichtung im Zimmer kam der Chirurg, markierte erneut die abzusaugenden Stellen und die Narkose\u00e4rztin besprach abschlie\u00dfend die geplante Lokalan\u00e4sthesie. Kurz darauf wurde ich in den Operationssaal gebracht. Die Narkose wurde verabreicht und ich befand mich in einem D\u00e4mmerschlaf. W\u00e4hrend der etwa zwei Stunden dauernden Operation bemerkte ich nichts vom Eingriff. Nach dem Aufwachen wurde mir mitgeteilt, dass die Operation erfolgreich abgeschlossen sei.                                       Patientenbericht \u2013 Fettabsaugung bei Herrn S\u00fckr\u00fc Yazar<br>Nach der Operation musste ich kurz im Aufwachraum bleiben, bevor mich eine Schwester auf mein Zimmer brachte. Ich f\u00fchlte mich gut, war jedoch noch leicht benebelt. Einige Stunden sp\u00e4ter kam Herr S\u00fckr\u00fc Yazar vorbei, erkundigte sich nach meinem Befinden und den Schmerzen. Anschlie\u00dfend erhielt ich eine Infusion mit Fl\u00fcssigkeit und etwas Schmerzmittel, zudem etwas zu essen. Da es wichtig ist, fr\u00fch wieder aufzustehen, half mir eine Krankenschwester beim Gehen zur Toilette. Anfangs noch unsicher, konnte ich mich bald selbstst\u00e4ndig bewegen.<br>Die Krankenschwestern waren \u00e4u\u00dferst freundlich und umsorgten mich liebevoll. Am Abend konnte ich bereits selbstst\u00e4ndig gehen. Ich verbrachte eine Nacht im Spital. Am n\u00e4chsten Morgen begutachtete der Chirurg meine H\u00fcfte und Beine. Die Haut war blau-gr\u00fcn und violett, aber die Ver\u00e4nderung an den H\u00fcften war bereits deutlich sichtbar. Er \u00fcbergab mir ein Rezept mit Medikamenten und erkl\u00e4rte die Dosierung, die mir sp\u00e4ter eine Mitarbeiterin vorbeibrachte. Danach wurde ich ins Hotel zur\u00fcckgebracht.<br>Der Aufenthalt im Spital war angenehm, der Service hervorragend und das Einzelzimmer vergleichbar mit einem Hotelzimmer. Schmerzen waren zun\u00e4chst wie starker Muskelkater sp\u00fcrbar, nachts schlief ich dank Medikamenten gut. Am n\u00e4chsten Morgen konnte ich mich das erste Mal duschen, die Bewegungen waren noch steif. Obwohl die operierten Stellen zun\u00e4chst unsch\u00f6n aussahen, wusste ich durch vorherige Informationen, dass dies normal ist.<br>Trotz leichter M\u00fcdigkeit besuchten wir am selben Tag den gro\u00dfen Basar. Schon am n\u00e4chsten Tag reisten wir zur\u00fcck in die Schweiz. Der Flug verlief problemlos, die Schmerzen waren deutlich geringer und die Beweglichkeit verbessert.<br>Vier Wochen nach dem Eingriff sind alle Schmerzen verschwunden, die blauen Flecken abgeheilt, und die Narben kaum sichtbar. Das endg\u00fcltige Ergebnis ist noch nicht vollst\u00e4ndig, doch die bisherigen Ergebnisse gefallen mir sehr.<br>Jeanette Kramer                                         <\/p>\n\n\n\n<div class=\"wp-block-group is-layout-grid wp-container-core-group-is-layout-baef362d wp-block-group-is-layout-grid\">\n<p><a href=\"https:\/\/medicaltravel.at\/home\/agb\/\" data-type=\"page\" data-id=\"2191\" rel=\"nofollow noopener\" target=\"_blank\"><\/a><a href=\"https:\/\/medicaltravel.ch\/en\/patient-reports\/patient-testimonials-hair-transplantation-tuerkiye\/our-fertility-treatment-in-istanbul-at-acibadem-hospital-report-from-sunday-august-14-2011\/\" data-type=\"link\" data-id=\"https:\/\/medicaltravel.ch\/en\/patient-reports\/patient-testimonials-hair-transplantation-tuerkiye\/our-fertility-treatment-in-istanbul-at-acibadem-hospital-report-from-sunday-august-14-2011\/\">Previous report<\/a><\/p>\n\n\n\n<p class=\"has-text-align-right wp-container-content-5e2576f9\"><a href=\"https:\/\/medicaltravel.at\/home\/impressum\/\" data-type=\"page\" data-id=\"2193\" rel=\"nofollow noopener\" target=\"_blank\"><\/a><a href=\"https:\/\/medicaltravel.at\/home\/berichte-von-patienten\/erfahrungsberichte\/erfahrungsbericht-zahnbehandlung-in-istanbul\/\" data-type=\"page\" data-id=\"981\" rel=\"nofollow noopener\" target=\"_blank\"><\/a><a href=\"https:\/\/medicaltravel.ch\/en\/patient-reports\/patient-testimonials-hair-transplantation-tuerkiye\/my-dental-treatment-in-istanbul-report-from-saturday-august-6-2011\/\" data-type=\"link\" data-id=\"https:\/\/medicaltravel.ch\/en\/patient-reports\/patient-testimonials-hair-transplantation-tuerkiye\/my-dental-treatment-in-istanbul-report-from-saturday-august-6-2011\/\">Next report<\/a><\/p>\n<\/div>\n","protected":false},"excerpt":{"rendered":"<p>My liposuction in Istanbul at Acibadem Hospital \u2013 report from Sunday, August 7, 2011 Patientenbericht \u2013 Fettabsaugung in IstanbulLange hatten mich meine Fettpolster an H\u00fcften und Beinen gest\u00f6rt. Trotz Di\u00e4ten und viel Sport wurden diese Bereiche nicht schlanker. Im Internet informierte ich mich intensiv \u00fcber eine Fettabsaugung, inklusive m\u00f6glicher Ergebnisse und Risiken. Viele positive Erfahrungsberichte und \u00fcberzeugende Vorher-Nachher-Bilder best\u00e4rkten mich schlie\u00dflich in meiner Entscheidung.F\u00fcr die Suche nach einem geeigneten Chirurgen kontaktierte ich Swisslasik. Dort erhielt ich prompt den Lebenslauf von Herrn S\u00fckr\u00fc Yazar, der als renommierter Experte f\u00fcr Sch\u00f6nheitsoperationen gilt. Anfangs war der Gedanke, mich in der T\u00fcrkei operieren zu lassen, etwas ungewohnt, doch die Risiken sind grunds\u00e4tzlich \u00fcberall \u00e4hnlich. Auch die virtuelle Besichtigung des Spitals machte einen sehr guten Eindruck.Gemeinsam mit einer Kollegin flog ich von Z\u00fcrich nach Istanbul. Am Flughafen wurden wir vom Chauffeur des Acibadem Spitals empfangen und zur Voruntersuchung gebracht. Dort erwartete uns meine Betreuerin Seyma, die Englisch sprach \u2013 f\u00fcr mich kein Problem. Meine Personalien wurden aufgenommen, anschlie\u00dfend f\u00fchrte der Chirurg ein ausf\u00fchrliches Gespr\u00e4ch. Er untersuchte meine Figur, markierte die zu behandelnden Stellen und kl\u00e4rte mich nochmals \u00fcber m\u00f6gliche Risiken auf. Die Narkoseform wurde besprochen; ich w\u00fcnschte eine Lokalan\u00e4sthesie, die von der An\u00e4sthesistin best\u00e4tigt werden konnte. Blut wurde abgenommen und danach ging es zur\u00fcck ins Hotel, wo die Nacht wegen meiner Nervosit\u00e4t wenig erholsam war.Am n\u00e4chsten Morgen wurde ich um 07:00 Uhr abgeholt und ins Spital gefahren. Nach kurzer Einrichtung im Zimmer kam der Chirurg, markierte erneut die abzusaugenden Stellen und die Narkose\u00e4rztin besprach abschlie\u00dfend die geplante Lokalan\u00e4sthesie. Kurz darauf wurde ich in den Operationssaal gebracht. Die Narkose wurde verabreicht und ich befand mich in einem D\u00e4mmerschlaf. W\u00e4hrend der etwa zwei Stunden dauernden Operation bemerkte ich nichts vom Eingriff. Nach dem Aufwachen wurde mir mitgeteilt, dass die Operation erfolgreich abgeschlossen sei. Patientenbericht \u2013 Fettabsaugung bei Herrn S\u00fckr\u00fc YazarNach der Operation musste ich kurz im Aufwachraum bleiben, bevor mich eine Schwester auf mein Zimmer brachte. Ich f\u00fchlte mich gut, war jedoch noch leicht benebelt. Einige Stunden sp\u00e4ter kam Herr S\u00fckr\u00fc Yazar vorbei, erkundigte sich nach meinem Befinden und den Schmerzen. Anschlie\u00dfend erhielt ich eine Infusion mit Fl\u00fcssigkeit und etwas Schmerzmittel, zudem etwas zu essen. Da es wichtig ist, fr\u00fch wieder aufzustehen, half mir eine Krankenschwester beim Gehen zur Toilette. Anfangs noch unsicher, konnte ich mich bald selbstst\u00e4ndig bewegen.Die Krankenschwestern waren \u00e4u\u00dferst freundlich und umsorgten mich liebevoll. Am Abend konnte ich bereits selbstst\u00e4ndig gehen. Ich verbrachte eine Nacht im Spital. Am n\u00e4chsten Morgen begutachtete der Chirurg meine H\u00fcfte und Beine. Die Haut war blau-gr\u00fcn und violett, aber die Ver\u00e4nderung an den H\u00fcften war bereits deutlich sichtbar. Er \u00fcbergab mir ein Rezept mit Medikamenten und erkl\u00e4rte die Dosierung, die mir sp\u00e4ter eine Mitarbeiterin vorbeibrachte. Danach wurde ich ins Hotel zur\u00fcckgebracht.Der Aufenthalt im Spital war angenehm, der Service hervorragend und das Einzelzimmer vergleichbar mit einem Hotelzimmer. Schmerzen waren zun\u00e4chst wie starker Muskelkater sp\u00fcrbar, nachts schlief ich dank Medikamenten gut. Am n\u00e4chsten Morgen konnte ich mich das erste Mal duschen, die Bewegungen waren noch steif. Obwohl die operierten Stellen zun\u00e4chst unsch\u00f6n aussahen, wusste ich durch vorherige Informationen, dass dies normal ist.Trotz leichter M\u00fcdigkeit besuchten wir am selben Tag den gro\u00dfen Basar. Schon am n\u00e4chsten Tag reisten wir zur\u00fcck in die Schweiz. Der Flug verlief problemlos, die Schmerzen waren deutlich geringer und die Beweglichkeit verbessert.Vier Wochen nach dem Eingriff sind alle Schmerzen verschwunden, die blauen Flecken abgeheilt, und die Narben kaum sichtbar. Das endg\u00fcltige Ergebnis ist noch nicht vollst\u00e4ndig, doch die bisherigen Ergebnisse gefallen mir sehr.Jeanette Kramer Previous report Next report<\/p>\n","protected":false},"author":4,"featured_media":0,"parent":3709,"menu_order":0,"comment_status":"closed","ping_status":"closed","template":"","meta":{"_joinchat":[],"footnotes":""},"class_list":["post-3750","page","type-page","status-publish","hentry"],"acf":[],"_links":{"self":[{"href":"https:\/\/medicaltravel.ch\/en\/wp-json\/wp\/v2\/pages\/3750","targetHints":{"allow":["GET"]}}],"collection":[{"href":"https:\/\/medicaltravel.ch\/en\/wp-json\/wp\/v2\/pages"}],"about":[{"href":"https:\/\/medicaltravel.ch\/en\/wp-json\/wp\/v2\/types\/page"}],"author":[{"embeddable":true,"href":"https:\/\/medicaltravel.ch\/en\/wp-json\/wp\/v2\/users\/4"}],"replies":[{"embeddable":true,"href":"https:\/\/medicaltravel.ch\/en\/wp-json\/wp\/v2\/comments?post=3750"}],"version-history":[{"count":4,"href":"https:\/\/medicaltravel.ch\/en\/wp-json\/wp\/v2\/pages\/3750\/revisions"}],"predecessor-version":[{"id":6634,"href":"https:\/\/medicaltravel.ch\/en\/wp-json\/wp\/v2\/pages\/3750\/revisions\/6634"}],"up":[{"embeddable":true,"href":"https:\/\/medicaltravel.ch\/en\/wp-json\/wp\/v2\/pages\/3709"}],"wp:attachment":[{"href":"https:\/\/medicaltravel.ch\/en\/wp-json\/wp\/v2\/media?parent=3750"}],"curies":[{"name":"wp","href":"https:\/\/api.w.org\/{rel}","templated":true}]}}