{"id":3752,"date":"2025-09-24T06:53:30","date_gmt":"2025-09-24T05:53:30","guid":{"rendered":"https:\/\/medicaltravel.ch\/patient-reports\/patient-testimonials-hair-transplantation-tuerkiye\/my-dental-treatment-in-istanbul-report-from-saturday-june-4-2011\/"},"modified":"2026-01-12T23:28:20","modified_gmt":"2026-01-12T22:28:20","slug":"my-dental-treatment-in-istanbul-report-from-saturday-june-4-2011","status":"publish","type":"page","link":"https:\/\/medicaltravel.ch\/en\/patient-reports\/patient-testimonials-hair-transplantation-tuerkiye\/my-dental-treatment-in-istanbul-report-from-saturday-june-4-2011\/","title":{"rendered":"My dental treatment in Istanbul \u2013 report from Saturday, June 4, 2011"},"content":{"rendered":"\n<p>My dental treatment in Istanbul \u2013 report from Saturday, June 4, 2011<\/p>\n\n\n\n<p>Patientenbericht \u2013 Zahnbehandlung in Istanbul<br>Ich war mit meiner Zahnbehandlung in der T\u00fcrkei sehr zufrieden. \u00dcber das Internet stie\u00df ich auf SwissLasik und erfuhr, dass sie einen Stand an der Ferienmesse in St. Gallen hatten. Wir erhielten gratis Eintrittskarten und konnten uns dort umfassend informieren. Daraufhin entschloss ich mich, meine Z\u00e4hne in der Stomadentaklinik in Istanbul behandeln zu lassen.<br>Die Organisation war ausgezeichnet: Flug, Hotel und Abholservice am Flughafen sowie vor Ort in der Klinik liefen reibungslos. In der Klinik wurde ich herzlich von Dr. Bilhan auf Deutsch empfangen. Er erkl\u00e4rte mir den genauen Ablauf, bevor es losging.<br>W\u00e4hrend der Behandlung wurden Z\u00e4hne gezogen, f\u00fcnf Implantate gesetzt und zwei Z\u00e4hne f\u00fcr eine weitere Sitzung vorbereitet. Ich war rundum zufrieden mit allen Leistungen. Im November werde ich nochmals nach Istanbul fliegen, um die Implantate endg\u00fcltig zu versorgen und eine Br\u00fccke einzusetzen. Dieses Mal gehe ich ohne jegliche Angst zum Zahnarzt nach Istanbul.<br>Ich kann SwissLasik uneingeschr\u00e4nkt weiterempfehlen \u2013 die Betreuung und das Preis-Leistungs-Verh\u00e4ltnis waren hervorragend.               <\/p>\n\n\n\n<div class=\"wp-block-group is-layout-grid wp-container-core-group-is-layout-baef362d wp-block-group-is-layout-grid\">\n<p><a href=\"https:\/\/medicaltravel.at\/home\/agb\/\" data-type=\"page\" data-id=\"2191\" rel=\"nofollow noopener\" target=\"_blank\"><\/a><a href=\"https:\/\/medicaltravel.ch\/en\/patient-reports\/patient-testimonials-hair-transplantation-tuerkiye\/my-eye-laser-surgery-journey-from-april-21-2011-report-from-monday-june-13-2011\/\" data-type=\"link\" data-id=\"https:\/\/medicaltravel.ch\/en\/patient-reports\/patient-testimonials-hair-transplantation-tuerkiye\/my-eye-laser-surgery-journey-from-april-21-2011-report-from-monday-june-13-2011\/\">Previous report<\/a><\/p>\n\n\n\n<p class=\"has-text-align-right wp-container-content-5e2576f9\"><a href=\"https:\/\/medicaltravel.at\/home\/impressum\/\" data-type=\"page\" data-id=\"2193\" rel=\"nofollow noopener\" target=\"_blank\"><\/a><a href=\"https:\/\/medicaltravel.at\/home\/berichte-von-patienten\/erfahrungsberichte\/erfahrungsbericht-zahnbehandlung-in-istanbul\/\" data-type=\"page\" data-id=\"981\" rel=\"nofollow noopener\" target=\"_blank\"><\/a><a href=\"https:\/\/medicaltravel.ch\/en\/patient-reports\/patient-testimonials-hair-transplantation-tuerkiye\/my-laser-eye-surgery-in-april-2011-report-from-thursday-june-2-2011\/\" data-type=\"link\" data-id=\"https:\/\/medicaltravel.ch\/berichte-von-patienten-istanbul-turkei\/patientenberichte-2011\/meine-augenlaser-operation-im-april-2011-bericht-vom-donnerstag-02-juni-2011\/\">Next report<\/a><\/p>\n<\/div>\n","protected":false},"excerpt":{"rendered":"<p>My dental treatment in Istanbul \u2013 report from Saturday, June 4, 2011 Patientenbericht \u2013 Zahnbehandlung in IstanbulIch war mit meiner Zahnbehandlung in der T\u00fcrkei sehr zufrieden. \u00dcber das Internet stie\u00df ich auf SwissLasik und erfuhr, dass sie einen Stand an der Ferienmesse in St. Gallen hatten. Wir erhielten gratis Eintrittskarten und konnten uns dort umfassend informieren. Daraufhin entschloss ich mich, meine Z\u00e4hne in der Stomadentaklinik in Istanbul behandeln zu lassen.Die Organisation war ausgezeichnet: Flug, Hotel und Abholservice am Flughafen sowie vor Ort in der Klinik liefen reibungslos. In der Klinik wurde ich herzlich von Dr. Bilhan auf Deutsch empfangen. Er erkl\u00e4rte mir den genauen Ablauf, bevor es losging.W\u00e4hrend der Behandlung wurden Z\u00e4hne gezogen, f\u00fcnf Implantate gesetzt und zwei Z\u00e4hne f\u00fcr eine weitere Sitzung vorbereitet. Ich war rundum zufrieden mit allen Leistungen. Im November werde ich nochmals nach Istanbul fliegen, um die Implantate endg\u00fcltig zu versorgen und eine Br\u00fccke einzusetzen. Dieses Mal gehe ich ohne jegliche Angst zum Zahnarzt nach Istanbul.Ich kann SwissLasik uneingeschr\u00e4nkt weiterempfehlen \u2013 die Betreuung und das Preis-Leistungs-Verh\u00e4ltnis waren hervorragend. Previous report Next report<\/p>\n","protected":false},"author":4,"featured_media":0,"parent":3709,"menu_order":0,"comment_status":"closed","ping_status":"closed","template":"","meta":{"_joinchat":[],"footnotes":""},"class_list":["post-3752","page","type-page","status-publish","hentry"],"acf":[],"_links":{"self":[{"href":"https:\/\/medicaltravel.ch\/en\/wp-json\/wp\/v2\/pages\/3752","targetHints":{"allow":["GET"]}}],"collection":[{"href":"https:\/\/medicaltravel.ch\/en\/wp-json\/wp\/v2\/pages"}],"about":[{"href":"https:\/\/medicaltravel.ch\/en\/wp-json\/wp\/v2\/types\/page"}],"author":[{"embeddable":true,"href":"https:\/\/medicaltravel.ch\/en\/wp-json\/wp\/v2\/users\/4"}],"replies":[{"embeddable":true,"href":"https:\/\/medicaltravel.ch\/en\/wp-json\/wp\/v2\/comments?post=3752"}],"version-history":[{"count":2,"href":"https:\/\/medicaltravel.ch\/en\/wp-json\/wp\/v2\/pages\/3752\/revisions"}],"predecessor-version":[{"id":6638,"href":"https:\/\/medicaltravel.ch\/en\/wp-json\/wp\/v2\/pages\/3752\/revisions\/6638"}],"up":[{"embeddable":true,"href":"https:\/\/medicaltravel.ch\/en\/wp-json\/wp\/v2\/pages\/3709"}],"wp:attachment":[{"href":"https:\/\/medicaltravel.ch\/en\/wp-json\/wp\/v2\/media?parent=3752"}],"curies":[{"name":"wp","href":"https:\/\/api.w.org\/{rel}","templated":true}]}}