{"id":3859,"date":"2025-09-17T08:05:48","date_gmt":"2025-09-17T07:05:48","guid":{"rendered":"https:\/\/medicaltravel.ch\/dental-tourism\/dental-clinics\/acibadem-dental-clinic-in-istanbul\/"},"modified":"2026-01-01T00:59:11","modified_gmt":"2025-12-31T23:59:11","slug":"acibadem-dental-clinic-in-istanbul","status":"publish","type":"page","link":"https:\/\/medicaltravel.ch\/en\/dental-tourism\/dental-clinics\/acibadem-dental-clinic-in-istanbul\/","title":{"rendered":"Acibadem Dental Clinic in Istanbul"},"content":{"rendered":"\t\t<div data-elementor-type=\"wp-page\" data-elementor-id=\"3859\" class=\"elementor elementor-3859 elementor-50\" data-elementor-post-type=\"page\">\n\t\t\t\t<div class=\"elementor-element elementor-element-6b79299a e-flex e-con-boxed wpr-particle-no wpr-jarallax-no wpr-parallax-no wpr-sticky-section-no wpr-equal-height-no e-con e-parent\" data-id=\"6b79299a\" data-element_type=\"container\" data-e-type=\"container\">\n\t\t\t\t\t<div class=\"e-con-inner\">\n\t\t<div class=\"elementor-element elementor-element-cceccbf e-con-full e-flex wpr-particle-no wpr-jarallax-no wpr-parallax-no wpr-sticky-section-no wpr-equal-height-no e-con e-child\" data-id=\"cceccbf\" data-element_type=\"container\" data-e-type=\"container\">\n\t\t\t\t<div class=\"elementor-element elementor-element-a4a36a9 elementor-widget elementor-widget-button\" data-id=\"a4a36a9\" data-element_type=\"widget\" data-e-type=\"widget\" data-widget_type=\"button.default\">\n\t\t\t\t\t\t\t\t\t\t<a class=\"elementor-button elementor-button-link elementor-size-sm\" href=\"https:\/\/medicaltravel.ch\/zahnimplantate\/zahnkliniken\/swiss-dentalklinik-istanbul\/\">\n\t\t\t\t\t\t<span class=\"elementor-button-content-wrapper\">\n\t\t\t\t\t\t\t\t\t<span class=\"elementor-button-text\">Swiss Istanbul<\/span>\n\t\t\t\t\t<\/span>\n\t\t\t\t\t<\/a>\n\t\t\t\t\t\t\t\t<\/div>\n\t\t\t\t<div class=\"elementor-element elementor-element-961d421 elementor-widget elementor-widget-button\" data-id=\"961d421\" data-element_type=\"widget\" data-e-type=\"widget\" data-widget_type=\"button.default\">\n\t\t\t\t\t\t\t\t\t\t<a class=\"elementor-button elementor-button-link elementor-size-sm\" href=\"https:\/\/medicaltravel.ch\/zahnimplantate\/zahnkliniken\/hospitadent-zahnklinik-istanbul\/\">\n\t\t\t\t\t\t<span class=\"elementor-button-content-wrapper\">\n\t\t\t\t\t\t\t\t\t<span class=\"elementor-button-text\">Hospitadent Istanbul<\/span>\n\t\t\t\t\t<\/span>\n\t\t\t\t\t<\/a>\n\t\t\t\t\t\t\t\t<\/div>\n\t\t\t\t<div class=\"elementor-element elementor-element-6cd1ea8 elementor-widget elementor-widget-button\" data-id=\"6cd1ea8\" data-element_type=\"widget\" data-e-type=\"widget\" data-widget_type=\"button.default\">\n\t\t\t\t\t\t\t\t\t\t<a class=\"elementor-button elementor-button-link elementor-size-sm\" href=\"https:\/\/medicaltravel.ch\/en\/dental-tourism\/dental-clinics\/acibadem-dental-clinic-in-istanbul\/\">\n\t\t\t\t\t\t<span class=\"elementor-button-content-wrapper\">\n\t\t\t\t\t\t\t\t\t<span class=\"elementor-button-text\">Acibadem Istanbul<\/span>\n\t\t\t\t\t<\/span>\n\t\t\t\t\t<\/a>\n\t\t\t\t\t\t\t\t<\/div>\n\t\t\t\t<div class=\"elementor-element elementor-element-704b6b1 elementor-widget elementor-widget-button\" data-id=\"704b6b1\" data-element_type=\"widget\" data-e-type=\"widget\" data-widget_type=\"button.default\">\n\t\t\t\t\t\t\t\t\t\t<a class=\"elementor-button elementor-button-link elementor-size-sm\" href=\"https:\/\/medicaltravel.ch\/zahnimplantate\/zahnkliniken\/zahnklinik-in-antalya\/\">\n\t\t\t\t\t\t<span class=\"elementor-button-content-wrapper\">\n\t\t\t\t\t\t\t\t\t<span class=\"elementor-button-text\">Antalya<\/span>\n\t\t\t\t\t<\/span>\n\t\t\t\t\t<\/a>\n\t\t\t\t\t\t\t\t<\/div>\n\t\t\t\t<div class=\"elementor-element elementor-element-ace9af6 elementor-widget elementor-widget-button\" data-id=\"ace9af6\" data-element_type=\"widget\" data-e-type=\"widget\" data-widget_type=\"button.default\">\n\t\t\t\t\t\t\t\t\t\t<a class=\"elementor-button elementor-button-link elementor-size-sm\" href=\"https:\/\/medicaltravel.ch\/zahnimplantate\/zahnkliniken\/zahnklinik-in-manavgat\/\">\n\t\t\t\t\t\t<span class=\"elementor-button-content-wrapper\">\n\t\t\t\t\t\t\t\t\t<span class=\"elementor-button-text\">Side<\/span>\n\t\t\t\t\t<\/span>\n\t\t\t\t\t<\/a>\n\t\t\t\t\t\t\t\t<\/div>\n\t\t\t\t<div class=\"elementor-element elementor-element-f370025 elementor-widget elementor-widget-button\" data-id=\"f370025\" data-element_type=\"widget\" data-e-type=\"widget\" data-widget_type=\"button.default\">\n\t\t\t\t\t\t\t\t\t\t<a class=\"elementor-button elementor-button-link elementor-size-sm\" href=\"https:\/\/medicaltravel.ch\/en\/dental-tourism\/range-of-services\/zahnspange-kieferorthopaedie-tuerkei-istanbul-zuerich\/\">\n\t\t\t\t\t\t<span class=\"elementor-button-content-wrapper\">\n\t\t\t\t\t\t\t\t\t<span class=\"elementor-button-text\">Izmir<\/span>\n\t\t\t\t\t<\/span>\n\t\t\t\t\t<\/a>\n\t\t\t\t\t\t\t\t<\/div>\n\t\t\t\t<div class=\"elementor-element elementor-element-894279a elementor-widget elementor-widget-button\" data-id=\"894279a\" data-element_type=\"widget\" data-e-type=\"widget\" data-widget_type=\"button.default\">\n\t\t\t\t\t\t\t\t\t\t<a class=\"elementor-button elementor-button-link elementor-size-sm\" href=\"https:\/\/medicaltravel.ch\/zahnimplantate\/zahnkliniken\/kayseri\/\">\n\t\t\t\t\t\t<span class=\"elementor-button-content-wrapper\">\n\t\t\t\t\t\t\t\t\t<span class=\"elementor-button-text\">Kayseri<\/span>\n\t\t\t\t\t<\/span>\n\t\t\t\t\t<\/a>\n\t\t\t\t\t\t\t\t<\/div>\n\t\t\t\t<div class=\"elementor-element elementor-element-3117689 elementor-widget elementor-widget-button\" data-id=\"3117689\" data-element_type=\"widget\" data-e-type=\"widget\" data-widget_type=\"button.default\">\n\t\t\t\t\t\t\t\t\t\t<a class=\"elementor-button elementor-button-link elementor-size-sm\" href=\"https:\/\/medicaltravel.ch\/zahnimplantate\/zahnkliniken\/zahnklinik-in-kusadasi\/\">\n\t\t\t\t\t\t<span class=\"elementor-button-content-wrapper\">\n\t\t\t\t\t\t\t\t\t<span class=\"elementor-button-text\">Kusadasi<\/span>\n\t\t\t\t\t<\/span>\n\t\t\t\t\t<\/a>\n\t\t\t\t\t\t\t\t<\/div>\n\t\t\t\t<div class=\"elementor-element elementor-element-8280327 elementor-widget elementor-widget-button\" data-id=\"8280327\" data-element_type=\"widget\" data-e-type=\"widget\" data-widget_type=\"button.default\">\n\t\t\t\t\t\t\t\t\t\t<a class=\"elementor-button elementor-button-link elementor-size-sm\" href=\"https:\/\/medicaltravel.ch\/zahnimplantate\/zahnkliniken\/alanya\/\">\n\t\t\t\t\t\t<span class=\"elementor-button-content-wrapper\">\n\t\t\t\t\t\t\t\t\t<span class=\"elementor-button-text\">Alanya<\/span>\n\t\t\t\t\t<\/span>\n\t\t\t\t\t<\/a>\n\t\t\t\t\t\t\t\t<\/div>\n\t\t\t\t<div class=\"elementor-element elementor-element-9347d64 elementor-widget elementor-widget-button\" data-id=\"9347d64\" data-element_type=\"widget\" data-e-type=\"widget\" data-widget_type=\"button.default\">\n\t\t\t\t\t\t\t\t\t\t<a class=\"elementor-button elementor-button-link elementor-size-sm\" href=\"https:\/\/medicaltravel.ch\/zahnimplantate\/zahnkliniken\/bodrum\/\">\n\t\t\t\t\t\t<span class=\"elementor-button-content-wrapper\">\n\t\t\t\t\t\t\t\t\t<span class=\"elementor-button-text\">Bodrum<\/span>\n\t\t\t\t\t<\/span>\n\t\t\t\t\t<\/a>\n\t\t\t\t\t\t\t\t<\/div>\n\t\t\t\t<\/div>\n\t\t\t\t<div class=\"elementor-element elementor-element-32bfaef5 elementor-widget elementor-widget-text-editor\" data-id=\"32bfaef5\" data-element_type=\"widget\" data-e-type=\"widget\" data-widget_type=\"text-editor.default\">\n\t\t\t\t\t\t\t\t\t\n<h3 class=\"wp-block-heading\">Dental clinic Istanbul \u2013 Acibadem<\/h3>\n\n<p><a href=\"http:\/\/en.wikipedia.org\/wiki\/Ac%C4%B1badem_Healthcare_Group\" target=\"_blank\" rel=\"noreferrer noopener nofollow\">Acibadem Hospital<\/a> is equipped with the latest devices and technology in Istanbul. It is one of the most renowned private hospitals in the city and is among the top 100 companies in Turkey. The Acibadem Healthcare Group, which is also a joint-stock company, continues to grow and develop year after year. EU hygiene standards are far exceeded. You are also treated there by highly qualified specialists and surgeons.  <\/p>\n\n<p>The hospital has 24 different medical centres, most of which are located in Istanbul. It is the leading address in Istanbul and Turkey within the healthcare sector and is also a preferred choice for Istanbul\u2019s high society and people from across Turkey. The Turkish national football team, as well as top clubs such as Fenerbah\u00e7e, Galatasaray and Be\u015fikta\u015f Istanbul, receive their medical care from Acibadem. <\/p>\n\n<figure class=\"wp-block-image size-full\"><img fetchpriority=\"high\" decoding=\"async\" width=\"600\" height=\"400\" class=\"wp-image-334\" src=\"https:\/\/medicaltravel.ch\/wp-content\/uploads\/2025\/09\/csm_IMG_1398_8741def1be.jpg\" alt=\"\" srcset=\"https:\/\/medicaltravel.ch\/wp-content\/uploads\/2025\/09\/csm_IMG_1398_8741def1be.jpg 600w, https:\/\/medicaltravel.ch\/wp-content\/uploads\/2025\/09\/csm_IMG_1398_8741def1be-300x200.jpg 300w\" sizes=\"(max-width: 600px) 100vw, 600px\" \/><\/figure>\n\n<p id=\"caption-attachment-1013\">Modern facilities in our dental clinic in Istanbul<\/p>\n\n<p>Acibadem Hospital is certified by the US <a href=\"http:\/\/www.jointcommissioninternational.org\/\" target=\"_blank\" rel=\"noreferrer noopener nofollow\">JCI Joint Commission Internationa<\/a>l<\/p>\n\n<p>Acibadem has 1,600 highly trained doctors who cover all their specialties, including dental treatments, and who continuously further develop scientific and technological advances.<\/p>\n\n<figure class=\"wp-block-image size-full\"><img decoding=\"async\" width=\"80\" height=\"80\" class=\"wp-image-336\" src=\"https:\/\/medicaltravel.ch\/wp-content\/uploads\/2025\/09\/RTEmagicC_jc_goldseal-1040x1040_converted__1__70.jpg.jpg\" alt=\"\"><\/figure>\n\n<p><strong>Why choose Acibadem Hospital for your treatment in Istanbul?<\/strong><\/p>\n\n<p>The hospital:<\/p>\n\n<ul class=\"wp-block-list\">\n<li>is certified by Joint Commission International<\/li>\n\n<li>is a member of the European Foundation for Quality Management<\/li>\n\n<li>is the medical sponsor of the Turkish national football team<\/li>\n\n<li>employs 10,500 staff, including 1,600 doctors<\/li>\n\n<li>has well over 24 different medical centres in Turkey<\/li>\n\n<li>is among the top 100 companies in the country<\/li>\n\n<li>offers all types of medical treatments<\/li>\n\n<li>is particularly well known for its services in dental treatments, artificial fertilisation, laser eye treatments and hair transplantation<\/li>\n\n<li>Support in numerous languages, including German.<\/li>\n<\/ul>\n\n<p>The hospital\u2019s broad range of services enables patients to access various treatment options. With extensive experience in the procedures offered, the hospital is available to meet high expectations and deliver high-quality services. <\/p>\n\n<p>When it comes to your health and beauty, everything has to be right. For good and lasting results, doctors play the most important role. Your dental treatment is carried out exclusively by experienced dentists, including <a href=\"https:\/\/medicaltravel.ch\/wp-content\/uploads\/2025\/09\/Lebenslauf_Dent_Dr_Ozge_Ozturk.pdf\" data-type=\"link\" data-id=\"https:\/\/medicaltravel.ch\/wp-content\/uploads\/2025\/09\/Lebenslauf_Dent_Dr_Ozge_Ozturk.pdf\">Dent. Dr. \u00d6zge \u00d6zt\u00fcrk.<\/a> <\/p>\n\n<figure class=\"wp-block-image size-full\"><img decoding=\"async\" width=\"115\" height=\"150\" class=\"wp-image-337\" src=\"https:\/\/medicaltravel.ch\/wp-content\/uploads\/2025\/09\/RTEmagicC_OEzge_OEztuerk_dis_doktoru_15.jpg.jpg\" alt=\"\"><\/figure>\n\n<p><a href=\"https:\/\/medicaltravel.ch\/wp-content\/uploads\/2025\/09\/Lebenslauf_Dent_Dr_Ozge_Ozturk.pdf\" data-type=\"link\" data-id=\"https:\/\/medicaltravel.ch\/wp-content\/uploads\/2025\/09\/Lebenslauf_Dent_Dr_Ozge_Ozturk.pdf\">Dent. Dr. \u00d6zge \u00d6zt\u00fcrk <\/a><\/p>\n\n<p><a href=\"https:\/\/www.acibadem.com.tr\/SanalTur\/fulya\/en.html\" target=\"_blank\" rel=\"noreferrer noopener nofollow\">Here you can visit the hospital virtually. Ready? See for yourself and be amazed.  <\/a><\/p>\n\n<figure class=\"wp-block-image size-full\"><img loading=\"lazy\" decoding=\"async\" width=\"600\" height=\"400\" class=\"wp-image-338\" src=\"https:\/\/medicaltravel.ch\/wp-content\/uploads\/2025\/09\/csm_IMG_1465_01_8d8b3d2528.jpg\" alt=\"\" srcset=\"https:\/\/medicaltravel.ch\/wp-content\/uploads\/2025\/09\/csm_IMG_1465_01_8d8b3d2528.jpg 600w, https:\/\/medicaltravel.ch\/wp-content\/uploads\/2025\/09\/csm_IMG_1465_01_8d8b3d2528-300x200.jpg 300w\" sizes=\"(max-width: 600px) 100vw, 600px\" \/><\/figure>\n\n<p id=\"caption-attachment-1014\">Friendly dentists are waiting for you<\/p>\n\n<figure class=\"wp-block-image size-full\"><img loading=\"lazy\" decoding=\"async\" width=\"600\" height=\"400\" class=\"wp-image-340\" src=\"https:\/\/medicaltravel.ch\/wp-content\/uploads\/2025\/09\/csm_IMG_1385_0a418c33ce.jpg\" alt=\"\" srcset=\"https:\/\/medicaltravel.ch\/wp-content\/uploads\/2025\/09\/csm_IMG_1385_0a418c33ce.jpg 600w, https:\/\/medicaltravel.ch\/wp-content\/uploads\/2025\/09\/csm_IMG_1385_0a418c33ce-300x200.jpg 300w\" sizes=\"(max-width: 600px) 100vw, 600px\" \/><\/figure>\n\n<p id=\"caption-attachment-1015\">Modern dental clinic in Istanbul<\/p>\n\n<figure class=\"wp-block-image size-full\"><img loading=\"lazy\" decoding=\"async\" width=\"600\" height=\"400\" class=\"wp-image-341\" src=\"https:\/\/medicaltravel.ch\/wp-content\/uploads\/2025\/09\/csm_IMG_1385_0a418c33ce-1.jpg\" alt=\"\" srcset=\"https:\/\/medicaltravel.ch\/wp-content\/uploads\/2025\/09\/csm_IMG_1385_0a418c33ce-1.jpg 600w, https:\/\/medicaltravel.ch\/wp-content\/uploads\/2025\/09\/csm_IMG_1385_0a418c33ce-1-300x200.jpg 300w\" sizes=\"(max-width: 600px) 100vw, 600px\" \/><\/figure>\n\n<p id=\"caption-attachment-1016\">Dental clinic in Istanbul<\/p>\n\t\t\t\t\t\t\t\t<\/div>\n\t\t\t\t\t<\/div>\n\t\t\t\t<\/div>\n\t\t\t\t<\/div>\n\t\t","protected":false},"excerpt":{"rendered":"<p>Swiss Istanbul Hospitadent Istanbul Acibadem Istanbul Antalya Side Izmir Kayseri Kusadasi Alanya Bodrum Dental clinic Istanbul \u2013 Acibadem Acibadem Hospital is equipped with the latest devices and technology in Istanbul. It is one of the most renowned private hospitals in the city and is among the top 100 companies in Turkey. The Acibadem Healthcare Group, which is also a joint-stock company, continues to grow and develop year after year. EU hygiene standards are far exceeded. You are also treated there by highly qualified specialists and surgeons. The hospital has 24 different medical centres, most of which are located in Istanbul. It is the leading address in Istanbul and Turkey within the healthcare sector and is also a preferred choice for Istanbul\u2019s high society and people from across Turkey. The Turkish national football team, as well as top clubs such as Fenerbah\u00e7e, Galatasaray and Be\u015fikta\u015f Istanbul, receive their medical care from Acibadem. Modern facilities in our dental clinic in Istanbul Acibadem Hospital is certified by the US JCI Joint Commission International Acibadem has 1,600 highly trained doctors who cover all their specialties, including dental treatments, and who continuously further develop scientific and technological advances. Why choose Acibadem Hospital for your treatment in Istanbul? The hospital: is certified by Joint Commission International is a member of the European Foundation for Quality Management is the medical sponsor of the Turkish national football team employs 10,500 staff, including 1,600 doctors has well over 24 different medical centres in Turkey is among the top 100 companies in the country offers all types of medical treatments is particularly well known for its services in dental treatments, artificial fertilisation, laser eye treatments and hair transplantation Support in numerous languages, including German. The hospital\u2019s broad range of services enables patients to access various treatment options. With extensive experience in the procedures offered, the hospital is available to meet high expectations and deliver high-quality services. When it comes to your health and beauty, everything has to be right. For good and lasting results, doctors play the most important role. Your dental treatment is carried out exclusively by experienced dentists, including Dent. Dr. \u00d6zge \u00d6zt\u00fcrk. Dent. Dr. \u00d6zge \u00d6zt\u00fcrk Here you can visit the hospital virtually. Ready? See for yourself and be amazed. Friendly dentists are waiting for you Modern dental clinic in Istanbul Dental clinic in Istanbul<\/p>\n","protected":false},"author":4,"featured_media":0,"parent":3858,"menu_order":0,"comment_status":"closed","ping_status":"closed","template":"","meta":{"_joinchat":[],"footnotes":""},"class_list":["post-3859","page","type-page","status-publish","hentry"],"acf":[],"_links":{"self":[{"href":"https:\/\/medicaltravel.ch\/en\/wp-json\/wp\/v2\/pages\/3859","targetHints":{"allow":["GET"]}}],"collection":[{"href":"https:\/\/medicaltravel.ch\/en\/wp-json\/wp\/v2\/pages"}],"about":[{"href":"https:\/\/medicaltravel.ch\/en\/wp-json\/wp\/v2\/types\/page"}],"author":[{"embeddable":true,"href":"https:\/\/medicaltravel.ch\/en\/wp-json\/wp\/v2\/users\/4"}],"replies":[{"embeddable":true,"href":"https:\/\/medicaltravel.ch\/en\/wp-json\/wp\/v2\/comments?post=3859"}],"version-history":[{"count":0,"href":"https:\/\/medicaltravel.ch\/en\/wp-json\/wp\/v2\/pages\/3859\/revisions"}],"up":[{"embeddable":true,"href":"https:\/\/medicaltravel.ch\/en\/wp-json\/wp\/v2\/pages\/3858"}],"wp:attachment":[{"href":"https:\/\/medicaltravel.ch\/en\/wp-json\/wp\/v2\/media?parent=3859"}],"curies":[{"name":"wp","href":"https:\/\/api.w.org\/{rel}","templated":true}]}}