{"id":3915,"date":"2025-09-17T08:16:37","date_gmt":"2025-09-17T07:16:37","guid":{"rendered":"https:\/\/medicaltravel.ch\/dental-tourism\/dental-clinics\/dental-clinic-in-kusadasi\/"},"modified":"2026-01-01T01:37:57","modified_gmt":"2026-01-01T00:37:57","slug":"dental-clinic-in-kusadasi","status":"publish","type":"page","link":"https:\/\/medicaltravel.ch\/en\/dental-tourism\/dental-clinics\/dental-clinic-in-kusadasi\/","title":{"rendered":"Dental Clinic in Kusadasi"},"content":{"rendered":"\t\t<div data-elementor-type=\"wp-page\" data-elementor-id=\"3915\" class=\"elementor elementor-3915 elementor-60\" data-elementor-post-type=\"page\">\n\t\t\t\t<div class=\"elementor-element elementor-element-40b8d8c2 e-flex e-con-boxed wpr-particle-no wpr-jarallax-no wpr-parallax-no wpr-sticky-section-no e-con e-parent\" data-id=\"40b8d8c2\" data-element_type=\"container\" data-e-type=\"container\">\n\t\t\t\t\t<div class=\"e-con-inner\">\n\t\t<div class=\"elementor-element elementor-element-316285d e-con-full e-flex wpr-particle-no wpr-jarallax-no wpr-parallax-no wpr-sticky-section-no e-con e-child\" data-id=\"316285d\" data-element_type=\"container\" data-e-type=\"container\">\n\t\t\t\t<div class=\"elementor-element elementor-element-62f08e2 elementor-widget elementor-widget-button\" data-id=\"62f08e2\" data-element_type=\"widget\" data-e-type=\"widget\" data-widget_type=\"button.default\">\n\t\t\t\t\t\t\t\t\t\t<a class=\"elementor-button elementor-button-link elementor-size-sm\" href=\"https:\/\/medicaltravel.ch\/en\/dental-tourism\/dental-clinics\/swiss-dental-clinic-in-istanbul\/\">\n\t\t\t\t\t\t<span class=\"elementor-button-content-wrapper\">\n\t\t\t\t\t\t\t\t\t<span class=\"elementor-button-text\">Swiss Istanbul<\/span>\n\t\t\t\t\t<\/span>\n\t\t\t\t\t<\/a>\n\t\t\t\t\t\t\t\t<\/div>\n\t\t\t\t<div class=\"elementor-element elementor-element-e03d496 elementor-widget elementor-widget-button\" data-id=\"e03d496\" data-element_type=\"widget\" data-e-type=\"widget\" data-widget_type=\"button.default\">\n\t\t\t\t\t\t\t\t\t\t<a class=\"elementor-button elementor-button-link elementor-size-sm\" href=\"https:\/\/medicaltravel.ch\/en\/dental-tourism\/dental-clinics\/hospitadent-dental-clinic-istanbul\/\">\n\t\t\t\t\t\t<span class=\"elementor-button-content-wrapper\">\n\t\t\t\t\t\t\t\t\t<span class=\"elementor-button-text\">Hospitadent Istanbul<\/span>\n\t\t\t\t\t<\/span>\n\t\t\t\t\t<\/a>\n\t\t\t\t\t\t\t\t<\/div>\n\t\t\t\t<div class=\"elementor-element elementor-element-e22952c elementor-widget elementor-widget-button\" data-id=\"e22952c\" data-element_type=\"widget\" data-e-type=\"widget\" data-widget_type=\"button.default\">\n\t\t\t\t\t\t\t\t\t\t<a class=\"elementor-button elementor-button-link elementor-size-sm\" href=\"https:\/\/medicaltravel.ch\/en\/dental-tourism\/dental-clinics\/acibadem-dental-clinic-in-istanbul\/\">\n\t\t\t\t\t\t<span class=\"elementor-button-content-wrapper\">\n\t\t\t\t\t\t\t\t\t<span class=\"elementor-button-text\">Acibadem Istanbul<\/span>\n\t\t\t\t\t<\/span>\n\t\t\t\t\t<\/a>\n\t\t\t\t\t\t\t\t<\/div>\n\t\t\t\t<div class=\"elementor-element elementor-element-29642a5 elementor-widget elementor-widget-button\" data-id=\"29642a5\" data-element_type=\"widget\" data-e-type=\"widget\" data-widget_type=\"button.default\">\n\t\t\t\t\t\t\t\t\t\t<a class=\"elementor-button elementor-button-link elementor-size-sm\" href=\"https:\/\/medicaltravel.ch\/en\/dental-tourism\/dental-clinics\/dental-clinic-in-antalya\/\">\n\t\t\t\t\t\t<span class=\"elementor-button-content-wrapper\">\n\t\t\t\t\t\t\t\t\t<span class=\"elementor-button-text\">Antalya<\/span>\n\t\t\t\t\t<\/span>\n\t\t\t\t\t<\/a>\n\t\t\t\t\t\t\t\t<\/div>\n\t\t\t\t<div class=\"elementor-element elementor-element-8551f29 elementor-widget elementor-widget-button\" data-id=\"8551f29\" data-element_type=\"widget\" data-e-type=\"widget\" data-widget_type=\"button.default\">\n\t\t\t\t\t\t\t\t\t\t<a class=\"elementor-button elementor-button-link elementor-size-sm\" href=\"https:\/\/medicaltravel.ch\/zahnimplantate\/zahnkliniken\/zahnklinik-in-manavgat\/\">\n\t\t\t\t\t\t<span class=\"elementor-button-content-wrapper\">\n\t\t\t\t\t\t\t\t\t<span class=\"elementor-button-text\">Side<\/span>\n\t\t\t\t\t<\/span>\n\t\t\t\t\t<\/a>\n\t\t\t\t\t\t\t\t<\/div>\n\t\t\t\t<div class=\"elementor-element elementor-element-669fd39 elementor-widget elementor-widget-button\" data-id=\"669fd39\" data-element_type=\"widget\" data-e-type=\"widget\" data-widget_type=\"button.default\">\n\t\t\t\t\t\t\t\t\t\t<a class=\"elementor-button elementor-button-link elementor-size-sm\" href=\"https:\/\/medicaltravel.ch\/en\/dental-tourism\/range-of-services\/zahnspange-kieferorthopaedie-tuerkei-istanbul-zuerich\/\">\n\t\t\t\t\t\t<span class=\"elementor-button-content-wrapper\">\n\t\t\t\t\t\t\t\t\t<span class=\"elementor-button-text\">Izmir<\/span>\n\t\t\t\t\t<\/span>\n\t\t\t\t\t<\/a>\n\t\t\t\t\t\t\t\t<\/div>\n\t\t\t\t<div class=\"elementor-element elementor-element-3cdbe5b elementor-widget elementor-widget-button\" data-id=\"3cdbe5b\" data-element_type=\"widget\" data-e-type=\"widget\" data-widget_type=\"button.default\">\n\t\t\t\t\t\t\t\t\t\t<a class=\"elementor-button elementor-button-link elementor-size-sm\" href=\"https:\/\/medicaltravel.ch\/zahnimplantate\/zahnkliniken\/kayseri\/\">\n\t\t\t\t\t\t<span class=\"elementor-button-content-wrapper\">\n\t\t\t\t\t\t\t\t\t<span class=\"elementor-button-text\">Kayseri<\/span>\n\t\t\t\t\t<\/span>\n\t\t\t\t\t<\/a>\n\t\t\t\t\t\t\t\t<\/div>\n\t\t\t\t<div class=\"elementor-element elementor-element-5cfa4e0 elementor-widget elementor-widget-button\" data-id=\"5cfa4e0\" data-element_type=\"widget\" data-e-type=\"widget\" data-widget_type=\"button.default\">\n\t\t\t\t\t\t\t\t\t\t<a class=\"elementor-button elementor-button-link elementor-size-sm\" href=\"https:\/\/medicaltravel.ch\/en\/dental-tourism\/dental-clinics\/dental-clinic-in-kusadasi\/\">\n\t\t\t\t\t\t<span class=\"elementor-button-content-wrapper\">\n\t\t\t\t\t\t\t\t\t<span class=\"elementor-button-text\">Kusadasi<\/span>\n\t\t\t\t\t<\/span>\n\t\t\t\t\t<\/a>\n\t\t\t\t\t\t\t\t<\/div>\n\t\t\t\t<div class=\"elementor-element elementor-element-ef4ddf1 elementor-widget elementor-widget-button\" data-id=\"ef4ddf1\" data-element_type=\"widget\" data-e-type=\"widget\" data-widget_type=\"button.default\">\n\t\t\t\t\t\t\t\t\t\t<a class=\"elementor-button elementor-button-link elementor-size-sm\" href=\"https:\/\/medicaltravel.ch\/zahnimplantate\/zahnkliniken\/alanya\/\">\n\t\t\t\t\t\t<span class=\"elementor-button-content-wrapper\">\n\t\t\t\t\t\t\t\t\t<span class=\"elementor-button-text\">Alanya<\/span>\n\t\t\t\t\t<\/span>\n\t\t\t\t\t<\/a>\n\t\t\t\t\t\t\t\t<\/div>\n\t\t\t\t<div class=\"elementor-element elementor-element-99545e5 elementor-widget elementor-widget-button\" data-id=\"99545e5\" data-element_type=\"widget\" data-e-type=\"widget\" data-widget_type=\"button.default\">\n\t\t\t\t\t\t\t\t\t\t<a class=\"elementor-button elementor-button-link elementor-size-sm\" href=\"https:\/\/medicaltravel.ch\/en\/dental-tourism\/dental-clinics\/dental-clinic-bodrum-dental-treatment-dental-clinic-dental-implants\/\">\n\t\t\t\t\t\t<span class=\"elementor-button-content-wrapper\">\n\t\t\t\t\t\t\t\t\t<span class=\"elementor-button-text\">Bodrum<\/span>\n\t\t\t\t\t<\/span>\n\t\t\t\t\t<\/a>\n\t\t\t\t\t\t\t\t<\/div>\n\t\t\t\t<\/div>\n\t\t\t\t<div class=\"elementor-element elementor-element-2cb487b2 elementor-widget elementor-widget-text-editor\" data-id=\"2cb487b2\" data-element_type=\"widget\" data-e-type=\"widget\" data-widget_type=\"text-editor.default\">\n\t\t\t\t\t\t\t\t\t\n<h2 class=\"wp-block-heading\">Dental Clinic in Kusadasi<\/h2>\n\n<h3 class=\"wp-block-heading\">Free accommodation for your dental correction in Kusadasi!<\/h3>\n\n<p>Your dental treatment in Kusadasi now comes with more benefits<br>You stay 5 nights free in a <a href=\"http:\/\/www.hotelilayda.com\/indexger.html\" rel=\"nofollow noopener\" target=\"_blank\">4-star hotel<\/a> for treatments costing 6000 CHF or more<\/p>\n\n<p>Sie geniessen wundersch\u00f6nes Kusadasi und lassen Ihre Z\u00e4hne sehr qualitativ und g\u00fcnstig mit bis zu 70% Einsparung behandeln. <a href=\"https:\/\/medicaltravel.ch\/kontakt\/\" data-type=\"page\" data-id=\"225\">Contact us now for a non-binding cost estimate.<\/a><\/p>\n\n<p>The dental clinic is one of the leading clinics for dentistry in Kusadasi-Izmir.<\/p>\n\n<p>The clinic employs competent dentists who are happy to assist you with advice and support. Their range of dental services extends from preventive care to implantology. Thanks to the most modern techniques, the dental clinic can provide patients with a pain-free treatment experience.  <\/p>\n\n<p>The dental clinic is located right in the Turkish tourist area of Kusadasi, about an hour from Izmir Airport. For your convenience, the practice is equipped with the most modern facilities. During your treatment, the dentists use only products of excellent quality and the latest treatment methods. The waiting area, treatment rooms and operating rooms are air-conditioned. All dental treatments take place in bright, friendly, and sunlit rooms. Special attention is paid to cleanliness, and our equipment is sterilised using the most advanced methods.      <\/p>\n\n<p>The services cover all areas of dentistry and oral surgery, including implants, dentures, dental bridges and veneers. The dental clinic is always available to assist our patients with aesthetic or medical issues. <\/p>\n\n<p>A sincere and beautiful smile, a heartfelt, effortless laugh are important parts of life. The experienced dentists in Kusadasi strive for precise, fast, pain-free and accurate work. To meet increasing demands, the practice has expanded its services beyond general dentistry to include complex medical treatments. The greatest recognition for the dental practice is when patients leave satisfied, happy, and of course, smiling.   <\/p>\n\n<p>Patients can expect<\/p>\n\n<ul class=\"wp-block-list\">\n<li>modern treatment rooms<\/li>\n\n<li>very strict hygiene standards. Details can be found <a href=\"https:\/\/medicaltravel.ch\/wp-content\/uploads\/2025\/09\/Active__Passive_Hygene_DE.pdf\" data-type=\"link\" data-id=\"https:\/\/medicaltravel.ch\/wp-content\/uploads\/2025\/09\/Active__Passive_Hygene_DE.pdf\">here<\/a>. <\/li>\n\n<li>friendly atmosphere<\/li>\n\n<li>highly experienced dentists<\/li>\n\n<li>German-speaking staff<\/li>\n\n<li>if not equal, then better quality than in Germany, Switzerland, or Austria<\/li>\n\n<li>and at affordable prices<\/li>\n<\/ul>\n\n<p>The modern dental practice is led by Dr Med Dent Yilmaz and Dr Med Dent \u00dcnl\u00fc, who have many years of experience in dentistry.  <\/p>\n\n<p>They both completed their theses at the Faculty of Dentistry at Ege University in Izmir.<\/p>\n\n<p>The dentists are authorities in the field of dentistry. Dental technology is constantly evolving, and our doctors always stay up to date. They also participate in various national and international congresses, often as speakers. If you want to have your teeth treated in Kusadasi, this dental practice is truly the right place.   <\/p>\n\n<p>You can also combine your treatment with a holiday in the very popular resort town of <a href=\"https:\/\/de.wikipedia.org\/wiki\/Ku%C5%9Fadas%C4%B1\" rel=\"nofollow noopener\" target=\"_blank\">Kusadasi<\/a>.<\/p>\n\n<figure class=\"wp-block-image size-full\"><img fetchpriority=\"high\" decoding=\"async\" width=\"448\" height=\"298\" class=\"wp-image-367\" src=\"https:\/\/medicaltravel.ch\/wp-content\/uploads\/2025\/09\/Modernste-Ausrustung-in-der-Zahnarztklinik-in-Kusadasi.jpg\" alt=\"\" srcset=\"https:\/\/medicaltravel.ch\/wp-content\/uploads\/2025\/09\/Modernste-Ausrustung-in-der-Zahnarztklinik-in-Kusadasi.jpg 448w, https:\/\/medicaltravel.ch\/wp-content\/uploads\/2025\/09\/Modernste-Ausrustung-in-der-Zahnarztklinik-in-Kusadasi-300x200.jpg 300w\" sizes=\"(max-width: 448px) 100vw, 448px\" \/>\n<figcaption class=\"wp-element-caption\">The modern dental clinic in Kusadasi<\/figcaption>\n<\/figure>\n\n<p id=\"caption-attachment-1004\">The modern dental clinic in Kusadasi<\/p>\n\n<figure class=\"wp-block-image size-full\"><img decoding=\"async\" width=\"300\" height=\"200\" class=\"wp-image-368\" src=\"https:\/\/medicaltravel.ch\/wp-content\/uploads\/2025\/09\/RTEmagicC_Wartesaal_1__2_.jpg.jpg\" alt=\"\"><\/figure>\n\n<figure class=\"wp-block-image size-full\"><img decoding=\"async\" width=\"300\" height=\"221\" class=\"wp-image-369\" src=\"https:\/\/medicaltravel.ch\/wp-content\/uploads\/2025\/09\/Dent.-Dr.-Aysegul-Yilmaz-300x221-1.jpg\" alt=\"\"><\/figure>\n\n<p id=\"caption-attachment-1007\">The experienced dentist, Dr Yilmaz<\/p>\n\n<figure class=\"wp-block-image size-full\"><img loading=\"lazy\" decoding=\"async\" width=\"160\" height=\"153\" class=\"wp-image-370\" src=\"https:\/\/medicaltravel.ch\/wp-content\/uploads\/2025\/09\/Ihre-Zahnbehandlung-im-sehr-beruhmten-Urlaubsort-Kusadasi.jpg\" alt=\"\"><\/figure>\n\t\t\t\t\t\t\t\t<\/div>\n\t\t\t\t\t<\/div>\n\t\t\t\t<\/div>\n\t\t\t\t<\/div>\n\t\t","protected":false},"excerpt":{"rendered":"<p>Swiss Istanbul Hospitadent Istanbul Acibadem Istanbul Antalya Side Izmir Kayseri Kusadasi Alanya Bodrum Dental Clinic in Kusadasi Free accommodation for your dental correction in Kusadasi! Your dental treatment in Kusadasi now comes with more benefitsYou stay 5 nights free in a 4-star hotel for treatments costing 6000 CHF or more Sie geniessen wundersch\u00f6nes Kusadasi und lassen Ihre Z\u00e4hne sehr qualitativ und g\u00fcnstig mit bis zu 70% Einsparung behandeln. Contact us now for a non-binding cost estimate. The dental clinic is one of the leading clinics for dentistry in Kusadasi-Izmir. The clinic employs competent dentists who are happy to assist you with advice and support. Their range of dental services extends from preventive care to implantology. Thanks to the most modern techniques, the dental clinic can provide patients with a pain-free treatment experience. The dental clinic is located right in the Turkish tourist area of Kusadasi, about an hour from Izmir Airport. For your convenience, the practice is equipped with the most modern facilities. During your treatment, the dentists use only products of excellent quality and the latest treatment methods. The waiting area, treatment rooms and operating rooms are air-conditioned. All dental treatments take place in bright, friendly, and sunlit rooms. Special attention is paid to cleanliness, and our equipment is sterilised using the most advanced methods. The services cover all areas of dentistry and oral surgery, including implants, dentures, dental bridges and veneers. The dental clinic is always available to assist our patients with aesthetic or medical issues. A sincere and beautiful smile, a heartfelt, effortless laugh are important parts of life. The experienced dentists in Kusadasi strive for precise, fast, pain-free and accurate work. To meet increasing demands, the practice has expanded its services beyond general dentistry to include complex medical treatments. The greatest recognition for the dental practice is when patients leave satisfied, happy, and of course, smiling. Patients can expect modern treatment rooms very strict hygiene standards. Details can be found here. friendly atmosphere highly experienced dentists German-speaking staff if not equal, then better quality than in Germany, Switzerland, or Austria and at affordable prices The modern dental practice is led by Dr Med Dent Yilmaz and Dr Med Dent \u00dcnl\u00fc, who have many years of experience in dentistry. They both completed their theses at the Faculty of Dentistry at Ege University in Izmir. The dentists are authorities in the field of dentistry. Dental technology is constantly evolving, and our doctors always stay up to date. They also participate in various national and international congresses, often as speakers. If you want to have your teeth treated in Kusadasi, this dental practice is truly the right place. You can also combine your treatment with a holiday in the very popular resort town of Kusadasi. The modern dental clinic in Kusadasi The modern dental clinic in Kusadasi The experienced dentist, Dr Yilmaz<\/p>\n","protected":false},"author":4,"featured_media":0,"parent":3858,"menu_order":0,"comment_status":"closed","ping_status":"closed","template":"","meta":{"_joinchat":[],"footnotes":""},"class_list":["post-3915","page","type-page","status-publish","hentry"],"acf":[],"_links":{"self":[{"href":"https:\/\/medicaltravel.ch\/en\/wp-json\/wp\/v2\/pages\/3915","targetHints":{"allow":["GET"]}}],"collection":[{"href":"https:\/\/medicaltravel.ch\/en\/wp-json\/wp\/v2\/pages"}],"about":[{"href":"https:\/\/medicaltravel.ch\/en\/wp-json\/wp\/v2\/types\/page"}],"author":[{"embeddable":true,"href":"https:\/\/medicaltravel.ch\/en\/wp-json\/wp\/v2\/users\/4"}],"replies":[{"embeddable":true,"href":"https:\/\/medicaltravel.ch\/en\/wp-json\/wp\/v2\/comments?post=3915"}],"version-history":[{"count":3,"href":"https:\/\/medicaltravel.ch\/en\/wp-json\/wp\/v2\/pages\/3915\/revisions"}],"predecessor-version":[{"id":3918,"href":"https:\/\/medicaltravel.ch\/en\/wp-json\/wp\/v2\/pages\/3915\/revisions\/3918"}],"up":[{"embeddable":true,"href":"https:\/\/medicaltravel.ch\/en\/wp-json\/wp\/v2\/pages\/3858"}],"wp:attachment":[{"href":"https:\/\/medicaltravel.ch\/en\/wp-json\/wp\/v2\/media?parent=3915"}],"curies":[{"name":"wp","href":"https:\/\/api.w.org\/{rel}","templated":true}]}}