{"id":3965,"date":"2025-09-17T08:58:17","date_gmt":"2025-09-17T07:58:17","guid":{"rendered":"https:\/\/medicaltravel.ch\/hair-transplantation\/hair-transplant-offer-in-turkey\/"},"modified":"2026-01-01T14:54:52","modified_gmt":"2026-01-01T13:54:52","slug":"hair-transplant-offer-in-turkey","status":"publish","type":"page","link":"https:\/\/medicaltravel.ch\/en\/hair-transplantation\/hair-transplant-offer-in-turkey\/","title":{"rendered":"Hair Transplant Offer in Turkey"},"content":{"rendered":"\t\t<div data-elementor-type=\"wp-page\" data-elementor-id=\"3965\" class=\"elementor elementor-3965 elementor-139\" data-elementor-post-type=\"page\">\n\t\t\t\t<div class=\"elementor-element elementor-element-2da484e2 e-flex e-con-boxed wpr-particle-no wpr-jarallax-no wpr-parallax-no wpr-sticky-section-no e-con e-parent\" data-id=\"2da484e2\" data-element_type=\"container\" data-e-type=\"container\">\n\t\t\t\t\t<div class=\"e-con-inner\">\n\t\t<div class=\"elementor-element elementor-element-c0c27ee e-con-full e-flex wpr-particle-no wpr-jarallax-no wpr-parallax-no wpr-sticky-section-no e-con e-child\" data-id=\"c0c27ee\" data-element_type=\"container\" data-e-type=\"container\">\n\t\t\t\t<div class=\"elementor-element elementor-element-cdca4ef elementor-widget elementor-widget-button\" data-id=\"cdca4ef\" data-element_type=\"widget\" data-e-type=\"widget\" data-widget_type=\"button.default\">\n\t\t\t\t\t\t\t\t\t\t<a class=\"elementor-button elementor-button-link elementor-size-sm\" href=\"https:\/\/medicaltravel.ch\/haartransplantation\/turkei-istanbul-haartransplantation\/\">\n\t\t\t\t\t\t<span class=\"elementor-button-content-wrapper\">\n\t\t\t\t\t\t\t\t\t<span class=\"elementor-button-text\">Hair transplantation<\/span>\n\t\t\t\t\t<\/span>\n\t\t\t\t\t<\/a>\n\t\t\t\t\t\t\t\t<\/div>\n\t\t\t\t<div class=\"elementor-element elementor-element-f9cc79e elementor-widget elementor-widget-button\" data-id=\"f9cc79e\" data-element_type=\"widget\" data-e-type=\"widget\" data-widget_type=\"button.default\">\n\t\t\t\t\t\t\t\t\t\t<a class=\"elementor-button elementor-button-link elementor-size-sm\" href=\"https:\/\/medicaltravel.ch\/haartransplantation\/die-spitaler\/haarkliniken-in-istanbul-turkei\/\">\n\t\t\t\t\t\t<span class=\"elementor-button-content-wrapper\">\n\t\t\t\t\t\t\t\t\t<span class=\"elementor-button-text\">The hospitals<\/span>\n\t\t\t\t\t<\/span>\n\t\t\t\t\t<\/a>\n\t\t\t\t\t\t\t\t<\/div>\n\t\t\t\t<div class=\"elementor-element elementor-element-64f1c4a elementor-widget elementor-widget-button\" data-id=\"64f1c4a\" data-element_type=\"widget\" data-e-type=\"widget\" data-widget_type=\"button.default\">\n\t\t\t\t\t\t\t\t\t\t<a class=\"elementor-button elementor-button-link elementor-size-sm\" href=\"https:\/\/medicaltravel.ch\/haartransplantation\/leistungsspektrum\/turkei-istanbul-fue-fuer-maenner\/\">\n\t\t\t\t\t\t<span class=\"elementor-button-content-wrapper\">\n\t\t\t\t\t\t\t\t\t<span class=\"elementor-button-text\">Range of services<\/span>\n\t\t\t\t\t<\/span>\n\t\t\t\t\t<\/a>\n\t\t\t\t\t\t\t\t<\/div>\n\t\t\t\t<div class=\"elementor-element elementor-element-a1429e7 elementor-widget elementor-widget-button\" data-id=\"a1429e7\" data-element_type=\"widget\" data-e-type=\"widget\" data-widget_type=\"button.default\">\n\t\t\t\t\t\t\t\t\t\t<a class=\"elementor-button elementor-button-link elementor-size-sm\" href=\"https:\/\/medicaltravel.ch\/en\/hair-transplantation\/hair-transplant-offer-in-turkey\/\">\n\t\t\t\t\t\t<span class=\"elementor-button-content-wrapper\">\n\t\t\t\t\t\t\t\t\t<span class=\"elementor-button-text\">Offer<\/span>\n\t\t\t\t\t<\/span>\n\t\t\t\t\t<\/a>\n\t\t\t\t\t\t\t\t<\/div>\n\t\t\t\t<div class=\"elementor-element elementor-element-317ee5e elementor-widget elementor-widget-button\" data-id=\"317ee5e\" data-element_type=\"widget\" data-e-type=\"widget\" data-widget_type=\"button.default\">\n\t\t\t\t\t\t\t\t\t\t<a class=\"elementor-button elementor-button-link elementor-size-sm\" href=\"https:\/\/medicaltravel.ch\/haartransplantation\/turkei-istanbul-preise-kosten\/\">\n\t\t\t\t\t\t<span class=\"elementor-button-content-wrapper\">\n\t\t\t\t\t\t\t\t\t<span class=\"elementor-button-text\">Preise<\/span>\n\t\t\t\t\t<\/span>\n\t\t\t\t\t<\/a>\n\t\t\t\t\t\t\t\t<\/div>\n\t\t\t\t<\/div>\n\t\t\t\t<div class=\"elementor-element elementor-element-72d23f58 elementor-widget elementor-widget-text-editor\" data-id=\"72d23f58\" data-element_type=\"widget\" data-e-type=\"widget\" data-widget_type=\"text-editor.default\">\n\t\t\t\t\t\t\t\t\t\n<h2 class=\"wp-block-heading\"><strong>OFFER \u2013 HAIR TRANSPLANTS TURKEY<\/strong><\/h2>\n<hr class=\"wp-block-separator has-alpha-channel-opacity\">\n<p><strong>HAIR TRANSPLANT TURKEY \u2013 OFFER<\/strong><\/p>\n\n<p>Our goal is to make your desire to &#8220;regain your hair&#8221; a reality with high medical and organizational quality, thanks to the best hospitals in the wonderful world cities of Istanbul or Antalya.<\/p>\n\n<p><strong>Enjoy our comprehensive service.<\/strong><\/p>\n\n<p>A hair transplant trip to Istanbul\/Antalya requires quite a bit of organisation. We are happy to take care of this organisation for you. <\/p>\n\n<p>You will enjoy our free, non-binding, and personalised consultation.<br>The consultation languages are German, English, and Turkish. French consultation is also available in writing. <\/p>\n\n<ul class=\"wp-block-list\">\n<li>Your preliminary examination in Switzerland (optional)<\/li>\n<\/ul>\n\n<p>For patients traveling to Istanbul, there is also the option to be examined by specialists from Istanbul during our consultation days in Switzerland. If you are unable to attend the consultation days, sending us photos of your hair can also help us a lot. <\/p>\n\n<ul class=\"wp-block-list\">\n<li>MedicalTravelpass<\/li>\n<\/ul>\n\n<p>It is our unique additional service. The pass includes all the necessary individual information about your stay in Turkey and the healing process of your surgery. It is the same size as a passport, so you can keep it with you at all times. It will be issued to you personally before your trip.   <\/p>\n\n<ul class=\"wp-block-list\">\n<li>Flight<\/li>\n<\/ul>\n\n<p>We make suggestions, but you decide when and how. Take advantage of our special flight prices for medical travel offered by airlines.  The following airlines fly to Turkey:<\/p>\n\n<ul class=\"wp-block-list\">\n<li> Turkish Airlines (Daily from Zurich, Geneva, and Basel)<\/li>\n\n<li> Pegasus Airlines (usually Monday, Wednesday, Saturday)<\/li>\n<\/ul>\n\n<figure class=\"wp-block-image size-full\"><img decoding=\"async\" width=\"200\" height=\"118\" class=\"wp-image-491\" src=\"https:\/\/medicaltravel.ch\/wp-content\/uploads\/2025\/09\/zahnreisen-2.jpg\" alt=\"\"><\/figure>\n\n<ul class=\"wp-block-list\">\n<li>Airport\u2013hotel transfer<\/li>\n<\/ul>\n\n<p>Our pick-up service will gladly take you to your hotel. These transfers are usually carried out individually and not with a shuttle bus that would spend hours in traffic. Enjoy your ride.  <\/p>\n\n<figure class=\"wp-block-image size-full\"><img decoding=\"async\" width=\"200\" height=\"83\" class=\"wp-image-492\" src=\"https:\/\/medicaltravel.ch\/wp-content\/uploads\/2025\/09\/zahnbehandlung-im-ausland-2.jpg\" alt=\"\"><\/figure>\n\n<ul class=\"wp-block-list\">\n<li>Hotel<\/li>\n<\/ul>\n\n<p>We will present you with options that are suitable for you; you can decide for yourself. The hotels are either located near the hospital or in tourist areas. We only work with good and clean hotels.  <\/p>\n\n<ul class=\"wp-block-list\">\n<li>German-speaking support<\/li>\n<\/ul>\n\n<p>It is extremely important that you understand the doctor. The German-speaking staff at the hospital ensures flawless communication. Of course, it is also possible to arrange this service for other languages. The hospital can assist in almost all European languages.   <\/p>\n\n<ul class=\"wp-block-list\">\n<li>Your preliminary examination<\/li>\n<\/ul>\n\n<p>In order to ensure high-quality treatment results, a preliminary examination is of utmost importance. Existing issues and their treatments will be identified and discussed in detail with you. Following this, your personalized, compassionate treatment will be definitively planned with you.  <\/p>\n\n<ul class=\"wp-block-list\">\n<li>Your treatment<\/li>\n<\/ul>\n\n<p>We have selected these hospitals after thorough research, on-site visits, and consideration of various factors. You can find more information about the hospitals <a href=\"https:\/\/medicaltravel.ch\/haartransplantation\/die-spitaler\/haarkliniken-in-istanbul-turkei\/\" data-type=\"page\" data-id=\"119\">here<\/a>. <\/p>\n\n<ul class=\"wp-block-list\">\n<li>Your follow-up examination<\/li>\n<\/ul>\n\n<p>The following day, you will also have a follow-up examination. This serves both as a final check and post-care for the head area. <\/p>\n\n<ul class=\"wp-block-list\">\n<li>Hotel\u2013airport transfer<\/li>\n<\/ul>\n\n<p>Our transfer team ensures that your journey remains a positive experience until the very end.<\/p>\n\n<ul class=\"wp-block-list\">\n<li>Follow-up checks in Switzerland (optional, only for patients traveling to Istanbul)<\/li>\n<\/ul>\n\n<p>You can, valid for patients traveling to Istanbul, of course, attend consultation days in Switzerland again and have your hair examined by a specialist for free.<\/p>\n\n<ul class=\"wp-block-list\">\n<li>We now make hair transplants accessible to everyone, thanks to affordable prices without compromising on quality. <a href=\"https:\/\/medicaltravel.ch\/haartransplantation\/turkei-istanbul-preise-kosten\/\" data-type=\"page\" data-id=\"141\">You can find the cost overview here.<\/a><\/li>\n<\/ul>\n\n<ul class=\"wp-block-list\">\n<li>Why is it more expensive in Switzerland?<\/li>\n<\/ul>\n\n<p>Switzerland is one of the most expensive countries in the world. High staff costs, building rents and infrastructure expenses are the reasons. In addition, high-tech equipment is extremely expensive. For the investment to be worthwhile, a high number of patients is required. Because our country is relatively small, local practices have no choice but to operate with high prices.    <\/p>\n\n<ul class=\"wp-block-list\">\n<li>Why is it cheaper in Istanbul?<\/li>\n<\/ul>\n\n<p>The fees of a doctor in Turkey are significantly lower than those of their Swiss counterparts. Additionally, Istanbul alone has nearly double the population of Switzerland. This naturally leads to a higher number of patients, which makes it possible to offer lower prices, despite the same procurement costs for treatment materials.  <\/p>\n\n<p>Deshalb empf\u00e4ngt die T\u00fcrkei jedes Jahr tausende von Patienten aus Europa. Wir k\u00f6nnen Ihnen daher lokale Behandlungsqualit\u00e4t zu erschwinglichen Preisen anbieten. <\/p>\n\n<ul class=\"wp-block-list\">\n<li>Why should I plan with MedicalTravel? I can plan my trip myself. <\/li>\n<\/ul>\n\n<p>Of course, you can organise your trip yourself. However, it is often tedious and risky. We take care of everything you need regarding treatment abroad. We are not only your reliable partner up to the treatment, but also afterwards.   <\/p>\n\n<ul class=\"wp-block-list\">\n<li>Why should I organise my trip with MedicalTravel? I can plan it myself. <\/li>\n<\/ul>\n\n<p>You can organise things yourself as well. However, it is often tedious and risky. Moreover, SwissLasik follows the &#8220;ALL-INCLUSIVE&#8221; principle. We take care of everything you need regarding an eye surgery abroad. We are not only your reliable partner up to the surgery, but also afterwards.    <\/p>\n\n<p>Any questions? We look forward to hearing <a href=\"https:\/\/medicaltravel.ch\/kontakt\/\" data-type=\"page\" data-id=\"225\">from you.<\/a> <\/p>\n\t\t\t\t\t\t\t\t<\/div>\n\t\t\t\t\t<\/div>\n\t\t\t\t<\/div>\n\t\t\t\t<\/div>\n\t\t","protected":false},"excerpt":{"rendered":"<p>Hair transplantation The hospitals Range of services Offer Preise OFFER \u2013 HAIR TRANSPLANTS TURKEY HAIR TRANSPLANT TURKEY \u2013 OFFER Our goal is to make your desire to &#8220;regain your hair&#8221; a reality with high medical and organizational quality, thanks to the best hospitals in the wonderful world cities of Istanbul or Antalya. Enjoy our comprehensive service. A hair transplant trip to Istanbul\/Antalya requires quite a bit of organisation. We are happy to take care of this organisation for you. You will enjoy our free, non-binding, and personalised consultation.The consultation languages are German, English, and Turkish. French consultation is also available in writing. Your preliminary examination in Switzerland (optional) For patients traveling to Istanbul, there is also the option to be examined by specialists from Istanbul during our consultation days in Switzerland. If you are unable to attend the consultation days, sending us photos of your hair can also help us a lot. MedicalTravelpass It is our unique additional service. The pass includes all the necessary individual information about your stay in Turkey and the healing process of your surgery. It is the same size as a passport, so you can keep it with you at all times. It will be issued to you personally before your trip. Flight We make suggestions, but you decide when and how. Take advantage of our special flight prices for medical travel offered by airlines. The following airlines fly to Turkey: Turkish Airlines (Daily from Zurich, Geneva, and Basel) Pegasus Airlines (usually Monday, Wednesday, Saturday) Airport\u2013hotel transfer Our pick-up service will gladly take you to your hotel. These transfers are usually carried out individually and not with a shuttle bus that would spend hours in traffic. Enjoy your ride. Hotel We will present you with options that are suitable for you; you can decide for yourself. The hotels are either located near the hospital or in tourist areas. We only work with good and clean hotels. German-speaking support It is extremely important that you understand the doctor. The German-speaking staff at the hospital ensures flawless communication. Of course, it is also possible to arrange this service for other languages. The hospital can assist in almost all European languages. Your preliminary examination In order to ensure high-quality treatment results, a preliminary examination is of utmost importance. Existing issues and their treatments will be identified and discussed in detail with you. Following this, your personalized, compassionate treatment will be definitively planned with you. Your treatment We have selected these hospitals after thorough research, on-site visits, and consideration of various factors. You can find more information about the hospitals here. Your follow-up examination The following day, you will also have a follow-up examination. This serves both as a final check and post-care for the head area. Hotel\u2013airport transfer Our transfer team ensures that your journey remains a positive experience until the very end. Follow-up checks in Switzerland (optional, only for patients traveling to Istanbul) You can, valid for patients traveling to Istanbul, of course, attend consultation days in Switzerland again and have your hair examined by a specialist for free. We now make hair transplants accessible to everyone, thanks to affordable prices without compromising on quality. You can find the cost overview here. Why is it more expensive in Switzerland? Switzerland is one of the most expensive countries in the world. High staff costs, building rents and infrastructure expenses are the reasons. In addition, high-tech equipment is extremely expensive. For the investment to be worthwhile, a high number of patients is required. Because our country is relatively small, local practices have no choice but to operate with high prices. Why is it cheaper in Istanbul? The fees of a doctor in Turkey are significantly lower than those of their Swiss counterparts. Additionally, Istanbul alone has nearly double the population of Switzerland. This naturally leads to a higher number of patients, which makes it possible to offer lower prices, despite the same procurement costs for treatment materials. Deshalb empf\u00e4ngt die T\u00fcrkei jedes Jahr tausende von Patienten aus Europa. Wir k\u00f6nnen Ihnen daher lokale Behandlungsqualit\u00e4t zu erschwinglichen Preisen anbieten. Why should I plan with MedicalTravel? I can plan my trip myself. Of course, you can organise your trip yourself. However, it is often tedious and risky. We take care of everything you need regarding treatment abroad. We are not only your reliable partner up to the treatment, but also afterwards. Why should I organise my trip with MedicalTravel? I can plan it myself. You can organise things yourself as well. However, it is often tedious and risky. Moreover, SwissLasik follows the &#8220;ALL-INCLUSIVE&#8221; principle. We take care of everything you need regarding an eye surgery abroad. We are not only your reliable partner up to the surgery, but also afterwards. Any questions? We look forward to hearing from you.<\/p>\n","protected":false},"author":4,"featured_media":0,"parent":3962,"menu_order":0,"comment_status":"closed","ping_status":"closed","template":"","meta":{"_joinchat":[],"footnotes":""},"class_list":["post-3965","page","type-page","status-publish","hentry"],"acf":[],"_links":{"self":[{"href":"https:\/\/medicaltravel.ch\/en\/wp-json\/wp\/v2\/pages\/3965","targetHints":{"allow":["GET"]}}],"collection":[{"href":"https:\/\/medicaltravel.ch\/en\/wp-json\/wp\/v2\/pages"}],"about":[{"href":"https:\/\/medicaltravel.ch\/en\/wp-json\/wp\/v2\/types\/page"}],"author":[{"embeddable":true,"href":"https:\/\/medicaltravel.ch\/en\/wp-json\/wp\/v2\/users\/4"}],"replies":[{"embeddable":true,"href":"https:\/\/medicaltravel.ch\/en\/wp-json\/wp\/v2\/comments?post=3965"}],"version-history":[{"count":3,"href":"https:\/\/medicaltravel.ch\/en\/wp-json\/wp\/v2\/pages\/3965\/revisions"}],"predecessor-version":[{"id":3968,"href":"https:\/\/medicaltravel.ch\/en\/wp-json\/wp\/v2\/pages\/3965\/revisions\/3968"}],"up":[{"embeddable":true,"href":"https:\/\/medicaltravel.ch\/en\/wp-json\/wp\/v2\/pages\/3962"}],"wp:attachment":[{"href":"https:\/\/medicaltravel.ch\/en\/wp-json\/wp\/v2\/media?parent=3965"}],"curies":[{"name":"wp","href":"https:\/\/api.w.org\/{rel}","templated":true}]}}