{"id":4070,"date":"2025-09-17T09:47:25","date_gmt":"2025-09-17T08:47:25","guid":{"rendered":"https:\/\/medicaltravel.ch\/desire-to-have-children\/the-hospitals\/desire-to-have-children-in-antalya-2\/"},"modified":"2026-01-01T19:17:14","modified_gmt":"2026-01-01T18:17:14","slug":"desire-to-have-children-in-antalya-2","status":"publish","type":"page","link":"https:\/\/medicaltravel.ch\/en\/desire-to-have-children\/the-hospitals\/desire-to-have-children-in-antalya-2\/","title":{"rendered":"Desire to have children in Antalya"},"content":{"rendered":"\t\t<div data-elementor-type=\"wp-page\" data-elementor-id=\"4070\" class=\"elementor elementor-4070 elementor-153\" data-elementor-post-type=\"page\">\n\t\t\t\t<div class=\"elementor-element elementor-element-75c7d1c5 e-flex e-con-boxed wpr-particle-no wpr-jarallax-no wpr-parallax-no wpr-sticky-section-no e-con e-parent\" data-id=\"75c7d1c5\" data-element_type=\"container\" data-e-type=\"container\">\n\t\t\t\t\t<div class=\"e-con-inner\">\n\t\t<div class=\"elementor-element elementor-element-79e8d87 e-con-full e-flex wpr-particle-no wpr-jarallax-no wpr-parallax-no wpr-sticky-section-no e-con e-child\" data-id=\"79e8d87\" data-element_type=\"container\" data-e-type=\"container\">\n\t\t\t\t<div class=\"elementor-element elementor-element-5174562 elementor-widget elementor-widget-button\" data-id=\"5174562\" data-element_type=\"widget\" data-e-type=\"widget\" data-widget_type=\"button.default\">\n\t\t\t\t\t\t\t\t\t\t<a class=\"elementor-button elementor-button-link elementor-size-sm\" href=\"https:\/\/medicaltravel.ch\/en\/desire-to-have-children\/the-hospitals\/desire-to-have-children-in-antalya-2\/\">\n\t\t\t\t\t\t<span class=\"elementor-button-content-wrapper\">\n\t\t\t\t\t\t\t\t\t<span class=\"elementor-button-text\">Desire to have children in Antalya<\/span>\n\t\t\t\t\t<\/span>\n\t\t\t\t\t<\/a>\n\t\t\t\t\t\t\t\t<\/div>\n\t\t\t\t<div class=\"elementor-element elementor-element-a296fd1 elementor-widget elementor-widget-button\" data-id=\"a296fd1\" data-element_type=\"widget\" data-e-type=\"widget\" data-widget_type=\"button.default\">\n\t\t\t\t\t\t\t\t\t\t<a class=\"elementor-button elementor-button-link elementor-size-sm\" href=\"https:\/\/medicaltravel.ch\/kinderwunsch\/die-spitaler\/prof_dr_arikan\/\">\n\t\t\t\t\t\t<span class=\"elementor-button-content-wrapper\">\n\t\t\t\t\t\t\t\t\t<span class=\"elementor-button-text\">Prof. Dr. G\u00fcrkan Arikan<\/span>\n\t\t\t\t\t<\/span>\n\t\t\t\t\t<\/a>\n\t\t\t\t\t\t\t\t<\/div>\n\t\t\t\t<div class=\"elementor-element elementor-element-fef8fe1 elementor-widget elementor-widget-button\" data-id=\"fef8fe1\" data-element_type=\"widget\" data-e-type=\"widget\" data-widget_type=\"button.default\">\n\t\t\t\t\t\t\t\t\t\t<a class=\"elementor-button elementor-button-link elementor-size-sm\" href=\"https:\/\/medicaltravel.ch\/en\/desire-to-have-children\/the-hospitals\/desire-to-have-children-in-antalya\/\">\n\t\t\t\t\t\t<span class=\"elementor-button-content-wrapper\">\n\t\t\t\t\t\t\t\t\t<span class=\"elementor-button-text\">Desire to have children in Antalya<\/span>\n\t\t\t\t\t<\/span>\n\t\t\t\t\t<\/a>\n\t\t\t\t\t\t\t\t<\/div>\n\t\t\t\t<\/div>\n\t\t\t\t<div class=\"elementor-element elementor-element-5870a7ed elementor-widget elementor-widget-text-editor\" data-id=\"5870a7ed\" data-element_type=\"widget\" data-e-type=\"widget\" data-widget_type=\"text-editor.default\">\n\t\t\t\t\t\t\t\t\t\n<p><g id=\"gid_0\">Acibadem Hospital<\/g> is equipped with the latest devices and technology in Istanbul. It is one of the most renowned private hospitals in the city and is among the top 100 companies in Turkey. The Acibadem Healthcare Group, which is also a joint-stock company, continues to grow and develop year after year. EU hygiene standards are far exceeded. You are also treated there by highly qualified specialists and surgeons.    <\/p>\n\n<figure class=\"wp-block-image size-full\"><img fetchpriority=\"high\" decoding=\"async\" width=\"448\" height=\"299\" class=\"wp-image-503\" src=\"https:\/\/medicaltravel.ch\/wp-content\/uploads\/2025\/09\/Das-moderne-Spital-Acibadem.jpg\" alt=\"\" srcset=\"https:\/\/medicaltravel.ch\/wp-content\/uploads\/2025\/09\/Das-moderne-Spital-Acibadem.jpg 448w, https:\/\/medicaltravel.ch\/wp-content\/uploads\/2025\/09\/Das-moderne-Spital-Acibadem-300x200.jpg 300w\" sizes=\"(max-width: 448px) 100vw, 448px\" \/><\/figure>\n\n<p id=\"caption-attachment-1760\">The modern Acibadem Hospital<br><\/p>\n\n<p>The hospital has 24 different medical centres, most of which are located in Istanbul. It is the leading address in Istanbul and Turkey within the healthcare sector and is also a preferred choice for Istanbul\u2019s high society and people from across Turkey. The Turkish national football team, as well as top clubs such as Fenerbah\u00e7e, Galatasaray and Be\u015fikta\u015f Istanbul, receive their medical care from Acibadem. <\/p>\n\n<figure class=\"wp-block-image size-full\"><img decoding=\"async\" width=\"448\" height=\"298\" class=\"wp-image-504\" src=\"https:\/\/medicaltravel.ch\/wp-content\/uploads\/2025\/09\/Das-Luxuspital-Acibadem.jpg\" alt=\"\" srcset=\"https:\/\/medicaltravel.ch\/wp-content\/uploads\/2025\/09\/Das-Luxuspital-Acibadem.jpg 448w, https:\/\/medicaltravel.ch\/wp-content\/uploads\/2025\/09\/Das-Luxuspital-Acibadem-300x200.jpg 300w\" sizes=\"(max-width: 448px) 100vw, 448px\" \/><\/figure>\n\n<p id=\"caption-attachment-1761\">The Acibadem Luxury Hospital<\/p>\n\n<p>Acibadem Hospital is certified by the US <a href=\"http:\/\/www.jointcommissioninternational.org\/\" rel=\"nofollow noopener\" target=\"_blank\">JCI Joint Commission Internationa<\/a>l<\/p>\n\n<figure class=\"wp-block-image size-full\"><img decoding=\"async\" width=\"80\" height=\"80\" class=\"wp-image-505\" src=\"https:\/\/medicaltravel.ch\/wp-content\/uploads\/2025\/09\/RTEmagicC_jc_goldseal-1040x1040_converted__1__70-2.jpg-2.jpg\" alt=\"\"><\/figure>\n\n<p>Acibadem has 1,600 highly trained doctors, all of whom specialize in their respective fields, including fertility treatments, and continuously improve scientific and technological advancements.<\/p>\n\n<p><strong>Why choose Acibadem Hospital for your surgery in Istanbul?<br><\/strong><\/p>\n\n<p>The hospital:<\/p>\n\n<ul class=\"wp-block-list\">\n<li>is certified by Joint Commission International<\/li>\n\n<li>is a member of the European Foundation for Quality Management<\/li>\n\n<li>is the medical sponsor of the Turkish national football team<\/li>\n\n<li>employs 10,500 staff, including 1,600 doctors<\/li>\n\n<li>has well over 24 different medical centers in Turkey.<\/li>\n\n<li>is among the top 100 companies in the country<\/li>\n\n<li>offers all types of medical treatments<\/li>\n\n<li>ist besonders bekannt f\u00fcr seine Leistungen f\u00fcr \u00c4sthetische Chirurgie, <strong>K\u00fcnstliche Befruchtungen<\/strong>, Augenlaserbehandlungen sowie Eigenhaarverpflanzungen<\/li>\n\n<li>Support in numerous languages, including German.<\/li>\n<\/ul>\n\n<p>The hospital\u2019s broad range of services enables patients to access various treatment options. With extensive experience in the procedures offered, the hospital is available to meet high expectations and deliver high-quality services. <\/p>\n\n<p>Mr. Karaagacli\u2019s cousin (the managing director of MedicalTravel) also gave birth to a healthy boy at this hospital through IVF (In Vitro Fertilization)!<\/p>\n\n<p>Psychological support during your treatment<br>It is well known that such treatments, despite advanced procedures, may not always lead to success. When it comes to fertility, emotions often run high. Acibadem Hospital wants you to feel comfortable at all times and is happy to offer psychological support through specially trained experts whenever needed.  <\/p>\n\n<p>The responsible senior physician at the hospital is Prof. Dr. Tansu K\u00fc\u00e7\u00fck.<\/p>\n\n<p>At Acibadem, approximately 2,500 IVF treatments are conducted annually. The hospital has the following success rates: <\/p>\n\n<p>For women under the age of 37: 69%<br>For women between the ages of 38 and 41: 36%<br>For women over the age of 42: 18%<\/p>\n\n<p><a href=\"http:\/\/www.acibadem.com.tr\/SanalTur\/maslak\/en.html\" rel=\"nofollow noopener\" target=\"_blank\">Here you can visit the hospital virtually. Ready? See for yourself and be amazed.  <\/a><\/p>\n\n<figure class=\"wp-block-image size-full\"><img loading=\"lazy\" decoding=\"async\" width=\"448\" height=\"299\" class=\"wp-image-506\" src=\"https:\/\/medicaltravel.ch\/wp-content\/uploads\/2025\/09\/Das-A-classe-Spital-Acibadem.jpg\" alt=\"\" srcset=\"https:\/\/medicaltravel.ch\/wp-content\/uploads\/2025\/09\/Das-A-classe-Spital-Acibadem.jpg 448w, https:\/\/medicaltravel.ch\/wp-content\/uploads\/2025\/09\/Das-A-classe-Spital-Acibadem-300x200.jpg 300w\" sizes=\"(max-width: 448px) 100vw, 448px\" \/><\/figure>\n\n<p id=\"caption-attachment-1762\">The A+ class hospital Acibadem<br><\/p>\n\n<figure class=\"wp-block-image size-full\"><img loading=\"lazy\" decoding=\"async\" width=\"200\" height=\"235\" class=\"wp-image-507\" src=\"https:\/\/medicaltravel.ch\/wp-content\/uploads\/2025\/09\/Prof.-Dr.-Tansu-Kucuk.jpg\" alt=\"\"><\/figure>\n\t\t\t\t\t\t\t\t<\/div>\n\t\t\t\t\t<\/div>\n\t\t\t\t<\/div>\n\t\t\t\t<\/div>\n\t\t","protected":false},"excerpt":{"rendered":"<p>Desire to have children in Antalya Prof. Dr. G\u00fcrkan Arikan Desire to have children in Antalya Acibadem Hospital is equipped with the latest devices and technology in Istanbul. It is one of the most renowned private hospitals in the city and is among the top 100 companies in Turkey. The Acibadem Healthcare Group, which is also a joint-stock company, continues to grow and develop year after year. EU hygiene standards are far exceeded. You are also treated there by highly qualified specialists and surgeons. The modern Acibadem Hospital The hospital has 24 different medical centres, most of which are located in Istanbul. It is the leading address in Istanbul and Turkey within the healthcare sector and is also a preferred choice for Istanbul\u2019s high society and people from across Turkey. The Turkish national football team, as well as top clubs such as Fenerbah\u00e7e, Galatasaray and Be\u015fikta\u015f Istanbul, receive their medical care from Acibadem. The Acibadem Luxury Hospital Acibadem Hospital is certified by the US JCI Joint Commission International Acibadem has 1,600 highly trained doctors, all of whom specialize in their respective fields, including fertility treatments, and continuously improve scientific and technological advancements. Why choose Acibadem Hospital for your surgery in Istanbul? The hospital: is certified by Joint Commission International is a member of the European Foundation for Quality Management is the medical sponsor of the Turkish national football team employs 10,500 staff, including 1,600 doctors has well over 24 different medical centers in Turkey. is among the top 100 companies in the country offers all types of medical treatments ist besonders bekannt f\u00fcr seine Leistungen f\u00fcr \u00c4sthetische Chirurgie, K\u00fcnstliche Befruchtungen, Augenlaserbehandlungen sowie Eigenhaarverpflanzungen Support in numerous languages, including German. The hospital\u2019s broad range of services enables patients to access various treatment options. With extensive experience in the procedures offered, the hospital is available to meet high expectations and deliver high-quality services. Mr. Karaagacli\u2019s cousin (the managing director of MedicalTravel) also gave birth to a healthy boy at this hospital through IVF (In Vitro Fertilization)! Psychological support during your treatmentIt is well known that such treatments, despite advanced procedures, may not always lead to success. When it comes to fertility, emotions often run high. Acibadem Hospital wants you to feel comfortable at all times and is happy to offer psychological support through specially trained experts whenever needed. The responsible senior physician at the hospital is Prof. Dr. Tansu K\u00fc\u00e7\u00fck. At Acibadem, approximately 2,500 IVF treatments are conducted annually. The hospital has the following success rates: For women under the age of 37: 69%For women between the ages of 38 and 41: 36%For women over the age of 42: 18% Here you can visit the hospital virtually. Ready? See for yourself and be amazed. The A+ class hospital Acibadem<\/p>\n","protected":false},"author":4,"featured_media":0,"parent":4055,"menu_order":0,"comment_status":"closed","ping_status":"closed","template":"","meta":{"_joinchat":[],"footnotes":""},"class_list":["post-4070","page","type-page","status-publish","hentry"],"acf":[],"_links":{"self":[{"href":"https:\/\/medicaltravel.ch\/en\/wp-json\/wp\/v2\/pages\/4070","targetHints":{"allow":["GET"]}}],"collection":[{"href":"https:\/\/medicaltravel.ch\/en\/wp-json\/wp\/v2\/pages"}],"about":[{"href":"https:\/\/medicaltravel.ch\/en\/wp-json\/wp\/v2\/types\/page"}],"author":[{"embeddable":true,"href":"https:\/\/medicaltravel.ch\/en\/wp-json\/wp\/v2\/users\/4"}],"replies":[{"embeddable":true,"href":"https:\/\/medicaltravel.ch\/en\/wp-json\/wp\/v2\/comments?post=4070"}],"version-history":[{"count":3,"href":"https:\/\/medicaltravel.ch\/en\/wp-json\/wp\/v2\/pages\/4070\/revisions"}],"predecessor-version":[{"id":4073,"href":"https:\/\/medicaltravel.ch\/en\/wp-json\/wp\/v2\/pages\/4070\/revisions\/4073"}],"up":[{"embeddable":true,"href":"https:\/\/medicaltravel.ch\/en\/wp-json\/wp\/v2\/pages\/4055"}],"wp:attachment":[{"href":"https:\/\/medicaltravel.ch\/en\/wp-json\/wp\/v2\/media?parent=4070"}],"curies":[{"name":"wp","href":"https:\/\/api.w.org\/{rel}","templated":true}]}}