{"id":4192,"date":"2025-09-17T08:26:16","date_gmt":"2025-09-17T07:26:16","guid":{"rendered":"https:\/\/medicaltravel.ch\/cosmetic-surgery\/the-hospitals\/schoenheitsklinik-schoenheits-op-schoenheitsarzt-izmir\/"},"modified":"2026-01-09T17:17:59","modified_gmt":"2026-01-09T16:17:59","slug":"beauty-clinic-cosmetic-surgery-cosmetic-doctor-izmir","status":"publish","type":"page","link":"https:\/\/medicaltravel.ch\/en\/cosmetic-surgery\/the-hospitals\/beauty-clinic-cosmetic-surgery-cosmetic-doctor-izmir\/","title":{"rendered":"Beauty clinic, cosmetic surgery, cosmetic doctor, Izmir"},"content":{"rendered":"\t\t<div data-elementor-type=\"wp-page\" data-elementor-id=\"4192\" class=\"elementor elementor-4192 elementor-82\" data-elementor-post-type=\"page\">\n\t\t\t\t<div class=\"elementor-element elementor-element-163cb54 e-flex e-con-boxed wpr-particle-no wpr-jarallax-no wpr-parallax-no wpr-sticky-section-no e-con e-parent\" data-id=\"163cb54\" data-element_type=\"container\" data-e-type=\"container\">\n\t\t\t\t\t<div class=\"e-con-inner\">\n\t\t<div class=\"elementor-element elementor-element-d46a377 e-con-full e-flex wpr-particle-no wpr-jarallax-no wpr-parallax-no wpr-sticky-section-no e-con e-child\" data-id=\"d46a377\" data-element_type=\"container\" data-e-type=\"container\">\n\t\t\t\t<div class=\"elementor-element elementor-element-0d0069b elementor-widget elementor-widget-button\" data-id=\"0d0069b\" data-element_type=\"widget\" data-e-type=\"widget\" data-widget_type=\"button.default\">\n\t\t\t\t\t\t\t\t\t\t<a class=\"elementor-button elementor-button-link elementor-size-sm\" href=\"https:\/\/medicaltravel.ch\/en\/cosmetic-surgery\/the-hospitals\/beauty-clinic-in-istanbul\/\">\n\t\t\t\t\t\t<span class=\"elementor-button-content-wrapper\">\n\t\t\t\t\t\t\t\t\t<span class=\"elementor-button-text\">Istanbul<\/span>\n\t\t\t\t\t<\/span>\n\t\t\t\t\t<\/a>\n\t\t\t\t\t\t\t\t<\/div>\n\t\t\t\t<div class=\"elementor-element elementor-element-0f9e2ba elementor-widget elementor-widget-button\" data-id=\"0f9e2ba\" data-element_type=\"widget\" data-e-type=\"widget\" data-widget_type=\"button.default\">\n\t\t\t\t\t\t\t\t\t\t<a class=\"elementor-button elementor-button-link elementor-size-sm\" href=\"https:\/\/medicaltravel.ch\/en\/cosmetic-surgery\/the-hospitals\/beautyklinik-in-antalya\/\">\n\t\t\t\t\t\t<span class=\"elementor-button-content-wrapper\">\n\t\t\t\t\t\t\t\t\t<span class=\"elementor-button-text\">Antalya<\/span>\n\t\t\t\t\t<\/span>\n\t\t\t\t\t<\/a>\n\t\t\t\t\t\t\t\t<\/div>\n\t\t\t\t<div class=\"elementor-element elementor-element-b46a456 elementor-widget elementor-widget-button\" data-id=\"b46a456\" data-element_type=\"widget\" data-e-type=\"widget\" data-widget_type=\"button.default\">\n\t\t\t\t\t\t\t\t\t\t<a class=\"elementor-button elementor-button-link elementor-size-sm\" href=\"https:\/\/medicaltravel.ch\/schoenheitsoperation\/die-spitaler\/schoenheitsklinik-in-izmir\/\">\n\t\t\t\t\t\t<span class=\"elementor-button-content-wrapper\">\n\t\t\t\t\t\t\t\t\t<span class=\"elementor-button-text\">Izmir<\/span>\n\t\t\t\t\t<\/span>\n\t\t\t\t\t<\/a>\n\t\t\t\t\t\t\t\t<\/div>\n\t\t\t\t<div class=\"elementor-element elementor-element-7795219 elementor-widget elementor-widget-button\" data-id=\"7795219\" data-element_type=\"widget\" data-e-type=\"widget\" data-widget_type=\"button.default\">\n\t\t\t\t\t\t\t\t\t\t<a class=\"elementor-button elementor-button-link elementor-size-sm\" href=\"https:\/\/medicaltravel.ch\/en\/cosmetic-surgery\/the-hospitals\/das-spital-in-bodrum\/\">\n\t\t\t\t\t\t<span class=\"elementor-button-content-wrapper\">\n\t\t\t\t\t\t\t\t\t<span class=\"elementor-button-text\">Bodrum<\/span>\n\t\t\t\t\t<\/span>\n\t\t\t\t\t<\/a>\n\t\t\t\t\t\t\t\t<\/div>\n\t\t\t\t<div class=\"elementor-element elementor-element-e6f3b04 elementor-widget elementor-widget-button\" data-id=\"e6f3b04\" data-element_type=\"widget\" data-e-type=\"widget\" data-widget_type=\"button.default\">\n\t\t\t\t\t\t\t\t\t\t<a class=\"elementor-button elementor-button-link elementor-size-sm\" href=\"https:\/\/medicaltravel.ch\/schoenheitsoperation\/vorher-nachher\/\">\n\t\t\t\t\t\t<span class=\"elementor-button-content-wrapper\">\n\t\t\t\t\t\t\t\t\t<span class=\"elementor-button-text\">Before, afterwards<\/span>\n\t\t\t\t\t<\/span>\n\t\t\t\t\t<\/a>\n\t\t\t\t\t\t\t\t<\/div>\n\t\t\t\t<\/div>\n\t\t\t\t<div class=\"elementor-element elementor-element-4fb9f156 elementor-widget elementor-widget-text-editor\" data-id=\"4fb9f156\" data-element_type=\"widget\" data-e-type=\"widget\" data-widget_type=\"text-editor.default\">\n\t\t\t\t\t\t\t\t\t\n<h2 class=\"wp-block-heading\">Beauty Clinic in Izmir<\/h2>\n\n<p>Are you looking for a good offer for your beauty treatment in Izmir? Then you are in the right place with us. <\/p>\n\n<p>We work with highly experienced aesthetic surgeons for your well-being. All doctors have many years of in-depth experience and are certified by F.E.B.O.P.R.A.S (European Board of Plastic Reconstructive and Aesthetic Surgery) for your medical safety. <\/p>\n\n<p> <\/p>\n\n<p id=\"caption-attachment-12782\">OP. Dr. Nejdet Sisman<\/p>\n\n<p>Cosmetic surgeon Dr. Nejdet S\u0130SMAN was born on 26th February 1965 in Ankara.<\/p>\n\n<p>After graduating from the Faculty of Medicine at Trakya University in 1990, \u015ei\u015fman worked as an emergency physician at \u015ei\u015fli Etfal Hospital in Istanbul until 1997. From 1997 to 2003, he worked at the Plastic and Reconstructive Surgery Clinic of Izmir Atat\u00fcrk Training and Research Hospital. Dr. Nejdet \u015ei\u015fman, who worked at the Plastic Surgery Clinic of Izmir Private Kent Hospital from 2004 to 2005, completed training in laser applications in Aesthetic Plastic Surgery in Florence (Italy) and Milan.  <\/p>\n\n<p>He has published articles in national and international professional journals. In his practice, he carries out medical aesthetic treatments and consultations for aesthetic surgery in affiliated hospitals, including Kent Hospital Acibadem Izmir. The hospital is part of the best private hospital chain in Turkey, Acibadem. <\/p>\n\n<p> <\/p>\n\n<p id=\"caption-attachment-12786\">Acibadem Kent Hospital Izmir<\/p>\n\n<p> <\/p>\n\n<p id=\"caption-attachment-12784\">Acibadem Kent Patient Rooms<\/p>\n\n<p> <\/p>\n\n<p id=\"caption-attachment-12785\">Kent Hospital Izmir<\/p>\n\n<p><strong>GET YOUR FREE CONSULTATION NOW<\/strong><\/p>\n\n<p>Contact us today without obligation via <a href=\"mailto:info@medicaltravel.net\">email<\/a>, <a href=\"https:\/\/www.medicaltravel.ch\/kontakt\/\">here<\/a>, or <a href=\"https:\/\/wa.me\/41787373541\" target=\"_blank\" rel=\"noreferrer noopener nofollow\">WhatsApp<\/a>.<\/p>\n\t\t\t\t\t\t\t\t<\/div>\n\t\t\t\t\t<\/div>\n\t\t\t\t<\/div>\n\t\t\t\t<\/div>\n\t\t","protected":false},"excerpt":{"rendered":"<p>Istanbul Antalya Izmir Bodrum Before, afterwards Beauty Clinic in Izmir Are you looking for a good offer for your beauty treatment in Izmir? Then you are in the right place with us. We work with highly experienced aesthetic surgeons for your well-being. All doctors have many years of in-depth experience and are certified by F.E.B.O.P.R.A.S (European Board of Plastic Reconstructive and Aesthetic Surgery) for your medical safety. OP. Dr. Nejdet Sisman Cosmetic surgeon Dr. Nejdet S\u0130SMAN was born on 26th February 1965 in Ankara. After graduating from the Faculty of Medicine at Trakya University in 1990, \u015ei\u015fman worked as an emergency physician at \u015ei\u015fli Etfal Hospital in Istanbul until 1997. From 1997 to 2003, he worked at the Plastic and Reconstructive Surgery Clinic of Izmir Atat\u00fcrk Training and Research Hospital. Dr. Nejdet \u015ei\u015fman, who worked at the Plastic Surgery Clinic of Izmir Private Kent Hospital from 2004 to 2005, completed training in laser applications in Aesthetic Plastic Surgery in Florence (Italy) and Milan. He has published articles in national and international professional journals. In his practice, he carries out medical aesthetic treatments and consultations for aesthetic surgery in affiliated hospitals, including Kent Hospital Acibadem Izmir. The hospital is part of the best private hospital chain in Turkey, Acibadem. Acibadem Kent Hospital Izmir Acibadem Kent Patient Rooms Kent Hospital Izmir GET YOUR FREE CONSULTATION NOW Contact us today without obligation via email, here, or WhatsApp.<\/p>\n","protected":false},"author":4,"featured_media":0,"parent":4175,"menu_order":0,"comment_status":"closed","ping_status":"closed","template":"","meta":{"_joinchat":[],"footnotes":""},"class_list":["post-4192","page","type-page","status-publish","hentry"],"acf":[],"_links":{"self":[{"href":"https:\/\/medicaltravel.ch\/en\/wp-json\/wp\/v2\/pages\/4192","targetHints":{"allow":["GET"]}}],"collection":[{"href":"https:\/\/medicaltravel.ch\/en\/wp-json\/wp\/v2\/pages"}],"about":[{"href":"https:\/\/medicaltravel.ch\/en\/wp-json\/wp\/v2\/types\/page"}],"author":[{"embeddable":true,"href":"https:\/\/medicaltravel.ch\/en\/wp-json\/wp\/v2\/users\/4"}],"replies":[{"embeddable":true,"href":"https:\/\/medicaltravel.ch\/en\/wp-json\/wp\/v2\/comments?post=4192"}],"version-history":[{"count":4,"href":"https:\/\/medicaltravel.ch\/en\/wp-json\/wp\/v2\/pages\/4192\/revisions"}],"predecessor-version":[{"id":5580,"href":"https:\/\/medicaltravel.ch\/en\/wp-json\/wp\/v2\/pages\/4192\/revisions\/5580"}],"up":[{"embeddable":true,"href":"https:\/\/medicaltravel.ch\/en\/wp-json\/wp\/v2\/pages\/4175"}],"wp:attachment":[{"href":"https:\/\/medicaltravel.ch\/en\/wp-json\/wp\/v2\/media?parent=4192"}],"curies":[{"name":"wp","href":"https:\/\/api.w.org\/{rel}","templated":true}]}}