{"id":4295,"date":"2025-09-17T09:53:54","date_gmt":"2025-09-17T08:53:54","guid":{"rendered":"https:\/\/medicaltravel.ch\/further-treatments\/acibadem-hospital\/"},"modified":"2026-01-02T00:03:35","modified_gmt":"2026-01-01T23:03:35","slug":"acibadem-hospital","status":"publish","type":"page","link":"https:\/\/medicaltravel.ch\/en\/further-treatments\/acibadem-hospital\/","title":{"rendered":"Acibadem Hospital"},"content":{"rendered":"\t\t<div data-elementor-type=\"wp-page\" data-elementor-id=\"4295\" class=\"elementor elementor-4295 elementor-169\" data-elementor-post-type=\"page\">\n\t\t\t\t<div class=\"elementor-element elementor-element-19fb673d e-flex e-con-boxed wpr-particle-no wpr-jarallax-no wpr-parallax-no wpr-sticky-section-no wpr-equal-height-no e-con e-parent\" data-id=\"19fb673d\" data-element_type=\"container\" data-e-type=\"container\">\n\t\t\t\t\t<div class=\"e-con-inner\">\n\t\t<div class=\"elementor-element elementor-element-405f3e3 e-con-full e-flex wpr-particle-no wpr-jarallax-no wpr-parallax-no wpr-sticky-section-no wpr-equal-height-no e-con e-child\" data-id=\"405f3e3\" data-element_type=\"container\" data-e-type=\"container\">\n\t\t\t\t<div class=\"elementor-element elementor-element-f3a98b3 elementor-widget elementor-widget-button\" data-id=\"f3a98b3\" data-element_type=\"widget\" data-e-type=\"widget\" data-widget_type=\"button.default\">\n\t\t\t\t\t\t\t\t\t\t<a class=\"elementor-button elementor-button-link elementor-size-sm\" href=\"https:\/\/medicaltravel.ch\/weitere-behandlungen\/weitere-behandlungen\/\">\n\t\t\t\t\t\t<span class=\"elementor-button-content-wrapper\">\n\t\t\t\t\t\t\t\t\t<span class=\"elementor-button-text\">Further treatments<\/span>\n\t\t\t\t\t<\/span>\n\t\t\t\t\t<\/a>\n\t\t\t\t\t\t\t\t<\/div>\n\t\t\t\t<div class=\"elementor-element elementor-element-0c8e977 elementor-widget elementor-widget-button\" data-id=\"0c8e977\" data-element_type=\"widget\" data-e-type=\"widget\" data-widget_type=\"button.default\">\n\t\t\t\t\t\t\t\t\t\t<a class=\"elementor-button elementor-button-link elementor-size-sm\" href=\"https:\/\/medicaltravel.ch\/en\/further-treatments\/acibadem-hospital\/\">\n\t\t\t\t\t\t<span class=\"elementor-button-content-wrapper\">\n\t\t\t\t\t\t\t\t\t<span class=\"elementor-button-text\">Acibadem Hospital<\/span>\n\t\t\t\t\t<\/span>\n\t\t\t\t\t<\/a>\n\t\t\t\t\t\t\t\t<\/div>\n\t\t\t\t<div class=\"elementor-element elementor-element-a8e31ca elementor-widget elementor-widget-button\" data-id=\"a8e31ca\" data-element_type=\"widget\" data-e-type=\"widget\" data-widget_type=\"button.default\">\n\t\t\t\t\t\t\t\t\t\t<a class=\"elementor-button elementor-button-link elementor-size-sm\" href=\"https:\/\/medicaltravel.ch\/weitere-behandlungen\/weitere-behandlungen\/behandlungsspektrum\/allgemeine-chirurgie\/\">\n\t\t\t\t\t\t<span class=\"elementor-button-content-wrapper\">\n\t\t\t\t\t\t\t\t\t<span class=\"elementor-button-text\">Treatment spectrum<\/span>\n\t\t\t\t\t<\/span>\n\t\t\t\t\t<\/a>\n\t\t\t\t\t\t\t\t<\/div>\n\t\t\t\t<\/div>\n\t\t\t\t<div class=\"elementor-element elementor-element-7dc1b522 elementor-widget elementor-widget-text-editor\" data-id=\"7dc1b522\" data-element_type=\"widget\" data-e-type=\"widget\" data-widget_type=\"text-editor.default\">\n\t\t\t\t\t\t\t\t\t\n<h2 class=\"wp-block-heading\">T\u00fcrkiye&#8217;S LEADING HOSPITALS: ACIBADEM<\/h2>\n\n<p>Acibadem Hospital is equipped with the latest devices and technology in Istanbul. It is one of the most renowned private hospitals in the city and ranks among the top 100 companies in Turkey. The Acibadem Healthcare Group, which is also a joint-stock company, continues to grow and develop year after year. EU hygiene standards are far exceeded. You will also be treated by highly qualified specialists and surgeons there.    <\/p>\n\n<p>The hospital has 24 different medical centres, most of which are located in Istanbul. It is the leading address in Istanbul and Turkey within the healthcare sector and is also a preferred choice for Istanbul\u2019s high society and people from across Turkey. The Turkish national football team, as well as top clubs such as Fenerbah\u00e7e, Galatasaray and Be\u015fikta\u015f Istanbul, receive their medical care from Acibadem. <\/p>\n\n<p>Acibadem has 1,600 highly trained doctors, all of whom specialize in their respective fields, including fertility treatments, and continuously improve scientific and technological advancements.<\/p>\n\n<figure class=\"wp-block-image size-full\"><img decoding=\"async\" width=\"80\" height=\"80\" class=\"wp-image-540\" src=\"https:\/\/medicaltravel.ch\/wp-content\/uploads\/2025\/09\/RTEmagicC_jc_goldseal-1040x1040_converted__1__70-3.jpg-3.jpg\" alt=\"\"><\/figure>\n\n<p>Acibadem Hospital has been granted an accreditation certificate by the US-based Joint Commission International (JCI), which sets international quality standards in healthcare.<\/p>\n\n<p>Ac\u0131badem Hospital has more than 1,600 highly trained doctors, continuously integrating technological and scientific advancements, including expert hair transplant surgeons and specialists.<\/p>\n\n<p><strong>Why choose Acibadem Hospital in Turkey for your surgery?<\/strong><\/p>\n\n<p>The hospital:<\/p>\n\n<ul class=\"wp-block-list\">\n<li>is certified by Joint Commission International<\/li>\n\n<li>works in partnership with world-renowned Harvard Medical International<\/li>\n\n<li>is a member of the European Foundation for Quality Management<\/li>\n\n<li>is the medical sponsor of the Turkish national football team<\/li>\n\n<li>employs 10,500 staff, including 1,600 doctors<\/li>\n\n<li>has well over 24 different medical centres in Turkey<\/li>\n\n<li>is among the top 100 companies in the country<\/li>\n\n<li>offers all types of medical treatments<\/li>\n\n<li>Support in numerous languages, including German.<\/li>\n<\/ul>\n\n<p>The hospital\u2019s broad range of services enables patients to access various treatment options. With extensive experience in the procedures offered, the hospital is available to meet high expectations and deliver high-quality services. <\/p>\n\n<p>Here are some high-tech devices available in the hospital:<\/p>\n\n<figure class=\"wp-block-image size-full\"><img decoding=\"async\" width=\"299\" height=\"131\" class=\"wp-image-542\" src=\"https:\/\/medicaltravel.ch\/wp-content\/uploads\/2025\/09\/1-1.jpg\" alt=\"\"><\/figure>\n\n<p id=\"caption-attachment-5081\">Cyber Knife<\/p>\n\n<figure class=\"wp-block-image size-full\"><img decoding=\"async\" width=\"300\" height=\"135\" class=\"wp-image-543\" src=\"https:\/\/medicaltravel.ch\/wp-content\/uploads\/2025\/09\/2-1-300x135-1.jpg\" alt=\"\"><\/figure>\n\n<p id=\"caption-attachment-5082\">Flash CT<\/p>\n\n<figure class=\"wp-block-image size-full\"><img loading=\"lazy\" decoding=\"async\" width=\"300\" height=\"135\" class=\"wp-image-544\" src=\"https:\/\/medicaltravel.ch\/wp-content\/uploads\/2025\/09\/3-1-300x135-1.jpg\" alt=\"\"><\/figure>\n\n<p id=\"caption-attachment-5083\">Da Vinci Robotic Surgery<\/p>\n\n<figure class=\"wp-block-image size-full\"><img loading=\"lazy\" decoding=\"async\" width=\"299\" height=\"131\" class=\"wp-image-545\" src=\"https:\/\/medicaltravel.ch\/wp-content\/uploads\/2025\/09\/4.jpg\" alt=\"\"><\/figure>\n\n<p id=\"caption-attachment-5084\">Gamma Knife<\/p>\n\n<figure class=\"wp-block-image size-full\"><img loading=\"lazy\" decoding=\"async\" width=\"300\" height=\"135\" class=\"wp-image-546\" src=\"https:\/\/medicaltravel.ch\/wp-content\/uploads\/2025\/09\/5-300x135-1.jpg\" alt=\"\"><\/figure>\n\n<p id=\"caption-attachment-5085\">Single Dose Therapy<\/p>\n\n<figure class=\"wp-block-image size-full\"><img loading=\"lazy\" decoding=\"async\" width=\"300\" height=\"135\" class=\"wp-image-547\" src=\"https:\/\/medicaltravel.ch\/wp-content\/uploads\/2025\/09\/6-300x135-1.jpg\" alt=\"\"><\/figure>\n\n<p id=\"caption-attachment-5086\">Digital Mammography<\/p>\n\n<figure class=\"wp-block-image size-full\"><img loading=\"lazy\" decoding=\"async\" width=\"300\" height=\"135\" class=\"wp-image-549\" src=\"https:\/\/medicaltravel.ch\/wp-content\/uploads\/2025\/09\/7-300x135-2.jpg\" alt=\"\"><\/figure>\n\n<p id=\"caption-attachment-5087\">Whole-body MRI<\/p>\n\n<figure class=\"wp-block-image size-full\"><img loading=\"lazy\" decoding=\"async\" width=\"300\" height=\"135\" class=\"wp-image-550\" src=\"https:\/\/medicaltravel.ch\/wp-content\/uploads\/2025\/09\/6-300x135-1-1.jpg\" alt=\"\"><\/figure>\n\n<p id=\"caption-attachment-5086\">Truebeam STx<\/p>\n\n<figure class=\"wp-block-image size-full\"><img loading=\"lazy\" decoding=\"async\" width=\"300\" height=\"135\" class=\"wp-image-551\" src=\"https:\/\/medicaltravel.ch\/wp-content\/uploads\/2025\/09\/9-300x135-1.jpg\" alt=\"\"><\/figure>\n\n<p id=\"caption-attachment-5089\">Trilogy<\/p>\n\n<figure class=\"wp-block-image size-full\"><img loading=\"lazy\" decoding=\"async\" width=\"300\" height=\"135\" class=\"wp-image-552\" src=\"https:\/\/medicaltravel.ch\/wp-content\/uploads\/2025\/09\/10-300x135-1.jpg\" alt=\"\"><\/figure>\n\n<p id=\"caption-attachment-5090\">Rapidarc<\/p>\n\t\t\t\t\t\t\t\t<\/div>\n\t\t\t\t\t<\/div>\n\t\t\t\t<\/div>\n\t\t\t\t<\/div>\n\t\t","protected":false},"excerpt":{"rendered":"<p>Further treatments Acibadem Hospital Treatment spectrum T\u00fcrkiye&#8217;S LEADING HOSPITALS: ACIBADEM Acibadem Hospital is equipped with the latest devices and technology in Istanbul. It is one of the most renowned private hospitals in the city and ranks among the top 100 companies in Turkey. The Acibadem Healthcare Group, which is also a joint-stock company, continues to grow and develop year after year. EU hygiene standards are far exceeded. You will also be treated by highly qualified specialists and surgeons there. The hospital has 24 different medical centres, most of which are located in Istanbul. It is the leading address in Istanbul and Turkey within the healthcare sector and is also a preferred choice for Istanbul\u2019s high society and people from across Turkey. The Turkish national football team, as well as top clubs such as Fenerbah\u00e7e, Galatasaray and Be\u015fikta\u015f Istanbul, receive their medical care from Acibadem. Acibadem has 1,600 highly trained doctors, all of whom specialize in their respective fields, including fertility treatments, and continuously improve scientific and technological advancements. Acibadem Hospital has been granted an accreditation certificate by the US-based Joint Commission International (JCI), which sets international quality standards in healthcare. Ac\u0131badem Hospital has more than 1,600 highly trained doctors, continuously integrating technological and scientific advancements, including expert hair transplant surgeons and specialists. Why choose Acibadem Hospital in Turkey for your surgery? The hospital: is certified by Joint Commission International works in partnership with world-renowned Harvard Medical International is a member of the European Foundation for Quality Management is the medical sponsor of the Turkish national football team employs 10,500 staff, including 1,600 doctors has well over 24 different medical centres in Turkey is among the top 100 companies in the country offers all types of medical treatments Support in numerous languages, including German. The hospital\u2019s broad range of services enables patients to access various treatment options. With extensive experience in the procedures offered, the hospital is available to meet high expectations and deliver high-quality services. Here are some high-tech devices available in the hospital: Cyber Knife Flash CT Da Vinci Robotic Surgery Gamma Knife Single Dose Therapy Digital Mammography Whole-body MRI Truebeam STx Trilogy Rapidarc<\/p>\n","protected":false},"author":4,"featured_media":0,"parent":4283,"menu_order":0,"comment_status":"closed","ping_status":"closed","template":"","meta":{"_joinchat":[],"footnotes":""},"class_list":["post-4295","page","type-page","status-publish","hentry"],"acf":[],"_links":{"self":[{"href":"https:\/\/medicaltravel.ch\/en\/wp-json\/wp\/v2\/pages\/4295","targetHints":{"allow":["GET"]}}],"collection":[{"href":"https:\/\/medicaltravel.ch\/en\/wp-json\/wp\/v2\/pages"}],"about":[{"href":"https:\/\/medicaltravel.ch\/en\/wp-json\/wp\/v2\/types\/page"}],"author":[{"embeddable":true,"href":"https:\/\/medicaltravel.ch\/en\/wp-json\/wp\/v2\/users\/4"}],"replies":[{"embeddable":true,"href":"https:\/\/medicaltravel.ch\/en\/wp-json\/wp\/v2\/comments?post=4295"}],"version-history":[{"count":0,"href":"https:\/\/medicaltravel.ch\/en\/wp-json\/wp\/v2\/pages\/4295\/revisions"}],"up":[{"embeddable":true,"href":"https:\/\/medicaltravel.ch\/en\/wp-json\/wp\/v2\/pages\/4283"}],"wp:attachment":[{"href":"https:\/\/medicaltravel.ch\/en\/wp-json\/wp\/v2\/media?parent=4295"}],"curies":[{"name":"wp","href":"https:\/\/api.w.org\/{rel}","templated":true}]}}