{"id":4349,"date":"2025-09-17T10:00:32","date_gmt":"2025-09-17T09:00:32","guid":{"rendered":"https:\/\/medicaltravel.ch\/further-treatments\/further-treatments\/treatment-spectrum\/cancer-treatments\/"},"modified":"2026-01-02T00:56:58","modified_gmt":"2026-01-01T23:56:58","slug":"cancer-treatments","status":"publish","type":"page","link":"https:\/\/medicaltravel.ch\/en\/further-treatments\/further-treatments\/treatment-spectrum\/cancer-treatments\/","title":{"rendered":"Cancer treatments"},"content":{"rendered":"\t\t<div data-elementor-type=\"wp-page\" data-elementor-id=\"4349\" class=\"elementor elementor-4349 elementor-183\" data-elementor-post-type=\"page\">\n\t\t\t\t<div class=\"elementor-element elementor-element-162dfa73 e-flex e-con-boxed wpr-particle-no wpr-jarallax-no wpr-parallax-no wpr-sticky-section-no e-con e-parent\" data-id=\"162dfa73\" data-element_type=\"container\" data-e-type=\"container\">\n\t\t\t\t\t<div class=\"e-con-inner\">\n\t\t<div class=\"elementor-element elementor-element-9c8410c e-con-full e-flex wpr-particle-no wpr-jarallax-no wpr-parallax-no wpr-sticky-section-no e-con e-child\" data-id=\"9c8410c\" data-element_type=\"container\" data-e-type=\"container\">\n\t\t\t\t<div class=\"elementor-element elementor-element-6edab80 elementor-widget elementor-widget-button\" data-id=\"6edab80\" data-element_type=\"widget\" data-e-type=\"widget\" data-widget_type=\"button.default\">\n\t\t\t\t\t\t\t\t\t\t<a class=\"elementor-button elementor-button-link elementor-size-sm\" href=\"https:\/\/medicaltravel.ch\/en\/further-treatments\/further-treatments\/treatment-spectrum\/general-surgery\/\">\n\t\t\t\t\t\t<span class=\"elementor-button-content-wrapper\">\n\t\t\t\t\t\t\t\t\t<span class=\"elementor-button-text\">General Surgery<\/span>\n\t\t\t\t\t<\/span>\n\t\t\t\t\t<\/a>\n\t\t\t\t\t\t\t\t<\/div>\n\t\t\t\t<div class=\"elementor-element elementor-element-7ed8771 elementor-widget elementor-widget-button\" data-id=\"7ed8771\" data-element_type=\"widget\" data-e-type=\"widget\" data-widget_type=\"button.default\">\n\t\t\t\t\t\t\t\t\t\t<a class=\"elementor-button elementor-button-link elementor-size-sm\" href=\"https:\/\/medicaltravel.ch\/en\/further-treatments\/further-treatments\/treatment-spectrum\/check-up\/\">\n\t\t\t\t\t\t<span class=\"elementor-button-content-wrapper\">\n\t\t\t\t\t\t\t\t\t<span class=\"elementor-button-text\">Check-up<\/span>\n\t\t\t\t\t<\/span>\n\t\t\t\t\t<\/a>\n\t\t\t\t\t\t\t\t<\/div>\n\t\t\t\t<div class=\"elementor-element elementor-element-53fc4c8 elementor-widget elementor-widget-button\" data-id=\"53fc4c8\" data-element_type=\"widget\" data-e-type=\"widget\" data-widget_type=\"button.default\">\n\t\t\t\t\t\t\t\t\t\t<a class=\"elementor-button elementor-button-link elementor-size-sm\" href=\"https:\/\/medicaltravel.ch\/en\/further-treatments\/further-treatments\/treatment-spectrum\/weight-loss\/\">\n\t\t\t\t\t\t<span class=\"elementor-button-content-wrapper\">\n\t\t\t\t\t\t\t\t\t<span class=\"elementor-button-text\">Weight loss<\/span>\n\t\t\t\t\t<\/span>\n\t\t\t\t\t<\/a>\n\t\t\t\t\t\t\t\t<\/div>\n\t\t\t\t<div class=\"elementor-element elementor-element-df654fe elementor-widget elementor-widget-button\" data-id=\"df654fe\" data-element_type=\"widget\" data-e-type=\"widget\" data-widget_type=\"button.default\">\n\t\t\t\t\t\t\t\t\t\t<a class=\"elementor-button elementor-button-link elementor-size-sm\" href=\"https:\/\/medicaltravel.ch\/weitere-behandlungen\/weitere-behandlungen\/behandlungsspektrum\/orthopaedie\/\">\n\t\t\t\t\t\t<span class=\"elementor-button-content-wrapper\">\n\t\t\t\t\t\t\t\t\t<span class=\"elementor-button-text\">Orthopedics<\/span>\n\t\t\t\t\t<\/span>\n\t\t\t\t\t<\/a>\n\t\t\t\t\t\t\t\t<\/div>\n\t\t\t\t<div class=\"elementor-element elementor-element-43f9839 elementor-widget elementor-widget-button\" data-id=\"43f9839\" data-element_type=\"widget\" data-e-type=\"widget\" data-widget_type=\"button.default\">\n\t\t\t\t\t\t\t\t\t\t<a class=\"elementor-button elementor-button-link elementor-size-sm\" href=\"https:\/\/medicaltravel.ch\/weitere-behandlungen\/weitere-behandlungen\/behandlungsspektrum\/sportmedizin\/\">\n\t\t\t\t\t\t<span class=\"elementor-button-content-wrapper\">\n\t\t\t\t\t\t\t\t\t<span class=\"elementor-button-text\">Sports medicine<\/span>\n\t\t\t\t\t<\/span>\n\t\t\t\t\t<\/a>\n\t\t\t\t\t\t\t\t<\/div>\n\t\t\t\t<div class=\"elementor-element elementor-element-15a69f1 elementor-widget elementor-widget-button\" data-id=\"15a69f1\" data-element_type=\"widget\" data-e-type=\"widget\" data-widget_type=\"button.default\">\n\t\t\t\t\t\t\t\t\t\t<a class=\"elementor-button elementor-button-link elementor-size-sm\" href=\"https:\/\/medicaltravel.ch\/en\/further-treatments\/further-treatments\/treatment-spectrum\/cancer-treatments\/\">\n\t\t\t\t\t\t<span class=\"elementor-button-content-wrapper\">\n\t\t\t\t\t\t\t\t\t<span class=\"elementor-button-text\">Cancer treatments<\/span>\n\t\t\t\t\t<\/span>\n\t\t\t\t\t<\/a>\n\t\t\t\t\t\t\t\t<\/div>\n\t\t\t\t<div class=\"elementor-element elementor-element-6485166 elementor-widget elementor-widget-button\" data-id=\"6485166\" data-element_type=\"widget\" data-e-type=\"widget\" data-widget_type=\"button.default\">\n\t\t\t\t\t\t\t\t\t\t<a class=\"elementor-button elementor-button-link elementor-size-sm\" href=\"https:\/\/medicaltravel.ch\/weitere-behandlungen\/weitere-behandlungen\/behandlungsspektrum\/organtransplantation\/\">\n\t\t\t\t\t\t<span class=\"elementor-button-content-wrapper\">\n\t\t\t\t\t\t\t\t\t<span class=\"elementor-button-text\">Organ transplantation<\/span>\n\t\t\t\t\t<\/span>\n\t\t\t\t\t<\/a>\n\t\t\t\t\t\t\t\t<\/div>\n\t\t\t\t<div class=\"elementor-element elementor-element-7561900 elementor-widget elementor-widget-button\" data-id=\"7561900\" data-element_type=\"widget\" data-e-type=\"widget\" data-widget_type=\"button.default\">\n\t\t\t\t\t\t\t\t\t\t<a class=\"elementor-button elementor-button-link elementor-size-sm\" href=\"https:\/\/medicaltravel.ch\/en\/further-treatments\/further-treatments\/treatment-spectrum\/heart-surgery\/\">\n\t\t\t\t\t\t<span class=\"elementor-button-content-wrapper\">\n\t\t\t\t\t\t\t\t\t<span class=\"elementor-button-text\">Heart surgery<\/span>\n\t\t\t\t\t<\/span>\n\t\t\t\t\t<\/a>\n\t\t\t\t\t\t\t\t<\/div>\n\t\t\t\t<div class=\"elementor-element elementor-element-0fb8dc3 elementor-widget elementor-widget-button\" data-id=\"0fb8dc3\" data-element_type=\"widget\" data-e-type=\"widget\" data-widget_type=\"button.default\">\n\t\t\t\t\t\t\t\t\t\t<a class=\"elementor-button elementor-button-link elementor-size-sm\" href=\"https:\/\/medicaltravel.ch\/en\/further-treatments\/further-treatments\/treatment-spectrum\/throat-nose-ears\/\">\n\t\t\t\t\t\t<span class=\"elementor-button-content-wrapper\">\n\t\t\t\t\t\t\t\t\t<span class=\"elementor-button-text\">throat, nose, ears<\/span>\n\t\t\t\t\t<\/span>\n\t\t\t\t\t<\/a>\n\t\t\t\t\t\t\t\t<\/div>\n\t\t\t\t<div class=\"elementor-element elementor-element-dd7d4f4 elementor-widget elementor-widget-button\" data-id=\"dd7d4f4\" data-element_type=\"widget\" data-e-type=\"widget\" data-widget_type=\"button.default\">\n\t\t\t\t\t\t\t\t\t\t<a class=\"elementor-button elementor-button-link elementor-size-sm\" href=\"https:\/\/medicaltravel.ch\/weitere-behandlungen\/weitere-behandlungen\/behandlungsspektrum\/neurologie\/\">\n\t\t\t\t\t\t<span class=\"elementor-button-content-wrapper\">\n\t\t\t\t\t\t\t\t\t<span class=\"elementor-button-text\">Neurology<\/span>\n\t\t\t\t\t<\/span>\n\t\t\t\t\t<\/a>\n\t\t\t\t\t\t\t\t<\/div>\n\t\t\t\t<\/div>\n\t\t\t\t<div class=\"elementor-element elementor-element-780ea398 elementor-widget elementor-widget-text-editor\" data-id=\"780ea398\" data-element_type=\"widget\" data-e-type=\"widget\" data-widget_type=\"text-editor.default\">\n\t\t\t\t\t\t\t\t\t\n<h2 class=\"wp-block-heading\">CANCER TREATMENT METHODS<\/h2>\n\n<p><strong>CANCER MEDICINE IN TURKEY<\/strong><\/p>\n\n<p>Cancer is a devastating disease whose incidence is steadily increasing worldwide. Although there are numerous differences in its type and origin, cancer is curable if treated early. The right treatment by specialists and the right technology can be vital for cancer patients&#8217; survival.  <\/p>\n\n<p>Chemotherapy<br>However, this situation also means a long and complicated process for cancer patients. Patients receive crucial care from medical facilities. Institutions specializing in cancer treatment must have experienced and specialized personnel, comprehensive medical knowledge, and equipment made with the latest technologies, as well as apply modern medical methods and infrastructure systems that enable coordination among specialists. By implementing this approach, the Ac\u0131badem Hospitals Group has been highly successful in cancer treatment.   <\/p>\n\n<p>The Interdisciplinary Approach (for Effective Cancer Treatment Solutions)<br>The most effective solutions in cancer treatment are achieved through an interdisciplinary approach, as oncology is a field that requires collaboration and joint decision-making with many branches of science. Medical consultation from various specialties is crucial for the diagnosis and treatment of cancer and demands particularly close teamwork. In interdisciplinary structures, specialists from different fields consult with each other, make joint decisions, and share responsibility. This results in institutions with interdisciplinary structures achieving better outcomes in cancer treatment and follow-up care within the field of oncology.   <\/p>\n\n<p>The Interdisciplinary Approach at Ac\u0131badem Hospitals<br>The diagnosis and treatment of all types of cancer are evaluated in an interdisciplinary manner at the Ac\u0131badem Cancer Centers. The services offered at these centers include scan programs that allow for early detection of cancer and assessment of cancer risk in healthy individuals. Additionally, patients and their families are thoroughly informed about cancer prevention.  <\/p>\n\n<p><strong>Ac\u0131badem Hospitals \u2013 Behandlung von Krebspatienten mit erstklassigen Technologien.<\/strong><\/p>\n\n<p>Multidisciplinary Approach<br>The Ac\u0131badem Hospitals Group has brought the most advanced technologies to Turkey. With their developed technologies, technical equipment, and extensive knowledge and experience, the Ac\u0131badem Hospitals offer their patients the world\u2019s most modern technologies for cancer diagnosis and treatment. <\/p>\n\n<p>The Ac\u0131badem Hospitals Group offers radiological cancer treatments in five of its clinics. These clinics are: the Maslak and Kozyata\u011f\u0131 clinics in Istanbul, as well as the Bursa, Adana, and Kayseri clinics outside Istanbul. <\/p>\n\n<p>At the Ac\u0131badem Kozyata\u011f\u0131 Clinic, the Gamma Knife is used in the treatment of brain tumors. The CyberKnife is employed at the Ac\u0131badem Maslak Clinic for treating tumors in the brain and other parts of the body. Additionally, at the Ac\u0131badem Maslak Clinic, cancer patients are treated with the first and only Rapid-Arc system, which allows for treatments that last only 1-2 minutes.  <\/p>\n\n<p><strong>The most common types of cancer treated are:<\/strong><\/p>\n\n<ul class=\"wp-block-list\">\n<li>Oral cancer Gamma knife device<\/li>\n\n<li>Lung cancer<\/li>\n\n<li>brain tumor<\/li>\n\n<li>skin cancer<\/li>\n\n<li>Laryn cancer<\/li>\n\n<li>Liver cancer<\/li>\n\n<li>Knochentumore<\/li>\n\n<li>Colorectal Krebs<\/li>\n\n<li>Lymphom<\/li>\n\n<li>breast cancer<\/li>\n\n<li>bladder cancer<\/li>\n\n<li>stomach cancer<\/li>\n\n<li>pancreatic cancer<\/li>\n\n<li>Pediatric Oncology &amp; Hematology<\/li>\n\n<li>Prostate cancer<\/li>\n\n<li>Endometrial cancer (uterine cancer)<\/li>\n\n<li>Cervical cancer (cancer of the cervix)<\/li>\n\n<li>Thyroid cancer<\/li>\n\n<li>Ovarian cancer<\/li>\n<\/ul>\n\n<figure class=\"wp-block-image size-full\"><img decoding=\"async\" width=\"299\" height=\"131\" class=\"wp-image-574\" src=\"https:\/\/medicaltravel.ch\/wp-content\/uploads\/2025\/09\/GammaKnife-in-Istanbul-Acibadem.jpg\" alt=\"\"><\/figure>\n\n<p><a href=\"https:\/\/medicaltravel.ch\/en\/contact\/\" data-type=\"page\" data-id=\"225\">Contact us today for any questions.<\/a> We are happy to assist you.<\/p>\n\t\t\t\t\t\t\t\t<\/div>\n\t\t\t\t\t<\/div>\n\t\t\t\t<\/div>\n\t\t\t\t<\/div>\n\t\t","protected":false},"excerpt":{"rendered":"<p>General Surgery Check-up Weight loss Orthopedics Sports medicine Cancer treatments Organ transplantation Heart surgery throat, nose, ears Neurology CANCER TREATMENT METHODS CANCER MEDICINE IN TURKEY Cancer is a devastating disease whose incidence is steadily increasing worldwide. Although there are numerous differences in its type and origin, cancer is curable if treated early. The right treatment by specialists and the right technology can be vital for cancer patients&#8217; survival. ChemotherapyHowever, this situation also means a long and complicated process for cancer patients. Patients receive crucial care from medical facilities. Institutions specializing in cancer treatment must have experienced and specialized personnel, comprehensive medical knowledge, and equipment made with the latest technologies, as well as apply modern medical methods and infrastructure systems that enable coordination among specialists. By implementing this approach, the Ac\u0131badem Hospitals Group has been highly successful in cancer treatment. The Interdisciplinary Approach (for Effective Cancer Treatment Solutions)The most effective solutions in cancer treatment are achieved through an interdisciplinary approach, as oncology is a field that requires collaboration and joint decision-making with many branches of science. Medical consultation from various specialties is crucial for the diagnosis and treatment of cancer and demands particularly close teamwork. In interdisciplinary structures, specialists from different fields consult with each other, make joint decisions, and share responsibility. This results in institutions with interdisciplinary structures achieving better outcomes in cancer treatment and follow-up care within the field of oncology. The Interdisciplinary Approach at Ac\u0131badem HospitalsThe diagnosis and treatment of all types of cancer are evaluated in an interdisciplinary manner at the Ac\u0131badem Cancer Centers. The services offered at these centers include scan programs that allow for early detection of cancer and assessment of cancer risk in healthy individuals. Additionally, patients and their families are thoroughly informed about cancer prevention. Ac\u0131badem Hospitals \u2013 Behandlung von Krebspatienten mit erstklassigen Technologien. Multidisciplinary ApproachThe Ac\u0131badem Hospitals Group has brought the most advanced technologies to Turkey. With their developed technologies, technical equipment, and extensive knowledge and experience, the Ac\u0131badem Hospitals offer their patients the world\u2019s most modern technologies for cancer diagnosis and treatment. The Ac\u0131badem Hospitals Group offers radiological cancer treatments in five of its clinics. These clinics are: the Maslak and Kozyata\u011f\u0131 clinics in Istanbul, as well as the Bursa, Adana, and Kayseri clinics outside Istanbul. At the Ac\u0131badem Kozyata\u011f\u0131 Clinic, the Gamma Knife is used in the treatment of brain tumors. The CyberKnife is employed at the Ac\u0131badem Maslak Clinic for treating tumors in the brain and other parts of the body. Additionally, at the Ac\u0131badem Maslak Clinic, cancer patients are treated with the first and only Rapid-Arc system, which allows for treatments that last only 1-2 minutes. The most common types of cancer treated are: Oral cancer Gamma knife device Lung cancer brain tumor skin cancer Laryn cancer Liver cancer Knochentumore Colorectal Krebs Lymphom breast cancer bladder cancer stomach cancer pancreatic cancer Pediatric Oncology &amp; Hematology Prostate cancer Endometrial cancer (uterine cancer) Cervical cancer (cancer of the cervix) Thyroid cancer Ovarian cancer Contact us today for any questions. We are happy to assist you.<\/p>\n","protected":false},"author":4,"featured_media":0,"parent":4320,"menu_order":0,"comment_status":"closed","ping_status":"closed","template":"","meta":{"_joinchat":[],"footnotes":""},"class_list":["post-4349","page","type-page","status-publish","hentry"],"acf":[],"_links":{"self":[{"href":"https:\/\/medicaltravel.ch\/en\/wp-json\/wp\/v2\/pages\/4349","targetHints":{"allow":["GET"]}}],"collection":[{"href":"https:\/\/medicaltravel.ch\/en\/wp-json\/wp\/v2\/pages"}],"about":[{"href":"https:\/\/medicaltravel.ch\/en\/wp-json\/wp\/v2\/types\/page"}],"author":[{"embeddable":true,"href":"https:\/\/medicaltravel.ch\/en\/wp-json\/wp\/v2\/users\/4"}],"replies":[{"embeddable":true,"href":"https:\/\/medicaltravel.ch\/en\/wp-json\/wp\/v2\/comments?post=4349"}],"version-history":[{"count":3,"href":"https:\/\/medicaltravel.ch\/en\/wp-json\/wp\/v2\/pages\/4349\/revisions"}],"predecessor-version":[{"id":4352,"href":"https:\/\/medicaltravel.ch\/en\/wp-json\/wp\/v2\/pages\/4349\/revisions\/4352"}],"up":[{"embeddable":true,"href":"https:\/\/medicaltravel.ch\/en\/wp-json\/wp\/v2\/pages\/4320"}],"wp:attachment":[{"href":"https:\/\/medicaltravel.ch\/en\/wp-json\/wp\/v2\/media?parent=4349"}],"curies":[{"name":"wp","href":"https:\/\/api.w.org\/{rel}","templated":true}]}}