{"id":7029,"date":"2026-02-19T11:19:16","date_gmt":"2026-02-19T10:19:16","guid":{"rendered":"https:\/\/medicaltravel.ch\/?page_id=7029"},"modified":"2026-02-19T11:21:06","modified_gmt":"2026-02-19T10:21:06","slug":"experience-report-breast-reduction-liposuction-istanbul-patient-review-2","status":"publish","type":"page","link":"https:\/\/medicaltravel.ch\/en\/patient-reports\/patient-experiences-recommendations-treatments-reviews-turkey-istanbul\/experience-report-breast-reduction-liposuction-istanbul-patient-review-2\/","title":{"rendered":"Experience Report Breast Reduction Liposuction Istanbul Patient Review"},"content":{"rendered":"\t\t<div data-elementor-type=\"wp-page\" data-elementor-id=\"7029\" class=\"elementor elementor-7029 elementor-7028\" data-elementor-post-type=\"page\">\n\t\t\t\t<div class=\"elementor-element elementor-element-6e0c8978 e-flex e-con-boxed wpr-particle-no wpr-jarallax-no wpr-parallax-no wpr-sticky-section-no e-con e-parent\" data-id=\"6e0c8978\" data-element_type=\"container\" data-e-type=\"container\">\n\t\t\t\t\t<div class=\"e-con-inner\">\n\t\t\t\t<div class=\"elementor-element elementor-element-90a1c93 elementor-widget elementor-widget-text-editor\" data-id=\"90a1c93\" data-element_type=\"widget\" data-e-type=\"widget\" data-widget_type=\"text-editor.default\">\n\t\t\t\t\t\t\t\t\t\n<p><strong>Erfahrungsbericht Brust Operation-\u00a0 T\u00fcrkei<\/strong><\/p>\n<p>Bereits in jungen Jahren habe ich mich immer an der Gr\u00f6sse meiner Brust gest\u00f6rt.<\/p>\n<p>Das hat mich \u00fcber Jahre begleitet, von meiner Pubert\u00e4t, \u00fcber zwei Schwangerschaften bis jetzt, das Thema einer <strong><a href=\"https:\/\/medicaltravel.ch\/schoenheitsoperation\/behandlungsspektrum\/turkei-istanbul-brustoperationen\/\">Brustverkleinerung<\/a><\/strong> war alle Jahre immer pr\u00e4sent, mal mehr mal weniger.<\/p>\n<p>Durch die <a href=\"https:\/\/www.youtube.com\/shorts\/XwuzzGJg1Rs\" rel=\"nofollow noopener\" target=\"_blank\">SRF Sendung DOK,<\/a> \u00fcber <a href=\"https:\/\/medicaltravel.ch\/schoenheitsoperation\/turkei-istanbul-schoenheitsreisen\/\">Sch\u00f6nheitsoperationen<\/a> in der T\u00fcrkei\/ Istanbul, bin ich erneut auf den Gedanken gekommen, etwas gegen mein Unwohlsein mit meiner Oberweite zu unternehmen.<\/p>\n<p>Der Gedanke, alle Vorbereitungen in der Schweiz treffen zu k\u00f6nnen, hat mich sofort begeistert. <strong>Den Arzt bereits im Vorfeld in der Schweiz kennenzulernen<\/strong>, war ein sehr wichtiger Punkt f\u00fcr mich. Ich habe nach der Seite von Medical Travel gegoogelt und mich &#8220;schlau&#8221; gelesen.<\/p>\n<p><a href=\"https:\/\/medicaltravel.ch\/berichte-von-patienten-istanbul-turkei\/erfahrungsberichte\/\">Erfahrungsberichte<\/a>, Abl\u00e4ufe etc. Es hat dann noch ein paar Wochen gedauert, ehe ich mich erneut auf die Seite klickte, wo mir gleich ein Datum f\u00fcr ein kostenloses <a href=\"https:\/\/medicaltravel.ch\/beratungen\/\">Beratungsgespr\u00e4ch<\/a> ins Auge gestochen ist. Kurzerhand habe ich eine E-Mail verfasst und binnen einer Stunde hat mich bereits Herr Serdar Kara telefonisch kontaktiert und mit mir einen Termin vereinbart.<br \/><br \/>Bereits zehn Tage sp\u00e4ter, Mitte November, bin ich in Begleitung meines Mannes aufgeregt nach Zug gefahren. Wir wurden <strong>sehr herzlich empfangen<\/strong> und konnten unseren Termin p\u00fcnktlich wahrnehmen. Der Beratungstermin hat mit dem Dolmetscher und <a href=\"https:\/\/medicaltravel.ch\/wp-content\/uploads\/2025\/09\/Lebenslauf_Prof_Dr_Oguz-Kayiran.pdf\">Prof. Dr. Oguz Kayiran<\/a> stattgefunden. Alle offenen Fragen wurden von Prof. Dr. Oguz Kayiran beantwortet und nach diesem Termin war f\u00fcr mich klar, dass ich diese Operation durchf\u00fchren lassen m\u00f6chte.<\/p>\n<p>Bereits ein paar Tage sp\u00e4ter habe ich eine Offerte f\u00fcr eine Behandlung, mit allen Informationen und Details erhalten. Zu erledigen war f\u00fcr mich noch eine Mammographie sowie ein Ultraschall.<br \/>.<br \/>Sobald ich diese Unterlagen an MedicalTravel gesendet hatte, wurde der bereits geplante Termin im Januar fix gebucht.<\/p>\n<p>Einen Tag vor dem Operationstermin sind wir nach Istanbul geflogen. Am Flughafen wurden wir von Hakki abgeholt, er war die ganze Woche f\u00fcr unsere <strong>Transfers vom Flughafen zu Hotel, zu Spital und zur\u00fcck<\/strong> zust\u00e4ndig, das hat immer <strong>top funktioniert.<\/strong><\/p>\n<p>Am n\u00e4chsten Tag sind wir gegen 09.30 Uhr ins neue <a href=\"https:\/\/medicaltravel.ch\/schoenheitsoperation\/die-spitaler\/schoenheitsklinik-in-istanbul\/\"><strong>Memorial G\u00f6ztepe Spital<\/strong><\/a> gefahren und wurden vom Dolmetscher in Empfange genommen. Zuerst wurden die Personalien aufgenommen und eine paar Papier mussten unterschrieben werden, immer in Begleitung des Dolmetschers, alles wurde erkl\u00e4rt und \u00fcbersetzt. Danach kam ich auf mein sehr <strong>grosses<\/strong> <strong>Einzelzimmer, top modern, fast wie in einem Hotel<\/strong>. Kurz darauf ist Prof. Dr. Oguz Kayiran eingetroffen, hat mich begr\u00fcsst, sein Vorgehen erl\u00e4utert sowie die Schnitte f\u00fcr di OP eingezeichnet. Ebenfalls kam die Narkose\u00e4rztin f\u00fcr alle Abkl\u00e4rungen.<\/p>\n<p>Gegen 13.00 Uhr kam ich in den OP, diese hat um <strong>die drei Stunden gedauert<\/strong> und nach ca. einer Stunde im Aufwachraum bin ich gegen 17.00 Uhr wieder in mein Zimmer gebracht worden. Nach einer Nacht im Spital durfte ich am Samstag wieder ins Hotel zur\u00fcck.<\/p>\n<p>Die ersten Tage hatte ich noch Drainagen, diese wurden am Montag entfernt, was eine Erleichterung war. Schmerzen hatte ich kaum, es war eher etwas unangenehm mit den Drainagen und dem Korsett, aber ansonsten bin ich ganz gut klargekommen. An den folgenden Tagen haben wir in gem\u00fctlichem Tempo noch das eine oder andere in Istanbul besichtigt, bis wir nach knapp einer Woche wieder nach Hause geflogen sind.<\/p>\n<p>Zwei Wochen nach der OP durften wir die Pflaster der Naht entfernen, was auch wieder eine Erleichterung brachte. Unterdessen sind gut drei Wochen vergangen seit der OP und mir geht es sehr gut, ich f\u00fchle mich happy und bin sehr froh, diesen Schritt gewagt zu haben.<\/p>\n<p>Auch s\u00e4mtliche Fragen nach der OP, sei es noch in Istanbul oder bereits wieder zu Hause, wurden innert kurzer Zeit beantwortet und ich habe mich immer gut betreut und ernst genommen gef\u00fchlt.<\/p>\n<p>Mit dem Ergebnis bin ich sehr zufrieden, nun gilt es die n\u00e4chsten Wochen und Monate noch abzuwarten, bis alle Schwellungen vollst\u00e4ndig abgeklungen und die Narben verheilt sind.<\/p>\n<p>Mich hat das Gesamtpaket mehr als \u00fcberzeugt, vielen Dank allen beteiligten.<\/p>\n<p>Barbara M.<\/p>\n<p>\u00a0<\/p>\n<div class=\"wp-block-group\">\n<p><a href=\"https:\/\/medicaltravel.ch\/berichte-von-patienten-istanbul-turkei\/erfahrungsberichte\/bodylift-brust-op-istanbul-turkei\/\" data-type=\"link\" data-id=\"https:\/\/medicaltravel.ch\/berichte-von-patienten-istanbul-turkei\/erfahrungsberichte\/bodylift-brust-op-istanbul-turkei\/\">Der vorherige Bericht<\/a><\/p>\n\n<p class=\"has-text-align-right\"><a href=\"https:\/\/medicaltravel.ch\/berichte-von-patienten-istanbul-turkei\/erfahrungsberichte\/nasenop-istanbul-beurteilung-patientenmeinung\/\" data-type=\"link\" data-id=\"https:\/\/medicaltravel.ch\/home\/berichte-von-patienten-istanbul-turkei\/erfahrungsberichte\/nasenop-istanbul-beurteilung-patientenmeinung\/\">Der n\u00e4chste Bericht<\/a><\/p>\n<\/div>\n\t\t\t\t\t\t\t\t<\/div>\n\t\t\t\t\t<\/div>\n\t\t\t\t<\/div>\n\t\t\t\t<\/div>\n\t\t","protected":false},"excerpt":{"rendered":"<p>Istanbul Patient Review Experience Report: Breast Reduction and Liposuction in Turkey For many years, I had problems due to the size of my breasts. In addition to back pain and the psychological impact, I also constantly struggled to find clothes that fit me. Buying bras and bikinis was always a challenge. On top of that, about two years ago, I was diagnosed with a thyroid condition, which caused me to gain around 10 kilograms. This made me feel very uncomfortable in my own body. Even exercise and a healthy diet could not help me. This summer, I looked into the possibility of a surgical procedure. It quickly became clear that I could not afford the procedure in Switzerland, so I started exploring other options. That\u2019s when I came across the many providers offering operations in Turkey. Many of them, however, were based in Germany. Others advertised very low prices and did not seem very trustworthy. During more in-depth online research, I then came across MedicalTravel, which has an office in Bern. I was able to register for a free consultation with the surgeon in Zug. During this appointment, we discussed the options for breast reduction. I was able to ask all my questions and was informed about the procedure. After the discussion, it was very clear to me that I wanted to have the procedure done with this provider. I received a quote for the price, which, including flight, hotel, and transfers, was still less than half the cost of the treatment in Switzerland. So I booked the package. Two weeks before departure, I inquired about the possibility of liposuction on the stomach and sides. This was discussed with the surgeon and booked as a second procedure. In Turkey, we were picked up from the airport by a driver and taken to our hotel. It was located on the Asian side of Istanbul, which is much less touristy, allowing us to have a very authentic experience in the city. Although people spoke little English, they were very helpful. On the day of the procedure, we were again picked up by a driver and taken to the nearby hospital. There, we were greeted by a German-speaking interpreter who assisted us with administrative matters and preliminary examinations. Soon after, I was taken into the operating room and woke up about five hours later. The hospital staff were extremely helpful and friendly. A bed was set up for my partner next to me, and he was provided with meals. During the first night, a nurse came every 30 minutes to check on me, help me take a few steps, or assist me in any other way. The next day, I was allowed to return to the hotel, where I spent the next three days mostly resting. After that, it was time for the check-up with the surgeon. He examined my wounds and gave me the all-clear for the return flight a few days later. After 10 days, I was able to remove the bandages at home with some help. Some of the wounds were still slightly open but healed over the following weeks with proper wound care. The pain and numbness from the liposuction lasted for some time but decreased day by day. I am extremely satisfied with the result. I have regained much of my former freedom and feel comfortable in my body again. I would choose the treatment in Turkey again at any time. I felt very well supported by MedicalTravel and was also able to attend a follow-up consultation in Switzerland. Melanie Sreng The previous report The next report<\/p>\n","protected":false},"author":4,"featured_media":7039,"parent":3431,"menu_order":0,"comment_status":"closed","ping_status":"closed","template":"","meta":{"_joinchat":[],"footnotes":""},"class_list":["post-7029","page","type-page","status-publish","has-post-thumbnail","hentry"],"acf":[],"_links":{"self":[{"href":"https:\/\/medicaltravel.ch\/en\/wp-json\/wp\/v2\/pages\/7029","targetHints":{"allow":["GET"]}}],"collection":[{"href":"https:\/\/medicaltravel.ch\/en\/wp-json\/wp\/v2\/pages"}],"about":[{"href":"https:\/\/medicaltravel.ch\/en\/wp-json\/wp\/v2\/types\/page"}],"author":[{"embeddable":true,"href":"https:\/\/medicaltravel.ch\/en\/wp-json\/wp\/v2\/users\/4"}],"replies":[{"embeddable":true,"href":"https:\/\/medicaltravel.ch\/en\/wp-json\/wp\/v2\/comments?post=7029"}],"version-history":[{"count":1,"href":"https:\/\/medicaltravel.ch\/en\/wp-json\/wp\/v2\/pages\/7029\/revisions"}],"predecessor-version":[{"id":7032,"href":"https:\/\/medicaltravel.ch\/en\/wp-json\/wp\/v2\/pages\/7029\/revisions\/7032"}],"up":[{"embeddable":true,"href":"https:\/\/medicaltravel.ch\/en\/wp-json\/wp\/v2\/pages\/3431"}],"wp:featuredmedia":[{"embeddable":true,"href":"https:\/\/medicaltravel.ch\/en\/wp-json\/wp\/v2\/media\/7039"}],"wp:attachment":[{"href":"https:\/\/medicaltravel.ch\/en\/wp-json\/wp\/v2\/media?parent=7029"}],"curies":[{"name":"wp","href":"https:\/\/api.w.org\/{rel}","templated":true}]}}