{"id":3223,"date":"2025-09-17T12:10:40","date_gmt":"2025-09-17T11:10:40","guid":{"rendered":"https:\/\/medicaltravel.ch\/yasli-hastalarin-raporlari\/"},"modified":"2026-01-02T13:19:49","modified_gmt":"2026-01-02T12:19:49","slug":"yasli-hastalarin-raporlari","status":"publish","type":"page","link":"https:\/\/medicaltravel.ch\/tr\/hasta-raporlari\/yasli-hastalarin-raporlari\/","title":{"rendered":"Ya\u015fl\u0131 hastalar\u0131n raporlar\u0131"},"content":{"rendered":"\t\t<div data-elementor-type=\"wp-page\" data-elementor-id=\"3223\" class=\"elementor elementor-3223 elementor-221\" data-elementor-post-type=\"page\">\n\t\t\t\t<div class=\"elementor-element elementor-element-27ca96f6 e-flex e-con-boxed wpr-particle-no wpr-jarallax-no wpr-parallax-no wpr-sticky-section-no e-con e-parent\" data-id=\"27ca96f6\" data-element_type=\"container\" data-e-type=\"container\">\n\t\t\t\t\t<div class=\"e-con-inner\">\n\t\t<div class=\"elementor-element elementor-element-ac49a1b e-con-full e-flex wpr-particle-no wpr-jarallax-no wpr-parallax-no wpr-sticky-section-no e-con e-child\" data-id=\"ac49a1b\" data-element_type=\"container\" data-e-type=\"container\">\n\t\t\t\t<div class=\"elementor-element elementor-element-a6ddd02 elementor-widget elementor-widget-button\" data-id=\"a6ddd02\" data-element_type=\"widget\" data-e-type=\"widget\" data-widget_type=\"button.default\">\n\t\t\t\t\t\t\t\t\t\t<a class=\"elementor-button elementor-button-link elementor-size-sm\" href=\"https:\/\/medicaltravel.ch\/berichte-von-patienten-istanbul-turkei\/videos\/\">\n\t\t\t\t\t\t<span class=\"elementor-button-content-wrapper\">\n\t\t\t\t\t\t\t\t\t<span class=\"elementor-button-text\">videolar<\/span>\n\t\t\t\t\t<\/span>\n\t\t\t\t\t<\/a>\n\t\t\t\t\t\t\t\t<\/div>\n\t\t\t\t<div class=\"elementor-element elementor-element-a5910b5 elementor-widget elementor-widget-button\" data-id=\"a5910b5\" data-element_type=\"widget\" data-e-type=\"widget\" data-widget_type=\"button.default\">\n\t\t\t\t\t\t\t\t\t\t<a class=\"elementor-button elementor-button-link elementor-size-sm\" href=\"https:\/\/medicaltravel.ch\/berichte-von-patienten-istanbul-turkei\/erfahrungsberichte\/\">\n\t\t\t\t\t\t<span class=\"elementor-button-content-wrapper\">\n\t\t\t\t\t\t\t\t\t<span class=\"elementor-button-text\">En yeni<\/span>\n\t\t\t\t\t<\/span>\n\t\t\t\t\t<\/a>\n\t\t\t\t\t\t\t\t<\/div>\n\t\t\t\t<div class=\"elementor-element elementor-element-7e0042f elementor-widget elementor-widget-button\" data-id=\"7e0042f\" data-element_type=\"widget\" data-e-type=\"widget\" data-widget_type=\"button.default\">\n\t\t\t\t\t\t\t\t\t\t<a class=\"elementor-button elementor-button-link elementor-size-sm\" href=\"https:\/\/medicaltravel.ch\/berichte-von-patienten-istanbul-turkei\/erfahrungsberichte-2012\/\">\n\t\t\t\t\t\t<span class=\"elementor-button-content-wrapper\">\n\t\t\t\t\t\t\t\t\t<span class=\"elementor-button-text\">Deneyim raporlar\u0131<\/span>\n\t\t\t\t\t<\/span>\n\t\t\t\t\t<\/a>\n\t\t\t\t\t\t\t\t<\/div>\n\t\t\t\t<div class=\"elementor-element elementor-element-6ce3976 elementor-widget elementor-widget-button\" data-id=\"6ce3976\" data-element_type=\"widget\" data-e-type=\"widget\" data-widget_type=\"button.default\">\n\t\t\t\t\t\t\t\t\t\t<a class=\"elementor-button elementor-button-link elementor-size-sm\" href=\"https:\/\/medicaltravel.ch\/berichte-von-patienten-istanbul-turkei\/patientenberichte-2011\/\">\n\t\t\t\t\t\t<span class=\"elementor-button-content-wrapper\">\n\t\t\t\t\t\t\t\t\t<span class=\"elementor-button-text\">Hasta raporlar\u0131<\/span>\n\t\t\t\t\t<\/span>\n\t\t\t\t\t<\/a>\n\t\t\t\t\t\t\t\t<\/div>\n\t\t\t\t<div class=\"elementor-element elementor-element-40733aa elementor-widget elementor-widget-button\" data-id=\"40733aa\" data-element_type=\"widget\" data-e-type=\"widget\" data-widget_type=\"button.default\">\n\t\t\t\t\t\t\t\t\t\t<a class=\"elementor-button elementor-button-link elementor-size-sm\" href=\"https:\/\/medicaltravel.ch\/berichte-von-patienten-istanbul-turkei\/erfahrungsberichte-2009-2010\/\">\n\t\t\t\t\t\t<span class=\"elementor-button-content-wrapper\">\n\t\t\t\t\t\t\t\t\t<span class=\"elementor-button-text\">Hasta de\u011ferlendirmeleri<\/span>\n\t\t\t\t\t<\/span>\n\t\t\t\t\t<\/a>\n\t\t\t\t\t\t\t\t<\/div>\n\t\t\t\t<div class=\"elementor-element elementor-element-9cc22d6 elementor-widget elementor-widget-button\" data-id=\"9cc22d6\" data-element_type=\"widget\" data-e-type=\"widget\" data-widget_type=\"button.default\">\n\t\t\t\t\t\t\t\t\t\t<a class=\"elementor-button elementor-button-link elementor-size-sm\" href=\"https:\/\/medicaltravel.ch\/berichte-von-patienten-istanbul-turkei\/patientenberichte-2007\/\">\n\t\t\t\t\t\t<span class=\"elementor-button-content-wrapper\">\n\t\t\t\t\t\t\t\t\t<span class=\"elementor-button-text\">Yorumlar<\/span>\n\t\t\t\t\t<\/span>\n\t\t\t\t\t<\/a>\n\t\t\t\t\t\t\t\t<\/div>\n\t\t\t\t<div class=\"elementor-element elementor-element-c2fc623 elementor-widget elementor-widget-button\" data-id=\"c2fc623\" data-element_type=\"widget\" data-e-type=\"widget\" data-widget_type=\"button.default\">\n\t\t\t\t\t\t\t\t\t\t<a class=\"elementor-button elementor-button-link elementor-size-sm\" href=\"https:\/\/medicaltravel.ch\/tr\/hasta-raporlari\/yasli-hastalarin-raporlari\/\">\n\t\t\t\t\t\t<span class=\"elementor-button-content-wrapper\">\n\t\t\t\t\t\t\t\t\t<span class=\"elementor-button-text\">Ya\u015fl\u0131 hastalar\u0131n raporlar\u0131<\/span>\n\t\t\t\t\t<\/span>\n\t\t\t\t\t<\/a>\n\t\t\t\t\t\t\t\t<\/div>\n\t\t\t\t<\/div>\n\t\t\t\t<div class=\"elementor-element elementor-element-761dcd41 elementor-widget elementor-widget-text-editor\" data-id=\"761dcd41\" data-element_type=\"widget\" data-e-type=\"widget\" data-widget_type=\"text-editor.default\">\n\t\t\t\t\t\t\t\t\t<h2 class=\"wp-block-heading\">2006 YILI HASTALARININ RAPORLARI<\/h2><ul class=\"wp-block-list\"><li><a href=\"https:\/\/medicaltravel.ch\/berichte-von-patienten-istanbul-turkei\/altere-patientenberichte\/meine-lasik-op-in-istanbul-bericht-vom-montag-29-dezember-2008\/\" data-type=\"page\" data-id=\"1058\">\u0130STANBUL&#8217;da ge\u00e7irdi\u011fim LASIK ameliyat\u0131 \u2013 29 Aral\u0131k 2008 Pazartesi g\u00fcn\u00fc tarihli rapor<\/a><\/li><li><a href=\"https:\/\/medicaltravel.ch\/tr\/hasta-raporlari\/yasli-hastalarin-raporlari\/deneyim-raporu-auge-laser-istanbul-22-aralik-2008-pazartesi-guenue-tarihli-rapor\/\" data-type=\"page\" data-id=\"1060\">Deneyim raporu AUGE LASER \u0130STANBUL \u2013 22 Aral\u0131k 2008 Pazartesi g\u00fcn\u00fc tarihli rapor<\/a><\/li><li><a href=\"https:\/\/medicaltravel.ch\/tr\/hasta-raporlari\/yasli-hastalarin-raporlari\/goez-lazer-istanbul-deneyim-raporu-3-aralik-2008-carsamba-guenue-tarihli-rapor\/\" data-type=\"page\" data-id=\"1062\">G\u00f6z Lazer \u0130stanbul Deneyim Raporu \u2013 3 Aral\u0131k 2008 \u00c7ar\u015famba g\u00fcn\u00fc tarihli rapor<\/a><\/li><li><a href=\"https:\/\/medicaltravel.ch\/tr\/hasta-raporlari\/yasli-hastalarin-raporlari\/bir-rueya-gercek-oldu-16-kasim-2008-pazar-guenue-raporu\/\" data-type=\"page\" data-id=\"1064\">Bir r\u00fcya ger\u00e7ek oldu! \u2013 16 Kas\u0131m 2008 Pazar g\u00fcn\u00fc raporu <\/a><\/li><li><a href=\"https:\/\/medicaltravel.ch\/berichte-von-patienten-istanbul-turkei\/altere-patientenberichte\/vor-freude-geweint-bericht-vom-dienstag-28-oktober-2008\/\" data-type=\"page\" data-id=\"1066\">Sevin\u00e7ten a\u011flad\u0131m!\u2026 \u2013 28 Ekim 2008 Sal\u0131 g\u00fcn\u00fc tarihli haber<\/a><\/li><li><a href=\"https:\/\/medicaltravel.ch\/berichte-von-patienten-istanbul-turkei\/altere-patientenberichte\/meine-notizen-uber-meine-augenlaserreise-bericht-vom-sonntag-19-oktober-2008\/\" data-type=\"page\" data-id=\"1068\">G\u00f6z lazer ameliyat\u0131 yolculu\u011fumla ilgili notlar\u0131m \u2013 19 Ekim 2008 Pazar g\u00fcn\u00fc raporu<\/a><\/li><li><a href=\"https:\/\/medicaltravel.ch\/berichte-von-patienten-istanbul-turkei\/altere-patientenberichte\/erlebnisbericht-augen-laser-in-istanbul-bericht-vom-sonntag-19-oktober-2008\/\" data-type=\"page\" data-id=\"1070\">\u0130stanbul&#8217;da G\u00d6Z LAZER deneyimi \u2013 19 Ekim 2008 Pazar g\u00fcn\u00fc raporu<\/a><\/li><li><a href=\"https:\/\/medicaltravel.ch\/tr\/hasta-raporlari\/yasli-hastalarin-raporlari\/goez-lazer-tedavisi-paket-fiyati-9-agustos-2008-cumartesi-tarihli-haber\/\" data-type=\"page\" data-id=\"1072\">G\u00f6z lazer tedavisi paket fiyat\u0131 \u2013 9 A\u011fustos 2008 Cumartesi tarihli haber<\/a><\/li><li><a href=\"https:\/\/medicaltravel.ch\/tr\/hasta-raporlari\/yasli-hastalarin-raporlari\/istanbuldaki-ameliyatimla-ilgili-deneyim-raporu-4-temmuz-2008-cuma-guenue-tarihli-rapor\/\" data-type=\"page\" data-id=\"1074\">\u0130stanbul&#8217;daki ameliyat\u0131mla ilgili deneyim raporu \u2013 4 Temmuz 2008 Cuma g\u00fcn\u00fc tarihli rapor<\/a><\/li><li><a href=\"https:\/\/medicaltravel.ch\/berichte-von-patienten-istanbul-turkei\/altere-patientenberichte\/mein-erfahrungsbericht-lasik-istanbul-bericht-vom-mittwoch-28-mai-2008\/\" data-type=\"page\" data-id=\"1076\">Deneyim raporum LASIK \u0130STANBUL \u2013 28 May\u0131s 2008 \u00c7ar\u015famba g\u00fcn\u00fc tarihli rapor<\/a><\/li><li><a href=\"https:\/\/medicaltravel.ch\/tr\/hasta-raporlari\/yasli-hastalarin-raporlari\/goezlerim-lazerle-tedavi-edildi-nihayet-27-mayis-2008-sali-guenue-tarihli-rapor\/\" data-type=\"page\" data-id=\"1078\">G\u00f6zlerim lazerle tedavi edildi \u2013 nihayet!!! \u2013 27 May\u0131s 2008 Sal\u0131 g\u00fcn\u00fc tarihli rapor<\/a><\/li><li><a href=\"https:\/\/medicaltravel.ch\/berichte-von-patienten-istanbul-turkei\/altere-patientenberichte\/in-der-oberstufe-begann-alles-bericht-vom-freitag-16-mai-2008\/\" data-type=\"page\" data-id=\"1080\">Her \u015fey lise y\u0131llar\u0131nda ba\u015flad\u0131\u2026 \u2013 16 May\u0131s 2008 Cuma g\u00fcn\u00fc tarihli haber<\/a><\/li><li><a href=\"https:\/\/medicaltravel.ch\/tr\/hasta-raporlari\/yasli-hastalarin-raporlari\/goez-lazer-istanbul-deneyim-raporu-24-nisan-2008-persembe-guenue-raporu\/\" data-type=\"page\" data-id=\"1082\">G\u00f6z lazer \u0130stanbul deneyim raporu \u2013 24 Nisan 2008 Per\u015fembe g\u00fcn\u00fc raporu<\/a><\/li><li><a href=\"https:\/\/medicaltravel.ch\/berichte-von-patienten-istanbul-turkei\/altere-patientenberichte\/meine-augen-lasik-op-in-istanbul-08-04-08-bericht-vom-donnerstag-17-april-2008\/\" data-type=\"page\" data-id=\"1084\">\u0130stanbul&#8217;da g\u00f6z lazer ameliyat\u0131m 08.04.08 \u2013 17 Nisan 2008 Per\u015fembe g\u00fcn\u00fc raporu<\/a><\/li><li><a href=\"https:\/\/medicaltravel.ch\/berichte-von-patienten-istanbul-turkei\/altere-patientenberichte\/mein-erfahrungsbericht-uber-meine-op-bericht-vom-dienstag-15-april-2008\/\" data-type=\"page\" data-id=\"1086\">Ameliyat\u0131mla ilgili deneyim raporum \u2013 15 Nisan 2008 Sal\u0131 g\u00fcn\u00fc tarihli rapor<\/a><\/li><li><a href=\"https:\/\/medicaltravel.ch\/berichte-von-patienten-istanbul-turkei\/altere-patientenberichte\/meine-lasik-op-in-istanbul-bericht-vom-mittwoch-02-april-2008\/\" data-type=\"page\" data-id=\"1088\">\u0130stanbul&#8217;da LASIK ameliyat\u0131m \u2013 2 Nisan 2008 \u00c7ar\u015famba g\u00fcn\u00fc raporu<\/a><\/li><li><a href=\"https:\/\/medicaltravel.ch\/berichte-von-patienten-istanbul-turkei\/altere-patientenberichte\/meine-erfahrung-uber-die-augenlaser-op-bericht-vom-mittwoch-26-marz-2008\/\" data-type=\"page\" data-id=\"1090\">Lazer g\u00f6z ameliyat\u0131 deneyimim \u2013 26 Mart 2008 \u00c7ar\u015famba g\u00fcn\u00fc raporu<\/a><\/li><li><a href=\"https:\/\/medicaltravel.ch\/berichte-von-patienten-istanbul-turkei\/altere-patientenberichte\/kurz-und-fast-schmerzlos-bericht-vom-montag-24-marz-2008\/\" data-type=\"page\" data-id=\"1092\">K\u0131sa ve (neredeyse) ac\u0131s\u0131z \u2013 24 Mart 2008 Pazartesi g\u00fcn\u00fc raporu<\/a><\/li><li><a href=\"https:\/\/medicaltravel.ch\/berichte-von-patienten-istanbul-turkei\/altere-patientenberichte\/ich-habs-getan-bericht-vom-montag-17-marz-2008\/\" data-type=\"page\" data-id=\"1094\">Yapt\u0131m!!! \u2013 17 Mart 2008 Pazartesi g\u00fcn\u00fc raporu<\/a><\/li><li><a href=\"https:\/\/medicaltravel.ch\/berichte-von-patienten-istanbul-turkei\/altere-patientenberichte\/unsere-lasik-in-istanbul-bericht-vom-donnerstag-06-marz-2008\/\" data-type=\"page\" data-id=\"1096\">\u0130stanbul&#8217;daki Lasik ameliyat\u0131m\u0131z \u2013 6 Mart 2008 Per\u015fembe g\u00fcn\u00fc raporu<\/a><\/li><li><a href=\"https:\/\/medicaltravel.ch\/tr\/hasta-raporlari\/yasli-hastalarin-raporlari\/lasik-ameliyatimla-ilgili-deneyim-raporu-5-ocak-2008-cumartesi-tarihli-rapor\/\" data-type=\"page\" data-id=\"1098\">LASIK ameliyat\u0131mla ilgili deneyim raporu \u2013 5 Ocak 2008 Cumartesi tarihli rapor<\/a><\/li><li><a href=\"https:\/\/medicaltravel.ch\/berichte-von-patienten-istanbul-turkei\/altere-patientenberichte\/mein-lasik-op-im-dezember-in-der-turkei-bericht-vom-freitag-04-januar-2008\/\" data-type=\"page\" data-id=\"1100\">Aral\u0131k ay\u0131nda T\u00fcrkiye&#8217;de ge\u00e7irdi\u011fim LASIK ameliyat\u0131 \u2013 4 Ocak 2008 Cuma g\u00fcn\u00fc tarihli rapor<\/a><\/li><li><a href=\"https:\/\/medicaltravel.ch\/berichte-von-patienten-istanbul-turkei\/altere-patientenberichte\/meine-erfahrung-bei-lasik-istanbul-bericht-vom-freitag-21-dezember-2007\/\" data-type=\"page\" data-id=\"1102\">LASIK \u0130STANBUL&#8217;daki deneyimim \u2013 21 Aral\u0131k 2007 Cuma g\u00fcn\u00fc tarihli rapor<\/a><\/li><li><a href=\"https:\/\/medicaltravel.ch\/tr\/hasta-raporlari\/yasli-hastalarin-raporlari\/goez-lazeri-14-aralik-2007-cuma-guenue-tarihli-rapor\/\" data-type=\"page\" data-id=\"1104\">G\u00f6z lazeri \u2013 14 Aral\u0131k 2007 Cuma g\u00fcn\u00fc tarihli rapor<\/a><\/li><li><a href=\"https:\/\/medicaltravel.ch\/berichte-von-patienten-istanbul-turkei\/altere-patientenberichte\/unsere-augenlaser-op-in-istanbul-bericht-vom-mittwoch-28-november-2007\/\" data-type=\"page\" data-id=\"1106\">\u0130stanbul&#8217;daki G\u00d6Z LAZER AMEL\u0130YATIMIZ \u2013 28 Kas\u0131m 2007 \u00c7ar\u015famba g\u00fcn\u00fc raporu<\/a><\/li><li><a href=\"https:\/\/medicaltravel.ch\/tr\/hasta-raporlari\/yasli-hastalarin-raporlari\/istanbulda-goez-ameliyati-19-kasim-2007-pazartesi-guenue-raporu\/\" data-type=\"page\" data-id=\"1108\">\u0130stanbul&#8217;da g\u00f6z ameliyat\u0131 \u2013 19 Kas\u0131m 2007 Pazartesi g\u00fcn\u00fc raporu<\/a><\/li><li><a href=\"https:\/\/medicaltravel.ch\/berichte-von-patienten-istanbul-turkei\/altere-patientenberichte\/meine-augenlaser-op-in-istanbul-bericht-vom-montag-29-oktober-2007\/\" data-type=\"page\" data-id=\"1110\">\u0130stanbul&#8217;da g\u00f6z lazer ameliyat\u0131m \u2013 29 Ekim 2007 Pazartesi g\u00fcn\u00fc raporu<\/a><\/li><li><a href=\"https:\/\/medicaltravel.ch\/berichte-von-patienten-istanbul-turkei\/altere-patientenberichte\/meine-erfahrung-in-istanbul-fur-lasik-op-bericht-vom-sonntag-28-oktober-2007\/\" data-type=\"page\" data-id=\"1112\">\u0130stanbul&#8217;da Lasik ameliyat\u0131 deneyimim \u2013 28 Ekim 2007 Pazar g\u00fcn\u00fc raporu<\/a><\/li><li><a href=\"https:\/\/medicaltravel.ch\/tr\/hasta-raporlari\/yasli-hastalarin-raporlari\/goez-lazer-tedavisi-deneyim-raporu-tuerkiye-2-ekim-2007-sali-guenue-tarihli-rapor\/\" data-type=\"page\" data-id=\"1114\">G\u00f6z Lazer Tedavisi Deneyim Raporu T\u00fcrkiye \u2013 2 Ekim 2007 Sal\u0131 g\u00fcn\u00fc tarihli rapor<\/a><\/li><li><a href=\"https:\/\/medicaltravel.ch\/tr\/hasta-raporlari\/yasli-hastalarin-raporlari\/deneyim-raporu-goez-lazer-tuerkiye-27-temmuz-2007-cuma-guenue-raporu\/\" data-type=\"page\" data-id=\"1116\">Deneyim raporu G\u00f6z lazer T\u00fcrkiye \u2013 27 Temmuz 2007 Cuma g\u00fcn\u00fc raporu<\/a><\/li><li><a href=\"https:\/\/medicaltravel.ch\/tr\/hasta-raporlari\/yasli-hastalarin-raporlari\/istanbuldan-rapor-goez-lazer-ameliyati-9-temmuz-2007-pazartesi-guenue-raporu\/\" data-type=\"page\" data-id=\"1118\">\u0130stanbul&#8217;dan rapor G\u00f6z lazer ameliyat\u0131 \u2013 9 Temmuz 2007 Pazartesi g\u00fcn\u00fc raporu<\/a><\/li><li><a href=\"https:\/\/medicaltravel.ch\/tr\/hasta-raporlari\/yasli-hastalarin-raporlari\/deneyim-raporu-lasik-istanbul-tuerkiye-25-haziran-2007-pazartesi-guenue-tarihli-rapor\/\" data-type=\"page\" data-id=\"1120\">Deneyim raporu LASIK \u0130STANBUL \/T\u00fcrkiye \u2013 25 Haziran 2007 Pazartesi g\u00fcn\u00fc tarihli rapor<\/a><\/li><li><a href=\"https:\/\/medicaltravel.ch\/berichte-von-patienten-istanbul-turkei\/altere-patientenberichte\/meine-erfahrung-augenlaser-turkei-bericht-vom-freitag-15-juni-2007\/\" data-type=\"page\" data-id=\"1122\">T\u00fcrkiye&#8217;deki lazer g\u00f6z ameliyat\u0131 deneyimim \u2013 15 Haziran 2007 Cuma g\u00fcn\u00fc tarihli rapor<\/a><\/li><li><a href=\"https:\/\/medicaltravel.ch\/tr\/hasta-raporlari\/yasli-hastalarin-raporlari\/goez-lazer-tuerkiye-anketi-24-mart-2007-cumartesi-tarihli-rapor\/\" data-type=\"page\" data-id=\"1124\">G\u00f6z lazer T\u00fcrkiye Anketi \u2013 24 Mart 2007 Cumartesi tarihli rapor<\/a><\/li><li><a href=\"https:\/\/medicaltravel.ch\/berichte-von-patienten-istanbul-turkei\/altere-patientenberichte\/patientenbericht-lasik-turkei-bericht-vom-dienstag-20-marz-2007\/\" data-type=\"page\" data-id=\"1127\">Hasta raporu LASIK T\u00fcrkiye \u2013 20 Mart 2007 Sal\u0131 g\u00fcn\u00fc raporu<\/a><\/li><li><a href=\"https:\/\/medicaltravel.ch\/tr\/hasta-raporlari\/yasli-hastalarin-raporlari\/goez-lazer-istanbul-deneyim-raporu-29-ocak-2007-pazartesi-guenue-raporu\/\" data-type=\"page\" data-id=\"1129\">G\u00f6z lazer \u0130stanbul deneyim raporu \u2013 29 Ocak 2007 Pazartesi g\u00fcn\u00fc raporu<\/a><\/li><li><a href=\"https:\/\/medicaltravel.ch\/berichte-von-patienten-istanbul-turkei\/altere-patientenberichte\/lasik-op-in-istanbul-bericht-vom-dienstag-05-dezember-2006\/\" data-type=\"page\" data-id=\"1131\">\u0130stanbul&#8217;da LASIK ameliyat\u0131 \u2013 5 Aral\u0131k 2006 Sal\u0131 g\u00fcn\u00fc raporu<\/a><\/li><li><a href=\"https:\/\/medicaltravel.ch\/tr\/hasta-raporlari\/yasli-hastalarin-raporlari\/deneyim-raporu-lasik-istanbul-29-kasim-2006-carsamba-guenue-tarihli-rapor\/\" data-type=\"page\" data-id=\"1133\">Deneyim raporu LASIK \u0130STANBUL \u2013 29 Kas\u0131m 2006 \u00c7ar\u015famba g\u00fcn\u00fc tarihli rapor<\/a><\/li><\/ul><p> <\/p>\t\t\t\t\t\t\t\t<\/div>\n\t\t\t\t\t<\/div>\n\t\t\t\t<\/div>\n\t\t\t\t<\/div>\n\t\t","protected":false},"excerpt":{"rendered":"<p>videolar En yeni Deneyim raporlar\u0131 Hasta raporlar\u0131 Hasta de\u011ferlendirmeleri Yorumlar Ya\u015fl\u0131 hastalar\u0131n raporlar\u0131 2006 YILI HASTALARININ RAPORLARI \u0130STANBUL&#8217;da ge\u00e7irdi\u011fim LASIK ameliyat\u0131 \u2013 29 Aral\u0131k 2008 Pazartesi g\u00fcn\u00fc tarihli rapor Deneyim raporu AUGE LASER \u0130STANBUL \u2013 22 Aral\u0131k 2008 Pazartesi g\u00fcn\u00fc tarihli rapor G\u00f6z Lazer \u0130stanbul Deneyim Raporu \u2013 3 Aral\u0131k 2008 \u00c7ar\u015famba g\u00fcn\u00fc tarihli rapor Bir r\u00fcya ger\u00e7ek oldu! \u2013 16 Kas\u0131m 2008 Pazar g\u00fcn\u00fc raporu Sevin\u00e7ten a\u011flad\u0131m!\u2026 \u2013 28 Ekim 2008 Sal\u0131 g\u00fcn\u00fc tarihli haber G\u00f6z lazer ameliyat\u0131 yolculu\u011fumla ilgili notlar\u0131m \u2013 19 Ekim 2008 Pazar g\u00fcn\u00fc raporu \u0130stanbul&#8217;da G\u00d6Z LAZER deneyimi \u2013 19 Ekim 2008 Pazar g\u00fcn\u00fc raporu G\u00f6z lazer tedavisi paket fiyat\u0131 \u2013 9 A\u011fustos 2008 Cumartesi tarihli haber \u0130stanbul&#8217;daki ameliyat\u0131mla ilgili deneyim raporu \u2013 4 Temmuz 2008 Cuma g\u00fcn\u00fc tarihli rapor Deneyim raporum LASIK \u0130STANBUL \u2013 28 May\u0131s 2008 \u00c7ar\u015famba g\u00fcn\u00fc tarihli rapor G\u00f6zlerim lazerle tedavi edildi \u2013 nihayet!!! \u2013 27 May\u0131s 2008 Sal\u0131 g\u00fcn\u00fc tarihli rapor Her \u015fey lise y\u0131llar\u0131nda ba\u015flad\u0131\u2026 \u2013 16 May\u0131s 2008 Cuma g\u00fcn\u00fc tarihli haber G\u00f6z lazer \u0130stanbul deneyim raporu \u2013 24 Nisan 2008 Per\u015fembe g\u00fcn\u00fc raporu \u0130stanbul&#8217;da g\u00f6z lazer ameliyat\u0131m 08.04.08 \u2013 17 Nisan 2008 Per\u015fembe g\u00fcn\u00fc raporu Ameliyat\u0131mla ilgili deneyim raporum \u2013 15 Nisan 2008 Sal\u0131 g\u00fcn\u00fc tarihli rapor \u0130stanbul&#8217;da LASIK ameliyat\u0131m \u2013 2 Nisan 2008 \u00c7ar\u015famba g\u00fcn\u00fc raporu Lazer g\u00f6z ameliyat\u0131 deneyimim \u2013 26 Mart 2008 \u00c7ar\u015famba g\u00fcn\u00fc raporu K\u0131sa ve (neredeyse) ac\u0131s\u0131z \u2013 24 Mart 2008 Pazartesi g\u00fcn\u00fc raporu Yapt\u0131m!!! \u2013 17 Mart 2008 Pazartesi g\u00fcn\u00fc raporu \u0130stanbul&#8217;daki Lasik ameliyat\u0131m\u0131z \u2013 6 Mart 2008 Per\u015fembe g\u00fcn\u00fc raporu LASIK ameliyat\u0131mla ilgili deneyim raporu \u2013 5 Ocak 2008 Cumartesi tarihli rapor Aral\u0131k ay\u0131nda T\u00fcrkiye&#8217;de ge\u00e7irdi\u011fim LASIK ameliyat\u0131 \u2013 4 Ocak 2008 Cuma g\u00fcn\u00fc tarihli rapor LASIK \u0130STANBUL&#8217;daki deneyimim \u2013 21 Aral\u0131k 2007 Cuma g\u00fcn\u00fc tarihli rapor G\u00f6z lazeri \u2013 14 Aral\u0131k 2007 Cuma g\u00fcn\u00fc tarihli rapor \u0130stanbul&#8217;daki G\u00d6Z LAZER AMEL\u0130YATIMIZ \u2013 28 Kas\u0131m 2007 \u00c7ar\u015famba g\u00fcn\u00fc raporu \u0130stanbul&#8217;da g\u00f6z ameliyat\u0131 \u2013 19 Kas\u0131m 2007 Pazartesi g\u00fcn\u00fc raporu \u0130stanbul&#8217;da g\u00f6z lazer ameliyat\u0131m \u2013 29 Ekim 2007 Pazartesi g\u00fcn\u00fc raporu \u0130stanbul&#8217;da Lasik ameliyat\u0131 deneyimim \u2013 28 Ekim 2007 Pazar g\u00fcn\u00fc raporu G\u00f6z Lazer Tedavisi Deneyim Raporu T\u00fcrkiye \u2013 2 Ekim 2007 Sal\u0131 g\u00fcn\u00fc tarihli rapor Deneyim raporu G\u00f6z lazer T\u00fcrkiye \u2013 27 Temmuz 2007 Cuma g\u00fcn\u00fc raporu \u0130stanbul&#8217;dan rapor G\u00f6z lazer ameliyat\u0131 \u2013 9 Temmuz 2007 Pazartesi g\u00fcn\u00fc raporu Deneyim raporu LASIK \u0130STANBUL \/T\u00fcrkiye \u2013 25 Haziran 2007 Pazartesi g\u00fcn\u00fc tarihli rapor T\u00fcrkiye&#8217;deki lazer g\u00f6z ameliyat\u0131 deneyimim \u2013 15 Haziran 2007 Cuma g\u00fcn\u00fc tarihli rapor G\u00f6z lazer T\u00fcrkiye Anketi \u2013 24 Mart 2007 Cumartesi tarihli rapor Hasta raporu LASIK T\u00fcrkiye \u2013 20 Mart 2007 Sal\u0131 g\u00fcn\u00fc raporu G\u00f6z lazer \u0130stanbul deneyim raporu \u2013 29 Ocak 2007 Pazartesi g\u00fcn\u00fc raporu \u0130stanbul&#8217;da LASIK ameliyat\u0131 \u2013 5 Aral\u0131k 2006 Sal\u0131 g\u00fcn\u00fc raporu Deneyim raporu LASIK \u0130STANBUL \u2013 29 Kas\u0131m 2006 \u00c7ar\u015famba g\u00fcn\u00fc tarihli rapor<\/p>\n","protected":false},"author":4,"featured_media":0,"parent":4419,"menu_order":0,"comment_status":"closed","ping_status":"closed","template":"","meta":{"_joinchat":[],"footnotes":""},"class_list":["post-3223","page","type-page","status-publish","hentry"],"acf":[],"_links":{"self":[{"href":"https:\/\/medicaltravel.ch\/tr\/wp-json\/wp\/v2\/pages\/3223","targetHints":{"allow":["GET"]}}],"collection":[{"href":"https:\/\/medicaltravel.ch\/tr\/wp-json\/wp\/v2\/pages"}],"about":[{"href":"https:\/\/medicaltravel.ch\/tr\/wp-json\/wp\/v2\/types\/page"}],"author":[{"embeddable":true,"href":"https:\/\/medicaltravel.ch\/tr\/wp-json\/wp\/v2\/users\/4"}],"replies":[{"embeddable":true,"href":"https:\/\/medicaltravel.ch\/tr\/wp-json\/wp\/v2\/comments?post=3223"}],"version-history":[{"count":2,"href":"https:\/\/medicaltravel.ch\/tr\/wp-json\/wp\/v2\/pages\/3223\/revisions"}],"predecessor-version":[{"id":4420,"href":"https:\/\/medicaltravel.ch\/tr\/wp-json\/wp\/v2\/pages\/3223\/revisions\/4420"}],"up":[{"embeddable":true,"href":"https:\/\/medicaltravel.ch\/tr\/wp-json\/wp\/v2\/pages\/4419"}],"wp:attachment":[{"href":"https:\/\/medicaltravel.ch\/tr\/wp-json\/wp\/v2\/media?parent=3223"}],"curies":[{"name":"wp","href":"https:\/\/api.w.org\/{rel}","templated":true}]}}