{"id":3227,"date":"2025-09-24T07:44:41","date_gmt":"2025-09-24T06:44:41","guid":{"rendered":"https:\/\/medicaltravel.ch\/yasli-hastalarin-raporlari\/goezlerim-lazerle-tedavi-edildi-nihayet-27-mayis-2008-sali-guenue-tarihli-rapor\/"},"modified":"2026-01-12T21:41:51","modified_gmt":"2026-01-12T20:41:51","slug":"goezlerim-lazerle-tedavi-edildi-nihayet-27-mayis-2008-sali-guenue-tarihli-rapor","status":"publish","type":"page","link":"https:\/\/medicaltravel.ch\/tr\/hasta-raporlari\/yasli-hastalarin-raporlari\/goezlerim-lazerle-tedavi-edildi-nihayet-27-mayis-2008-sali-guenue-tarihli-rapor\/","title":{"rendered":"G\u00f6zlerim lazerle tedavi edildi \u2013 nihayet!!! \u2013 27 May\u0131s 2008 Sal\u0131 g\u00fcn\u00fc tarihli rapor"},"content":{"rendered":"\n<h3 class=\"wp-block-heading\">G\u00f6zlerim lazerle tedavi edildi \u2013 nihayet!!! \u2013 27 May\u0131s 2008 Sal\u0131 g\u00fcn\u00fc tarihli rapor<\/h3>\n\n\n\n<p>Lazer g\u00f6z ameliyat\u0131 fikrini uzun zamand\u0131r akl\u0131mda tutuyordum. Ablam\u0131n bir meslekta\u015f\u0131 bana tavsiye etti ve Swisslasik arac\u0131l\u0131\u011f\u0131yla bir i\u015flem i\u00e7in randevu almaya karar verdim. Bay Karaagacli-Leoni ile e-posta veya telefon yoluyla ileti\u015fime ge\u00e7ti\u011fimde, her zaman beni \u00e7ok ciddiye ald\u0131\u011f\u0131n\u0131 ve sorular\u0131m\u0131 ayr\u0131nt\u0131l\u0131 bir \u015fekilde yan\u0131tlamak i\u00e7in zaman ay\u0131rd\u0131\u011f\u0131n\u0131 hissettim. Z\u00fcrih&#8217;teki swisslasik.ch&#8217;deki g\u00f6z doktorunun \u00f6n muayenem s\u0131ras\u0131nda lazer g\u00f6z ameliyat\u0131 i\u00e7in uygunlu\u011fumu teyit eden olumlu de\u011ferlendirmesinden sonra, birka\u00e7 ay sonra \u0130stanbul&#8217;a seyahatimi planlamaya karar verdim. Seyahatten \u00f6nce, ameliyat hakk\u0131nda temel bilgiler ve \u0130stanbul haritas\u0131 da dahil olmak \u00fczere baz\u0131 faydal\u0131 ipu\u00e7lar\u0131 ald\u0131m. Hi\u00e7bir zaman gergin veya korkmu\u015f hissetmedim; aksine, ameliyat ve \u00f6zellikle sonras\u0131nda neler olaca\u011f\u0131 konusunda merak doluydum. 21 May\u0131s 2008&#8217;de \u0130stanbul&#8217;a vard\u0131\u011f\u0131mda, pasaport kontrol\u00fcnden \u00f6nce bile eyestar klini\u011findeki irtibat ki\u015fisi Birol&#8217;dan bir telefon ald\u0131m. Ayr\u0131ca&#8230; Hasta nakli de hallediliyor. Havaliman\u0131ndaki son derece s\u0131cak kar\u015f\u0131laman\u0131n ard\u0131ndan, \u0130svi\u00e7re&#8217;den lazer g\u00f6z ameliyat\u0131 i\u00e7in gelen \u00fc\u00e7 kad\u0131nla birlikte otele g\u00f6t\u00fcr\u00fcld\u00fcm. Hen\u00fcz \u00f6\u011fleden sonra erken saatlerdi ve klinik, var\u0131\u015f g\u00fcn\u00fc i\u00e7in herhangi bir plan yapmam\u0131\u015ft\u0131, bu nedenle \u0130stanbul&#8217;un g\u00fczel \u015fehrini ke\u015ffetmek i\u00e7in m\u00fckemmel bir f\u0131rsatt\u0131. Ertesi sabah, \u0130svi\u00e7re&#8217;dekinden daha kapsaml\u0131 bir \u00f6n muayene yap\u0131ld\u0131 ve ard\u0131ndan doktor, lazer g\u00f6z ameliyat\u0131n\u0131n her birey i\u00e7in umut vadeden bir se\u00e7enek olup olmad\u0131\u011f\u0131n\u0131 kesin olarak belirleyebildi. Klinik kolayca bulunabiliyor, ancak bu pek \u00f6nemli de\u011fil \u00e7\u00fcnk\u00fc Birol, mesafeye ba\u011fl\u0131 olarak t\u00fcm hastalar\u0131n oraya y\u00fcr\u00fcyerek veya arabayla ula\u015fmas\u0131n\u0131 bizzat sa\u011fl\u0131yor. Eyestar&#8217;daki kar\u015f\u0131lama da \u00e7ok s\u0131cakt\u0131 ve sadece olumlu olarak tan\u0131mlanabilir. \u00d6nceden biraz gergin veya endi\u015feli olabilecek herkes, bu duygular\u0131n \u00fcstesinden gelmek i\u00e7in m\u00fckemmel bir f\u0131rsata sahipti. Klini\u011fin davetkar bekleme salonundaki atmosfer rahatlamak i\u00e7in m\u00fckemmel. So\u011fuk i\u00e7ecekler mevcut ve arka planda hafif\u00e7e m\u00fczik \u00e7al\u0131yor, bu da rahatlaman\u0131za yard\u0131mc\u0131 oluyor. Hastalar, \u00e7e\u015fitli testler i\u00e7in s\u0131rayla al\u0131n\u0131yor ve bu s\u0131rada di\u011fer klinik personeliyle de tan\u0131\u015f\u0131yorlar. Testlerin sonunda cerrah, hastalarla beklenen sonu\u00e7lar\u0131 g\u00f6r\u00fc\u015f\u00fcyor ve iki saatlik \u00f6\u011fle yeme\u011fi molas\u0131 vererek randevu ayarl\u0131yor. Testler i\u00e7in gerekli olan g\u00f6z damlalar\u0131 nedeniyle g\u00f6r\u00fc\u015f\u00fcm olduk\u00e7a bulan\u0131kt\u0131 ve belki de o g\u00fcnk\u00fc g\u00fc\u00e7l\u00fc g\u00fcne\u015ften dolay\u0131 hafif bir ba\u015f a\u011fr\u0131m vard\u0131. \u0130stiklal Caddesi yak\u0131nlar\u0131nda lezzetli bir \u00f6\u011fle yeme\u011finden sonra klini\u011fe d\u00f6nd\u00fcm. Bu sefer k\u0131sa bir beklemenin ard\u0131ndan bir \u00fcst kata, ameliyathaneye \u00e7\u0131kt\u0131m. \u0130\u00e7eri girerken, t\u00fcm hastalara steril ortamda sokak k\u0131yafetlerini m\u00fcmk\u00fcn oldu\u011funca \u00f6rtmeleri i\u00e7in ye\u015fil bir \u00f6nl\u00fck verildi. K\u0131sa s\u00fcre sonra ameliyathaneye \u00e7a\u011fr\u0131ld\u0131m. Ba\u015f\u0131m hafif\u00e7e geriye do\u011fru e\u011fik bir \u015fekilde masaya uzand\u0131ktan sonra, ameliyat edilecek ikinci g\u00f6z\u00fcm kapat\u0131ld\u0131. \u0130stemsizce kapatmam\u0131 \u00f6nlemek i\u00e7in sa\u011f g\u00f6z\u00fcm kelep\u00e7elendi. Daha sonra kesi yap\u0131l\u0131rken g\u00f6z\u00fcmde bir bask\u0131 hissettim. Bir sonraki ad\u0131m, g\u00f6z\u00fcm\u00fcn tekrar tekrar y\u0131kand\u0131\u011f\u0131 lazer tedavisiydi. Lazer tedavisinin kendisi hissedilmiyordu, ancak kelep\u00e7e \u00e7\u0131kar\u0131ld\u0131\u011f\u0131nda ger\u00e7ekten rahatlad\u0131m. Sol g\u00f6z\u00fcmdeki kesi biraz daha belirgindi, ancak lazer tedavisi s\u0131ras\u0131nda hi\u00e7bir \u015fey hissetmedim. Ameliyattan sonra sol g\u00f6z\u00fcmde yabanc\u0131 cisim hissi vard\u0131, ancak bunun yak\u0131nda ge\u00e7ece\u011fi konusunda bana g\u00fcvence verildi. Doktor taraf\u0131ndan k\u0131sa bir muayeneden sonra, \u00f6n\u00fcm\u00fczdeki birka\u00e7 g\u00fcn boyunca kullanmak \u00fczere bir torba dolusu g\u00f6z damlas\u0131 ile klinikten ayr\u0131lmama izin verildi. Otelde dinlenmek ve yeni ameliyat edilmi\u015f g\u00f6zlerime yanl\u0131\u015fl\u0131kla dokunmaktan ka\u00e7\u0131nmak i\u00e7in ba\u015f\u0131ma bir banyo havlusu \u00f6rtt\u00fcm. Yakla\u015f\u0131k \u00fc\u00e7 saatlik yatak istirahatinden sonra ak\u015fam yeme\u011fi vakti gelmi\u015fti. Ayn\u0131 ameliyat\u0131 ge\u00e7iren bir kad\u0131nla birlikte, bir restoran aramak i\u00e7in \u0130stiklal Caddesi&#8217;nde dola\u015ft\u0131k. G\u00f6r\u00fc\u015f\u00fcm art\u0131k neredeyse tamamen netti, neredeyse kristal berrakl\u0131\u011f\u0131ndayd\u0131. Gece boyunca, klinikte bana verilen ve g\u00f6zlerin istenmeyen \u015fekilde ovulmas\u0131n\u0131 \u00f6nlemek i\u00e7in kullan\u0131lan g\u00f6z bantlar\u0131 \u00e7ok iyi yap\u0131\u015fm\u0131\u015ft\u0131. Ertesi g\u00fcn, art\u0131k garip bir his yoktu; g\u00f6r\u00fc\u015f\u00fcm muhtemelen anaokulundan beri oldu\u011fu kadar netti.<\/p>\n\n\n\n<div class=\"wp-block-group is-layout-grid wp-container-core-group-is-layout-baef362d wp-block-group-is-layout-grid\">\n<p><a href=\"https:\/\/medicaltravel.at\/home\/agb\/\" data-type=\"page\" data-id=\"2191\" rel=\"nofollow noopener\" target=\"_blank\"><\/a><a href=\"https:\/\/medicaltravel.ch\/tr\/hasta-raporlari\/yasli-hastalarin-raporlari\/deneyim-raporum-lasik-istanbul-28-mayis-2008-carsamba-guenue-tarihli-rapor\/\" data-type=\"link\" data-id=\"https:\/\/medicaltravel.ch\/tr\/hasta-raporlari\/yasli-hastalarin-raporlari\/deneyim-raporum-lasik-istanbul-28-mayis-2008-carsamba-guenue-tarihli-rapor\/\">\u00d6nceki rapor<\/a><\/p>\n\n\n\n<p class=\"has-text-align-right wp-container-content-5e2576f9\"><a href=\"https:\/\/medicaltravel.at\/home\/impressum\/\" data-type=\"page\" data-id=\"2193\" rel=\"nofollow noopener\" target=\"_blank\"><\/a><a href=\"https:\/\/medicaltravel.at\/home\/berichte-von-patienten\/erfahrungsberichte\/erfahrungsbericht-zahnbehandlung-in-istanbul\/\" data-type=\"page\" data-id=\"981\" rel=\"nofollow noopener\" target=\"_blank\"><\/a><a href=\"https:\/\/medicaltravel.ch\/tr\/hasta-raporlari\/yasli-hastalarin-raporlari\/her-sey-lise-yillarinda-basladi-16-mayis-2008-cuma-guenue-tarihli-haber\/\" data-type=\"link\" data-id=\"https:\/\/medicaltravel.ch\/tr\/hasta-raporlari\/yasli-hastalarin-raporlari\/her-sey-lise-yillarinda-basladi-16-mayis-2008-cuma-guenue-tarihli-haber\/\">Bir sonraki rapor<\/a><\/p>\n<\/div>\n\n\n\n<p><\/p>\n","protected":false},"excerpt":{"rendered":"<p>G\u00f6zlerim lazerle tedavi edildi \u2013 nihayet!!! \u2013 27 May\u0131s 2008 Sal\u0131 g\u00fcn\u00fc tarihli rapor Lazer g\u00f6z ameliyat\u0131 fikrini uzun zamand\u0131r akl\u0131mda tutuyordum. Ablam\u0131n bir meslekta\u015f\u0131 bana tavsiye etti ve Swisslasik arac\u0131l\u0131\u011f\u0131yla bir i\u015flem i\u00e7in randevu almaya karar verdim. Bay Karaagacli-Leoni ile e-posta veya telefon yoluyla ileti\u015fime ge\u00e7ti\u011fimde, her zaman beni \u00e7ok ciddiye ald\u0131\u011f\u0131n\u0131 ve sorular\u0131m\u0131 ayr\u0131nt\u0131l\u0131 bir \u015fekilde yan\u0131tlamak i\u00e7in zaman ay\u0131rd\u0131\u011f\u0131n\u0131 hissettim. Z\u00fcrih&#8217;teki swisslasik.ch&#8217;deki g\u00f6z doktorunun \u00f6n muayenem s\u0131ras\u0131nda lazer g\u00f6z ameliyat\u0131 i\u00e7in uygunlu\u011fumu teyit eden olumlu de\u011ferlendirmesinden sonra, birka\u00e7 ay sonra \u0130stanbul&#8217;a seyahatimi planlamaya karar verdim. Seyahatten \u00f6nce, ameliyat hakk\u0131nda temel bilgiler ve \u0130stanbul haritas\u0131 da dahil olmak \u00fczere baz\u0131 faydal\u0131 ipu\u00e7lar\u0131 ald\u0131m. Hi\u00e7bir zaman gergin veya korkmu\u015f hissetmedim; aksine, ameliyat ve \u00f6zellikle sonras\u0131nda neler olaca\u011f\u0131 konusunda merak doluydum. 21 May\u0131s 2008&#8217;de \u0130stanbul&#8217;a vard\u0131\u011f\u0131mda, pasaport kontrol\u00fcnden \u00f6nce bile eyestar klini\u011findeki irtibat ki\u015fisi Birol&#8217;dan bir telefon ald\u0131m. Ayr\u0131ca&#8230; Hasta nakli de hallediliyor. Havaliman\u0131ndaki son derece s\u0131cak kar\u015f\u0131laman\u0131n ard\u0131ndan, \u0130svi\u00e7re&#8217;den lazer g\u00f6z ameliyat\u0131 i\u00e7in gelen \u00fc\u00e7 kad\u0131nla birlikte otele g\u00f6t\u00fcr\u00fcld\u00fcm. Hen\u00fcz \u00f6\u011fleden sonra erken saatlerdi ve klinik, var\u0131\u015f g\u00fcn\u00fc i\u00e7in herhangi bir plan yapmam\u0131\u015ft\u0131, bu nedenle \u0130stanbul&#8217;un g\u00fczel \u015fehrini ke\u015ffetmek i\u00e7in m\u00fckemmel bir f\u0131rsatt\u0131. Ertesi sabah, \u0130svi\u00e7re&#8217;dekinden daha kapsaml\u0131 bir \u00f6n muayene yap\u0131ld\u0131 ve ard\u0131ndan doktor, lazer g\u00f6z ameliyat\u0131n\u0131n her birey i\u00e7in umut vadeden bir se\u00e7enek olup olmad\u0131\u011f\u0131n\u0131 kesin olarak belirleyebildi. Klinik kolayca bulunabiliyor, ancak bu pek \u00f6nemli de\u011fil \u00e7\u00fcnk\u00fc Birol, mesafeye ba\u011fl\u0131 olarak t\u00fcm hastalar\u0131n oraya y\u00fcr\u00fcyerek veya arabayla ula\u015fmas\u0131n\u0131 bizzat sa\u011fl\u0131yor. Eyestar&#8217;daki kar\u015f\u0131lama da \u00e7ok s\u0131cakt\u0131 ve sadece olumlu olarak tan\u0131mlanabilir. \u00d6nceden biraz gergin veya endi\u015feli olabilecek herkes, bu duygular\u0131n \u00fcstesinden gelmek i\u00e7in m\u00fckemmel bir f\u0131rsata sahipti. Klini\u011fin davetkar bekleme salonundaki atmosfer rahatlamak i\u00e7in m\u00fckemmel. So\u011fuk i\u00e7ecekler mevcut ve arka planda hafif\u00e7e m\u00fczik \u00e7al\u0131yor, bu da rahatlaman\u0131za yard\u0131mc\u0131 oluyor. Hastalar, \u00e7e\u015fitli testler i\u00e7in s\u0131rayla al\u0131n\u0131yor ve bu s\u0131rada di\u011fer klinik personeliyle de tan\u0131\u015f\u0131yorlar. Testlerin sonunda cerrah, hastalarla beklenen sonu\u00e7lar\u0131 g\u00f6r\u00fc\u015f\u00fcyor ve iki saatlik \u00f6\u011fle yeme\u011fi molas\u0131 vererek randevu ayarl\u0131yor. Testler i\u00e7in gerekli olan g\u00f6z damlalar\u0131 nedeniyle g\u00f6r\u00fc\u015f\u00fcm olduk\u00e7a bulan\u0131kt\u0131 ve belki de o g\u00fcnk\u00fc g\u00fc\u00e7l\u00fc g\u00fcne\u015ften dolay\u0131 hafif bir ba\u015f a\u011fr\u0131m vard\u0131. \u0130stiklal Caddesi yak\u0131nlar\u0131nda lezzetli bir \u00f6\u011fle yeme\u011finden sonra klini\u011fe d\u00f6nd\u00fcm. Bu sefer k\u0131sa bir beklemenin ard\u0131ndan bir \u00fcst kata, ameliyathaneye \u00e7\u0131kt\u0131m. \u0130\u00e7eri girerken, t\u00fcm hastalara steril ortamda sokak k\u0131yafetlerini m\u00fcmk\u00fcn oldu\u011funca \u00f6rtmeleri i\u00e7in ye\u015fil bir \u00f6nl\u00fck verildi. K\u0131sa s\u00fcre sonra ameliyathaneye \u00e7a\u011fr\u0131ld\u0131m. Ba\u015f\u0131m hafif\u00e7e geriye do\u011fru e\u011fik bir \u015fekilde masaya uzand\u0131ktan sonra, ameliyat edilecek ikinci g\u00f6z\u00fcm kapat\u0131ld\u0131. \u0130stemsizce kapatmam\u0131 \u00f6nlemek i\u00e7in sa\u011f g\u00f6z\u00fcm kelep\u00e7elendi. Daha sonra kesi yap\u0131l\u0131rken g\u00f6z\u00fcmde bir bask\u0131 hissettim. Bir sonraki ad\u0131m, g\u00f6z\u00fcm\u00fcn tekrar tekrar y\u0131kand\u0131\u011f\u0131 lazer tedavisiydi. Lazer tedavisinin kendisi hissedilmiyordu, ancak kelep\u00e7e \u00e7\u0131kar\u0131ld\u0131\u011f\u0131nda ger\u00e7ekten rahatlad\u0131m. Sol g\u00f6z\u00fcmdeki kesi biraz daha belirgindi, ancak lazer tedavisi s\u0131ras\u0131nda hi\u00e7bir \u015fey hissetmedim. Ameliyattan sonra sol g\u00f6z\u00fcmde yabanc\u0131 cisim hissi vard\u0131, ancak bunun yak\u0131nda ge\u00e7ece\u011fi konusunda bana g\u00fcvence verildi. Doktor taraf\u0131ndan k\u0131sa bir muayeneden sonra, \u00f6n\u00fcm\u00fczdeki birka\u00e7 g\u00fcn boyunca kullanmak \u00fczere bir torba dolusu g\u00f6z damlas\u0131 ile klinikten ayr\u0131lmama izin verildi. Otelde dinlenmek ve yeni ameliyat edilmi\u015f g\u00f6zlerime yanl\u0131\u015fl\u0131kla dokunmaktan ka\u00e7\u0131nmak i\u00e7in ba\u015f\u0131ma bir banyo havlusu \u00f6rtt\u00fcm. Yakla\u015f\u0131k \u00fc\u00e7 saatlik yatak istirahatinden sonra ak\u015fam yeme\u011fi vakti gelmi\u015fti. Ayn\u0131 ameliyat\u0131 ge\u00e7iren bir kad\u0131nla birlikte, bir restoran aramak i\u00e7in \u0130stiklal Caddesi&#8217;nde dola\u015ft\u0131k. G\u00f6r\u00fc\u015f\u00fcm art\u0131k neredeyse tamamen netti, neredeyse kristal berrakl\u0131\u011f\u0131ndayd\u0131. Gece boyunca, klinikte bana verilen ve g\u00f6zlerin istenmeyen \u015fekilde ovulmas\u0131n\u0131 \u00f6nlemek i\u00e7in kullan\u0131lan g\u00f6z bantlar\u0131 \u00e7ok iyi yap\u0131\u015fm\u0131\u015ft\u0131. Ertesi g\u00fcn, art\u0131k garip bir his yoktu; g\u00f6r\u00fc\u015f\u00fcm muhtemelen anaokulundan beri oldu\u011fu kadar netti. \u00d6nceki rapor Bir sonraki rapor<\/p>\n","protected":false},"author":4,"featured_media":0,"parent":3223,"menu_order":0,"comment_status":"closed","ping_status":"closed","template":"","meta":{"_joinchat":[],"footnotes":""},"class_list":["post-3227","page","type-page","status-publish","hentry"],"acf":[],"_links":{"self":[{"href":"https:\/\/medicaltravel.ch\/tr\/wp-json\/wp\/v2\/pages\/3227","targetHints":{"allow":["GET"]}}],"collection":[{"href":"https:\/\/medicaltravel.ch\/tr\/wp-json\/wp\/v2\/pages"}],"about":[{"href":"https:\/\/medicaltravel.ch\/tr\/wp-json\/wp\/v2\/types\/page"}],"author":[{"embeddable":true,"href":"https:\/\/medicaltravel.ch\/tr\/wp-json\/wp\/v2\/users\/4"}],"replies":[{"embeddable":true,"href":"https:\/\/medicaltravel.ch\/tr\/wp-json\/wp\/v2\/comments?post=3227"}],"version-history":[{"count":0,"href":"https:\/\/medicaltravel.ch\/tr\/wp-json\/wp\/v2\/pages\/3227\/revisions"}],"up":[{"embeddable":true,"href":"https:\/\/medicaltravel.ch\/tr\/wp-json\/wp\/v2\/pages\/3223"}],"wp:attachment":[{"href":"https:\/\/medicaltravel.ch\/tr\/wp-json\/wp\/v2\/media?parent=3227"}],"curies":[{"name":"wp","href":"https:\/\/api.w.org\/{rel}","templated":true}]}}