{"id":3241,"date":"2025-09-24T08:09:36","date_gmt":"2025-09-24T07:09:36","guid":{"rendered":"https:\/\/medicaltravel.ch\/yasli-hastalarin-raporlari\/goez-lazer-tuerkiye-anketi-24-mart-2007-cumartesi-tarihli-rapor\/"},"modified":"2026-01-12T22:37:53","modified_gmt":"2026-01-12T21:37:53","slug":"goez-lazer-tuerkiye-anketi-24-mart-2007-cumartesi-tarihli-rapor","status":"publish","type":"page","link":"https:\/\/medicaltravel.ch\/tr\/hasta-raporlari\/yasli-hastalarin-raporlari\/goez-lazer-tuerkiye-anketi-24-mart-2007-cumartesi-tarihli-rapor\/","title":{"rendered":"G\u00f6z lazer T\u00fcrkiye Anketi \u2013 24 Mart 2007 Cumartesi tarihli rapor"},"content":{"rendered":"\n<h3 class=\"wp-block-heading\">G\u00f6z lazer T\u00fcrkiye Anketi \u2013 24 Mart 2007 Cumartesi tarihli rapor<\/h3>\n\n\n\n<p>Swisslasik.ch Hasta Anketi<\/p>\n\n\n\n<p>Karar verme s\u00fcreciniz<br>-1 G\u00f6zlerinizi yurtd\u0131\u015f\u0131nda lazerle tedavi ettirmeye nas\u0131l ve neden karar verdiniz?<br>\u00c7\u00fcnk\u00fc \u0130svi\u00e7re&#8217;de \u00e7ok pahal\u0131yd\u0131\u2026\u2026\u2026..G\u00f6zl\u00fck ve kontakt lens kullanmak zamanla zorla\u015fm\u0131\u015ft\u0131; lensleri de art\u0131k pek iyi tolere edemiyordum.<\/p>\n\n\n\n<p>-2 Bizi nas\u0131l se\u00e7tiniz?<br>\u0130nternet \u00fczerinden<\/p>\n\n\n\n<p>-3 Bizde sizi en \u00e7ok ne ikna etti?<br>H\u0131zl\u0131, \u00f6zenli ve m\u00fckemmel hizmet!!!!! \u00c7ok te\u015fekk\u00fcrler!<\/p>\n\n\n\n<p>-4 swisslasik.ch gibi ba\u015fka sa\u011flay\u0131c\u0131lar buldunuz mu? swisslasik.ch&#8217;yi farkl\u0131 k\u0131lan nedir? <br>Ba\u015fka bir sa\u011flay\u0131c\u0131 bulamad\u0131m, ancak aramaya da devam etmedim. Swisslasik ba\u015f\u0131ndan beri iyi bir izlenim b\u0131rakt\u0131! <\/p>\n\n\n\n<p>-5 Hala bir\u00e7ok ki\u015fi \u0130stanbul&#8217;da lazer g\u00f6z tedavisi yapt\u0131rmaya \u00e7ekiniyor. Swisslasik.ch bu ki\u015filere nas\u0131l daha iyi hitap edebilir?<br>Belki dergilerde daha fazla haber yay\u0131nlayarak; \u00f6rne\u011fin \u201cDas Beste\u201d dergisinde. <\/p>\n\n\n\n<p>Otel<br>-6 Resepsiyonda Almanca veya \u0130ngilizce konu\u015fan biri var m\u0131yd\u0131?<br>Evet, ama \u0130ngilizcesi \u00e7ok iyi de\u011fildi, ancak anla\u015f\u0131labilirdi.<\/p>\n\n\n\n<p>-7 Otel ve oda temiz miydi?<br>Evet, odalar biraz k\u00fc\u00e7\u00fck.<\/p>\n\n\n\n<p>-8 \u00c7al\u0131\u015fanlar yard\u0131mc\u0131 ve arkada\u015f\u00e7a davrand\u0131lar m\u0131?<br>\u00c7ok nazik ve yard\u0131msever<\/p>\n\n\n\n<p>-9 Kahvalt\u0131 iyiydi mi?<br>Fena de\u011fildi! Cuma sabah\u0131 Noel \u015fark\u0131lar\u0131 dinledik: Sessiz Gece, vb. Bu da e\u011flenceliydi! <\/p>\n\n\n\n<p>-10 Huzur i\u00e7inde uyuyabildiniz mi?<br>Olduk\u00e7a g\u00fcr\u00fclt\u00fcl\u00fcyd\u00fc, \u00f6zellikle de \u00e7o\u011funlu\u011fu gen\u00e7 olan di\u011fer konuklar rahats\u0131z ediciydi.<\/p>\n\n\n\n<p>-11 Sizden ekstra para talep edildi mi?<br>Sauna ve wellness alan\u0131 i\u00e7in<\/p>\n\n\n\n<p>-12 Otelden genel olarak ne kadar memnun kald\u0131n\u0131z? (1 ile 5 aras\u0131nda bir say\u0131 giriniz) <\/p>\n\n\n\n<p>Al\u0131\u015f hizmeti<br>-13 Ki\u015fi ge\u00e7 mi kald\u0131? E\u011fer \u00f6yleyse, ne kadar ge\u00e7 kald\u0131? <br>Hay\u0131r<\/p>\n\n\n\n<p>-14 Her zaman yan\u0131n\u0131zda m\u0131yd\u0131, yard\u0131msever ve arkada\u015f canl\u0131s\u0131 m\u0131yd\u0131?<br>Evet, \u00e7ok arkada\u015f canl\u0131s\u0131 ve ne\u015feli!<\/p>\n\n\n\n<p>-15 Otel ile hastane aras\u0131nda sizi her seferinde e\u015flik etti mi?<br>Evet, tabii ki.<\/p>\n\n\n\n<p>-16 Arabay\u0131 iyi s\u00fcrd\u00fc m\u00fc?<br>Evet<\/p>\n\n\n\n<p>-17 Bagaj yeriniz mi sorunlu?<br>Hay\u0131r<\/p>\n\n\n\n<p>-18 Teslim alma hizmetinden genel olarak ne kadar memnun kal\u0131rs\u0131n\u0131z? (1 ile 5 aras\u0131nda bir say\u0131 giriniz)<br>5 <\/p>\n\n\n\n<p>Klinik<br>-19 Nedenini bilmeden saatlerce beklemek zorunda kald\u0131n\u0131z m\u0131?<br>Hay\u0131r<\/p>\n\n\n\n<p>-20 Personel ve doktor taraf\u0131ndan iyi kar\u015f\u0131land\u0131n\u0131z m\u0131?<br>Evet, \u00e7ok!<\/p>\n\n\n\n<p>-21 Ameliyattan \u00f6nce size yeterli bilgi verildi mi?<br>Ging sehr schnell, daf\u00fcr speditiv.<\/p>\n\n\n\n<p>-22 Ameliyat sonucundan ne kadar memnun musunuz?<br>\u00c7ok memnunum<\/p>\n\n\n\n<p>-23 Almanca konu\u015fan bir g\u00f6revli size yard\u0131mc\u0131 oldu mu?<br>Evet, \u0130ngilizce de olabilirdi. Bazen bu kadar \u00e7ok dil duymak biraz kafa kar\u0131\u015ft\u0131r\u0131c\u0131 oluyordu. <\/p>\n\n\n\n<p>-24 Size ek masraflar fatura edildi mi?<br>Hay\u0131r.<\/p>\n\n\n\n<p>-25 Klinikten genel olarak ne kadar memnun kald\u0131n\u0131z? (1 ile 5 aras\u0131nda bir say\u0131 giriniz)<br>5 <\/p>\n\n\n\n<p>Swisslasikpass<br>-26 Swisslasikpass&#8217;ta hangi bilgileri yararl\u0131 buluyorsunuz?<br>Her ki\u015fi i\u00e7in ki\u015fisel olarak d\u00fczenlenmesi \u00e7ok iyi, yararl\u0131 ve profesyonelce. T\u00fcm bilgiler \u00e7ok yararl\u0131! <\/p>\n\n\n\n<p>-27 Swisslasikpass&#8217;ta hangi bilgileri gereksiz buluyorsunuz?<br>hi\u00e7biri<\/p>\n\n\n\n<p>-28 Yanl\u0131\u015f bilgiler var m\u0131?<br>Hay\u0131r, ama bir \u015fehir haritas\u0131 da faydal\u0131 olurdu.<\/p>\n\n\n\n<p>-29 Neler yapabiliriz?<br>Swisslasik.ch<\/p>\n\n\n\n<p>-30 Neler \u00f6zellikle iyiydi?<br>T\u00fcm bak\u0131m ekibi!<\/p>\n\n\n\n<p>-31 Ne \u00f6zellikle k\u00f6t\u00fcyd\u00fc?<br>Otelde g\u00fcr\u00fclt\u00fc.<\/p>\n\n\n\n<p>-32 Neler yapabiliriz?<\/p>\n\n\n\n<p>-33 Genel olarak bizden ne kadar memnun kal\u0131rs\u0131n\u0131z? (1 ile 5 aras\u0131nda bir say\u0131 giriniz) 5 <\/p>\n\n\n\n<p>-34 Bizi tavsiye eder misiniz?<br>Evet, tabii ki!<\/p>\n\n\n\n<p>-35 Cevaplar\u0131n\u0131z\u0131 forum.swisslasik.ch adresinde yay\u0131nlayabilir miyiz?<br>Evet, tabii ki!<\/p>\n\n\n\n<p>-36 swisslasik.ch ile hastalarla g\u00f6r\u00fc\u015fmek isteyen ilgililere telefon numaran\u0131z\u0131\/e-posta adresinizi verebilir miyiz?<br>Evet<\/p>\n\n\n\n<p>De\u011ferlendirme formu, benzer sorularla \u0130stanbul&#8217;da doldurulmu\u015ftu!<\/p>\n\n\n\n<p>Zaman ay\u0131rd\u0131\u011f\u0131n\u0131z i\u00e7in \u00e7ok te\u015fekk\u00fcr ederiz!<\/p>\n\n\n\n<p>Swisslasik.ch<\/p>\n\n\n\n<p><\/p>\n\n\n\n<div class=\"wp-block-group is-layout-grid wp-container-core-group-is-layout-baef362d wp-block-group-is-layout-grid\">\n<p><a href=\"https:\/\/medicaltravel.at\/home\/agb\/\" data-type=\"page\" data-id=\"2191\" rel=\"nofollow noopener\" target=\"_blank\"><\/a><a href=\"https:\/\/medicaltravel.ch\/tr\/hasta-raporlari\/yasli-hastalarin-raporlari\/tuerkiyedeki-lazer-goez-ameliyati-deneyimim-15-haziran-2007-cuma-guenue-tarihli-rapor\/\" data-type=\"link\" data-id=\"https:\/\/medicaltravel.ch\/tr\/hasta-raporlari\/yasli-hastalarin-raporlari\/tuerkiyedeki-lazer-goez-ameliyati-deneyimim-15-haziran-2007-cuma-guenue-tarihli-rapor\/\">\u00d6nceki rapor<\/a><\/p>\n\n\n\n<p class=\"has-text-align-right wp-container-content-5e2576f9\"><a href=\"https:\/\/medicaltravel.at\/home\/impressum\/\" data-type=\"page\" data-id=\"2193\" rel=\"nofollow noopener\" target=\"_blank\"><\/a><a href=\"https:\/\/medicaltravel.at\/home\/berichte-von-patienten\/erfahrungsberichte\/erfahrungsbericht-zahnbehandlung-in-istanbul\/\" data-type=\"page\" data-id=\"981\" rel=\"nofollow noopener\" target=\"_blank\"><\/a><a href=\"https:\/\/medicaltravel.ch\/tr\/hasta-raporlari\/yasli-hastalarin-raporlari\/hasta-raporu-lasik-tuerkiye-20-mart-2007-sali-guenue-raporu\/\" data-type=\"link\" data-id=\"https:\/\/medicaltravel.ch\/tr\/hasta-raporlari\/yasli-hastalarin-raporlari\/hasta-raporu-lasik-tuerkiye-20-mart-2007-sali-guenue-raporu\/\">Bir sonraki rapor<\/a><\/p>\n<\/div>\n","protected":false},"excerpt":{"rendered":"<p>G\u00f6z lazer T\u00fcrkiye Anketi \u2013 24 Mart 2007 Cumartesi tarihli rapor Swisslasik.ch Hasta Anketi Karar verme s\u00fcreciniz-1 G\u00f6zlerinizi yurtd\u0131\u015f\u0131nda lazerle tedavi ettirmeye nas\u0131l ve neden karar verdiniz?\u00c7\u00fcnk\u00fc \u0130svi\u00e7re&#8217;de \u00e7ok pahal\u0131yd\u0131\u2026\u2026\u2026..G\u00f6zl\u00fck ve kontakt lens kullanmak zamanla zorla\u015fm\u0131\u015ft\u0131; lensleri de art\u0131k pek iyi tolere edemiyordum. -2 Bizi nas\u0131l se\u00e7tiniz?\u0130nternet \u00fczerinden -3 Bizde sizi en \u00e7ok ne ikna etti?H\u0131zl\u0131, \u00f6zenli ve m\u00fckemmel hizmet!!!!! \u00c7ok te\u015fekk\u00fcrler! -4 swisslasik.ch gibi ba\u015fka sa\u011flay\u0131c\u0131lar buldunuz mu? swisslasik.ch&#8217;yi farkl\u0131 k\u0131lan nedir? Ba\u015fka bir sa\u011flay\u0131c\u0131 bulamad\u0131m, ancak aramaya da devam etmedim. Swisslasik ba\u015f\u0131ndan beri iyi bir izlenim b\u0131rakt\u0131! -5 Hala bir\u00e7ok ki\u015fi \u0130stanbul&#8217;da lazer g\u00f6z tedavisi yapt\u0131rmaya \u00e7ekiniyor. Swisslasik.ch bu ki\u015filere nas\u0131l daha iyi hitap edebilir?Belki dergilerde daha fazla haber yay\u0131nlayarak; \u00f6rne\u011fin \u201cDas Beste\u201d dergisinde. Otel-6 Resepsiyonda Almanca veya \u0130ngilizce konu\u015fan biri var m\u0131yd\u0131?Evet, ama \u0130ngilizcesi \u00e7ok iyi de\u011fildi, ancak anla\u015f\u0131labilirdi. -7 Otel ve oda temiz miydi?Evet, odalar biraz k\u00fc\u00e7\u00fck. -8 \u00c7al\u0131\u015fanlar yard\u0131mc\u0131 ve arkada\u015f\u00e7a davrand\u0131lar m\u0131?\u00c7ok nazik ve yard\u0131msever -9 Kahvalt\u0131 iyiydi mi?Fena de\u011fildi! Cuma sabah\u0131 Noel \u015fark\u0131lar\u0131 dinledik: Sessiz Gece, vb. Bu da e\u011flenceliydi! -10 Huzur i\u00e7inde uyuyabildiniz mi?Olduk\u00e7a g\u00fcr\u00fclt\u00fcl\u00fcyd\u00fc, \u00f6zellikle de \u00e7o\u011funlu\u011fu gen\u00e7 olan di\u011fer konuklar rahats\u0131z ediciydi. -11 Sizden ekstra para talep edildi mi?Sauna ve wellness alan\u0131 i\u00e7in -12 Otelden genel olarak ne kadar memnun kald\u0131n\u0131z? (1 ile 5 aras\u0131nda bir say\u0131 giriniz) Al\u0131\u015f hizmeti-13 Ki\u015fi ge\u00e7 mi kald\u0131? E\u011fer \u00f6yleyse, ne kadar ge\u00e7 kald\u0131? Hay\u0131r -14 Her zaman yan\u0131n\u0131zda m\u0131yd\u0131, yard\u0131msever ve arkada\u015f canl\u0131s\u0131 m\u0131yd\u0131?Evet, \u00e7ok arkada\u015f canl\u0131s\u0131 ve ne\u015feli! -15 Otel ile hastane aras\u0131nda sizi her seferinde e\u015flik etti mi?Evet, tabii ki. -16 Arabay\u0131 iyi s\u00fcrd\u00fc m\u00fc?Evet -17 Bagaj yeriniz mi sorunlu?Hay\u0131r -18 Teslim alma hizmetinden genel olarak ne kadar memnun kal\u0131rs\u0131n\u0131z? (1 ile 5 aras\u0131nda bir say\u0131 giriniz)5 Klinik-19 Nedenini bilmeden saatlerce beklemek zorunda kald\u0131n\u0131z m\u0131?Hay\u0131r -20 Personel ve doktor taraf\u0131ndan iyi kar\u015f\u0131land\u0131n\u0131z m\u0131?Evet, \u00e7ok! -21 Ameliyattan \u00f6nce size yeterli bilgi verildi mi?Ging sehr schnell, daf\u00fcr speditiv. -22 Ameliyat sonucundan ne kadar memnun musunuz?\u00c7ok memnunum -23 Almanca konu\u015fan bir g\u00f6revli size yard\u0131mc\u0131 oldu mu?Evet, \u0130ngilizce de olabilirdi. Bazen bu kadar \u00e7ok dil duymak biraz kafa kar\u0131\u015ft\u0131r\u0131c\u0131 oluyordu. -24 Size ek masraflar fatura edildi mi?Hay\u0131r. -25 Klinikten genel olarak ne kadar memnun kald\u0131n\u0131z? (1 ile 5 aras\u0131nda bir say\u0131 giriniz)5 Swisslasikpass-26 Swisslasikpass&#8217;ta hangi bilgileri yararl\u0131 buluyorsunuz?Her ki\u015fi i\u00e7in ki\u015fisel olarak d\u00fczenlenmesi \u00e7ok iyi, yararl\u0131 ve profesyonelce. T\u00fcm bilgiler \u00e7ok yararl\u0131! -27 Swisslasikpass&#8217;ta hangi bilgileri gereksiz buluyorsunuz?hi\u00e7biri -28 Yanl\u0131\u015f bilgiler var m\u0131?Hay\u0131r, ama bir \u015fehir haritas\u0131 da faydal\u0131 olurdu. -29 Neler yapabiliriz?Swisslasik.ch -30 Neler \u00f6zellikle iyiydi?T\u00fcm bak\u0131m ekibi! -31 Ne \u00f6zellikle k\u00f6t\u00fcyd\u00fc?Otelde g\u00fcr\u00fclt\u00fc. -32 Neler yapabiliriz? -33 Genel olarak bizden ne kadar memnun kal\u0131rs\u0131n\u0131z? (1 ile 5 aras\u0131nda bir say\u0131 giriniz) 5 -34 Bizi tavsiye eder misiniz?Evet, tabii ki! -35 Cevaplar\u0131n\u0131z\u0131 forum.swisslasik.ch adresinde yay\u0131nlayabilir miyiz?Evet, tabii ki! -36 swisslasik.ch ile hastalarla g\u00f6r\u00fc\u015fmek isteyen ilgililere telefon numaran\u0131z\u0131\/e-posta adresinizi verebilir miyiz?Evet De\u011ferlendirme formu, benzer sorularla \u0130stanbul&#8217;da doldurulmu\u015ftu! Zaman ay\u0131rd\u0131\u011f\u0131n\u0131z i\u00e7in \u00e7ok te\u015fekk\u00fcr ederiz! Swisslasik.ch \u00d6nceki rapor Bir sonraki rapor<\/p>\n","protected":false},"author":4,"featured_media":0,"parent":3223,"menu_order":0,"comment_status":"closed","ping_status":"closed","template":"","meta":{"_joinchat":[],"footnotes":""},"class_list":["post-3241","page","type-page","status-publish","hentry"],"acf":[],"_links":{"self":[{"href":"https:\/\/medicaltravel.ch\/tr\/wp-json\/wp\/v2\/pages\/3241","targetHints":{"allow":["GET"]}}],"collection":[{"href":"https:\/\/medicaltravel.ch\/tr\/wp-json\/wp\/v2\/pages"}],"about":[{"href":"https:\/\/medicaltravel.ch\/tr\/wp-json\/wp\/v2\/types\/page"}],"author":[{"embeddable":true,"href":"https:\/\/medicaltravel.ch\/tr\/wp-json\/wp\/v2\/users\/4"}],"replies":[{"embeddable":true,"href":"https:\/\/medicaltravel.ch\/tr\/wp-json\/wp\/v2\/comments?post=3241"}],"version-history":[{"count":2,"href":"https:\/\/medicaltravel.ch\/tr\/wp-json\/wp\/v2\/pages\/3241\/revisions"}],"predecessor-version":[{"id":6567,"href":"https:\/\/medicaltravel.ch\/tr\/wp-json\/wp\/v2\/pages\/3241\/revisions\/6567"}],"up":[{"embeddable":true,"href":"https:\/\/medicaltravel.ch\/tr\/wp-json\/wp\/v2\/pages\/3223"}],"wp:attachment":[{"href":"https:\/\/medicaltravel.ch\/tr\/wp-json\/wp\/v2\/media?parent=3241"}],"curies":[{"name":"wp","href":"https:\/\/api.w.org\/{rel}","templated":true}]}}