{"id":3249,"date":"2025-09-24T07:40:21","date_gmt":"2025-09-24T06:40:21","guid":{"rendered":"https:\/\/medicaltravel.ch\/yasli-hastalarin-raporlari\/goez-lazer-tedavisi-paket-fiyati-9-agustos-2008-cumartesi-tarihli-haber\/"},"modified":"2026-01-12T21:39:24","modified_gmt":"2026-01-12T20:39:24","slug":"goez-lazer-tedavisi-paket-fiyati-9-agustos-2008-cumartesi-tarihli-haber","status":"publish","type":"page","link":"https:\/\/medicaltravel.ch\/tr\/hasta-raporlari\/yasli-hastalarin-raporlari\/goez-lazer-tedavisi-paket-fiyati-9-agustos-2008-cumartesi-tarihli-haber\/","title":{"rendered":"G\u00f6z lazer tedavisi paket fiyat\u0131 \u2013 9 A\u011fustos 2008 Cumartesi tarihli haber"},"content":{"rendered":"\n<h3 class=\"wp-block-heading\">G\u00f6z lazer tedavisi paket fiyat\u0131 \u2013 9 A\u011fustos 2008 Cumartesi tarihli haber<\/h3>\n\n\n\n<p>G\u00f6zl\u00fckle gidip, g\u00f6zl\u00fcks\u00fcz d\u00f6nmek<\/p>\n\n\n\n<p>\u0130stanbul gezmeye de\u011fer bir \u015fehir! Hem de iki kat daha fazla: Muhte\u015fem camilerin, mistik Bo\u011faz&#8217;\u0131n ve renkli \u00e7ar\u015f\u0131lar\u0131n ard\u0131nda, iki k\u0131taya yay\u0131lm\u0131\u015f bu \u015fehri ziyaret etmek i\u00e7in as\u0131l neden gizli: G\u00f6z lazer tedavisi! G\u00f6zlerinizi tedavi ettirmeyi defalarca d\u00fc\u015f\u00fcnd\u00fcn\u00fcz m\u00fc? O halde teredd\u00fct etmeyin ve \u0130stanbul&#8217;a gelin.   <\/p>\n\n\n\n<p>swisslasik.ch&#8217;ye g\u00fcvenin!<\/p>\n\n\n\n<p>swisslasik.ch orta\u011f\u0131yla bu \u00e7ok kolay: \u0130nternet \u00fczerinden ileti\u015fim kurun, rezervasyon yap\u0131n, u\u00e7un, lazer tedavisi olun \u2013 her \u015fey dahil. \u00d6nceden emin olmak istiyorsan\u0131z, swisslasik.ch size \u0130svi\u00e7re&#8217;de \u00f6zel bir fiyata \u00f6n muayene imkan\u0131 sunuyor. VEDIS G\u00f6z Klini\u011fi&#8217;nde sadece k\u0131sa bir teste girdim, ard\u0131ndan \u0130stanbul&#8217;a u\u00e7tum ve Eyestar Klini\u011fi&#8217;nde \u00f6n muayene ve tedaviyi oldum. Elbette seyahat \u00f6ncesinde ve s\u0131ras\u0131nda s\u00fcrekli \u015f\u00fcpheleriniz olur: Bu do\u011fru karar m\u0131? Bazen midenizde bir s\u0131k\u0131nt\u0131 hissetmeniz \u00e7ok insani bir \u015fey. Bu deneyim raporuyla size tek bir \u015fey s\u00f6yleyebilirim: Do\u011fru \u015feyi yap\u0131yorsunuz! Elbette g\u00f6z tedavisi g\u00f6rmekten daha keyifli \u015feyler vard\u0131r, ancak swisslasik.ch ve Eyestar Klini\u011fi ekibi her \u015feyi m\u00fcmk\u00fcn oldu\u011funca keyifli hale getiriyor. Ve sonu\u00e7lar m\u00fckemmel ve rakipsiz.       <\/p>\n\n\n\n<p>\u0130yi bilgi edinin!<\/p>\n\n\n\n<p>\u00d6nceden \u00e7e\u015fitli tedavi y\u00f6ntemlerini ayr\u0131nt\u0131l\u0131 olarak incelemenizin \u00f6nemli oldu\u011funu d\u00fc\u015f\u00fcn\u00fcyorum. Ayr\u0131ca s\u00fcrekli sorular sorun. \u0130ster \u0130svi\u00e7re&#8217;de swisslasik.ch adresinde ister Eyestar Klini\u011finde olsun. Tedaviyi ne kadar iyi hayal ederseniz, lazer tedavisi o kadar az sizi rahats\u0131z eder. Ve inan\u0131n bana, \u0130stanbul&#8217;da m\u0131 yoksa \u0130svi\u00e7re&#8217;de mi ameliyathaneye g\u00f6t\u00fcr\u00fclece\u011finizin hi\u00e7bir \u00f6nemi yok. Her hal\u00fckarda biraz titrek ad\u0131mlarla y\u00fcr\u00fcyeceksiniz \u2013 bu normaldir! Ama size \u0130svi\u00e7relilerin daha iyi oldu\u011funu kim s\u00f6yl\u00fcyor? \u0130stanbul&#8217;daki doktorlar da ayn\u0131 e\u011fitimi alm\u0131\u015flard\u0131r ve cihazlar da duruma g\u00f6re daha yenidir! Deneyim ustay\u0131 yarat\u0131r ve bu konuda \u0130stanbul&#8217;daki doktorlar, buradakilerden \u00e7ok daha fazla hasta tedavi ettikleri i\u00e7in kesinlikle bir ad\u0131m \u00f6ndedirler.        <\/p>\n\n\n\n<p>\u015eehir gezisi ve tedavi<\/p>\n\n\n\n<p>\u0130stanbul&#8217;a vard\u0131\u011f\u0131n\u0131zda, her \u015fey \u00e7ok h\u0131zl\u0131 ilerler. Otele transfer edildikten sonra, klinikte \u00f6n muayene randevunuzu \u00f6\u011frenirsiniz ve o zamana kadar bu muhte\u015fem \u015fehri ke\u015ffetmek i\u00e7in bo\u015f zaman\u0131n\u0131z olur. \u015eansl\u0131yd\u0131m ki \u00f6n muayenem ertesi g\u00fcn ak\u015fam saat be\u015fteydi ve ard\u0131ndan tedaviye ge\u00e7ildi. B\u00f6ylece \u00f6nce 1 \u00bd g\u00fcn boyunca \u0130stanbul&#8217;un sokaklar\u0131nda dola\u015ft\u0131m, mezeler yedim ve ayran i\u00e7tim (T\u00fcrk yo\u011furt i\u00e7ece\u011fi \u2013 kesinlikle tavsiye ederim). \u00d6n muayene sorunsuz ge\u00e7ti ve bir kat yukar\u0131da ameliyathane \u00f6n\u00fcnde oturuyordum. O odadaki so\u011fu\u011fu hala hat\u0131rl\u0131yorum \u2013 ama klima sayesinde odalar neredeyse steril tutuluyor. Ameliyat bonesi ve \u00f6nl\u00fc\u011f\u00fc giydikten sonra, masaj koltu\u011funda rahatlay\u0131p ameliyat ba\u015fl\u0131yor! Benim i\u00e7in en k\u00f6t\u00fcs\u00fc parlakl\u0131kt\u0131! Ama ikinci g\u00f6z\u00fcmde bu kadar k\u00f6t\u00fc de\u011fildi. Her hal\u00fckarda a\u011fr\u0131dan korkman\u0131za gerek yok, \u00e7\u00fcnk\u00fc a\u011fr\u0131 yok! Ameliyat \u00e7ok \u00e7abuk bitiyor ve fark\u0131na bile varmadan kendinizi daha s\u0131cak bekleme odas\u0131nda buluyorsunuz. Sonra otele geri d\u00f6n\u00fcp hak etti\u011fim uykuyu uyudum ve mucize gibi, g\u00f6zl\u00fck ve kontakt lenslerim olmadan da net g\u00f6rebiliyordum!           <\/p>\n\n\n\n<p>Sayg\u0131lar\u0131mla,<br>C. Hasler<\/p>\n\n\n\n<div class=\"wp-block-group is-layout-grid wp-container-core-group-is-layout-baef362d wp-block-group-is-layout-grid\">\n<p><a href=\"https:\/\/medicaltravel.at\/home\/agb\/\" data-type=\"page\" data-id=\"2191\" rel=\"nofollow noopener\" target=\"_blank\"><\/a><a href=\"https:\/\/medicaltravel.ch\/tr\/hasta-raporlari\/yasli-hastalarin-raporlari\/istanbulda-goez-lazer-deneyimi-19-ekim-2008-pazar-guenue-raporu\/\" data-type=\"link\" data-id=\"https:\/\/medicaltravel.ch\/tr\/hasta-raporlari\/yasli-hastalarin-raporlari\/istanbulda-goez-lazer-deneyimi-19-ekim-2008-pazar-guenue-raporu\/\">\u00d6nceki rapor<\/a><\/p>\n\n\n\n<p class=\"has-text-align-right wp-container-content-5e2576f9\"><a href=\"https:\/\/medicaltravel.at\/home\/impressum\/\" data-type=\"page\" data-id=\"2193\" rel=\"nofollow noopener\" target=\"_blank\"><\/a><a href=\"https:\/\/medicaltravel.at\/home\/berichte-von-patienten\/erfahrungsberichte\/erfahrungsbericht-zahnbehandlung-in-istanbul\/\" data-type=\"page\" data-id=\"981\" rel=\"nofollow noopener\" target=\"_blank\"><\/a><a href=\"https:\/\/medicaltravel.ch\/tr\/hasta-raporlari\/yasli-hastalarin-raporlari\/istanbuldaki-ameliyatimla-ilgili-deneyim-raporu-4-temmuz-2008-cuma-guenue-tarihli-rapor\/\" data-type=\"link\" data-id=\"https:\/\/medicaltravel.ch\/tr\/hasta-raporlari\/yasli-hastalarin-raporlari\/istanbuldaki-ameliyatimla-ilgili-deneyim-raporu-4-temmuz-2008-cuma-guenue-tarihli-rapor\/\">Bir sonraki rapor<\/a><\/p>\n<\/div>\n","protected":false},"excerpt":{"rendered":"<p>G\u00f6z lazer tedavisi paket fiyat\u0131 \u2013 9 A\u011fustos 2008 Cumartesi tarihli haber G\u00f6zl\u00fckle gidip, g\u00f6zl\u00fcks\u00fcz d\u00f6nmek \u0130stanbul gezmeye de\u011fer bir \u015fehir! Hem de iki kat daha fazla: Muhte\u015fem camilerin, mistik Bo\u011faz&#8217;\u0131n ve renkli \u00e7ar\u015f\u0131lar\u0131n ard\u0131nda, iki k\u0131taya yay\u0131lm\u0131\u015f bu \u015fehri ziyaret etmek i\u00e7in as\u0131l neden gizli: G\u00f6z lazer tedavisi! G\u00f6zlerinizi tedavi ettirmeyi defalarca d\u00fc\u015f\u00fcnd\u00fcn\u00fcz m\u00fc? O halde teredd\u00fct etmeyin ve \u0130stanbul&#8217;a gelin. swisslasik.ch&#8217;ye g\u00fcvenin! swisslasik.ch orta\u011f\u0131yla bu \u00e7ok kolay: \u0130nternet \u00fczerinden ileti\u015fim kurun, rezervasyon yap\u0131n, u\u00e7un, lazer tedavisi olun \u2013 her \u015fey dahil. \u00d6nceden emin olmak istiyorsan\u0131z, swisslasik.ch size \u0130svi\u00e7re&#8217;de \u00f6zel bir fiyata \u00f6n muayene imkan\u0131 sunuyor. VEDIS G\u00f6z Klini\u011fi&#8217;nde sadece k\u0131sa bir teste girdim, ard\u0131ndan \u0130stanbul&#8217;a u\u00e7tum ve Eyestar Klini\u011fi&#8217;nde \u00f6n muayene ve tedaviyi oldum. Elbette seyahat \u00f6ncesinde ve s\u0131ras\u0131nda s\u00fcrekli \u015f\u00fcpheleriniz olur: Bu do\u011fru karar m\u0131? Bazen midenizde bir s\u0131k\u0131nt\u0131 hissetmeniz \u00e7ok insani bir \u015fey. Bu deneyim raporuyla size tek bir \u015fey s\u00f6yleyebilirim: Do\u011fru \u015feyi yap\u0131yorsunuz! Elbette g\u00f6z tedavisi g\u00f6rmekten daha keyifli \u015feyler vard\u0131r, ancak swisslasik.ch ve Eyestar Klini\u011fi ekibi her \u015feyi m\u00fcmk\u00fcn oldu\u011funca keyifli hale getiriyor. Ve sonu\u00e7lar m\u00fckemmel ve rakipsiz. \u0130yi bilgi edinin! \u00d6nceden \u00e7e\u015fitli tedavi y\u00f6ntemlerini ayr\u0131nt\u0131l\u0131 olarak incelemenizin \u00f6nemli oldu\u011funu d\u00fc\u015f\u00fcn\u00fcyorum. Ayr\u0131ca s\u00fcrekli sorular sorun. \u0130ster \u0130svi\u00e7re&#8217;de swisslasik.ch adresinde ister Eyestar Klini\u011finde olsun. Tedaviyi ne kadar iyi hayal ederseniz, lazer tedavisi o kadar az sizi rahats\u0131z eder. Ve inan\u0131n bana, \u0130stanbul&#8217;da m\u0131 yoksa \u0130svi\u00e7re&#8217;de mi ameliyathaneye g\u00f6t\u00fcr\u00fclece\u011finizin hi\u00e7bir \u00f6nemi yok. Her hal\u00fckarda biraz titrek ad\u0131mlarla y\u00fcr\u00fcyeceksiniz \u2013 bu normaldir! Ama size \u0130svi\u00e7relilerin daha iyi oldu\u011funu kim s\u00f6yl\u00fcyor? \u0130stanbul&#8217;daki doktorlar da ayn\u0131 e\u011fitimi alm\u0131\u015flard\u0131r ve cihazlar da duruma g\u00f6re daha yenidir! Deneyim ustay\u0131 yarat\u0131r ve bu konuda \u0130stanbul&#8217;daki doktorlar, buradakilerden \u00e7ok daha fazla hasta tedavi ettikleri i\u00e7in kesinlikle bir ad\u0131m \u00f6ndedirler. \u015eehir gezisi ve tedavi \u0130stanbul&#8217;a vard\u0131\u011f\u0131n\u0131zda, her \u015fey \u00e7ok h\u0131zl\u0131 ilerler. Otele transfer edildikten sonra, klinikte \u00f6n muayene randevunuzu \u00f6\u011frenirsiniz ve o zamana kadar bu muhte\u015fem \u015fehri ke\u015ffetmek i\u00e7in bo\u015f zaman\u0131n\u0131z olur. \u015eansl\u0131yd\u0131m ki \u00f6n muayenem ertesi g\u00fcn ak\u015fam saat be\u015fteydi ve ard\u0131ndan tedaviye ge\u00e7ildi. B\u00f6ylece \u00f6nce 1 \u00bd g\u00fcn boyunca \u0130stanbul&#8217;un sokaklar\u0131nda dola\u015ft\u0131m, mezeler yedim ve ayran i\u00e7tim (T\u00fcrk yo\u011furt i\u00e7ece\u011fi \u2013 kesinlikle tavsiye ederim). \u00d6n muayene sorunsuz ge\u00e7ti ve bir kat yukar\u0131da ameliyathane \u00f6n\u00fcnde oturuyordum. O odadaki so\u011fu\u011fu hala hat\u0131rl\u0131yorum \u2013 ama klima sayesinde odalar neredeyse steril tutuluyor. Ameliyat bonesi ve \u00f6nl\u00fc\u011f\u00fc giydikten sonra, masaj koltu\u011funda rahatlay\u0131p ameliyat ba\u015fl\u0131yor! Benim i\u00e7in en k\u00f6t\u00fcs\u00fc parlakl\u0131kt\u0131! Ama ikinci g\u00f6z\u00fcmde bu kadar k\u00f6t\u00fc de\u011fildi. Her hal\u00fckarda a\u011fr\u0131dan korkman\u0131za gerek yok, \u00e7\u00fcnk\u00fc a\u011fr\u0131 yok! Ameliyat \u00e7ok \u00e7abuk bitiyor ve fark\u0131na bile varmadan kendinizi daha s\u0131cak bekleme odas\u0131nda buluyorsunuz. Sonra otele geri d\u00f6n\u00fcp hak etti\u011fim uykuyu uyudum ve mucize gibi, g\u00f6zl\u00fck ve kontakt lenslerim olmadan da net g\u00f6rebiliyordum! Sayg\u0131lar\u0131mla,C. Hasler \u00d6nceki rapor Bir sonraki rapor<\/p>\n","protected":false},"author":4,"featured_media":0,"parent":3223,"menu_order":0,"comment_status":"closed","ping_status":"closed","template":"","meta":{"_joinchat":[],"footnotes":""},"class_list":["post-3249","page","type-page","status-publish","hentry"],"acf":[],"_links":{"self":[{"href":"https:\/\/medicaltravel.ch\/tr\/wp-json\/wp\/v2\/pages\/3249","targetHints":{"allow":["GET"]}}],"collection":[{"href":"https:\/\/medicaltravel.ch\/tr\/wp-json\/wp\/v2\/pages"}],"about":[{"href":"https:\/\/medicaltravel.ch\/tr\/wp-json\/wp\/v2\/types\/page"}],"author":[{"embeddable":true,"href":"https:\/\/medicaltravel.ch\/tr\/wp-json\/wp\/v2\/users\/4"}],"replies":[{"embeddable":true,"href":"https:\/\/medicaltravel.ch\/tr\/wp-json\/wp\/v2\/comments?post=3249"}],"version-history":[{"count":2,"href":"https:\/\/medicaltravel.ch\/tr\/wp-json\/wp\/v2\/pages\/3249\/revisions"}],"predecessor-version":[{"id":6551,"href":"https:\/\/medicaltravel.ch\/tr\/wp-json\/wp\/v2\/pages\/3249\/revisions\/6551"}],"up":[{"embeddable":true,"href":"https:\/\/medicaltravel.ch\/tr\/wp-json\/wp\/v2\/pages\/3223"}],"wp:attachment":[{"href":"https:\/\/medicaltravel.ch\/tr\/wp-json\/wp\/v2\/media?parent=3249"}],"curies":[{"name":"wp","href":"https:\/\/api.w.org\/{rel}","templated":true}]}}