{"id":3251,"date":"2025-09-24T07:37:21","date_gmt":"2025-09-24T06:37:21","guid":{"rendered":"https:\/\/medicaltravel.ch\/yasli-hastalarin-raporlari\/bir-rueya-gercek-oldu-16-kasim-2008-pazar-guenue-raporu\/"},"modified":"2026-01-12T21:36:47","modified_gmt":"2026-01-12T20:36:47","slug":"bir-rueya-gercek-oldu-16-kasim-2008-pazar-guenue-raporu","status":"publish","type":"page","link":"https:\/\/medicaltravel.ch\/tr\/hasta-raporlari\/yasli-hastalarin-raporlari\/bir-rueya-gercek-oldu-16-kasim-2008-pazar-guenue-raporu\/","title":{"rendered":"Bir r\u00fcya ger\u00e7ek oldu! \u2013 16 Kas\u0131m 2008 Pazar g\u00fcn\u00fc raporu"},"content":{"rendered":"\n<h3 class=\"wp-block-heading\">Bir r\u00fcya ger\u00e7ek oldu! \u2013 16 Kas\u0131m 2008 Pazar g\u00fcn\u00fc raporu <\/h3>\n\n\n\n<p>Bir hayal ger\u00e7ek oldu!<\/p>\n\n\n\n<p>Alt\u0131 ya\u015f\u0131ndan beri g\u00f6zl\u00fck takmak zorunday\u0131m. Asla unutmayaca\u011f\u0131m bir \u015fey var: Anaokuluna ilk kez g\u00f6zl\u00fck takt\u0131\u011f\u0131mda, s\u0131n\u0131f arkada\u015flar\u0131mdan biri bana &#8220;d\u00f6rt g\u00f6zl\u00fc&#8221; demi\u015fti. Kontakt lenslere ge\u00e7ene kadar bu lakapla ya\u015fad\u0131m, ki kontakt lensleri de hi\u00e7 sevmedim. G\u00f6zl\u00fckler sahnedeki mesle\u011fim i\u00e7in kesinlikle uygun de\u011fil. Bu da lazer g\u00f6z ameliyat\u0131 olmam\u0131n sebeplerinden biriydi.    <\/p>\n\n\n\n<p>Bir arkada\u015f\u0131m Swisslasik&#8217;ten randevu almam\u0131 tavsiye etti. Ba\u015flang\u0131\u00e7ta, g\u00f6zlerim gibi \u00f6nemli bir \u015feyi T\u00fcrkiye&#8217;de tedavi ettirmenin ak\u0131ll\u0131ca olup olmad\u0131\u011f\u0131 konusunda \u015f\u00fcphelerim vard\u0131. Bu y\u00fczden ara\u015ft\u0131rma yapt\u0131m ve \u00e7e\u015fitli raporlar okudum. \u00d6zellikle Facts dergisindeki rapor beni ikna etti. Ve b\u00f6ylece ameliyat i\u00e7in kay\u0131t oldum. Yolculuk planland\u0131 ve \u0130stanbul havaalan\u0131nda s\u0131cak bir kar\u015f\u0131lama ald\u0131k. Otele giderken, \u015fehir ve sakinleri hakk\u0131nda bilgilendirildik. Hatta yerel mutfakla bile tan\u0131\u015ft\u0131r\u0131ld\u0131k\u2026 Klinik konusunda biraz gergindim ve d\u0131\u015far\u0131dan Facts&#8217;te g\u00f6rd\u00fc\u011f\u00fcmden hi\u00e7 de farkl\u0131 g\u00f6r\u00fcnm\u00fcyordu. Midem bulan\u0131yordu. Bu arada ak\u0131c\u0131 Almanca konu\u015fan rehberimiz, binan\u0131n tescilli bir tarihi eser oldu\u011funu ve bu nedenle modernize edilemeyece\u011fini a\u00e7\u0131klad\u0131. Sonunda f\u00fct\u00fcristik g\u00f6r\u00fcn\u00fcml\u00fc otomatik bir kap\u0131dan klini\u011fe girdi\u011fimizde b\u00fcy\u00fck bir rahatlama hissettim. Her \u015fey modern, davetkar ve temizdi. Ekip kendilerini tan\u0131tt\u0131 ve bizi kar\u015f\u0131lad\u0131. Bir\u00e7o\u011fu Almanca konu\u015fuyordu. G\u00f6zlerim muayene edildi ve i\u015flem bana a\u00e7\u0131kland\u0131. G\u00f6rme problemimi tamamen d\u00fczeltebilece\u011fimden emin olmad\u0131klar\u0131n\u0131 s\u00f6ylediler. Ne yaz\u0131k ki, korneam olduk\u00e7a inceydi ve astigmatizmin de d\u00fczeltilmesi gerekiyordu. Cerrah\u0131m, bilgisayardaki verileri inceleyece\u011fini ve ertesi g\u00fcn ne yapaca\u011f\u0131na karar verece\u011fini a\u00e7\u0131klad\u0131. \u00c7ok gergin bir \u015fekilde, ertesi g\u00fcn klini\u011fe geri d\u00f6nd\u00fcm. Neyse ki, orada elimi tutacak ba\u015fka bir hasta vard\u0131\u2026                   <\/p>\n\n\n\n<p>Ameliyattan \u00f6nce masaj koltu\u011funa oturdum, her \u015fey bana tekrar anlat\u0131ld\u0131 ve s\u00fcrekli yan\u0131m\u0131zda olan arkada\u015f\u0131m\u0131z bizi sakinle\u015ftirmek i\u00e7in elinden gelenin en iyisini yapt\u0131. Ameliyat\u0131n kendisi olduk\u00e7a zordu. G\u00f6z\u00fcn\u00fcze bir \u015fey olmas\u0131 ger\u00e7ekten korkun\u00e7 bir his. Tamamen gergindim. Neyse ki, k\u0131sa bir i\u015flemdi. Ve k\u0131sa s\u00fcre sonra otelimize taburcu edildik. Orada d\u00f6rt saat dinlenmek zorunda kald\u0131k. Olduk\u00e7a zorlu bir s\u00fcre\u00e7ti \u00e7\u00fcnk\u00fc g\u00f6zlerim a\u011fr\u0131yordu ve onlar\u0131 ovu\u015fturmama izin verilmiyordu\u2026 uyumak s\u00f6z konusu bile de\u011fildi. Sonras\u0131nda g\u00fcne\u015f g\u00f6zl\u00fc\u011f\u00fc takarak ak\u015fam yeme\u011fi yedik ve hemen ard\u0131ndan yatt\u0131k. Takip muayenesi, ameliyat\u0131n \u00e7ok ba\u015far\u0131l\u0131 oldu\u011funu ve art\u0131k kontakt lenslerle oldu\u011fumdan bile daha iyi g\u00f6rebildi\u011fimi do\u011frulad\u0131. Yani art\u0131k g\u00f6zl\u00fck veya kontakt lenssiz hayat\u0131m ba\u015flayabilir. Tamam, \u015fimdilik g\u00fcne\u015f g\u00f6zl\u00fc\u011f\u00fc s\u00fcrekli arkada\u015f\u0131md\u0131. G\u00f6zlerim olduk\u00e7a hassast\u0131. I\u015f\u0131\u011fa pek iyi tahamm\u00fcl edemiyorlard\u0131. Yine de \u015fehri ke\u015ffetme f\u0131rsat\u0131n\u0131 ka\u00e7\u0131rmad\u0131m. G\u00f6r\u00fclecek bir\u00e7ok ilgin\u00e7 yer var. \u0130lk g\u00fcn, \u00f6n muayene i\u00e7in damlalardan sonra g\u00f6zlerim olduk\u00e7a geni\u015flemi\u015f haldeyken, son g\u00fcn ise biraz hassas ama tamamen yeni bir g\u00f6zle bu ameliyat\u0131 oldum! Ve \u015fimdi, aradan biraz zaman ge\u00e7tikten sonra, sabah uyand\u0131\u011f\u0131mda her \u015feyi an\u0131nda net bir \u015fekilde g\u00f6rebiliyorum. Geceleri yatakta uzan\u0131p y\u0131ld\u0131zl\u0131 g\u00f6ky\u00fcz\u00fcn\u00fc g\u00f6rebiliyorum!! Kontakt lenslerin getirdi\u011fi s\u00fcrekli stres olmadan her \u015feyi birdenbire iyi g\u00f6rebilmek inan\u0131lmaz bir hediye. Kesinlikle tavsiye ederim. Klinik kesinlikle tavsiye edilebilir ve cerrah\u0131m beni \u00e7ok etkiledi. Bu benim i\u00e7in \u00e7ok \u00f6nemliydi. \u0130lk andan itibaren ona g\u00fcvendim. Tekrar olsa yine yapard\u0131m. Bu ameliyat\u0131 yapt\u0131rmak \u00e7ok iyi bir karard\u0131.                         <\/p>\n\n\n\n<p>Tina, Operasyon Eyl\u00fcl 2008<\/p>\n\n\n\n<div class=\"wp-block-group is-layout-grid wp-container-core-group-is-layout-baef362d wp-block-group-is-layout-grid\">\n<p><a href=\"https:\/\/medicaltravel.at\/home\/agb\/\" data-type=\"page\" data-id=\"2191\" rel=\"nofollow noopener\" target=\"_blank\"><\/a><a href=\"https:\/\/medicaltravel.ch\/tr\/hasta-raporlari\/yasli-hastalarin-raporlari\/goez-lazer-istanbul-deneyim-raporu-3-aralik-2008-carsamba-guenue-tarihli-rapor\/\" data-type=\"link\" data-id=\"https:\/\/medicaltravel.ch\/tr\/hasta-raporlari\/yasli-hastalarin-raporlari\/goez-lazer-istanbul-deneyim-raporu-3-aralik-2008-carsamba-guenue-tarihli-rapor\/\">\u00d6nceki rapor<\/a><\/p>\n\n\n\n<p class=\"has-text-align-right wp-container-content-5e2576f9\"><a href=\"https:\/\/medicaltravel.at\/home\/impressum\/\" data-type=\"page\" data-id=\"2193\" rel=\"nofollow noopener\" target=\"_blank\"><\/a><a href=\"https:\/\/medicaltravel.at\/home\/berichte-von-patienten\/erfahrungsberichte\/erfahrungsbericht-zahnbehandlung-in-istanbul\/\" data-type=\"page\" data-id=\"981\" rel=\"nofollow noopener\" target=\"_blank\"><\/a><a href=\"https:\/\/medicaltravel.ch\/tr\/hasta-raporlari\/yasli-hastalarin-raporlari\/sevincten-agladim-28-ekim-2008-sali-guenue-tarihli-haber\/\" data-type=\"link\" data-id=\"https:\/\/medicaltravel.ch\/tr\/hasta-raporlari\/yasli-hastalarin-raporlari\/sevincten-agladim-28-ekim-2008-sali-guenue-tarihli-haber\/\">Bir sonraki rapor<\/a><\/p>\n<\/div>\n","protected":false},"excerpt":{"rendered":"<p>Bir r\u00fcya ger\u00e7ek oldu! \u2013 16 Kas\u0131m 2008 Pazar g\u00fcn\u00fc raporu Bir hayal ger\u00e7ek oldu! Alt\u0131 ya\u015f\u0131ndan beri g\u00f6zl\u00fck takmak zorunday\u0131m. Asla unutmayaca\u011f\u0131m bir \u015fey var: Anaokuluna ilk kez g\u00f6zl\u00fck takt\u0131\u011f\u0131mda, s\u0131n\u0131f arkada\u015flar\u0131mdan biri bana &#8220;d\u00f6rt g\u00f6zl\u00fc&#8221; demi\u015fti. Kontakt lenslere ge\u00e7ene kadar bu lakapla ya\u015fad\u0131m, ki kontakt lensleri de hi\u00e7 sevmedim. G\u00f6zl\u00fckler sahnedeki mesle\u011fim i\u00e7in kesinlikle uygun de\u011fil. Bu da lazer g\u00f6z ameliyat\u0131 olmam\u0131n sebeplerinden biriydi. Bir arkada\u015f\u0131m Swisslasik&#8217;ten randevu almam\u0131 tavsiye etti. Ba\u015flang\u0131\u00e7ta, g\u00f6zlerim gibi \u00f6nemli bir \u015feyi T\u00fcrkiye&#8217;de tedavi ettirmenin ak\u0131ll\u0131ca olup olmad\u0131\u011f\u0131 konusunda \u015f\u00fcphelerim vard\u0131. Bu y\u00fczden ara\u015ft\u0131rma yapt\u0131m ve \u00e7e\u015fitli raporlar okudum. \u00d6zellikle Facts dergisindeki rapor beni ikna etti. Ve b\u00f6ylece ameliyat i\u00e7in kay\u0131t oldum. Yolculuk planland\u0131 ve \u0130stanbul havaalan\u0131nda s\u0131cak bir kar\u015f\u0131lama ald\u0131k. Otele giderken, \u015fehir ve sakinleri hakk\u0131nda bilgilendirildik. Hatta yerel mutfakla bile tan\u0131\u015ft\u0131r\u0131ld\u0131k\u2026 Klinik konusunda biraz gergindim ve d\u0131\u015far\u0131dan Facts&#8217;te g\u00f6rd\u00fc\u011f\u00fcmden hi\u00e7 de farkl\u0131 g\u00f6r\u00fcnm\u00fcyordu. Midem bulan\u0131yordu. Bu arada ak\u0131c\u0131 Almanca konu\u015fan rehberimiz, binan\u0131n tescilli bir tarihi eser oldu\u011funu ve bu nedenle modernize edilemeyece\u011fini a\u00e7\u0131klad\u0131. Sonunda f\u00fct\u00fcristik g\u00f6r\u00fcn\u00fcml\u00fc otomatik bir kap\u0131dan klini\u011fe girdi\u011fimizde b\u00fcy\u00fck bir rahatlama hissettim. Her \u015fey modern, davetkar ve temizdi. Ekip kendilerini tan\u0131tt\u0131 ve bizi kar\u015f\u0131lad\u0131. Bir\u00e7o\u011fu Almanca konu\u015fuyordu. G\u00f6zlerim muayene edildi ve i\u015flem bana a\u00e7\u0131kland\u0131. G\u00f6rme problemimi tamamen d\u00fczeltebilece\u011fimden emin olmad\u0131klar\u0131n\u0131 s\u00f6ylediler. Ne yaz\u0131k ki, korneam olduk\u00e7a inceydi ve astigmatizmin de d\u00fczeltilmesi gerekiyordu. Cerrah\u0131m, bilgisayardaki verileri inceleyece\u011fini ve ertesi g\u00fcn ne yapaca\u011f\u0131na karar verece\u011fini a\u00e7\u0131klad\u0131. \u00c7ok gergin bir \u015fekilde, ertesi g\u00fcn klini\u011fe geri d\u00f6nd\u00fcm. Neyse ki, orada elimi tutacak ba\u015fka bir hasta vard\u0131\u2026 Ameliyattan \u00f6nce masaj koltu\u011funa oturdum, her \u015fey bana tekrar anlat\u0131ld\u0131 ve s\u00fcrekli yan\u0131m\u0131zda olan arkada\u015f\u0131m\u0131z bizi sakinle\u015ftirmek i\u00e7in elinden gelenin en iyisini yapt\u0131. Ameliyat\u0131n kendisi olduk\u00e7a zordu. G\u00f6z\u00fcn\u00fcze bir \u015fey olmas\u0131 ger\u00e7ekten korkun\u00e7 bir his. Tamamen gergindim. Neyse ki, k\u0131sa bir i\u015flemdi. Ve k\u0131sa s\u00fcre sonra otelimize taburcu edildik. Orada d\u00f6rt saat dinlenmek zorunda kald\u0131k. Olduk\u00e7a zorlu bir s\u00fcre\u00e7ti \u00e7\u00fcnk\u00fc g\u00f6zlerim a\u011fr\u0131yordu ve onlar\u0131 ovu\u015fturmama izin verilmiyordu\u2026 uyumak s\u00f6z konusu bile de\u011fildi. Sonras\u0131nda g\u00fcne\u015f g\u00f6zl\u00fc\u011f\u00fc takarak ak\u015fam yeme\u011fi yedik ve hemen ard\u0131ndan yatt\u0131k. Takip muayenesi, ameliyat\u0131n \u00e7ok ba\u015far\u0131l\u0131 oldu\u011funu ve art\u0131k kontakt lenslerle oldu\u011fumdan bile daha iyi g\u00f6rebildi\u011fimi do\u011frulad\u0131. Yani art\u0131k g\u00f6zl\u00fck veya kontakt lenssiz hayat\u0131m ba\u015flayabilir. Tamam, \u015fimdilik g\u00fcne\u015f g\u00f6zl\u00fc\u011f\u00fc s\u00fcrekli arkada\u015f\u0131md\u0131. G\u00f6zlerim olduk\u00e7a hassast\u0131. I\u015f\u0131\u011fa pek iyi tahamm\u00fcl edemiyorlard\u0131. Yine de \u015fehri ke\u015ffetme f\u0131rsat\u0131n\u0131 ka\u00e7\u0131rmad\u0131m. G\u00f6r\u00fclecek bir\u00e7ok ilgin\u00e7 yer var. \u0130lk g\u00fcn, \u00f6n muayene i\u00e7in damlalardan sonra g\u00f6zlerim olduk\u00e7a geni\u015flemi\u015f haldeyken, son g\u00fcn ise biraz hassas ama tamamen yeni bir g\u00f6zle bu ameliyat\u0131 oldum! Ve \u015fimdi, aradan biraz zaman ge\u00e7tikten sonra, sabah uyand\u0131\u011f\u0131mda her \u015feyi an\u0131nda net bir \u015fekilde g\u00f6rebiliyorum. Geceleri yatakta uzan\u0131p y\u0131ld\u0131zl\u0131 g\u00f6ky\u00fcz\u00fcn\u00fc g\u00f6rebiliyorum!! Kontakt lenslerin getirdi\u011fi s\u00fcrekli stres olmadan her \u015feyi birdenbire iyi g\u00f6rebilmek inan\u0131lmaz bir hediye. Kesinlikle tavsiye ederim. Klinik kesinlikle tavsiye edilebilir ve cerrah\u0131m beni \u00e7ok etkiledi. Bu benim i\u00e7in \u00e7ok \u00f6nemliydi. \u0130lk andan itibaren ona g\u00fcvendim. Tekrar olsa yine yapard\u0131m. Bu ameliyat\u0131 yapt\u0131rmak \u00e7ok iyi bir karard\u0131. Tina, Operasyon Eyl\u00fcl 2008 \u00d6nceki rapor Bir sonraki rapor<\/p>\n","protected":false},"author":4,"featured_media":0,"parent":3223,"menu_order":0,"comment_status":"closed","ping_status":"closed","template":"","meta":{"_joinchat":[],"footnotes":""},"class_list":["post-3251","page","type-page","status-publish","hentry"],"acf":[],"_links":{"self":[{"href":"https:\/\/medicaltravel.ch\/tr\/wp-json\/wp\/v2\/pages\/3251","targetHints":{"allow":["GET"]}}],"collection":[{"href":"https:\/\/medicaltravel.ch\/tr\/wp-json\/wp\/v2\/pages"}],"about":[{"href":"https:\/\/medicaltravel.ch\/tr\/wp-json\/wp\/v2\/types\/page"}],"author":[{"embeddable":true,"href":"https:\/\/medicaltravel.ch\/tr\/wp-json\/wp\/v2\/users\/4"}],"replies":[{"embeddable":true,"href":"https:\/\/medicaltravel.ch\/tr\/wp-json\/wp\/v2\/comments?post=3251"}],"version-history":[{"count":2,"href":"https:\/\/medicaltravel.ch\/tr\/wp-json\/wp\/v2\/pages\/3251\/revisions"}],"predecessor-version":[{"id":6548,"href":"https:\/\/medicaltravel.ch\/tr\/wp-json\/wp\/v2\/pages\/3251\/revisions\/6548"}],"up":[{"embeddable":true,"href":"https:\/\/medicaltravel.ch\/tr\/wp-json\/wp\/v2\/pages\/3223"}],"wp:attachment":[{"href":"https:\/\/medicaltravel.ch\/tr\/wp-json\/wp\/v2\/media?parent=3251"}],"curies":[{"name":"wp","href":"https:\/\/api.w.org\/{rel}","templated":true}]}}