{"id":3255,"date":"2025-09-24T07:36:47","date_gmt":"2025-09-24T06:36:47","guid":{"rendered":"https:\/\/medicaltravel.ch\/yasli-hastalarin-raporlari\/goez-lazer-istanbul-deneyim-raporu-3-aralik-2008-carsamba-guenue-tarihli-rapor\/"},"modified":"2026-01-12T21:36:05","modified_gmt":"2026-01-12T20:36:05","slug":"goez-lazer-istanbul-deneyim-raporu-3-aralik-2008-carsamba-guenue-tarihli-rapor","status":"publish","type":"page","link":"https:\/\/medicaltravel.ch\/tr\/hasta-raporlari\/yasli-hastalarin-raporlari\/goez-lazer-istanbul-deneyim-raporu-3-aralik-2008-carsamba-guenue-tarihli-rapor\/","title":{"rendered":"G\u00f6z Lazer \u0130stanbul Deneyim Raporu \u2013 3 Aral\u0131k 2008 \u00c7ar\u015famba g\u00fcn\u00fc tarihli rapor"},"content":{"rendered":"\n<h3 class=\"wp-block-heading\">G\u00f6z Lazer \u0130stanbul Deneyim Raporu \u2013 3 Aral\u0131k 2008 \u00c7ar\u015famba g\u00fcn\u00fc tarihli rapor<\/h3>\n\n\n\n<p>P. Tarnutzer&#8217;in deneyim raporu<\/p>\n\n\n\n<p>Her \u015fey b\u00f6yle ba\u015flad\u0131&#8230;<\/p>\n\n\n\n<p>2. s\u0131n\u0131ftan itibaren g\u00f6zlerim her y\u0131l daha da k\u00f6t\u00fcle\u015fti, ta ki -7,50 dioptri ve kornea e\u011frili\u011fi ile durana kadar.<\/p>\n\n\n\n<p>Ne yaparsam yapay\u0131m, g\u00f6rme yard\u0131mlar\u0131na muhta\u00e7t\u0131m&#8230;<\/p>\n\n\n\n<p>Elbette, ara s\u0131ra g\u00f6z ameliyatlar\u0131ndan bahsedildi\u011fini duyuyordum. Ama g\u00f6zlerimi ameliyat ettirmek mi? Ya bir \u015fey olursa? Riskleri nelerdir? Maliyetleri nedir, vb.?    <\/p>\n\n\n\n<p>Bu sorular\u0131n cevaplar\u0131n\u0131 \u00f6\u011frenmek istedim ve internette biraz ara\u015ft\u0131rma yapt\u0131m ve Swisslasik sitesine ula\u015ft\u0131m. Tabii ki hemen belgeleri sipari\u015f ettim ve birka\u00e7 g\u00fcn sonra posta kutuma ula\u015ft\u0131lar. Bu, bir y\u0131ldan fazla bir s\u00fcre \u00f6nceydi!  <\/p>\n\n\n\n<p>Belgeleri dikkatlice inceledim ve operasyon, teklif ve T\u00fcrkiye hakk\u0131nda \u00e7ok heyecanland\u0131m. Heyecan\u0131mla aileme ve arkada\u015flar\u0131ma da bu konuyu anlatt\u0131m. <\/p>\n\n\n\n<p>Ancak bu heyecan olduk\u00e7a s\u0131n\u0131rl\u0131 kald\u0131, \u00f6zellikle de \u201c\u0130stanbul&#8217;da lazer tedavisi\u201dnden bahsetti\u011fimde. Yine endi\u015felenmeye ba\u015flad\u0131lar ve sonunda belgeleri bir \u00e7ekmeceye kald\u0131rd\u0131m. <\/p>\n\n\n\n<p>Yakla\u015f\u0131k 2 ay \u00f6nce, annemin bir i\u015f arkada\u015f\u0131n\u0131n \u0130stanbul&#8217;da bu g\u00f6z ameliyat\u0131n\u0131 yapt\u0131rm\u0131\u015f oldu\u011funu ve \u00e7ok memnun kald\u0131\u011f\u0131n\u0131 tesad\u00fcfen \u00f6\u011frendim. Tabii ki ertesi g\u00fcn bu i\u015f arkada\u015f\u0131m\u0131 ziyaret ettim ve her \u015feyi \u00f6\u011frendim. Bu heyecan bana da bula\u015ft\u0131, \u00f6yle ki ertesi g\u00fcn Serdar Karaagadi-Leoni ile ileti\u015fime ge\u00e7tim. K\u0131sa s\u00fcre sonra, ameliyat\u0131n yap\u0131labilir olup olmad\u0131\u011f\u0131n\u0131 belirlemek i\u00e7in bir g\u00f6z doktorundan \u00f6n muayene randevusu ald\u0131m.   <\/p>\n\n\n\n<p>Neyse ki bu ameliyat\u0131 yapt\u0131rabildim. Ayn\u0131 hafta i\u00e7inde, olas\u0131 bir ameliyat tarihi\/u\u00e7u\u015f\/otel i\u00e7in tekrar Serdar Karaagadi-Leoni ile ileti\u015fime ge\u00e7tim. Art\u0131k her \u015feyin h\u0131zl\u0131 ilerlemesi gerekiyordu, sab\u0131rs\u0131zlan\u0131yordum.  <\/p>\n\n\n\n<p>Serdar Karaagadi-Leoni sayesinde bir hafta i\u00e7inde \u0130stanbul&#8217;a u\u00e7abilme imk\u00e2n\u0131 buldum.<\/p>\n\n\n\n<p>Ak\u015fam ge\u00e7 saatlerde \u0130stanbul&#8217;a vard\u0131\u011f\u0131mda Bisol beni bekliyordu. \u00c7ok ho\u015f ve arkada\u015f canl\u0131s\u0131 bir insand\u0131. Otele giderken \u0130stanbul&#8217;da nelere dikkat etmem gerekti\u011fini ve ertesi sabah \u00f6n muayene i\u00e7in beni ne zaman alaca\u011f\u0131n\u0131 anlatt\u0131. Tabii ki hepsi Almanca ;-).   <\/p>\n\n\n\n<p>Ertesi sabah geldi, otel penceresinden d\u0131\u015far\u0131 bakt\u0131m \u2013 muhte\u015fem manzara, tek kelimeyle harika. Resepsiyona indim, Bisol zaten orada bekliyordu. Yakla\u015f\u0131k 10 dakikal\u0131k bir y\u00fcr\u00fcy\u00fc\u015f\u00fcn ard\u0131ndan EyeSTAR Klini\u011fine vard\u0131k. Burada da EyeSTAR ekibinin kar\u015f\u0131lamas\u0131 ve g\u00fcler y\u00fczl\u00fcl\u00fc\u011f\u00fc muhte\u015femdi. Kendimizi hemen rahat hissettik.    <\/p>\n\n\n\n<p>\u00d6n muayeneden sonra, ameliyata haz\u0131rlanmak i\u00e7in yakla\u015f\u0131k 2 saat zaman vard\u0131. Sonunda 2 saat ge\u00e7ti ve nab\u0131z biraz y\u00fckseldi. <\/p>\n\n\n\n<p>Ameliyat haz\u0131rl\u0131klar\u0131 tamamland\u0131ktan sonra, do\u011frudan yan odaya g\u00f6t\u00fcr\u00fcld\u00fcm ve orada lazerin alt\u0131na yatmam gerekti.<\/p>\n\n\n\n<p>Ameliyat ba\u015flad\u0131 ve daha tam ba\u015flamadan bitmi\u015fti bile. G\u00f6zlerde k\u0131sa bir s\u00fcre hafif bir bask\u0131 hissedildi, ba\u015fka hi\u00e7bir \u015fey, ger\u00e7ekten hi\u00e7bir \u015fey. <\/p>\n\n\n\n<p>Sonra karanl\u0131k bir odaya g\u00f6t\u00fcr\u00fcld\u00fck, g\u00f6z damlas\u0131 damlat\u0131ld\u0131 ve bir s\u00fcre yatmam\u0131z gerekti. Ancak gitmemize izin verilmeden \u00f6nce, g\u00f6zlerimiz tekrar kontrol edildi ve her \u015feyin yolunda olup olmad\u0131\u011f\u0131na bak\u0131ld\u0131. <\/p>\n\n\n\n<p>Bir zamanlar hayal etmeniz ya da g\u00f6z\u00fcn\u00fcz\u00fcn \u00f6n\u00fcne getirmeniz gerekiyordu. G\u00f6zl\u00fckle klini\u011fe giriyorsunuz ve g\u00f6zl\u00fcks\u00fcz \u00e7\u0131k\u0131yorsunuz. Burnunuzda takman\u0131z gereken tek \u015fey, g\u00f6zlerinizi korumak i\u00e7in g\u00fcne\u015f g\u00f6zl\u00fc\u011f\u00fc.  <\/p>\n\n\n\n<p>Do\u011frudan otele gittim ve uyumaya \u00e7al\u0131\u015ft\u0131m, ya da en az\u0131ndan g\u00f6zlerimi dinlendirmeye \u00e7al\u0131\u015ft\u0131m.<\/p>\n\n\n\n<p>Ertesi g\u00fcn ya\u015fad\u0131klar\u0131, kelimelerle anlat\u0131lamayacak kadar muhte\u015femdi&#8230; Bir r\u00fcya ger\u00e7ek oldu. 20 y\u0131ldan fazla bir s\u00fcre sonra, art\u0131k g\u00f6rme yard\u0131mc\u0131s\u0131na ihtiya\u00e7 duymuyordu.<\/p>\n\n\n\n<p>EyeSTAR Klini\u011finde k\u0131sa bir kontrol muayenesi daha yap\u0131ld\u0131ktan sonra, eve d\u00f6nmeden \u00f6nce \u0130stanbul&#8217;u tam bir g\u00fcn boyunca gezme f\u0131rsat\u0131 buldum.<\/p>\n\n\n\n<p>Burada ele\u015ftirebilece\u011fim veya ele\u015ftirmek istedi\u011fim hi\u00e7bir \u015fey yok. Her \u015fey m\u00fckemmel organize edilmi\u015fti ve hizmet m\u00fckemmeldi, \u00fcstelik t\u00fcm bunlar Almanca dilindeydi. \u0130ster Serdar Karaagadi-Leoni Bey, ister EyeSTAR ekibi olsun, hi\u00e7bir zaman yaln\u0131z hissetmedim ve bu t\u00fcr bir ameliyatta bu kesinlikle \u00e7ok \u00f6nemli bir nokta!  <\/p>\n\n\n\n<p>Bir \u015fey daha&#8230; \u015eu anda bir g\u00f6z\u00fcm neredeyse %100 g\u00f6r\u00fcrken, di\u011fer g\u00f6z\u00fcm yakla\u015f\u0131k %85 g\u00f6r\u00fcr durumda, umar\u0131m bu da %100&#8217;e \u00e7\u0131kar.<\/p>\n\n\n\n<p>Tekrar \u00e7ok te\u015fekk\u00fcrler!<\/p>\n\n\n\n<p>P. Tarnutzer, 01.12.08<\/p>\n\n\n\n<div class=\"wp-block-group is-layout-grid wp-container-core-group-is-layout-baef362d wp-block-group-is-layout-grid\">\n<p><a href=\"https:\/\/medicaltravel.at\/home\/agb\/\" data-type=\"page\" data-id=\"2191\" rel=\"nofollow noopener\" target=\"_blank\"><\/a><a href=\"https:\/\/medicaltravel.ch\/tr\/hasta-raporlari\/yasli-hastalarin-raporlari\/deneyim-raporu-auge-laser-istanbul-22-aralik-2008-pazartesi-guenue-tarihli-rapor\/\" data-type=\"link\" data-id=\"https:\/\/medicaltravel.ch\/tr\/hasta-raporlari\/yasli-hastalarin-raporlari\/deneyim-raporu-auge-laser-istanbul-22-aralik-2008-pazartesi-guenue-tarihli-rapor\/\">\u00d6nceki rapor<\/a><\/p>\n\n\n\n<p class=\"has-text-align-right wp-container-content-5e2576f9\"><a href=\"https:\/\/medicaltravel.at\/home\/impressum\/\" data-type=\"page\" data-id=\"2193\" rel=\"nofollow noopener\" target=\"_blank\"><\/a><a href=\"https:\/\/medicaltravel.at\/home\/berichte-von-patienten\/erfahrungsberichte\/erfahrungsbericht-zahnbehandlung-in-istanbul\/\" data-type=\"page\" data-id=\"981\" rel=\"nofollow noopener\" target=\"_blank\"><\/a><a href=\"https:\/\/medicaltravel.ch\/tr\/hasta-raporlari\/yasli-hastalarin-raporlari\/bir-rueya-gercek-oldu-16-kasim-2008-pazar-guenue-raporu\/\" data-type=\"link\" data-id=\"https:\/\/medicaltravel.ch\/tr\/hasta-raporlari\/yasli-hastalarin-raporlari\/bir-rueya-gercek-oldu-16-kasim-2008-pazar-guenue-raporu\/\">Bir sonraki rapor<\/a><\/p>\n<\/div>\n\n\n\n<p><\/p>\n","protected":false},"excerpt":{"rendered":"<p>G\u00f6z Lazer \u0130stanbul Deneyim Raporu \u2013 3 Aral\u0131k 2008 \u00c7ar\u015famba g\u00fcn\u00fc tarihli rapor P. Tarnutzer&#8217;in deneyim raporu Her \u015fey b\u00f6yle ba\u015flad\u0131&#8230; 2. s\u0131n\u0131ftan itibaren g\u00f6zlerim her y\u0131l daha da k\u00f6t\u00fcle\u015fti, ta ki -7,50 dioptri ve kornea e\u011frili\u011fi ile durana kadar. Ne yaparsam yapay\u0131m, g\u00f6rme yard\u0131mlar\u0131na muhta\u00e7t\u0131m&#8230; Elbette, ara s\u0131ra g\u00f6z ameliyatlar\u0131ndan bahsedildi\u011fini duyuyordum. Ama g\u00f6zlerimi ameliyat ettirmek mi? Ya bir \u015fey olursa? Riskleri nelerdir? Maliyetleri nedir, vb.? Bu sorular\u0131n cevaplar\u0131n\u0131 \u00f6\u011frenmek istedim ve internette biraz ara\u015ft\u0131rma yapt\u0131m ve Swisslasik sitesine ula\u015ft\u0131m. Tabii ki hemen belgeleri sipari\u015f ettim ve birka\u00e7 g\u00fcn sonra posta kutuma ula\u015ft\u0131lar. Bu, bir y\u0131ldan fazla bir s\u00fcre \u00f6nceydi! Belgeleri dikkatlice inceledim ve operasyon, teklif ve T\u00fcrkiye hakk\u0131nda \u00e7ok heyecanland\u0131m. Heyecan\u0131mla aileme ve arkada\u015flar\u0131ma da bu konuyu anlatt\u0131m. Ancak bu heyecan olduk\u00e7a s\u0131n\u0131rl\u0131 kald\u0131, \u00f6zellikle de \u201c\u0130stanbul&#8217;da lazer tedavisi\u201dnden bahsetti\u011fimde. Yine endi\u015felenmeye ba\u015flad\u0131lar ve sonunda belgeleri bir \u00e7ekmeceye kald\u0131rd\u0131m. Yakla\u015f\u0131k 2 ay \u00f6nce, annemin bir i\u015f arkada\u015f\u0131n\u0131n \u0130stanbul&#8217;da bu g\u00f6z ameliyat\u0131n\u0131 yapt\u0131rm\u0131\u015f oldu\u011funu ve \u00e7ok memnun kald\u0131\u011f\u0131n\u0131 tesad\u00fcfen \u00f6\u011frendim. Tabii ki ertesi g\u00fcn bu i\u015f arkada\u015f\u0131m\u0131 ziyaret ettim ve her \u015feyi \u00f6\u011frendim. Bu heyecan bana da bula\u015ft\u0131, \u00f6yle ki ertesi g\u00fcn Serdar Karaagadi-Leoni ile ileti\u015fime ge\u00e7tim. K\u0131sa s\u00fcre sonra, ameliyat\u0131n yap\u0131labilir olup olmad\u0131\u011f\u0131n\u0131 belirlemek i\u00e7in bir g\u00f6z doktorundan \u00f6n muayene randevusu ald\u0131m. Neyse ki bu ameliyat\u0131 yapt\u0131rabildim. Ayn\u0131 hafta i\u00e7inde, olas\u0131 bir ameliyat tarihi\/u\u00e7u\u015f\/otel i\u00e7in tekrar Serdar Karaagadi-Leoni ile ileti\u015fime ge\u00e7tim. Art\u0131k her \u015feyin h\u0131zl\u0131 ilerlemesi gerekiyordu, sab\u0131rs\u0131zlan\u0131yordum. Serdar Karaagadi-Leoni sayesinde bir hafta i\u00e7inde \u0130stanbul&#8217;a u\u00e7abilme imk\u00e2n\u0131 buldum. Ak\u015fam ge\u00e7 saatlerde \u0130stanbul&#8217;a vard\u0131\u011f\u0131mda Bisol beni bekliyordu. \u00c7ok ho\u015f ve arkada\u015f canl\u0131s\u0131 bir insand\u0131. Otele giderken \u0130stanbul&#8217;da nelere dikkat etmem gerekti\u011fini ve ertesi sabah \u00f6n muayene i\u00e7in beni ne zaman alaca\u011f\u0131n\u0131 anlatt\u0131. Tabii ki hepsi Almanca ;-). Ertesi sabah geldi, otel penceresinden d\u0131\u015far\u0131 bakt\u0131m \u2013 muhte\u015fem manzara, tek kelimeyle harika. Resepsiyona indim, Bisol zaten orada bekliyordu. Yakla\u015f\u0131k 10 dakikal\u0131k bir y\u00fcr\u00fcy\u00fc\u015f\u00fcn ard\u0131ndan EyeSTAR Klini\u011fine vard\u0131k. Burada da EyeSTAR ekibinin kar\u015f\u0131lamas\u0131 ve g\u00fcler y\u00fczl\u00fcl\u00fc\u011f\u00fc muhte\u015femdi. Kendimizi hemen rahat hissettik. \u00d6n muayeneden sonra, ameliyata haz\u0131rlanmak i\u00e7in yakla\u015f\u0131k 2 saat zaman vard\u0131. Sonunda 2 saat ge\u00e7ti ve nab\u0131z biraz y\u00fckseldi. Ameliyat haz\u0131rl\u0131klar\u0131 tamamland\u0131ktan sonra, do\u011frudan yan odaya g\u00f6t\u00fcr\u00fcld\u00fcm ve orada lazerin alt\u0131na yatmam gerekti. Ameliyat ba\u015flad\u0131 ve daha tam ba\u015flamadan bitmi\u015fti bile. G\u00f6zlerde k\u0131sa bir s\u00fcre hafif bir bask\u0131 hissedildi, ba\u015fka hi\u00e7bir \u015fey, ger\u00e7ekten hi\u00e7bir \u015fey. Sonra karanl\u0131k bir odaya g\u00f6t\u00fcr\u00fcld\u00fck, g\u00f6z damlas\u0131 damlat\u0131ld\u0131 ve bir s\u00fcre yatmam\u0131z gerekti. Ancak gitmemize izin verilmeden \u00f6nce, g\u00f6zlerimiz tekrar kontrol edildi ve her \u015feyin yolunda olup olmad\u0131\u011f\u0131na bak\u0131ld\u0131. Bir zamanlar hayal etmeniz ya da g\u00f6z\u00fcn\u00fcz\u00fcn \u00f6n\u00fcne getirmeniz gerekiyordu. G\u00f6zl\u00fckle klini\u011fe giriyorsunuz ve g\u00f6zl\u00fcks\u00fcz \u00e7\u0131k\u0131yorsunuz. Burnunuzda takman\u0131z gereken tek \u015fey, g\u00f6zlerinizi korumak i\u00e7in g\u00fcne\u015f g\u00f6zl\u00fc\u011f\u00fc. Do\u011frudan otele gittim ve uyumaya \u00e7al\u0131\u015ft\u0131m, ya da en az\u0131ndan g\u00f6zlerimi dinlendirmeye \u00e7al\u0131\u015ft\u0131m. Ertesi g\u00fcn ya\u015fad\u0131klar\u0131, kelimelerle anlat\u0131lamayacak kadar muhte\u015femdi&#8230; Bir r\u00fcya ger\u00e7ek oldu. 20 y\u0131ldan fazla bir s\u00fcre sonra, art\u0131k g\u00f6rme yard\u0131mc\u0131s\u0131na ihtiya\u00e7 duymuyordu. EyeSTAR Klini\u011finde k\u0131sa bir kontrol muayenesi daha yap\u0131ld\u0131ktan sonra, eve d\u00f6nmeden \u00f6nce \u0130stanbul&#8217;u tam bir g\u00fcn boyunca gezme f\u0131rsat\u0131 buldum. Burada ele\u015ftirebilece\u011fim veya ele\u015ftirmek istedi\u011fim hi\u00e7bir \u015fey yok. Her \u015fey m\u00fckemmel organize edilmi\u015fti ve hizmet m\u00fckemmeldi, \u00fcstelik t\u00fcm bunlar Almanca dilindeydi. \u0130ster Serdar Karaagadi-Leoni Bey, ister EyeSTAR ekibi olsun, hi\u00e7bir zaman yaln\u0131z hissetmedim ve bu t\u00fcr bir ameliyatta bu kesinlikle \u00e7ok \u00f6nemli bir nokta! Bir \u015fey daha&#8230; \u015eu anda bir g\u00f6z\u00fcm neredeyse %100 g\u00f6r\u00fcrken, di\u011fer g\u00f6z\u00fcm yakla\u015f\u0131k %85 g\u00f6r\u00fcr durumda, umar\u0131m bu da %100&#8217;e \u00e7\u0131kar. Tekrar \u00e7ok te\u015fekk\u00fcrler! P. Tarnutzer, 01.12.08 \u00d6nceki rapor Bir sonraki rapor<\/p>\n","protected":false},"author":4,"featured_media":0,"parent":3223,"menu_order":0,"comment_status":"closed","ping_status":"closed","template":"","meta":{"_joinchat":[],"footnotes":""},"class_list":["post-3255","page","type-page","status-publish","hentry"],"acf":[],"_links":{"self":[{"href":"https:\/\/medicaltravel.ch\/tr\/wp-json\/wp\/v2\/pages\/3255","targetHints":{"allow":["GET"]}}],"collection":[{"href":"https:\/\/medicaltravel.ch\/tr\/wp-json\/wp\/v2\/pages"}],"about":[{"href":"https:\/\/medicaltravel.ch\/tr\/wp-json\/wp\/v2\/types\/page"}],"author":[{"embeddable":true,"href":"https:\/\/medicaltravel.ch\/tr\/wp-json\/wp\/v2\/users\/4"}],"replies":[{"embeddable":true,"href":"https:\/\/medicaltravel.ch\/tr\/wp-json\/wp\/v2\/comments?post=3255"}],"version-history":[{"count":2,"href":"https:\/\/medicaltravel.ch\/tr\/wp-json\/wp\/v2\/pages\/3255\/revisions"}],"predecessor-version":[{"id":6547,"href":"https:\/\/medicaltravel.ch\/tr\/wp-json\/wp\/v2\/pages\/3255\/revisions\/6547"}],"up":[{"embeddable":true,"href":"https:\/\/medicaltravel.ch\/tr\/wp-json\/wp\/v2\/pages\/3223"}],"wp:attachment":[{"href":"https:\/\/medicaltravel.ch\/tr\/wp-json\/wp\/v2\/media?parent=3255"}],"curies":[{"name":"wp","href":"https:\/\/api.w.org\/{rel}","templated":true}]}}