{"id":3259,"date":"2025-09-24T08:03:35","date_gmt":"2025-09-24T07:03:35","guid":{"rendered":"https:\/\/medicaltravel.ch\/yasli-hastalarin-raporlari\/goez-lazer-tedavisi-deneyim-raporu-tuerkiye-2-ekim-2007-sali-guenue-tarihli-rapor\/"},"modified":"2026-01-12T22:34:16","modified_gmt":"2026-01-12T21:34:16","slug":"goez-lazer-tedavisi-deneyim-raporu-tuerkiye-2-ekim-2007-sali-guenue-tarihli-rapor","status":"publish","type":"page","link":"https:\/\/medicaltravel.ch\/tr\/hasta-raporlari\/yasli-hastalarin-raporlari\/goez-lazer-tedavisi-deneyim-raporu-tuerkiye-2-ekim-2007-sali-guenue-tarihli-rapor\/","title":{"rendered":"G\u00f6z Lazer Tedavisi Deneyim Raporu T\u00fcrkiye \u2013 2 Ekim 2007 Sal\u0131 g\u00fcn\u00fc tarihli rapor"},"content":{"rendered":"\n<h3 class=\"wp-block-heading\">G\u00f6z Lazer Tedavisi Deneyim Raporu T\u00fcrkiye \u2013 2 Ekim 2007 Sal\u0131 g\u00fcn\u00fc tarihli rapor<\/h3>\n\n\n\n<p>\u201cNe? \u0130stanbul&#8217;da g\u00f6z ameliyat\u0131 m\u0131? Akl\u0131n\u0131 m\u0131 ka\u00e7\u0131rd\u0131n? Ben orada asla b\u00f6yle bir \u015fey yapmam! Senin sadece iki g\u00f6z\u00fcn var!\u201d \u2013 \u0130stanbul&#8217;daki Eye-Star Clinic&#8217;te g\u00f6z ameliyat\u0131 olmay\u0131 planlad\u0131\u011f\u0131m\u0131 ilk kez insanlara s\u00f6yledi\u011fimde ald\u0131\u011f\u0131m tepki buydu. Kararl\u0131yd\u0131m ama ayn\u0131 zamanda biraz da gergindim, bu y\u00fczden kimseye bundan bahsetmemeye karar verdim. Bu t\u00fcr yorumlar beni pek de rahatlatmad\u0131. Her \u015fey bitti\u011finde bunun hakk\u0131nda konu\u015fabilirim.<\/p>\n\n\n\n<p>Birka\u00e7 y\u0131l \u00f6nce, lazer ameliyat\u0131 ile miyoplu\u011fumu d\u00fczeltmeyi d\u00fc\u015f\u00fcnm\u00fc\u015ft\u00fcm, ancak y\u00fcksek maliyet nedeniyle bu fikri reddetmi\u015ftim.<\/p>\n\n\n\n<p>\u0130svi\u00e7re televizyonunda yay\u0131nlanan \u201cPuls\u201d program\u0131nda Swisslasik&#8217;i fark etti\u011fimde ve \u201cFacts\u201d dergisinde yay\u0131nlanan bir makaleyi okudu\u011fumda, karar\u0131m\u0131 hemen verdim.<\/p>\n\n\n\n<p>Z\u00fcrih&#8217;te bir g\u00f6z doktorundan randevu alarak \u00f6nleyici muayene yapt\u0131rmaya karar verdim. \u00c7ok \u015fiddetli miyoplu\u011fum nedeniyle ameliyat\u0131n m\u00fcmk\u00fcn olup olmayaca\u011f\u0131ndan emin de\u011fildim. Karar olumlu \u00e7\u0131karsa \u0130stanbul&#8217;a gitmek istiyordum, olumsuz \u00e7\u0131karsa benim i\u00e7in konu kapanm\u0131\u015f olacakt\u0131.<\/p>\n\n\n\n<p>Bu muayenede g\u00f6zlerim ayr\u0131nt\u0131l\u0131 bir \u015fekilde incelendi ve \u00f6l\u00e7\u00fcld\u00fc ve lazer tedavisi yap\u0131labilece\u011fi konusunda olumlu bir karar verildi.<\/p>\n\n\n\n<p>Bunun \u00fczerine Swisslasik&#8217;ten Karaaga\u00e7li-Leoni ile ileti\u015fime ge\u00e7tim. Karaaga\u00e7li-Leoni Bey operasyonu \u00e7ok h\u0131zl\u0131 ve yetkin bir \u015fekilde organize etti ve \u0130stanbul&#8217;daki konaklamam ve operasyonla ilgili sorular\u0131m\u0131 her zaman h\u0131zl\u0131 ve son derece nazik bir \u015fekilde yan\u0131tlad\u0131.<\/p>\n\n\n\n<p>\u0130stanbul&#8217;da kald\u0131\u011f\u0131m s\u00fcre boyunca ve sonras\u0131nda \u00e7ok iyi bak\u0131ld\u0131\u011f\u0131m\u0131 ve dan\u0131\u015fmanl\u0131k ald\u0131\u011f\u0131m\u0131 hissettim, bu benim i\u00e7in \u00e7ok \u00f6nemliydi!<\/p>\n\n\n\n<p>Eye-Star Klini\u011fi personeli, ben ve refakat\u00e7im rahat hissetmemiz i\u00e7in her \u015feyi yapt\u0131. \u00c7ok s\u0131cak kar\u015f\u0131land\u0131k ve \u00e7al\u0131\u015fanlar\u0131n yabanc\u0131 dil bilgisi beni \u00e7ok etkiledi. \u0130svi\u00e7re Almancas\u0131, Almanca, \u0130ngilizce, Frans\u0131zca \u2013 sanki t\u00fcm dilleri konu\u015fuyorlard\u0131!<\/p>\n\n\n\n<p>Her zaman \u00e7ok dakik bir \u015fekilde al\u0131n\u0131rd\u0131k ve transfer hizmetinden \u00e7ok memnun kald\u0131k!<\/p>\n\n\n\n<p>Klinikte, g\u00f6z ameliyat\u0131 ge\u00e7irmi\u015f ve kontrol muayenesi i\u00e7in gelen birka\u00e7 ki\u015fiyle de tan\u0131\u015ft\u0131m. Onlar\u0131n co\u015fkulu anlat\u0131mlar\u0131 ameliyat \u00f6ncesinde beni daha da rahatlatt\u0131.<\/p>\n\n\n\n<p>\u015eimdi \u0130stanbul&#8217;dan d\u00f6nd\u00fcm ve tek pi\u015fmanl\u0131\u011f\u0131m, bu ameliyat\u0131 \u00e7ok daha \u00f6nce yapt\u0131rmam\u0131\u015f olmam! Ameliyattan sadece birka\u00e7 saat sonra \u0130stanbul&#8217;da dola\u015fmaya ba\u015flad\u0131m ve sokak tabelalar\u0131n\u0131 vb. okuyabiliyordum. 20 y\u0131ldan fazla bir s\u00fcredir ilk kez g\u00f6zl\u00fck veya kontakt lens takmam gerekmiyor, 24 saat boyunca net g\u00f6rebiliyorum \u2013 ve bu, -8 dioptri miyoplu\u011fum olmas\u0131na ra\u011fmen! Ameliyat %100 ba\u015far\u0131l\u0131 oldu ve g\u00f6rme yard\u0131mc\u0131s\u0131 olmadan hayat\u0131m\u0131n tad\u0131n\u0131 \u00e7\u0131kar\u0131yorum. Banyo zemininde lensiniz d\u00fc\u015ft\u00fc\u011f\u00fc i\u00e7in emeklemek ya da sabah\u0131n erken saatlerinde g\u00f6zl\u00fc\u011f\u00fcn\u00fcz\u00fc aramak zorunda kalmak art\u0131k ge\u00e7mi\u015fte kald\u0131! \u00d6n\u00fcm\u00fczdeki yaz ilk kez lenslerimi d\u00fc\u015f\u00fcnmeden y\u00fczebilece\u011fim ve lens sol\u00fcsyonu vb. olmadan seyahat edebilece\u011fim.<\/p>\n\n\n\n<p>Swisslasik ve Eye-Star Klini\u011fi&#8217;ni herkese \u015fiddetle tavsiye ederim ve bu yaz\u0131mla T\u00fcrkiye&#8217;de g\u00f6z ameliyat\u0131 yapt\u0131rmaya kar\u015f\u0131 \u00f6nyarg\u0131lar\u0131 olan baz\u0131 ki\u015filerin bu \u00f6nyarg\u0131lar\u0131n\u0131 ortadan kald\u0131rabilmeyi umuyorum.<\/p>\n\n\n\n<p>Ve son olarak \u015funu da eklemek isterim: \u0130stanbul, bir g\u00fcn geri d\u00f6nece\u011fim, \u00e7ok g\u00fczel ve b\u00fcy\u00fcleyici bir \u015fehir!<\/p>\n\n\n\n<p>Sayg\u0131lar\u0131mla<\/p>\n\n\n\n<p>Eva Thoma<\/p>\n\n\n\n<p><\/p>\n\n\n\n<div class=\"wp-block-group is-layout-grid wp-container-core-group-is-layout-baef362d wp-block-group-is-layout-grid\">\n<p><a href=\"https:\/\/medicaltravel.at\/home\/agb\/\" data-type=\"page\" data-id=\"2191\" rel=\"nofollow noopener\" target=\"_blank\"><\/a><a href=\"https:\/\/medicaltravel.ch\/tr\/hasta-raporlari\/yasli-hastalarin-raporlari\/istanbulda-lasik-ameliyati-deneyimim-28-ekim-2007-pazar-guenue-raporu\/\" data-type=\"link\" data-id=\"https:\/\/medicaltravel.ch\/tr\/hasta-raporlari\/yasli-hastalarin-raporlari\/istanbulda-lasik-ameliyati-deneyimim-28-ekim-2007-pazar-guenue-raporu\/\">\u00d6nceki rapor<\/a><\/p>\n\n\n\n<p class=\"has-text-align-right wp-container-content-5e2576f9\"><a href=\"https:\/\/medicaltravel.at\/home\/impressum\/\" data-type=\"page\" data-id=\"2193\" rel=\"nofollow noopener\" target=\"_blank\"><\/a><a href=\"https:\/\/medicaltravel.at\/home\/berichte-von-patienten\/erfahrungsberichte\/erfahrungsbericht-zahnbehandlung-in-istanbul\/\" data-type=\"page\" data-id=\"981\" rel=\"nofollow noopener\" target=\"_blank\"><\/a><a href=\"https:\/\/medicaltravel.ch\/tr\/hasta-raporlari\/yasli-hastalarin-raporlari\/deneyim-raporu-goez-lazer-tuerkiye-27-temmuz-2007-cuma-guenue-raporu\/\" data-type=\"link\" data-id=\"https:\/\/medicaltravel.ch\/tr\/hasta-raporlari\/yasli-hastalarin-raporlari\/deneyim-raporu-goez-lazer-tuerkiye-27-temmuz-2007-cuma-guenue-raporu\/\">Bir sonraki rapor<\/a><\/p>\n<\/div>\n","protected":false},"excerpt":{"rendered":"<p>G\u00f6z Lazer Tedavisi Deneyim Raporu T\u00fcrkiye \u2013 2 Ekim 2007 Sal\u0131 g\u00fcn\u00fc tarihli rapor \u201cNe? \u0130stanbul&#8217;da g\u00f6z ameliyat\u0131 m\u0131? Akl\u0131n\u0131 m\u0131 ka\u00e7\u0131rd\u0131n? Ben orada asla b\u00f6yle bir \u015fey yapmam! Senin sadece iki g\u00f6z\u00fcn var!\u201d \u2013 \u0130stanbul&#8217;daki Eye-Star Clinic&#8217;te g\u00f6z ameliyat\u0131 olmay\u0131 planlad\u0131\u011f\u0131m\u0131 ilk kez insanlara s\u00f6yledi\u011fimde ald\u0131\u011f\u0131m tepki buydu. Kararl\u0131yd\u0131m ama ayn\u0131 zamanda biraz da gergindim, bu y\u00fczden kimseye bundan bahsetmemeye karar verdim. Bu t\u00fcr yorumlar beni pek de rahatlatmad\u0131. Her \u015fey bitti\u011finde bunun hakk\u0131nda konu\u015fabilirim. Birka\u00e7 y\u0131l \u00f6nce, lazer ameliyat\u0131 ile miyoplu\u011fumu d\u00fczeltmeyi d\u00fc\u015f\u00fcnm\u00fc\u015ft\u00fcm, ancak y\u00fcksek maliyet nedeniyle bu fikri reddetmi\u015ftim. \u0130svi\u00e7re televizyonunda yay\u0131nlanan \u201cPuls\u201d program\u0131nda Swisslasik&#8217;i fark etti\u011fimde ve \u201cFacts\u201d dergisinde yay\u0131nlanan bir makaleyi okudu\u011fumda, karar\u0131m\u0131 hemen verdim. Z\u00fcrih&#8217;te bir g\u00f6z doktorundan randevu alarak \u00f6nleyici muayene yapt\u0131rmaya karar verdim. \u00c7ok \u015fiddetli miyoplu\u011fum nedeniyle ameliyat\u0131n m\u00fcmk\u00fcn olup olmayaca\u011f\u0131ndan emin de\u011fildim. Karar olumlu \u00e7\u0131karsa \u0130stanbul&#8217;a gitmek istiyordum, olumsuz \u00e7\u0131karsa benim i\u00e7in konu kapanm\u0131\u015f olacakt\u0131. Bu muayenede g\u00f6zlerim ayr\u0131nt\u0131l\u0131 bir \u015fekilde incelendi ve \u00f6l\u00e7\u00fcld\u00fc ve lazer tedavisi yap\u0131labilece\u011fi konusunda olumlu bir karar verildi. Bunun \u00fczerine Swisslasik&#8217;ten Karaaga\u00e7li-Leoni ile ileti\u015fime ge\u00e7tim. Karaaga\u00e7li-Leoni Bey operasyonu \u00e7ok h\u0131zl\u0131 ve yetkin bir \u015fekilde organize etti ve \u0130stanbul&#8217;daki konaklamam ve operasyonla ilgili sorular\u0131m\u0131 her zaman h\u0131zl\u0131 ve son derece nazik bir \u015fekilde yan\u0131tlad\u0131. \u0130stanbul&#8217;da kald\u0131\u011f\u0131m s\u00fcre boyunca ve sonras\u0131nda \u00e7ok iyi bak\u0131ld\u0131\u011f\u0131m\u0131 ve dan\u0131\u015fmanl\u0131k ald\u0131\u011f\u0131m\u0131 hissettim, bu benim i\u00e7in \u00e7ok \u00f6nemliydi! Eye-Star Klini\u011fi personeli, ben ve refakat\u00e7im rahat hissetmemiz i\u00e7in her \u015feyi yapt\u0131. \u00c7ok s\u0131cak kar\u015f\u0131land\u0131k ve \u00e7al\u0131\u015fanlar\u0131n yabanc\u0131 dil bilgisi beni \u00e7ok etkiledi. \u0130svi\u00e7re Almancas\u0131, Almanca, \u0130ngilizce, Frans\u0131zca \u2013 sanki t\u00fcm dilleri konu\u015fuyorlard\u0131! Her zaman \u00e7ok dakik bir \u015fekilde al\u0131n\u0131rd\u0131k ve transfer hizmetinden \u00e7ok memnun kald\u0131k! Klinikte, g\u00f6z ameliyat\u0131 ge\u00e7irmi\u015f ve kontrol muayenesi i\u00e7in gelen birka\u00e7 ki\u015fiyle de tan\u0131\u015ft\u0131m. Onlar\u0131n co\u015fkulu anlat\u0131mlar\u0131 ameliyat \u00f6ncesinde beni daha da rahatlatt\u0131. \u015eimdi \u0130stanbul&#8217;dan d\u00f6nd\u00fcm ve tek pi\u015fmanl\u0131\u011f\u0131m, bu ameliyat\u0131 \u00e7ok daha \u00f6nce yapt\u0131rmam\u0131\u015f olmam! Ameliyattan sadece birka\u00e7 saat sonra \u0130stanbul&#8217;da dola\u015fmaya ba\u015flad\u0131m ve sokak tabelalar\u0131n\u0131 vb. okuyabiliyordum. 20 y\u0131ldan fazla bir s\u00fcredir ilk kez g\u00f6zl\u00fck veya kontakt lens takmam gerekmiyor, 24 saat boyunca net g\u00f6rebiliyorum \u2013 ve bu, -8 dioptri miyoplu\u011fum olmas\u0131na ra\u011fmen! Ameliyat %100 ba\u015far\u0131l\u0131 oldu ve g\u00f6rme yard\u0131mc\u0131s\u0131 olmadan hayat\u0131m\u0131n tad\u0131n\u0131 \u00e7\u0131kar\u0131yorum. Banyo zemininde lensiniz d\u00fc\u015ft\u00fc\u011f\u00fc i\u00e7in emeklemek ya da sabah\u0131n erken saatlerinde g\u00f6zl\u00fc\u011f\u00fcn\u00fcz\u00fc aramak zorunda kalmak art\u0131k ge\u00e7mi\u015fte kald\u0131! \u00d6n\u00fcm\u00fczdeki yaz ilk kez lenslerimi d\u00fc\u015f\u00fcnmeden y\u00fczebilece\u011fim ve lens sol\u00fcsyonu vb. olmadan seyahat edebilece\u011fim. Swisslasik ve Eye-Star Klini\u011fi&#8217;ni herkese \u015fiddetle tavsiye ederim ve bu yaz\u0131mla T\u00fcrkiye&#8217;de g\u00f6z ameliyat\u0131 yapt\u0131rmaya kar\u015f\u0131 \u00f6nyarg\u0131lar\u0131 olan baz\u0131 ki\u015filerin bu \u00f6nyarg\u0131lar\u0131n\u0131 ortadan kald\u0131rabilmeyi umuyorum. Ve son olarak \u015funu da eklemek isterim: \u0130stanbul, bir g\u00fcn geri d\u00f6nece\u011fim, \u00e7ok g\u00fczel ve b\u00fcy\u00fcleyici bir \u015fehir! Sayg\u0131lar\u0131mla Eva Thoma \u00d6nceki rapor Bir sonraki rapor<\/p>\n","protected":false},"author":4,"featured_media":0,"parent":3223,"menu_order":0,"comment_status":"closed","ping_status":"closed","template":"","meta":{"_joinchat":[],"footnotes":""},"class_list":["post-3259","page","type-page","status-publish","hentry"],"acf":[],"_links":{"self":[{"href":"https:\/\/medicaltravel.ch\/tr\/wp-json\/wp\/v2\/pages\/3259","targetHints":{"allow":["GET"]}}],"collection":[{"href":"https:\/\/medicaltravel.ch\/tr\/wp-json\/wp\/v2\/pages"}],"about":[{"href":"https:\/\/medicaltravel.ch\/tr\/wp-json\/wp\/v2\/types\/page"}],"author":[{"embeddable":true,"href":"https:\/\/medicaltravel.ch\/tr\/wp-json\/wp\/v2\/users\/4"}],"replies":[{"embeddable":true,"href":"https:\/\/medicaltravel.ch\/tr\/wp-json\/wp\/v2\/comments?post=3259"}],"version-history":[{"count":2,"href":"https:\/\/medicaltravel.ch\/tr\/wp-json\/wp\/v2\/pages\/3259\/revisions"}],"predecessor-version":[{"id":6540,"href":"https:\/\/medicaltravel.ch\/tr\/wp-json\/wp\/v2\/pages\/3259\/revisions\/6540"}],"up":[{"embeddable":true,"href":"https:\/\/medicaltravel.ch\/tr\/wp-json\/wp\/v2\/pages\/3223"}],"wp:attachment":[{"href":"https:\/\/medicaltravel.ch\/tr\/wp-json\/wp\/v2\/media?parent=3259"}],"curies":[{"name":"wp","href":"https:\/\/api.w.org\/{rel}","templated":true}]}}