{"id":3263,"date":"2025-09-24T07:46:27","date_gmt":"2025-09-24T06:46:27","guid":{"rendered":"https:\/\/medicaltravel.ch\/yasli-hastalarin-raporlari\/goez-lazer-istanbul-deneyim-raporu-24-nisan-2008-persembe-guenue-raporu\/"},"modified":"2026-01-12T21:43:23","modified_gmt":"2026-01-12T20:43:23","slug":"goez-lazer-istanbul-deneyim-raporu-24-nisan-2008-persembe-guenue-raporu","status":"publish","type":"page","link":"https:\/\/medicaltravel.ch\/tr\/hasta-raporlari\/yasli-hastalarin-raporlari\/goez-lazer-istanbul-deneyim-raporu-24-nisan-2008-persembe-guenue-raporu\/","title":{"rendered":"G\u00f6z lazer \u0130stanbul deneyim raporu \u2013 24 Nisan 2008 Per\u015fembe g\u00fcn\u00fc raporu"},"content":{"rendered":"\n<h3 class=\"wp-block-heading\">G\u00f6z lazer \u0130stanbul deneyim raporu \u2013 24 Nisan 2008 Per\u015fembe g\u00fcn\u00fc raporu<\/h3>\n\n\n\n<p>\u0130stanbul&#8217;da g\u00f6z lazer tedavisi deneyim raporu<\/p>\n\n\n\n<p>Yakla\u015f\u0131k 22 ya\u015f\u0131nda, araba kullanmak i\u00e7in g\u00f6rme yard\u0131m\u0131, yani g\u00f6zl\u00fck ald\u0131m. \u0130lk ba\u015fta sadece araba kullan\u0131rken veya sinemada g\u00f6zl\u00fc\u011fe ihtiya\u00e7 duyuyordum. G\u00fcn\u00fcn geri kalan\u0131nda g\u00f6zl\u00fc\u011fe ihtiyac\u0131m yoktu. Zamanla g\u00f6zlerim daha da k\u00f6t\u00fcle\u015fti ve g\u00f6zl\u00fc\u011f\u00fc t\u00fcm g\u00fcn takmaya ba\u015flad\u0131m. Baz\u0131 sporlarda (\u00f6rne\u011fin y\u00fczme veya ko\u015fu) g\u00f6zl\u00fck rahats\u0131zl\u0131k verdi\u011fi i\u00e7in ayl\u0131k kontakt lens kullanmaya karar verdim. Ayl\u0131k kontakt lenslerle kendimi daha \u00f6zg\u00fcr ve s\u0131n\u0131rs\u0131z hissediyordum. Bu yeni bir duyguydu. Ancak ayl\u0131k lenslerle de zaman zaman rahats\u0131z edici durumlar ya\u015f\u0131yordum. Ama ne yapal\u0131m, kozmetik nedenlerden dolay\u0131 art\u0131k g\u00f6zl\u00fck takmak istemedi\u011fim i\u00e7in bir \u015fekilde bununla ba\u015fa \u00e7\u0131kmak zorundayd\u0131m. Yakla\u015f\u0131k 3 y\u0131l \u00f6nce, \u00e7e\u015fitli dergilerde her yerde g\u00f6z lazer tedavisi reklamlar\u0131 g\u00f6rmeye ba\u015flad\u0131m. Her \u015feyi \u00e7ok dikkatli bir \u015fekilde okudum ve bu konuya \u00e7ok ilgi duydum. \u0130yi bir arkada\u015f\u0131m Bern&#8217;de ge\u00e7irdi\u011fi lazer g\u00f6z ameliyat\u0131 deneyimini benimle payla\u015ft\u0131 ve yakla\u015f\u0131k 8000 Fr. tutar\u0131nda bir masrafla kar\u015f\u0131la\u015faca\u011f\u0131m\u0131 da dahil olmak \u00fczere her \u015feyi anlatt\u0131. Ama o zamana kadar \u00f6nce TASARRUF yapmam gerekiyordu.              <\/p>\n\n\n\n<p>25 Haziran 2007&#8217;de \u0130svi\u00e7re televizyonunda PULS program\u0131nda \u0130stanbul&#8217;da g\u00f6z lazer ameliyat\u0131 ile ilgili bir belgesel g\u00f6rd\u00fcm. B\u00f6ylece www.Swisslasik.ch adresine ula\u015ft\u0131m. Uzun s\u00fcre teredd\u00fct ettikten sonra, Eyl\u00fcl sonunda Z\u00fcrih&#8217;te \u00f6n muayeneye kaydolmaya karar verdim. Ameliyat\u0131n benim i\u00e7in sorun olmayaca\u011f\u0131 ortaya \u00e7\u0131kt\u0131. G\u00f6z doktoru, muayene sonu\u00e7lar\u0131n\u0131n yan\u0131 s\u0131ra lazer ameliyat\u0131n\u0131n avantaj ve dezavantajlar\u0131 hakk\u0131nda da beni bilgilendirdi. Z\u00fcrih&#8217;teki muayeneden sonra hala tam olarak ikna olmam\u0131\u015ft\u0131m. Tan\u0131d\u0131klar\u0131mdan da \u201c\u0130stanbul&#8217;da g\u00f6z lazer ameliyat\u0131 m\u0131, sen normal misin, bu \u00e7ok tehlikeli\u201d d\u0131\u015f\u0131nda iyi arg\u00fcmanlar duymad\u0131m. Swisslasik forumundaki deneyim raporlar\u0131n\u0131 defalarca okudum. Ve her ikna edici raporla birlikte karar\u0131m da kesinle\u015fti: Ya \u015fimdi ya da asla. 2008 y\u0131l\u0131n\u0131n Ocak ay\u0131 ba\u015f\u0131nda, Karaagacli Bey&#8217;e ba\u015fvurarak 31 Mart 2008 tarihinde \u0130stanbul&#8217;da g\u00f6z lazer ameliyat\u0131 olmak istedi\u011fimi bildirdim. Bay Karaagacli u\u00e7u\u015fu, oteli (Taskim G\u00f6nen) ve ameliyat i\u00e7in randevuyu ayarlad\u0131. Her \u015fey m\u00fckemmel bir \u015fekilde organize edilmi\u015fti. Mart ba\u015f\u0131nda, \u0130stanbul&#8217;daki konaklamam i\u00e7in gerekli ve yararl\u0131 t\u00fcm bilgileri i\u00e7eren, ki\u015fisel olarak d\u00fczenlenmi\u015f Swisslasik pasaportumu ald\u0131m. H\u0131zl\u0131 ve g\u00fcler y\u00fczl\u00fc e-postalar\u0131 ve iyi organizasyonu i\u00e7in Bay Karaagacli&#8217;ye \u00e7ok te\u015fekk\u00fcr ederim.             <\/p>\n\n\n\n<p>B\u00f6ylece 30 Mart 2008 Pazar g\u00fcn\u00fc e\u015fimle birlikte \u0130stanbul&#8217;a u\u00e7tuk. Havaalan\u0131nda bizi kar\u015f\u0131layan Bay Cayli, bizi otele g\u00f6t\u00fcrd\u00fc. Ak\u0131c\u0131 bir \u015fekilde Almanca konu\u015fan Bay Cayli, 25 dakikal\u0131k yolculuk boyunca bize \u201cEyeStar\u201d g\u00f6z klini\u011fi ve ameliyat\u0131n nas\u0131l yap\u0131laca\u011f\u0131 hakk\u0131nda bilgi verdi. Ameliyat Pazartesi g\u00fcn\u00fc planland\u0131\u011f\u0131 i\u00e7in, Pazar \u00f6\u011fleden sonras\u0131n\u0131 serbest\u00e7e ge\u00e7irebildik ve Taksim Meydan\u0131 \u00e7evresindeki sokaklar\u0131 ke\u015ffettik. Ertesi sabah, 31 Mart 2008&#8217;de, Fred saat 11.00&#8217;de bizi otelden ald\u0131. G\u00f6z klini\u011fine y\u00fcr\u00fcyerek sadece 200 metre mesafedeydik. Yolda, benim gibi bug\u00fcn Pazartesi g\u00fcn\u00fc ameliyat\u0131 planlam\u0131\u015f olan iki Alman bayan daha bize kat\u0131ld\u0131. Klinikte s\u0131cak ve samimi bir \u015fekilde kar\u015f\u0131land\u0131k. \u00d6nce bir fincan kahvenin tad\u0131n\u0131 \u00e7\u0131kard\u0131k, ard\u0131ndan g\u00f6zlerimiz ayr\u0131nt\u0131l\u0131 bir \u015fekilde muayene edildi. Ard\u0131ndan \u00f6\u011fle aras\u0131 verildi ve \u00f6\u011fleden sonra saat 15.30 civar\u0131nda s\u0131ra bize geldi. \u00dczerime ye\u015fil \u00f6nl\u00fck ve sa\u00e7 bonesi giydirildi, ard\u0131ndan masaj koltu\u011funa oturdum ve Bay Cayli g\u00f6zlerimi dezenfekte ederken beni sakinle\u015ftirici s\u00f6zlerle teselli etti.            <\/p>\n\n\n\n<p>Sonra ameliyathaneye ge\u00e7tik. Her ad\u0131m g\u00f6z doktoru taraf\u0131ndan \u0130ngilizce olarak belgelendi ve Bay Fred t\u00fcm talimatlar\u0131 Almanca olarak bana terc\u00fcme etti. G\u00f6z band\u0131 ve g\u00f6zleri sabitlemek i\u00e7in kullan\u0131lan k\u00fc\u00e7\u00fck aparat tak\u0131ld\u0131\u011f\u0131nda rahats\u0131z edici bir bask\u0131 hissettim. Bunun d\u0131\u015f\u0131nda her \u015fey sorunsuz ge\u00e7ti. Her iki g\u00f6z de s\u0131rayla ameliyat edildi.    <\/p>\n\n\n\n<p>Ameliyattan yakla\u015f\u0131k 10 dakika sonra e\u015fim beni otele geri g\u00f6t\u00fcrd\u00fc. G\u00f6zlerim biraz ya\u015fard\u0131, ancak hi\u00e7 a\u011fr\u0131 hissetmedim. \u015eimdi \u00f6ncelikle uyumam gerekiyordu, her saat ba\u015f\u0131 g\u00f6z damlas\u0131 damlat\u0131p sadece uyumak, uyumak&#8230;  <\/p>\n\n\n\n<p>Ertesi sabah, tam g\u00f6rme g\u00fcc\u00fcne kavu\u015ftum ve hi\u00e7bir rahats\u0131zl\u0131\u011f\u0131m yoktu. G\u00f6z doktoru da sabahki kontrol muayenesinde g\u00f6rme g\u00fcc\u00fcm\u00fcn %100&#8217;e ula\u015ft\u0131\u011f\u0131n\u0131 do\u011frulad\u0131. Tam g\u00f6rme g\u00fcc\u00fc, hi\u00e7bir rahats\u0131zl\u0131k veya a\u011fr\u0131, g\u00f6zya\u015f\u0131 veya yanma hissi olmamas\u0131, t\u00fcm bunlar\u0131n ameliyattan bir g\u00fcn sonra ger\u00e7ekle\u015fmesi, inan\u0131lmaz bir duygu.  <\/p>\n\n\n\n<p>G\u00fcn\u00fcn geri kalan\u0131nda serbest zaman\u0131m\u0131z vard\u0131 ve bu sayede ertesi g\u00fcn \u0130svi\u00e7re&#8217;ye d\u00f6nmeden \u00f6nce \u0130stanbul&#8217;un turistik yerlerini gezme f\u0131rsat\u0131 bulduk.<\/p>\n\n\n\n<p>Geriye d\u00f6n\u00fcp bakt\u0131\u011f\u0131mda, \u0130stanbul&#8217;a seyahat etmenin kesinlikle de\u011fdi\u011fini herkesin vicdan\u0131na rahatl\u0131kla s\u00f6yleyebilirim. Her \u015fey m\u00fckemmel organize edilmi\u015fti ve g\u00f6z klini\u011finde de herkes dost canl\u0131s\u0131, yard\u0131msever ve yetkin idi. Art\u0131k g\u00f6rme yard\u0131m\u0131 olmadan bir hayat ba\u015flayabilir&#8230;  <\/p>\n\n\n\n<p>Salzmann Ingrid, Baltschieder, 20 Nisan 2008<\/p>\n\n\n\n<div class=\"wp-block-group is-layout-grid wp-container-core-group-is-layout-baef362d wp-block-group-is-layout-grid\">\n<p><a href=\"https:\/\/medicaltravel.at\/home\/agb\/\" data-type=\"page\" data-id=\"2191\" rel=\"nofollow noopener\" target=\"_blank\"><\/a><a href=\"https:\/\/medicaltravel.ch\/tr\/hasta-raporlari\/yasli-hastalarin-raporlari\/her-sey-lise-yillarinda-basladi-16-mayis-2008-cuma-guenue-tarihli-haber\/\" data-type=\"link\" data-id=\"https:\/\/medicaltravel.ch\/tr\/hasta-raporlari\/yasli-hastalarin-raporlari\/her-sey-lise-yillarinda-basladi-16-mayis-2008-cuma-guenue-tarihli-haber\/\">\u00d6nceki rapor<\/a><\/p>\n\n\n\n<p class=\"has-text-align-right wp-container-content-5e2576f9\"><a href=\"https:\/\/medicaltravel.at\/home\/impressum\/\" data-type=\"page\" data-id=\"2193\" rel=\"nofollow noopener\" target=\"_blank\"><\/a><a href=\"https:\/\/medicaltravel.at\/home\/berichte-von-patienten\/erfahrungsberichte\/erfahrungsbericht-zahnbehandlung-in-istanbul\/\" data-type=\"page\" data-id=\"981\" rel=\"nofollow noopener\" target=\"_blank\"><\/a><a href=\"https:\/\/medicaltravel.ch\/tr\/hasta-raporlari\/yasli-hastalarin-raporlari\/istanbulda-goez-lazer-ameliyatim-08-04-08-17-nisan-2008-persembe-guenue-raporu\/\" data-type=\"link\" data-id=\"https:\/\/medicaltravel.ch\/tr\/hasta-raporlari\/yasli-hastalarin-raporlari\/istanbulda-goez-lazer-ameliyatim-08-04-08-17-nisan-2008-persembe-guenue-raporu\/\">Bir sonraki rapor<\/a><\/p>\n<\/div>\n","protected":false},"excerpt":{"rendered":"<p>G\u00f6z lazer \u0130stanbul deneyim raporu \u2013 24 Nisan 2008 Per\u015fembe g\u00fcn\u00fc raporu \u0130stanbul&#8217;da g\u00f6z lazer tedavisi deneyim raporu Yakla\u015f\u0131k 22 ya\u015f\u0131nda, araba kullanmak i\u00e7in g\u00f6rme yard\u0131m\u0131, yani g\u00f6zl\u00fck ald\u0131m. \u0130lk ba\u015fta sadece araba kullan\u0131rken veya sinemada g\u00f6zl\u00fc\u011fe ihtiya\u00e7 duyuyordum. G\u00fcn\u00fcn geri kalan\u0131nda g\u00f6zl\u00fc\u011fe ihtiyac\u0131m yoktu. Zamanla g\u00f6zlerim daha da k\u00f6t\u00fcle\u015fti ve g\u00f6zl\u00fc\u011f\u00fc t\u00fcm g\u00fcn takmaya ba\u015flad\u0131m. Baz\u0131 sporlarda (\u00f6rne\u011fin y\u00fczme veya ko\u015fu) g\u00f6zl\u00fck rahats\u0131zl\u0131k verdi\u011fi i\u00e7in ayl\u0131k kontakt lens kullanmaya karar verdim. Ayl\u0131k kontakt lenslerle kendimi daha \u00f6zg\u00fcr ve s\u0131n\u0131rs\u0131z hissediyordum. Bu yeni bir duyguydu. Ancak ayl\u0131k lenslerle de zaman zaman rahats\u0131z edici durumlar ya\u015f\u0131yordum. Ama ne yapal\u0131m, kozmetik nedenlerden dolay\u0131 art\u0131k g\u00f6zl\u00fck takmak istemedi\u011fim i\u00e7in bir \u015fekilde bununla ba\u015fa \u00e7\u0131kmak zorundayd\u0131m. Yakla\u015f\u0131k 3 y\u0131l \u00f6nce, \u00e7e\u015fitli dergilerde her yerde g\u00f6z lazer tedavisi reklamlar\u0131 g\u00f6rmeye ba\u015flad\u0131m. Her \u015feyi \u00e7ok dikkatli bir \u015fekilde okudum ve bu konuya \u00e7ok ilgi duydum. \u0130yi bir arkada\u015f\u0131m Bern&#8217;de ge\u00e7irdi\u011fi lazer g\u00f6z ameliyat\u0131 deneyimini benimle payla\u015ft\u0131 ve yakla\u015f\u0131k 8000 Fr. tutar\u0131nda bir masrafla kar\u015f\u0131la\u015faca\u011f\u0131m\u0131 da dahil olmak \u00fczere her \u015feyi anlatt\u0131. Ama o zamana kadar \u00f6nce TASARRUF yapmam gerekiyordu. 25 Haziran 2007&#8217;de \u0130svi\u00e7re televizyonunda PULS program\u0131nda \u0130stanbul&#8217;da g\u00f6z lazer ameliyat\u0131 ile ilgili bir belgesel g\u00f6rd\u00fcm. B\u00f6ylece www.Swisslasik.ch adresine ula\u015ft\u0131m. Uzun s\u00fcre teredd\u00fct ettikten sonra, Eyl\u00fcl sonunda Z\u00fcrih&#8217;te \u00f6n muayeneye kaydolmaya karar verdim. Ameliyat\u0131n benim i\u00e7in sorun olmayaca\u011f\u0131 ortaya \u00e7\u0131kt\u0131. G\u00f6z doktoru, muayene sonu\u00e7lar\u0131n\u0131n yan\u0131 s\u0131ra lazer ameliyat\u0131n\u0131n avantaj ve dezavantajlar\u0131 hakk\u0131nda da beni bilgilendirdi. Z\u00fcrih&#8217;teki muayeneden sonra hala tam olarak ikna olmam\u0131\u015ft\u0131m. Tan\u0131d\u0131klar\u0131mdan da \u201c\u0130stanbul&#8217;da g\u00f6z lazer ameliyat\u0131 m\u0131, sen normal misin, bu \u00e7ok tehlikeli\u201d d\u0131\u015f\u0131nda iyi arg\u00fcmanlar duymad\u0131m. Swisslasik forumundaki deneyim raporlar\u0131n\u0131 defalarca okudum. Ve her ikna edici raporla birlikte karar\u0131m da kesinle\u015fti: Ya \u015fimdi ya da asla. 2008 y\u0131l\u0131n\u0131n Ocak ay\u0131 ba\u015f\u0131nda, Karaagacli Bey&#8217;e ba\u015fvurarak 31 Mart 2008 tarihinde \u0130stanbul&#8217;da g\u00f6z lazer ameliyat\u0131 olmak istedi\u011fimi bildirdim. Bay Karaagacli u\u00e7u\u015fu, oteli (Taskim G\u00f6nen) ve ameliyat i\u00e7in randevuyu ayarlad\u0131. Her \u015fey m\u00fckemmel bir \u015fekilde organize edilmi\u015fti. Mart ba\u015f\u0131nda, \u0130stanbul&#8217;daki konaklamam i\u00e7in gerekli ve yararl\u0131 t\u00fcm bilgileri i\u00e7eren, ki\u015fisel olarak d\u00fczenlenmi\u015f Swisslasik pasaportumu ald\u0131m. H\u0131zl\u0131 ve g\u00fcler y\u00fczl\u00fc e-postalar\u0131 ve iyi organizasyonu i\u00e7in Bay Karaagacli&#8217;ye \u00e7ok te\u015fekk\u00fcr ederim. B\u00f6ylece 30 Mart 2008 Pazar g\u00fcn\u00fc e\u015fimle birlikte \u0130stanbul&#8217;a u\u00e7tuk. Havaalan\u0131nda bizi kar\u015f\u0131layan Bay Cayli, bizi otele g\u00f6t\u00fcrd\u00fc. Ak\u0131c\u0131 bir \u015fekilde Almanca konu\u015fan Bay Cayli, 25 dakikal\u0131k yolculuk boyunca bize \u201cEyeStar\u201d g\u00f6z klini\u011fi ve ameliyat\u0131n nas\u0131l yap\u0131laca\u011f\u0131 hakk\u0131nda bilgi verdi. Ameliyat Pazartesi g\u00fcn\u00fc planland\u0131\u011f\u0131 i\u00e7in, Pazar \u00f6\u011fleden sonras\u0131n\u0131 serbest\u00e7e ge\u00e7irebildik ve Taksim Meydan\u0131 \u00e7evresindeki sokaklar\u0131 ke\u015ffettik. Ertesi sabah, 31 Mart 2008&#8217;de, Fred saat 11.00&#8217;de bizi otelden ald\u0131. G\u00f6z klini\u011fine y\u00fcr\u00fcyerek sadece 200 metre mesafedeydik. Yolda, benim gibi bug\u00fcn Pazartesi g\u00fcn\u00fc ameliyat\u0131 planlam\u0131\u015f olan iki Alman bayan daha bize kat\u0131ld\u0131. Klinikte s\u0131cak ve samimi bir \u015fekilde kar\u015f\u0131land\u0131k. \u00d6nce bir fincan kahvenin tad\u0131n\u0131 \u00e7\u0131kard\u0131k, ard\u0131ndan g\u00f6zlerimiz ayr\u0131nt\u0131l\u0131 bir \u015fekilde muayene edildi. Ard\u0131ndan \u00f6\u011fle aras\u0131 verildi ve \u00f6\u011fleden sonra saat 15.30 civar\u0131nda s\u0131ra bize geldi. \u00dczerime ye\u015fil \u00f6nl\u00fck ve sa\u00e7 bonesi giydirildi, ard\u0131ndan masaj koltu\u011funa oturdum ve Bay Cayli g\u00f6zlerimi dezenfekte ederken beni sakinle\u015ftirici s\u00f6zlerle teselli etti. Sonra ameliyathaneye ge\u00e7tik. Her ad\u0131m g\u00f6z doktoru taraf\u0131ndan \u0130ngilizce olarak belgelendi ve Bay Fred t\u00fcm talimatlar\u0131 Almanca olarak bana terc\u00fcme etti. G\u00f6z band\u0131 ve g\u00f6zleri sabitlemek i\u00e7in kullan\u0131lan k\u00fc\u00e7\u00fck aparat tak\u0131ld\u0131\u011f\u0131nda rahats\u0131z edici bir bask\u0131 hissettim. Bunun d\u0131\u015f\u0131nda her \u015fey sorunsuz ge\u00e7ti. Her iki g\u00f6z de s\u0131rayla ameliyat edildi. Ameliyattan yakla\u015f\u0131k 10 dakika sonra e\u015fim beni otele geri g\u00f6t\u00fcrd\u00fc. G\u00f6zlerim biraz ya\u015fard\u0131, ancak hi\u00e7 a\u011fr\u0131 hissetmedim. \u015eimdi \u00f6ncelikle uyumam gerekiyordu, her saat ba\u015f\u0131 g\u00f6z damlas\u0131 damlat\u0131p sadece uyumak, uyumak&#8230; Ertesi sabah, tam g\u00f6rme g\u00fcc\u00fcne kavu\u015ftum ve hi\u00e7bir rahats\u0131zl\u0131\u011f\u0131m yoktu. G\u00f6z doktoru da sabahki kontrol muayenesinde g\u00f6rme g\u00fcc\u00fcm\u00fcn %100&#8217;e ula\u015ft\u0131\u011f\u0131n\u0131 do\u011frulad\u0131. Tam g\u00f6rme g\u00fcc\u00fc, hi\u00e7bir rahats\u0131zl\u0131k veya a\u011fr\u0131, g\u00f6zya\u015f\u0131 veya yanma hissi olmamas\u0131, t\u00fcm bunlar\u0131n ameliyattan bir g\u00fcn sonra ger\u00e7ekle\u015fmesi, inan\u0131lmaz bir duygu. G\u00fcn\u00fcn geri kalan\u0131nda serbest zaman\u0131m\u0131z vard\u0131 ve bu sayede ertesi g\u00fcn \u0130svi\u00e7re&#8217;ye d\u00f6nmeden \u00f6nce \u0130stanbul&#8217;un turistik yerlerini gezme f\u0131rsat\u0131 bulduk. Geriye d\u00f6n\u00fcp bakt\u0131\u011f\u0131mda, \u0130stanbul&#8217;a seyahat etmenin kesinlikle de\u011fdi\u011fini herkesin vicdan\u0131na rahatl\u0131kla s\u00f6yleyebilirim. Her \u015fey m\u00fckemmel organize edilmi\u015fti ve g\u00f6z klini\u011finde de herkes dost canl\u0131s\u0131, yard\u0131msever ve yetkin idi. Art\u0131k g\u00f6rme yard\u0131m\u0131 olmadan bir hayat ba\u015flayabilir&#8230; Salzmann Ingrid, Baltschieder, 20 Nisan 2008 \u00d6nceki rapor Bir sonraki rapor<\/p>\n","protected":false},"author":4,"featured_media":0,"parent":3223,"menu_order":0,"comment_status":"closed","ping_status":"closed","template":"","meta":{"_joinchat":[],"footnotes":""},"class_list":["post-3263","page","type-page","status-publish","hentry"],"acf":[],"_links":{"self":[{"href":"https:\/\/medicaltravel.ch\/tr\/wp-json\/wp\/v2\/pages\/3263","targetHints":{"allow":["GET"]}}],"collection":[{"href":"https:\/\/medicaltravel.ch\/tr\/wp-json\/wp\/v2\/pages"}],"about":[{"href":"https:\/\/medicaltravel.ch\/tr\/wp-json\/wp\/v2\/types\/page"}],"author":[{"embeddable":true,"href":"https:\/\/medicaltravel.ch\/tr\/wp-json\/wp\/v2\/users\/4"}],"replies":[{"embeddable":true,"href":"https:\/\/medicaltravel.ch\/tr\/wp-json\/wp\/v2\/comments?post=3263"}],"version-history":[{"count":0,"href":"https:\/\/medicaltravel.ch\/tr\/wp-json\/wp\/v2\/pages\/3263\/revisions"}],"up":[{"embeddable":true,"href":"https:\/\/medicaltravel.ch\/tr\/wp-json\/wp\/v2\/pages\/3223"}],"wp:attachment":[{"href":"https:\/\/medicaltravel.ch\/tr\/wp-json\/wp\/v2\/media?parent=3263"}],"curies":[{"name":"wp","href":"https:\/\/api.w.org\/{rel}","templated":true}]}}