{"id":4395,"date":"2025-09-24T08:04:29","date_gmt":"2025-09-24T07:04:29","guid":{"rendered":"https:\/\/medicaltravel.ch\/yasli-hastalarin-raporlari\/deneyim-raporu-goez-lazer-tuerkiye-27-temmuz-2007-cuma-guenue-raporu\/"},"modified":"2026-01-12T22:34:47","modified_gmt":"2026-01-12T21:34:47","slug":"deneyim-raporu-goez-lazer-tuerkiye-27-temmuz-2007-cuma-guenue-raporu","status":"publish","type":"page","link":"https:\/\/medicaltravel.ch\/tr\/hasta-raporlari\/yasli-hastalarin-raporlari\/deneyim-raporu-goez-lazer-tuerkiye-27-temmuz-2007-cuma-guenue-raporu\/","title":{"rendered":"Deneyim raporu G\u00f6z lazer T\u00fcrkiye \u2013 27 Temmuz 2007 Cuma g\u00fcn\u00fc raporu"},"content":{"rendered":"\n<h3 class=\"wp-block-heading\">Deneyim raporu G\u00f6z lazer T\u00fcrkiye \u2013 27 Temmuz 2007 Cuma g\u00fcn\u00fc raporu<\/h3>\n\n\n\n<p>Bir hafta ge\u00e7ti, \u0130stanbul&#8217;daki Eyestar Klinik&#8217;te g\u00f6zlerimi lazerle ameliyat ettireli. Hala tam olarak idrak edemedim; ak\u015famlar\u0131 lenslerimi \u00e7\u0131karmak zorunda olmad\u0131\u011f\u0131m\u0131, sadece yata\u011fa girebilece\u011fimi ve sabahlar\u0131 kalkt\u0131\u011f\u0131mda art\u0131k banyo yolunu bir k\u00f6stebek gibi bulmak zorunda olmad\u0131\u011f\u0131m\u0131, d\u00fcnyay\u0131 net bir \u015fekilde g\u00f6rebilece\u011fimi. Harika bir \u015fey! Nihayet, g\u00f6zl\u00fck, \u00f6zel g\u00fcne\u015f g\u00f6zl\u00fc\u011f\u00fc, lensler, lens kab\u0131, lens temizleme spreyi ve normal g\u00fcne\u015f g\u00f6zl\u00fc\u011f\u00fcn\u00fc valize koymak zorunda kalmadan tatile \u00e7\u0131kmak ne g\u00fczel! Nihayet gece sivrisinek av\u0131na \u00e7\u0131k\u0131p o hayvanlar\u0131 sadece duymakla kalmay\u0131p, ger\u00e7ekten g\u00f6rebilmek! Harika bir duygu!   <\/p>\n\n\n\n<p>Eyestar\u2019\u0131 ve Swisslasik\u2019i kesinlikle tavsiye ediyorum. Profesyonellik, \u00f6nceden beni ikna etmi\u015fti ve \u0130stanbul\u2019da da do\u011fruland\u0131. Ayn\u0131 zamanda bir \u0130svi\u00e7re klini\u011finde de lazer ameliyat\u0131 hakk\u0131nda bilgi alm\u0131\u015ft\u0131m. \u0130zlenimim, Eyestar ile \u0130svi\u00e7re klini\u011fi aras\u0131nda hi\u00e7bir fark olmad\u0131\u011f\u0131yd\u0131, ancak fiyat fark\u0131 olduk\u00e7a belirgindi. Bu nedenle benim i\u00e7in \u0130stanbul\u2019da ameliyat yapt\u0131rmak kesin bir tercih oldu. Swisslasik beni ayr\u0131ca cezbetti, \u00e7\u00fcnk\u00fc her \u015fey organize ediliyordu ve ben hi\u00e7 bir \u015feyle ilgilenmek zorunda kalmad\u0131m.     <\/p>\n\n\n\n<p>\u0130svi\u00e7re\u2019de \u00f6n muayene yapt\u0131rd\u0131m ve bunu da kesinlikle tavsiye ediyorum. B\u00f6ylece \u0130stanbul\u2019da birka\u00e7 farkl\u0131 lazer tekni\u011fi s\u00f6z konusu olsa bile stresli bir durumla kar\u015f\u0131la\u015fm\u0131yorsunuz ve T\u00fcrkiye\u2019ye bo\u015funa seyahat etmi\u015f olmuyorsunuz, \u00e7\u00fcnk\u00fc lazer ameliyat\u0131na uygun olmad\u0131\u011f\u0131n\u0131z tespit edilebilir. Ben \u015fahsen, bu de\u011ferlendirmelerin tamamen tarafs\u0131z olmas\u0131n\u0131 \u00e7ok de\u011ferli buldum ve hi\u00e7bir zaman ameliyat i\u00e7in zorlanmad\u0131m ya da bu konuda a\u015f\u0131r\u0131 \u015fekilde te\u015fvik edilmedim. Ne Swisslasik\u2019ten ne de Z\u00fcrih\u2019teki doktordan b\u00f6yle bir bask\u0131 g\u00f6rd\u00fcm.   <\/p>\n\n\n\n<p>\u0130stanbul\u2019da da her \u015fey harika gitti. Ben ve refakat\u00e7im, havaliman\u0131ndan tam zaman\u0131nda al\u0131nd\u0131k ve otele g\u00f6t\u00fcr\u00fcld\u00fck. Ancak, rezervasyon yapt\u0131\u011f\u0131m otel dolu oldu\u011fu i\u00e7in, iki sokak ilerideki ba\u015fka bir otele y\u00f6nlendirilmem benim i\u00e7in pek de sorun olmad\u0131. Klinik yine \u00e7ok yak\u0131nd\u0131, bu da \u00f6zellikle ameliyat sonras\u0131 son derece rahatlat\u0131c\u0131 bir durumdu. Klinikteki atmosfer \u00e7ok samimi ve \u00f6zellikle Fred, insana ger\u00e7ekten \u00f6zenle yard\u0131mc\u0131 oluyor. Bern leh\u00e7esiyle, T\u00fcrk aksan\u0131yla hemen kendinizi evinizde gibi hissediyorsunuz. Her \u015fey olduk\u00e7a h\u0131zl\u0131 ilerliyor ve b\u00fct\u00fcn belgeleri incelemeye neredeyse zaman\u0131n\u0131z olmuyor. Tekrar yap\u0131lan \u00f6n muayene benim i\u00e7in \u00e7ok fazla zaman almad\u0131. En uzun s\u00fcren \u015fey, g\u00f6z damlalar\u0131n\u0131n etkisinin ba\u015flamas\u0131 oldu; bu damlalarla g\u00f6zbebekleri geni\u015fletiliyor ve sonra tekrar normale d\u00f6n\u00fcyor. \u00d6n muayeneden sonra, biraz yemek yemek i\u00e7in vakit bulabilirsiniz (bu arada klinikle ayn\u0131 binada, hemen alt\u0131nda harika bir \u0130talyan kafe var).         <\/p>\n\n\n\n<p>Ve sonra operasyon yava\u015f\u00e7a yakla\u015fmaya ba\u015fl\u0131yor. En b\u00fcy\u00fck keyif, operasyon \u00f6ncesinde biraz rahatlama sa\u011flayabilece\u011finiz masaj koltu\u011fu. O cihaz harika! Ve sonra operasyona giriyorsunuz. Orada da her \u015fey \u00e7ok h\u0131zl\u0131 ilerliyor ve ne oldu\u011funu anlamadan, zaten d\u0131\u015far\u0131das\u0131n\u0131z. En rahats\u0131z edici k\u0131s\u0131m, kornea flap\u2019\u0131 i\u00e7in yap\u0131lan kesi. Lazerle tedavi k\u0131sm\u0131 ise k\u0131sa bir i\u015flem. En \u00f6nemli \u015fey, olabildi\u011fince rahat kalmak ve s\u00fcrekli ye\u015fil noktaya odaklanmak. Ameliyat sonras\u0131 k\u0131sa bir s\u00fcre karanl\u0131k bir odaya al\u0131n\u0131yorsunuz, burada dinleniyorsunuz ve Fred size g\u00f6z damlalar\u0131 veriyor. K\u0131sa bir takip muayenesinden sonra her \u015fey bitiyor ve otele geri d\u00f6nebiliyorsunuz. Orada sonunda uzan\u0131p g\u00f6zlerinizi kapatabilirsiniz. \u00c7\u00fcnk\u00fc yanma ve sulanma nedeniyle g\u00f6zlerinizi zor a\u00e7abiliyorsunuz ve hemen uzan\u0131rsan\u0131z, en k\u00f6t\u00fc k\u0131sm\u0131 h\u0131zl\u0131ca atlatm\u0131\u015f oluyorsunuz. Sadece 2 saat sonra yanma azald\u0131 ve \u00e7ok daha iyi hissetmeye ba\u015flad\u0131m, g\u00f6zlerim tekrar net g\u00f6r\u00fcyordu.           <\/p>\n\n\n\n<p>Ertesi sabah tekrar bir takip muayenesi yap\u0131l\u0131yor ve her \u015fey yolundaysa, \u0130stanbul&#8217;u biraz daha gezip tad\u0131n\u0131 \u00e7\u0131karabiliyorsunuz. \u00c7\u00fcnk\u00fc ben, ertesi g\u00fcn bile harika g\u00f6r\u00fcyordum. <\/p>\n\n\n\n<p>D\u00fcn \u0130svi\u00e7re&#8217;de ilk takip muayenemi yapt\u0131rd\u0131m. Sa\u011f g\u00f6z\u00fcmle ilgili bir sorun yoktu ama sol g\u00f6z\u00fcmde biraz fazla d\u00fczeltme yap\u0131lm\u0131\u015f ve bu da g\u00f6rme keskinli\u011fini biraz d\u00fc\u015f\u00fcrm\u00fc\u015f. Ancak di\u011fer her \u015fey yolunda ve tek pi\u015fmanl\u0131\u011f\u0131m \u015fu: Neden Tanr\u0131m, bu fikri daha \u00f6nce ak\u0131l edemedim???  <\/p>\n\n\n\n<p><\/p>\n\n\n\n<div class=\"wp-block-group is-layout-grid wp-container-core-group-is-layout-baef362d wp-block-group-is-layout-grid\">\n<p><a href=\"https:\/\/medicaltravel.at\/home\/agb\/\" data-type=\"page\" data-id=\"2191\" rel=\"nofollow noopener\" target=\"_blank\"><\/a><a href=\"https:\/\/medicaltravel.ch\/tr\/hasta-raporlari\/yasli-hastalarin-raporlari\/goez-lazer-tedavisi-deneyim-raporu-tuerkiye-2-ekim-2007-sali-guenue-tarihli-rapor\/\" data-type=\"link\" data-id=\"https:\/\/medicaltravel.ch\/tr\/hasta-raporlari\/yasli-hastalarin-raporlari\/goez-lazer-tedavisi-deneyim-raporu-tuerkiye-2-ekim-2007-sali-guenue-tarihli-rapor\/\">\u00d6nceki rapor<\/a><\/p>\n\n\n\n<p class=\"has-text-align-right wp-container-content-5e2576f9\"><a href=\"https:\/\/medicaltravel.at\/home\/impressum\/\" data-type=\"page\" data-id=\"2193\" rel=\"nofollow noopener\" target=\"_blank\"><\/a><a href=\"https:\/\/medicaltravel.at\/home\/berichte-von-patienten\/erfahrungsberichte\/erfahrungsbericht-zahnbehandlung-in-istanbul\/\" data-type=\"page\" data-id=\"981\" rel=\"nofollow noopener\" target=\"_blank\"><\/a><a href=\"https:\/\/medicaltravel.ch\/tr\/hasta-raporlari\/yasli-hastalarin-raporlari\/istanbuldan-rapor-goez-lazer-ameliyati-9-temmuz-2007-pazartesi-guenue-raporu\/\" data-type=\"link\" data-id=\"https:\/\/medicaltravel.ch\/tr\/hasta-raporlari\/yasli-hastalarin-raporlari\/istanbuldan-rapor-goez-lazer-ameliyati-9-temmuz-2007-pazartesi-guenue-raporu\/\">Bir sonraki rapor<\/a><\/p>\n<\/div>\n","protected":false},"excerpt":{"rendered":"<p>Deneyim raporu G\u00f6z lazer T\u00fcrkiye \u2013 27 Temmuz 2007 Cuma g\u00fcn\u00fc raporu Bir hafta ge\u00e7ti, \u0130stanbul&#8217;daki Eyestar Klinik&#8217;te g\u00f6zlerimi lazerle ameliyat ettireli. Hala tam olarak idrak edemedim; ak\u015famlar\u0131 lenslerimi \u00e7\u0131karmak zorunda olmad\u0131\u011f\u0131m\u0131, sadece yata\u011fa girebilece\u011fimi ve sabahlar\u0131 kalkt\u0131\u011f\u0131mda art\u0131k banyo yolunu bir k\u00f6stebek gibi bulmak zorunda olmad\u0131\u011f\u0131m\u0131, d\u00fcnyay\u0131 net bir \u015fekilde g\u00f6rebilece\u011fimi. Harika bir \u015fey! Nihayet, g\u00f6zl\u00fck, \u00f6zel g\u00fcne\u015f g\u00f6zl\u00fc\u011f\u00fc, lensler, lens kab\u0131, lens temizleme spreyi ve normal g\u00fcne\u015f g\u00f6zl\u00fc\u011f\u00fcn\u00fc valize koymak zorunda kalmadan tatile \u00e7\u0131kmak ne g\u00fczel! Nihayet gece sivrisinek av\u0131na \u00e7\u0131k\u0131p o hayvanlar\u0131 sadece duymakla kalmay\u0131p, ger\u00e7ekten g\u00f6rebilmek! Harika bir duygu! Eyestar\u2019\u0131 ve Swisslasik\u2019i kesinlikle tavsiye ediyorum. Profesyonellik, \u00f6nceden beni ikna etmi\u015fti ve \u0130stanbul\u2019da da do\u011fruland\u0131. Ayn\u0131 zamanda bir \u0130svi\u00e7re klini\u011finde de lazer ameliyat\u0131 hakk\u0131nda bilgi alm\u0131\u015ft\u0131m. \u0130zlenimim, Eyestar ile \u0130svi\u00e7re klini\u011fi aras\u0131nda hi\u00e7bir fark olmad\u0131\u011f\u0131yd\u0131, ancak fiyat fark\u0131 olduk\u00e7a belirgindi. Bu nedenle benim i\u00e7in \u0130stanbul\u2019da ameliyat yapt\u0131rmak kesin bir tercih oldu. Swisslasik beni ayr\u0131ca cezbetti, \u00e7\u00fcnk\u00fc her \u015fey organize ediliyordu ve ben hi\u00e7 bir \u015feyle ilgilenmek zorunda kalmad\u0131m. \u0130svi\u00e7re\u2019de \u00f6n muayene yapt\u0131rd\u0131m ve bunu da kesinlikle tavsiye ediyorum. B\u00f6ylece \u0130stanbul\u2019da birka\u00e7 farkl\u0131 lazer tekni\u011fi s\u00f6z konusu olsa bile stresli bir durumla kar\u015f\u0131la\u015fm\u0131yorsunuz ve T\u00fcrkiye\u2019ye bo\u015funa seyahat etmi\u015f olmuyorsunuz, \u00e7\u00fcnk\u00fc lazer ameliyat\u0131na uygun olmad\u0131\u011f\u0131n\u0131z tespit edilebilir. Ben \u015fahsen, bu de\u011ferlendirmelerin tamamen tarafs\u0131z olmas\u0131n\u0131 \u00e7ok de\u011ferli buldum ve hi\u00e7bir zaman ameliyat i\u00e7in zorlanmad\u0131m ya da bu konuda a\u015f\u0131r\u0131 \u015fekilde te\u015fvik edilmedim. Ne Swisslasik\u2019ten ne de Z\u00fcrih\u2019teki doktordan b\u00f6yle bir bask\u0131 g\u00f6rd\u00fcm. \u0130stanbul\u2019da da her \u015fey harika gitti. Ben ve refakat\u00e7im, havaliman\u0131ndan tam zaman\u0131nda al\u0131nd\u0131k ve otele g\u00f6t\u00fcr\u00fcld\u00fck. Ancak, rezervasyon yapt\u0131\u011f\u0131m otel dolu oldu\u011fu i\u00e7in, iki sokak ilerideki ba\u015fka bir otele y\u00f6nlendirilmem benim i\u00e7in pek de sorun olmad\u0131. Klinik yine \u00e7ok yak\u0131nd\u0131, bu da \u00f6zellikle ameliyat sonras\u0131 son derece rahatlat\u0131c\u0131 bir durumdu. Klinikteki atmosfer \u00e7ok samimi ve \u00f6zellikle Fred, insana ger\u00e7ekten \u00f6zenle yard\u0131mc\u0131 oluyor. Bern leh\u00e7esiyle, T\u00fcrk aksan\u0131yla hemen kendinizi evinizde gibi hissediyorsunuz. Her \u015fey olduk\u00e7a h\u0131zl\u0131 ilerliyor ve b\u00fct\u00fcn belgeleri incelemeye neredeyse zaman\u0131n\u0131z olmuyor. Tekrar yap\u0131lan \u00f6n muayene benim i\u00e7in \u00e7ok fazla zaman almad\u0131. En uzun s\u00fcren \u015fey, g\u00f6z damlalar\u0131n\u0131n etkisinin ba\u015flamas\u0131 oldu; bu damlalarla g\u00f6zbebekleri geni\u015fletiliyor ve sonra tekrar normale d\u00f6n\u00fcyor. \u00d6n muayeneden sonra, biraz yemek yemek i\u00e7in vakit bulabilirsiniz (bu arada klinikle ayn\u0131 binada, hemen alt\u0131nda harika bir \u0130talyan kafe var). Ve sonra operasyon yava\u015f\u00e7a yakla\u015fmaya ba\u015fl\u0131yor. En b\u00fcy\u00fck keyif, operasyon \u00f6ncesinde biraz rahatlama sa\u011flayabilece\u011finiz masaj koltu\u011fu. O cihaz harika! Ve sonra operasyona giriyorsunuz. Orada da her \u015fey \u00e7ok h\u0131zl\u0131 ilerliyor ve ne oldu\u011funu anlamadan, zaten d\u0131\u015far\u0131das\u0131n\u0131z. En rahats\u0131z edici k\u0131s\u0131m, kornea flap\u2019\u0131 i\u00e7in yap\u0131lan kesi. Lazerle tedavi k\u0131sm\u0131 ise k\u0131sa bir i\u015flem. En \u00f6nemli \u015fey, olabildi\u011fince rahat kalmak ve s\u00fcrekli ye\u015fil noktaya odaklanmak. Ameliyat sonras\u0131 k\u0131sa bir s\u00fcre karanl\u0131k bir odaya al\u0131n\u0131yorsunuz, burada dinleniyorsunuz ve Fred size g\u00f6z damlalar\u0131 veriyor. K\u0131sa bir takip muayenesinden sonra her \u015fey bitiyor ve otele geri d\u00f6nebiliyorsunuz. Orada sonunda uzan\u0131p g\u00f6zlerinizi kapatabilirsiniz. \u00c7\u00fcnk\u00fc yanma ve sulanma nedeniyle g\u00f6zlerinizi zor a\u00e7abiliyorsunuz ve hemen uzan\u0131rsan\u0131z, en k\u00f6t\u00fc k\u0131sm\u0131 h\u0131zl\u0131ca atlatm\u0131\u015f oluyorsunuz. Sadece 2 saat sonra yanma azald\u0131 ve \u00e7ok daha iyi hissetmeye ba\u015flad\u0131m, g\u00f6zlerim tekrar net g\u00f6r\u00fcyordu. Ertesi sabah tekrar bir takip muayenesi yap\u0131l\u0131yor ve her \u015fey yolundaysa, \u0130stanbul&#8217;u biraz daha gezip tad\u0131n\u0131 \u00e7\u0131karabiliyorsunuz. \u00c7\u00fcnk\u00fc ben, ertesi g\u00fcn bile harika g\u00f6r\u00fcyordum. D\u00fcn \u0130svi\u00e7re&#8217;de ilk takip muayenemi yapt\u0131rd\u0131m. Sa\u011f g\u00f6z\u00fcmle ilgili bir sorun yoktu ama sol g\u00f6z\u00fcmde biraz fazla d\u00fczeltme yap\u0131lm\u0131\u015f ve bu da g\u00f6rme keskinli\u011fini biraz d\u00fc\u015f\u00fcrm\u00fc\u015f. Ancak di\u011fer her \u015fey yolunda ve tek pi\u015fmanl\u0131\u011f\u0131m \u015fu: Neden Tanr\u0131m, bu fikri daha \u00f6nce ak\u0131l edemedim??? \u00d6nceki rapor Bir sonraki rapor<\/p>\n","protected":false},"author":4,"featured_media":0,"parent":3223,"menu_order":0,"comment_status":"closed","ping_status":"closed","template":"","meta":{"_joinchat":[],"footnotes":""},"class_list":["post-4395","page","type-page","status-publish","hentry"],"acf":[],"_links":{"self":[{"href":"https:\/\/medicaltravel.ch\/tr\/wp-json\/wp\/v2\/pages\/4395","targetHints":{"allow":["GET"]}}],"collection":[{"href":"https:\/\/medicaltravel.ch\/tr\/wp-json\/wp\/v2\/pages"}],"about":[{"href":"https:\/\/medicaltravel.ch\/tr\/wp-json\/wp\/v2\/types\/page"}],"author":[{"embeddable":true,"href":"https:\/\/medicaltravel.ch\/tr\/wp-json\/wp\/v2\/users\/4"}],"replies":[{"embeddable":true,"href":"https:\/\/medicaltravel.ch\/tr\/wp-json\/wp\/v2\/comments?post=4395"}],"version-history":[{"count":2,"href":"https:\/\/medicaltravel.ch\/tr\/wp-json\/wp\/v2\/pages\/4395\/revisions"}],"predecessor-version":[{"id":6541,"href":"https:\/\/medicaltravel.ch\/tr\/wp-json\/wp\/v2\/pages\/4395\/revisions\/6541"}],"up":[{"embeddable":true,"href":"https:\/\/medicaltravel.ch\/tr\/wp-json\/wp\/v2\/pages\/3223"}],"wp:attachment":[{"href":"https:\/\/medicaltravel.ch\/tr\/wp-json\/wp\/v2\/media?parent=4395"}],"curies":[{"name":"wp","href":"https:\/\/api.w.org\/{rel}","templated":true}]}}