{"id":4397,"date":"2025-09-24T08:15:46","date_gmt":"2025-09-24T07:15:46","guid":{"rendered":"https:\/\/medicaltravel.ch\/yasli-hastalarin-raporlari\/deneyim-raporu-lasik-istanbul-29-kasim-2006-carsamba-guenue-tarihli-rapor\/"},"modified":"2026-01-12T22:40:02","modified_gmt":"2026-01-12T21:40:02","slug":"deneyim-raporu-lasik-istanbul-29-kasim-2006-carsamba-guenue-tarihli-rapor","status":"publish","type":"page","link":"https:\/\/medicaltravel.ch\/tr\/hasta-raporlari\/yasli-hastalarin-raporlari\/deneyim-raporu-lasik-istanbul-29-kasim-2006-carsamba-guenue-tarihli-rapor\/","title":{"rendered":"Deneyim raporu LASIK \u0130STANBUL \u2013 29 Kas\u0131m 2006 \u00c7ar\u015famba g\u00fcn\u00fc tarihli rapor"},"content":{"rendered":"\n<h3 class=\"wp-block-heading\">Deneyim raporu LASIK \u0130STANBUL \u2013 29 Kas\u0131m 2006 \u00c7ar\u015famba g\u00fcn\u00fc tarihli rapor<\/h3>\n\n\n\n<p>Bunu, hastam\u0131z C. Eberli yazd\u0131.<\/p>\n\n\n\n<p>Alt\u0131 y\u0131l boyunca kontakt lens kulland\u0131m. Uzak g\u00f6r\u00fc\u015fl\u00fcy\u00fcm, yakla\u015f\u0131k -1.5 diyoptri. Bir\u00e7ok durumda lensler rahats\u0131z ediciydi, \u00f6zellikle r\u00fczgarda, dumanl\u0131 ortamlarda (\u00f6rne\u011fin diskolarda) ya da onlar\u0131 ak\u015fama kadar takt\u0131\u011f\u0131mda. G\u00f6zl\u00fck ise kozmetik sebeplerle benim i\u00e7in hi\u00e7bir zaman bir se\u00e7enek olmad\u0131.   <\/p>\n\n\n\n<p>Bir g\u00f6z doktoru, kontakt lensleri bu kadar s\u0131k kullanmaya devam edersem, y\u0131llar i\u00e7inde g\u00f6zlerim i\u00e7in iyi olmayaca\u011f\u0131n\u0131 s\u00f6yledi. Bunun \u00fczerine ba\u015fka se\u00e7enekler aramaya ba\u015flad\u0131m ve g\u00f6z lazer ameliyat\u0131na dikkatimi verdim. <\/p>\n\n\n\n<p>2006 y\u0131l\u0131nda Winterthur&#8217;da bir k\u0131sa test i\u00e7in gittim, bilgilendirme almak amac\u0131yla. Sonu\u00e7 olarak, ameliyat\u0131n benim i\u00e7in bir sorun olmayaca\u011f\u0131 ortaya \u00e7\u0131kt\u0131. Ancak, fiyat beni biraz \u015fok etti. Her iki g\u00f6z\u00fcm i\u00e7in 8000 CHF&#8217;ye kadar bir \u00fccret \u00e7\u0131k\u0131yordu. Bunu kar\u015f\u0131layamayacak durumdayd\u0131m. \u0130nternette, ba\u015fka \u00fclkelerde daha uygun fiyatl\u0131 se\u00e7enekler olup olmad\u0131\u011f\u0131n\u0131 ara\u015ft\u0131rd\u0131m.     <\/p>\n\n\n\n<p>2006 y\u0131l\u0131nda www.swisslasik.ch&#8217;yi buldum. Web sitesi \u00e7ok ho\u015fuma gitti \u00e7\u00fcnk\u00fc her \u015fey \u00e7ok profesyonel ve detayl\u0131 bir \u015fekilde a\u00e7\u0131klanm\u0131\u015ft\u0131. Hemen Bay Karaagacli-Leoni ile ileti\u015fime ge\u00e7tim. Bana, \u0130stanbul&#8217;a giderek g\u00f6z operasyonu yapt\u0131ran insanlar\u0131n say\u0131s\u0131n\u0131n artt\u0131\u011f\u0131n\u0131, \u00e7\u00fcnk\u00fc \u0130stanbul&#8217;un bu konuda tan\u0131nm\u0131\u015f oldu\u011funu ve \u00e7ok fazla deneyim kazand\u0131\u011f\u0131n\u0131 s\u00f6yledi. Ayr\u0131ca, baz\u0131 T\u00fcrkler&#8217;e de ne d\u00fc\u015f\u00fcnd\u00fcklerini sordum ve sadece olumlu geri d\u00f6n\u00fc\u015fler ald\u0131m. B\u00f6ylece Swisslasik&#8217;i tercih etmeye karar verdim.<br>Bay Karaagacli-Leoni her \u015feyi benim i\u00e7in organize etti: Z\u00fcrih&#8217;teki \u00f6n muayene, u\u00e7u\u015flar, otel, \u0130stanbul&#8217;da bir \u015fehir turu vb. S\u00f6zle\u015fmeyi imzalad\u0131ktan sonra bir Swisslasik kart\u0131 ald\u0131m. Bu kart, \u0130stanbul&#8217;daki seyahat ve konaklama i\u00e7in ihtiya\u00e7 duyaca\u011f\u0131m t\u00fcm bilgileri i\u00e7eriyordu.<br>Eyl\u00fcl 2006&#8217;da bir refakat\u00e7iyle \u0130stanbul&#8217;a u\u00e7tum. Havaliman\u0131nda, \u00e7ok dost\u00e7a kar\u015f\u0131layan ve bizi otele g\u00f6t\u00fcren Almanca konu\u015fan bir T\u00fcrk kad\u0131n taraf\u0131ndan al\u0131nd\u0131k. Daha uygun fiyatl\u0131 G\u00fcl Oteli&#8217;ni se\u00e7mi\u015ftik; basit, ama sahibi Almanca bilen ho\u015f bir oteldi.<br>Ertesi g\u00fcn tekrar al\u0131nd\u0131k ve \u015fehir turu yapmaya ba\u015flad\u0131k. \u0130stanbul&#8217;un merkezinde, Sultanahmet Camii, yeralt\u0131 sarn\u0131\u00e7lar\u0131 ve di\u011fer turistik yerleri gezdik. Ertesi g\u00fcn ise i\u015fimiz ba\u015flad\u0131. Taksiyle hastaneye g\u00f6t\u00fcr\u00fcld\u00fck. \u00d6n muayene yap\u0131ld\u0131, her \u015fey yeniden titizlikle kontrol edildi. Almanca-T\u00fcrk\u00e7e konu\u015fan refakat\u00e7im her \u015feyi bana terc\u00fcme etti, b\u00f6ylece doktorlarla rahat\u00e7a ileti\u015fim kurabildim. Lasek ameliyat\u0131n\u0131 yapmaya karar verdik.<br>Muayene sonras\u0131nda, ameliyata al\u0131nd\u0131m. G\u00f6zlerimi ameliyat eden doktor \u00e7ok sakin biriydi. Daha \u00f6nce bu t\u00fcr operasyonlar\u0131 bir\u00e7ok kez yapt\u0131\u011f\u0131n\u0131 fark ettim ve bu beni rahatlatt\u0131. \u0130lk olarak, y\u00fcz\u00fcme steril bir \u00f6rt\u00fc yerle\u015ftirildi ve g\u00f6zlerim dezenfekte edildi. Ard\u0131ndan, g\u00f6z kapaklar\u0131m k\u00fc\u00e7\u00fck bir cihazla a\u00e7\u0131ld\u0131 ve sabitlendi, b\u00f6ylece operasyon s\u0131ras\u0131nda g\u00f6zlerimi kapatamam\u0131\u015f oldum. Sonra &#8220;flap&#8221; denilen tabaka kald\u0131r\u0131ld\u0131 ve kenara al\u0131nd\u0131. Lazerle kornea dokusu yakla\u015f\u0131k 10 saniye i\u00e7inde al\u0131nd\u0131. T\u00fcm i\u015flem tamamen a\u011fr\u0131s\u0131z ve sorunsuzdu. \u0130kinci g\u00f6z de hemen ard\u0131ndan yap\u0131ld\u0131. Yakla\u015f\u0131k 20 dakika sonra, operasyon salonundan \u00e7\u0131kabildim. K\u0131sa bir kontrol ve ard\u0131ndan otelimize geri g\u00f6t\u00fcr\u00fcld\u00fck.<br>Ertesi g\u00fcn, ayn\u0131 hastanede ilk takip muayenesi yap\u0131ld\u0131. G\u00f6z damlas\u0131 ve a\u011fr\u0131 kesici ila\u00e7lar verildi. \u0130lk birka\u00e7 g\u00fcn hafif bir batma ve sulanma oldu. Ayr\u0131ca, operasyon sonras\u0131 ilk alt\u0131 g\u00fcn g\u00f6rme keskinli\u011fim olduk\u00e7a k\u00f6t\u00fcyd\u00fc. Bir hafta sonra ise g\u00f6rmem yava\u015f yava\u015f iyile\u015fmeye ba\u015flad\u0131. Z\u00fcrih&#8217;te, operasyon sonras\u0131 bir hafta ve d\u00f6rt hafta sonra olmak \u00fczere iki takip muayenesine gittim. Her \u015fey m\u00fckemmel bir \u015fekilde ger\u00e7ekle\u015fti. D\u00f6rt hafta sonra g\u00f6rmem olduk\u00e7a iyiye gitmi\u015fti.                                  Sadece karanl\u0131kta kontrast biraz ideal de\u011fildi, ancak bu normaldi. Z\u00fcrih&#8217;teki doktorum bana, nihai g\u00f6rme keskinli\u011fine yakla\u015f\u0131k 3 ay sonra ula\u015f\u0131laca\u011f\u0131n\u0131 a\u00e7\u0131klad\u0131.<br>Sonu\u00e7 olarak, bu operasyonu tekrar yapt\u0131raca\u011f\u0131m\u0131 kesinlikle s\u00f6yleyebilirim. G\u00f6rme yard\u0131mc\u0131 ara\u00e7lar\u0131ndan ba\u011f\u0131ms\u0131zl\u0131k, benim i\u00e7in \u00e7ok daha rahat bir ya\u015fam\u0131n ba\u015flang\u0131c\u0131 oldu. Swisslasik etraf\u0131ndaki t\u00fcm organizasyon \u00e7ok iyiydi. Bay Karaagacli-Leoni b\u00fcy\u00fck bir \u00f6zveriyle \u00e7al\u0131\u015ft\u0131 ve her zaman yan\u0131mdayd\u0131. Sonunda, bu s\u00fcre\u00e7 bana sadece 3000 \u0130svi\u00e7re frang\u0131na mal oldu.     <\/p>\n\n\n\n<p><\/p>\n\n\n\n<div class=\"wp-block-group is-layout-grid wp-container-core-group-is-layout-baef362d wp-block-group-is-layout-grid\">\n<p><a href=\"https:\/\/medicaltravel.at\/home\/agb\/\" data-type=\"page\" data-id=\"2191\" rel=\"nofollow noopener\" target=\"_blank\"><\/a><a href=\"https:\/\/medicaltravel.ch\/tr\/hasta-raporlari\/yasli-hastalarin-raporlari\/istanbulda-lasik-ameliyati-5-aralik-2006-sali-guenue-raporu\/\" data-type=\"link\" data-id=\"https:\/\/medicaltravel.ch\/tr\/hasta-raporlari\/yasli-hastalarin-raporlari\/istanbulda-lasik-ameliyati-5-aralik-2006-sali-guenue-raporu\/\">\u00d6nceki rapor<\/a><\/p>\n\n\n\n<p class=\"has-text-align-right wp-container-content-5e2576f9\"><\/p>\n<\/div>\n","protected":false},"excerpt":{"rendered":"<p>Deneyim raporu LASIK \u0130STANBUL \u2013 29 Kas\u0131m 2006 \u00c7ar\u015famba g\u00fcn\u00fc tarihli rapor Bunu, hastam\u0131z C. Eberli yazd\u0131. Alt\u0131 y\u0131l boyunca kontakt lens kulland\u0131m. Uzak g\u00f6r\u00fc\u015fl\u00fcy\u00fcm, yakla\u015f\u0131k -1.5 diyoptri. Bir\u00e7ok durumda lensler rahats\u0131z ediciydi, \u00f6zellikle r\u00fczgarda, dumanl\u0131 ortamlarda (\u00f6rne\u011fin diskolarda) ya da onlar\u0131 ak\u015fama kadar takt\u0131\u011f\u0131mda. G\u00f6zl\u00fck ise kozmetik sebeplerle benim i\u00e7in hi\u00e7bir zaman bir se\u00e7enek olmad\u0131. Bir g\u00f6z doktoru, kontakt lensleri bu kadar s\u0131k kullanmaya devam edersem, y\u0131llar i\u00e7inde g\u00f6zlerim i\u00e7in iyi olmayaca\u011f\u0131n\u0131 s\u00f6yledi. Bunun \u00fczerine ba\u015fka se\u00e7enekler aramaya ba\u015flad\u0131m ve g\u00f6z lazer ameliyat\u0131na dikkatimi verdim. 2006 y\u0131l\u0131nda Winterthur&#8217;da bir k\u0131sa test i\u00e7in gittim, bilgilendirme almak amac\u0131yla. Sonu\u00e7 olarak, ameliyat\u0131n benim i\u00e7in bir sorun olmayaca\u011f\u0131 ortaya \u00e7\u0131kt\u0131. Ancak, fiyat beni biraz \u015fok etti. Her iki g\u00f6z\u00fcm i\u00e7in 8000 CHF&#8217;ye kadar bir \u00fccret \u00e7\u0131k\u0131yordu. Bunu kar\u015f\u0131layamayacak durumdayd\u0131m. \u0130nternette, ba\u015fka \u00fclkelerde daha uygun fiyatl\u0131 se\u00e7enekler olup olmad\u0131\u011f\u0131n\u0131 ara\u015ft\u0131rd\u0131m. 2006 y\u0131l\u0131nda www.swisslasik.ch&#8217;yi buldum. Web sitesi \u00e7ok ho\u015fuma gitti \u00e7\u00fcnk\u00fc her \u015fey \u00e7ok profesyonel ve detayl\u0131 bir \u015fekilde a\u00e7\u0131klanm\u0131\u015ft\u0131. Hemen Bay Karaagacli-Leoni ile ileti\u015fime ge\u00e7tim. Bana, \u0130stanbul&#8217;a giderek g\u00f6z operasyonu yapt\u0131ran insanlar\u0131n say\u0131s\u0131n\u0131n artt\u0131\u011f\u0131n\u0131, \u00e7\u00fcnk\u00fc \u0130stanbul&#8217;un bu konuda tan\u0131nm\u0131\u015f oldu\u011funu ve \u00e7ok fazla deneyim kazand\u0131\u011f\u0131n\u0131 s\u00f6yledi. Ayr\u0131ca, baz\u0131 T\u00fcrkler&#8217;e de ne d\u00fc\u015f\u00fcnd\u00fcklerini sordum ve sadece olumlu geri d\u00f6n\u00fc\u015fler ald\u0131m. B\u00f6ylece Swisslasik&#8217;i tercih etmeye karar verdim.Bay Karaagacli-Leoni her \u015feyi benim i\u00e7in organize etti: Z\u00fcrih&#8217;teki \u00f6n muayene, u\u00e7u\u015flar, otel, \u0130stanbul&#8217;da bir \u015fehir turu vb. S\u00f6zle\u015fmeyi imzalad\u0131ktan sonra bir Swisslasik kart\u0131 ald\u0131m. Bu kart, \u0130stanbul&#8217;daki seyahat ve konaklama i\u00e7in ihtiya\u00e7 duyaca\u011f\u0131m t\u00fcm bilgileri i\u00e7eriyordu.Eyl\u00fcl 2006&#8217;da bir refakat\u00e7iyle \u0130stanbul&#8217;a u\u00e7tum. Havaliman\u0131nda, \u00e7ok dost\u00e7a kar\u015f\u0131layan ve bizi otele g\u00f6t\u00fcren Almanca konu\u015fan bir T\u00fcrk kad\u0131n taraf\u0131ndan al\u0131nd\u0131k. Daha uygun fiyatl\u0131 G\u00fcl Oteli&#8217;ni se\u00e7mi\u015ftik; basit, ama sahibi Almanca bilen ho\u015f bir oteldi.Ertesi g\u00fcn tekrar al\u0131nd\u0131k ve \u015fehir turu yapmaya ba\u015flad\u0131k. \u0130stanbul&#8217;un merkezinde, Sultanahmet Camii, yeralt\u0131 sarn\u0131\u00e7lar\u0131 ve di\u011fer turistik yerleri gezdik. Ertesi g\u00fcn ise i\u015fimiz ba\u015flad\u0131. Taksiyle hastaneye g\u00f6t\u00fcr\u00fcld\u00fck. \u00d6n muayene yap\u0131ld\u0131, her \u015fey yeniden titizlikle kontrol edildi. Almanca-T\u00fcrk\u00e7e konu\u015fan refakat\u00e7im her \u015feyi bana terc\u00fcme etti, b\u00f6ylece doktorlarla rahat\u00e7a ileti\u015fim kurabildim. Lasek ameliyat\u0131n\u0131 yapmaya karar verdik.Muayene sonras\u0131nda, ameliyata al\u0131nd\u0131m. G\u00f6zlerimi ameliyat eden doktor \u00e7ok sakin biriydi. Daha \u00f6nce bu t\u00fcr operasyonlar\u0131 bir\u00e7ok kez yapt\u0131\u011f\u0131n\u0131 fark ettim ve bu beni rahatlatt\u0131. \u0130lk olarak, y\u00fcz\u00fcme steril bir \u00f6rt\u00fc yerle\u015ftirildi ve g\u00f6zlerim dezenfekte edildi. Ard\u0131ndan, g\u00f6z kapaklar\u0131m k\u00fc\u00e7\u00fck bir cihazla a\u00e7\u0131ld\u0131 ve sabitlendi, b\u00f6ylece operasyon s\u0131ras\u0131nda g\u00f6zlerimi kapatamam\u0131\u015f oldum. Sonra &#8220;flap&#8221; denilen tabaka kald\u0131r\u0131ld\u0131 ve kenara al\u0131nd\u0131. Lazerle kornea dokusu yakla\u015f\u0131k 10 saniye i\u00e7inde al\u0131nd\u0131. T\u00fcm i\u015flem tamamen a\u011fr\u0131s\u0131z ve sorunsuzdu. \u0130kinci g\u00f6z de hemen ard\u0131ndan yap\u0131ld\u0131. Yakla\u015f\u0131k 20 dakika sonra, operasyon salonundan \u00e7\u0131kabildim. K\u0131sa bir kontrol ve ard\u0131ndan otelimize geri g\u00f6t\u00fcr\u00fcld\u00fck.Ertesi g\u00fcn, ayn\u0131 hastanede ilk takip muayenesi yap\u0131ld\u0131. G\u00f6z damlas\u0131 ve a\u011fr\u0131 kesici ila\u00e7lar verildi. \u0130lk birka\u00e7 g\u00fcn hafif bir batma ve sulanma oldu. Ayr\u0131ca, operasyon sonras\u0131 ilk alt\u0131 g\u00fcn g\u00f6rme keskinli\u011fim olduk\u00e7a k\u00f6t\u00fcyd\u00fc. Bir hafta sonra ise g\u00f6rmem yava\u015f yava\u015f iyile\u015fmeye ba\u015flad\u0131. Z\u00fcrih&#8217;te, operasyon sonras\u0131 bir hafta ve d\u00f6rt hafta sonra olmak \u00fczere iki takip muayenesine gittim. Her \u015fey m\u00fckemmel bir \u015fekilde ger\u00e7ekle\u015fti. D\u00f6rt hafta sonra g\u00f6rmem olduk\u00e7a iyiye gitmi\u015fti. Sadece karanl\u0131kta kontrast biraz ideal de\u011fildi, ancak bu normaldi. Z\u00fcrih&#8217;teki doktorum bana, nihai g\u00f6rme keskinli\u011fine yakla\u015f\u0131k 3 ay sonra ula\u015f\u0131laca\u011f\u0131n\u0131 a\u00e7\u0131klad\u0131.Sonu\u00e7 olarak, bu operasyonu tekrar yapt\u0131raca\u011f\u0131m\u0131 kesinlikle s\u00f6yleyebilirim. G\u00f6rme yard\u0131mc\u0131 ara\u00e7lar\u0131ndan ba\u011f\u0131ms\u0131zl\u0131k, benim i\u00e7in \u00e7ok daha rahat bir ya\u015fam\u0131n ba\u015flang\u0131c\u0131 oldu. Swisslasik etraf\u0131ndaki t\u00fcm organizasyon \u00e7ok iyiydi. Bay Karaagacli-Leoni b\u00fcy\u00fck bir \u00f6zveriyle \u00e7al\u0131\u015ft\u0131 ve her zaman yan\u0131mdayd\u0131. Sonunda, bu s\u00fcre\u00e7 bana sadece 3000 \u0130svi\u00e7re frang\u0131na mal oldu. \u00d6nceki rapor<\/p>\n","protected":false},"author":4,"featured_media":0,"parent":3223,"menu_order":0,"comment_status":"closed","ping_status":"closed","template":"","meta":{"_joinchat":[],"footnotes":""},"class_list":["post-4397","page","type-page","status-publish","hentry"],"acf":[],"_links":{"self":[{"href":"https:\/\/medicaltravel.ch\/tr\/wp-json\/wp\/v2\/pages\/4397","targetHints":{"allow":["GET"]}}],"collection":[{"href":"https:\/\/medicaltravel.ch\/tr\/wp-json\/wp\/v2\/pages"}],"about":[{"href":"https:\/\/medicaltravel.ch\/tr\/wp-json\/wp\/v2\/types\/page"}],"author":[{"embeddable":true,"href":"https:\/\/medicaltravel.ch\/tr\/wp-json\/wp\/v2\/users\/4"}],"replies":[{"embeddable":true,"href":"https:\/\/medicaltravel.ch\/tr\/wp-json\/wp\/v2\/comments?post=4397"}],"version-history":[{"count":2,"href":"https:\/\/medicaltravel.ch\/tr\/wp-json\/wp\/v2\/pages\/4397\/revisions"}],"predecessor-version":[{"id":6571,"href":"https:\/\/medicaltravel.ch\/tr\/wp-json\/wp\/v2\/pages\/4397\/revisions\/6571"}],"up":[{"embeddable":true,"href":"https:\/\/medicaltravel.ch\/tr\/wp-json\/wp\/v2\/pages\/3223"}],"wp:attachment":[{"href":"https:\/\/medicaltravel.ch\/tr\/wp-json\/wp\/v2\/media?parent=4397"}],"curies":[{"name":"wp","href":"https:\/\/api.w.org\/{rel}","templated":true}]}}