{"id":4401,"date":"2025-09-24T07:40:50","date_gmt":"2025-09-24T06:40:50","guid":{"rendered":"https:\/\/medicaltravel.ch\/yasli-hastalarin-raporlari\/istanbuldaki-ameliyatimla-ilgili-deneyim-raporu-4-temmuz-2008-cuma-guenue-tarihli-rapor\/"},"modified":"2026-01-12T21:40:09","modified_gmt":"2026-01-12T20:40:09","slug":"istanbuldaki-ameliyatimla-ilgili-deneyim-raporu-4-temmuz-2008-cuma-guenue-tarihli-rapor","status":"publish","type":"page","link":"https:\/\/medicaltravel.ch\/tr\/hasta-raporlari\/yasli-hastalarin-raporlari\/istanbuldaki-ameliyatimla-ilgili-deneyim-raporu-4-temmuz-2008-cuma-guenue-tarihli-rapor\/","title":{"rendered":"\u0130stanbul&#8217;daki ameliyat\u0131mla ilgili deneyim raporu \u2013 4 Temmuz 2008 Cuma g\u00fcn\u00fc tarihli rapor"},"content":{"rendered":"\n<h3 class=\"wp-block-heading\">\u0130stanbul&#8217;daki ameliyat\u0131mla ilgili deneyim raporu \u2013 4 Temmuz 2008 Cuma g\u00fcn\u00fc tarihli rapor<\/h3>\n\n\n\n<p>24 y\u0131l \u00f6nce her \u015fey ba\u015flad\u0131. \u0130lk g\u00f6zl\u00fc\u011f\u00fcm\u00fc ihtiyac\u0131m oldu ve g\u00f6zlerim her y\u0131l biraz daha k\u00f6t\u00fcle\u015fti, ta ki her iki g\u00f6z\u00fcmde -7.00 diyoptriye kadar. Ard\u0131ndan duraklama d\u00f6nemi geldi. \u0130lk \u00f6\u011frenci maa\u015f\u0131mla ilk kontakt lensimi ald\u0131m. Ancak bir s\u00fcre sonra lensleri art\u0131k kullanamaz oldum ve g\u00f6zl\u00fc\u011f\u00fc tekrar takmak zorunda kald\u0131m. Y\u0131llar sonra g\u00f6zlerimi lazerle d\u00fczeltmeyi d\u00fc\u015f\u00fcnd\u00fcm, ama fiyat\u0131 bana \u00e7ok pahal\u0131 geliyordu. \u0130ki y\u0131l \u00f6nce, karde\u015fim bana birka\u00e7 i\u015f arkada\u015f\u0131n\u0131n \u0130stanbul&#8217;da lazer ameliyat\u0131 yapt\u0131rd\u0131\u011f\u0131n\u0131 ve olduk\u00e7a memnun kald\u0131klar\u0131n\u0131 s\u00f6yledi. K\u0131sa bir s\u00fcre sonra, &#8220;Puls&#8221; program\u0131nda bununla ilgili bir haber yay\u0131mland\u0131 ve tabii ki b\u00fcy\u00fck bir ilgiyle izledim. Tesad\u00fcf eseri, bir arkada\u015f\u0131m ge\u00e7en y\u0131l \u0130stanbul&#8217;a gidip g\u00f6zlerini lazerle yapt\u0131rd\u0131. Onun raporunu dinledikten sonra, \u0130stanbul&#8217;a gitmeye karar verdim.         <\/p>\n\n\n\n<p>Z\u00fcrih&#8217;teki \u00f6n muayenede ameliyat i\u00e7in onay ald\u0131ktan sonra, 25 May\u0131s 2008&#8217;de \u0130stanbul&#8217;a u\u00e7tum. Havaliman\u0131nda, Birol taraf\u0131ndan \u00e7ok s\u0131cak bir \u015fekilde kar\u015f\u0131land\u0131m ve otele g\u00f6t\u00fcr\u00fcld\u00fcm. Ertesi sabah, Fred saat 11 civar\u0131nda beni otelden alarak direkt olarak klini\u011fe g\u00f6t\u00fcrd\u00fc. Klinikte de beni \u00e7ok samimi bir \u015fekilde kar\u015f\u0131lad\u0131lar ve her \u015feyi Almanca olarak a\u00e7\u0131klad\u0131lar. \u00d6n muayene \u00e7ok h\u0131zl\u0131 bir \u015fekilde yap\u0131ld\u0131 ve saat 13:00&#8217;te, ameliyat i\u00e7in hi\u00e7bir engel olmad\u0131\u011f\u0131 s\u00f6ylendi. \u015eimdi biraz yemek yemem gerekti\u011fi s\u00f6ylendi ve ameliyat 16:00&#8217;ya planland\u0131. G\u00f6zlerim, g\u00f6zbebeklerimi b\u00fcy\u00fcten damlalardan dolay\u0131 hala \u00e7ok \u0131\u015f\u0131\u011fa duyarl\u0131yd\u0131, bu y\u00fczden \u00f6nce otele d\u00f6n\u00fcp biraz dinlenmeye karar verdim. Bir s\u00fcre sonra yemek yemeye gittim ve sonra tekrar Eyestar Klini\u011fi&#8217;ne geldim. O zamanlar ger\u00e7ekten \u00e7ok heyecanlanm\u0131\u015ft\u0131m. Eyestar Klinik \u00e7al\u0131\u015fan\u0131 bana bir sakinle\u015ftirici hap verdi\u011finde ger\u00e7ekten rahatlad\u0131m. K\u0131sa bir s\u00fcre sonra, bir kat yukar\u0131 \u00e7\u0131kt\u0131k. O zaman fark ettim ki, art\u0131k \u0131\u015f\u0131k yoktu, yani elektrik kesintisi olmu\u015ftu. Ancak, \u00e7al\u0131\u015fan bana sakinle\u015ftirici bir \u015fekilde, operasyon odas\u0131nda bir jenerat\u00f6rlerinin oldu\u011funu ve b\u00f6yle riskleri d\u0131\u015flamak i\u00e7in buna sahip olduklar\u0131n\u0131 s\u00f6yledi. \u00dcst kata vard\u0131\u011f\u0131m\u0131zda, ba\u015f\u0131ma bir \u00f6rt\u00fc ve v\u00fccuda bir \u00f6rt\u00fc giymemi s\u00f6ylediler. Sonras\u0131nda, y\u00fcz\u00fcm\u00fc dezenfekte etmek i\u00e7in bir masaj koltu\u011funa oturdum. Ard\u0131ndan i\u015flem ba\u015flad\u0131. G\u00f6zl\u00fcks\u00fcz olarak lazer cihaz\u0131na y\u00f6nlendirildim ve uzanarak i\u015flemi bekledim. \u00c7al\u0131\u015fan, doktorun yapt\u0131\u011f\u0131 her ad\u0131m\u0131 Almanca olarak a\u00e7\u0131klad\u0131. \u015ea\u015f\u0131rt\u0131c\u0131 bir \u015fekilde, operasyon s\u0131ras\u0131nda \u00e7ok fazla bir \u015fey hissetmedim. Tek rahats\u0131zl\u0131k veren \u015fey g\u00f6z\u00fcn y\u0131kamas\u0131 ve kurumas\u0131yd\u0131. Yani, kesinlikle a\u011fr\u0131 hissetmedim! Ameliyat \u00e7ok h\u0131zl\u0131 ge\u00e7ti ve masadan kalkt\u0131\u011f\u0131mda, her \u015feyi \u00e7ok net g\u00f6rebildi\u011fimi fark ettim. Beni b\u00fcy\u00fck bir yatakl\u0131 koltu\u011fa g\u00f6t\u00fcrd\u00fcler, burada karanl\u0131kta biraz m\u00fczik dinleyip rahatlayabildim. K\u0131sa bir s\u00fcre sonra beni ald\u0131lar ve alt kata indirdiler. G\u00f6zlerim \u00e7ok \u0131\u015f\u0131\u011fa duyarl\u0131 oldu\u011fu i\u00e7in hemen g\u00fcne\u015f g\u00f6zl\u00fc\u011f\u00fcm\u00fc takt\u0131m. Ard\u0131ndan, bir takip muayenesi yap\u0131ld\u0131 ve her \u015feyin yolunda oldu\u011fu s\u00f6ylendi. O zaman otel odas\u0131na geri d\u00f6nd\u00fcm ve uyumaya gittim. G\u00f6zlerim sadece sulan\u0131yordu, ama kesinlikle hi\u00e7bir a\u011fr\u0131 hissetmedim. Ertesi sabah uyand\u0131\u011f\u0131mda, her \u015feyi ne kadar net g\u00f6rebildi\u011fime \u00e7ok mutlu oldum. Ard\u0131ndan, tekrar klini\u011fe gidip bir takip muayenesi yap\u0131ld\u0131. Doktor g\u00f6zlerimden \u00e7ok memnun oldu\u011funu s\u00f6yledi. \u015eu anda g\u00f6zl\u00fcklerim olmadan g\u00f6rme de\u011ferlerim + seviyesindeydi. Ancak bunlar zamanla de\u011fi\u015fecek ve doktor sonunda -0.50 diyoptriye d\u00fc\u015fece\u011fimi s\u00f6yledi. Yani art\u0131k g\u00f6zl\u00fc\u011fe ihtiyac\u0131m olmayacak! G\u00fcl\u00fcmseme \ud83d\ude42 Sonunda, Birol beni alarak havaliman\u0131na g\u00f6t\u00fcrd\u00fc.                                   <\/p>\n\n\n\n<p>Ameliyat\u0131m\u0131n \u00fczerinden 9 g\u00fcn ge\u00e7ti ve h\u00e2l\u00e2 \u00e7ok iyi hissediyorum. Art\u0131k g\u00f6zl\u00fck veya lens olmadan yeni hayat\u0131m\u0131n tad\u0131n\u0131 \u00e7\u0131kar\u0131yorum. Bu operasyonu \u0130stanbul&#8217;da herkese kesinlikle tavsiye ederim. \u0130stanbul ya da T\u00fcrkiye hakk\u0131nda kesinlikle korkman\u0131za gerek yok. Swisslasik.ch ve Eyestar Klinik&#8217;teki bak\u0131m ger\u00e7ekten m\u00fckemmel!    <\/p>\n\n\n\n<p>\u0130stanbul&#8217;daki ekibe ve Swisslasik.ch&#8217;den Bay Serdar Karaagacli-Leoni&#8217;ye \u00e7ok te\u015fekk\u00fcr ederim.<\/p>\n\n\n\n<p>Daniela M\u00e4chler-Broger<\/p>\n\n\n\n<div class=\"wp-block-group is-layout-grid wp-container-core-group-is-layout-baef362d wp-block-group-is-layout-grid\">\n<p><a href=\"https:\/\/medicaltravel.at\/home\/agb\/\" data-type=\"page\" data-id=\"2191\" rel=\"nofollow noopener\" target=\"_blank\"><\/a><a href=\"https:\/\/medicaltravel.ch\/tr\/hasta-raporlari\/yasli-hastalarin-raporlari\/goez-lazer-tedavisi-paket-fiyati-9-agustos-2008-cumartesi-tarihli-haber\/\" data-type=\"link\" data-id=\"https:\/\/medicaltravel.ch\/tr\/hasta-raporlari\/yasli-hastalarin-raporlari\/goez-lazer-tedavisi-paket-fiyati-9-agustos-2008-cumartesi-tarihli-haber\/\">\u00d6nceki rapor<\/a><\/p>\n\n\n\n<p class=\"has-text-align-right wp-container-content-5e2576f9\"><a href=\"https:\/\/medicaltravel.at\/home\/impressum\/\" data-type=\"page\" data-id=\"2193\" rel=\"nofollow noopener\" target=\"_blank\"><\/a><a href=\"https:\/\/medicaltravel.at\/home\/berichte-von-patienten\/erfahrungsberichte\/erfahrungsbericht-zahnbehandlung-in-istanbul\/\" data-type=\"page\" data-id=\"981\" rel=\"nofollow noopener\" target=\"_blank\"><\/a><a href=\"https:\/\/medicaltravel.ch\/tr\/hasta-raporlari\/yasli-hastalarin-raporlari\/deneyim-raporum-lasik-istanbul-28-mayis-2008-carsamba-guenue-tarihli-rapor\/\" data-type=\"link\" data-id=\"https:\/\/medicaltravel.ch\/tr\/hasta-raporlari\/yasli-hastalarin-raporlari\/deneyim-raporum-lasik-istanbul-28-mayis-2008-carsamba-guenue-tarihli-rapor\/\">Bir sonraki rapor<\/a><\/p>\n<\/div>\n","protected":false},"excerpt":{"rendered":"<p>\u0130stanbul&#8217;daki ameliyat\u0131mla ilgili deneyim raporu \u2013 4 Temmuz 2008 Cuma g\u00fcn\u00fc tarihli rapor 24 y\u0131l \u00f6nce her \u015fey ba\u015flad\u0131. \u0130lk g\u00f6zl\u00fc\u011f\u00fcm\u00fc ihtiyac\u0131m oldu ve g\u00f6zlerim her y\u0131l biraz daha k\u00f6t\u00fcle\u015fti, ta ki her iki g\u00f6z\u00fcmde -7.00 diyoptriye kadar. Ard\u0131ndan duraklama d\u00f6nemi geldi. \u0130lk \u00f6\u011frenci maa\u015f\u0131mla ilk kontakt lensimi ald\u0131m. Ancak bir s\u00fcre sonra lensleri art\u0131k kullanamaz oldum ve g\u00f6zl\u00fc\u011f\u00fc tekrar takmak zorunda kald\u0131m. Y\u0131llar sonra g\u00f6zlerimi lazerle d\u00fczeltmeyi d\u00fc\u015f\u00fcnd\u00fcm, ama fiyat\u0131 bana \u00e7ok pahal\u0131 geliyordu. \u0130ki y\u0131l \u00f6nce, karde\u015fim bana birka\u00e7 i\u015f arkada\u015f\u0131n\u0131n \u0130stanbul&#8217;da lazer ameliyat\u0131 yapt\u0131rd\u0131\u011f\u0131n\u0131 ve olduk\u00e7a memnun kald\u0131klar\u0131n\u0131 s\u00f6yledi. K\u0131sa bir s\u00fcre sonra, &#8220;Puls&#8221; program\u0131nda bununla ilgili bir haber yay\u0131mland\u0131 ve tabii ki b\u00fcy\u00fck bir ilgiyle izledim. Tesad\u00fcf eseri, bir arkada\u015f\u0131m ge\u00e7en y\u0131l \u0130stanbul&#8217;a gidip g\u00f6zlerini lazerle yapt\u0131rd\u0131. Onun raporunu dinledikten sonra, \u0130stanbul&#8217;a gitmeye karar verdim. Z\u00fcrih&#8217;teki \u00f6n muayenede ameliyat i\u00e7in onay ald\u0131ktan sonra, 25 May\u0131s 2008&#8217;de \u0130stanbul&#8217;a u\u00e7tum. Havaliman\u0131nda, Birol taraf\u0131ndan \u00e7ok s\u0131cak bir \u015fekilde kar\u015f\u0131land\u0131m ve otele g\u00f6t\u00fcr\u00fcld\u00fcm. Ertesi sabah, Fred saat 11 civar\u0131nda beni otelden alarak direkt olarak klini\u011fe g\u00f6t\u00fcrd\u00fc. Klinikte de beni \u00e7ok samimi bir \u015fekilde kar\u015f\u0131lad\u0131lar ve her \u015feyi Almanca olarak a\u00e7\u0131klad\u0131lar. \u00d6n muayene \u00e7ok h\u0131zl\u0131 bir \u015fekilde yap\u0131ld\u0131 ve saat 13:00&#8217;te, ameliyat i\u00e7in hi\u00e7bir engel olmad\u0131\u011f\u0131 s\u00f6ylendi. \u015eimdi biraz yemek yemem gerekti\u011fi s\u00f6ylendi ve ameliyat 16:00&#8217;ya planland\u0131. G\u00f6zlerim, g\u00f6zbebeklerimi b\u00fcy\u00fcten damlalardan dolay\u0131 hala \u00e7ok \u0131\u015f\u0131\u011fa duyarl\u0131yd\u0131, bu y\u00fczden \u00f6nce otele d\u00f6n\u00fcp biraz dinlenmeye karar verdim. Bir s\u00fcre sonra yemek yemeye gittim ve sonra tekrar Eyestar Klini\u011fi&#8217;ne geldim. O zamanlar ger\u00e7ekten \u00e7ok heyecanlanm\u0131\u015ft\u0131m. Eyestar Klinik \u00e7al\u0131\u015fan\u0131 bana bir sakinle\u015ftirici hap verdi\u011finde ger\u00e7ekten rahatlad\u0131m. K\u0131sa bir s\u00fcre sonra, bir kat yukar\u0131 \u00e7\u0131kt\u0131k. O zaman fark ettim ki, art\u0131k \u0131\u015f\u0131k yoktu, yani elektrik kesintisi olmu\u015ftu. Ancak, \u00e7al\u0131\u015fan bana sakinle\u015ftirici bir \u015fekilde, operasyon odas\u0131nda bir jenerat\u00f6rlerinin oldu\u011funu ve b\u00f6yle riskleri d\u0131\u015flamak i\u00e7in buna sahip olduklar\u0131n\u0131 s\u00f6yledi. \u00dcst kata vard\u0131\u011f\u0131m\u0131zda, ba\u015f\u0131ma bir \u00f6rt\u00fc ve v\u00fccuda bir \u00f6rt\u00fc giymemi s\u00f6ylediler. Sonras\u0131nda, y\u00fcz\u00fcm\u00fc dezenfekte etmek i\u00e7in bir masaj koltu\u011funa oturdum. Ard\u0131ndan i\u015flem ba\u015flad\u0131. G\u00f6zl\u00fcks\u00fcz olarak lazer cihaz\u0131na y\u00f6nlendirildim ve uzanarak i\u015flemi bekledim. \u00c7al\u0131\u015fan, doktorun yapt\u0131\u011f\u0131 her ad\u0131m\u0131 Almanca olarak a\u00e7\u0131klad\u0131. \u015ea\u015f\u0131rt\u0131c\u0131 bir \u015fekilde, operasyon s\u0131ras\u0131nda \u00e7ok fazla bir \u015fey hissetmedim. Tek rahats\u0131zl\u0131k veren \u015fey g\u00f6z\u00fcn y\u0131kamas\u0131 ve kurumas\u0131yd\u0131. Yani, kesinlikle a\u011fr\u0131 hissetmedim! Ameliyat \u00e7ok h\u0131zl\u0131 ge\u00e7ti ve masadan kalkt\u0131\u011f\u0131mda, her \u015feyi \u00e7ok net g\u00f6rebildi\u011fimi fark ettim. Beni b\u00fcy\u00fck bir yatakl\u0131 koltu\u011fa g\u00f6t\u00fcrd\u00fcler, burada karanl\u0131kta biraz m\u00fczik dinleyip rahatlayabildim. K\u0131sa bir s\u00fcre sonra beni ald\u0131lar ve alt kata indirdiler. G\u00f6zlerim \u00e7ok \u0131\u015f\u0131\u011fa duyarl\u0131 oldu\u011fu i\u00e7in hemen g\u00fcne\u015f g\u00f6zl\u00fc\u011f\u00fcm\u00fc takt\u0131m. Ard\u0131ndan, bir takip muayenesi yap\u0131ld\u0131 ve her \u015feyin yolunda oldu\u011fu s\u00f6ylendi. O zaman otel odas\u0131na geri d\u00f6nd\u00fcm ve uyumaya gittim. G\u00f6zlerim sadece sulan\u0131yordu, ama kesinlikle hi\u00e7bir a\u011fr\u0131 hissetmedim. Ertesi sabah uyand\u0131\u011f\u0131mda, her \u015feyi ne kadar net g\u00f6rebildi\u011fime \u00e7ok mutlu oldum. Ard\u0131ndan, tekrar klini\u011fe gidip bir takip muayenesi yap\u0131ld\u0131. Doktor g\u00f6zlerimden \u00e7ok memnun oldu\u011funu s\u00f6yledi. \u015eu anda g\u00f6zl\u00fcklerim olmadan g\u00f6rme de\u011ferlerim + seviyesindeydi. Ancak bunlar zamanla de\u011fi\u015fecek ve doktor sonunda -0.50 diyoptriye d\u00fc\u015fece\u011fimi s\u00f6yledi. Yani art\u0131k g\u00f6zl\u00fc\u011fe ihtiyac\u0131m olmayacak! G\u00fcl\u00fcmseme \ud83d\ude42 Sonunda, Birol beni alarak havaliman\u0131na g\u00f6t\u00fcrd\u00fc. Ameliyat\u0131m\u0131n \u00fczerinden 9 g\u00fcn ge\u00e7ti ve h\u00e2l\u00e2 \u00e7ok iyi hissediyorum. Art\u0131k g\u00f6zl\u00fck veya lens olmadan yeni hayat\u0131m\u0131n tad\u0131n\u0131 \u00e7\u0131kar\u0131yorum. Bu operasyonu \u0130stanbul&#8217;da herkese kesinlikle tavsiye ederim. \u0130stanbul ya da T\u00fcrkiye hakk\u0131nda kesinlikle korkman\u0131za gerek yok. Swisslasik.ch ve Eyestar Klinik&#8217;teki bak\u0131m ger\u00e7ekten m\u00fckemmel! \u0130stanbul&#8217;daki ekibe ve Swisslasik.ch&#8217;den Bay Serdar Karaagacli-Leoni&#8217;ye \u00e7ok te\u015fekk\u00fcr ederim. Daniela M\u00e4chler-Broger \u00d6nceki rapor Bir sonraki rapor<\/p>\n","protected":false},"author":4,"featured_media":0,"parent":3223,"menu_order":0,"comment_status":"closed","ping_status":"closed","template":"","meta":{"_joinchat":[],"footnotes":""},"class_list":["post-4401","page","type-page","status-publish","hentry"],"acf":[],"_links":{"self":[{"href":"https:\/\/medicaltravel.ch\/tr\/wp-json\/wp\/v2\/pages\/4401","targetHints":{"allow":["GET"]}}],"collection":[{"href":"https:\/\/medicaltravel.ch\/tr\/wp-json\/wp\/v2\/pages"}],"about":[{"href":"https:\/\/medicaltravel.ch\/tr\/wp-json\/wp\/v2\/types\/page"}],"author":[{"embeddable":true,"href":"https:\/\/medicaltravel.ch\/tr\/wp-json\/wp\/v2\/users\/4"}],"replies":[{"embeddable":true,"href":"https:\/\/medicaltravel.ch\/tr\/wp-json\/wp\/v2\/comments?post=4401"}],"version-history":[{"count":0,"href":"https:\/\/medicaltravel.ch\/tr\/wp-json\/wp\/v2\/pages\/4401\/revisions"}],"up":[{"embeddable":true,"href":"https:\/\/medicaltravel.ch\/tr\/wp-json\/wp\/v2\/pages\/3223"}],"wp:attachment":[{"href":"https:\/\/medicaltravel.ch\/tr\/wp-json\/wp\/v2\/media?parent=4401"}],"curies":[{"name":"wp","href":"https:\/\/api.w.org\/{rel}","templated":true}]}}