{"id":4403,"date":"2025-09-24T07:54:17","date_gmt":"2025-09-24T06:54:17","guid":{"rendered":"https:\/\/medicaltravel.ch\/yasli-hastalarin-raporlari\/lasik-ameliyatimla-ilgili-deneyim-raporu-5-ocak-2008-cumartesi-tarihli-rapor\/"},"modified":"2026-01-12T21:53:29","modified_gmt":"2026-01-12T20:53:29","slug":"lasik-ameliyatimla-ilgili-deneyim-raporu-5-ocak-2008-cumartesi-tarihli-rapor","status":"publish","type":"page","link":"https:\/\/medicaltravel.ch\/tr\/hasta-raporlari\/yasli-hastalarin-raporlari\/lasik-ameliyatimla-ilgili-deneyim-raporu-5-ocak-2008-cumartesi-tarihli-rapor\/","title":{"rendered":"LASIK ameliyat\u0131mla ilgili deneyim raporu \u2013 5 Ocak 2008 Cumartesi tarihli rapor"},"content":{"rendered":"\n<h3 class=\"wp-block-heading\">LASIK ameliyat\u0131mla ilgili deneyim raporu \u2013 5 Ocak 2008 Cumartesi tarihli rapor<\/h3>\n\n\n\n<p>Sehr geehrter Herr Karaagacli-Leoni, wie kann ich Ihnen behilflich sein?<\/p>\n\n\n\n<p>Yakla\u015f\u0131k 11 ay sonra, \u0130stanbul&#8217;daki EyeSTAR Klinik&#8217;te her iki g\u00f6z\u00fcmdeki ba\u015far\u0131l\u0131 LASIK ameliyat\u0131m\u0131n ard\u0131ndan nihayet deneyim raporumu size g\u00f6nderiyorum.<\/p>\n\n\n\n<p>\u0130lk olarak, operasyon sonucundan son derece memnun oldu\u011fumu belirtmek isterim. Bir g\u00f6z\u00fcmdeki g\u00f6rme kusuru %100 oran\u0131nda d\u00fczeltilmi\u015fken, di\u011fer g\u00f6z\u00fcmde ise yakla\u015f\u0131k %99 oran\u0131nda bir d\u00fczelme sa\u011fland\u0131. \u0130kinci g\u00f6zdeki %100 ba\u015far\u0131ya ula\u015famama durumu ise g\u00f6z\u00fcn do\u011fas\u0131nda bulunan g\u00f6rme bozuklu\u011fundan kaynaklan\u0131yordu. Operasyonun sonucu, beklentilerimin \u00e7ok \u00f6tesindeydi ve bug\u00fcn g\u00f6zl\u00fck kullanmadan, ister uzak ister yak\u0131n olsun, her \u015feyi net bir \u015fekilde g\u00f6rebiliyorum.   <\/p>\n\n\n\n<p>Ameliyat sonras\u0131 iyile\u015fme s\u00fcreci, swisslasik ve EyeSTAR Klinik&#8217;in a\u00e7\u0131klamalar\u0131na olduk\u00e7a uygun \u015fekilde ilerledi. Ameliyat\u0131n hemen ard\u0131ndan g\u00f6rme yetene\u011fim belirgin \u015fekilde daha iyi hale geldi ve g\u00f6zl\u00fc\u011f\u00fc kullanmaktan vazge\u00e7ebildim. Ard\u0131ndan, EyeSTAR Klinik&#8217;in verdi\u011fi talimatlara harfiyen uydum, g\u00f6zlerimi re\u00e7eteli ila\u00e7lar ve damlalarla tedavi ettim ve g\u00f6zlerin m\u00fcmk\u00fcn oldu\u011funca az yorulmas\u0131n\u0131 sa\u011flad\u0131m (s\u00fcrekli ovu\u015fturmak, su, toz vb. temaslardan ka\u00e7\u0131nd\u0131m). \u0130svi\u00e7re&#8217;ye d\u00f6nd\u00fckten sonra, swisslasik&#8217;in tavsiye etti\u011fi d\u00f6rt takip muayenesini d\u00fczenli olarak yapt\u0131rd\u0131m ve hi\u00e7bir komplikasyon ya\u015fanmad\u0131. \u015eu anda ara s\u0131ra kuru g\u00f6zler i\u00e7in damla kullanmam gerekiyor, ama bu bir sorun de\u011fil. \u00d6zetle, her \u015fey son derece memnuniyet verici bir \u015fekilde ger\u00e7ekle\u015fti. Swisslasik ve \u0130stanbul&#8217;daki EyeSTAR Klinik ekibine \u00e7ok te\u015fekk\u00fcr ederim.      <\/p>\n\n\n\n<p>2007&#8217;nin sonunda g\u00f6zlerimi lazerle ameliyat ettirmeyi d\u00fc\u015f\u00fcnd\u00fcm, b\u00f6ylece gelecekte g\u00f6zl\u00fck kullanmaktan kurtulabilecektim. \u0130lk olarak g\u00f6z doktoruma lazer ameliyat\u0131n\u0131n m\u00fcmk\u00fcn olup olmad\u0131\u011f\u0131n\u0131 sordum, ard\u0131ndan lazer ameliyatlar\u0131yla ilgili teklifleri internet \u00fczerinden ara\u015ft\u0131rd\u0131m. Farkl\u0131 teklifler ald\u0131ktan sonra, g\u00f6zlerimi swisslasik ile \u0130stanbul&#8217;daki EyeSTAR Klinik&#8217;te ameliyat ettirmeye karar verdim. Benim i\u00e7in belirleyici olan fakt\u00f6rler; swisslasik&#8217;in sa\u011flad\u0131\u011f\u0131 kompetan bilgi (www.swisslasik.ch), referanslar, \u0130stanbul&#8217;daki EyeSTAR Klinik&#8217;in profesyonel izlenimi (www.lasikinistanbul.com), operasyon ve seyahatin tek bir elde m\u00fckemmel \u015fekilde organize edilmesi, partnerimle birlikte verilen destek ve nihayetinde fiyat oldu.    <\/p>\n\n\n\n<p>Swisslasik&#8217;in istedi\u011fi \u00f6n muayeneyi g\u00f6z doktorumdan ald\u0131ktan ve lazer ameliyat\u0131n\u0131n yap\u0131labilirli\u011fi onayland\u0131ktan sonra, swisslasik ile s\u00f6zle\u015fme imzalad\u0131m. Bay Karaagacli-Leoni&#8217;nin m\u00fckemmel organizasyonu sayesinde, ben ve e\u015fim bir per\u015fembe sabah\u0131 Z\u00fcrih&#8217;ten \u0130stanbul&#8217;a u\u00e7tuk. \u00d6\u011fleden sonra \u0130stanbul&#8217;a indi\u011fimizde, klinikten bir Almanca konu\u015fan \u00e7al\u0131\u015fan\u0131m\u0131z havaliman\u0131nda bizi kar\u015f\u0131lad\u0131 ve direkt olarak EyeStar Klinik&#8217;e g\u00f6t\u00fcrd\u00fc. Yolculuk s\u0131ras\u0131nda \u0130stanbul hakk\u0131nda ilk ilgin\u00e7 izlenimlerimizi almaya ba\u015flad\u0131k. EyeStar Klinik&#8217;e vard\u0131\u011f\u0131m\u0131zda, mevcut ekip taraf\u0131ndan \u00e7ok samimi bir \u015fekilde kar\u015f\u0131land\u0131k ve bize ho\u015f bir \u00e7ay ikram edildi. Klinik, hasta ile m\u00fcmk\u00fcn olan en iyi \u015fekilde ileti\u015fim kurmaya b\u00fcy\u00fck \u00f6nem veriyordu. Bizim durumumuzda, bir \u00e7al\u0131\u015fan\u0131m\u0131z\u0131n \u0130svi\u00e7re Almancas\u0131 konu\u015fmas\u0131 ger\u00e7ekten takdir edilesiydi. Kay\u0131t i\u015flemleri tamamland\u0131ktan sonra, i\u015flem s\u00fcreci bize ayr\u0131nt\u0131l\u0131 bir \u015fekilde a\u00e7\u0131kland\u0131. Olumlu ge\u00e7en \u00f6n muayenelerimden sonra, hemen ameliyat i\u00e7in haz\u0131rlanmaya ba\u015flad\u0131m ve s\u00fcre\u00e7 hakk\u0131nda s\u00fcrekli bilgilendirildim. Haz\u0131rl\u0131klar\u0131m tamamland\u0131\u011f\u0131nda, bir ge\u00e7i\u015f kap\u0131s\u0131ndan aseptik ameliyat odas\u0131na ge\u00e7tim ve burada, Dr. Cezmi KAHVEC\u0130O\u011eLU&#8217;nun liderli\u011findeki operasyon ekibi taraf\u0131ndan profesyonel ve a\u011fr\u0131s\u0131z bir \u015fekilde ameliyat\u0131m ger\u00e7ekle\u015ftirildi. E\u015fim, ameliyat\u0131 bir pencere ve ekrandan izleme f\u0131rsat\u0131 buldu. Ameliyat sonras\u0131 hemen bir takip muayenesi yap\u0131ld\u0131 ve olumlu bir sonu\u00e7 al\u0131nd\u0131.            <\/p>\n\n\n\n<p>Gerekli ila\u00e7larla ve tam olarak bilgilendirilmi\u015f bir \u015fekilde, saat 19:00&#8217;da yak\u0131ndaki otele g\u00f6t\u00fcr\u00fcld\u00fck. Bir geceyi rahat bir \u015fekilde uyuyarak ge\u00e7irdik ve sabah kahvalt\u0131s\u0131n\u0131 yapt\u0131ktan sonra, ertesi sabah saat 09:30&#8217;da ilk kontrol muayenesi yap\u0131ld\u0131. Muayene ba\u015far\u0131l\u0131 bir ameliyat oldu\u011funu onaylad\u0131. Olas\u0131 komplikasyon durumunda hemen geri d\u00f6nmemiz gerekti\u011fi hat\u0131rlat\u0131ld\u0131 ve ard\u0131ndan taburcu olduk. \u0130stanbul&#8217;u y\u00fcr\u00fcyerek ve tramvayla ke\u015ffetmeye ba\u015flad\u0131k. \u0130stanbul&#8217;da bir g\u00fcn daha ge\u00e7irdikten sonra, pazar sabah\u0131 mutlu ve memnun bir \u015fekilde \u0130svi\u00e7re&#8217;ye d\u00f6nd\u00fck.    <\/p>\n\n\n\n<p>\u0130stanbul&#8217;daki EyeStar Klinik&#8217;ten ald\u0131\u011f\u0131m\u0131z izlenim \u00e7ok profesyonel ve son derece yetkin bir \u015fekilde oldu. Klinik, teknik a\u00e7\u0131dan en son standartlara uygun \u015fekilde donat\u0131lm\u0131\u015ft\u0131 ve temizlik ile hijyen, bir g\u00f6z klini\u011finden beklenen t\u00fcm gereksinimleri kar\u015f\u0131l\u0131yordu. T\u00fcm doktorlar ve \u00e7al\u0131\u015fanlar son derece yetkin, yard\u0131msever ve samimiydi, ekibe tam anlam\u0131yla g\u00fcvenimiz tamd\u0131. EyeStar Klinik&#8217;i g\u00f6n\u00fcl rahatl\u0131\u011f\u0131yla herkese tavsiye edebiliriz.  <\/p>\n\n\n\n<p>Bu noktada, EyeStar Klinik ekibine \u00e7ok iyi, \u00e7ok dost\u00e7a ve son derece yard\u0131msever tedavi ve ilgilerinden dolay\u0131 tekrar i\u00e7tenlikle te\u015fekk\u00fcr ederiz.<\/p>\n\n\n\n<p>Te\u015fekk\u00fcr ederim.<\/p>\n\n\n\n<p>Geovanna ve Hanspeter Gsell-Arenas<\/p>\n\n\n\n<div class=\"wp-block-group is-layout-grid wp-container-core-group-is-layout-baef362d wp-block-group-is-layout-grid\">\n<p><a href=\"https:\/\/medicaltravel.at\/home\/agb\/\" data-type=\"page\" data-id=\"2191\" rel=\"nofollow noopener\" target=\"_blank\"><\/a><a href=\"https:\/\/medicaltravel.ch\/tr\/hasta-raporlari\/yasli-hastalarin-raporlari\/istanbuldaki-lasik-ameliyatimiz-6-mart-2008-persembe-guenue-raporu\/\" data-type=\"link\" data-id=\"https:\/\/medicaltravel.ch\/tr\/hasta-raporlari\/yasli-hastalarin-raporlari\/istanbuldaki-lasik-ameliyatimiz-6-mart-2008-persembe-guenue-raporu\/\">\u00d6nceki rapor<\/a><\/p>\n\n\n\n<p class=\"has-text-align-right wp-container-content-5e2576f9\"><a href=\"https:\/\/medicaltravel.at\/home\/impressum\/\" data-type=\"page\" data-id=\"2193\" rel=\"nofollow noopener\" target=\"_blank\"><\/a><a href=\"https:\/\/medicaltravel.at\/home\/berichte-von-patienten\/erfahrungsberichte\/erfahrungsbericht-zahnbehandlung-in-istanbul\/\" data-type=\"page\" data-id=\"981\" rel=\"nofollow noopener\" target=\"_blank\"><\/a><a href=\"https:\/\/medicaltravel.ch\/tr\/hasta-raporlari\/yasli-hastalarin-raporlari\/aralik-ayinda-tuerkiyede-gecirdigim-lasik-ameliyati-4-ocak-2008-cuma-guenue-tarihli-rapor\/\" data-type=\"link\" data-id=\"https:\/\/medicaltravel.ch\/tr\/hasta-raporlari\/yasli-hastalarin-raporlari\/aralik-ayinda-tuerkiyede-gecirdigim-lasik-ameliyati-4-ocak-2008-cuma-guenue-tarihli-rapor\/\">Bir sonraki rapor<\/a><\/p>\n<\/div>\n","protected":false},"excerpt":{"rendered":"<p>LASIK ameliyat\u0131mla ilgili deneyim raporu \u2013 5 Ocak 2008 Cumartesi tarihli rapor Sehr geehrter Herr Karaagacli-Leoni, wie kann ich Ihnen behilflich sein? Yakla\u015f\u0131k 11 ay sonra, \u0130stanbul&#8217;daki EyeSTAR Klinik&#8217;te her iki g\u00f6z\u00fcmdeki ba\u015far\u0131l\u0131 LASIK ameliyat\u0131m\u0131n ard\u0131ndan nihayet deneyim raporumu size g\u00f6nderiyorum. \u0130lk olarak, operasyon sonucundan son derece memnun oldu\u011fumu belirtmek isterim. Bir g\u00f6z\u00fcmdeki g\u00f6rme kusuru %100 oran\u0131nda d\u00fczeltilmi\u015fken, di\u011fer g\u00f6z\u00fcmde ise yakla\u015f\u0131k %99 oran\u0131nda bir d\u00fczelme sa\u011fland\u0131. \u0130kinci g\u00f6zdeki %100 ba\u015far\u0131ya ula\u015famama durumu ise g\u00f6z\u00fcn do\u011fas\u0131nda bulunan g\u00f6rme bozuklu\u011fundan kaynaklan\u0131yordu. Operasyonun sonucu, beklentilerimin \u00e7ok \u00f6tesindeydi ve bug\u00fcn g\u00f6zl\u00fck kullanmadan, ister uzak ister yak\u0131n olsun, her \u015feyi net bir \u015fekilde g\u00f6rebiliyorum. Ameliyat sonras\u0131 iyile\u015fme s\u00fcreci, swisslasik ve EyeSTAR Klinik&#8217;in a\u00e7\u0131klamalar\u0131na olduk\u00e7a uygun \u015fekilde ilerledi. Ameliyat\u0131n hemen ard\u0131ndan g\u00f6rme yetene\u011fim belirgin \u015fekilde daha iyi hale geldi ve g\u00f6zl\u00fc\u011f\u00fc kullanmaktan vazge\u00e7ebildim. Ard\u0131ndan, EyeSTAR Klinik&#8217;in verdi\u011fi talimatlara harfiyen uydum, g\u00f6zlerimi re\u00e7eteli ila\u00e7lar ve damlalarla tedavi ettim ve g\u00f6zlerin m\u00fcmk\u00fcn oldu\u011funca az yorulmas\u0131n\u0131 sa\u011flad\u0131m (s\u00fcrekli ovu\u015fturmak, su, toz vb. temaslardan ka\u00e7\u0131nd\u0131m). \u0130svi\u00e7re&#8217;ye d\u00f6nd\u00fckten sonra, swisslasik&#8217;in tavsiye etti\u011fi d\u00f6rt takip muayenesini d\u00fczenli olarak yapt\u0131rd\u0131m ve hi\u00e7bir komplikasyon ya\u015fanmad\u0131. \u015eu anda ara s\u0131ra kuru g\u00f6zler i\u00e7in damla kullanmam gerekiyor, ama bu bir sorun de\u011fil. \u00d6zetle, her \u015fey son derece memnuniyet verici bir \u015fekilde ger\u00e7ekle\u015fti. Swisslasik ve \u0130stanbul&#8217;daki EyeSTAR Klinik ekibine \u00e7ok te\u015fekk\u00fcr ederim. 2007&#8217;nin sonunda g\u00f6zlerimi lazerle ameliyat ettirmeyi d\u00fc\u015f\u00fcnd\u00fcm, b\u00f6ylece gelecekte g\u00f6zl\u00fck kullanmaktan kurtulabilecektim. \u0130lk olarak g\u00f6z doktoruma lazer ameliyat\u0131n\u0131n m\u00fcmk\u00fcn olup olmad\u0131\u011f\u0131n\u0131 sordum, ard\u0131ndan lazer ameliyatlar\u0131yla ilgili teklifleri internet \u00fczerinden ara\u015ft\u0131rd\u0131m. Farkl\u0131 teklifler ald\u0131ktan sonra, g\u00f6zlerimi swisslasik ile \u0130stanbul&#8217;daki EyeSTAR Klinik&#8217;te ameliyat ettirmeye karar verdim. Benim i\u00e7in belirleyici olan fakt\u00f6rler; swisslasik&#8217;in sa\u011flad\u0131\u011f\u0131 kompetan bilgi (www.swisslasik.ch), referanslar, \u0130stanbul&#8217;daki EyeSTAR Klinik&#8217;in profesyonel izlenimi (www.lasikinistanbul.com), operasyon ve seyahatin tek bir elde m\u00fckemmel \u015fekilde organize edilmesi, partnerimle birlikte verilen destek ve nihayetinde fiyat oldu. Swisslasik&#8217;in istedi\u011fi \u00f6n muayeneyi g\u00f6z doktorumdan ald\u0131ktan ve lazer ameliyat\u0131n\u0131n yap\u0131labilirli\u011fi onayland\u0131ktan sonra, swisslasik ile s\u00f6zle\u015fme imzalad\u0131m. Bay Karaagacli-Leoni&#8217;nin m\u00fckemmel organizasyonu sayesinde, ben ve e\u015fim bir per\u015fembe sabah\u0131 Z\u00fcrih&#8217;ten \u0130stanbul&#8217;a u\u00e7tuk. \u00d6\u011fleden sonra \u0130stanbul&#8217;a indi\u011fimizde, klinikten bir Almanca konu\u015fan \u00e7al\u0131\u015fan\u0131m\u0131z havaliman\u0131nda bizi kar\u015f\u0131lad\u0131 ve direkt olarak EyeStar Klinik&#8217;e g\u00f6t\u00fcrd\u00fc. Yolculuk s\u0131ras\u0131nda \u0130stanbul hakk\u0131nda ilk ilgin\u00e7 izlenimlerimizi almaya ba\u015flad\u0131k. EyeStar Klinik&#8217;e vard\u0131\u011f\u0131m\u0131zda, mevcut ekip taraf\u0131ndan \u00e7ok samimi bir \u015fekilde kar\u015f\u0131land\u0131k ve bize ho\u015f bir \u00e7ay ikram edildi. Klinik, hasta ile m\u00fcmk\u00fcn olan en iyi \u015fekilde ileti\u015fim kurmaya b\u00fcy\u00fck \u00f6nem veriyordu. Bizim durumumuzda, bir \u00e7al\u0131\u015fan\u0131m\u0131z\u0131n \u0130svi\u00e7re Almancas\u0131 konu\u015fmas\u0131 ger\u00e7ekten takdir edilesiydi. Kay\u0131t i\u015flemleri tamamland\u0131ktan sonra, i\u015flem s\u00fcreci bize ayr\u0131nt\u0131l\u0131 bir \u015fekilde a\u00e7\u0131kland\u0131. Olumlu ge\u00e7en \u00f6n muayenelerimden sonra, hemen ameliyat i\u00e7in haz\u0131rlanmaya ba\u015flad\u0131m ve s\u00fcre\u00e7 hakk\u0131nda s\u00fcrekli bilgilendirildim. Haz\u0131rl\u0131klar\u0131m tamamland\u0131\u011f\u0131nda, bir ge\u00e7i\u015f kap\u0131s\u0131ndan aseptik ameliyat odas\u0131na ge\u00e7tim ve burada, Dr. Cezmi KAHVEC\u0130O\u011eLU&#8217;nun liderli\u011findeki operasyon ekibi taraf\u0131ndan profesyonel ve a\u011fr\u0131s\u0131z bir \u015fekilde ameliyat\u0131m ger\u00e7ekle\u015ftirildi. E\u015fim, ameliyat\u0131 bir pencere ve ekrandan izleme f\u0131rsat\u0131 buldu. Ameliyat sonras\u0131 hemen bir takip muayenesi yap\u0131ld\u0131 ve olumlu bir sonu\u00e7 al\u0131nd\u0131. Gerekli ila\u00e7larla ve tam olarak bilgilendirilmi\u015f bir \u015fekilde, saat 19:00&#8217;da yak\u0131ndaki otele g\u00f6t\u00fcr\u00fcld\u00fck. Bir geceyi rahat bir \u015fekilde uyuyarak ge\u00e7irdik ve sabah kahvalt\u0131s\u0131n\u0131 yapt\u0131ktan sonra, ertesi sabah saat 09:30&#8217;da ilk kontrol muayenesi yap\u0131ld\u0131. Muayene ba\u015far\u0131l\u0131 bir ameliyat oldu\u011funu onaylad\u0131. Olas\u0131 komplikasyon durumunda hemen geri d\u00f6nmemiz gerekti\u011fi hat\u0131rlat\u0131ld\u0131 ve ard\u0131ndan taburcu olduk. \u0130stanbul&#8217;u y\u00fcr\u00fcyerek ve tramvayla ke\u015ffetmeye ba\u015flad\u0131k. \u0130stanbul&#8217;da bir g\u00fcn daha ge\u00e7irdikten sonra, pazar sabah\u0131 mutlu ve memnun bir \u015fekilde \u0130svi\u00e7re&#8217;ye d\u00f6nd\u00fck. \u0130stanbul&#8217;daki EyeStar Klinik&#8217;ten ald\u0131\u011f\u0131m\u0131z izlenim \u00e7ok profesyonel ve son derece yetkin bir \u015fekilde oldu. Klinik, teknik a\u00e7\u0131dan en son standartlara uygun \u015fekilde donat\u0131lm\u0131\u015ft\u0131 ve temizlik ile hijyen, bir g\u00f6z klini\u011finden beklenen t\u00fcm gereksinimleri kar\u015f\u0131l\u0131yordu. T\u00fcm doktorlar ve \u00e7al\u0131\u015fanlar son derece yetkin, yard\u0131msever ve samimiydi, ekibe tam anlam\u0131yla g\u00fcvenimiz tamd\u0131. EyeStar Klinik&#8217;i g\u00f6n\u00fcl rahatl\u0131\u011f\u0131yla herkese tavsiye edebiliriz. Bu noktada, EyeStar Klinik ekibine \u00e7ok iyi, \u00e7ok dost\u00e7a ve son derece yard\u0131msever tedavi ve ilgilerinden dolay\u0131 tekrar i\u00e7tenlikle te\u015fekk\u00fcr ederiz. Te\u015fekk\u00fcr ederim. Geovanna ve Hanspeter Gsell-Arenas \u00d6nceki rapor Bir sonraki rapor<\/p>\n","protected":false},"author":4,"featured_media":0,"parent":3223,"menu_order":0,"comment_status":"closed","ping_status":"closed","template":"","meta":{"_joinchat":[],"footnotes":""},"class_list":["post-4403","page","type-page","status-publish","hentry"],"acf":[],"_links":{"self":[{"href":"https:\/\/medicaltravel.ch\/tr\/wp-json\/wp\/v2\/pages\/4403","targetHints":{"allow":["GET"]}}],"collection":[{"href":"https:\/\/medicaltravel.ch\/tr\/wp-json\/wp\/v2\/pages"}],"about":[{"href":"https:\/\/medicaltravel.ch\/tr\/wp-json\/wp\/v2\/types\/page"}],"author":[{"embeddable":true,"href":"https:\/\/medicaltravel.ch\/tr\/wp-json\/wp\/v2\/users\/4"}],"replies":[{"embeddable":true,"href":"https:\/\/medicaltravel.ch\/tr\/wp-json\/wp\/v2\/comments?post=4403"}],"version-history":[{"count":2,"href":"https:\/\/medicaltravel.ch\/tr\/wp-json\/wp\/v2\/pages\/4403\/revisions"}],"predecessor-version":[{"id":6561,"href":"https:\/\/medicaltravel.ch\/tr\/wp-json\/wp\/v2\/pages\/4403\/revisions\/6561"}],"up":[{"embeddable":true,"href":"https:\/\/medicaltravel.ch\/tr\/wp-json\/wp\/v2\/pages\/3223"}],"wp:attachment":[{"href":"https:\/\/medicaltravel.ch\/tr\/wp-json\/wp\/v2\/media?parent=4403"}],"curies":[{"name":"wp","href":"https:\/\/api.w.org\/{rel}","templated":true}]}}