{"id":4405,"date":"2025-09-24T07:35:50","date_gmt":"2025-09-24T06:35:50","guid":{"rendered":"https:\/\/medicaltravel.ch\/yasli-hastalarin-raporlari\/deneyim-raporu-auge-laser-istanbul-22-aralik-2008-pazartesi-guenue-tarihli-rapor\/"},"modified":"2026-01-12T21:35:37","modified_gmt":"2026-01-12T20:35:37","slug":"deneyim-raporu-auge-laser-istanbul-22-aralik-2008-pazartesi-guenue-tarihli-rapor","status":"publish","type":"page","link":"https:\/\/medicaltravel.ch\/tr\/hasta-raporlari\/yasli-hastalarin-raporlari\/deneyim-raporu-auge-laser-istanbul-22-aralik-2008-pazartesi-guenue-tarihli-rapor\/","title":{"rendered":"Deneyim raporu AUGE LASER \u0130STANBUL \u2013 22 Aral\u0131k 2008 Pazartesi g\u00fcn\u00fc tarihli rapor"},"content":{"rendered":"\n<h3 class=\"wp-block-heading\">Deneyim raporu AUGE LASER \u0130STANBUL \u2013 22 Aral\u0131k 2008 Pazartesi g\u00fcn\u00fc tarihli rapor<\/h3>\n\n\n\n<p>Karar alma s\u00fcreci:<\/p>\n\n\n\n<p>Bir tan\u0131d\u0131\u011f\u0131mdan, Nisan 2008&#8217;de operasyon yapt\u0131r\u0131p sonucun \u00e7ok memnuniyet verici oldu\u011funu duyduktan sonra, ben de bu konuda bilgi almaya ba\u015flad\u0131m.<\/p>\n\n\n\n<p>Swisslasik ile tan\u0131\u015ft\u0131m ve ilgilenmeye ba\u015flad\u0131m \u00e7\u00fcnk\u00fc \u00e7ocuklu\u011fumdan beri bir g\u00f6z problemim vard\u0131 ve g\u00f6zl\u00fck kullanmak benim i\u00e7in olduk\u00e7a zorlay\u0131c\u0131 oluyordu.<\/p>\n\n\n\n<p>G\u00f6zl\u00fck tak\u0131yorum. Uzaktaki g\u00f6r\u00fc\u015f\u00fcm i\u00e7in +4.0 olan g\u00f6zl\u00fck numaram y\u0131llard\u0131r sabit, ancak g\u00f6zl\u00fck takmak benim i\u00e7in zorluk yarat\u0131yor. <\/p>\n\n\n\n<p>Bir\u00e7ok etkinlikte olduk\u00e7a engel oluyor ve e\u011fer g\u00f6zl\u00fck \u00e7er\u00e7evesi art\u0131k d\u00fczg\u00fcn oturmazsa, g\u00f6zl\u00fck s\u0131k\u0131yor ve kay\u0131yor.<\/p>\n\n\n\n<p>Ger\u00e7ekten can s\u0131k\u0131c\u0131 oluyor. Bu y\u00fczden yaz\u0131n, \u00f6n muayene yapt\u0131rmaya karar verdim. Web sitesinde zaten  <\/p>\n\n\n\n<p>Web sitesinde yaz\u0131ld\u0131\u011f\u0131na g\u00f6re, ki\u015filerin %90&#8217;\u0131ndan fazlas\u0131 b\u00f6yle bir operasyona uygun, bu y\u00fczden ben de kesinlikle uygun olmal\u0131y\u0131m.<\/p>\n\n\n\n<p>%10&#8217;luk dilimde olmam gerekmez, \u00e7\u00fcnk\u00fc g\u00f6zl\u00fck numaramda \u00f6zel bir durum yok, herhangi bir hastal\u0131k ya da ba\u015fka bir sorun da ya\u015famad\u0131m. <\/p>\n\n\n\n<p>G\u00f6z doktorundaki sonu\u00e7 daha da hayal k\u0131r\u0131kl\u0131\u011f\u0131na u\u011fratt\u0131, \u00e7\u00fcnk\u00fc bana g\u00f6zl\u00fck numaram\u0131n \u00e7ok y\u00fcksek oldu\u011funu ve<\/p>\n\n\n\n<p>Lasik ameliyat\u0131n\u0131n ba\u015far\u0131l\u0131 olabilmesi i\u00e7in g\u00f6zl\u00fck numaram\u0131n \u00e7ok y\u00fcksek oldu\u011funu s\u00f6yledi. Birka\u00e7 g\u00fcn d\u00fc\u015f\u00fcnmenin ard\u0131ndan, \u0130svi\u00e7re&#8217;deki irtibat ki\u015fimi bilgilendirdim. <\/p>\n\n\n\n<p>Bana klinikte detayl\u0131 bir inceleme yap\u0131laca\u011f\u0131n\u0131 vaat eden Bay Karaagacli&#8217;den birka\u00e7 g\u00fcn sonra haber ald\u0131m. <\/p>\n\n\n\n<p>Swisslasik, bu t\u00fcr bir d\u00fczeltmeyi daha \u00f6nce defalarca ba\u015far\u0131l\u0131 bir \u015fekilde tedavi etti\u011fini ve bu ameliyat\u0131 ger\u00e7ekle\u015ftirmekte herhangi bir sorun g\u00f6rmedi\u011fini belirtti.<\/p>\n\n\n\n<p>Ayn\u0131 g\u00fcn i\u00e7inde \u0130stanbul&#8217;a seyahat i\u00e7in kayd\u0131m\u0131 yapt\u0131rd\u0131m.<\/p>\n\n\n\n<p>Seyahat ve var\u0131\u015f:<\/p>\n\n\n\n<p>Seyahat i\u00e7in \u00f6demeyi yapt\u0131ktan sonra, birka\u00e7 g\u00fcn i\u00e7inde gerekli olan belgeler de geldi.<\/p>\n\n\n\n<p>Seyahat, konaklama ve bilinmesi gereken t\u00fcm \u00f6nemli bilgiler i\u00e7in belgeler.<\/p>\n\n\n\n<p>Biraz huzursuz bir u\u00e7u\u015fun ard\u0131ndan \u0130stanbul&#8217;a vard\u0131k ve havaalan\u0131nda rehberimiz taraf\u0131ndan kar\u015f\u0131land\u0131k. <\/p>\n\n\n\n<p>\u0130stanbul&#8217;un merkezinde yer alan ve buna ra\u011fmen sakin olan otel, hem benim hem de yan\u0131mdaki ki\u015finin beklentilerini kar\u015f\u0131lad\u0131.<\/p>\n\n\n\n<p>Ameliyat G\u00fcn\u00fc:<\/p>\n\n\n\n<p>\u00d6\u011fle saatlerinde otelden al\u0131nd\u0131k ve hemen k\u00f6\u015fede, y\u00fcr\u00fcyerek \u00e7ok rahat ula\u015f\u0131labilen klini\u011fe g\u00f6t\u00fcr\u00fcld\u00fck.<\/p>\n\n\n\n<p>T\u00fcm veriler tekrar kontrol edildi ve sonunda bana ameliyat\u0131n benim i\u00e7in uygun oldu\u011fu bildirildi. <\/p>\n\n\n\n<p>Her \u015feyin tekrar incelenmesi ve ameliyat\u0131 yapacak doktorun da g\u00fcven verici bir \u015fekilde yakla\u015fmas\u0131 insan\u0131 rahatlat\u0131yor. <\/p>\n\n\n\n<p>Kendisi de onay\u0131n\u0131 verdi\u011finde, daha da rahatlad\u0131m.<\/p>\n\n\n\n<p>Muayenelerden sonra, yakla\u015f\u0131k 2 saat boyunca eski g\u00f6zl\u00fckle \u0130stanbul&#8217;da y\u00fcr\u00fcy\u00fc\u015f yapma f\u0131rsat\u0131n\u0131z oluyor.<\/p>\n\n\n\n<p>Ve son bir kez g\u00f6zl\u00fckle, say\u0131s\u0131z restorandan birinin men\u00fcs\u00fcne g\u00f6z at\u0131p, bir yemek se\u00e7me \u015fans\u0131n\u0131z oluyor.<\/p>\n\n\n\n<p>Bu g\u00fcn, ayn\u0131 zamanda g\u00f6zl\u00fckle son kez yiyecek sipari\u015fi verece\u011finiz g\u00fcn olacak. <\/p>\n\n\n\n<p>Ak\u015fam tekrar klinikte bulu\u015fuluyor. Heyecan art\u0131yor, hafif bir gerginlik hissi var, ama \u00e7al\u0131\u015fanlar \u00e7ok destekleyici ve sakinle\u015ftirici. <\/p>\n\n\n\n<p>B\u00fcy\u00fck bir huzur yay\u0131yorlar ve bu, g\u00fcven verici bir his sa\u011fl\u0131yor. G\u00f6zler bir kez daha kontrol edildikten sonra, <\/p>\n\n\n\n<p>Ameliyat i\u00e7in haz\u0131rl\u0131k odas\u0131na al\u0131narak, operasyona haz\u0131rlan\u0131yorsunuz. Ard\u0131ndan, her \u015fey asl\u0131nda olduk\u00e7a h\u0131zl\u0131 bir \u015fekilde ilerliyor. <\/p>\n\n\n\n<p>G\u00f6zlerde bir i\u015flem yap\u0131ld\u0131\u011f\u0131n\u0131 hissediyorsunuz, ama hi\u00e7bir a\u011fr\u0131 olmuyor. Yakla\u015f\u0131k 15 dakika sonra her \u015fey bitiyor. G\u00f6zlerinizi a\u00e7abiliyor ve  <\/p>\n\n\n\n<p>Ameliyat\u0131 terk ediyorsunuz. G\u00f6zlerim sonras\u0131nda \u00e7ok \u0131\u015f\u0131\u011fa duyarl\u0131yd\u0131 ve neredeyse g\u00f6zlerimi a\u00e7maya cesaret edemedim. Ba\u015fka bir  <\/p>\n\n\n\n<p>Ancak ba\u015fka bir hasta, ameliyattan \u00e7\u0131kt\u0131ktan sonra g\u00f6zl\u00fck kullanmadan cep telefonuyla mesaj yazmaya ba\u015flad\u0131. <\/p>\n\n\n\n<p>Bir sonraki kontrol sonras\u0131 her \u015feyin yolunda oldu\u011fu tespit edildi ve klinikten ayr\u0131labildik. Ben do\u011frudan <\/p>\n\n\n\n<p>Otel odama gidip, g\u00f6zlerimi en iyi \u015fekilde dinlendirmek i\u00e7in uyumaya karar verdim.<\/p>\n\n\n\n<p>G\u00f6zl\u00fcks\u00fcz ilk g\u00fcn:<\/p>\n\n\n\n<p>Sabah uyand\u0131\u011f\u0131mda b\u00fcy\u00fck bir \u015fa\u015fk\u0131nl\u0131k ya\u015fad\u0131m, ilk fark etti\u011fim \u015fey, saatleri rahatl\u0131kla g\u00f6rebilmemdi.<\/p>\n\n\n\n<p>TV&#8217;ye entegre olan saati g\u00f6zl\u00fcks\u00fcz g\u00f6rebilmek ve hatta okuyabilmek beni ger\u00e7ekten \u00e7ok mutlu etti. Kahvalt\u0131dan sonra  <\/p>\n\n\n\n<p>Sonra ilk kontrol i\u00e7in klini\u011fe gittim ve her iki g\u00f6z\u00fcmle %100 g\u00f6rme sa\u011flad\u0131\u011f\u0131m onayland\u0131.<\/p>\n\n\n\n<p>Onayland\u0131.<\/p>\n\n\n\n<p>Muayeneden sonra ger\u00e7ekten iyi hissediyordum ve \u0130stanbul&#8217;da ilgin\u00e7 bir gezi yapma f\u0131rsat\u0131m oldu. G\u00f6zlerimin <\/p>\n\n\n\n<p>G\u00fczel havadan dolay\u0131, bu seyahat i\u00e7in \u00f6zel olarak al\u0131nan, d\u00fcz lensli g\u00fcne\u015f g\u00f6zl\u00fc\u011f\u00fcm devreye girdi.<\/p>\n\n\n\n<p>D\u00f6n\u00fc\u015f Seyahati:<\/p>\n\n\n\n<p>Asl\u0131nda burada anlatacak pek bir \u015fey yok, maalesef \u00e7ok erken bir saatte \u0130stanbul&#8217;dan ayr\u0131lmak zorunda kald\u0131k, geride ke\u015ffedilecek o kadar \u00e7ok \u015fey vard\u0131 ki.<\/p>\n\n\n\n<p>Rehberimiz bizi zaman\u0131nda ald\u0131 ve havaalan\u0131na g\u00f6t\u00fcrd\u00fc. <\/p>\n\n\n\n<p>Evdeki ilk zamanlar:<\/p>\n\n\n\n<p>Art\u0131k tamamen yeni bir ya\u015fam hissi deneyimleyebiliyorum. Ameliyat sonras\u0131 iyile\u015fme s\u00fcreci ilerliyor, g\u00f6zlerimdeki netlik artt\u0131. <\/p>\n\n\n\n<p>G\u00f6r\u00fc\u015f\u00fcm zaman zaman biraz de\u011fi\u015fiyor, ama bu a\u00e7\u0131k\u00e7a normal bir durum. Yakla\u015f\u0131k 14 g\u00fcn sonra ise \u015funu fark ettim: <\/p>\n\n\n\n<p>Ancak, g\u00f6zl\u00fcks\u00fcz okumakta biraz zorluk \u00e7ekti\u011fimi fark ettim, \u00e7\u00fcnk\u00fc ya\u015fa ba\u011fl\u0131 yak\u0131n g\u00f6rme bozuklu\u011fu hen\u00fcz d\u00fczeltilemedi.<\/p>\n\n\n\n<p>Bu y\u00fczden bir okuma g\u00f6zl\u00fc\u011f\u00fc almaya karar verdim. (Bunlar\u0131 kioskta olduk\u00e7a uygun fiyata bulabiliyorsunuz). <\/p>\n\n\n\n<p>Yakla\u015f\u0131k 4 hafta sonra, g\u00f6r\u00fc\u015f\u00fcmde biraz bir bozulma fark ettim, ancak sonras\u0131nda stabil kald\u0131. \u0130lk <\/p>\n\n\n\n<p>\u0130svi\u00e7re&#8217;deki g\u00f6z doktorumda yapt\u0131\u011f\u0131m kontrol, hissettiklerimi do\u011frulad\u0131. \u015eu anda g\u00f6zlerimdeki g\u00f6rme oran\u0131 %80. <\/p>\n\n\n\n<p>+70%). Ama bu, g\u00f6zl\u00fck olmadan hayat\u0131m\u0131 s\u00fcrd\u00fcrebilmem i\u00e7in hala yeterli ve yakla\u015f\u0131k bir g\u00f6zl\u00fck d\u00fczeltmesine denk geliyor.<\/p>\n\n\n\n<p>G\u00f6z doktorum hakl\u0131ym\u0131\u015f, \u00e7\u00fcnk\u00fc g\u00f6zlerimdeki d\u00fczeltme ger\u00e7ekten \u00e7ok y\u00fcksekmi\u015f. +1 ile +1.25 aras\u0131nda bir d\u00fczeltme yeterli olabilirdi.  <\/p>\n\n\n\n<p>+3 diyoptridenin sorunsuz bir \u015fekilde m\u00fcmk\u00fcn oldu\u011funu, ancak bunun \u00fczerindeki d\u00fczeltmelerin ba\u015far\u0131s\u0131n\u0131n garanti edilemeyece\u011fini belirtti.<\/p>\n\n\n\n<p>Yine de ameliyat\u0131 pi\u015fmanl\u0131kla hat\u0131rlam\u0131yorum, belki 2-3 y\u0131l i\u00e7inde 5 y\u0131ll\u0131k garantiyi kullanarak<\/p>\n\n\n\n<p>Kalan g\u00f6rme bozuklu\u011funu d\u00fczeltmeyi deneyece\u011fim.<\/p>\n\n\n\n<p>\u0130yi bir vicdanla Eyestar Klini\u011fi&#8217;ni \u0130stanbul&#8217;da tavsiye edebilirim ve daha bir\u00e7ok mutsuz insana yard\u0131m etmelerini dilerim.<\/p>\n\n\n\n<p>G\u00f6zl\u00fck takanlara bu ad\u0131m\u0131 atma cesareti bulmalar\u0131n\u0131 dilerim.<\/p>\n\n\n\n<p>Referans olarak ismim verilebilir.<\/p>\n\n\n\n<p>Sayg\u0131lar\u0131mla<\/p>\n\n\n\n<p>K. Althoff<\/p>\n\n\n\n<div class=\"wp-block-group is-layout-grid wp-container-core-group-is-layout-baef362d wp-block-group-is-layout-grid\">\n<p><a href=\"https:\/\/medicaltravel.at\/home\/agb\/\" data-type=\"page\" data-id=\"2191\" rel=\"nofollow noopener\" target=\"_blank\"><\/a><a href=\"https:\/\/medicaltravel.ch\/tr\/hasta-raporlari\/yasli-hastalarin-raporlari\/istanbulda-gecirdigim-lasik-ameliyati-29-aralik-2008-pazartesi-guenue-tarihli-rapor\/\" data-type=\"link\" data-id=\"https:\/\/medicaltravel.ch\/tr\/hasta-raporlari\/yasli-hastalarin-raporlari\/istanbulda-gecirdigim-lasik-ameliyati-29-aralik-2008-pazartesi-guenue-tarihli-rapor\/\">\u00d6nceki rapor<\/a><\/p>\n\n\n\n<p class=\"has-text-align-right wp-container-content-5e2576f9\"><a href=\"https:\/\/medicaltravel.at\/home\/impressum\/\" data-type=\"page\" data-id=\"2193\" rel=\"nofollow noopener\" target=\"_blank\"><\/a><a href=\"https:\/\/medicaltravel.at\/home\/berichte-von-patienten\/erfahrungsberichte\/erfahrungsbericht-zahnbehandlung-in-istanbul\/\" data-type=\"page\" data-id=\"981\" rel=\"nofollow noopener\" target=\"_blank\"><\/a><a href=\"https:\/\/medicaltravel.ch\/tr\/hasta-raporlari\/yasli-hastalarin-raporlari\/goez-lazer-istanbul-deneyim-raporu-3-aralik-2008-carsamba-guenue-tarihli-rapor\/\" data-type=\"link\" data-id=\"https:\/\/medicaltravel.ch\/tr\/hasta-raporlari\/yasli-hastalarin-raporlari\/goez-lazer-istanbul-deneyim-raporu-3-aralik-2008-carsamba-guenue-tarihli-rapor\/\">Bir sonraki rapor<\/a><\/p>\n<\/div>\n\n\n\n<p><\/p>\n","protected":false},"excerpt":{"rendered":"<p>Deneyim raporu AUGE LASER \u0130STANBUL \u2013 22 Aral\u0131k 2008 Pazartesi g\u00fcn\u00fc tarihli rapor Karar alma s\u00fcreci: Bir tan\u0131d\u0131\u011f\u0131mdan, Nisan 2008&#8217;de operasyon yapt\u0131r\u0131p sonucun \u00e7ok memnuniyet verici oldu\u011funu duyduktan sonra, ben de bu konuda bilgi almaya ba\u015flad\u0131m. Swisslasik ile tan\u0131\u015ft\u0131m ve ilgilenmeye ba\u015flad\u0131m \u00e7\u00fcnk\u00fc \u00e7ocuklu\u011fumdan beri bir g\u00f6z problemim vard\u0131 ve g\u00f6zl\u00fck kullanmak benim i\u00e7in olduk\u00e7a zorlay\u0131c\u0131 oluyordu. G\u00f6zl\u00fck tak\u0131yorum. Uzaktaki g\u00f6r\u00fc\u015f\u00fcm i\u00e7in +4.0 olan g\u00f6zl\u00fck numaram y\u0131llard\u0131r sabit, ancak g\u00f6zl\u00fck takmak benim i\u00e7in zorluk yarat\u0131yor. Bir\u00e7ok etkinlikte olduk\u00e7a engel oluyor ve e\u011fer g\u00f6zl\u00fck \u00e7er\u00e7evesi art\u0131k d\u00fczg\u00fcn oturmazsa, g\u00f6zl\u00fck s\u0131k\u0131yor ve kay\u0131yor. Ger\u00e7ekten can s\u0131k\u0131c\u0131 oluyor. Bu y\u00fczden yaz\u0131n, \u00f6n muayene yapt\u0131rmaya karar verdim. Web sitesinde zaten Web sitesinde yaz\u0131ld\u0131\u011f\u0131na g\u00f6re, ki\u015filerin %90&#8217;\u0131ndan fazlas\u0131 b\u00f6yle bir operasyona uygun, bu y\u00fczden ben de kesinlikle uygun olmal\u0131y\u0131m. %10&#8217;luk dilimde olmam gerekmez, \u00e7\u00fcnk\u00fc g\u00f6zl\u00fck numaramda \u00f6zel bir durum yok, herhangi bir hastal\u0131k ya da ba\u015fka bir sorun da ya\u015famad\u0131m. G\u00f6z doktorundaki sonu\u00e7 daha da hayal k\u0131r\u0131kl\u0131\u011f\u0131na u\u011fratt\u0131, \u00e7\u00fcnk\u00fc bana g\u00f6zl\u00fck numaram\u0131n \u00e7ok y\u00fcksek oldu\u011funu ve Lasik ameliyat\u0131n\u0131n ba\u015far\u0131l\u0131 olabilmesi i\u00e7in g\u00f6zl\u00fck numaram\u0131n \u00e7ok y\u00fcksek oldu\u011funu s\u00f6yledi. Birka\u00e7 g\u00fcn d\u00fc\u015f\u00fcnmenin ard\u0131ndan, \u0130svi\u00e7re&#8217;deki irtibat ki\u015fimi bilgilendirdim. Bana klinikte detayl\u0131 bir inceleme yap\u0131laca\u011f\u0131n\u0131 vaat eden Bay Karaagacli&#8217;den birka\u00e7 g\u00fcn sonra haber ald\u0131m. Swisslasik, bu t\u00fcr bir d\u00fczeltmeyi daha \u00f6nce defalarca ba\u015far\u0131l\u0131 bir \u015fekilde tedavi etti\u011fini ve bu ameliyat\u0131 ger\u00e7ekle\u015ftirmekte herhangi bir sorun g\u00f6rmedi\u011fini belirtti. Ayn\u0131 g\u00fcn i\u00e7inde \u0130stanbul&#8217;a seyahat i\u00e7in kayd\u0131m\u0131 yapt\u0131rd\u0131m. Seyahat ve var\u0131\u015f: Seyahat i\u00e7in \u00f6demeyi yapt\u0131ktan sonra, birka\u00e7 g\u00fcn i\u00e7inde gerekli olan belgeler de geldi. Seyahat, konaklama ve bilinmesi gereken t\u00fcm \u00f6nemli bilgiler i\u00e7in belgeler. Biraz huzursuz bir u\u00e7u\u015fun ard\u0131ndan \u0130stanbul&#8217;a vard\u0131k ve havaalan\u0131nda rehberimiz taraf\u0131ndan kar\u015f\u0131land\u0131k. \u0130stanbul&#8217;un merkezinde yer alan ve buna ra\u011fmen sakin olan otel, hem benim hem de yan\u0131mdaki ki\u015finin beklentilerini kar\u015f\u0131lad\u0131. Ameliyat G\u00fcn\u00fc: \u00d6\u011fle saatlerinde otelden al\u0131nd\u0131k ve hemen k\u00f6\u015fede, y\u00fcr\u00fcyerek \u00e7ok rahat ula\u015f\u0131labilen klini\u011fe g\u00f6t\u00fcr\u00fcld\u00fck. T\u00fcm veriler tekrar kontrol edildi ve sonunda bana ameliyat\u0131n benim i\u00e7in uygun oldu\u011fu bildirildi. Her \u015feyin tekrar incelenmesi ve ameliyat\u0131 yapacak doktorun da g\u00fcven verici bir \u015fekilde yakla\u015fmas\u0131 insan\u0131 rahatlat\u0131yor. Kendisi de onay\u0131n\u0131 verdi\u011finde, daha da rahatlad\u0131m. Muayenelerden sonra, yakla\u015f\u0131k 2 saat boyunca eski g\u00f6zl\u00fckle \u0130stanbul&#8217;da y\u00fcr\u00fcy\u00fc\u015f yapma f\u0131rsat\u0131n\u0131z oluyor. Ve son bir kez g\u00f6zl\u00fckle, say\u0131s\u0131z restorandan birinin men\u00fcs\u00fcne g\u00f6z at\u0131p, bir yemek se\u00e7me \u015fans\u0131n\u0131z oluyor. Bu g\u00fcn, ayn\u0131 zamanda g\u00f6zl\u00fckle son kez yiyecek sipari\u015fi verece\u011finiz g\u00fcn olacak. Ak\u015fam tekrar klinikte bulu\u015fuluyor. Heyecan art\u0131yor, hafif bir gerginlik hissi var, ama \u00e7al\u0131\u015fanlar \u00e7ok destekleyici ve sakinle\u015ftirici. B\u00fcy\u00fck bir huzur yay\u0131yorlar ve bu, g\u00fcven verici bir his sa\u011fl\u0131yor. G\u00f6zler bir kez daha kontrol edildikten sonra, Ameliyat i\u00e7in haz\u0131rl\u0131k odas\u0131na al\u0131narak, operasyona haz\u0131rlan\u0131yorsunuz. Ard\u0131ndan, her \u015fey asl\u0131nda olduk\u00e7a h\u0131zl\u0131 bir \u015fekilde ilerliyor. G\u00f6zlerde bir i\u015flem yap\u0131ld\u0131\u011f\u0131n\u0131 hissediyorsunuz, ama hi\u00e7bir a\u011fr\u0131 olmuyor. Yakla\u015f\u0131k 15 dakika sonra her \u015fey bitiyor. G\u00f6zlerinizi a\u00e7abiliyor ve Ameliyat\u0131 terk ediyorsunuz. G\u00f6zlerim sonras\u0131nda \u00e7ok \u0131\u015f\u0131\u011fa duyarl\u0131yd\u0131 ve neredeyse g\u00f6zlerimi a\u00e7maya cesaret edemedim. Ba\u015fka bir Ancak ba\u015fka bir hasta, ameliyattan \u00e7\u0131kt\u0131ktan sonra g\u00f6zl\u00fck kullanmadan cep telefonuyla mesaj yazmaya ba\u015flad\u0131. Bir sonraki kontrol sonras\u0131 her \u015feyin yolunda oldu\u011fu tespit edildi ve klinikten ayr\u0131labildik. Ben do\u011frudan Otel odama gidip, g\u00f6zlerimi en iyi \u015fekilde dinlendirmek i\u00e7in uyumaya karar verdim. G\u00f6zl\u00fcks\u00fcz ilk g\u00fcn: Sabah uyand\u0131\u011f\u0131mda b\u00fcy\u00fck bir \u015fa\u015fk\u0131nl\u0131k ya\u015fad\u0131m, ilk fark etti\u011fim \u015fey, saatleri rahatl\u0131kla g\u00f6rebilmemdi. TV&#8217;ye entegre olan saati g\u00f6zl\u00fcks\u00fcz g\u00f6rebilmek ve hatta okuyabilmek beni ger\u00e7ekten \u00e7ok mutlu etti. Kahvalt\u0131dan sonra Sonra ilk kontrol i\u00e7in klini\u011fe gittim ve her iki g\u00f6z\u00fcmle %100 g\u00f6rme sa\u011flad\u0131\u011f\u0131m onayland\u0131. Onayland\u0131. Muayeneden sonra ger\u00e7ekten iyi hissediyordum ve \u0130stanbul&#8217;da ilgin\u00e7 bir gezi yapma f\u0131rsat\u0131m oldu. G\u00f6zlerimin G\u00fczel havadan dolay\u0131, bu seyahat i\u00e7in \u00f6zel olarak al\u0131nan, d\u00fcz lensli g\u00fcne\u015f g\u00f6zl\u00fc\u011f\u00fcm devreye girdi. D\u00f6n\u00fc\u015f Seyahati: Asl\u0131nda burada anlatacak pek bir \u015fey yok, maalesef \u00e7ok erken bir saatte \u0130stanbul&#8217;dan ayr\u0131lmak zorunda kald\u0131k, geride ke\u015ffedilecek o kadar \u00e7ok \u015fey vard\u0131 ki. Rehberimiz bizi zaman\u0131nda ald\u0131 ve havaalan\u0131na g\u00f6t\u00fcrd\u00fc. Evdeki ilk zamanlar: Art\u0131k tamamen yeni bir ya\u015fam hissi deneyimleyebiliyorum. Ameliyat sonras\u0131 iyile\u015fme s\u00fcreci ilerliyor, g\u00f6zlerimdeki netlik artt\u0131. G\u00f6r\u00fc\u015f\u00fcm zaman zaman biraz de\u011fi\u015fiyor, ama bu a\u00e7\u0131k\u00e7a normal bir durum. Yakla\u015f\u0131k 14 g\u00fcn sonra ise \u015funu fark ettim: Ancak, g\u00f6zl\u00fcks\u00fcz okumakta biraz zorluk \u00e7ekti\u011fimi fark ettim, \u00e7\u00fcnk\u00fc ya\u015fa ba\u011fl\u0131 yak\u0131n g\u00f6rme bozuklu\u011fu hen\u00fcz d\u00fczeltilemedi. Bu y\u00fczden bir okuma g\u00f6zl\u00fc\u011f\u00fc almaya karar verdim. (Bunlar\u0131 kioskta olduk\u00e7a uygun fiyata bulabiliyorsunuz). Yakla\u015f\u0131k 4 hafta sonra, g\u00f6r\u00fc\u015f\u00fcmde biraz bir bozulma fark ettim, ancak sonras\u0131nda stabil kald\u0131. \u0130lk \u0130svi\u00e7re&#8217;deki g\u00f6z doktorumda yapt\u0131\u011f\u0131m kontrol, hissettiklerimi do\u011frulad\u0131. \u015eu anda g\u00f6zlerimdeki g\u00f6rme oran\u0131 %80. +70%). Ama bu, g\u00f6zl\u00fck olmadan hayat\u0131m\u0131 s\u00fcrd\u00fcrebilmem i\u00e7in hala yeterli ve yakla\u015f\u0131k bir g\u00f6zl\u00fck d\u00fczeltmesine denk geliyor. G\u00f6z doktorum hakl\u0131ym\u0131\u015f, \u00e7\u00fcnk\u00fc g\u00f6zlerimdeki d\u00fczeltme ger\u00e7ekten \u00e7ok y\u00fcksekmi\u015f. +1 ile +1.25 aras\u0131nda bir d\u00fczeltme yeterli olabilirdi. +3 diyoptridenin sorunsuz bir \u015fekilde m\u00fcmk\u00fcn oldu\u011funu, ancak bunun \u00fczerindeki d\u00fczeltmelerin ba\u015far\u0131s\u0131n\u0131n garanti edilemeyece\u011fini belirtti. Yine de ameliyat\u0131 pi\u015fmanl\u0131kla hat\u0131rlam\u0131yorum, belki 2-3 y\u0131l i\u00e7inde 5 y\u0131ll\u0131k garantiyi kullanarak Kalan g\u00f6rme bozuklu\u011funu d\u00fczeltmeyi deneyece\u011fim. \u0130yi bir vicdanla Eyestar Klini\u011fi&#8217;ni \u0130stanbul&#8217;da tavsiye edebilirim ve daha bir\u00e7ok mutsuz insana yard\u0131m etmelerini dilerim. G\u00f6zl\u00fck takanlara bu ad\u0131m\u0131 atma cesareti bulmalar\u0131n\u0131 dilerim. Referans olarak ismim verilebilir. Sayg\u0131lar\u0131mla K. Althoff \u00d6nceki rapor Bir sonraki rapor<\/p>\n","protected":false},"author":4,"featured_media":0,"parent":3223,"menu_order":0,"comment_status":"closed","ping_status":"closed","template":"","meta":{"_joinchat":[],"footnotes":""},"class_list":["post-4405","page","type-page","status-publish","hentry"],"acf":[],"_links":{"self":[{"href":"https:\/\/medicaltravel.ch\/tr\/wp-json\/wp\/v2\/pages\/4405","targetHints":{"allow":["GET"]}}],"collection":[{"href":"https:\/\/medicaltravel.ch\/tr\/wp-json\/wp\/v2\/pages"}],"about":[{"href":"https:\/\/medicaltravel.ch\/tr\/wp-json\/wp\/v2\/types\/page"}],"author":[{"embeddable":true,"href":"https:\/\/medicaltravel.ch\/tr\/wp-json\/wp\/v2\/users\/4"}],"replies":[{"embeddable":true,"href":"https:\/\/medicaltravel.ch\/tr\/wp-json\/wp\/v2\/comments?post=4405"}],"version-history":[{"count":2,"href":"https:\/\/medicaltravel.ch\/tr\/wp-json\/wp\/v2\/pages\/4405\/revisions"}],"predecessor-version":[{"id":6546,"href":"https:\/\/medicaltravel.ch\/tr\/wp-json\/wp\/v2\/pages\/4405\/revisions\/6546"}],"up":[{"embeddable":true,"href":"https:\/\/medicaltravel.ch\/tr\/wp-json\/wp\/v2\/pages\/3223"}],"wp:attachment":[{"href":"https:\/\/medicaltravel.ch\/tr\/wp-json\/wp\/v2\/media?parent=4405"}],"curies":[{"name":"wp","href":"https:\/\/api.w.org\/{rel}","templated":true}]}}