{"id":4417,"date":"2025-11-11T13:19:02","date_gmt":"2025-11-11T12:19:02","guid":{"rendered":"https:\/\/medicaltravel.ch\/sartlar-ve-kosullar\/"},"modified":"2026-01-02T13:19:06","modified_gmt":"2026-01-02T12:19:06","slug":"sartlar-ve-kosullar","status":"publish","type":"page","link":"https:\/\/medicaltravel.ch\/tr\/sartlar-ve-kosullar\/","title":{"rendered":"\u015eartlar ve Ko\u015fullar"},"content":{"rendered":"\n<p>MedicalTravel GmbH Genel \u015eartlar ve Ko\u015fullar\u0131<br\/>Hizmetimiz, yaln\u0131zca u\u00e7ak bileti rezervasyonlar\u0131, otel rezervasyonlar\u0131, klinik ve g\u00f6z doktorlar\u0131 ile randevu ayarlama gibi ula\u015f\u0131m ve organizasyon hizmetlerinin arac\u0131l\u0131k faaliyetini kapsar. Rezervasyon yap\u0131lan seyahatin ger\u00e7ekle\u015ftirilmesi, s\u00f6zle\u015fme y\u00fck\u00fcml\u00fcl\u00fcklerimize dahil de\u011fildir. Arac\u0131, bir tur operat\u00f6r\u00fc de\u011fildir. Rezervasyon yap\u0131lan hizmetler arac\u0131l\u0131\u011f\u0131yla, seyahat \u015firketi veya havayolu, otel, klinik ve transfer \u015firketleri ile ayr\u0131 ayr\u0131 s\u00f6zle\u015fmeler yap\u0131l\u0131r. Arac\u0131l\u0131k edilen hizmetin sa\u011flanmas\u0131, s\u00f6zle\u015fmeden do\u011fan y\u00fck\u00fcml\u00fcl\u00fcklerimizin bir par\u00e7as\u0131 de\u011fildir.<\/p>\n\n<p>Arac\u0131l\u0131k edilen hizmet sa\u011flay\u0131c\u0131larla ilgili bilgiler (fiyatlar vb.), yaln\u0131zca sorumlu hizmet sa\u011flay\u0131c\u0131lar\u0131n bize verdi\u011fi bilgilere dayanmaktad\u0131r. Arac\u0131l\u0131k edilen hizmetlerde, hizmet sa\u011flay\u0131c\u0131n\u0131n uygun hizmet sunmas\u0131ndan sorumlu de\u011filiz.<\/p>\n\n<p>T\u0131bbi kurumlar\u0131n tedavilerinin sunulmas\u0131na dayanan talepler i\u00e7in taraf\u0131m\u0131zca sorumluluk a\u00e7\u0131k\u00e7a hari\u00e7 tutulmu\u015ftur. T\u0131bbi tedavinin t\u00fcr\u00fcne ili\u015fkin karar yaln\u0131zca m\u00fc\u015fteri taraf\u0131ndan verilir. \u00d6zellikle, tedavi hatalar\u0131 i\u00e7in taraf\u0131m\u0131zca sorumluluk kabul edilmez. Ameliyat, ilgili t\u0131bbi \u00f6n ve son tedaviler ve di\u011fer t\u0131bbi yan hizmetler, yaln\u0131zca arac\u0131l\u0131k edilebilen harici hizmetlerdir. M\u00fc\u015fteri, seyahatin bu k\u0131sm\u0131 i\u00e7in klinik ile bir s\u00f6zle\u015fme yapar.<\/p>\n","protected":false},"excerpt":{"rendered":"<p>MedicalTravel GmbH Genel \u015eartlar ve Ko\u015fullar\u0131Hizmetimiz, yaln\u0131zca u\u00e7ak bileti rezervasyonlar\u0131, otel rezervasyonlar\u0131, klinik ve g\u00f6z doktorlar\u0131 ile randevu ayarlama gibi ula\u015f\u0131m ve organizasyon hizmetlerinin arac\u0131l\u0131k faaliyetini kapsar. Rezervasyon yap\u0131lan seyahatin ger\u00e7ekle\u015ftirilmesi, s\u00f6zle\u015fme y\u00fck\u00fcml\u00fcl\u00fcklerimize dahil de\u011fildir. Arac\u0131, bir tur operat\u00f6r\u00fc de\u011fildir. Rezervasyon yap\u0131lan hizmetler arac\u0131l\u0131\u011f\u0131yla, seyahat \u015firketi veya havayolu, otel, klinik ve transfer \u015firketleri ile ayr\u0131 ayr\u0131 s\u00f6zle\u015fmeler yap\u0131l\u0131r. Arac\u0131l\u0131k edilen hizmetin sa\u011flanmas\u0131, s\u00f6zle\u015fmeden do\u011fan y\u00fck\u00fcml\u00fcl\u00fcklerimizin bir par\u00e7as\u0131 de\u011fildir. Arac\u0131l\u0131k edilen hizmet sa\u011flay\u0131c\u0131larla ilgili bilgiler (fiyatlar vb.), yaln\u0131zca sorumlu hizmet sa\u011flay\u0131c\u0131lar\u0131n bize verdi\u011fi bilgilere dayanmaktad\u0131r. Arac\u0131l\u0131k edilen hizmetlerde, hizmet sa\u011flay\u0131c\u0131n\u0131n uygun hizmet sunmas\u0131ndan sorumlu de\u011filiz. T\u0131bbi kurumlar\u0131n tedavilerinin sunulmas\u0131na dayanan talepler i\u00e7in taraf\u0131m\u0131zca sorumluluk a\u00e7\u0131k\u00e7a hari\u00e7 tutulmu\u015ftur. T\u0131bbi tedavinin t\u00fcr\u00fcne ili\u015fkin karar yaln\u0131zca m\u00fc\u015fteri taraf\u0131ndan verilir. \u00d6zellikle, tedavi hatalar\u0131 i\u00e7in taraf\u0131m\u0131zca sorumluluk kabul edilmez. Ameliyat, ilgili t\u0131bbi \u00f6n ve son tedaviler ve di\u011fer t\u0131bbi yan hizmetler, yaln\u0131zca arac\u0131l\u0131k edilebilen harici hizmetlerdir. M\u00fc\u015fteri, seyahatin bu k\u0131sm\u0131 i\u00e7in klinik ile bir s\u00f6zle\u015fme yapar.<\/p>\n","protected":false},"author":4,"featured_media":0,"parent":0,"menu_order":0,"comment_status":"closed","ping_status":"closed","template":"","meta":{"_joinchat":[],"footnotes":""},"class_list":["post-4417","page","type-page","status-publish","hentry"],"acf":[],"_links":{"self":[{"href":"https:\/\/medicaltravel.ch\/tr\/wp-json\/wp\/v2\/pages\/4417","targetHints":{"allow":["GET"]}}],"collection":[{"href":"https:\/\/medicaltravel.ch\/tr\/wp-json\/wp\/v2\/pages"}],"about":[{"href":"https:\/\/medicaltravel.ch\/tr\/wp-json\/wp\/v2\/types\/page"}],"author":[{"embeddable":true,"href":"https:\/\/medicaltravel.ch\/tr\/wp-json\/wp\/v2\/users\/4"}],"replies":[{"embeddable":true,"href":"https:\/\/medicaltravel.ch\/tr\/wp-json\/wp\/v2\/comments?post=4417"}],"version-history":[{"count":0,"href":"https:\/\/medicaltravel.ch\/tr\/wp-json\/wp\/v2\/pages\/4417\/revisions"}],"wp:attachment":[{"href":"https:\/\/medicaltravel.ch\/tr\/wp-json\/wp\/v2\/media?parent=4417"}],"curies":[{"name":"wp","href":"https:\/\/api.w.org\/{rel}","templated":true}]}}