{"id":4421,"date":"2025-09-24T07:39:45","date_gmt":"2025-09-24T06:39:45","guid":{"rendered":"https:\/\/medicaltravel.ch\/hasta-raporlari\/yasli-hastalarin-raporlari\/istanbulda-goez-lazer-deneyimi-19-ekim-2008-pazar-guenue-raporu\/"},"modified":"2026-01-12T21:38:50","modified_gmt":"2026-01-12T20:38:50","slug":"istanbulda-goez-lazer-deneyimi-19-ekim-2008-pazar-guenue-raporu","status":"publish","type":"page","link":"https:\/\/medicaltravel.ch\/tr\/hasta-raporlari\/yasli-hastalarin-raporlari\/istanbulda-goez-lazer-deneyimi-19-ekim-2008-pazar-guenue-raporu\/","title":{"rendered":"\u0130stanbul&#8217;da G\u00d6Z LAZER deneyimi \u2013 19 Ekim 2008 Pazar g\u00fcn\u00fc raporu"},"content":{"rendered":"\n<h3 class=\"wp-block-heading\">\u0130stanbul&#8217;da G\u00d6Z LAZER deneyimi \u2013 19 Ekim 2008 Pazar g\u00fcn\u00fc raporu<\/h3>\n\n\n\n<p>Otob\u00fcste evime do\u011fru yol al\u0131yorum&#8230; Manzara g\u00f6zlerimin \u00f6n\u00fcnden h\u0131zla ge\u00e7iyor&#8230; B\u00f6yle net bir \u015fekilde g\u00f6rmek ne kadar g\u00fczel!  <\/p>\n\n\n\n<p>K\u0131z\u0131m\u0131z \u015fimdi bir ya\u015f\u0131nda ve benim i\u00e7in art\u0131k \u0130stanbul&#8217;a seyahat etmenin tam zaman\u0131. Art\u0131k gece g\u00fcnd\u00fcz tam g\u00f6r\u00fc\u015f a\u00e7\u0131s\u0131na sahip olaca\u011f\u0131m. Ayr\u0131ca annemin g\u00f6zl\u00fc\u011f\u00fcn\u00fc burnundan \u00e7almak da art\u0131k m\u00fcmk\u00fcn de\u011fil \ud83d\ude42 <\/p>\n\n\n\n<p>\u0130lk ba\u015fta e\u015fim ve k\u0131z\u0131mla seyahat etmeyi d\u00fc\u015f\u00fcnm\u00fc\u015ft\u00fcm. Ancak, operasyon ve sonras\u0131ndaki ilk birka\u00e7 zor g\u00fcn\u00fc tamamen odaklanarak ge\u00e7irebilmek i\u00e7in tek ba\u015f\u0131ma gitmeye karar verdim. <\/p>\n\n\n\n<p>Bir\u00e7oklar\u0131, bir y\u0131l \u00f6nce bana bir arkada\u015f\u0131m\u0131n yapt\u0131\u011f\u0131 operasyondan bahsetmi\u015fti. Eski bir ameliyat hem\u015firesi olan bu arkada\u015f\u0131m, bana sundu\u011fu arg\u00fcmanlarla hemen ikna etti. T\u0131bbi a\u00e7\u0131dan benim i\u00e7in bir m\u00fcdahale gerekli de\u011fil (her iki g\u00f6z\u00fcm de yakla\u015f\u0131k -5.5 miyop), ancak hayat kalitemi ola\u011fan\u00fcst\u00fc bir \u015fekilde art\u0131racak bir f\u0131rsat, bunu hem isteyip hem de kar\u015f\u0131layabilecek durumday\u0131m. Bunu bana iki kez s\u00f6ylemeye gerek yok. 7 ya\u015f\u0131ndan beri g\u00f6zl\u00fck takan biri olarak, g\u00f6zl\u00fckten ba\u011f\u0131ms\u0131z bir ya\u015fam s\u00fcrmek? Ameliyat\u0131 olduk\u00e7a h\u0131zl\u0131 bir \u015fekilde kabul ettim.     <\/p>\n\n\n\n<p>\u0130svi\u00e7re&#8217;deki sa\u011fl\u0131k hizmetleri d\u00fcnyan\u0131n ba\u015fka yerlerine g\u00f6re daha m\u0131 iyi? \u0130ki kez uzun s\u00fcre yurt d\u0131\u015f\u0131nda ya\u015fad\u0131\u011f\u0131m i\u00e7in, gerekli imkanlara sahip olundu\u011fu s\u00fcrece d\u00fcnyan\u0131n her yerinde iyi bir sa\u011fl\u0131k hizmetinin mevcut oldu\u011funu biliyorum. Ancak yerel halk i\u00e7in durum genellikle farkl\u0131d\u0131r, \u00e7\u00fcnk\u00fc tedavi masraflar\u0131n\u0131 kar\u015f\u0131layamazlar.  <\/p>\n\n\n\n<p>Bence \u0130stanbul&#8217;daki klinik, havaalan\u0131 kar\u015f\u0131lamas\u0131ndan ameliyat \u00f6ncesi bak\u0131ma, ameliyat\u0131n kendisinden ameliyat sonras\u0131 bak\u0131ma kadar ola\u011fan\u00fcst\u00fc bir hizmet sunuyor. Doktorlar ve personel profesyonel, ayn\u0131 zamanda s\u0131cak, arkada\u015f canl\u0131s\u0131 ve empatik. Ayr\u0131ca \u0130svi\u00e7re&#8217;de sa\u011flanan ameliyat \u00f6ncesi ve sonras\u0131 bak\u0131m\u0131 (g\u00f6z doktoru ve SwissLASIK) da takdir ediyorum. Bu, klini\u011fe olan g\u00fcveni art\u0131r\u0131yor ve bir g\u00fcvenlik hissi veriyor. Yak\u0131n zamanda \u0130svi\u00e7re&#8217;deki g\u00f6z doktorumla ilk kontrol randevumu ger\u00e7ekle\u015ftirdim. \u0130stanbul&#8217;daki cerrah ertesi g\u00fcn sonu\u00e7 hakk\u0131nda olumlu bir de\u011ferlendirme yapsa da, yakla\u015f\u0131k iki hafta sonra g\u00f6zlerimi tekrar kontrol ettirmekten memnuniyet duyuyorum. Her \u015feyin hala m\u00fckemmel oldu\u011funu g\u00f6rmek beni \u00e7ok rahatlatt\u0131.      <\/p>\n\n\n\n<p>G\u00f6zlerime tamamen odaklanmak i\u00e7in birka\u00e7 g\u00fcn izin almak idealdi (seyahat dahil toplam 6 g\u00fcnl\u00fck bir kal\u0131\u015f s\u00fcrem oldu). Ameliyat\u0131 \u0130svi\u00e7re&#8217;de olsayd\u0131m, k\u0131z\u0131m\u0131n bak\u0131m\u0131na ve ev i\u015flerine h\u0131zla geri d\u00f6nmem beklenirdi. Ara vermek \u00e7ok daha zor olurdu. \u0130stanbul, muhte\u015fem tarihi binalar\u0131, \u015firin sokak kafeleri ve m\u00fckemmel al\u0131\u015fveri\u015f olanaklar\u0131yla b\u00fcy\u00fcleyici, modern bir \u015fehir. \u0130stanbul&#8217;a tekrar gelece\u011fim ve bir dahaki sefere klini\u011fe u\u011fray\u0131p kahve i\u00e7meyi d\u00f6rt g\u00f6zle bekliyorum.     <\/p>\n\n\n\n<p>Annette L\u00fcthi, 3 Ekim 2008<\/p>\n\n\n\n<div class=\"wp-block-group is-layout-grid wp-container-core-group-is-layout-baef362d wp-block-group-is-layout-grid\">\n<p><a href=\"https:\/\/medicaltravel.at\/home\/agb\/\" data-type=\"page\" data-id=\"2191\" rel=\"nofollow noopener\" target=\"_blank\"><\/a><a href=\"https:\/\/medicaltravel.ch\/tr\/hasta-raporlari\/yasli-hastalarin-raporlari\/goez-lazer-ameliyati-yolculugumla-ilgili-notlarim-19-ekim-2008-pazar-guenue-raporu\/\" data-type=\"link\" data-id=\"https:\/\/medicaltravel.ch\/tr\/hasta-raporlari\/yasli-hastalarin-raporlari\/goez-lazer-ameliyati-yolculugumla-ilgili-notlarim-19-ekim-2008-pazar-guenue-raporu\/\">\u00d6nceki rapor<\/a><\/p>\n\n\n\n<p class=\"has-text-align-right wp-container-content-5e2576f9\"><a href=\"https:\/\/medicaltravel.at\/home\/impressum\/\" data-type=\"page\" data-id=\"2193\" rel=\"nofollow noopener\" target=\"_blank\"><\/a><a href=\"https:\/\/medicaltravel.at\/home\/berichte-von-patienten\/erfahrungsberichte\/erfahrungsbericht-zahnbehandlung-in-istanbul\/\" data-type=\"page\" data-id=\"981\" rel=\"nofollow noopener\" target=\"_blank\"><\/a><a href=\"https:\/\/medicaltravel.ch\/tr\/hasta-raporlari\/yasli-hastalarin-raporlari\/goez-lazer-tedavisi-paket-fiyati-9-agustos-2008-cumartesi-tarihli-haber\/\" data-type=\"link\" data-id=\"https:\/\/medicaltravel.ch\/berichte-von-patienten-istanbul-turkei\/altere-patientenberichte\/das-augenlaser-pauschalarrangement-bericht-vom-samstag-09-august-2008\/\">Bir sonraki rapor<\/a><\/p>\n<\/div>\n","protected":false},"excerpt":{"rendered":"<p>\u0130stanbul&#8217;da G\u00d6Z LAZER deneyimi \u2013 19 Ekim 2008 Pazar g\u00fcn\u00fc raporu Otob\u00fcste evime do\u011fru yol al\u0131yorum&#8230; Manzara g\u00f6zlerimin \u00f6n\u00fcnden h\u0131zla ge\u00e7iyor&#8230; B\u00f6yle net bir \u015fekilde g\u00f6rmek ne kadar g\u00fczel! K\u0131z\u0131m\u0131z \u015fimdi bir ya\u015f\u0131nda ve benim i\u00e7in art\u0131k \u0130stanbul&#8217;a seyahat etmenin tam zaman\u0131. Art\u0131k gece g\u00fcnd\u00fcz tam g\u00f6r\u00fc\u015f a\u00e7\u0131s\u0131na sahip olaca\u011f\u0131m. Ayr\u0131ca annemin g\u00f6zl\u00fc\u011f\u00fcn\u00fc burnundan \u00e7almak da art\u0131k m\u00fcmk\u00fcn de\u011fil \ud83d\ude42 \u0130lk ba\u015fta e\u015fim ve k\u0131z\u0131mla seyahat etmeyi d\u00fc\u015f\u00fcnm\u00fc\u015ft\u00fcm. Ancak, operasyon ve sonras\u0131ndaki ilk birka\u00e7 zor g\u00fcn\u00fc tamamen odaklanarak ge\u00e7irebilmek i\u00e7in tek ba\u015f\u0131ma gitmeye karar verdim. Bir\u00e7oklar\u0131, bir y\u0131l \u00f6nce bana bir arkada\u015f\u0131m\u0131n yapt\u0131\u011f\u0131 operasyondan bahsetmi\u015fti. Eski bir ameliyat hem\u015firesi olan bu arkada\u015f\u0131m, bana sundu\u011fu arg\u00fcmanlarla hemen ikna etti. T\u0131bbi a\u00e7\u0131dan benim i\u00e7in bir m\u00fcdahale gerekli de\u011fil (her iki g\u00f6z\u00fcm de yakla\u015f\u0131k -5.5 miyop), ancak hayat kalitemi ola\u011fan\u00fcst\u00fc bir \u015fekilde art\u0131racak bir f\u0131rsat, bunu hem isteyip hem de kar\u015f\u0131layabilecek durumday\u0131m. Bunu bana iki kez s\u00f6ylemeye gerek yok. 7 ya\u015f\u0131ndan beri g\u00f6zl\u00fck takan biri olarak, g\u00f6zl\u00fckten ba\u011f\u0131ms\u0131z bir ya\u015fam s\u00fcrmek? Ameliyat\u0131 olduk\u00e7a h\u0131zl\u0131 bir \u015fekilde kabul ettim. \u0130svi\u00e7re&#8217;deki sa\u011fl\u0131k hizmetleri d\u00fcnyan\u0131n ba\u015fka yerlerine g\u00f6re daha m\u0131 iyi? \u0130ki kez uzun s\u00fcre yurt d\u0131\u015f\u0131nda ya\u015fad\u0131\u011f\u0131m i\u00e7in, gerekli imkanlara sahip olundu\u011fu s\u00fcrece d\u00fcnyan\u0131n her yerinde iyi bir sa\u011fl\u0131k hizmetinin mevcut oldu\u011funu biliyorum. Ancak yerel halk i\u00e7in durum genellikle farkl\u0131d\u0131r, \u00e7\u00fcnk\u00fc tedavi masraflar\u0131n\u0131 kar\u015f\u0131layamazlar. Bence \u0130stanbul&#8217;daki klinik, havaalan\u0131 kar\u015f\u0131lamas\u0131ndan ameliyat \u00f6ncesi bak\u0131ma, ameliyat\u0131n kendisinden ameliyat sonras\u0131 bak\u0131ma kadar ola\u011fan\u00fcst\u00fc bir hizmet sunuyor. Doktorlar ve personel profesyonel, ayn\u0131 zamanda s\u0131cak, arkada\u015f canl\u0131s\u0131 ve empatik. Ayr\u0131ca \u0130svi\u00e7re&#8217;de sa\u011flanan ameliyat \u00f6ncesi ve sonras\u0131 bak\u0131m\u0131 (g\u00f6z doktoru ve SwissLASIK) da takdir ediyorum. Bu, klini\u011fe olan g\u00fcveni art\u0131r\u0131yor ve bir g\u00fcvenlik hissi veriyor. Yak\u0131n zamanda \u0130svi\u00e7re&#8217;deki g\u00f6z doktorumla ilk kontrol randevumu ger\u00e7ekle\u015ftirdim. \u0130stanbul&#8217;daki cerrah ertesi g\u00fcn sonu\u00e7 hakk\u0131nda olumlu bir de\u011ferlendirme yapsa da, yakla\u015f\u0131k iki hafta sonra g\u00f6zlerimi tekrar kontrol ettirmekten memnuniyet duyuyorum. Her \u015feyin hala m\u00fckemmel oldu\u011funu g\u00f6rmek beni \u00e7ok rahatlatt\u0131. G\u00f6zlerime tamamen odaklanmak i\u00e7in birka\u00e7 g\u00fcn izin almak idealdi (seyahat dahil toplam 6 g\u00fcnl\u00fck bir kal\u0131\u015f s\u00fcrem oldu). Ameliyat\u0131 \u0130svi\u00e7re&#8217;de olsayd\u0131m, k\u0131z\u0131m\u0131n bak\u0131m\u0131na ve ev i\u015flerine h\u0131zla geri d\u00f6nmem beklenirdi. Ara vermek \u00e7ok daha zor olurdu. \u0130stanbul, muhte\u015fem tarihi binalar\u0131, \u015firin sokak kafeleri ve m\u00fckemmel al\u0131\u015fveri\u015f olanaklar\u0131yla b\u00fcy\u00fcleyici, modern bir \u015fehir. \u0130stanbul&#8217;a tekrar gelece\u011fim ve bir dahaki sefere klini\u011fe u\u011fray\u0131p kahve i\u00e7meyi d\u00f6rt g\u00f6zle bekliyorum. Annette L\u00fcthi, 3 Ekim 2008 \u00d6nceki rapor Bir sonraki rapor<\/p>\n","protected":false},"author":4,"featured_media":0,"parent":3223,"menu_order":0,"comment_status":"closed","ping_status":"closed","template":"","meta":{"_joinchat":[],"footnotes":""},"class_list":["post-4421","page","type-page","status-publish","hentry"],"acf":[],"_links":{"self":[{"href":"https:\/\/medicaltravel.ch\/tr\/wp-json\/wp\/v2\/pages\/4421","targetHints":{"allow":["GET"]}}],"collection":[{"href":"https:\/\/medicaltravel.ch\/tr\/wp-json\/wp\/v2\/pages"}],"about":[{"href":"https:\/\/medicaltravel.ch\/tr\/wp-json\/wp\/v2\/types\/page"}],"author":[{"embeddable":true,"href":"https:\/\/medicaltravel.ch\/tr\/wp-json\/wp\/v2\/users\/4"}],"replies":[{"embeddable":true,"href":"https:\/\/medicaltravel.ch\/tr\/wp-json\/wp\/v2\/comments?post=4421"}],"version-history":[{"count":0,"href":"https:\/\/medicaltravel.ch\/tr\/wp-json\/wp\/v2\/pages\/4421\/revisions"}],"up":[{"embeddable":true,"href":"https:\/\/medicaltravel.ch\/tr\/wp-json\/wp\/v2\/pages\/3223"}],"wp:attachment":[{"href":"https:\/\/medicaltravel.ch\/tr\/wp-json\/wp\/v2\/media?parent=4421"}],"curies":[{"name":"wp","href":"https:\/\/api.w.org\/{rel}","templated":true}]}}