{"id":4423,"date":"2025-09-24T07:53:04","date_gmt":"2025-09-24T06:53:04","guid":{"rendered":"https:\/\/medicaltravel.ch\/hasta-raporlari\/yasli-hastalarin-raporlari\/yaptim-17-mart-2008-pazartesi-guenue-raporu\/"},"modified":"2026-01-12T21:52:14","modified_gmt":"2026-01-12T20:52:14","slug":"yaptim-17-mart-2008-pazartesi-guenue-raporu","status":"publish","type":"page","link":"https:\/\/medicaltravel.ch\/tr\/hasta-raporlari\/yasli-hastalarin-raporlari\/yaptim-17-mart-2008-pazartesi-guenue-raporu\/","title":{"rendered":"Yapt\u0131m!!! \u2013 17 Mart 2008 Pazartesi g\u00fcn\u00fc raporu"},"content":{"rendered":"\n<h3 class=\"wp-block-heading\">Yapt\u0131m!!! \u2013 17 Mart 2008 Pazartesi g\u00fcn\u00fc raporu<\/h3>\n\n\n\n<p>Aman Tanr\u0131m, lazer ameliyat\u0131 T\u00fcrkiye&#8217;de, deli misin! Bu \u00e7\u0131\u011fl\u0131k\u0131 duydunuz mu? Tamamen temelsiz!!! Cesur olanlara ve cesaretsiz olanlara, teredd\u00fct edenlere ve karars\u0131zlara: Ben yapt\u0131m ve sadece tavsiye edebilirim! Lasik ameliyat\u0131na karar vermem tam 8 y\u0131l\u0131m\u0131 ald\u0131. Ve art\u0131k zaman daral\u0131yordu, sonu\u00e7ta 45. do\u011fum g\u00fcn\u00fcme \u00e7ok yakla\u015f\u0131yorum ve okuma g\u00f6zl\u00fc\u011f\u00fc ufukta g\u00f6r\u00fcn\u00fcyor. Hadi, \u015fimdi ya da asla, dedim ve \u0130stanbul&#8217;a u\u00e7tum. Bir g\u00fcn sonra, 5,5 ve 4,75 diyoptrimi 0,0\u2019a d\u00f6n\u00fc\u015fm\u00fc\u015f buldum. Dahas\u0131, \u015fu anki g\u00f6r\u00fc\u015f\u00fcm %125! Yani, neredeyse bir kartal gibi keskin g\u00f6rebiliyorum. Ameliyat \u00f6ncesinde ya\u011fmurlu havalarda gece g\u00f6r\u00fc\u015f\u00fcmde zorlan\u0131yordum. Bunun daha da k\u00f6t\u00fcle\u015fmesini bekliyordum ama hi\u00e7 de \u00f6yle olmad\u0131! Bug\u00fcn tamamen \u0131\u015f\u0131k korumas\u0131na sahibim. Ameliyat sonras\u0131 \u00e7ok kuru g\u00f6zlerden \u015fikayet edece\u011fim endi\u015fem, sadece k\u0131smen ve \u00e7ok d\u00fc\u015f\u00fck bir seviyede ger\u00e7ekle\u015fti. Ben kesinlikle bunun ge\u00e7ece\u011fine inan\u0131yorum, \u00e7\u00fcnk\u00fc ameliyat\u0131m sadece 3 hafta \u00f6nce yap\u0131ld\u0131.              <\/p>\n\n\n\n<p>\u0130stanbul&#8217;daki klinik hakk\u0131nda ne s\u00f6yleyebilirim ki? \u00c7ok arkada\u015f canl\u0131s\u0131, \u00e7ok dikkatli ve son derece yetkin ve titizler (ben bir \u0130svi\u00e7reliyim, bu konuda belirli beklentilerim var). Bir \u00e7al\u0131\u015fan\u0131m bile \u0130svi\u00e7re Almancas\u0131 konu\u015ftu, di\u011ferleri ise \u0130ngilizce konu\u015fuyordu. Yap\u0131lacak i\u015flemler birka\u00e7 kez bana a\u00e7\u0131klanm\u0131\u015ft\u0131 ve \u00e7al\u0131\u015fanlar her zaman sorular\u0131m i\u00e7in haz\u0131rd\u0131. Doktor, bana -0,5 diyoptri ve belki de minimal d\u00fczeltilmi\u015f bir okuma g\u00f6zl\u00fc\u011f\u00fc \u00f6nerdi, ancak bunun kesin olmad\u0131\u011f\u0131n\u0131 belirtti. \u015eunu ba\u015ftan s\u00f6yleyeyim: Okuma g\u00f6zl\u00fc\u011f\u00fc i\u00e7in birka\u00e7 y\u0131l daha bekleyebilirim ve yak\u0131n g\u00f6rme konusunda zaten bilginiz vard\u0131r.      <\/p>\n\n\n\n<p>Ameliyat: Bana 10 dakika gibi geldi, e\u015fime ise saatler gibi. 30 dakikada anla\u015fm\u0131\u015ft\u0131k (anestezi damlalar\u0131, ameliyat k\u0131yafeti ve \u015firin ba\u015fl\u0131k giymek, s\u0131rt masaj\u0131 gibi haz\u0131rl\u0131klar dahil). Hi\u00e7bir a\u011fr\u0131 yoktu, garip kokular da yoktu. Makinenin u\u011fuldamas\u0131n\u0131 duyuyorsunuz ve g\u00f6z\u00fcn\u00fcze dokunuluyor. TAMAMEN a\u011fr\u0131s\u0131z, yemin ederim! Ameliyat sonras\u0131 hafif bir yanma hissi oldu. G\u00f6zlerimi hemen a\u00e7abildim ve makinenin arkas\u0131ndaki \u00f6rt\u00fcl\u00fc fig\u00fcrlere bir perde gibi bakabildim. Her bir g\u00f6ze damla damlat\u0131ld\u0131ktan sonra yanma hemen ge\u00e7ti ve ard\u0131ndan, ameliyat\u0131n bir saat sonras\u0131nda k\u0131sa bir g\u00f6rme testi yap\u0131ld\u0131, o anda \u00e7ok net g\u00f6r\u00fcyordum. Sonra b\u00fcy\u00fck bir g\u00fcne\u015f g\u00f6zl\u00fc\u011f\u00fc takt\u0131m ve otele do\u011fru y\u00fcr\u00fcy\u00fc\u015fe \u00e7\u0131kt\u0131m, her saatte g\u00f6zlere damla damlatarak uyudum, uyudum, uyudum. Ertesi sabah klinikte bir kontrol yap\u0131ld\u0131 ve ard\u0131ndan \u0130stanbul&#8217;un \u015fehir hayat\u0131na ad\u0131m att\u0131m.         <\/p>\n\n\n\n<p>Ger\u00e7ekten \u00e7ok iyiyim, bu raporu yazmak i\u00e7in para alm\u0131yorum, yemin ederim! E\u015fim tamamen k\u0131skan\u0131yor, hala g\u00f6zl\u00fck tak\u0131yor, &#8220;maalesef&#8221; yeterince miyop de\u011fil ve doktor \u00f6neride bulunmad\u0131. \u00c7\u00fcnk\u00fc bizim ya\u015f\u0131m\u0131zda, g\u00fc\u00e7l\u00fc bir okuma g\u00f6zl\u00fc\u011f\u00fc takma riski y\u00fcksek. Burada bir denge kurmak gerekiyor!   <\/p>\n\n\n\n<p>Ve bir \u015fey daha, t\u00fcm a\u015f\u00e7\u0131lar ve hobiler i\u00e7in k\u00fc\u00e7\u00fck bir rahatl\u0131k (hem erkekler hem de kad\u0131nlar): Art\u0131k so\u011fan do\u011framak g\u00f6zya\u015fs\u0131z! Ama bu da bir dezavantaj olabilir, \u00e7\u00fcnk\u00fc ameliyat \u00f6ncesinde bu i\u015fi hep e\u015fim yapard\u0131\u2026 <\/p>\n\n\n\n<div class=\"wp-block-group is-layout-grid wp-container-core-group-is-layout-baef362d wp-block-group-is-layout-grid\">\n<p><a href=\"https:\/\/medicaltravel.at\/home\/agb\/\" data-type=\"page\" data-id=\"2191\" rel=\"nofollow noopener\" target=\"_blank\"><\/a><a href=\"https:\/\/medicaltravel.ch\/tr\/hasta-raporlari\/yasli-hastalarin-raporlari\/kisa-ve-neredeyse-acisiz-24-mart-2008-pazartesi-guenue-raporu\/\" data-type=\"link\" data-id=\"https:\/\/medicaltravel.ch\/tr\/hasta-raporlari\/yasli-hastalarin-raporlari\/kisa-ve-neredeyse-acisiz-24-mart-2008-pazartesi-guenue-raporu\/\">\u00d6nceki rapor<\/a><\/p>\n\n\n\n<p class=\"has-text-align-right wp-container-content-5e2576f9\"><a href=\"https:\/\/medicaltravel.at\/home\/impressum\/\" data-type=\"page\" data-id=\"2193\" rel=\"nofollow noopener\" target=\"_blank\"><\/a><a href=\"https:\/\/medicaltravel.at\/home\/berichte-von-patienten\/erfahrungsberichte\/erfahrungsbericht-zahnbehandlung-in-istanbul\/\" data-type=\"page\" data-id=\"981\" rel=\"nofollow noopener\" target=\"_blank\"><\/a><a href=\"https:\/\/medicaltravel.ch\/tr\/hasta-raporlari\/yasli-hastalarin-raporlari\/istanbuldaki-lasik-ameliyatimiz-6-mart-2008-persembe-guenue-raporu\/\" data-type=\"link\" data-id=\"https:\/\/medicaltravel.ch\/tr\/hasta-raporlari\/yasli-hastalarin-raporlari\/istanbuldaki-lasik-ameliyatimiz-6-mart-2008-persembe-guenue-raporu\/\">Bir sonraki rapor<\/a><\/p>\n<\/div>\n","protected":false},"excerpt":{"rendered":"<p>Yapt\u0131m!!! \u2013 17 Mart 2008 Pazartesi g\u00fcn\u00fc raporu Aman Tanr\u0131m, lazer ameliyat\u0131 T\u00fcrkiye&#8217;de, deli misin! Bu \u00e7\u0131\u011fl\u0131k\u0131 duydunuz mu? Tamamen temelsiz!!! Cesur olanlara ve cesaretsiz olanlara, teredd\u00fct edenlere ve karars\u0131zlara: Ben yapt\u0131m ve sadece tavsiye edebilirim! Lasik ameliyat\u0131na karar vermem tam 8 y\u0131l\u0131m\u0131 ald\u0131. Ve art\u0131k zaman daral\u0131yordu, sonu\u00e7ta 45. do\u011fum g\u00fcn\u00fcme \u00e7ok yakla\u015f\u0131yorum ve okuma g\u00f6zl\u00fc\u011f\u00fc ufukta g\u00f6r\u00fcn\u00fcyor. Hadi, \u015fimdi ya da asla, dedim ve \u0130stanbul&#8217;a u\u00e7tum. Bir g\u00fcn sonra, 5,5 ve 4,75 diyoptrimi 0,0\u2019a d\u00f6n\u00fc\u015fm\u00fc\u015f buldum. Dahas\u0131, \u015fu anki g\u00f6r\u00fc\u015f\u00fcm %125! Yani, neredeyse bir kartal gibi keskin g\u00f6rebiliyorum. Ameliyat \u00f6ncesinde ya\u011fmurlu havalarda gece g\u00f6r\u00fc\u015f\u00fcmde zorlan\u0131yordum. Bunun daha da k\u00f6t\u00fcle\u015fmesini bekliyordum ama hi\u00e7 de \u00f6yle olmad\u0131! Bug\u00fcn tamamen \u0131\u015f\u0131k korumas\u0131na sahibim. Ameliyat sonras\u0131 \u00e7ok kuru g\u00f6zlerden \u015fikayet edece\u011fim endi\u015fem, sadece k\u0131smen ve \u00e7ok d\u00fc\u015f\u00fck bir seviyede ger\u00e7ekle\u015fti. Ben kesinlikle bunun ge\u00e7ece\u011fine inan\u0131yorum, \u00e7\u00fcnk\u00fc ameliyat\u0131m sadece 3 hafta \u00f6nce yap\u0131ld\u0131. \u0130stanbul&#8217;daki klinik hakk\u0131nda ne s\u00f6yleyebilirim ki? \u00c7ok arkada\u015f canl\u0131s\u0131, \u00e7ok dikkatli ve son derece yetkin ve titizler (ben bir \u0130svi\u00e7reliyim, bu konuda belirli beklentilerim var). Bir \u00e7al\u0131\u015fan\u0131m bile \u0130svi\u00e7re Almancas\u0131 konu\u015ftu, di\u011ferleri ise \u0130ngilizce konu\u015fuyordu. Yap\u0131lacak i\u015flemler birka\u00e7 kez bana a\u00e7\u0131klanm\u0131\u015ft\u0131 ve \u00e7al\u0131\u015fanlar her zaman sorular\u0131m i\u00e7in haz\u0131rd\u0131. Doktor, bana -0,5 diyoptri ve belki de minimal d\u00fczeltilmi\u015f bir okuma g\u00f6zl\u00fc\u011f\u00fc \u00f6nerdi, ancak bunun kesin olmad\u0131\u011f\u0131n\u0131 belirtti. \u015eunu ba\u015ftan s\u00f6yleyeyim: Okuma g\u00f6zl\u00fc\u011f\u00fc i\u00e7in birka\u00e7 y\u0131l daha bekleyebilirim ve yak\u0131n g\u00f6rme konusunda zaten bilginiz vard\u0131r. Ameliyat: Bana 10 dakika gibi geldi, e\u015fime ise saatler gibi. 30 dakikada anla\u015fm\u0131\u015ft\u0131k (anestezi damlalar\u0131, ameliyat k\u0131yafeti ve \u015firin ba\u015fl\u0131k giymek, s\u0131rt masaj\u0131 gibi haz\u0131rl\u0131klar dahil). Hi\u00e7bir a\u011fr\u0131 yoktu, garip kokular da yoktu. Makinenin u\u011fuldamas\u0131n\u0131 duyuyorsunuz ve g\u00f6z\u00fcn\u00fcze dokunuluyor. TAMAMEN a\u011fr\u0131s\u0131z, yemin ederim! Ameliyat sonras\u0131 hafif bir yanma hissi oldu. G\u00f6zlerimi hemen a\u00e7abildim ve makinenin arkas\u0131ndaki \u00f6rt\u00fcl\u00fc fig\u00fcrlere bir perde gibi bakabildim. Her bir g\u00f6ze damla damlat\u0131ld\u0131ktan sonra yanma hemen ge\u00e7ti ve ard\u0131ndan, ameliyat\u0131n bir saat sonras\u0131nda k\u0131sa bir g\u00f6rme testi yap\u0131ld\u0131, o anda \u00e7ok net g\u00f6r\u00fcyordum. Sonra b\u00fcy\u00fck bir g\u00fcne\u015f g\u00f6zl\u00fc\u011f\u00fc takt\u0131m ve otele do\u011fru y\u00fcr\u00fcy\u00fc\u015fe \u00e7\u0131kt\u0131m, her saatte g\u00f6zlere damla damlatarak uyudum, uyudum, uyudum. Ertesi sabah klinikte bir kontrol yap\u0131ld\u0131 ve ard\u0131ndan \u0130stanbul&#8217;un \u015fehir hayat\u0131na ad\u0131m att\u0131m. Ger\u00e7ekten \u00e7ok iyiyim, bu raporu yazmak i\u00e7in para alm\u0131yorum, yemin ederim! E\u015fim tamamen k\u0131skan\u0131yor, hala g\u00f6zl\u00fck tak\u0131yor, &#8220;maalesef&#8221; yeterince miyop de\u011fil ve doktor \u00f6neride bulunmad\u0131. \u00c7\u00fcnk\u00fc bizim ya\u015f\u0131m\u0131zda, g\u00fc\u00e7l\u00fc bir okuma g\u00f6zl\u00fc\u011f\u00fc takma riski y\u00fcksek. Burada bir denge kurmak gerekiyor! Ve bir \u015fey daha, t\u00fcm a\u015f\u00e7\u0131lar ve hobiler i\u00e7in k\u00fc\u00e7\u00fck bir rahatl\u0131k (hem erkekler hem de kad\u0131nlar): Art\u0131k so\u011fan do\u011framak g\u00f6zya\u015fs\u0131z! Ama bu da bir dezavantaj olabilir, \u00e7\u00fcnk\u00fc ameliyat \u00f6ncesinde bu i\u015fi hep e\u015fim yapard\u0131\u2026 \u00d6nceki rapor Bir sonraki rapor<\/p>\n","protected":false},"author":4,"featured_media":0,"parent":3223,"menu_order":0,"comment_status":"closed","ping_status":"closed","template":"","meta":{"_joinchat":[],"footnotes":""},"class_list":["post-4423","page","type-page","status-publish","hentry"],"acf":[],"_links":{"self":[{"href":"https:\/\/medicaltravel.ch\/tr\/wp-json\/wp\/v2\/pages\/4423","targetHints":{"allow":["GET"]}}],"collection":[{"href":"https:\/\/medicaltravel.ch\/tr\/wp-json\/wp\/v2\/pages"}],"about":[{"href":"https:\/\/medicaltravel.ch\/tr\/wp-json\/wp\/v2\/types\/page"}],"author":[{"embeddable":true,"href":"https:\/\/medicaltravel.ch\/tr\/wp-json\/wp\/v2\/users\/4"}],"replies":[{"embeddable":true,"href":"https:\/\/medicaltravel.ch\/tr\/wp-json\/wp\/v2\/comments?post=4423"}],"version-history":[{"count":2,"href":"https:\/\/medicaltravel.ch\/tr\/wp-json\/wp\/v2\/pages\/4423\/revisions"}],"predecessor-version":[{"id":6560,"href":"https:\/\/medicaltravel.ch\/tr\/wp-json\/wp\/v2\/pages\/4423\/revisions\/6560"}],"up":[{"embeddable":true,"href":"https:\/\/medicaltravel.ch\/tr\/wp-json\/wp\/v2\/pages\/3223"}],"wp:attachment":[{"href":"https:\/\/medicaltravel.ch\/tr\/wp-json\/wp\/v2\/media?parent=4423"}],"curies":[{"name":"wp","href":"https:\/\/api.w.org\/{rel}","templated":true}]}}