{"id":4425,"date":"2025-09-24T07:45:35","date_gmt":"2025-09-24T06:45:35","guid":{"rendered":"https:\/\/medicaltravel.ch\/hasta-raporlari\/yasli-hastalarin-raporlari\/her-sey-lise-yillarinda-basladi-16-mayis-2008-cuma-guenue-tarihli-haber\/"},"modified":"2026-01-12T21:42:30","modified_gmt":"2026-01-12T20:42:30","slug":"her-sey-lise-yillarinda-basladi-16-mayis-2008-cuma-guenue-tarihli-haber","status":"publish","type":"page","link":"https:\/\/medicaltravel.ch\/tr\/hasta-raporlari\/yasli-hastalarin-raporlari\/her-sey-lise-yillarinda-basladi-16-mayis-2008-cuma-guenue-tarihli-haber\/","title":{"rendered":"Her \u015fey lise y\u0131llar\u0131nda ba\u015flad\u0131\u2026 \u2013 16 May\u0131s 2008 Cuma g\u00fcn\u00fc tarihli haber"},"content":{"rendered":"\n<h3 class=\"wp-block-heading\">Her \u015fey lise y\u0131llar\u0131nda ba\u015flad\u0131\u2026 \u2013 16 May\u0131s 2008 Cuma g\u00fcn\u00fc tarihli haber<\/h3>\n\n<p>Her \u015fey lise d\u00f6neminde ba\u015flad\u0131. Birden tahtadaki yaz\u0131lar\u0131 g\u00f6rememeye ba\u015flad\u0131m. Bu, g\u00f6zl\u00fc\u011fe ihtiyac\u0131m oldu\u011funun kesinle\u015fti\u011fi an oldu. Maalesef, g\u00f6rme g\u00fcc\u00fcm giderek k\u00f6t\u00fcle\u015fti. Bir s\u00fcre sonra lens takmaya karar verdim. G\u00f6zlerim \u00e7ok hassas oldu\u011fu i\u00e7in, yakla\u015f\u0131k alt\u0131 ay boyunca takabilece\u011fim lensi bulmam s\u00fcrd\u00fc. Ba\u015flang\u0131\u00e7ta her \u015fey iyi gitti. Ancak bir s\u00fcre sonra \u00e7e\u015fitli konjonktivitler ba\u015flad\u0131. Bunlar \u00e7ok rahats\u0131z edici ve ac\u0131 vericiydi. Sonunda tamamen sinirli ve hayal k\u0131r\u0131kl\u0131\u011f\u0131na u\u011fram\u0131\u015ft\u0131m. G\u00f6zl\u00fckle hi\u00e7 rahat hissetmiyordum. Sonra televizyonlarda bu konuda bir haber izledim ve benim i\u00e7in kesinle\u015fti: Bu, sorunumun \u00e7\u00f6z\u00fcm\u00fc olmal\u0131yd\u0131.           <\/p>\n\n<p>\u0130lk olarak internetten ara\u015ft\u0131rma yapmaya ba\u015flad\u0131m. www.swisslasik.ch sitesine ula\u015ft\u0131m. Hemen bir bilgi dosyas\u0131 sipari\u015fi verdim. \u015ea\u015f\u0131rt\u0131c\u0131 bir \u015fekilde, bu dosya iki g\u00fcn i\u00e7inde elime ge\u00e7ti. Hemen incelemeye ba\u015flad\u0131m. Birka\u00e7 ek sorum oldu\u011fu i\u00e7in, Say\u0131n Karaagacli-Leoni&#8217;ye e-posta ile ba\u015fvurdum. \u00c7ok ge\u00e7meden sorular\u0131ma yan\u0131t ald\u0131m. Bu, do\u011fru yerde oldu\u011fumu bana g\u00f6sterdi.       <\/p>\n\n<p>30 Nisan 2008&#8217;de u\u00e7akla \u0130stanbul&#8217;a gittik. Havaalan\u0131nda bizi kar\u015f\u0131lad\u0131lar ve otelimize g\u00f6t\u00fcrd\u00fcler. <\/p>\n\n<p>1 May\u0131s 2008&#8217;de sabah erken saatlerde tekrar otelden al\u0131nd\u0131m ve Eyestar Klini\u011fi&#8217;ne g\u00f6t\u00fcr\u00fcld\u00fcm. Orada beni \u00e7ok s\u0131cak bir \u015fekilde kar\u015f\u0131lad\u0131lar. <\/p>\n\n<p>Hemen ard\u0131ndan \u00f6n muayenelere ba\u015fland\u0131. Sonras\u0131nda doktorla bir g\u00f6r\u00fc\u015fme ger\u00e7ekle\u015ftirdim. Bana durumu ve hangi y\u00f6ntemin uygulanaca\u011f\u0131na dair a\u00e7\u0131klamalar yapt\u0131. E\u011fer sorular\u0131m varsa, bunlar\u0131 sorabilece\u011fimi belirtti.   <\/p>\n\n<p>Sonra bir kat yukar\u0131 \u00e7\u0131kt\u0131k. Orada ameliyat odas\u0131 vard\u0131. Yava\u015f\u00e7a heyecanlanmaya ba\u015flad\u0131m. Hem\u015fire beni sakinle\u015ftirmek i\u00e7in elinden geleni yapt\u0131. Nihayet o an geldi. Ameliyat kap\u0131s\u0131 a\u00e7\u0131ld\u0131 ve i\u015flem ba\u015flad\u0131. Yakla\u015f\u0131k 10 dakika sonra her \u015fey bitmi\u015fti. \u015ea\u015fk\u0131nl\u0131kla hi\u00e7bir a\u011fr\u0131 hissetmedim. Sadece g\u00f6zlerim biraz suland\u0131. Sonras\u0131nda b\u00fcy\u00fck \u015fezlonglarda dinlenmemize izin verildi. Yakla\u015f\u0131k 10 dakika sonra damla verildi. G\u00f6zya\u015f\u0131 durdu ve net bir \u015fekilde g\u00f6rebilmeye ba\u015flad\u0131m. Tamamen \u015fa\u015fk\u0131n bir \u015fekilde, ard\u0131ndan a\u015fa\u011f\u0131ya inip kontrol muayenesine gittim. Sonra otele d\u00f6n\u00fcp dinlendim. 4 saat sonra uyand\u0131m. \u0130nanas\u0131m gelmedi ama g\u00f6r\u00fc\u015f\u00fcm m\u00fckemmeldi. Her \u015feyi net bir \u015fekilde g\u00f6rebiliyordum ve bunu g\u00f6zl\u00fck veya lens olmadan yapabiliyordum. Harika bir his!                 <\/p>\n\n<p>Ameliyat\u0131 kesinlikle tavsiye ediyorum. G\u00f6zl\u00fck olmadan kendimi tamamen rahat hissediyorum. <\/p>\n\n<p>Ayr\u0131ca t\u00fcm ekibe \u00e7ok b\u00fcy\u00fck bir takdirimi sunuyorum! Klinik i\u00e7inde ger\u00e7ekten \u00e7ok rahat hissettim! <\/p>\n\n<p>Bu, belirli bir ki\u015fi veya olayla m\u0131 ba\u011flant\u0131l\u0131 bir tarih? Yard\u0131mc\u0131 olmam\u0131 istedi\u011finiz ba\u015fka bir \u015fey var m\u0131?<\/p>\n\n<div class=\"wp-block-group is-layout-grid wp-container-core-group-is-layout-baef362d wp-block-group-is-layout-grid\">\n<p><a href=\"https:\/\/medicaltravel.at\/home\/agb\/\" data-type=\"page\" data-id=\"2191\" rel=\"nofollow noopener\" target=\"_blank\"><\/a><a href=\"https:\/\/medicaltravel.ch\/tr\/hasta-raporlari\/yasli-hastalarin-raporlari\/goezlerim-lazerle-tedavi-edildi-nihayet-27-mayis-2008-sali-guenue-tarihli-rapor\/\" data-type=\"link\" data-id=\"https:\/\/medicaltravel.ch\/berichte-von-patienten-istanbul-turkei\/altere-patientenberichte\/augen-gelasert-endlich-bericht-vom-dienstag-27-mai-2008\/\">\u00d6nceki rapor<\/a><\/p>\n\n\n\n<p class=\"has-text-align-right wp-container-content-5e2576f9\"><a href=\"https:\/\/medicaltravel.at\/home\/impressum\/\" data-type=\"page\" data-id=\"2193\" rel=\"nofollow noopener\" target=\"_blank\"><\/a><a href=\"https:\/\/medicaltravel.at\/home\/berichte-von-patienten\/erfahrungsberichte\/erfahrungsbericht-zahnbehandlung-in-istanbul\/\" data-type=\"page\" data-id=\"981\" rel=\"nofollow noopener\" target=\"_blank\"><\/a><a href=\"https:\/\/medicaltravel.ch\/tr\/hasta-raporlari\/yasli-hastalarin-raporlari\/goez-lazer-istanbul-deneyim-raporu-24-nisan-2008-persembe-guenue-raporu\/\" data-type=\"link\" data-id=\"https:\/\/medicaltravel.ch\/berichte-von-patienten-istanbul-turkei\/altere-patientenberichte\/erfahrungsbericht-augenlaser-istanbul-bericht-vom-donnerstag-24-april-2008\/\">Bir sonraki rapor<\/a><\/p>\n<\/div>\n","protected":false},"excerpt":{"rendered":"<p>Her \u015fey lise y\u0131llar\u0131nda ba\u015flad\u0131\u2026 \u2013 16 May\u0131s 2008 Cuma g\u00fcn\u00fc tarihli haber Her \u015fey lise d\u00f6neminde ba\u015flad\u0131. Birden tahtadaki yaz\u0131lar\u0131 g\u00f6rememeye ba\u015flad\u0131m. Bu, g\u00f6zl\u00fc\u011fe ihtiyac\u0131m oldu\u011funun kesinle\u015fti\u011fi an oldu. Maalesef, g\u00f6rme g\u00fcc\u00fcm giderek k\u00f6t\u00fcle\u015fti. Bir s\u00fcre sonra lens takmaya karar verdim. G\u00f6zlerim \u00e7ok hassas oldu\u011fu i\u00e7in, yakla\u015f\u0131k alt\u0131 ay boyunca takabilece\u011fim lensi bulmam s\u00fcrd\u00fc. Ba\u015flang\u0131\u00e7ta her \u015fey iyi gitti. Ancak bir s\u00fcre sonra \u00e7e\u015fitli konjonktivitler ba\u015flad\u0131. Bunlar \u00e7ok rahats\u0131z edici ve ac\u0131 vericiydi. Sonunda tamamen sinirli ve hayal k\u0131r\u0131kl\u0131\u011f\u0131na u\u011fram\u0131\u015ft\u0131m. G\u00f6zl\u00fckle hi\u00e7 rahat hissetmiyordum. Sonra televizyonlarda bu konuda bir haber izledim ve benim i\u00e7in kesinle\u015fti: Bu, sorunumun \u00e7\u00f6z\u00fcm\u00fc olmal\u0131yd\u0131. \u0130lk olarak internetten ara\u015ft\u0131rma yapmaya ba\u015flad\u0131m. www.swisslasik.ch sitesine ula\u015ft\u0131m. Hemen bir bilgi dosyas\u0131 sipari\u015fi verdim. \u015ea\u015f\u0131rt\u0131c\u0131 bir \u015fekilde, bu dosya iki g\u00fcn i\u00e7inde elime ge\u00e7ti. Hemen incelemeye ba\u015flad\u0131m. Birka\u00e7 ek sorum oldu\u011fu i\u00e7in, Say\u0131n Karaagacli-Leoni&#8217;ye e-posta ile ba\u015fvurdum. \u00c7ok ge\u00e7meden sorular\u0131ma yan\u0131t ald\u0131m. Bu, do\u011fru yerde oldu\u011fumu bana g\u00f6sterdi. 30 Nisan 2008&#8217;de u\u00e7akla \u0130stanbul&#8217;a gittik. Havaalan\u0131nda bizi kar\u015f\u0131lad\u0131lar ve otelimize g\u00f6t\u00fcrd\u00fcler. 1 May\u0131s 2008&#8217;de sabah erken saatlerde tekrar otelden al\u0131nd\u0131m ve Eyestar Klini\u011fi&#8217;ne g\u00f6t\u00fcr\u00fcld\u00fcm. Orada beni \u00e7ok s\u0131cak bir \u015fekilde kar\u015f\u0131lad\u0131lar. Hemen ard\u0131ndan \u00f6n muayenelere ba\u015fland\u0131. Sonras\u0131nda doktorla bir g\u00f6r\u00fc\u015fme ger\u00e7ekle\u015ftirdim. Bana durumu ve hangi y\u00f6ntemin uygulanaca\u011f\u0131na dair a\u00e7\u0131klamalar yapt\u0131. E\u011fer sorular\u0131m varsa, bunlar\u0131 sorabilece\u011fimi belirtti. Sonra bir kat yukar\u0131 \u00e7\u0131kt\u0131k. Orada ameliyat odas\u0131 vard\u0131. Yava\u015f\u00e7a heyecanlanmaya ba\u015flad\u0131m. Hem\u015fire beni sakinle\u015ftirmek i\u00e7in elinden geleni yapt\u0131. Nihayet o an geldi. Ameliyat kap\u0131s\u0131 a\u00e7\u0131ld\u0131 ve i\u015flem ba\u015flad\u0131. Yakla\u015f\u0131k 10 dakika sonra her \u015fey bitmi\u015fti. \u015ea\u015fk\u0131nl\u0131kla hi\u00e7bir a\u011fr\u0131 hissetmedim. Sadece g\u00f6zlerim biraz suland\u0131. Sonras\u0131nda b\u00fcy\u00fck \u015fezlonglarda dinlenmemize izin verildi. Yakla\u015f\u0131k 10 dakika sonra damla verildi. G\u00f6zya\u015f\u0131 durdu ve net bir \u015fekilde g\u00f6rebilmeye ba\u015flad\u0131m. Tamamen \u015fa\u015fk\u0131n bir \u015fekilde, ard\u0131ndan a\u015fa\u011f\u0131ya inip kontrol muayenesine gittim. Sonra otele d\u00f6n\u00fcp dinlendim. 4 saat sonra uyand\u0131m. \u0130nanas\u0131m gelmedi ama g\u00f6r\u00fc\u015f\u00fcm m\u00fckemmeldi. Her \u015feyi net bir \u015fekilde g\u00f6rebiliyordum ve bunu g\u00f6zl\u00fck veya lens olmadan yapabiliyordum. Harika bir his! Ameliyat\u0131 kesinlikle tavsiye ediyorum. G\u00f6zl\u00fck olmadan kendimi tamamen rahat hissediyorum. Ayr\u0131ca t\u00fcm ekibe \u00e7ok b\u00fcy\u00fck bir takdirimi sunuyorum! Klinik i\u00e7inde ger\u00e7ekten \u00e7ok rahat hissettim! Bu, belirli bir ki\u015fi veya olayla m\u0131 ba\u011flant\u0131l\u0131 bir tarih? Yard\u0131mc\u0131 olmam\u0131 istedi\u011finiz ba\u015fka bir \u015fey var m\u0131? \u00d6nceki rapor Bir sonraki rapor<\/p>\n","protected":false},"author":4,"featured_media":0,"parent":3223,"menu_order":0,"comment_status":"closed","ping_status":"closed","template":"","meta":{"_joinchat":[],"footnotes":""},"class_list":["post-4425","page","type-page","status-publish","hentry"],"acf":[],"_links":{"self":[{"href":"https:\/\/medicaltravel.ch\/tr\/wp-json\/wp\/v2\/pages\/4425","targetHints":{"allow":["GET"]}}],"collection":[{"href":"https:\/\/medicaltravel.ch\/tr\/wp-json\/wp\/v2\/pages"}],"about":[{"href":"https:\/\/medicaltravel.ch\/tr\/wp-json\/wp\/v2\/types\/page"}],"author":[{"embeddable":true,"href":"https:\/\/medicaltravel.ch\/tr\/wp-json\/wp\/v2\/users\/4"}],"replies":[{"embeddable":true,"href":"https:\/\/medicaltravel.ch\/tr\/wp-json\/wp\/v2\/comments?post=4425"}],"version-history":[{"count":1,"href":"https:\/\/medicaltravel.ch\/tr\/wp-json\/wp\/v2\/pages\/4425\/revisions"}],"predecessor-version":[{"id":4426,"href":"https:\/\/medicaltravel.ch\/tr\/wp-json\/wp\/v2\/pages\/4425\/revisions\/4426"}],"up":[{"embeddable":true,"href":"https:\/\/medicaltravel.ch\/tr\/wp-json\/wp\/v2\/pages\/3223"}],"wp:attachment":[{"href":"https:\/\/medicaltravel.ch\/tr\/wp-json\/wp\/v2\/media?parent=4425"}],"curies":[{"name":"wp","href":"https:\/\/api.w.org\/{rel}","templated":true}]}}