{"id":4427,"date":"2025-09-24T07:52:32","date_gmt":"2025-09-24T06:52:32","guid":{"rendered":"https:\/\/medicaltravel.ch\/hasta-raporlari\/yasli-hastalarin-raporlari\/kisa-ve-neredeyse-acisiz-24-mart-2008-pazartesi-guenue-raporu\/"},"modified":"2026-01-12T21:51:21","modified_gmt":"2026-01-12T20:51:21","slug":"kisa-ve-neredeyse-acisiz-24-mart-2008-pazartesi-guenue-raporu","status":"publish","type":"page","link":"https:\/\/medicaltravel.ch\/tr\/hasta-raporlari\/yasli-hastalarin-raporlari\/kisa-ve-neredeyse-acisiz-24-mart-2008-pazartesi-guenue-raporu\/","title":{"rendered":"K\u0131sa ve (neredeyse) ac\u0131s\u0131z \u2013 24 Mart 2008 Pazartesi g\u00fcn\u00fc raporu"},"content":{"rendered":"\n<h3 class=\"wp-block-heading\">K\u0131sa ve (neredeyse) ac\u0131s\u0131z \u2013 24 Mart 2008 Pazartesi g\u00fcn\u00fc raporu<\/h3>\n\n\n\n<p>K\u0131sa ve (neredeyse) a\u011fr\u0131s\u0131z.<\/p>\n\n\n\n<p>\u0130stanbul&#8217;daki &#8220;G\u00f6z Lazer Ameliyat\u0131&#8221; projesini b\u00f6yle \u00f6zetliyorum! Ge\u00e7en Cumartesi \u0130stanbul&#8217;dan d\u00f6nd\u00fcm, bir\u00e7ok yeni izlenim ve deneyimle birlikte, en \u00f6nemlisi g\u00f6zl\u00fck veya lens olmadan p\u0131r\u0131l p\u0131r\u0131l bir g\u00f6r\u00fc\u015fle! Deneyimimi sizlerle payla\u015fmaktan memnuniyet duyar\u0131m:  <\/p>\n\n\n\n<p>Bir s\u00fcredir g\u00f6zlerimi lazerle tedavi ettirmeyi d\u00fc\u015f\u00fcn\u00fcyordum. Yakla\u015f\u0131k 15 y\u0131ld\u0131r g\u00f6zl\u00fck ya da kontakt lens kullan\u0131yordum. Bir y\u0131l kadar \u00f6nce, lensleri \u00e7ok uzun s\u00fcre takt\u0131\u011f\u0131m i\u00e7in ciddi bir kornea enfeksiyonu ge\u00e7irdim. Neyse, hatalardan ders \u00e7\u0131kar\u0131l\u0131r! Her durumda daha dikkatli oldum ve art\u0131k g\u00f6zl\u00fck kullanmaya ba\u015flad\u0131m, ama asl\u0131nda bu da beni rahats\u0131z ediyordu! \u0130ki ay \u00f6nce &#8220;g\u00f6z lazeri&#8221; kelimesini Google&#8217;a yazd\u0131m ve h\u0131zla Swisslasik&#8217;in web sitesine ula\u015ft\u0131m, burada Z\u00fcrich&#8217;deki \u00f6n muayene i\u00e7in kay\u0131t oldum. Say\u0131n Karaagacli hemen bana ula\u015ft\u0131 ve Z\u00fcrich&#8217;e gitmek i\u00e7in uygun oldu\u011fum baz\u0131 tarihleri s\u00f6yledim. O da beni g\u00f6z doktoruna kaydettirdi. \u00d6n muayenede, asl\u0131nda yap\u0131lan testlerin yan\u0131 s\u0131ra lazerin avantajlar\u0131 ve dezavantajlar\u0131 hakk\u0131nda da bilgilendirildim. \u015eimdi, bunu bir kez daha d\u00fc\u015f\u00fcnme f\u0131rsat\u0131m oldu. Kornea enfeksiyonu nedeniyle sa\u011f g\u00f6z\u00fcmde bir iz vard\u0131, bu da belirli bir risk olu\u015fturuyordu. Ama ba\u015fka hi\u00e7bir problemim olmad\u0131\u011f\u0131n\u0131, komplikasyon riskinin neredeyse s\u0131f\u0131r oldu\u011funu s\u00f6ylediler. Birka\u00e7 g\u00fcn boyunca bunu d\u00fc\u015f\u00fcnd\u00fcm. \u00c7evrem tabii ki buna kar\u015f\u0131yd\u0131. &#8220;Ya bir \u015feyler ters giderse&#8230;!&#8221; gibi yorumlar hep kulaklar\u0131mda \u00e7\u0131nl\u0131yordu.               <\/p>\n\n\n\n<p>Ancak g\u00f6zl\u00fck veya lens olmadan bir hayat d\u00fc\u015f\u00fcncesi kafamdan bir t\u00fcrl\u00fc \u00e7\u0131kmad\u0131. Ayr\u0131ca, bir mirastan biraz para ald\u0131m ve bu parayla ameliyat\u0131 \u00f6deyebildim. Swisslasik&#8217;in web sitesinde biraz daha gezindim ve baz\u0131 deneyim yaz\u0131lar\u0131n\u0131 okudum, bu yaz\u0131lar beni ikna etti ve sonunda kesin olarak karar\u0131m\u0131 verdim. Ve \u015fimdi s\u00f6ylemeliyim ki, hi\u00e7 pi\u015fman de\u011filim! Her \u015fey Say\u0131n Karaagacli taraf\u0131ndan kusursuz bir \u015fekilde organize edildi: U\u00e7ak bileti, otel, ameliyat, her \u015fey o taraf\u0131ndan ayarland\u0131 ve hepsi \u00e7ok k\u0131sa bir s\u00fcrede halledildi! Bana, \u0130stanbul&#8217;daki konaklamam i\u00e7in gerekli t\u00fcm bilgileri i\u00e7eren ki\u015fiye \u00f6zel bir Swisslasik kart\u0131 verildi. Ayr\u0131ca, Say\u0131n Karaagacli&#8217;nin telefonda ve e-postalarda g\u00f6sterdi\u011fi ger\u00e7ek samimiyet ve arkada\u015f canl\u0131l\u0131\u011f\u0131n\u0131 da belirtmek gerek!      <\/p>\n\n\n\n<p>Ge\u00e7en \u00c7ar\u015famba \u0130stanbul&#8217;a u\u00e7tum, a\u00e7\u0131k\u00e7as\u0131 midemde biraz garip bir hisle. Ancak havaalan\u0131nda ba\u015fka iki \u0130svi\u00e7reliyle kar\u015f\u0131la\u015f\u0131nca bu biraz hafifledi, \u00e7\u00fcnk\u00fc onlar da Swisslasik ile g\u00f6z lazeri ameliyat\u0131 yapt\u0131rmaya karar vermi\u015fti. Ayr\u0131ca bizi, g\u00f6zlerimizi lazerle tedavi edecek olan doktor hakk\u0131nda bilgi veren ve bizi otele g\u00f6t\u00fcren Say\u0131n Cayli kar\u015f\u0131lad\u0131. Kendisi ak\u0131c\u0131 bir \u015fekilde Almanca konu\u015fuyordu ve yolculuk s\u0131ras\u0131nda &#8220;EyeStar&#8221; g\u00f6z enstit\u00fcs\u00fc ve doktor hakk\u0131nda bilgi verdi. EyeStar, d\u00fcnya \u00e7ap\u0131nda en iyi kliniklerden biriymi\u015f ve doktor 20.000&#8217;den fazla ameliyat yapm\u0131\u015f. Bu ger\u00e7ekten \u00e7ok rahatlat\u0131c\u0131yd\u0131! Otelde bizi s\u0131cak bir \u015fekilde kar\u015f\u0131lad\u0131lar ve ertesi g\u00fcn zaman\u0131nda al\u0131n\u0131p klin\u011fe g\u00f6t\u00fcr\u00fcld\u00fck, burada g\u00f6zlerimiz detayl\u0131 bir \u015fekilde muayene edildi. Ard\u0131ndan k\u0131sa bir \u00f6\u011fle aras\u0131 verildi ve \u00f6\u011fleden sonra i\u015flem ba\u015flad\u0131! \u015eunu s\u00f6ylemeliyim ki, her \u015fey, ger\u00e7ekten her \u015fey sorunsuz bir \u015fekilde ilerledi! S\u00fcrekli iyi bir \u015fekilde ilgilendik ve bilgilendirildik, her zaman huzurlu ve dostane bir atmosfer vard\u0131. Ameliyat s\u0131ras\u0131nda k\u0131sa bir s\u00fcreli\u011fine biraz daha yo\u011fun bir a\u011fr\u0131 hissettim, ancak ameliyat sonras\u0131 g\u00f6zlerimde biraz yanma oldu. Ancak, \u00e7ok k\u0131sa bir s\u00fcre sonra, yanmay\u0131 hafifleten g\u00f6z damlalar\u0131 verildi. K\u0131sa bir s\u00fcre sonra otele d\u00f6nd\u00fck ve dinlenmeye \u00e7ekildik. \u00dc\u00e7 saat sonra kendimi \u00e7ok iyi hissediyordum ve k\u0131sa bir metni rahat\u00e7a okuyabiliyordum. Lazer i\u015flemi sonras\u0131 g\u00f6r\u00fc\u015f\u00fcm hemen netle\u015fti. Sonu\u00e7tan \u00e7ok memnunum! \u015eimdi geride kald\u0131; g\u00f6zl\u00fck veya lens olmadan yeni bir g\u00f6r\u00fc\u015fe sahip oldu\u011fum i\u00e7in \u00e7ok mutluyum ve ger\u00e7ekten herkese tavsiye edebilirim!                <\/p>\n\n\n\n<p>Ancak hikaye hen\u00fcz tamamlanmad\u0131: Ertesi g\u00fcn doktor taraf\u0131ndan son bir kontrol yap\u0131ld\u0131. Her \u015fey yolundayd\u0131! G\u00fcn\u00fcn geri kalan k\u0131sm\u0131 serbestti, bu y\u00fczden \u0130stanbul&#8217;u biraz daha gezme f\u0131rsat\u0131m\u0131z oldu, ard\u0131ndan bir sonraki g\u00fcn \u0130svi\u00e7re&#8217;ye do\u011fru u\u00e7u\u015fa ge\u00e7tik. \u015eimdi birka\u00e7 g\u00fcn daha g\u00f6z damlas\u0131 kullanmam gerekiyor ama herhangi bir rahats\u0131zl\u0131k hissetmiyorum ve g\u00f6r\u00fc\u015f\u00fcm p\u0131r\u0131l p\u0131r\u0131l. Bunu m\u00fcmk\u00fcn k\u0131lan herkese \u00e7ok te\u015fekk\u00fcr ederim!    <\/p>\n\n\n\n<p>Ba\u011fl\u0131, 25.03.2008<\/p>\n\n\n\n<div class=\"wp-block-group is-layout-grid wp-container-core-group-is-layout-baef362d wp-block-group-is-layout-grid\">\n<p><a href=\"https:\/\/medicaltravel.at\/home\/agb\/\" data-type=\"page\" data-id=\"2191\" rel=\"nofollow noopener\" target=\"_blank\"><\/a><a href=\"https:\/\/medicaltravel.ch\/tr\/hasta-raporlari\/yasli-hastalarin-raporlari\/lazer-goez-ameliyati-deneyimim-26-mart-2008-carsamba-guenue-raporu\/\" data-type=\"link\" data-id=\"https:\/\/medicaltravel.ch\/tr\/hasta-raporlari\/yasli-hastalarin-raporlari\/lazer-goez-ameliyati-deneyimim-26-mart-2008-carsamba-guenue-raporu\/\">\u00d6nceki rapor<\/a><\/p>\n\n\n\n<p class=\"has-text-align-right wp-container-content-5e2576f9\"><a href=\"https:\/\/medicaltravel.at\/home\/impressum\/\" data-type=\"page\" data-id=\"2193\" rel=\"nofollow noopener\" target=\"_blank\"><\/a><a href=\"https:\/\/medicaltravel.at\/home\/berichte-von-patienten\/erfahrungsberichte\/erfahrungsbericht-zahnbehandlung-in-istanbul\/\" data-type=\"page\" data-id=\"981\" rel=\"nofollow noopener\" target=\"_blank\"><\/a><a href=\"https:\/\/medicaltravel.ch\/tr\/hasta-raporlari\/yasli-hastalarin-raporlari\/yaptim-17-mart-2008-pazartesi-guenue-raporu\/\" data-type=\"link\" data-id=\"https:\/\/medicaltravel.ch\/tr\/hasta-raporlari\/yasli-hastalarin-raporlari\/yaptim-17-mart-2008-pazartesi-guenue-raporu\/\">Bir sonraki rapor<\/a><\/p>\n<\/div>\n","protected":false},"excerpt":{"rendered":"<p>K\u0131sa ve (neredeyse) ac\u0131s\u0131z \u2013 24 Mart 2008 Pazartesi g\u00fcn\u00fc raporu K\u0131sa ve (neredeyse) a\u011fr\u0131s\u0131z. \u0130stanbul&#8217;daki &#8220;G\u00f6z Lazer Ameliyat\u0131&#8221; projesini b\u00f6yle \u00f6zetliyorum! Ge\u00e7en Cumartesi \u0130stanbul&#8217;dan d\u00f6nd\u00fcm, bir\u00e7ok yeni izlenim ve deneyimle birlikte, en \u00f6nemlisi g\u00f6zl\u00fck veya lens olmadan p\u0131r\u0131l p\u0131r\u0131l bir g\u00f6r\u00fc\u015fle! Deneyimimi sizlerle payla\u015fmaktan memnuniyet duyar\u0131m: Bir s\u00fcredir g\u00f6zlerimi lazerle tedavi ettirmeyi d\u00fc\u015f\u00fcn\u00fcyordum. Yakla\u015f\u0131k 15 y\u0131ld\u0131r g\u00f6zl\u00fck ya da kontakt lens kullan\u0131yordum. Bir y\u0131l kadar \u00f6nce, lensleri \u00e7ok uzun s\u00fcre takt\u0131\u011f\u0131m i\u00e7in ciddi bir kornea enfeksiyonu ge\u00e7irdim. Neyse, hatalardan ders \u00e7\u0131kar\u0131l\u0131r! Her durumda daha dikkatli oldum ve art\u0131k g\u00f6zl\u00fck kullanmaya ba\u015flad\u0131m, ama asl\u0131nda bu da beni rahats\u0131z ediyordu! \u0130ki ay \u00f6nce &#8220;g\u00f6z lazeri&#8221; kelimesini Google&#8217;a yazd\u0131m ve h\u0131zla Swisslasik&#8217;in web sitesine ula\u015ft\u0131m, burada Z\u00fcrich&#8217;deki \u00f6n muayene i\u00e7in kay\u0131t oldum. Say\u0131n Karaagacli hemen bana ula\u015ft\u0131 ve Z\u00fcrich&#8217;e gitmek i\u00e7in uygun oldu\u011fum baz\u0131 tarihleri s\u00f6yledim. O da beni g\u00f6z doktoruna kaydettirdi. \u00d6n muayenede, asl\u0131nda yap\u0131lan testlerin yan\u0131 s\u0131ra lazerin avantajlar\u0131 ve dezavantajlar\u0131 hakk\u0131nda da bilgilendirildim. \u015eimdi, bunu bir kez daha d\u00fc\u015f\u00fcnme f\u0131rsat\u0131m oldu. Kornea enfeksiyonu nedeniyle sa\u011f g\u00f6z\u00fcmde bir iz vard\u0131, bu da belirli bir risk olu\u015fturuyordu. Ama ba\u015fka hi\u00e7bir problemim olmad\u0131\u011f\u0131n\u0131, komplikasyon riskinin neredeyse s\u0131f\u0131r oldu\u011funu s\u00f6ylediler. Birka\u00e7 g\u00fcn boyunca bunu d\u00fc\u015f\u00fcnd\u00fcm. \u00c7evrem tabii ki buna kar\u015f\u0131yd\u0131. &#8220;Ya bir \u015feyler ters giderse&#8230;!&#8221; gibi yorumlar hep kulaklar\u0131mda \u00e7\u0131nl\u0131yordu. Ancak g\u00f6zl\u00fck veya lens olmadan bir hayat d\u00fc\u015f\u00fcncesi kafamdan bir t\u00fcrl\u00fc \u00e7\u0131kmad\u0131. Ayr\u0131ca, bir mirastan biraz para ald\u0131m ve bu parayla ameliyat\u0131 \u00f6deyebildim. Swisslasik&#8217;in web sitesinde biraz daha gezindim ve baz\u0131 deneyim yaz\u0131lar\u0131n\u0131 okudum, bu yaz\u0131lar beni ikna etti ve sonunda kesin olarak karar\u0131m\u0131 verdim. Ve \u015fimdi s\u00f6ylemeliyim ki, hi\u00e7 pi\u015fman de\u011filim! Her \u015fey Say\u0131n Karaagacli taraf\u0131ndan kusursuz bir \u015fekilde organize edildi: U\u00e7ak bileti, otel, ameliyat, her \u015fey o taraf\u0131ndan ayarland\u0131 ve hepsi \u00e7ok k\u0131sa bir s\u00fcrede halledildi! Bana, \u0130stanbul&#8217;daki konaklamam i\u00e7in gerekli t\u00fcm bilgileri i\u00e7eren ki\u015fiye \u00f6zel bir Swisslasik kart\u0131 verildi. Ayr\u0131ca, Say\u0131n Karaagacli&#8217;nin telefonda ve e-postalarda g\u00f6sterdi\u011fi ger\u00e7ek samimiyet ve arkada\u015f canl\u0131l\u0131\u011f\u0131n\u0131 da belirtmek gerek! Ge\u00e7en \u00c7ar\u015famba \u0130stanbul&#8217;a u\u00e7tum, a\u00e7\u0131k\u00e7as\u0131 midemde biraz garip bir hisle. Ancak havaalan\u0131nda ba\u015fka iki \u0130svi\u00e7reliyle kar\u015f\u0131la\u015f\u0131nca bu biraz hafifledi, \u00e7\u00fcnk\u00fc onlar da Swisslasik ile g\u00f6z lazeri ameliyat\u0131 yapt\u0131rmaya karar vermi\u015fti. Ayr\u0131ca bizi, g\u00f6zlerimizi lazerle tedavi edecek olan doktor hakk\u0131nda bilgi veren ve bizi otele g\u00f6t\u00fcren Say\u0131n Cayli kar\u015f\u0131lad\u0131. Kendisi ak\u0131c\u0131 bir \u015fekilde Almanca konu\u015fuyordu ve yolculuk s\u0131ras\u0131nda &#8220;EyeStar&#8221; g\u00f6z enstit\u00fcs\u00fc ve doktor hakk\u0131nda bilgi verdi. EyeStar, d\u00fcnya \u00e7ap\u0131nda en iyi kliniklerden biriymi\u015f ve doktor 20.000&#8217;den fazla ameliyat yapm\u0131\u015f. Bu ger\u00e7ekten \u00e7ok rahatlat\u0131c\u0131yd\u0131! Otelde bizi s\u0131cak bir \u015fekilde kar\u015f\u0131lad\u0131lar ve ertesi g\u00fcn zaman\u0131nda al\u0131n\u0131p klin\u011fe g\u00f6t\u00fcr\u00fcld\u00fck, burada g\u00f6zlerimiz detayl\u0131 bir \u015fekilde muayene edildi. Ard\u0131ndan k\u0131sa bir \u00f6\u011fle aras\u0131 verildi ve \u00f6\u011fleden sonra i\u015flem ba\u015flad\u0131! \u015eunu s\u00f6ylemeliyim ki, her \u015fey, ger\u00e7ekten her \u015fey sorunsuz bir \u015fekilde ilerledi! S\u00fcrekli iyi bir \u015fekilde ilgilendik ve bilgilendirildik, her zaman huzurlu ve dostane bir atmosfer vard\u0131. Ameliyat s\u0131ras\u0131nda k\u0131sa bir s\u00fcreli\u011fine biraz daha yo\u011fun bir a\u011fr\u0131 hissettim, ancak ameliyat sonras\u0131 g\u00f6zlerimde biraz yanma oldu. Ancak, \u00e7ok k\u0131sa bir s\u00fcre sonra, yanmay\u0131 hafifleten g\u00f6z damlalar\u0131 verildi. K\u0131sa bir s\u00fcre sonra otele d\u00f6nd\u00fck ve dinlenmeye \u00e7ekildik. \u00dc\u00e7 saat sonra kendimi \u00e7ok iyi hissediyordum ve k\u0131sa bir metni rahat\u00e7a okuyabiliyordum. Lazer i\u015flemi sonras\u0131 g\u00f6r\u00fc\u015f\u00fcm hemen netle\u015fti. Sonu\u00e7tan \u00e7ok memnunum! \u015eimdi geride kald\u0131; g\u00f6zl\u00fck veya lens olmadan yeni bir g\u00f6r\u00fc\u015fe sahip oldu\u011fum i\u00e7in \u00e7ok mutluyum ve ger\u00e7ekten herkese tavsiye edebilirim! Ancak hikaye hen\u00fcz tamamlanmad\u0131: Ertesi g\u00fcn doktor taraf\u0131ndan son bir kontrol yap\u0131ld\u0131. Her \u015fey yolundayd\u0131! G\u00fcn\u00fcn geri kalan k\u0131sm\u0131 serbestti, bu y\u00fczden \u0130stanbul&#8217;u biraz daha gezme f\u0131rsat\u0131m\u0131z oldu, ard\u0131ndan bir sonraki g\u00fcn \u0130svi\u00e7re&#8217;ye do\u011fru u\u00e7u\u015fa ge\u00e7tik. \u015eimdi birka\u00e7 g\u00fcn daha g\u00f6z damlas\u0131 kullanmam gerekiyor ama herhangi bir rahats\u0131zl\u0131k hissetmiyorum ve g\u00f6r\u00fc\u015f\u00fcm p\u0131r\u0131l p\u0131r\u0131l. Bunu m\u00fcmk\u00fcn k\u0131lan herkese \u00e7ok te\u015fekk\u00fcr ederim! Ba\u011fl\u0131, 25.03.2008 \u00d6nceki rapor Bir sonraki rapor<\/p>\n","protected":false},"author":4,"featured_media":0,"parent":3223,"menu_order":0,"comment_status":"closed","ping_status":"closed","template":"","meta":{"_joinchat":[],"footnotes":""},"class_list":["post-4427","page","type-page","status-publish","hentry"],"acf":[],"_links":{"self":[{"href":"https:\/\/medicaltravel.ch\/tr\/wp-json\/wp\/v2\/pages\/4427","targetHints":{"allow":["GET"]}}],"collection":[{"href":"https:\/\/medicaltravel.ch\/tr\/wp-json\/wp\/v2\/pages"}],"about":[{"href":"https:\/\/medicaltravel.ch\/tr\/wp-json\/wp\/v2\/types\/page"}],"author":[{"embeddable":true,"href":"https:\/\/medicaltravel.ch\/tr\/wp-json\/wp\/v2\/users\/4"}],"replies":[{"embeddable":true,"href":"https:\/\/medicaltravel.ch\/tr\/wp-json\/wp\/v2\/comments?post=4427"}],"version-history":[{"count":0,"href":"https:\/\/medicaltravel.ch\/tr\/wp-json\/wp\/v2\/pages\/4427\/revisions"}],"up":[{"embeddable":true,"href":"https:\/\/medicaltravel.ch\/tr\/wp-json\/wp\/v2\/pages\/3223"}],"wp:attachment":[{"href":"https:\/\/medicaltravel.ch\/tr\/wp-json\/wp\/v2\/media?parent=4427"}],"curies":[{"name":"wp","href":"https:\/\/api.w.org\/{rel}","templated":true}]}}