{"id":4429,"date":"2025-09-24T08:14:29","date_gmt":"2025-09-24T07:14:29","guid":{"rendered":"https:\/\/medicaltravel.ch\/hasta-raporlari\/yasli-hastalarin-raporlari\/istanbulda-lasik-ameliyati-5-aralik-2006-sali-guenue-raporu\/"},"modified":"2026-01-12T22:39:25","modified_gmt":"2026-01-12T21:39:25","slug":"istanbulda-lasik-ameliyati-5-aralik-2006-sali-guenue-raporu","status":"publish","type":"page","link":"https:\/\/medicaltravel.ch\/tr\/hasta-raporlari\/yasli-hastalarin-raporlari\/istanbulda-lasik-ameliyati-5-aralik-2006-sali-guenue-raporu\/","title":{"rendered":"\u0130stanbul&#8217;da LASIK ameliyat\u0131 \u2013 5 Aral\u0131k 2006 Sal\u0131 g\u00fcn\u00fc raporu"},"content":{"rendered":"\n<h3 class=\"wp-block-heading\">\u0130stanbul&#8217;da LASIK ameliyat\u0131 \u2013 5 Aral\u0131k 2006 Sal\u0131 g\u00fcn\u00fc raporu<\/h3>\n\n\n\n<p>sal\u00fc<\/p>\n\n\n\n<p>Eyl\u00fcl ay\u0131nda zaten \u0130stanbul&#8217;dayd\u0131m. swisslasik.ch her \u015feyimi \u00e7ok iyi organize etti: <\/p>\n\n\n\n<p>CH&#8217;de \u00f6n inceleme<\/p>\n\n\n\n<p>U\u00e7u\u015f<\/p>\n\n\n\n<p>Havaliman\u0131-otel-havaliman\u0131 transferleri<\/p>\n\n\n\n<p>otel<\/p>\n\n\n\n<p>die Klinik ect.<\/p>\n\n\n\n<p>Benim i\u00e7in normal LASIK tercih edildi. Doktor, de\u011ferlerimin femto-LASIK i\u00e7in tam olarak uygun olmad\u0131\u011f\u0131n\u0131 s\u00f6yledi. (Buna inan\u0131yorum \u00e7\u00fcnk\u00fc femto-LASIK ile daha fazla \u00f6deme yapmam gerekecekti!)  <\/p>\n\n\n\n<p>\u0130lk hafta bazen sorunlar\u0131m oldu. Ama \u015fimdi sonu\u00e7tan memnunum. Kontakt lens olmadan ya\u015famak! Bu benim i\u00e7in inan\u0131lmaz!<\/p>\n\n\n\n<div class=\"wp-block-group is-layout-grid wp-container-core-group-is-layout-baef362d wp-block-group-is-layout-grid\">\n<p><a href=\"https:\/\/medicaltravel.at\/home\/agb\/\" data-type=\"page\" data-id=\"2191\" rel=\"nofollow noopener\" target=\"_blank\"><\/a><a href=\"https:\/\/medicaltravel.ch\/tr\/hasta-raporlari\/yasli-hastalarin-raporlari\/goez-lazer-istanbul-deneyim-raporu-29-ocak-2007-pazartesi-guenue-raporu\/\" data-type=\"link\" data-id=\"https:\/\/medicaltravel.ch\/tr\/hasta-raporlari\/yasli-hastalarin-raporlari\/goez-lazer-istanbul-deneyim-raporu-29-ocak-2007-pazartesi-guenue-raporu\/\">\u00d6nceki rapor<\/a><\/p>\n\n\n\n<p class=\"has-text-align-right wp-container-content-5e2576f9\"><a href=\"https:\/\/medicaltravel.at\/home\/impressum\/\" data-type=\"page\" data-id=\"2193\" rel=\"nofollow noopener\" target=\"_blank\"><\/a><a href=\"https:\/\/medicaltravel.at\/home\/berichte-von-patienten\/erfahrungsberichte\/erfahrungsbericht-zahnbehandlung-in-istanbul\/\" data-type=\"page\" data-id=\"981\" rel=\"nofollow noopener\" target=\"_blank\"><\/a><a href=\"https:\/\/medicaltravel.ch\/tr\/hasta-raporlari\/yasli-hastalarin-raporlari\/deneyim-raporu-lasik-istanbul-29-kasim-2006-carsamba-guenue-tarihli-rapor\/\" data-type=\"link\" data-id=\"https:\/\/medicaltravel.ch\/berichte-von-patienten-istanbul-turkei\/altere-patientenberichte\/erfahrungsbericht-lasik-istanbul-bericht-vom-mittwoch-29-november-2006\/\">Bir sonraki rapor<\/a><\/p>\n<\/div>\n","protected":false},"excerpt":{"rendered":"<p>\u0130stanbul&#8217;da LASIK ameliyat\u0131 \u2013 5 Aral\u0131k 2006 Sal\u0131 g\u00fcn\u00fc raporu sal\u00fc Eyl\u00fcl ay\u0131nda zaten \u0130stanbul&#8217;dayd\u0131m. swisslasik.ch her \u015feyimi \u00e7ok iyi organize etti: CH&#8217;de \u00f6n inceleme U\u00e7u\u015f Havaliman\u0131-otel-havaliman\u0131 transferleri otel die Klinik ect. Benim i\u00e7in normal LASIK tercih edildi. Doktor, de\u011ferlerimin femto-LASIK i\u00e7in tam olarak uygun olmad\u0131\u011f\u0131n\u0131 s\u00f6yledi. (Buna inan\u0131yorum \u00e7\u00fcnk\u00fc femto-LASIK ile daha fazla \u00f6deme yapmam gerekecekti!) \u0130lk hafta bazen sorunlar\u0131m oldu. Ama \u015fimdi sonu\u00e7tan memnunum. Kontakt lens olmadan ya\u015famak! Bu benim i\u00e7in inan\u0131lmaz! \u00d6nceki rapor Bir sonraki rapor<\/p>\n","protected":false},"author":4,"featured_media":0,"parent":3223,"menu_order":0,"comment_status":"closed","ping_status":"closed","template":"","meta":{"_joinchat":[],"footnotes":""},"class_list":["post-4429","page","type-page","status-publish","hentry"],"acf":[],"_links":{"self":[{"href":"https:\/\/medicaltravel.ch\/tr\/wp-json\/wp\/v2\/pages\/4429","targetHints":{"allow":["GET"]}}],"collection":[{"href":"https:\/\/medicaltravel.ch\/tr\/wp-json\/wp\/v2\/pages"}],"about":[{"href":"https:\/\/medicaltravel.ch\/tr\/wp-json\/wp\/v2\/types\/page"}],"author":[{"embeddable":true,"href":"https:\/\/medicaltravel.ch\/tr\/wp-json\/wp\/v2\/users\/4"}],"replies":[{"embeddable":true,"href":"https:\/\/medicaltravel.ch\/tr\/wp-json\/wp\/v2\/comments?post=4429"}],"version-history":[{"count":2,"href":"https:\/\/medicaltravel.ch\/tr\/wp-json\/wp\/v2\/pages\/4429\/revisions"}],"predecessor-version":[{"id":6570,"href":"https:\/\/medicaltravel.ch\/tr\/wp-json\/wp\/v2\/pages\/4429\/revisions\/6570"}],"up":[{"embeddable":true,"href":"https:\/\/medicaltravel.ch\/tr\/wp-json\/wp\/v2\/pages\/3223"}],"wp:attachment":[{"href":"https:\/\/medicaltravel.ch\/tr\/wp-json\/wp\/v2\/media?parent=4429"}],"curies":[{"name":"wp","href":"https:\/\/api.w.org\/{rel}","templated":true}]}}