{"id":4431,"date":"2025-09-24T07:44:07","date_gmt":"2025-09-24T06:44:07","guid":{"rendered":"https:\/\/medicaltravel.ch\/hasta-raporlari\/yasli-hastalarin-raporlari\/deneyim-raporum-lasik-istanbul-28-mayis-2008-carsamba-guenue-tarihli-rapor\/"},"modified":"2026-01-12T21:40:54","modified_gmt":"2026-01-12T20:40:54","slug":"deneyim-raporum-lasik-istanbul-28-mayis-2008-carsamba-guenue-tarihli-rapor","status":"publish","type":"page","link":"https:\/\/medicaltravel.ch\/tr\/hasta-raporlari\/yasli-hastalarin-raporlari\/deneyim-raporum-lasik-istanbul-28-mayis-2008-carsamba-guenue-tarihli-rapor\/","title":{"rendered":"Deneyim raporum LASIK \u0130STANBUL \u2013 28 May\u0131s 2008 \u00c7ar\u015famba g\u00fcn\u00fc tarihli rapor"},"content":{"rendered":"\n<h3 class=\"wp-block-heading\">Deneyim raporum LASIK \u0130STANBUL \u2013 28 May\u0131s 2008 \u00c7ar\u015famba g\u00fcn\u00fc tarihli rapor<\/h3>\n\n<p>Lazer g\u00f6z ameliyat\u0131yla ilgili deneyimim<\/p>\n\n<p>ba\u015flang\u0131\u00e7<\/p>\n\n<p>Bu y\u0131l\u0131n ba\u015flar\u0131nda, Nisan ay\u0131nda, ben ve e\u015fim bir Asya seyahatinden evimize d\u00f6nd\u00fck. Orada, \u00f6zellikle s\u00f6rf yaparak vakit ge\u00e7irdim ve her zaman g\u00f6zl\u00fck kulland\u0131\u011f\u0131m i\u00e7in (miyopluk, -1.25 diyoptri) genellikle g\u00fcnl\u00fck lenslerle u\u011fra\u015ft\u0131m. Ak\u015famlar\u0131, ya lenslerimi zaten dal\u0131\u015flarda kaybetmi\u015f oluyordum ya da onlar\u0131 bulmaya \u00e7al\u0131\u015f\u0131yordum. D\u00f6nd\u00fc\u011f\u00fcmde ise net bir iste\u011fim olu\u015ftu: Gelecekte g\u00f6zl\u00fck kullanmadan ya\u015famak!   <\/p>\n\n<p>D\u00f6n\u00fc\u015f\u00fcm\u00fcz\u00fcn ard\u0131ndan optik\u00e7iye gittik (g\u00fcne\u015f g\u00f6zl\u00fckleri almak i\u00e7in) ve ben ona, g\u00f6zl\u00fc\u011f\u00fcm\u00fc d\u00fczelttirmek i\u00e7in lazer operasyonunun m\u00fcmk\u00fcn olup olmad\u0131\u011f\u0131n\u0131 sordum. O da evet, ancak \u00f6nceden bir de\u011ferlendirme yap\u0131lmas\u0131 gerekti\u011fini s\u00f6yledi. Fiyatlar hakk\u0131nda da konu\u015ftuk ve bana, g\u00f6zlerini T\u00fcrkiye&#8217;de ameliyat ettiren bir m\u00fc\u015fterisinden bahsetti. T\u00fcrkiye?! \u015eimdiye kadar hi\u00e7 akl\u0131ma gelmemi\u015fti, \u00e7\u00fcnk\u00fc bana g\u00f6re &#8220;ameliyat&#8221; ve &#8220;T\u00fcrkiye&#8221; kelimeleri pek bir araya gelmiyordu. Ama merak\u0131m uyand\u0131. Daha fazla bilgi edinmek istedim.      <\/p>\n\n<p>Eve d\u00f6nd\u00fc\u011f\u00fcmde internet \u00fczerinde &#8220;ara\u015ft\u0131rma&#8221; yapmaya ba\u015flad\u0131m. H\u0131zla www.swisslasik.ch web sitesine ula\u015ft\u0131m. T\u00fcm siteyi yazd\u0131r\u0131p inceledim ve i\u00e7erikleri \u0130svi\u00e7re&#8217;deki kliniklerin sunduklar\u0131 bilgilerle kar\u015f\u0131la\u015ft\u0131rd\u0131m. T\u00fcm bu okumalar sonucunda, bir operasyonun ba\u015far\u0131l\u0131 olabilmesi i\u00e7in birka\u00e7 \u00f6nemli fakt\u00f6r oldu\u011funu fark ettim:   <\/p>\n\n<p>\u00d6n muayene ve lazer i\u00e7in d\u00fczeltme belirleme<br\/>Doktorun deneyimi<br\/>Lazer cihazlar\u0131n\u0131n teknik durumu<br\/>Ameliyat ortam\u0131n\u0131n sterilitesi<\/p>\n\n<p>Forumlar, deneyim raporlar\u0131 ve gazete makalelerini inceledikten sonra, T\u00fcrkiye&#8217;deki bir ameliyat\u0131n bir alternatif oldu\u011funu fark ettim. Ancak, bilinmeyen klinikler ve maceralarla asla risk almak istemiyordum. Genel olarak Swisslasik&#8217;in sundu\u011fu teklif bana ikna edici geldi: \u0130svi\u00e7re&#8217;deki \u00f6n ve sonras\u0131 muayene, seyahatin t\u00fcm organizasyonu, Almanca konu\u015fan bir irtibat ki\u015fisi, uzun y\u0131llard\u0131r faaliyet g\u00f6steren bir klinik, en modern cihazlar ve \u00e7ok nitelikli, deneyimli doktorlar. Karar\u0131m k\u0131sa s\u00fcrede kesinle\u015fti: Bunu yapmak istiyorum. Zaman do\u011fru ve \u015fimdi harekete ge\u00e7me zaman\u0131.    <\/p>\n\n<p>Sonraki ad\u0131m, Swisslasik ile ileti\u015fime ge\u00e7mekti. Say\u0131n Karaagacli&#8217;nin deste\u011fini \u00e7ok dostane, yard\u0131mc\u0131, sorunsuz ve bask\u0131 yapmayan bir \u015fekilde buldum. 3 g\u00fcn i\u00e7inde Z\u00fcrich&#8217;de bir \u00f6n muayene yapabildim. Bu muayene, g\u00f6rme bozuklu\u011fum nedeniyle lazer operasyonunun m\u00fcmk\u00fcn oldu\u011funu g\u00f6sterdi. Ancak g\u00f6z doktoru, ayn\u0131 zamanda risklere de dikkat \u00e7ekti ve belki de bir okuma g\u00f6zl\u00fc\u011f\u00fc kullanmak zorunda kalabilece\u011fimi belirtti. Bu nedenle karar\u0131m\u0131 dikkatlice vermem gerekti\u011fini s\u00f6yledi. 2 g\u00fcn sonra karar\u0131m\u0131 verdim: Evet, ameliyat olmak istiyordum. M\u00fcmk\u00fcnse en k\u0131sa zamanda, b\u00f6ylece yazdan \u00f6nce g\u00f6zlerim iyile\u015fmi\u015f olurdu.       <\/p>\n\n<p>K\u0131sa s\u00fcrede, 1 May\u0131s&#8217;tan sonraki hafta sonu i\u00e7in Say\u0131n Karaagacli ile bir randevu ayarlad\u0131m. U\u00e7u\u015fu kendim ayarlad\u0131m ve geri kalan her \u015feyi o halletti. <\/p>\n\n<p>\u00d6l\u00fcm Operasyonu<\/p>\n\n<p>U\u00e7u\u015f (Swiss), otel ve benzeri detaylar\u0131 burada bir kenara b\u0131rak\u0131yorum ve klinikteki g\u00fcne devam etmek istiyorum. \u0130stanbul&#8217;da serbest bir per\u015fembe g\u00fcn\u00fcn\u00fcn ard\u0131ndan nihayet o an gelmi\u015fti: \u00d6\u011fle saatlerinde al\u0131nd\u0131k ve Eyestar Klini\u011fi&#8217;ne g\u00f6t\u00fcr\u00fcld\u00fck. Binan\u0131n d\u0131\u015f\u0131 ve merdivenler \u00e7ok etkileyici de\u011fildi; ancak taksici, binan\u0131n sahibi taraf\u0131ndan yap\u0131lacak bir yenileme plan\u0131 oldu\u011funu \u00f6nceden bize bildirmi\u015fti. Klinik i\u00e7eriye girdi\u011fimizde ise her \u015fey farkl\u0131yd\u0131: En iyi Bern Almancas\u0131yla bizi kar\u015f\u0131layan Fred, her \u015feyi a\u00e7\u0131klay\u0131p hastalarla yak\u0131ndan ilgileniyor. Fred, klini\u011fin adeta ruhu gibi. Onunla kendinizi ger\u00e7ekten g\u00fcvende hissediyorsunuz. Bir s\u00fcre sonra, optik cihazlarla yap\u0131lan \u00f6n muayene ba\u015fl\u0131yor. Ard\u0131ndan, g\u00f6z bebeklerini geni\u015fletmek i\u00e7in g\u00f6z damlas\u0131 damlat\u0131l\u0131yor ve sonraki testler i\u00e7in g\u00f6zler haz\u0131rlan\u0131yor. Sonras\u0131nda, lazer ameliyat\u0131n\u0131 yapacak olan doktorun muayenesi geliyor. \u0130ngilizce konu\u015ftuk, ancak Fred her zaman yan\u0131m\u0131zda olup, terc\u00fcmanl\u0131k yapt\u0131. Hekime hemen g\u00fcven duydum: O kadar deneyimli, kendinden emin ve rahat g\u00f6r\u00fcn\u00fcyordu. 25.000&#8217;den fazla lazer operasyonu yapm\u0131\u015f. Bu da bana operasyon \u00f6ncesi g\u00fcven verdi ve rahatlamam\u0131 sa\u011flad\u0131. Bekleme aralar\u0131nda s\u00fcrekli olarak \u00e7ay, kola gibi ikramlarla servis edildik. Yar\u0131m daire \u015feklindeki, ayd\u0131nl\u0131k bekleme salonunda neredeyse bir aile atmosferi vard\u0131. Birbirimizi birka\u00e7 \u015fakayla g\u00fcld\u00fcr\u00fcp, arada bir Fred&#8217;le dalga ge\u00e7tik. Bu da gev\u015fememize yard\u0131mc\u0131 oldu.                <\/p>\n\n<p>\u00d6n muayene, Z\u00fcrich&#8217;deki muayenenin sonucunu do\u011frulad\u0131. Ameliyat yap\u0131labilir. \u00d6n muayeneden sonra biraz yemek yemek i\u00e7in zaman\u0131m\u0131z oldu.  <\/p>\n\n<p>Saat 16.30&#8217;da tekrar klini\u011fe d\u00f6nd\u00fck. Bir s\u00fcre sonra, ameliyat odas\u0131n\u0131n bulundu\u011fu \u00fcst kata \u00e7\u0131kt\u0131k. Ameliyat s\u0131ram geldi. Fred beni steril giysilerle haz\u0131rlad\u0131, ba\u015fl\u0131k takt\u0131, g\u00f6zlerime damla damlatt\u0131 ve neler olaca\u011f\u0131n\u0131 a\u00e7\u0131klad\u0131. Kendi \u015fa\u015fk\u0131nl\u0131\u011f\u0131mla, gergin olmama ra\u011fmen i\u00e7sel olarak sakin kald\u0131m. \u015eu ana kadar ya\u015fad\u0131klar\u0131mdan dolay\u0131 klinik ve \u00e7al\u0131\u015fanlar\u0131na tam g\u00fcvenim vard\u0131.<br\/>Ameliyat odas\u0131nda ilk olarak v\u00fccut ve ba\u015f\u0131m yatakta do\u011fru \u015fekilde yerle\u015ftirildi. Sonra ba\u015f\u0131ma bir \u00f6rt\u00fc yerle\u015ftirildi (ama d\u0131\u015far\u0131y\u0131 g\u00f6rebiliyordum) ve g\u00f6z kapaklar\u0131m sabitlendi. Ard\u0131ndan, g\u00f6z\u00fcm \u00fczerine bir halka yerle\u015ftirilerek, &#8220;Flap&#8221; ad\u0131 verilen k\u0131sm\u0131n kald\u0131r\u0131labilmesi i\u00e7in g\u00f6z\u00fcm emilerek haz\u0131rlan\u0131yor. Emme i\u015flemi rahats\u0131z edici, \u00e7\u00fcnk\u00fc g\u00f6ze bask\u0131 uygulan\u0131yor. Laser do\u011fru pozisyonda oldu\u011funda (g\u00f6z\u00fcm\u00fcn do\u011fru pozisyonda oldu\u011fundan emin olmak i\u00e7in s\u00fcrekli ye\u015fil \u0131\u015f\u0131klara bak\u0131yorum), doktor komutunu verdi: &#8220;\u015eimdi pozisyonu koru&#8221;. Laser a\u00e7\u0131l\u0131yor, g\u00f6r\u00fc\u015f\u00fcm ge\u00e7ici olarak bulan\u0131kla\u015f\u0131yor, ancak ben ayn\u0131 y\u00f6nde bakmaya devam ediyor ve pozisyonumu koruyorum. 1,25 diyoptrilik hafif d\u00fczeltme ile laser i\u015flemi yakla\u015f\u0131k 10 saniye i\u00e7inde bitiyor. Hi\u00e7bir a\u011fr\u0131 hissetmedim.<br\/>Sonra ayn\u0131 i\u015flem di\u011fer g\u00f6z\u00fcmde tekrarland\u0131. Ameliyat masas\u0131nda maksimum 10 dakika sonra i\u015flem sona erdi. Fred bana yard\u0131m etti, kalkmam\u0131 sa\u011flad\u0131 ve sadece minimal \u0131\u015f\u0131kla ayd\u0131nlat\u0131lm\u0131\u015f bir odada dinlenmem i\u00e7in g\u00f6t\u00fcrd\u00fc. Sonraki yakla\u015f\u0131k 3 saat sab\u0131r gerektiriyor: G\u00f6zlerim \u0131\u015f\u0131\u011fa duyarl\u0131 ve biraz yan\u0131yor. Katlan\u0131labilir bir durum, ancak m\u00fcmk\u00fcnse \u0131\u015f\u0131k kayna\u011f\u0131 yak\u0131n\u0131nda olmak istemiyorsunuz.<br\/>T\u00fcm i\u015flemler tamamland\u0131ktan sonra tekrar a\u015fa\u011f\u0131ya indirildik. Burada, ameliyat\u0131 yapan doktor taraf\u0131ndan bir kontrol muayenesi yap\u0131ld\u0131. Fred, verilen g\u00f6z damlalar\u0131n\u0131n nas\u0131l uygulanaca\u011f\u0131 hakk\u0131nda bize talimatlar verdi. Ard\u0131ndan, otele geri g\u00f6t\u00fcr\u00fcld\u00fck. Yatabilmek i\u00e7in \u00e7ok mutluydum. G\u00f6zleri korumak i\u00e7in ilk gece i\u00e7in g\u00f6z bantlar\u0131 verildi. Yak\u0131nda uyudum. Erken sabah saatlerinde, merakla g\u00f6z bantlar\u0131n\u0131 \u00e7\u0131kard\u0131m. Art\u0131k yanma yoktu ve g\u00f6r\u00fc\u015f\u00fcm netti! Otel odas\u0131ndaki duvar ka\u011f\u0131d\u0131n\u0131n liflerini g\u00f6rebiliyordum ve i\u00e7ten i\u00e7e, bu kadar net g\u00f6rebilmek beni \u00e7ok mutlu etti.                            <\/p>\n\n<p>Bundan sonra<\/p>\n\n<p>Ameliyat\u0131n ertesi g\u00fcn\u00fc \u00f6\u011fle saatlerinde, kontrol muayenesi i\u00e7in al\u0131nd\u0131k. Klinik i\u00e7inde b\u00fcy\u00fck bir selamla\u015fma vard\u0131 ve herkes, sabah sonras\u0131nda nas\u0131l hissettiklerini anlat\u0131yordu. <\/p>\n\n<p>Sonra optik cihazlar ve doktor yard\u0131m\u0131yla muayene ger\u00e7ekle\u015ftirildi. Her \u015fey yolunda ve iyi bir \u015fekilde ilerliyor. G\u00f6r\u00fc\u015f\u00fcm net ve keskin. \u015eimdi g\u00f6zlere iyi bakmak, damlalar\u0131 d\u00fczenli olarak kullanmak ve asla g\u00f6zleri ovmamak gerekiyor. Ba\u015flang\u0131\u00e7ta, g\u00f6zlerimi fark\u0131nda olmadan ovu\u015fturma endi\u015fem vard\u0131. Ama bir ba\u015flang\u0131\u00e7 d\u00f6nemi ve birka\u00e7 &#8220;zihinsel egzersiz&#8221; sonras\u0131nda bu b\u00fcy\u00fck \u00f6l\u00e7\u00fcde ge\u00e7ti. Yine de, ameliyattan sonraki ilk 2 hafta boyunca olabildi\u011fince dikkatli olmaya \u00e7al\u0131\u015ft\u0131m. Ameliyat\u0131n olumlu sonucunu dikkatsiz davran\u0131\u015flarla bozmak istemiyordum.       <\/p>\n\n<p>\u015eimdi, ameliyattan yakla\u015f\u0131k d\u00f6rt hafta ge\u00e7ti. Ameliyattan sonraki iki g\u00fcn boyunca \u0130stanbul\u2019da gezdik ve kendimizi iyi hissettik. Gelecek hafta \u0130svi\u00e7re&#8217;deki ilk kontrol muayenesi yap\u0131lacak. Her \u015feyin yolunda oldu\u011funa dair umutluyum. G\u00f6r\u00fc\u015f\u00fcm, benim anlay\u0131\u015f\u0131ma g\u00f6re \u00e7ok iyi (\u00f6nceden g\u00f6zl\u00fckle oldu\u011fu gibi). Ameliyat sonras\u0131 ilk g\u00fcnlerde g\u00f6zlerim hala biraz \u0131\u015f\u0131\u011fa duyarl\u0131yd\u0131, ama bu h\u0131zla ge\u00e7ti. Ayr\u0131ca, i\u015f gere\u011fi bilgisayar ba\u015f\u0131nda \u00e7al\u0131\u015fmak, ameliyat\u0131n 3 g\u00fcn sonras\u0131nda rahat\u00e7a m\u00fcmk\u00fcn oldu. \u015eu anda tekrar spor yapmaya ba\u015flad\u0131m. G\u00f6zl\u00fck kullanmadan her \u015feyi net bir \u015fekilde g\u00f6rebilmek \u00e7ok keyifli ve ameliyat\u0131n ve \u015fu ana kadar olan iyile\u015fme s\u00fcrecinin bu kadar iyi gitmesinden dolay\u0131 mutluyum.        <\/p>\n\n<p>Swisslasik ve Eyestar Klini\u011fi&#8217;ni kesinlikle tavsiye edebilirim. Lasik ameliyat\u0131 olmak isteyenler, bu iki kuruma g\u00fcvenebilirler. Lasik ameliyat\u0131na karar verme sorumlulu\u011fu hasta ve yaln\u0131zca hastaya aittir: Ameliyat\u0131n t\u00fcm bilinen risklerine (evde de bulunanlar) &#8220;evet&#8221; diyebilecek bir i\u00e7sel g\u00fcvene sahip olanlar, Eyestar Klini\u011fi&#8217;nde bir operasyonu d\u00fc\u015f\u00fcnebilirler. Benim i\u00e7in de sonradan bak\u0131ld\u0131\u011f\u0131nda, bu ger\u00e7ekten iyi bir karar oldu.   <\/p>\n\n<p>Ameliyat olacak herkese bol \u015fans ve iyi g\u00f6rme yetene\u011fi diliyorum!<\/p>\n\n<p>S. Grossen, 26 May\u0131s 2008<\/p>\n\n<p><\/p>\n\n<div class=\"wp-block-group is-layout-grid wp-container-core-group-is-layout-baef362d wp-block-group-is-layout-grid\">\n<p><a href=\"https:\/\/medicaltravel.at\/home\/agb\/\" data-type=\"page\" data-id=\"2191\" rel=\"nofollow noopener\" target=\"_blank\"><\/a><a href=\"https:\/\/medicaltravel.ch\/tr\/hasta-raporlari\/yasli-hastalarin-raporlari\/istanbuldaki-ameliyatimla-ilgili-deneyim-raporu-4-temmuz-2008-cuma-guenue-tarihli-rapor\/\" data-type=\"link\" data-id=\"https:\/\/medicaltravel.ch\/berichte-von-patienten-istanbul-turkei\/altere-patientenberichte\/erfahrungsbericht-meiner-op-in-istanbul-bericht-vom-freitag-04-juli-2008\/\">\u00d6nceki rapor<\/a><\/p>\n\n\n\n<p class=\"has-text-align-right wp-container-content-5e2576f9\"><a href=\"https:\/\/medicaltravel.at\/home\/impressum\/\" data-type=\"page\" data-id=\"2193\" rel=\"nofollow noopener\" target=\"_blank\"><\/a><a href=\"https:\/\/medicaltravel.at\/home\/berichte-von-patienten\/erfahrungsberichte\/erfahrungsbericht-zahnbehandlung-in-istanbul\/\" data-type=\"page\" data-id=\"981\" rel=\"nofollow noopener\" target=\"_blank\"><\/a><a href=\"https:\/\/medicaltravel.ch\/tr\/hasta-raporlari\/yasli-hastalarin-raporlari\/goezlerim-lazerle-tedavi-edildi-nihayet-27-mayis-2008-sali-guenue-tarihli-rapor\/\" data-type=\"link\" data-id=\"https:\/\/medicaltravel.ch\/berichte-von-patienten-istanbul-turkei\/altere-patientenberichte\/augen-gelasert-endlich-bericht-vom-dienstag-27-mai-2008\/\">Bir sonraki rapor<\/a><\/p>\n<\/div>\n","protected":false},"excerpt":{"rendered":"<p>Deneyim raporum LASIK \u0130STANBUL \u2013 28 May\u0131s 2008 \u00c7ar\u015famba g\u00fcn\u00fc tarihli rapor Lazer g\u00f6z ameliyat\u0131yla ilgili deneyimim ba\u015flang\u0131\u00e7 Bu y\u0131l\u0131n ba\u015flar\u0131nda, Nisan ay\u0131nda, ben ve e\u015fim bir Asya seyahatinden evimize d\u00f6nd\u00fck. Orada, \u00f6zellikle s\u00f6rf yaparak vakit ge\u00e7irdim ve her zaman g\u00f6zl\u00fck kulland\u0131\u011f\u0131m i\u00e7in (miyopluk, -1.25 diyoptri) genellikle g\u00fcnl\u00fck lenslerle u\u011fra\u015ft\u0131m. Ak\u015famlar\u0131, ya lenslerimi zaten dal\u0131\u015flarda kaybetmi\u015f oluyordum ya da onlar\u0131 bulmaya \u00e7al\u0131\u015f\u0131yordum. D\u00f6nd\u00fc\u011f\u00fcmde ise net bir iste\u011fim olu\u015ftu: Gelecekte g\u00f6zl\u00fck kullanmadan ya\u015famak! D\u00f6n\u00fc\u015f\u00fcm\u00fcz\u00fcn ard\u0131ndan optik\u00e7iye gittik (g\u00fcne\u015f g\u00f6zl\u00fckleri almak i\u00e7in) ve ben ona, g\u00f6zl\u00fc\u011f\u00fcm\u00fc d\u00fczelttirmek i\u00e7in lazer operasyonunun m\u00fcmk\u00fcn olup olmad\u0131\u011f\u0131n\u0131 sordum. O da evet, ancak \u00f6nceden bir de\u011ferlendirme yap\u0131lmas\u0131 gerekti\u011fini s\u00f6yledi. Fiyatlar hakk\u0131nda da konu\u015ftuk ve bana, g\u00f6zlerini T\u00fcrkiye&#8217;de ameliyat ettiren bir m\u00fc\u015fterisinden bahsetti. T\u00fcrkiye?! \u015eimdiye kadar hi\u00e7 akl\u0131ma gelmemi\u015fti, \u00e7\u00fcnk\u00fc bana g\u00f6re &#8220;ameliyat&#8221; ve &#8220;T\u00fcrkiye&#8221; kelimeleri pek bir araya gelmiyordu. Ama merak\u0131m uyand\u0131. Daha fazla bilgi edinmek istedim. Eve d\u00f6nd\u00fc\u011f\u00fcmde internet \u00fczerinde &#8220;ara\u015ft\u0131rma&#8221; yapmaya ba\u015flad\u0131m. H\u0131zla www.swisslasik.ch web sitesine ula\u015ft\u0131m. T\u00fcm siteyi yazd\u0131r\u0131p inceledim ve i\u00e7erikleri \u0130svi\u00e7re&#8217;deki kliniklerin sunduklar\u0131 bilgilerle kar\u015f\u0131la\u015ft\u0131rd\u0131m. T\u00fcm bu okumalar sonucunda, bir operasyonun ba\u015far\u0131l\u0131 olabilmesi i\u00e7in birka\u00e7 \u00f6nemli fakt\u00f6r oldu\u011funu fark ettim: \u00d6n muayene ve lazer i\u00e7in d\u00fczeltme belirlemeDoktorun deneyimiLazer cihazlar\u0131n\u0131n teknik durumuAmeliyat ortam\u0131n\u0131n sterilitesi Forumlar, deneyim raporlar\u0131 ve gazete makalelerini inceledikten sonra, T\u00fcrkiye&#8217;deki bir ameliyat\u0131n bir alternatif oldu\u011funu fark ettim. Ancak, bilinmeyen klinikler ve maceralarla asla risk almak istemiyordum. Genel olarak Swisslasik&#8217;in sundu\u011fu teklif bana ikna edici geldi: \u0130svi\u00e7re&#8217;deki \u00f6n ve sonras\u0131 muayene, seyahatin t\u00fcm organizasyonu, Almanca konu\u015fan bir irtibat ki\u015fisi, uzun y\u0131llard\u0131r faaliyet g\u00f6steren bir klinik, en modern cihazlar ve \u00e7ok nitelikli, deneyimli doktorlar. Karar\u0131m k\u0131sa s\u00fcrede kesinle\u015fti: Bunu yapmak istiyorum. Zaman do\u011fru ve \u015fimdi harekete ge\u00e7me zaman\u0131. Sonraki ad\u0131m, Swisslasik ile ileti\u015fime ge\u00e7mekti. Say\u0131n Karaagacli&#8217;nin deste\u011fini \u00e7ok dostane, yard\u0131mc\u0131, sorunsuz ve bask\u0131 yapmayan bir \u015fekilde buldum. 3 g\u00fcn i\u00e7inde Z\u00fcrich&#8217;de bir \u00f6n muayene yapabildim. Bu muayene, g\u00f6rme bozuklu\u011fum nedeniyle lazer operasyonunun m\u00fcmk\u00fcn oldu\u011funu g\u00f6sterdi. Ancak g\u00f6z doktoru, ayn\u0131 zamanda risklere de dikkat \u00e7ekti ve belki de bir okuma g\u00f6zl\u00fc\u011f\u00fc kullanmak zorunda kalabilece\u011fimi belirtti. Bu nedenle karar\u0131m\u0131 dikkatlice vermem gerekti\u011fini s\u00f6yledi. 2 g\u00fcn sonra karar\u0131m\u0131 verdim: Evet, ameliyat olmak istiyordum. M\u00fcmk\u00fcnse en k\u0131sa zamanda, b\u00f6ylece yazdan \u00f6nce g\u00f6zlerim iyile\u015fmi\u015f olurdu. K\u0131sa s\u00fcrede, 1 May\u0131s&#8217;tan sonraki hafta sonu i\u00e7in Say\u0131n Karaagacli ile bir randevu ayarlad\u0131m. U\u00e7u\u015fu kendim ayarlad\u0131m ve geri kalan her \u015feyi o halletti. \u00d6l\u00fcm Operasyonu U\u00e7u\u015f (Swiss), otel ve benzeri detaylar\u0131 burada bir kenara b\u0131rak\u0131yorum ve klinikteki g\u00fcne devam etmek istiyorum. \u0130stanbul&#8217;da serbest bir per\u015fembe g\u00fcn\u00fcn\u00fcn ard\u0131ndan nihayet o an gelmi\u015fti: \u00d6\u011fle saatlerinde al\u0131nd\u0131k ve Eyestar Klini\u011fi&#8217;ne g\u00f6t\u00fcr\u00fcld\u00fck. Binan\u0131n d\u0131\u015f\u0131 ve merdivenler \u00e7ok etkileyici de\u011fildi; ancak taksici, binan\u0131n sahibi taraf\u0131ndan yap\u0131lacak bir yenileme plan\u0131 oldu\u011funu \u00f6nceden bize bildirmi\u015fti. Klinik i\u00e7eriye girdi\u011fimizde ise her \u015fey farkl\u0131yd\u0131: En iyi Bern Almancas\u0131yla bizi kar\u015f\u0131layan Fred, her \u015feyi a\u00e7\u0131klay\u0131p hastalarla yak\u0131ndan ilgileniyor. Fred, klini\u011fin adeta ruhu gibi. Onunla kendinizi ger\u00e7ekten g\u00fcvende hissediyorsunuz. Bir s\u00fcre sonra, optik cihazlarla yap\u0131lan \u00f6n muayene ba\u015fl\u0131yor. Ard\u0131ndan, g\u00f6z bebeklerini geni\u015fletmek i\u00e7in g\u00f6z damlas\u0131 damlat\u0131l\u0131yor ve sonraki testler i\u00e7in g\u00f6zler haz\u0131rlan\u0131yor. Sonras\u0131nda, lazer ameliyat\u0131n\u0131 yapacak olan doktorun muayenesi geliyor. \u0130ngilizce konu\u015ftuk, ancak Fred her zaman yan\u0131m\u0131zda olup, terc\u00fcmanl\u0131k yapt\u0131. Hekime hemen g\u00fcven duydum: O kadar deneyimli, kendinden emin ve rahat g\u00f6r\u00fcn\u00fcyordu. 25.000&#8217;den fazla lazer operasyonu yapm\u0131\u015f. Bu da bana operasyon \u00f6ncesi g\u00fcven verdi ve rahatlamam\u0131 sa\u011flad\u0131. Bekleme aralar\u0131nda s\u00fcrekli olarak \u00e7ay, kola gibi ikramlarla servis edildik. Yar\u0131m daire \u015feklindeki, ayd\u0131nl\u0131k bekleme salonunda neredeyse bir aile atmosferi vard\u0131. Birbirimizi birka\u00e7 \u015fakayla g\u00fcld\u00fcr\u00fcp, arada bir Fred&#8217;le dalga ge\u00e7tik. Bu da gev\u015fememize yard\u0131mc\u0131 oldu. \u00d6n muayene, Z\u00fcrich&#8217;deki muayenenin sonucunu do\u011frulad\u0131. Ameliyat yap\u0131labilir. \u00d6n muayeneden sonra biraz yemek yemek i\u00e7in zaman\u0131m\u0131z oldu. Saat 16.30&#8217;da tekrar klini\u011fe d\u00f6nd\u00fck. Bir s\u00fcre sonra, ameliyat odas\u0131n\u0131n bulundu\u011fu \u00fcst kata \u00e7\u0131kt\u0131k. Ameliyat s\u0131ram geldi. Fred beni steril giysilerle haz\u0131rlad\u0131, ba\u015fl\u0131k takt\u0131, g\u00f6zlerime damla damlatt\u0131 ve neler olaca\u011f\u0131n\u0131 a\u00e7\u0131klad\u0131. Kendi \u015fa\u015fk\u0131nl\u0131\u011f\u0131mla, gergin olmama ra\u011fmen i\u00e7sel olarak sakin kald\u0131m. \u015eu ana kadar ya\u015fad\u0131klar\u0131mdan dolay\u0131 klinik ve \u00e7al\u0131\u015fanlar\u0131na tam g\u00fcvenim vard\u0131.Ameliyat odas\u0131nda ilk olarak v\u00fccut ve ba\u015f\u0131m yatakta do\u011fru \u015fekilde yerle\u015ftirildi. Sonra ba\u015f\u0131ma bir \u00f6rt\u00fc yerle\u015ftirildi (ama d\u0131\u015far\u0131y\u0131 g\u00f6rebiliyordum) ve g\u00f6z kapaklar\u0131m sabitlendi. Ard\u0131ndan, g\u00f6z\u00fcm \u00fczerine bir halka yerle\u015ftirilerek, &#8220;Flap&#8221; ad\u0131 verilen k\u0131sm\u0131n kald\u0131r\u0131labilmesi i\u00e7in g\u00f6z\u00fcm emilerek haz\u0131rlan\u0131yor. Emme i\u015flemi rahats\u0131z edici, \u00e7\u00fcnk\u00fc g\u00f6ze bask\u0131 uygulan\u0131yor. Laser do\u011fru pozisyonda oldu\u011funda (g\u00f6z\u00fcm\u00fcn do\u011fru pozisyonda oldu\u011fundan emin olmak i\u00e7in s\u00fcrekli ye\u015fil \u0131\u015f\u0131klara bak\u0131yorum), doktor komutunu verdi: &#8220;\u015eimdi pozisyonu koru&#8221;. Laser a\u00e7\u0131l\u0131yor, g\u00f6r\u00fc\u015f\u00fcm ge\u00e7ici olarak bulan\u0131kla\u015f\u0131yor, ancak ben ayn\u0131 y\u00f6nde bakmaya devam ediyor ve pozisyonumu koruyorum. 1,25 diyoptrilik hafif d\u00fczeltme ile laser i\u015flemi yakla\u015f\u0131k 10 saniye i\u00e7inde bitiyor. Hi\u00e7bir a\u011fr\u0131 hissetmedim.Sonra ayn\u0131 i\u015flem di\u011fer g\u00f6z\u00fcmde tekrarland\u0131. Ameliyat masas\u0131nda maksimum 10 dakika sonra i\u015flem sona erdi. Fred bana yard\u0131m etti, kalkmam\u0131 sa\u011flad\u0131 ve sadece minimal \u0131\u015f\u0131kla ayd\u0131nlat\u0131lm\u0131\u015f bir odada dinlenmem i\u00e7in g\u00f6t\u00fcrd\u00fc. Sonraki yakla\u015f\u0131k 3 saat sab\u0131r gerektiriyor: G\u00f6zlerim \u0131\u015f\u0131\u011fa duyarl\u0131 ve biraz yan\u0131yor. Katlan\u0131labilir bir durum, ancak m\u00fcmk\u00fcnse \u0131\u015f\u0131k kayna\u011f\u0131 yak\u0131n\u0131nda olmak istemiyorsunuz.T\u00fcm i\u015flemler tamamland\u0131ktan sonra tekrar a\u015fa\u011f\u0131ya indirildik. Burada, ameliyat\u0131 yapan doktor taraf\u0131ndan bir kontrol muayenesi yap\u0131ld\u0131. Fred, verilen g\u00f6z damlalar\u0131n\u0131n nas\u0131l uygulanaca\u011f\u0131 hakk\u0131nda bize talimatlar verdi. Ard\u0131ndan, otele geri g\u00f6t\u00fcr\u00fcld\u00fck. Yatabilmek i\u00e7in \u00e7ok mutluydum. G\u00f6zleri korumak i\u00e7in ilk gece i\u00e7in g\u00f6z bantlar\u0131 verildi. Yak\u0131nda uyudum. Erken sabah saatlerinde, merakla g\u00f6z bantlar\u0131n\u0131 \u00e7\u0131kard\u0131m. Art\u0131k yanma yoktu ve g\u00f6r\u00fc\u015f\u00fcm netti! Otel odas\u0131ndaki duvar ka\u011f\u0131d\u0131n\u0131n liflerini g\u00f6rebiliyordum ve i\u00e7ten i\u00e7e, bu kadar net g\u00f6rebilmek beni \u00e7ok mutlu etti. Bundan sonra Ameliyat\u0131n ertesi g\u00fcn\u00fc \u00f6\u011fle saatlerinde, kontrol muayenesi i\u00e7in al\u0131nd\u0131k. Klinik i\u00e7inde b\u00fcy\u00fck bir selamla\u015fma vard\u0131 ve herkes, sabah sonras\u0131nda nas\u0131l hissettiklerini anlat\u0131yordu. Sonra optik cihazlar ve doktor yard\u0131m\u0131yla muayene ger\u00e7ekle\u015ftirildi. Her \u015fey yolunda ve iyi bir \u015fekilde ilerliyor. G\u00f6r\u00fc\u015f\u00fcm net ve keskin. \u015eimdi g\u00f6zlere iyi bakmak, damlalar\u0131 d\u00fczenli olarak kullanmak ve asla g\u00f6zleri ovmamak gerekiyor. Ba\u015flang\u0131\u00e7ta, g\u00f6zlerimi fark\u0131nda olmadan ovu\u015fturma endi\u015fem vard\u0131. Ama bir ba\u015flang\u0131\u00e7 d\u00f6nemi ve birka\u00e7 &#8220;zihinsel egzersiz&#8221; sonras\u0131nda bu b\u00fcy\u00fck \u00f6l\u00e7\u00fcde ge\u00e7ti. Yine de, ameliyattan sonraki ilk 2 hafta boyunca olabildi\u011fince dikkatli olmaya \u00e7al\u0131\u015ft\u0131m. Ameliyat\u0131n olumlu sonucunu dikkatsiz davran\u0131\u015flarla bozmak istemiyordum. \u015eimdi, ameliyattan yakla\u015f\u0131k d\u00f6rt hafta ge\u00e7ti. Ameliyattan sonraki iki g\u00fcn boyunca \u0130stanbul\u2019da gezdik ve kendimizi iyi hissettik. Gelecek hafta \u0130svi\u00e7re&#8217;deki ilk kontrol muayenesi yap\u0131lacak. Her \u015feyin yolunda oldu\u011funa dair umutluyum. G\u00f6r\u00fc\u015f\u00fcm, benim anlay\u0131\u015f\u0131ma g\u00f6re \u00e7ok iyi (\u00f6nceden g\u00f6zl\u00fckle oldu\u011fu gibi). Ameliyat sonras\u0131 ilk g\u00fcnlerde g\u00f6zlerim hala biraz \u0131\u015f\u0131\u011fa duyarl\u0131yd\u0131, ama bu h\u0131zla<\/p>\n","protected":false},"author":4,"featured_media":0,"parent":3223,"menu_order":0,"comment_status":"closed","ping_status":"closed","template":"","meta":{"_joinchat":[],"footnotes":""},"class_list":["post-4431","page","type-page","status-publish","hentry"],"acf":[],"_links":{"self":[{"href":"https:\/\/medicaltravel.ch\/tr\/wp-json\/wp\/v2\/pages\/4431","targetHints":{"allow":["GET"]}}],"collection":[{"href":"https:\/\/medicaltravel.ch\/tr\/wp-json\/wp\/v2\/pages"}],"about":[{"href":"https:\/\/medicaltravel.ch\/tr\/wp-json\/wp\/v2\/types\/page"}],"author":[{"embeddable":true,"href":"https:\/\/medicaltravel.ch\/tr\/wp-json\/wp\/v2\/users\/4"}],"replies":[{"embeddable":true,"href":"https:\/\/medicaltravel.ch\/tr\/wp-json\/wp\/v2\/comments?post=4431"}],"version-history":[{"count":0,"href":"https:\/\/medicaltravel.ch\/tr\/wp-json\/wp\/v2\/pages\/4431\/revisions"}],"up":[{"embeddable":true,"href":"https:\/\/medicaltravel.ch\/tr\/wp-json\/wp\/v2\/pages\/3223"}],"wp:attachment":[{"href":"https:\/\/medicaltravel.ch\/tr\/wp-json\/wp\/v2\/media?parent=4431"}],"curies":[{"name":"wp","href":"https:\/\/api.w.org\/{rel}","templated":true}]}}