{"id":4433,"date":"2025-09-24T07:49:50","date_gmt":"2025-09-24T06:49:50","guid":{"rendered":"https:\/\/medicaltravel.ch\/hasta-raporlari\/yasli-hastalarin-raporlari\/ameliyatimla-ilgili-deneyim-raporum-15-nisan-2008-sali-guenue-tarihli-rapor\/"},"modified":"2026-01-12T21:45:43","modified_gmt":"2026-01-12T20:45:43","slug":"ameliyatimla-ilgili-deneyim-raporum-15-nisan-2008-sali-guenue-tarihli-rapor","status":"publish","type":"page","link":"https:\/\/medicaltravel.ch\/tr\/hasta-raporlari\/yasli-hastalarin-raporlari\/ameliyatimla-ilgili-deneyim-raporum-15-nisan-2008-sali-guenue-tarihli-rapor\/","title":{"rendered":"Ameliyat\u0131mla ilgili deneyim raporum \u2013 15 Nisan 2008 Sal\u0131 g\u00fcn\u00fc tarihli rapor"},"content":{"rendered":"\n<h3 class=\"wp-block-heading\">Ameliyat\u0131mla ilgili deneyim raporum \u2013 15 Nisan 2008 Sal\u0131 g\u00fcn\u00fc tarihli rapor<\/h3>\n\n\n\n<p>9 ya\u015f\u0131ndan beri g\u00f6zl\u00fck takmak zorundayd\u0131m ve 15 ya\u015f\u0131mda kontakt lens kullanmaya ba\u015flad\u0131m ama bu da pratik de\u011fildi ve olduk\u00e7a zahmetliydi. G\u00f6zlerimi ameliyat ettirmeyi d\u00fc\u015f\u00fcnd\u00fcm ama \u00e7ok gen\u00e7tim ve g\u00f6rme g\u00fcc\u00fcm de stabil de\u011fildi, bu y\u00fczden bir s\u00fcre beklemem gerekti. <\/p>\n\n\n\n<p>Ameliyat\u0131 \u0130svi\u00e7re&#8217;de yapt\u0131rmay\u0131 d\u00fc\u015f\u00fcnd\u00fcm ve \u0130svi\u00e7re veya Fransa&#8217;daki se\u00e7enekleri ara\u015ft\u0131rmak i\u00e7in interneti kullanmaya ba\u015flad\u0131m, bu s\u0131rada swisslasik.ch sitesine rastlad\u0131m ve hemen dikkatimi \u00e7ekti.<\/p>\n\n\n\n<p>Daha fazla bilgi istedim ve 4 g\u00fcn sonra bro\u015f\u00fcr\u00fc ald\u0131m. Ard\u0131ndan, bu i\u015flemin benim i\u00e7in uygun olup olmad\u0131\u011f\u0131n\u0131 \u00f6\u011frenmek istedim. Bir \u00f6n muayene randevusu ald\u0131m ve her \u015fey yolunda gitti. <\/p>\n\n\n\n<p>3 hafta sonra, hem bu g\u00fczel \u015fehri gezmek hem de ameliyat i\u00e7in \u0130stanbul&#8217;a u\u00e7tum, heyecan doluydum.<\/p>\n\n\n\n<p>Al\u0131m servisi tam zaman\u0131nda geldi ve beni otele g\u00f6t\u00fcrd\u00fc, annem de beni bekliyordu (o, benden 5 saat \u00f6nce gelmi\u015fti). Oda olduk\u00e7a k\u00fc\u00e7\u00fckt\u00fc ama benim i\u00e7in \u00f6nemli olan, otelin klinikle tam kar\u015f\u0131 kar\u015f\u0131ya olmas\u0131yd\u0131; bu, ameliyat sonras\u0131 \u00e7ok rahat oldu. <\/p>\n\n\n\n<p>Ertesi g\u00fcn, Birol (klinik \u00e7al\u0131\u015fan\u0131) ve bir g\u00fcn \u00f6nce ameliyat olan ba\u015fka bir hasta ile birlikte eski \u015fehir turu yapt\u0131k.<\/p>\n\n\n\n<p>Ona ameliyatla ilgili t\u00fcm sorular\u0131 sordum ve hen\u00fcz iyile\u015fmi\u015f olmas\u0131na \u015fa\u015f\u0131rd\u0131m, bu da beni rahatlatt\u0131.<\/p>\n\n\n\n<p>Ona ameliyatla ilgili t\u00fcm sorular\u0131 sordum ve hen\u00fcz iyile\u015fmi\u015f olmas\u0131na \u015fa\u015f\u0131rd\u0131m, bu da beni rahatlatt\u0131.<\/p>\n\n\n\n<p>Ameliyat \u00f6ncesinde bana bir sakinle\u015ftirici tablet verdiler ve sonra bir masaj koltu\u011funa oturdum (Harika bir \u015fey!!!!). G\u00f6zlerimi dezenfekte ettiler, k\u0131sa bir s\u00fcre sonra ameliyat odas\u0131na ge\u00e7tim ve bir yata\u011fa yatt\u0131m (biraz korkmu\u015ftum:)). G\u00f6zlerimi a\u00e7t\u0131lar ve lazer i\u015flemi s\u0131ras\u0131nda g\u00f6zlerimi istemsizce kapatmamam i\u00e7in bir cihazla sabitlediler. Ard\u0131ndan rahatlay\u0131p g\u00fczel \u015feyler d\u00fc\u015f\u00fcnmeye ba\u015flad\u0131m, korkumu yenmek i\u00e7in. Yine de ye\u015fil \u0131\u015f\u0131\u011fa odaklanmam gerekiyordu.<\/p>\n\n\n\n<p><br>Ameliyat \u00e7ok h\u0131zl\u0131 ge\u00e7ti ve hi\u00e7bir a\u011fr\u0131 hissetmedim. Doktorun k\u0131sa bir kontrol\u00fcn\u00fcn ard\u0131ndan, g\u00f6zlerimin dinlenmesi i\u00e7in otele gitmem gerekti.<\/p>\n\n\n\n<p>4 saat derin bir uyku \u00e7ektim ve sonra g\u00f6zlerimi a\u00e7t\u0131m. Ne hissettirdi\u011fini anlatamam, \u00e7ok mutluydum \u00e7\u00fcnk\u00fc zaten \u00e7ok net g\u00f6rebiliyordum ama g\u00f6zlerimi zorlamak istemedim.<\/p>\n\n\n\n<p>Ertesi g\u00fcn k\u0131sa bir kontrol muayenesi yap\u0131ld\u0131 ve her \u015fey m\u00fckemmeldi!<\/p>\n\n\n\n<p>\u0130stanbul&#8217;da 4 g\u00fcn daha keyif ald\u0131m ama hava maalesef \u00e7ok iyi de\u011fildi.<\/p>\n\n\n\n<p>4 g\u00fcn \u00f6nce Z\u00fcrich&#8217;de ilk kontrol muayenemi yapt\u0131rd\u0131m. Sa\u011f g\u00f6z\u00fcmde bir \u015fekil bozuklu\u011fu oldu\u011fu tespit edildi, bu da g\u00f6r\u00fc\u015f keskinli\u011fini biraz azaltt\u0131. <\/p>\n\n\n\n<p>Ameliyat sonucundan \u00e7ok memnunum, art\u0131k g\u00f6rme yard\u0131m\u0131 olmadan hayat\u0131 daha iyi ya\u015f\u0131yorum \ud83d\ude42<\/p>\n\n\n\n<p>Swisslasik ve Eyestar Klini\u011fi&#8217;ni kesinlikle tavsiye edebilirim ve Herr Karaagacli&#8217;ye m\u00fckemmel hizmeti i\u00e7in te\u015fekk\u00fcr ederim, ayr\u0131ca Eyestar Klini\u011fi&#8217;ndeki t\u00fcm bak\u0131m ekibine (\u00f6zellikle Birol ve Fred&#8217;e) de te\u015fekk\u00fcrlerimi sunar\u0131m.<\/p>\n\n\n\n<p>H.Chocou<\/p>\n\n\n\n<div class=\"wp-block-group is-layout-grid wp-container-core-group-is-layout-baef362d wp-block-group-is-layout-grid\">\n<p><a href=\"https:\/\/medicaltravel.at\/home\/agb\/\" data-type=\"page\" data-id=\"2191\" rel=\"nofollow noopener\" target=\"_blank\"><\/a><a href=\"https:\/\/medicaltravel.ch\/tr\/hasta-raporlari\/yasli-hastalarin-raporlari\/istanbulda-goez-lazer-ameliyatim-08-04-08-17-nisan-2008-persembe-guenue-raporu\/\" data-type=\"link\" data-id=\"https:\/\/medicaltravel.ch\/tr\/hasta-raporlari\/yasli-hastalarin-raporlari\/istanbulda-goez-lazer-ameliyatim-08-04-08-17-nisan-2008-persembe-guenue-raporu\/\">\u00d6nceki rapor<\/a><\/p>\n\n\n\n<p class=\"has-text-align-right wp-container-content-5e2576f9\"><a href=\"https:\/\/medicaltravel.at\/home\/impressum\/\" data-type=\"page\" data-id=\"2193\" rel=\"nofollow noopener\" target=\"_blank\"><\/a><a href=\"https:\/\/medicaltravel.at\/home\/berichte-von-patienten\/erfahrungsberichte\/erfahrungsbericht-zahnbehandlung-in-istanbul\/\" data-type=\"page\" data-id=\"981\" rel=\"nofollow noopener\" target=\"_blank\"><\/a><a href=\"https:\/\/medicaltravel.ch\/tr\/hasta-raporlari\/yasli-hastalarin-raporlari\/istanbulda-lasik-ameliyatim-2-nisan-2008-carsamba-guenue-raporu\/\" data-type=\"link\" data-id=\"https:\/\/medicaltravel.ch\/tr\/hasta-raporlari\/yasli-hastalarin-raporlari\/istanbulda-lasik-ameliyatim-2-nisan-2008-carsamba-guenue-raporu\/\">Bir sonraki rapor<\/a><\/p>\n<\/div>\n","protected":false},"excerpt":{"rendered":"<p>Ameliyat\u0131mla ilgili deneyim raporum \u2013 15 Nisan 2008 Sal\u0131 g\u00fcn\u00fc tarihli rapor 9 ya\u015f\u0131ndan beri g\u00f6zl\u00fck takmak zorundayd\u0131m ve 15 ya\u015f\u0131mda kontakt lens kullanmaya ba\u015flad\u0131m ama bu da pratik de\u011fildi ve olduk\u00e7a zahmetliydi. G\u00f6zlerimi ameliyat ettirmeyi d\u00fc\u015f\u00fcnd\u00fcm ama \u00e7ok gen\u00e7tim ve g\u00f6rme g\u00fcc\u00fcm de stabil de\u011fildi, bu y\u00fczden bir s\u00fcre beklemem gerekti. Ameliyat\u0131 \u0130svi\u00e7re&#8217;de yapt\u0131rmay\u0131 d\u00fc\u015f\u00fcnd\u00fcm ve \u0130svi\u00e7re veya Fransa&#8217;daki se\u00e7enekleri ara\u015ft\u0131rmak i\u00e7in interneti kullanmaya ba\u015flad\u0131m, bu s\u0131rada swisslasik.ch sitesine rastlad\u0131m ve hemen dikkatimi \u00e7ekti. Daha fazla bilgi istedim ve 4 g\u00fcn sonra bro\u015f\u00fcr\u00fc ald\u0131m. Ard\u0131ndan, bu i\u015flemin benim i\u00e7in uygun olup olmad\u0131\u011f\u0131n\u0131 \u00f6\u011frenmek istedim. Bir \u00f6n muayene randevusu ald\u0131m ve her \u015fey yolunda gitti. 3 hafta sonra, hem bu g\u00fczel \u015fehri gezmek hem de ameliyat i\u00e7in \u0130stanbul&#8217;a u\u00e7tum, heyecan doluydum. Al\u0131m servisi tam zaman\u0131nda geldi ve beni otele g\u00f6t\u00fcrd\u00fc, annem de beni bekliyordu (o, benden 5 saat \u00f6nce gelmi\u015fti). Oda olduk\u00e7a k\u00fc\u00e7\u00fckt\u00fc ama benim i\u00e7in \u00f6nemli olan, otelin klinikle tam kar\u015f\u0131 kar\u015f\u0131ya olmas\u0131yd\u0131; bu, ameliyat sonras\u0131 \u00e7ok rahat oldu. Ertesi g\u00fcn, Birol (klinik \u00e7al\u0131\u015fan\u0131) ve bir g\u00fcn \u00f6nce ameliyat olan ba\u015fka bir hasta ile birlikte eski \u015fehir turu yapt\u0131k. Ona ameliyatla ilgili t\u00fcm sorular\u0131 sordum ve hen\u00fcz iyile\u015fmi\u015f olmas\u0131na \u015fa\u015f\u0131rd\u0131m, bu da beni rahatlatt\u0131. Ona ameliyatla ilgili t\u00fcm sorular\u0131 sordum ve hen\u00fcz iyile\u015fmi\u015f olmas\u0131na \u015fa\u015f\u0131rd\u0131m, bu da beni rahatlatt\u0131. Ameliyat \u00f6ncesinde bana bir sakinle\u015ftirici tablet verdiler ve sonra bir masaj koltu\u011funa oturdum (Harika bir \u015fey!!!!). G\u00f6zlerimi dezenfekte ettiler, k\u0131sa bir s\u00fcre sonra ameliyat odas\u0131na ge\u00e7tim ve bir yata\u011fa yatt\u0131m (biraz korkmu\u015ftum:)). G\u00f6zlerimi a\u00e7t\u0131lar ve lazer i\u015flemi s\u0131ras\u0131nda g\u00f6zlerimi istemsizce kapatmamam i\u00e7in bir cihazla sabitlediler. Ard\u0131ndan rahatlay\u0131p g\u00fczel \u015feyler d\u00fc\u015f\u00fcnmeye ba\u015flad\u0131m, korkumu yenmek i\u00e7in. Yine de ye\u015fil \u0131\u015f\u0131\u011fa odaklanmam gerekiyordu. Ameliyat \u00e7ok h\u0131zl\u0131 ge\u00e7ti ve hi\u00e7bir a\u011fr\u0131 hissetmedim. Doktorun k\u0131sa bir kontrol\u00fcn\u00fcn ard\u0131ndan, g\u00f6zlerimin dinlenmesi i\u00e7in otele gitmem gerekti. 4 saat derin bir uyku \u00e7ektim ve sonra g\u00f6zlerimi a\u00e7t\u0131m. Ne hissettirdi\u011fini anlatamam, \u00e7ok mutluydum \u00e7\u00fcnk\u00fc zaten \u00e7ok net g\u00f6rebiliyordum ama g\u00f6zlerimi zorlamak istemedim. Ertesi g\u00fcn k\u0131sa bir kontrol muayenesi yap\u0131ld\u0131 ve her \u015fey m\u00fckemmeldi! \u0130stanbul&#8217;da 4 g\u00fcn daha keyif ald\u0131m ama hava maalesef \u00e7ok iyi de\u011fildi. 4 g\u00fcn \u00f6nce Z\u00fcrich&#8217;de ilk kontrol muayenemi yapt\u0131rd\u0131m. Sa\u011f g\u00f6z\u00fcmde bir \u015fekil bozuklu\u011fu oldu\u011fu tespit edildi, bu da g\u00f6r\u00fc\u015f keskinli\u011fini biraz azaltt\u0131. Ameliyat sonucundan \u00e7ok memnunum, art\u0131k g\u00f6rme yard\u0131m\u0131 olmadan hayat\u0131 daha iyi ya\u015f\u0131yorum \ud83d\ude42 Swisslasik ve Eyestar Klini\u011fi&#8217;ni kesinlikle tavsiye edebilirim ve Herr Karaagacli&#8217;ye m\u00fckemmel hizmeti i\u00e7in te\u015fekk\u00fcr ederim, ayr\u0131ca Eyestar Klini\u011fi&#8217;ndeki t\u00fcm bak\u0131m ekibine (\u00f6zellikle Birol ve Fred&#8217;e) de te\u015fekk\u00fcrlerimi sunar\u0131m. H.Chocou \u00d6nceki rapor Bir sonraki rapor<\/p>\n","protected":false},"author":4,"featured_media":0,"parent":3223,"menu_order":0,"comment_status":"closed","ping_status":"closed","template":"","meta":{"_joinchat":[],"footnotes":""},"class_list":["post-4433","page","type-page","status-publish","hentry"],"acf":[],"_links":{"self":[{"href":"https:\/\/medicaltravel.ch\/tr\/wp-json\/wp\/v2\/pages\/4433","targetHints":{"allow":["GET"]}}],"collection":[{"href":"https:\/\/medicaltravel.ch\/tr\/wp-json\/wp\/v2\/pages"}],"about":[{"href":"https:\/\/medicaltravel.ch\/tr\/wp-json\/wp\/v2\/types\/page"}],"author":[{"embeddable":true,"href":"https:\/\/medicaltravel.ch\/tr\/wp-json\/wp\/v2\/users\/4"}],"replies":[{"embeddable":true,"href":"https:\/\/medicaltravel.ch\/tr\/wp-json\/wp\/v2\/comments?post=4433"}],"version-history":[{"count":2,"href":"https:\/\/medicaltravel.ch\/tr\/wp-json\/wp\/v2\/pages\/4433\/revisions"}],"predecessor-version":[{"id":6556,"href":"https:\/\/medicaltravel.ch\/tr\/wp-json\/wp\/v2\/pages\/4433\/revisions\/6556"}],"up":[{"embeddable":true,"href":"https:\/\/medicaltravel.ch\/tr\/wp-json\/wp\/v2\/pages\/3223"}],"wp:attachment":[{"href":"https:\/\/medicaltravel.ch\/tr\/wp-json\/wp\/v2\/media?parent=4433"}],"curies":[{"name":"wp","href":"https:\/\/api.w.org\/{rel}","templated":true}]}}