{"id":4435,"date":"2025-09-24T07:54:55","date_gmt":"2025-09-24T06:54:55","guid":{"rendered":"https:\/\/medicaltravel.ch\/hasta-raporlari\/yasli-hastalarin-raporlari\/aralik-ayinda-tuerkiyede-gecirdigim-lasik-ameliyati-4-ocak-2008-cuma-guenue-tarihli-rapor\/"},"modified":"2026-01-12T21:54:04","modified_gmt":"2026-01-12T20:54:04","slug":"aralik-ayinda-tuerkiyede-gecirdigim-lasik-ameliyati-4-ocak-2008-cuma-guenue-tarihli-rapor","status":"publish","type":"page","link":"https:\/\/medicaltravel.ch\/tr\/hasta-raporlari\/yasli-hastalarin-raporlari\/aralik-ayinda-tuerkiyede-gecirdigim-lasik-ameliyati-4-ocak-2008-cuma-guenue-tarihli-rapor\/","title":{"rendered":"Aral\u0131k ay\u0131nda T\u00fcrkiye&#8217;de ge\u00e7irdi\u011fim LASIK ameliyat\u0131 \u2013 4 Ocak 2008 Cuma g\u00fcn\u00fc tarihli rapor"},"content":{"rendered":"\n<h3 class=\"wp-block-heading\">Aral\u0131k ay\u0131nda T\u00fcrkiye&#8217;de ge\u00e7irdi\u011fim LASIK ameliyat\u0131 \u2013 4 Ocak 2008 Cuma g\u00fcn\u00fc tarihli rapor<\/h3>\n\n\n\n<p>\u0130yi g\u00fcnler ve mutlu y\u0131llar!<\/p>\n\n\n\n<p>Her \u015fey m\u00fckemmel gitti.<\/p>\n\n\n\n<p>Kendimi iyi hissediyorum ve art\u0131k s\u00fcrekli g\u00f6zl\u00fcklerimi aramak zorunda kalmadan okuyabiliyorum.<\/p>\n\n\n\n<p>Sa\u011f g\u00f6z\u00fcmdeki uza\u011f\u0131 g\u00f6rme yetisi hen\u00fcz tam olarak iyi de\u011fil, ancak doktora g\u00f6re bu zamanla d\u00fczelecek.<\/p>\n\n\n\n<p>Swisslasik ve Eyestar \u00e7ok iyi organize edilmi\u015f; ilgilenen ki\u015filer yetkin, yard\u0131msever ve arkada\u015f canl\u0131s\u0131.<\/p>\n\n\n\n<p>Hizmetlerden \u00e7ok memnunum, ancak Elite Oteli\u2019ni hafif uyuyan hastalar i\u00e7in tavsiye edemem, \u00e7\u00fcnk\u00fc otel \u00e7ok sesli ve odalar\u0131n kap\u0131lar\u0131 \u00e7arpt\u0131\u011f\u0131nda s\u00fcrekli uyan\u0131yorsunuz. Ancak kahvalt\u0131 b\u00fcfesi harika. <\/p>\n\n\n\n<p>Eyestar ekibine ve size kusursuz organizasyon ve bak\u0131m i\u00e7in i\u00e7ten te\u015fekk\u00fcrlerimi iletmek isterim. Beni referans listenize ekleyebilirsiniz. <\/p>\n\n\n\n<p>Sayg\u0131lar\u0131mla<\/p>\n\n\n\n<p>Hermann Steck<\/p>\n\n\n\n<div class=\"wp-block-group is-layout-grid wp-container-core-group-is-layout-baef362d wp-block-group-is-layout-grid\">\n<p><a href=\"https:\/\/medicaltravel.at\/home\/agb\/\" data-type=\"page\" data-id=\"2191\" rel=\"nofollow noopener\" target=\"_blank\"><\/a><a href=\"https:\/\/medicaltravel.ch\/tr\/hasta-raporlari\/yasli-hastalarin-raporlari\/lasik-ameliyatimla-ilgili-deneyim-raporu-5-ocak-2008-cumartesi-tarihli-rapor\/\" data-type=\"link\" data-id=\"https:\/\/medicaltravel.ch\/berichte-von-patienten-istanbul-turkei\/altere-patientenberichte\/erfahrungsbericht-zu-meiner-lasik-op-bericht-vom-samstag-05-januar-2008\/\">\u00d6nceki rapor<\/a><\/p>\n\n\n\n<p class=\"has-text-align-right wp-container-content-5e2576f9\"><a href=\"https:\/\/medicaltravel.at\/home\/impressum\/\" data-type=\"page\" data-id=\"2193\" rel=\"nofollow noopener\" target=\"_blank\"><\/a><a href=\"https:\/\/medicaltravel.at\/home\/berichte-von-patienten\/erfahrungsberichte\/erfahrungsbericht-zahnbehandlung-in-istanbul\/\" data-type=\"page\" data-id=\"981\" rel=\"nofollow noopener\" target=\"_blank\"><\/a><a href=\"https:\/\/medicaltravel.ch\/tr\/hasta-raporlari\/yasli-hastalarin-raporlari\/lasik-istanbuldaki-deneyimim-21-aralik-2007-cuma-guenue-tarihli-rapor\/\" data-type=\"link\" data-id=\"https:\/\/medicaltravel.ch\/tr\/hasta-raporlari\/yasli-hastalarin-raporlari\/lasik-istanbuldaki-deneyimim-21-aralik-2007-cuma-guenue-tarihli-rapor\/\">Bir sonraki rapor<\/a><\/p>\n<\/div>\n","protected":false},"excerpt":{"rendered":"<p>Aral\u0131k ay\u0131nda T\u00fcrkiye&#8217;de ge\u00e7irdi\u011fim LASIK ameliyat\u0131 \u2013 4 Ocak 2008 Cuma g\u00fcn\u00fc tarihli rapor \u0130yi g\u00fcnler ve mutlu y\u0131llar! Her \u015fey m\u00fckemmel gitti. Kendimi iyi hissediyorum ve art\u0131k s\u00fcrekli g\u00f6zl\u00fcklerimi aramak zorunda kalmadan okuyabiliyorum. Sa\u011f g\u00f6z\u00fcmdeki uza\u011f\u0131 g\u00f6rme yetisi hen\u00fcz tam olarak iyi de\u011fil, ancak doktora g\u00f6re bu zamanla d\u00fczelecek. Swisslasik ve Eyestar \u00e7ok iyi organize edilmi\u015f; ilgilenen ki\u015filer yetkin, yard\u0131msever ve arkada\u015f canl\u0131s\u0131. Hizmetlerden \u00e7ok memnunum, ancak Elite Oteli\u2019ni hafif uyuyan hastalar i\u00e7in tavsiye edemem, \u00e7\u00fcnk\u00fc otel \u00e7ok sesli ve odalar\u0131n kap\u0131lar\u0131 \u00e7arpt\u0131\u011f\u0131nda s\u00fcrekli uyan\u0131yorsunuz. Ancak kahvalt\u0131 b\u00fcfesi harika. Eyestar ekibine ve size kusursuz organizasyon ve bak\u0131m i\u00e7in i\u00e7ten te\u015fekk\u00fcrlerimi iletmek isterim. Beni referans listenize ekleyebilirsiniz. Sayg\u0131lar\u0131mla Hermann Steck \u00d6nceki rapor Bir sonraki rapor<\/p>\n","protected":false},"author":4,"featured_media":0,"parent":3223,"menu_order":0,"comment_status":"closed","ping_status":"closed","template":"","meta":{"_joinchat":[],"footnotes":""},"class_list":["post-4435","page","type-page","status-publish","hentry"],"acf":[],"_links":{"self":[{"href":"https:\/\/medicaltravel.ch\/tr\/wp-json\/wp\/v2\/pages\/4435","targetHints":{"allow":["GET"]}}],"collection":[{"href":"https:\/\/medicaltravel.ch\/tr\/wp-json\/wp\/v2\/pages"}],"about":[{"href":"https:\/\/medicaltravel.ch\/tr\/wp-json\/wp\/v2\/types\/page"}],"author":[{"embeddable":true,"href":"https:\/\/medicaltravel.ch\/tr\/wp-json\/wp\/v2\/users\/4"}],"replies":[{"embeddable":true,"href":"https:\/\/medicaltravel.ch\/tr\/wp-json\/wp\/v2\/comments?post=4435"}],"version-history":[{"count":0,"href":"https:\/\/medicaltravel.ch\/tr\/wp-json\/wp\/v2\/pages\/4435\/revisions"}],"up":[{"embeddable":true,"href":"https:\/\/medicaltravel.ch\/tr\/wp-json\/wp\/v2\/pages\/3223"}],"wp:attachment":[{"href":"https:\/\/medicaltravel.ch\/tr\/wp-json\/wp\/v2\/media?parent=4435"}],"curies":[{"name":"wp","href":"https:\/\/api.w.org\/{rel}","templated":true}]}}