{"id":4437,"date":"2025-09-24T07:49:07","date_gmt":"2025-09-24T06:49:07","guid":{"rendered":"https:\/\/medicaltravel.ch\/hasta-raporlari\/yasli-hastalarin-raporlari\/istanbulda-goez-lazer-ameliyatim-08-04-08-17-nisan-2008-persembe-guenue-raporu\/"},"modified":"2026-01-12T21:44:35","modified_gmt":"2026-01-12T20:44:35","slug":"istanbulda-goez-lazer-ameliyatim-08-04-08-17-nisan-2008-persembe-guenue-raporu","status":"publish","type":"page","link":"https:\/\/medicaltravel.ch\/tr\/hasta-raporlari\/yasli-hastalarin-raporlari\/istanbulda-goez-lazer-ameliyatim-08-04-08-17-nisan-2008-persembe-guenue-raporu\/","title":{"rendered":"\u0130stanbul&#8217;da g\u00f6z lazer ameliyat\u0131m 08.04.08 \u2013 17 Nisan 2008 Per\u015fembe g\u00fcn\u00fc raporu"},"content":{"rendered":"\n<h3 class=\"wp-block-heading\">\u0130stanbul&#8217;da g\u00f6z lazer ameliyat\u0131m 08.04.08 \u2013 17 Nisan 2008 Per\u015fembe g\u00fcn\u00fc raporu<\/h3>\n\n\n\n<p>8 Nisan 2008 tarihinde \u0130stanbul&#8217;da yapt\u0131rd\u0131\u011f\u0131m g\u00f6z lazeri (Lasik) ameliyat\u0131m.<\/p>\n\n\n\n<p>Yakla\u015f\u0131k bir y\u0131l \u00f6nce, ablam \u0130stanbul&#8217;da g\u00f6zlerini lazerle tedavi ettirmeyi d\u00fc\u015f\u00fcnd\u00fc\u011f\u00fcn\u00fc s\u00f6yledi. O d\u00f6nemde ona bu &#8220;sa\u00e7mal\u0131\u011f\u0131&#8221; akl\u0131ndan \u00e7\u0131karmas\u0131n\u0131 s\u00f6ylemeye \u00e7al\u0131\u015f\u0131yordum, ancak 8 Nisan 2008&#8217;den itibaren ben de &#8220;\u0130stanbul lazeri&#8221; yap\u0131lanlardan biriyim ve o g\u00fcnden beri g\u00f6zl\u00fck veya lens kullanmadan g\u00fcnl\u00fck ya\u015fam\u0131m\u0131 s\u00fcrd\u00fcr\u00fcyorum. <\/p>\n\n\n\n<p>Ablam\u0131n \u0130stanbul&#8217;daki Eyestar&#8217;da ya\u015fad\u0131\u011f\u0131 olumlu deneyimlerden sonra, do\u011fu\u015ftan gelen kornea e\u011frili\u011fi ve ilk okul doktoru kontrol\u00fcnden beri g\u00f6zl\u00fck kullanan biri olarak, g\u00f6zlerimdeki g\u00f6rme kusurunu d\u00fczelttirme d\u00fc\u015f\u00fcncesi akl\u0131mdan \u00e7\u0131kmaz oldu.<\/p>\n\n\n\n<p>2008&#8217;in &#8220;y\u0131lba\u015f\u0131 karar\u0131&#8221; olarak Swisslasik&#8217;e ba\u015fvurup bir operasyon i\u00e7in kaydoldum. T\u00fcm rezervasyon i\u015flemleri h\u0131zla tamamland\u0131 ve operasyona b\u00fcy\u00fck bir heyecanla beklemeye ba\u015flad\u0131m. Ancak biraz moralimi bozan bir \u015fey vard\u0131; operasyon \u00f6ncesi \u00fc\u00e7 hafta boyunca kontakt lens kullanamayacak olmam ve o kadar sevmedi\u011fim g\u00f6zl\u00fcklerimle insan i\u00e7ine \u00e7\u0131kmak zorunda kalacak olmam.  <\/p>\n\n\n\n<p>E\u015fim beni \u0130stanbul&#8217;a e\u015flik etti. Havaliman\u0131nda Birol Cayl\u0131 taraf\u0131ndan kar\u015f\u0131land\u0131k ve otele giderken, bize bir s\u00fcrpriz yaparak, hastaneye direkt gidece\u011fimizi ve operasyonun ertesi g\u00fcn de\u011fil, o g\u00fcn yap\u0131laca\u011f\u0131n\u0131 s\u00f6yledi. <\/p>\n\n\n\n<p>Klinikte bizi bekliyorlard\u0131 ve hemen \u00f6n muayeneye ba\u015flad\u0131lar. \u0130stanbul&#8217;a ini\u015f yapt\u0131ktan sadece 4 saat sonra ameliyat masas\u0131na yatt\u0131m. Ameliyat\u0131 d\u00f6rt g\u00f6zle bekliyordum ve her \u015fey \u00e7ok heyecan verici ve ilgin\u00e7 geliyordu. E\u015fim, b\u00fcy\u00fck bir cam pencereden operasyona bakabildi ve hatta dijital kameram\u0131zla kaydedebildi.  <\/p>\n\n\n\n<p>\u0130\u015flem a\u011fr\u0131s\u0131zd\u0131, tek rahats\u0131z edici \u015fey g\u00f6z sabitleyicisinin yerle\u015ftirilmesiydi.<\/p>\n\n\n\n<p>Ameliyat sonras\u0131nda g\u00f6zlerimde hafif bir yanma hissi vard\u0131. Uyuma iste\u011fim (zaten ak\u015fam olmu\u015ftu) ve g\u00f6zlerimi kapal\u0131 tutma arzum, klinikle tam kar\u015f\u0131 kar\u015f\u0131ya olan otelimiz sayesinde h\u0131zl\u0131ca ger\u00e7ekle\u015fti. <\/p>\n\n\n\n<p>Ertesi sabah g\u00fcne\u015f g\u00f6zl\u00fc\u011f\u00fcm\u00fc takarak \u0130stanbul&#8217;un eski \u015fehrini ke\u015ffe \u00e7\u0131kabildim. Ak\u015fam\u00fcst\u00fc yap\u0131lan kontrole gittim ve operasyonun ba\u015far\u0131l\u0131 oldu\u011funu s\u00f6ylediler. Eyestar Klini\u011fi&#8217;ndeki bak\u0131m birinci s\u0131n\u0131ft\u0131, Fred \u00d6zakatan ve Cayl\u0131 Birol gerekti\u011finde \u00e7eviri yapt\u0131, ancak doktor ve doktor asistan\u0131 da \u00e7ok iyi \u0130ngilizce konu\u015fuyordu.  <\/p>\n\n\n\n<p>\u0130stanbul&#8217;da 3 g\u00fcn daha ge\u00e7irdim \u2013 art\u0131k bir hasta de\u011fil, g\u00f6rebilen bir turist olarak!<\/p>\n\n\n\n<p>G\u00f6rme yetim hen\u00fcz tam olarak stabil de\u011fil \u2013 ama bu normal. Bazen \u00e7ok k\u00fc\u00e7\u00fck yaz\u0131lar\u0131 keskin bir \u015fekilde g\u00f6rebiliyorum, bazen de her \u015fey biraz bulan\u0131k g\u00f6r\u00fcn\u00fcyor. Ancak ablamdan biliyorum ki bu konuda sab\u0131rl\u0131 olmam gerekiyor ve birka\u00e7 hafta ya da ay i\u00e7inde g\u00f6rme yetim stabil hale gelecek.  <\/p>\n\n\n\n<p>Bu arada, g\u00f6zl\u00fc\u011f\u00fcm\u00fc son g\u00fcn Bo\u011faz\u2019a att\u0131m \u2013 40 y\u0131ldan fazla bir s\u00fcre g\u00f6zl\u00fck kulland\u0131ktan sonra &#8220;temizleyici&#8221; bir eylem olarak!<\/p>\n\n\n\n<p>Irene Staub-Hofstetter<\/p>\n\n\n\n<p>Kr\u00e4iligen<\/p>\n\n\n\n<p>irene.staub@bwdbern.ch<\/p>\n\n\n\n<div class=\"wp-block-group is-layout-grid wp-container-core-group-is-layout-baef362d wp-block-group-is-layout-grid\">\n<p><a href=\"https:\/\/medicaltravel.at\/home\/agb\/\" data-type=\"page\" data-id=\"2191\" rel=\"nofollow noopener\" target=\"_blank\"><\/a><a href=\"https:\/\/medicaltravel.ch\/tr\/hasta-raporlari\/yasli-hastalarin-raporlari\/goez-lazer-istanbul-deneyim-raporu-24-nisan-2008-persembe-guenue-raporu\/\" data-type=\"link\" data-id=\"https:\/\/medicaltravel.ch\/berichte-von-patienten-istanbul-turkei\/altere-patientenberichte\/erfahrungsbericht-augenlaser-istanbul-bericht-vom-donnerstag-24-april-2008\/\">\u00d6nceki rapor<\/a><\/p>\n\n\n\n<p class=\"has-text-align-right wp-container-content-5e2576f9\"><a href=\"https:\/\/medicaltravel.at\/home\/impressum\/\" data-type=\"page\" data-id=\"2193\" rel=\"nofollow noopener\" target=\"_blank\"><\/a><a href=\"https:\/\/medicaltravel.at\/home\/berichte-von-patienten\/erfahrungsberichte\/erfahrungsbericht-zahnbehandlung-in-istanbul\/\" data-type=\"page\" data-id=\"981\" rel=\"nofollow noopener\" target=\"_blank\"><\/a><a href=\"https:\/\/medicaltravel.ch\/tr\/hasta-raporlari\/yasli-hastalarin-raporlari\/ameliyatimla-ilgili-deneyim-raporum-15-nisan-2008-sali-guenue-tarihli-rapor\/\" data-type=\"link\" data-id=\"https:\/\/medicaltravel.ch\/berichte-von-patienten-istanbul-turkei\/altere-patientenberichte\/mein-erfahrungsbericht-uber-meine-op-bericht-vom-dienstag-15-april-2008\/\">Bir sonraki rapor<\/a><\/p>\n<\/div>\n\n\n\n<p><\/p>\n","protected":false},"excerpt":{"rendered":"<p>\u0130stanbul&#8217;da g\u00f6z lazer ameliyat\u0131m 08.04.08 \u2013 17 Nisan 2008 Per\u015fembe g\u00fcn\u00fc raporu 8 Nisan 2008 tarihinde \u0130stanbul&#8217;da yapt\u0131rd\u0131\u011f\u0131m g\u00f6z lazeri (Lasik) ameliyat\u0131m. Yakla\u015f\u0131k bir y\u0131l \u00f6nce, ablam \u0130stanbul&#8217;da g\u00f6zlerini lazerle tedavi ettirmeyi d\u00fc\u015f\u00fcnd\u00fc\u011f\u00fcn\u00fc s\u00f6yledi. O d\u00f6nemde ona bu &#8220;sa\u00e7mal\u0131\u011f\u0131&#8221; akl\u0131ndan \u00e7\u0131karmas\u0131n\u0131 s\u00f6ylemeye \u00e7al\u0131\u015f\u0131yordum, ancak 8 Nisan 2008&#8217;den itibaren ben de &#8220;\u0130stanbul lazeri&#8221; yap\u0131lanlardan biriyim ve o g\u00fcnden beri g\u00f6zl\u00fck veya lens kullanmadan g\u00fcnl\u00fck ya\u015fam\u0131m\u0131 s\u00fcrd\u00fcr\u00fcyorum. Ablam\u0131n \u0130stanbul&#8217;daki Eyestar&#8217;da ya\u015fad\u0131\u011f\u0131 olumlu deneyimlerden sonra, do\u011fu\u015ftan gelen kornea e\u011frili\u011fi ve ilk okul doktoru kontrol\u00fcnden beri g\u00f6zl\u00fck kullanan biri olarak, g\u00f6zlerimdeki g\u00f6rme kusurunu d\u00fczelttirme d\u00fc\u015f\u00fcncesi akl\u0131mdan \u00e7\u0131kmaz oldu. 2008&#8217;in &#8220;y\u0131lba\u015f\u0131 karar\u0131&#8221; olarak Swisslasik&#8217;e ba\u015fvurup bir operasyon i\u00e7in kaydoldum. T\u00fcm rezervasyon i\u015flemleri h\u0131zla tamamland\u0131 ve operasyona b\u00fcy\u00fck bir heyecanla beklemeye ba\u015flad\u0131m. Ancak biraz moralimi bozan bir \u015fey vard\u0131; operasyon \u00f6ncesi \u00fc\u00e7 hafta boyunca kontakt lens kullanamayacak olmam ve o kadar sevmedi\u011fim g\u00f6zl\u00fcklerimle insan i\u00e7ine \u00e7\u0131kmak zorunda kalacak olmam. E\u015fim beni \u0130stanbul&#8217;a e\u015flik etti. Havaliman\u0131nda Birol Cayl\u0131 taraf\u0131ndan kar\u015f\u0131land\u0131k ve otele giderken, bize bir s\u00fcrpriz yaparak, hastaneye direkt gidece\u011fimizi ve operasyonun ertesi g\u00fcn de\u011fil, o g\u00fcn yap\u0131laca\u011f\u0131n\u0131 s\u00f6yledi. Klinikte bizi bekliyorlard\u0131 ve hemen \u00f6n muayeneye ba\u015flad\u0131lar. \u0130stanbul&#8217;a ini\u015f yapt\u0131ktan sadece 4 saat sonra ameliyat masas\u0131na yatt\u0131m. Ameliyat\u0131 d\u00f6rt g\u00f6zle bekliyordum ve her \u015fey \u00e7ok heyecan verici ve ilgin\u00e7 geliyordu. E\u015fim, b\u00fcy\u00fck bir cam pencereden operasyona bakabildi ve hatta dijital kameram\u0131zla kaydedebildi. \u0130\u015flem a\u011fr\u0131s\u0131zd\u0131, tek rahats\u0131z edici \u015fey g\u00f6z sabitleyicisinin yerle\u015ftirilmesiydi. Ameliyat sonras\u0131nda g\u00f6zlerimde hafif bir yanma hissi vard\u0131. Uyuma iste\u011fim (zaten ak\u015fam olmu\u015ftu) ve g\u00f6zlerimi kapal\u0131 tutma arzum, klinikle tam kar\u015f\u0131 kar\u015f\u0131ya olan otelimiz sayesinde h\u0131zl\u0131ca ger\u00e7ekle\u015fti. Ertesi sabah g\u00fcne\u015f g\u00f6zl\u00fc\u011f\u00fcm\u00fc takarak \u0130stanbul&#8217;un eski \u015fehrini ke\u015ffe \u00e7\u0131kabildim. Ak\u015fam\u00fcst\u00fc yap\u0131lan kontrole gittim ve operasyonun ba\u015far\u0131l\u0131 oldu\u011funu s\u00f6ylediler. Eyestar Klini\u011fi&#8217;ndeki bak\u0131m birinci s\u0131n\u0131ft\u0131, Fred \u00d6zakatan ve Cayl\u0131 Birol gerekti\u011finde \u00e7eviri yapt\u0131, ancak doktor ve doktor asistan\u0131 da \u00e7ok iyi \u0130ngilizce konu\u015fuyordu. \u0130stanbul&#8217;da 3 g\u00fcn daha ge\u00e7irdim \u2013 art\u0131k bir hasta de\u011fil, g\u00f6rebilen bir turist olarak! G\u00f6rme yetim hen\u00fcz tam olarak stabil de\u011fil \u2013 ama bu normal. Bazen \u00e7ok k\u00fc\u00e7\u00fck yaz\u0131lar\u0131 keskin bir \u015fekilde g\u00f6rebiliyorum, bazen de her \u015fey biraz bulan\u0131k g\u00f6r\u00fcn\u00fcyor. Ancak ablamdan biliyorum ki bu konuda sab\u0131rl\u0131 olmam gerekiyor ve birka\u00e7 hafta ya da ay i\u00e7inde g\u00f6rme yetim stabil hale gelecek. Bu arada, g\u00f6zl\u00fc\u011f\u00fcm\u00fc son g\u00fcn Bo\u011faz\u2019a att\u0131m \u2013 40 y\u0131ldan fazla bir s\u00fcre g\u00f6zl\u00fck kulland\u0131ktan sonra &#8220;temizleyici&#8221; bir eylem olarak! Irene Staub-Hofstetter Kr\u00e4iligen irene.staub@bwdbern.ch \u00d6nceki rapor Bir sonraki rapor<\/p>\n","protected":false},"author":4,"featured_media":0,"parent":3223,"menu_order":0,"comment_status":"closed","ping_status":"closed","template":"","meta":{"_joinchat":[],"footnotes":""},"class_list":["post-4437","page","type-page","status-publish","hentry"],"acf":[],"_links":{"self":[{"href":"https:\/\/medicaltravel.ch\/tr\/wp-json\/wp\/v2\/pages\/4437","targetHints":{"allow":["GET"]}}],"collection":[{"href":"https:\/\/medicaltravel.ch\/tr\/wp-json\/wp\/v2\/pages"}],"about":[{"href":"https:\/\/medicaltravel.ch\/tr\/wp-json\/wp\/v2\/types\/page"}],"author":[{"embeddable":true,"href":"https:\/\/medicaltravel.ch\/tr\/wp-json\/wp\/v2\/users\/4"}],"replies":[{"embeddable":true,"href":"https:\/\/medicaltravel.ch\/tr\/wp-json\/wp\/v2\/comments?post=4437"}],"version-history":[{"count":0,"href":"https:\/\/medicaltravel.ch\/tr\/wp-json\/wp\/v2\/pages\/4437\/revisions"}],"up":[{"embeddable":true,"href":"https:\/\/medicaltravel.ch\/tr\/wp-json\/wp\/v2\/pages\/3223"}],"wp:attachment":[{"href":"https:\/\/medicaltravel.ch\/tr\/wp-json\/wp\/v2\/media?parent=4437"}],"curies":[{"name":"wp","href":"https:\/\/api.w.org\/{rel}","templated":true}]}}