{"id":4439,"date":"2025-09-24T08:01:24","date_gmt":"2025-09-24T07:01:24","guid":{"rendered":"https:\/\/medicaltravel.ch\/hasta-raporlari\/yasli-hastalarin-raporlari\/istanbulda-goez-lazer-ameliyatim-29-ekim-2007-pazartesi-guenue-raporu\/"},"modified":"2026-01-12T22:33:13","modified_gmt":"2026-01-12T21:33:13","slug":"istanbulda-goez-lazer-ameliyatim-29-ekim-2007-pazartesi-guenue-raporu","status":"publish","type":"page","link":"https:\/\/medicaltravel.ch\/tr\/hasta-raporlari\/yasli-hastalarin-raporlari\/istanbulda-goez-lazer-ameliyatim-29-ekim-2007-pazartesi-guenue-raporu\/","title":{"rendered":"\u0130stanbul&#8217;da g\u00f6z lazer ameliyat\u0131m \u2013 29 Ekim 2007 Pazartesi g\u00fcn\u00fc raporu"},"content":{"rendered":"\n<h3 class=\"wp-block-heading\">\u0130stanbul&#8217;da g\u00f6z lazer ameliyat\u0131m \u2013 29 Ekim 2007 Pazartesi g\u00fcn\u00fc raporu<\/h3>\n\n\n\n<p>\u0130lk olarak, Eyestar ekibine b\u00fcy\u00fck bir \u00f6vg\u00fcde bulunmak istiyorum. Ayr\u0131ca, t\u00fcm organizasyon i\u00e7in Say\u0131n Karaagacl\u0131&#8217;ya i\u00e7ten te\u015fekk\u00fcrlerimi sunuyorum; onun sayesinde t\u00fcm bunlar m\u00fcmk\u00fcn oldu. <\/p>\n\n\n\n<p>Planlama Z\u00fcrih&#8217;ten yap\u0131ld\u0131. \u0130lk olarak g\u00f6z doktoruna gidip bir \u00f6n muayene yapt\u0131rmam gerekti; burada g\u00f6zlerimin lazerle tedaviye uygun olup olmad\u0131\u011f\u0131na bak\u0131ld\u0131. (Benim -8.0 ve -9.5 diyoptri de\u011ferlerim vard\u0131.)  <\/p>\n\n\n\n<p>Organizasyona hi\u00e7bir katk\u0131 sa\u011flamam gerekmedi, \u00e7\u00fcnk\u00fc Say\u0131n Karaagacl\u0131 her \u015feyi benim i\u00e7in d\u00fczenledi. (Otel, u\u00e7ak bileti ve klinikteki randevular) <\/p>\n\n\n\n<p>\u0130stanbul&#8217;a vard\u0131\u011f\u0131m\u0131zda, k\u0131z\u0131m ve ben, \u00e7ok iyi Almanca konu\u015fan Birol taraf\u0131ndan s\u0131cak bir \u015fekilde kar\u015f\u0131land\u0131k. Ard\u0131ndan bizi, havaalan\u0131ndan 20 kilometre uzakl\u0131kta olan otelimize g\u00f6t\u00fcrd\u00fc. <\/p>\n\n\n\n<p>Otel ile klinik aras\u0131ndaki y\u00fcr\u00fcy\u00fc\u015f yakla\u015f\u0131k 1 dakika s\u00fcr\u00fcyor.<\/p>\n\n\n\n<p>Ertesi g\u00fcn, \u00e7ok iyi ve ak\u0131c\u0131 bir \u015fekilde \u0130svi\u00e7re Almancas\u0131 konu\u015fan Fred, otelden bizi ald\u0131. Bize klinikleri g\u00f6sterdi, burada \u00e7ok s\u0131cak bir \u015fekilde kar\u015f\u0131land\u0131k. Klinikteki atmosfer harikayd\u0131, personel \u00e7ok dost\u00e7ayd\u0131. Kendimi hemen Eyestar&#8217;\u0131n g\u00fcvenli ellerinde hissettim.   <\/p>\n\n\n\n<p>\u00d6n muayene bir s\u00fcre s\u00fcrd\u00fc ama sorunsuz ge\u00e7ti ve cerrah, operasyon saatini 14:00 olarak belirledi.<\/p>\n\n\n\n<p>Saat yakla\u015ft\u0131\u011f\u0131nda hi\u00e7 heyecanlanmad\u0131m. Aksine, operasyona \u00e7ok heyecanl\u0131yd\u0131m. Her zaman yan\u0131mda olan Fred, bana g\u00fcven verdi.  <\/p>\n\n\n\n<p>Ameliyat \u00f6ncesinde cerrah, o an neler oldu\u011funu \u0130ngilizce olarak a\u00e7\u0131klad\u0131 ve Fred de cerrah\u0131n s\u00f6ylediklerini \u00e7evirdi. Ameliyat s\u0131ras\u0131nda hi\u00e7bir \u015fey hissetmedim ve sonras\u0131nda da hi\u00e7bir a\u011fr\u0131 hissetmedim. \u0130nan\u0131lmaz ama ger\u00e7ek!  <\/p>\n\n\n\n<p>Ameliyat sonras\u0131nda cerrah g\u00f6zlerimi tekrar muayene etti ve g\u00f6rme mesafemi kontrol etti. Buna inanam\u0131yordum, her \u015feyi g\u00f6zl\u00fck ve lens olmadan g\u00f6rebiliyordum. <\/p>\n\n\n\n<p>Ertesi g\u00fcn tekrar klini\u011fe gitmemiz gerekti, kontrol muayenesine. Her \u015fey m\u00fckemmeldi, g\u00f6rme g\u00fcc\u00fcm %100&#8217;d\u00fc. <\/p>\n\n\n\n<p>Kontrol muayenesinden sonra Birol, klinikte bizi bekliyordu. Bize \u015fehri ve baz\u0131 turistik yerleri g\u00f6sterdi ve bizi \u00e7ar\u015f\u0131ya g\u00f6t\u00fcrd\u00fc. Ger\u00e7ekten harika bir hizmetti! <\/p>\n\n\n\n<p>Ertesi g\u00fcn Birol, otelden bizi alarak sabah\u0131n erken saatlerinde havaalan\u0131na g\u00f6t\u00fcrd\u00fc. \u0130stanbul&#8217;da ge\u00e7irdi\u011fimiz zaman\u0131n ard\u0131ndan, zaman\u0131nda Z\u00fcrich&#8217;e geri d\u00f6nd\u00fck. Ancak bir fark vard\u0131, iki yeni g\u00f6z\u00fcm vard\u0131.  <\/p>\n\n\n\n<p>\u00c7evremde sizin i\u00e7in \u00e7ok fazla reklam yapt\u0131m, \u00e7\u00fcnk\u00fc daha iyi bir hizmet ve daha fazla yetkinlik olamaz! \u00dcstelik bu fiyatla! \u0130lk e-postamdan bug\u00fcne kadar her zaman m\u00fckemmel bir \u015fekilde dan\u0131\u015fmanl\u0131k ald\u0131m, her \u015fey harika bir \u015fekilde organize edildi ve her an en iyi uzmanlar\u0131n ellerinde oldu\u011fumdan emin oldum.  <\/p>\n\n\n\n<p>\u00c7ok te\u015fekk\u00fcr ederim, Kati Stettler, 20 Ekim 2007.<\/p>\n\n\n\n<p><\/p>\n\n\n\n<div class=\"wp-block-group is-layout-grid wp-container-core-group-is-layout-baef362d wp-block-group-is-layout-grid\">\n<p><a href=\"https:\/\/medicaltravel.at\/home\/agb\/\" data-type=\"page\" data-id=\"2191\" rel=\"nofollow noopener\" target=\"_blank\"><\/a><a href=\"https:\/\/medicaltravel.ch\/tr\/hasta-raporlari\/yasli-hastalarin-raporlari\/istanbulda-goez-ameliyati-19-kasim-2007-pazartesi-guenue-raporu\/\" data-type=\"link\" data-id=\"https:\/\/medicaltravel.ch\/berichte-von-patienten-istanbul-turkei\/altere-patientenberichte\/augen-op-in-istanbul-bericht-vom-montag-19-november-2007\/\">\u00d6nceki rapor<\/a><\/p>\n\n\n\n<p class=\"has-text-align-right wp-container-content-5e2576f9\"><a href=\"https:\/\/medicaltravel.at\/home\/impressum\/\" data-type=\"page\" data-id=\"2193\" rel=\"nofollow noopener\" target=\"_blank\"><\/a><a href=\"https:\/\/medicaltravel.at\/home\/berichte-von-patienten\/erfahrungsberichte\/erfahrungsbericht-zahnbehandlung-in-istanbul\/\" data-type=\"page\" data-id=\"981\" rel=\"nofollow noopener\" target=\"_blank\"><\/a><a href=\"https:\/\/medicaltravel.ch\/tr\/hasta-raporlari\/yasli-hastalarin-raporlari\/istanbulda-lasik-ameliyati-deneyimim-28-ekim-2007-pazar-guenue-raporu\/\" data-type=\"link\" data-id=\"https:\/\/medicaltravel.ch\/tr\/hasta-raporlari\/yasli-hastalarin-raporlari\/istanbulda-lasik-ameliyati-deneyimim-28-ekim-2007-pazar-guenue-raporu\/\">Bir sonraki rapor<\/a><\/p>\n<\/div>\n","protected":false},"excerpt":{"rendered":"<p>\u0130stanbul&#8217;da g\u00f6z lazer ameliyat\u0131m \u2013 29 Ekim 2007 Pazartesi g\u00fcn\u00fc raporu \u0130lk olarak, Eyestar ekibine b\u00fcy\u00fck bir \u00f6vg\u00fcde bulunmak istiyorum. Ayr\u0131ca, t\u00fcm organizasyon i\u00e7in Say\u0131n Karaagacl\u0131&#8217;ya i\u00e7ten te\u015fekk\u00fcrlerimi sunuyorum; onun sayesinde t\u00fcm bunlar m\u00fcmk\u00fcn oldu. Planlama Z\u00fcrih&#8217;ten yap\u0131ld\u0131. \u0130lk olarak g\u00f6z doktoruna gidip bir \u00f6n muayene yapt\u0131rmam gerekti; burada g\u00f6zlerimin lazerle tedaviye uygun olup olmad\u0131\u011f\u0131na bak\u0131ld\u0131. (Benim -8.0 ve -9.5 diyoptri de\u011ferlerim vard\u0131.) Organizasyona hi\u00e7bir katk\u0131 sa\u011flamam gerekmedi, \u00e7\u00fcnk\u00fc Say\u0131n Karaagacl\u0131 her \u015feyi benim i\u00e7in d\u00fczenledi. (Otel, u\u00e7ak bileti ve klinikteki randevular) \u0130stanbul&#8217;a vard\u0131\u011f\u0131m\u0131zda, k\u0131z\u0131m ve ben, \u00e7ok iyi Almanca konu\u015fan Birol taraf\u0131ndan s\u0131cak bir \u015fekilde kar\u015f\u0131land\u0131k. Ard\u0131ndan bizi, havaalan\u0131ndan 20 kilometre uzakl\u0131kta olan otelimize g\u00f6t\u00fcrd\u00fc. Otel ile klinik aras\u0131ndaki y\u00fcr\u00fcy\u00fc\u015f yakla\u015f\u0131k 1 dakika s\u00fcr\u00fcyor. Ertesi g\u00fcn, \u00e7ok iyi ve ak\u0131c\u0131 bir \u015fekilde \u0130svi\u00e7re Almancas\u0131 konu\u015fan Fred, otelden bizi ald\u0131. Bize klinikleri g\u00f6sterdi, burada \u00e7ok s\u0131cak bir \u015fekilde kar\u015f\u0131land\u0131k. Klinikteki atmosfer harikayd\u0131, personel \u00e7ok dost\u00e7ayd\u0131. Kendimi hemen Eyestar&#8217;\u0131n g\u00fcvenli ellerinde hissettim. \u00d6n muayene bir s\u00fcre s\u00fcrd\u00fc ama sorunsuz ge\u00e7ti ve cerrah, operasyon saatini 14:00 olarak belirledi. Saat yakla\u015ft\u0131\u011f\u0131nda hi\u00e7 heyecanlanmad\u0131m. Aksine, operasyona \u00e7ok heyecanl\u0131yd\u0131m. Her zaman yan\u0131mda olan Fred, bana g\u00fcven verdi. Ameliyat \u00f6ncesinde cerrah, o an neler oldu\u011funu \u0130ngilizce olarak a\u00e7\u0131klad\u0131 ve Fred de cerrah\u0131n s\u00f6ylediklerini \u00e7evirdi. Ameliyat s\u0131ras\u0131nda hi\u00e7bir \u015fey hissetmedim ve sonras\u0131nda da hi\u00e7bir a\u011fr\u0131 hissetmedim. \u0130nan\u0131lmaz ama ger\u00e7ek! Ameliyat sonras\u0131nda cerrah g\u00f6zlerimi tekrar muayene etti ve g\u00f6rme mesafemi kontrol etti. Buna inanam\u0131yordum, her \u015feyi g\u00f6zl\u00fck ve lens olmadan g\u00f6rebiliyordum. Ertesi g\u00fcn tekrar klini\u011fe gitmemiz gerekti, kontrol muayenesine. Her \u015fey m\u00fckemmeldi, g\u00f6rme g\u00fcc\u00fcm %100&#8217;d\u00fc. Kontrol muayenesinden sonra Birol, klinikte bizi bekliyordu. Bize \u015fehri ve baz\u0131 turistik yerleri g\u00f6sterdi ve bizi \u00e7ar\u015f\u0131ya g\u00f6t\u00fcrd\u00fc. Ger\u00e7ekten harika bir hizmetti! Ertesi g\u00fcn Birol, otelden bizi alarak sabah\u0131n erken saatlerinde havaalan\u0131na g\u00f6t\u00fcrd\u00fc. \u0130stanbul&#8217;da ge\u00e7irdi\u011fimiz zaman\u0131n ard\u0131ndan, zaman\u0131nda Z\u00fcrich&#8217;e geri d\u00f6nd\u00fck. Ancak bir fark vard\u0131, iki yeni g\u00f6z\u00fcm vard\u0131. \u00c7evremde sizin i\u00e7in \u00e7ok fazla reklam yapt\u0131m, \u00e7\u00fcnk\u00fc daha iyi bir hizmet ve daha fazla yetkinlik olamaz! \u00dcstelik bu fiyatla! \u0130lk e-postamdan bug\u00fcne kadar her zaman m\u00fckemmel bir \u015fekilde dan\u0131\u015fmanl\u0131k ald\u0131m, her \u015fey harika bir \u015fekilde organize edildi ve her an en iyi uzmanlar\u0131n ellerinde oldu\u011fumdan emin oldum. \u00c7ok te\u015fekk\u00fcr ederim, Kati Stettler, 20 Ekim 2007. \u00d6nceki rapor Bir sonraki rapor<\/p>\n","protected":false},"author":4,"featured_media":0,"parent":3223,"menu_order":0,"comment_status":"closed","ping_status":"closed","template":"","meta":{"_joinchat":[],"footnotes":""},"class_list":["post-4439","page","type-page","status-publish","hentry"],"acf":[],"_links":{"self":[{"href":"https:\/\/medicaltravel.ch\/tr\/wp-json\/wp\/v2\/pages\/4439","targetHints":{"allow":["GET"]}}],"collection":[{"href":"https:\/\/medicaltravel.ch\/tr\/wp-json\/wp\/v2\/pages"}],"about":[{"href":"https:\/\/medicaltravel.ch\/tr\/wp-json\/wp\/v2\/types\/page"}],"author":[{"embeddable":true,"href":"https:\/\/medicaltravel.ch\/tr\/wp-json\/wp\/v2\/users\/4"}],"replies":[{"embeddable":true,"href":"https:\/\/medicaltravel.ch\/tr\/wp-json\/wp\/v2\/comments?post=4439"}],"version-history":[{"count":0,"href":"https:\/\/medicaltravel.ch\/tr\/wp-json\/wp\/v2\/pages\/4439\/revisions"}],"up":[{"embeddable":true,"href":"https:\/\/medicaltravel.ch\/tr\/wp-json\/wp\/v2\/pages\/3223"}],"wp:attachment":[{"href":"https:\/\/medicaltravel.ch\/tr\/wp-json\/wp\/v2\/media?parent=4439"}],"curies":[{"name":"wp","href":"https:\/\/api.w.org\/{rel}","templated":true}]}}