{"id":4445,"date":"2025-09-24T08:02:44","date_gmt":"2025-09-24T07:02:44","guid":{"rendered":"https:\/\/medicaltravel.ch\/hasta-raporlari\/yasli-hastalarin-raporlari\/istanbulda-lasik-ameliyati-deneyimim-28-ekim-2007-pazar-guenue-raporu\/"},"modified":"2026-01-12T22:33:40","modified_gmt":"2026-01-12T21:33:40","slug":"istanbulda-lasik-ameliyati-deneyimim-28-ekim-2007-pazar-guenue-raporu","status":"publish","type":"page","link":"https:\/\/medicaltravel.ch\/tr\/hasta-raporlari\/yasli-hastalarin-raporlari\/istanbulda-lasik-ameliyati-deneyimim-28-ekim-2007-pazar-guenue-raporu\/","title":{"rendered":"\u0130stanbul&#8217;da Lasik ameliyat\u0131 deneyimim \u2013 28 Ekim 2007 Pazar g\u00fcn\u00fc raporu"},"content":{"rendered":"\n<h3 class=\"wp-block-heading\">\u0130stanbul&#8217;da Lasik ameliyat\u0131 deneyimim \u2013 28 Ekim 2007 Pazar g\u00fcn\u00fc raporu<\/h3>\n\n<p>Haha, yok, ben buraday\u0131m! \ud83d\ude42 G\u00f6zl\u00fc\u011f\u00fcn, lenslerin, ya da ba\u015fka bir \u015feyin \u00fczerine konu\u015fmaya devam edebiliriz. Sadece yola \u00e7\u0131km\u0131\u015f\u0131m gibi hissettim! Yard\u0131mc\u0131 olabilece\u011fim bir \u015fey var m\u0131? <\/p>\n\n<p>&#8220;Bu arada, ba\u015far\u0131l\u0131 ge\u00e7en lazer ameliyat\u0131mdan d\u00f6nd\u00fc\u011f\u00fcmde duydu\u011fum ses tam olarak buydu.&#8221;<\/p>\n\n<p>Tan\u0131d\u0131klar\u0131ma ameliyat\u0131 \u0130svi\u00e7re&#8217;de yapt\u0131rmayaca\u011f\u0131m\u0131 s\u00f6yledim.<\/p>\n\n<p>Ama bunu \u0130stanbul&#8217;da yapt\u0131rd\u0131m. Kabul ediyorum, ben de&#8230; <\/p>\n\n<p>\u0130stanbul&#8217;a gitmeden \u00f6nce zaten midem bulan\u0131yordu. <\/p>\n\n<p>12 Temmuz\u2019da \u0130stanbul\u2019a indi\u011fimde duydu\u011fum endi\u015feler hemen ortadan kalkt\u0131; kendimi hemen \u00e7ok iyi hissettim ve harika bir \u015fekilde ilgilendiler. Ameliyat sorunsuz ge\u00e7ti, ancak&#8230; <\/p>\n\n<p>Ameliyattan sonraki ilk 12 saat olduk\u00e7a tats\u0131zd\u0131r, ama&#8230;<\/p>\n\n<p>24 y\u0131ll\u0131k \u00e7al\u0131\u015fma hayat\u0131m boyunca ya\u015fad\u0131\u011f\u0131m \u015fikayetlerle kar\u015f\u0131la\u015ft\u0131rma<\/p>\n\n<p>Yar\u0131 sert kontakt lenslerim vard\u0131. Ameliyattan sonraki ilk sabah <\/p>\n\n<p>Ger\u00e7ekten b\u00fcy\u00fcl\u00fcyd\u00fc ve kendimi Alice Harikalar Diyar\u0131nda gibi hissettim, g\u00f6rd\u00fcm&#8230;<\/p>\n\n<p>\u0130stanbul&#8217;u kelimenin tam anlam\u0131yla farkl\u0131 bir g\u00f6zle g\u00f6rmek. Co\u015fku, farkl\u0131 bir bak\u0131\u015f a\u00e7\u0131s\u0131yla de\u011ferlendirildi. <\/p>\n\n<p>Ancak, birka\u00e7 haftad\u0131r g\u00f6rme sorunlar\u0131 ya\u015fad\u0131\u011f\u0131m i\u00e7in&#8230;<\/p>\n\n<p>ve \u00f6nce ben ve g\u00f6zlerim yeni duruma al\u0131\u015ft\u0131k.<\/p>\n\n<p>Al\u0131\u015fmak zorunda kald\u0131m. Ba\u015f a\u011fr\u0131lar\u0131, \u0131\u015f\u0131\u011fa duyarl\u0131l\u0131k ve benzeri sorunlar ya\u015fad\u0131m. <\/p>\n\n<p>Ya\u015f\u0131m ilerledik\u00e7e artan uza\u011f\u0131 iyi g\u00f6rememe sorunum bana baz\u0131 s\u0131k\u0131nt\u0131lar yarat\u0131yordu.<\/p>\n\n<p>y\u00f6netmek. \u0130svi\u00e7re&#8217;deki takip kontrol\u00fc s\u0131ras\u0131nda, <\/p>\n\n<p>G\u00f6z doktoru bunun tamamen normal oldu\u011funu s\u00f6yledi (yakla\u015f\u0131k 6 ay s\u00fcr\u00fcyor).<\/p>\n\n<p>(Durum d\u00fczeldi) ve g\u00f6z ameliyat\u0131 m\u00fckemmel bir \u015fekilde ger\u00e7ekle\u015ftirildi.<\/p>\n\n<p>Ameliyat\u0131n \u00fczerinden d\u00f6rt ay ge\u00e7ti ve benim<\/p>\n\n<p>G\u00f6rme keskinli\u011fi %100&#8217;de sabitlenir ve ilk belirtiler azal\u0131r.<\/p>\n\n<p>Neredeyse tamamen ortadan kayboldular. Biraz sab\u0131r gerekiyor ama nas\u0131l&#8230; <\/p>\n\n<p>Dedi\u011fim gibi, bu \u015fikayetleri k\u0131sa vadede memnuniyetle kabul ettim. Sat\u0131n ald\u0131m.<\/p>\n\n<p>\u00c7\u00fcnk\u00fc ya\u015fam kalitem \u00f6nemli \u00f6l\u00e7\u00fcde iyile\u015fti. <\/p>\n\n<p>Bu i\u015flemi her zaman tekrar yapt\u0131r\u0131rd\u0131m ve tek pi\u015fmanl\u0131\u011f\u0131m \u015fu ki&#8230;<\/p>\n\n<p>Ke\u015fke ameliyat\u0131 \u00e7ok daha \u00f6nce olsayd\u0131m. \u0130nsan mecbur kal\u0131yor&#8230; <\/p>\n\n<p>\u015eunu da belirtmekte fayda var ki, bu i\u015flem daha fazla veya daha az zaman alabilir.<\/p>\n\n<p>Her \u015feyin normale d\u00f6nmesi biraz zaman alacak. Yine de, keyfini \u00e7\u0131kar\u0131n! <\/p>\n\n<p>Art\u0131k nefret etti\u011fim g\u00f6zl\u00fcklerim veya kontakt lenslerim olmadan her g\u00fcn\u00fc g\u00f6rebiliyorum. VAR <\/p>\n\n<p>\u0130STANBUL&#8217;A G\u0130D\u0130P OPERASYONU \u0130ZLEMEMEK \u0130\u00c7\u0130N H\u0130\u00c7B\u0130R SEBEP YOK.<\/p>\n\n<p>\u0130\u015eLEM\u0130 YAPTIRDI\u011eIMIZ \u0130\u00c7\u0130N TE\u015eEKK\u00dcR EDER\u0130Z. SWISSLASIK.CH!!!!!!! <\/p>\n\n<p>Simone Hofstetter<\/p>\n\n<p><\/p>\n\n<div class=\"wp-block-group is-layout-grid wp-container-core-group-is-layout-baef362d wp-block-group-is-layout-grid\">\n<p><a href=\"https:\/\/medicaltravel.at\/home\/agb\/\" data-type=\"page\" data-id=\"2191\" rel=\"nofollow noopener\" target=\"_blank\"><\/a><a href=\"https:\/\/medicaltravel.ch\/tr\/hasta-raporlari\/yasli-hastalarin-raporlari\/istanbulda-goez-lazer-ameliyatim-29-ekim-2007-pazartesi-guenue-raporu\/\" data-type=\"link\" data-id=\"https:\/\/medicaltravel.ch\/berichte-von-patienten-istanbul-turkei\/altere-patientenberichte\/meine-augenlaser-op-in-istanbul-bericht-vom-montag-29-oktober-2007\/\">\u00d6nceki rapor<\/a><\/p>\n\n\n\n<p class=\"has-text-align-right wp-container-content-5e2576f9\"><a href=\"https:\/\/medicaltravel.at\/home\/impressum\/\" data-type=\"page\" data-id=\"2193\" rel=\"nofollow noopener\" target=\"_blank\"><\/a><a href=\"https:\/\/medicaltravel.at\/home\/berichte-von-patienten\/erfahrungsberichte\/erfahrungsbericht-zahnbehandlung-in-istanbul\/\" data-type=\"page\" data-id=\"981\" rel=\"nofollow noopener\" target=\"_blank\"><\/a><a href=\"https:\/\/medicaltravel.ch\/tr\/hasta-raporlari\/yasli-hastalarin-raporlari\/goez-lazer-tedavisi-deneyim-raporu-tuerkiye-2-ekim-2007-sali-guenue-tarihli-rapor\/\" data-type=\"link\" data-id=\"https:\/\/medicaltravel.ch\/berichte-von-patienten-istanbul-turkei\/altere-patientenberichte\/erfahrungsbericht-augen-lasern-turkei-bericht-vom-dienstag-02-oktober-2007\/\">Bir sonraki rapor<\/a><\/p>\n<\/div>\n","protected":false},"excerpt":{"rendered":"<p>\u0130stanbul&#8217;da Lasik ameliyat\u0131 deneyimim \u2013 28 Ekim 2007 Pazar g\u00fcn\u00fc raporu Haha, yok, ben buraday\u0131m! \ud83d\ude42 G\u00f6zl\u00fc\u011f\u00fcn, lenslerin, ya da ba\u015fka bir \u015feyin \u00fczerine konu\u015fmaya devam edebiliriz. Sadece yola \u00e7\u0131km\u0131\u015f\u0131m gibi hissettim! Yard\u0131mc\u0131 olabilece\u011fim bir \u015fey var m\u0131? &#8220;Bu arada, ba\u015far\u0131l\u0131 ge\u00e7en lazer ameliyat\u0131mdan d\u00f6nd\u00fc\u011f\u00fcmde duydu\u011fum ses tam olarak buydu.&#8221; Tan\u0131d\u0131klar\u0131ma ameliyat\u0131 \u0130svi\u00e7re&#8217;de yapt\u0131rmayaca\u011f\u0131m\u0131 s\u00f6yledim. Ama bunu \u0130stanbul&#8217;da yapt\u0131rd\u0131m. Kabul ediyorum, ben de&#8230; \u0130stanbul&#8217;a gitmeden \u00f6nce zaten midem bulan\u0131yordu. 12 Temmuz\u2019da \u0130stanbul\u2019a indi\u011fimde duydu\u011fum endi\u015feler hemen ortadan kalkt\u0131; kendimi hemen \u00e7ok iyi hissettim ve harika bir \u015fekilde ilgilendiler. Ameliyat sorunsuz ge\u00e7ti, ancak&#8230; Ameliyattan sonraki ilk 12 saat olduk\u00e7a tats\u0131zd\u0131r, ama&#8230; 24 y\u0131ll\u0131k \u00e7al\u0131\u015fma hayat\u0131m boyunca ya\u015fad\u0131\u011f\u0131m \u015fikayetlerle kar\u015f\u0131la\u015ft\u0131rma Yar\u0131 sert kontakt lenslerim vard\u0131. Ameliyattan sonraki ilk sabah Ger\u00e7ekten b\u00fcy\u00fcl\u00fcyd\u00fc ve kendimi Alice Harikalar Diyar\u0131nda gibi hissettim, g\u00f6rd\u00fcm&#8230; \u0130stanbul&#8217;u kelimenin tam anlam\u0131yla farkl\u0131 bir g\u00f6zle g\u00f6rmek. Co\u015fku, farkl\u0131 bir bak\u0131\u015f a\u00e7\u0131s\u0131yla de\u011ferlendirildi. Ancak, birka\u00e7 haftad\u0131r g\u00f6rme sorunlar\u0131 ya\u015fad\u0131\u011f\u0131m i\u00e7in&#8230; ve \u00f6nce ben ve g\u00f6zlerim yeni duruma al\u0131\u015ft\u0131k. Al\u0131\u015fmak zorunda kald\u0131m. Ba\u015f a\u011fr\u0131lar\u0131, \u0131\u015f\u0131\u011fa duyarl\u0131l\u0131k ve benzeri sorunlar ya\u015fad\u0131m. Ya\u015f\u0131m ilerledik\u00e7e artan uza\u011f\u0131 iyi g\u00f6rememe sorunum bana baz\u0131 s\u0131k\u0131nt\u0131lar yarat\u0131yordu. y\u00f6netmek. \u0130svi\u00e7re&#8217;deki takip kontrol\u00fc s\u0131ras\u0131nda, G\u00f6z doktoru bunun tamamen normal oldu\u011funu s\u00f6yledi (yakla\u015f\u0131k 6 ay s\u00fcr\u00fcyor). (Durum d\u00fczeldi) ve g\u00f6z ameliyat\u0131 m\u00fckemmel bir \u015fekilde ger\u00e7ekle\u015ftirildi. Ameliyat\u0131n \u00fczerinden d\u00f6rt ay ge\u00e7ti ve benim G\u00f6rme keskinli\u011fi %100&#8217;de sabitlenir ve ilk belirtiler azal\u0131r. Neredeyse tamamen ortadan kayboldular. Biraz sab\u0131r gerekiyor ama nas\u0131l&#8230; Dedi\u011fim gibi, bu \u015fikayetleri k\u0131sa vadede memnuniyetle kabul ettim. Sat\u0131n ald\u0131m. \u00c7\u00fcnk\u00fc ya\u015fam kalitem \u00f6nemli \u00f6l\u00e7\u00fcde iyile\u015fti. Bu i\u015flemi her zaman tekrar yapt\u0131r\u0131rd\u0131m ve tek pi\u015fmanl\u0131\u011f\u0131m \u015fu ki&#8230; Ke\u015fke ameliyat\u0131 \u00e7ok daha \u00f6nce olsayd\u0131m. \u0130nsan mecbur kal\u0131yor&#8230; \u015eunu da belirtmekte fayda var ki, bu i\u015flem daha fazla veya daha az zaman alabilir. Her \u015feyin normale d\u00f6nmesi biraz zaman alacak. Yine de, keyfini \u00e7\u0131kar\u0131n! Art\u0131k nefret etti\u011fim g\u00f6zl\u00fcklerim veya kontakt lenslerim olmadan her g\u00fcn\u00fc g\u00f6rebiliyorum. VAR \u0130STANBUL&#8217;A G\u0130D\u0130P OPERASYONU \u0130ZLEMEMEK \u0130\u00c7\u0130N H\u0130\u00c7B\u0130R SEBEP YOK. \u0130\u015eLEM\u0130 YAPTIRDI\u011eIMIZ \u0130\u00c7\u0130N TE\u015eEKK\u00dcR EDER\u0130Z. SWISSLASIK.CH!!!!!!! Simone Hofstetter \u00d6nceki rapor Bir sonraki rapor<\/p>\n","protected":false},"author":4,"featured_media":0,"parent":3223,"menu_order":0,"comment_status":"closed","ping_status":"closed","template":"","meta":{"_joinchat":[],"footnotes":""},"class_list":["post-4445","page","type-page","status-publish","hentry"],"acf":[],"_links":{"self":[{"href":"https:\/\/medicaltravel.ch\/tr\/wp-json\/wp\/v2\/pages\/4445","targetHints":{"allow":["GET"]}}],"collection":[{"href":"https:\/\/medicaltravel.ch\/tr\/wp-json\/wp\/v2\/pages"}],"about":[{"href":"https:\/\/medicaltravel.ch\/tr\/wp-json\/wp\/v2\/types\/page"}],"author":[{"embeddable":true,"href":"https:\/\/medicaltravel.ch\/tr\/wp-json\/wp\/v2\/users\/4"}],"replies":[{"embeddable":true,"href":"https:\/\/medicaltravel.ch\/tr\/wp-json\/wp\/v2\/comments?post=4445"}],"version-history":[{"count":1,"href":"https:\/\/medicaltravel.ch\/tr\/wp-json\/wp\/v2\/pages\/4445\/revisions"}],"predecessor-version":[{"id":4446,"href":"https:\/\/medicaltravel.ch\/tr\/wp-json\/wp\/v2\/pages\/4445\/revisions\/4446"}],"up":[{"embeddable":true,"href":"https:\/\/medicaltravel.ch\/tr\/wp-json\/wp\/v2\/pages\/3223"}],"wp:attachment":[{"href":"https:\/\/medicaltravel.ch\/tr\/wp-json\/wp\/v2\/media?parent=4445"}],"curies":[{"name":"wp","href":"https:\/\/api.w.org\/{rel}","templated":true}]}}