{"id":4449,"date":"2025-09-24T07:51:57","date_gmt":"2025-09-24T06:51:57","guid":{"rendered":"https:\/\/medicaltravel.ch\/hasta-raporlari\/yasli-hastalarin-raporlari\/lazer-goez-ameliyati-deneyimim-26-mart-2008-carsamba-guenue-raporu\/"},"modified":"2026-01-12T21:49:13","modified_gmt":"2026-01-12T20:49:13","slug":"lazer-goez-ameliyati-deneyimim-26-mart-2008-carsamba-guenue-raporu","status":"publish","type":"page","link":"https:\/\/medicaltravel.ch\/tr\/hasta-raporlari\/yasli-hastalarin-raporlari\/lazer-goez-ameliyati-deneyimim-26-mart-2008-carsamba-guenue-raporu\/","title":{"rendered":"Lazer g\u00f6z ameliyat\u0131 deneyimim \u2013 26 Mart 2008 \u00c7ar\u015famba g\u00fcn\u00fc raporu"},"content":{"rendered":"\n<h3 class=\"wp-block-heading\">Lazer g\u00f6z ameliyat\u0131 deneyimim \u2013 26 Mart 2008 \u00c7ar\u015famba g\u00fcn\u00fc raporu<\/h3>\n\n<p>Herkese merhaba<\/p>\n\n<p>Ameliyat sonras\u0131, g\u00f6zlerim i\u00e7in \u00e7ok faydal\u0131 olmas\u0131n\u0131n yan\u0131 s\u0131ra, tam 11 saat boyunca bir ta\u015f gibi uyudum. Duygular\u0131m olduk\u00e7a karma\u015f\u0131k. Y\u00fcksek diyoptrim y\u00fcz\u00fcnden, bu i\u015flem benim i\u00e7in daha derin bir m\u00fcdahale oldu; bu, d\u00fc\u015f\u00fck miyoplu\u011fu olanlar i\u00e7in daha k\u0131sa s\u00fcreli bir i\u015flem olurdu. Yani, 10 saniye s\u00fcren lazer etkisi, \u00f6rne\u011fin Manus&#8217;un heyecanla anlatt\u0131\u011f\u0131 arkada\u015f\u0131 Natascha&#8217;n\u0131n 5 saniyelik lazer etkisinden daha uzun s\u00fcrd\u00fc. Ac\u0131 vermedi ve ben de iyi bir \u015fekilde haz\u0131rl\u0131kl\u0131yd\u0131m, bu bir sorun de\u011fildi. Belki en zorlay\u0131c\u0131 olan \u015fey, her \u015feyi g\u00f6rmek zorunda olmamd\u0131; g\u00f6zlerimi tam kapatmak m\u00fcmk\u00fcn de\u011fildi. &#8220;\u00c7ekilen&#8221; g\u00f6zbebe\u011fimin ve yapay olarak a\u00e7\u0131k tutulan g\u00f6z kapa\u011f\u0131m\u0131n bask\u0131s\u0131n\u0131 hissettim. Arada bir g\u00f6r\u00fc\u015f kayboluyordu, sonra tekrar geri geliyordu, t\u0131pk\u0131 bulutlar\u0131n aras\u0131ndan ge\u00e7erken bir u\u00e7a\u011f\u0131n i\u00e7inde olmak gibi. Sonra bir renkli daireli bir yolculuk, LSD al\u0131rken ya\u015fanacak bir trip gibi, kafamda canlan\u0131yor. Lazer, korneada bir kesik a\u00e7\u0131yor, sonra bu kat a\u00e7\u0131l\u0131yor ve lazer, alt\u0131ndaki kornea tabakas\u0131n\u0131 yakarak, \u0131\u015f\u0131\u011f\u0131n oraya odaklanmas\u0131n\u0131 sa\u011fl\u0131yor, b\u00f6ylece art\u0131k hayat\u0131mda daha \u00f6nce hep bulan\u0131k olan g\u00f6r\u00fcnt\u00fc netle\u015fiyor ve retina \u00fczerinde net bir g\u00f6r\u00fcnt\u00fc olu\u015fturuyor. Yakla\u015f\u0131k 15 dakika i\u00e7inde her \u015fey bitiyor, hasta kalk\u0131yor, g\u00f6zlerini a\u00e7abiliyor ve her \u015feyi net g\u00f6rebiliyor. Ancak 4 saat daha g\u00f6zlerini kapal\u0131 tutmas\u0131 ve otelde dinlenmesi gerekti\u011fi s\u00f6yleniyor. O da dedi\u011fi gibi yapt\u0131, \u00e7\u00fcnk\u00fc kendisini d\u00fcnyaya yeni gelmi\u015f bir bebek gibi hissetti, ke\u015ffedecek hi\u00e7bir \u015fey bilmeyen bir bebek gibi, ona a\u00e7\u0131lan yeni d\u00fcnyay\u0131.           <\/p>\n\n<p>Ertesi g\u00fcn: Kutsal Cuma. Kahvalt\u0131 salonunda Sessiz Gece ve di\u011fer Noel \u015fark\u0131lar\u0131 \u00e7al\u0131yordu. G\u00f6r\u00fcn\u00fc\u015fe g\u00f6re, bunun b\u00fcy\u00fck bir Noel bayram\u0131 oldu\u011funu fark etmi\u015fler ve \u00e7o\u011funlukla Bat\u0131l\u0131 misafirlerini memnun etmek istemi\u015flerdi. T\u0131pk\u0131 &#8220;oryantal ses&#8221; dedi\u011fimizde t\u00fcm Do\u011fu&#8217;yu d\u00fc\u015f\u00fcn\u00fcyor olabilece\u011fimiz gibi. G\u00f6zler her saat ba\u015f\u0131 h\u0131zl\u0131ca tuvalete gitme ihtiyac\u0131 duyuyor, ama bunun d\u0131\u015f\u0131nda, gezi g\u00fcn\u00fc. Ayakkab\u0131lar\u0131 plastik po\u015fetlerde, ba\u015flar\u0131 a\u00e7\u0131k bir \u015fekilde, kalabal\u0131k turist gruplar\u0131yla Sultanahmet Camii&#8217;ni ziyaret ettik. Ard\u0131ndan, Avrupa ve Asya, Karadeniz ve Marmara Denizi aras\u0131nda y\u00fcksek dalgalarda sallanan bir Bo\u011faz turu yapt\u0131k. So\u011fuk ve ya\u011fmurda, g\u00f6zlerimizi g\u00fcne\u015f g\u00f6zl\u00fckleriyle endi\u015feyle koruyarak Kapal\u0131 \u00c7ar\u015f\u0131&#8217;ya gittik. Bunun d\u0131\u015f\u0131nda, \u0130stanbul tarihi bir alt\u0131n madeni ve bug\u00fcn a\u015f\u0131r\u0131 kalabal\u0131k bir metropol (\u0130svi\u00e7re&#8217;nin \u00fc\u00e7 kat\u0131 b\u00fcy\u00fckl\u00fc\u011f\u00fcnde!), cephelerin bile art\u0131k parlamad\u0131\u011f\u0131, bu da onu b\u00fcy\u00fcleyici bir \u015fekilde d\u00fcr\u00fcst k\u0131lan bir \u015fehir. Ev s\u0131ralar\u0131 aras\u0131nda, muhtemelen kom\u015fu binalar\u0131 da havaya u\u00e7urmadan y\u0131k\u0131lamayacak kal\u0131nt\u0131lar var. Bir\u00e7ok insan Avrupa yakas\u0131nda \u00e7al\u0131\u015f\u0131p Asya yakas\u0131nda ya\u015f\u0131yor; Asya yakas\u0131 daha ya\u015fanabilir, daha ye\u015fil ve daha bak\u0131ml\u0131. K\u0131talar aras\u0131ndaki iki asma k\u00f6pr\u00fc, i\u015fe gidip gelenlerin trafi\u011fi nedeniyle s\u00fcrekli t\u0131kan\u0131yor, sokaklar da \u00f6yle; metro a\u011f\u0131 ise \u015fimdiye kadar sadece en i\u015flek b\u00f6lge olan Taksim&#8217;e kadar uzat\u0131ld\u0131. \u0130stanbul, milletlerin ve hatta dini topluluklar\u0131n bir araya geldi\u011fi bir pota.            <\/p>\n\n<p>Cumartesi sabah\u0131 saat be\u015fte, her sabah oldu\u011fu gibi m\u00fcezzin beni uyand\u0131rd\u0131. Eve d\u00f6n\u00fc\u015f u\u00e7u\u015fundaki kuru kabin havas\u0131 g\u00f6zlerime iyi gelmedi. Eve d\u00f6nd\u00fc\u011f\u00fcmde, sonunda g\u00f6zl\u00fcks\u00fcz tan\u0131d\u0131k nesneleri net bir \u015fekilde g\u00f6rebildi\u011fim i\u00e7in saf bir sevin\u00e7 duydum. G\u00f6r\u00fc\u015f\u00fcm\u00fcn art\u0131k g\u00f6zl\u00fcklerimin kenarlar\u0131yla s\u0131n\u0131rl\u0131 olmamas\u0131 da harika. En g\u00fczel yan\u0131, sabah g\u00f6zlerimi a\u00e7t\u0131\u011f\u0131mda net g\u00f6rebilmek i\u00e7in g\u00f6zl\u00fcklerime uzanmak zorunda kalmamam. Ancak her \u015feyin ne kadar \u00e7abuk normale d\u00f6nd\u00fc\u011f\u00fc de garip. Baz\u0131 insanlar art\u0131k eskisinden \u00e7ok daha iyi g\u00f6rd\u00fcklerini s\u00f6yl\u00fcyor. Benim i\u00e7in durum b\u00f6yle de\u011fil, ama g\u00f6zl\u00fcks\u00fcz olarak eskisi kadar iyi g\u00f6r\u00fcyorum. Ya\u015f\u0131m ilerledi\u011fi i\u00e7in miyoplu\u011fum kas\u0131tl\u0131 olarak tamamen d\u00fczeltilmedi ve g\u00f6r\u00fcn\u00fc\u015fe g\u00f6re, ya\u015fa ba\u011fl\u0131 hipermetropi daha erken ortaya \u00e7\u0131k\u0131yor. Ama g\u00f6zl\u00fcks\u00fcz olarak uza\u011f\u0131 iyi g\u00f6rebiliyorum. \u015eu anda hala eksik olan \u015fey yak\u0131n g\u00f6r\u00fc\u015f\u00fcm. Bu da okurken her \u015feyin bulan\u0131k g\u00f6r\u00fcnmesi anlam\u0131na geliyor ve umar\u0131m hemen okuma g\u00f6zl\u00fc\u011f\u00fcne ihtiyac\u0131m olmaz. Doktor, bunun ilk birka\u00e7 g\u00fcn i\u00e7in normal oldu\u011funu s\u00f6yleyerek beni rahatlatt\u0131.           <\/p>\n\n<p>Bana olduk\u00e7a garip gelen bir di\u011fer \u015fey ise, g\u00f6zl\u00fcks\u00fcz aynaya bakt\u0131\u011f\u0131mda annemin y\u00fcz hatlar\u0131n\u0131 \u00e7ok daha belirgin bir \u015fekilde g\u00f6rmem. G\u00f6zl\u00fckler bunu o kadar belirgin hale getirmiyordu. Bu durum beni rahats\u0131z ediyor. Ama g\u00f6zlerim g\u00fczel, b\u00fcy\u00fck ve berrak.   <\/p>\n\n<p>Sayg\u0131lar\u0131mla, Petra Paul<\/p>\n\n<div class=\"wp-block-group is-layout-grid wp-container-core-group-is-layout-baef362d wp-block-group-is-layout-grid\">\n<p><a href=\"https:\/\/medicaltravel.at\/home\/agb\/\" data-type=\"page\" data-id=\"2191\" rel=\"nofollow noopener\" target=\"_blank\"><\/a><a href=\"https:\/\/medicaltravel.ch\/tr\/hasta-raporlari\/yasli-hastalarin-raporlari\/istanbulda-lasik-ameliyatim-2-nisan-2008-carsamba-guenue-raporu\/\" data-type=\"link\" data-id=\"https:\/\/medicaltravel.ch\/berichte-von-patienten-istanbul-turkei\/altere-patientenberichte\/meine-lasik-op-in-istanbul-bericht-vom-mittwoch-02-april-2008\/\">\u00d6nceki rapor<\/a><\/p>\n\n\n\n<p class=\"has-text-align-right wp-container-content-5e2576f9\"><a href=\"https:\/\/medicaltravel.at\/home\/impressum\/\" data-type=\"page\" data-id=\"2193\" rel=\"nofollow noopener\" target=\"_blank\"><\/a><a href=\"https:\/\/medicaltravel.at\/home\/berichte-von-patienten\/erfahrungsberichte\/erfahrungsbericht-zahnbehandlung-in-istanbul\/\" data-type=\"page\" data-id=\"981\" rel=\"nofollow noopener\" target=\"_blank\"><\/a><a href=\"https:\/\/medicaltravel.ch\/tr\/hasta-raporlari\/yasli-hastalarin-raporlari\/kisa-ve-neredeyse-acisiz-24-mart-2008-pazartesi-guenue-raporu\/\" data-type=\"link\" data-id=\"https:\/\/medicaltravel.ch\/berichte-von-patienten-istanbul-turkei\/altere-patientenberichte\/kurz-und-fast-schmerzlos-bericht-vom-montag-24-marz-2008\/\">Bir sonraki rapor<\/a><\/p>\n<\/div>\n","protected":false},"excerpt":{"rendered":"<p>Lazer g\u00f6z ameliyat\u0131 deneyimim \u2013 26 Mart 2008 \u00c7ar\u015famba g\u00fcn\u00fc raporu Herkese merhaba Ameliyat sonras\u0131, g\u00f6zlerim i\u00e7in \u00e7ok faydal\u0131 olmas\u0131n\u0131n yan\u0131 s\u0131ra, tam 11 saat boyunca bir ta\u015f gibi uyudum. Duygular\u0131m olduk\u00e7a karma\u015f\u0131k. Y\u00fcksek diyoptrim y\u00fcz\u00fcnden, bu i\u015flem benim i\u00e7in daha derin bir m\u00fcdahale oldu; bu, d\u00fc\u015f\u00fck miyoplu\u011fu olanlar i\u00e7in daha k\u0131sa s\u00fcreli bir i\u015flem olurdu. Yani, 10 saniye s\u00fcren lazer etkisi, \u00f6rne\u011fin Manus&#8217;un heyecanla anlatt\u0131\u011f\u0131 arkada\u015f\u0131 Natascha&#8217;n\u0131n 5 saniyelik lazer etkisinden daha uzun s\u00fcrd\u00fc. Ac\u0131 vermedi ve ben de iyi bir \u015fekilde haz\u0131rl\u0131kl\u0131yd\u0131m, bu bir sorun de\u011fildi. Belki en zorlay\u0131c\u0131 olan \u015fey, her \u015feyi g\u00f6rmek zorunda olmamd\u0131; g\u00f6zlerimi tam kapatmak m\u00fcmk\u00fcn de\u011fildi. &#8220;\u00c7ekilen&#8221; g\u00f6zbebe\u011fimin ve yapay olarak a\u00e7\u0131k tutulan g\u00f6z kapa\u011f\u0131m\u0131n bask\u0131s\u0131n\u0131 hissettim. Arada bir g\u00f6r\u00fc\u015f kayboluyordu, sonra tekrar geri geliyordu, t\u0131pk\u0131 bulutlar\u0131n aras\u0131ndan ge\u00e7erken bir u\u00e7a\u011f\u0131n i\u00e7inde olmak gibi. Sonra bir renkli daireli bir yolculuk, LSD al\u0131rken ya\u015fanacak bir trip gibi, kafamda canlan\u0131yor. Lazer, korneada bir kesik a\u00e7\u0131yor, sonra bu kat a\u00e7\u0131l\u0131yor ve lazer, alt\u0131ndaki kornea tabakas\u0131n\u0131 yakarak, \u0131\u015f\u0131\u011f\u0131n oraya odaklanmas\u0131n\u0131 sa\u011fl\u0131yor, b\u00f6ylece art\u0131k hayat\u0131mda daha \u00f6nce hep bulan\u0131k olan g\u00f6r\u00fcnt\u00fc netle\u015fiyor ve retina \u00fczerinde net bir g\u00f6r\u00fcnt\u00fc olu\u015fturuyor. Yakla\u015f\u0131k 15 dakika i\u00e7inde her \u015fey bitiyor, hasta kalk\u0131yor, g\u00f6zlerini a\u00e7abiliyor ve her \u015feyi net g\u00f6rebiliyor. Ancak 4 saat daha g\u00f6zlerini kapal\u0131 tutmas\u0131 ve otelde dinlenmesi gerekti\u011fi s\u00f6yleniyor. O da dedi\u011fi gibi yapt\u0131, \u00e7\u00fcnk\u00fc kendisini d\u00fcnyaya yeni gelmi\u015f bir bebek gibi hissetti, ke\u015ffedecek hi\u00e7bir \u015fey bilmeyen bir bebek gibi, ona a\u00e7\u0131lan yeni d\u00fcnyay\u0131. Ertesi g\u00fcn: Kutsal Cuma. Kahvalt\u0131 salonunda Sessiz Gece ve di\u011fer Noel \u015fark\u0131lar\u0131 \u00e7al\u0131yordu. G\u00f6r\u00fcn\u00fc\u015fe g\u00f6re, bunun b\u00fcy\u00fck bir Noel bayram\u0131 oldu\u011funu fark etmi\u015fler ve \u00e7o\u011funlukla Bat\u0131l\u0131 misafirlerini memnun etmek istemi\u015flerdi. T\u0131pk\u0131 &#8220;oryantal ses&#8221; dedi\u011fimizde t\u00fcm Do\u011fu&#8217;yu d\u00fc\u015f\u00fcn\u00fcyor olabilece\u011fimiz gibi. G\u00f6zler her saat ba\u015f\u0131 h\u0131zl\u0131ca tuvalete gitme ihtiyac\u0131 duyuyor, ama bunun d\u0131\u015f\u0131nda, gezi g\u00fcn\u00fc. Ayakkab\u0131lar\u0131 plastik po\u015fetlerde, ba\u015flar\u0131 a\u00e7\u0131k bir \u015fekilde, kalabal\u0131k turist gruplar\u0131yla Sultanahmet Camii&#8217;ni ziyaret ettik. Ard\u0131ndan, Avrupa ve Asya, Karadeniz ve Marmara Denizi aras\u0131nda y\u00fcksek dalgalarda sallanan bir Bo\u011faz turu yapt\u0131k. So\u011fuk ve ya\u011fmurda, g\u00f6zlerimizi g\u00fcne\u015f g\u00f6zl\u00fckleriyle endi\u015feyle koruyarak Kapal\u0131 \u00c7ar\u015f\u0131&#8217;ya gittik. Bunun d\u0131\u015f\u0131nda, \u0130stanbul tarihi bir alt\u0131n madeni ve bug\u00fcn a\u015f\u0131r\u0131 kalabal\u0131k bir metropol (\u0130svi\u00e7re&#8217;nin \u00fc\u00e7 kat\u0131 b\u00fcy\u00fckl\u00fc\u011f\u00fcnde!), cephelerin bile art\u0131k parlamad\u0131\u011f\u0131, bu da onu b\u00fcy\u00fcleyici bir \u015fekilde d\u00fcr\u00fcst k\u0131lan bir \u015fehir. Ev s\u0131ralar\u0131 aras\u0131nda, muhtemelen kom\u015fu binalar\u0131 da havaya u\u00e7urmadan y\u0131k\u0131lamayacak kal\u0131nt\u0131lar var. Bir\u00e7ok insan Avrupa yakas\u0131nda \u00e7al\u0131\u015f\u0131p Asya yakas\u0131nda ya\u015f\u0131yor; Asya yakas\u0131 daha ya\u015fanabilir, daha ye\u015fil ve daha bak\u0131ml\u0131. K\u0131talar aras\u0131ndaki iki asma k\u00f6pr\u00fc, i\u015fe gidip gelenlerin trafi\u011fi nedeniyle s\u00fcrekli t\u0131kan\u0131yor, sokaklar da \u00f6yle; metro a\u011f\u0131 ise \u015fimdiye kadar sadece en i\u015flek b\u00f6lge olan Taksim&#8217;e kadar uzat\u0131ld\u0131. \u0130stanbul, milletlerin ve hatta dini topluluklar\u0131n bir araya geldi\u011fi bir pota. Cumartesi sabah\u0131 saat be\u015fte, her sabah oldu\u011fu gibi m\u00fcezzin beni uyand\u0131rd\u0131. Eve d\u00f6n\u00fc\u015f u\u00e7u\u015fundaki kuru kabin havas\u0131 g\u00f6zlerime iyi gelmedi. Eve d\u00f6nd\u00fc\u011f\u00fcmde, sonunda g\u00f6zl\u00fcks\u00fcz tan\u0131d\u0131k nesneleri net bir \u015fekilde g\u00f6rebildi\u011fim i\u00e7in saf bir sevin\u00e7 duydum. G\u00f6r\u00fc\u015f\u00fcm\u00fcn art\u0131k g\u00f6zl\u00fcklerimin kenarlar\u0131yla s\u0131n\u0131rl\u0131 olmamas\u0131 da harika. En g\u00fczel yan\u0131, sabah g\u00f6zlerimi a\u00e7t\u0131\u011f\u0131mda net g\u00f6rebilmek i\u00e7in g\u00f6zl\u00fcklerime uzanmak zorunda kalmamam. Ancak her \u015feyin ne kadar \u00e7abuk normale d\u00f6nd\u00fc\u011f\u00fc de garip. Baz\u0131 insanlar art\u0131k eskisinden \u00e7ok daha iyi g\u00f6rd\u00fcklerini s\u00f6yl\u00fcyor. Benim i\u00e7in durum b\u00f6yle de\u011fil, ama g\u00f6zl\u00fcks\u00fcz olarak eskisi kadar iyi g\u00f6r\u00fcyorum. Ya\u015f\u0131m ilerledi\u011fi i\u00e7in miyoplu\u011fum kas\u0131tl\u0131 olarak tamamen d\u00fczeltilmedi ve g\u00f6r\u00fcn\u00fc\u015fe g\u00f6re, ya\u015fa ba\u011fl\u0131 hipermetropi daha erken ortaya \u00e7\u0131k\u0131yor. Ama g\u00f6zl\u00fcks\u00fcz olarak uza\u011f\u0131 iyi g\u00f6rebiliyorum. \u015eu anda hala eksik olan \u015fey yak\u0131n g\u00f6r\u00fc\u015f\u00fcm. Bu da okurken her \u015feyin bulan\u0131k g\u00f6r\u00fcnmesi anlam\u0131na geliyor ve umar\u0131m hemen okuma g\u00f6zl\u00fc\u011f\u00fcne ihtiyac\u0131m olmaz. Doktor, bunun ilk birka\u00e7 g\u00fcn i\u00e7in normal oldu\u011funu s\u00f6yleyerek beni rahatlatt\u0131. Bana olduk\u00e7a garip gelen bir di\u011fer \u015fey ise, g\u00f6zl\u00fcks\u00fcz aynaya bakt\u0131\u011f\u0131mda annemin y\u00fcz hatlar\u0131n\u0131 \u00e7ok daha belirgin bir \u015fekilde g\u00f6rmem. G\u00f6zl\u00fckler bunu o kadar belirgin hale getirmiyordu. Bu durum beni rahats\u0131z ediyor. Ama g\u00f6zlerim g\u00fczel, b\u00fcy\u00fck ve berrak. Sayg\u0131lar\u0131mla, Petra Paul \u00d6nceki rapor Bir sonraki rapor<\/p>\n","protected":false},"author":4,"featured_media":0,"parent":3223,"menu_order":0,"comment_status":"closed","ping_status":"closed","template":"","meta":{"_joinchat":[],"footnotes":""},"class_list":["post-4449","page","type-page","status-publish","hentry"],"acf":[],"_links":{"self":[{"href":"https:\/\/medicaltravel.ch\/tr\/wp-json\/wp\/v2\/pages\/4449","targetHints":{"allow":["GET"]}}],"collection":[{"href":"https:\/\/medicaltravel.ch\/tr\/wp-json\/wp\/v2\/pages"}],"about":[{"href":"https:\/\/medicaltravel.ch\/tr\/wp-json\/wp\/v2\/types\/page"}],"author":[{"embeddable":true,"href":"https:\/\/medicaltravel.ch\/tr\/wp-json\/wp\/v2\/users\/4"}],"replies":[{"embeddable":true,"href":"https:\/\/medicaltravel.ch\/tr\/wp-json\/wp\/v2\/comments?post=4449"}],"version-history":[{"count":0,"href":"https:\/\/medicaltravel.ch\/tr\/wp-json\/wp\/v2\/pages\/4449\/revisions"}],"up":[{"embeddable":true,"href":"https:\/\/medicaltravel.ch\/tr\/wp-json\/wp\/v2\/pages\/3223"}],"wp:attachment":[{"href":"https:\/\/medicaltravel.ch\/tr\/wp-json\/wp\/v2\/media?parent=4449"}],"curies":[{"name":"wp","href":"https:\/\/api.w.org\/{rel}","templated":true}]}}