{"id":4455,"date":"2025-09-24T07:34:57","date_gmt":"2025-09-24T06:34:57","guid":{"rendered":"https:\/\/medicaltravel.ch\/hasta-raporlari\/yasli-hastalarin-raporlari\/istanbulda-gecirdigim-lasik-ameliyati-29-aralik-2008-pazartesi-guenue-tarihli-rapor\/"},"modified":"2026-01-12T21:35:13","modified_gmt":"2026-01-12T20:35:13","slug":"istanbulda-gecirdigim-lasik-ameliyati-29-aralik-2008-pazartesi-guenue-tarihli-rapor","status":"publish","type":"page","link":"https:\/\/medicaltravel.ch\/tr\/hasta-raporlari\/yasli-hastalarin-raporlari\/istanbulda-gecirdigim-lasik-ameliyati-29-aralik-2008-pazartesi-guenue-tarihli-rapor\/","title":{"rendered":"\u0130STANBUL&#8217;da ge\u00e7irdi\u011fim LASIK ameliyat\u0131 \u2013 29 Aral\u0131k 2008 Pazartesi g\u00fcn\u00fc tarihli rapor"},"content":{"rendered":"\n<h3 class=\"wp-block-heading\">\u0130STANBUL&#8217;da ge\u00e7irdi\u011fim LASIK ameliyat\u0131 \u2013 29 Aral\u0131k 2008 Pazartesi g\u00fcn\u00fc tarihli rapor<\/h3>\n\n<p>Ben spora ilgi duyan biriyim. Bo\u015f zamanlar\u0131mda Kung Fu yapmay\u0131, \u00e7ok y\u00fczmeyi veya ormanlarda ko\u015fmay\u0131 seviyorum. 3 ve 3.5 diyoptri ile maalesef her zaman g\u00f6zl\u00fck takmak zorunda kal\u0131yordum. \u00d6zellikle Kung Fu antrenmanlar\u0131nda g\u00f6zl\u00fck s\u0131k\u00e7a engel oluyordu. Bazen antrenman salonunda g\u00f6zl\u00fc\u011f\u00fcm odan\u0131n i\u00e7inde savruluyordu. Ayr\u0131ca d\u0131\u015far\u0131da ya\u011fmurda da k\u00f6t\u00fc g\u00f6r\u00fc\u015f nedeniyle t\u00fcm aktiviteler olduk\u00e7a zorla\u015fm\u0131\u015ft\u0131.<br\/>Bu nedenlerle lazer operasyonu hakk\u0131nda ara\u015ft\u0131rma yapt\u0131m ve \u00e7e\u015fitli teklifleri ve sa\u011flay\u0131c\u0131lar\u0131 inceledim. Ablam y\u0131llar \u00f6nce \u0130svi\u00e7re&#8217;de ameliyat oldu ve bug\u00fcn hala sonu\u00e7lardan \u00e7ok memnun. Arkada\u015f\u0131m ise g\u00f6z ameliyat\u0131n\u0131 T\u00fcrkiye&#8217;de arkada\u015flar\u0131yla yapt\u0131rd\u0131 ve o da yaln\u0131zca olumlu sonu\u00e7lardan bahsetti. Maalesef, g\u00fcn\u00fcm\u00fczde sa\u011fl\u0131k sigortalar\u0131 \u00e7ok d\u00fc\u015f\u00fck, hatta hi\u00e7 katk\u0131 sa\u011flam\u0131yor. Bu y\u00fczden fiyatlar\u0131 kar\u015f\u0131la\u015ft\u0131rmak zorunda kald\u0131m ve ger\u00e7ekten ne kadar fark oldu\u011funu g\u00f6rd\u00fcm. T\u00fcrkiye&#8217;deki fiyat-performans oran\u0131 kesinlikle en iyi durumda.<br\/>Sonra internet \u00fczerinden Swisslasik&#8217;in teklifini daha detayl\u0131 inceledim ve bunu arkada\u015f\u0131m ile konu\u015ftum. Ger\u00e7ekten \u00e7ok ciddi bir izlenim b\u0131rakt\u0131 ve bu y\u00fczden Swisslasik arac\u0131l\u0131\u011f\u0131yla Z\u00fcrih&#8217;te bir g\u00f6z doktoruna muayene olmaya karar verdim. Doktorum g\u00f6z ameliyat\u0131 i\u00e7in onay verdi ve t\u00fcm sorular\u0131m hakk\u0131nda beni bilgilendirdi. O an, bu operasyonu yapt\u0131rmam gerekti\u011fi tamamen netle\u015fti.<br\/>\u0130stanbul&#8217;a gitmeyi d\u00f6rt g\u00f6zle bekliyordum ve oradaki m\u00fckemmel organizasyon beni ger\u00e7ekten \u00e7ok mutlu etti. G\u00fczel bir spa alan\u0131na sahip otel, merkezi konumu ve yak\u0131n\u0131ndaki turistik yerler, \u0130stanbul&#8217;u bizim i\u00e7in unutulmaz bir geziye d\u00f6n\u00fc\u015ft\u00fcrd\u00fc.<br\/>\u00d6zellikle ameliyat s\u0131ras\u0131nda \u0130svi\u00e7re Almancas\u0131 ile yap\u0131lan rehberlik benim i\u00e7in b\u00fcy\u00fck bir yard\u0131mc\u0131 oldu. Ama t\u00fcm s\u00fcre\u00e7 boyunca kendimi \u00e7ok g\u00fcvende hissettim ve operasyon sonras\u0131 g\u00f6zlerimin ne kadar h\u0131zl\u0131 iyile\u015fti\u011fine ger\u00e7ekten hayret ettim. Benim i\u00e7in neredeyse inan\u0131lmazd\u0131 \u2013 Cumartesi \u00f6\u011fleden sonra bu h\u0131zl\u0131 m\u00fcdahale ve Pazartesi sabah\u0131 hastanede \u00e7al\u0131\u015fmaya ba\u015flam\u0131\u015ft\u0131m.<br\/>Bir \u015fey akl\u0131mda kald\u0131 \u2013 al\u0131m hizmetindeki adam bize \u015f\u00f6yle demi\u015fti: &#8220;Bu g\u00fcnlerin tad\u0131n\u0131 \u00e7\u0131kar\u0131n, bunu bir \u015fehir gezisi gibi g\u00f6r\u00fcn, arada h\u0131zl\u0131ca bu operasyonu da halledersiniz.&#8221; Tam olarak bizim i\u00e7in de b\u00f6yle oldu\u2026 \u015eimdi ise g\u00f6zl\u00fck olmadan aktif bir hayat\u0131 d\u00f6rt g\u00f6zle bekliyorum.<\/p>\n\n<p>O, 23.12.2008<\/p>\n\n<div class=\"wp-block-group is-layout-grid wp-container-core-group-is-layout-baef362d wp-block-group-is-layout-grid\">\n<p><\/p>\n\n\n\n<p class=\"has-text-align-right wp-container-content-5e2576f9\"><a href=\"https:\/\/medicaltravel.at\/home\/impressum\/\" data-type=\"page\" data-id=\"2193\" rel=\"nofollow noopener\" target=\"_blank\"><\/a><a href=\"https:\/\/medicaltravel.at\/home\/berichte-von-patienten\/erfahrungsberichte\/erfahrungsbericht-zahnbehandlung-in-istanbul\/\" data-type=\"page\" data-id=\"981\" rel=\"nofollow noopener\" target=\"_blank\"><\/a><a href=\"https:\/\/medicaltravel.ch\/tr\/hasta-raporlari\/yasli-hastalarin-raporlari\/deneyim-raporu-auge-laser-istanbul-22-aralik-2008-pazartesi-guenue-tarihli-rapor\/\" data-type=\"link\" data-id=\"https:\/\/medicaltravel.ch\/berichte-von-patienten-istanbul-turkei\/altere-patientenberichte\/erlebnisbericht-auge-laser-istanbul-bericht-vom-montag-22-dezember-2008\/\">Bir sonraki rapor<\/a><\/p>\n<\/div>\n","protected":false},"excerpt":{"rendered":"<p>\u0130STANBUL&#8217;da ge\u00e7irdi\u011fim LASIK ameliyat\u0131 \u2013 29 Aral\u0131k 2008 Pazartesi g\u00fcn\u00fc tarihli rapor Ben spora ilgi duyan biriyim. Bo\u015f zamanlar\u0131mda Kung Fu yapmay\u0131, \u00e7ok y\u00fczmeyi veya ormanlarda ko\u015fmay\u0131 seviyorum. 3 ve 3.5 diyoptri ile maalesef her zaman g\u00f6zl\u00fck takmak zorunda kal\u0131yordum. \u00d6zellikle Kung Fu antrenmanlar\u0131nda g\u00f6zl\u00fck s\u0131k\u00e7a engel oluyordu. Bazen antrenman salonunda g\u00f6zl\u00fc\u011f\u00fcm odan\u0131n i\u00e7inde savruluyordu. Ayr\u0131ca d\u0131\u015far\u0131da ya\u011fmurda da k\u00f6t\u00fc g\u00f6r\u00fc\u015f nedeniyle t\u00fcm aktiviteler olduk\u00e7a zorla\u015fm\u0131\u015ft\u0131.Bu nedenlerle lazer operasyonu hakk\u0131nda ara\u015ft\u0131rma yapt\u0131m ve \u00e7e\u015fitli teklifleri ve sa\u011flay\u0131c\u0131lar\u0131 inceledim. Ablam y\u0131llar \u00f6nce \u0130svi\u00e7re&#8217;de ameliyat oldu ve bug\u00fcn hala sonu\u00e7lardan \u00e7ok memnun. Arkada\u015f\u0131m ise g\u00f6z ameliyat\u0131n\u0131 T\u00fcrkiye&#8217;de arkada\u015flar\u0131yla yapt\u0131rd\u0131 ve o da yaln\u0131zca olumlu sonu\u00e7lardan bahsetti. Maalesef, g\u00fcn\u00fcm\u00fczde sa\u011fl\u0131k sigortalar\u0131 \u00e7ok d\u00fc\u015f\u00fck, hatta hi\u00e7 katk\u0131 sa\u011flam\u0131yor. Bu y\u00fczden fiyatlar\u0131 kar\u015f\u0131la\u015ft\u0131rmak zorunda kald\u0131m ve ger\u00e7ekten ne kadar fark oldu\u011funu g\u00f6rd\u00fcm. T\u00fcrkiye&#8217;deki fiyat-performans oran\u0131 kesinlikle en iyi durumda.Sonra internet \u00fczerinden Swisslasik&#8217;in teklifini daha detayl\u0131 inceledim ve bunu arkada\u015f\u0131m ile konu\u015ftum. Ger\u00e7ekten \u00e7ok ciddi bir izlenim b\u0131rakt\u0131 ve bu y\u00fczden Swisslasik arac\u0131l\u0131\u011f\u0131yla Z\u00fcrih&#8217;te bir g\u00f6z doktoruna muayene olmaya karar verdim. Doktorum g\u00f6z ameliyat\u0131 i\u00e7in onay verdi ve t\u00fcm sorular\u0131m hakk\u0131nda beni bilgilendirdi. O an, bu operasyonu yapt\u0131rmam gerekti\u011fi tamamen netle\u015fti.\u0130stanbul&#8217;a gitmeyi d\u00f6rt g\u00f6zle bekliyordum ve oradaki m\u00fckemmel organizasyon beni ger\u00e7ekten \u00e7ok mutlu etti. G\u00fczel bir spa alan\u0131na sahip otel, merkezi konumu ve yak\u0131n\u0131ndaki turistik yerler, \u0130stanbul&#8217;u bizim i\u00e7in unutulmaz bir geziye d\u00f6n\u00fc\u015ft\u00fcrd\u00fc.\u00d6zellikle ameliyat s\u0131ras\u0131nda \u0130svi\u00e7re Almancas\u0131 ile yap\u0131lan rehberlik benim i\u00e7in b\u00fcy\u00fck bir yard\u0131mc\u0131 oldu. Ama t\u00fcm s\u00fcre\u00e7 boyunca kendimi \u00e7ok g\u00fcvende hissettim ve operasyon sonras\u0131 g\u00f6zlerimin ne kadar h\u0131zl\u0131 iyile\u015fti\u011fine ger\u00e7ekten hayret ettim. Benim i\u00e7in neredeyse inan\u0131lmazd\u0131 \u2013 Cumartesi \u00f6\u011fleden sonra bu h\u0131zl\u0131 m\u00fcdahale ve Pazartesi sabah\u0131 hastanede \u00e7al\u0131\u015fmaya ba\u015flam\u0131\u015ft\u0131m.Bir \u015fey akl\u0131mda kald\u0131 \u2013 al\u0131m hizmetindeki adam bize \u015f\u00f6yle demi\u015fti: &#8220;Bu g\u00fcnlerin tad\u0131n\u0131 \u00e7\u0131kar\u0131n, bunu bir \u015fehir gezisi gibi g\u00f6r\u00fcn, arada h\u0131zl\u0131ca bu operasyonu da halledersiniz.&#8221; Tam olarak bizim i\u00e7in de b\u00f6yle oldu\u2026 \u015eimdi ise g\u00f6zl\u00fck olmadan aktif bir hayat\u0131 d\u00f6rt g\u00f6zle bekliyorum. O, 23.12.2008 Bir sonraki rapor<\/p>\n","protected":false},"author":4,"featured_media":0,"parent":3223,"menu_order":0,"comment_status":"closed","ping_status":"closed","template":"","meta":{"_joinchat":[],"footnotes":""},"class_list":["post-4455","page","type-page","status-publish","hentry"],"acf":[],"_links":{"self":[{"href":"https:\/\/medicaltravel.ch\/tr\/wp-json\/wp\/v2\/pages\/4455","targetHints":{"allow":["GET"]}}],"collection":[{"href":"https:\/\/medicaltravel.ch\/tr\/wp-json\/wp\/v2\/pages"}],"about":[{"href":"https:\/\/medicaltravel.ch\/tr\/wp-json\/wp\/v2\/types\/page"}],"author":[{"embeddable":true,"href":"https:\/\/medicaltravel.ch\/tr\/wp-json\/wp\/v2\/users\/4"}],"replies":[{"embeddable":true,"href":"https:\/\/medicaltravel.ch\/tr\/wp-json\/wp\/v2\/comments?post=4455"}],"version-history":[{"count":1,"href":"https:\/\/medicaltravel.ch\/tr\/wp-json\/wp\/v2\/pages\/4455\/revisions"}],"predecessor-version":[{"id":4456,"href":"https:\/\/medicaltravel.ch\/tr\/wp-json\/wp\/v2\/pages\/4455\/revisions\/4456"}],"up":[{"embeddable":true,"href":"https:\/\/medicaltravel.ch\/tr\/wp-json\/wp\/v2\/pages\/3223"}],"wp:attachment":[{"href":"https:\/\/medicaltravel.ch\/tr\/wp-json\/wp\/v2\/media?parent=4455"}],"curies":[{"name":"wp","href":"https:\/\/api.w.org\/{rel}","templated":true}]}}