{"id":4457,"date":"2025-09-24T07:39:13","date_gmt":"2025-09-24T06:39:13","guid":{"rendered":"https:\/\/medicaltravel.ch\/hasta-raporlari\/yasli-hastalarin-raporlari\/goez-lazer-ameliyati-yolculugumla-ilgili-notlarim-19-ekim-2008-pazar-guenue-raporu\/"},"modified":"2026-01-12T21:38:03","modified_gmt":"2026-01-12T20:38:03","slug":"goez-lazer-ameliyati-yolculugumla-ilgili-notlarim-19-ekim-2008-pazar-guenue-raporu","status":"publish","type":"page","link":"https:\/\/medicaltravel.ch\/tr\/hasta-raporlari\/yasli-hastalarin-raporlari\/goez-lazer-ameliyati-yolculugumla-ilgili-notlarim-19-ekim-2008-pazar-guenue-raporu\/","title":{"rendered":"G\u00f6z lazer ameliyat\u0131 yolculu\u011fumla ilgili notlar\u0131m \u2013 19 Ekim 2008 Pazar g\u00fcn\u00fc raporu"},"content":{"rendered":"\n<h3 class=\"wp-block-heading\">G\u00f6z lazer ameliyat\u0131 yolculu\u011fumla ilgili notlar\u0131m \u2013 19 Ekim 2008 Pazar g\u00fcn\u00fc raporu<\/h3>\n\n\n\n<p>Sebepler<\/p>\n\n\n\n<p>Bir s\u00fcredir g\u00f6zlerimi ameliyat ettirme d\u00fc\u015f\u00fcncesi akl\u0131mdayd\u0131. G\u00f6rme yard\u0131mc\u0131lar\u0131 olmadan hayat\u0131m\u0131 s\u00fcrd\u00fcrmek (\u00e7o\u011funlukla lens kullanan biriyim) benim i\u00e7in ger\u00e7ekten \u00e7ok daha rahat olacakt\u0131. \u00c7ok spor yap\u0131yorum, g\u00fcn boyunca bilgisayar ba\u015f\u0131nda saatlerce oturuyorum ve s\u0131k s\u0131k motosiklet kullan\u0131yorum. T\u00fcm bu aktivitelerde (ve daha fazlas\u0131nda) lenslerim ve g\u00f6zl\u00fcklerim bazen engel oluyordu. \u00dcstelik bir operasyonla lens ve g\u00f6zl\u00fck camlar\u0131 i\u00e7in y\u0131ll\u0131k sabit maliyetlerden de tasarruf edebilecektim. \u0130yi bir \u015fekilde d\u00fc\u015f\u00fcnd\u00fckten ve \u00e7e\u015fitli ki\u015filerle konu\u015ftuktan sonra, birka\u00e7 kar\u015f\u0131la\u015ft\u0131rma yaparak g\u00f6zlerimi \u0130stanbul&#8217;daki EYE Star Klinik&#8217;te lazerle tedavi ettirmeye karar verdim.     <\/p>\n\n\n\n<p>\u0130svi\u00e7re&#8217;deki irtibat ki\u015fim<\/p>\n\n\n\n<p>Swisslasik&#8217;ten Serdar Karaagacli-Leoni, t\u00fcm s\u00fcre\u00e7 boyunca ana ileti\u015fim ki\u015fim oldu. Kendisi \u00e7ok sab\u0131rl\u0131 bir insan ve bana sormak istedi\u011fim her soruyu (ve ger\u00e7ekten bir ka\u00e7 tane sormu\u015ftum) yan\u0131tlad\u0131. Ayr\u0131ca, operasyonun t\u00fcm organizasyonunu Swisslasik ile ger\u00e7ekle\u015ftirmemi sa\u011flayan da oydu.  <\/p>\n\n\n\n<p>\u0130stanbul&#8217;a do\u011fru yola \u00e7\u0131k\u0131yoruz!<\/p>\n\n\n\n<p>Zaman h\u0131zla ge\u00e7ti ve k\u0131sa s\u00fcre sonra 3 Ekim 2008 Cuma g\u00fcn\u00fc, annem, arkada\u015f\u0131m ve onun k\u0131z\u0131yla birlikte Turkish Airlines u\u00e7a\u011f\u0131nda \u0130stanbul&#8217;a do\u011fru yola \u00e7\u0131k\u0131yorduk. T\u00fcm seyahatteki tek rahats\u0131z edici an, T\u00fcrkiye&#8217;deki pasaport kontrol\u00fcnde uzun kuyrukta beklemekti. Ancak \u0130stanbul&#8217;daki ileti\u015fim ki\u015fim, beni havaalan\u0131 \u00e7\u0131k\u0131\u015f\u0131nda bekliyordu ve bizleri Mercedes-Van ile d\u00f6rt g\u00fcnl\u00fck evimize g\u00f6t\u00fcrd\u00fc. Ard\u0131ndan, iki g\u00fcn boyunca T\u00fcrk metropol\u00fcn\u00fcn \u00f6ne \u00e7\u0131kan noktalar\u0131n\u0131 ke\u015ffettik, \u00e7e\u015fitli lezzetli yemeklerin tad\u0131n\u0131 \u00e7\u0131kard\u0131k, etkileyici yap\u0131lar\u0131 inceledik ve 6 saatlik Grand Bazaar al\u0131\u015fveri\u015fi yapt\u0131k.   <\/p>\n\n\n\n<p>\u00d6l\u00fcm Operasyonu<\/p>\n\n\n\n<p>Pazartesi g\u00fcn\u00fc saat 11 civar\u0131nda, dairemizden al\u0131nd\u0131k ve klin\u011fe g\u00f6t\u00fcr\u00fcld\u00fck. Kar\u015f\u0131lama ve bak\u0131m m\u00fckemmeldi. S\u0131cak, stressiz ve l\u00fcks atmosfer, beni tamamen rahatlatm\u0131\u015ft\u0131 ve ameliyat i\u00e7in haz\u0131r hissettim. Birka\u00e7 \u00f6n muayene, doktorla bir g\u00f6r\u00fc\u015fme ve bir \u00f6\u011fle yeme\u011finden sonra ameliyat oldum. Hi\u00e7bir \u015fey hissetmedim ve sadece doktorun sakin talimatlar\u0131na uydum. Ameliyat sonras\u0131, g\u00f6zl\u00fck veya lens kullanmadan g\u00f6rebiliyordum. G\u00f6zlerim biraz yan\u0131yordu, ancak bu kesinlikle katlan\u0131labilir bir durumdu. G\u00f6z damlalar\u0131, bu rahats\u0131z edici hissi yat\u0131\u015ft\u0131rd\u0131.       <\/p>\n\n\n\n<p>\u0130svi\u00e7re&#8217;ye geri d\u00f6nd\u00fcm.<\/p>\n\n\n\n<p>A\u011fr\u0131s\u0131z bir gecenin ard\u0131ndan, ertesi sabah ilk kontrol\u00fcm i\u00e7in al\u0131nd\u0131m. Sonras\u0131nda, Sal\u0131 \u00f6\u011fleden sonra evimize d\u00f6n\u00fc\u015f i\u00e7in u\u00e7tuk. Bir hafta sonra, \u0130svi\u00e7re&#8217;ye d\u00f6nd\u00fckten sonra Z\u00fcrih&#8217;te ikinci kontrol\u00fcm yap\u0131ld\u0131. Ba\u011f\u0131ms\u0131z doktorum, her \u015feyin m\u00fckemmel oldu\u011funu s\u00f6yledi.   <\/p>\n\n\n\n<p>Her iki g\u00f6z\u00fcmde de %100 g\u00f6rme yetim var \u2013 bu ger\u00e7ekten harika. G\u00f6zl\u00fc\u011f\u00fcm\u00fc kesinlikle \u0130stanbul\u2019da b\u0131rak\u0131p geldim! <\/p>\n\n\n\n<p>V. Rohrer, 15 Ekim 2008<\/p>\n\n\n\n<div class=\"wp-block-group is-layout-grid wp-container-core-group-is-layout-baef362d wp-block-group-is-layout-grid\">\n<p><a href=\"https:\/\/medicaltravel.at\/home\/agb\/\" data-type=\"page\" data-id=\"2191\" rel=\"nofollow noopener\" target=\"_blank\"><\/a><a href=\"https:\/\/medicaltravel.ch\/tr\/hasta-raporlari\/yasli-hastalarin-raporlari\/sevincten-agladim-28-ekim-2008-sali-guenue-tarihli-haber\/\" data-type=\"link\" data-id=\"https:\/\/medicaltravel.ch\/tr\/hasta-raporlari\/yasli-hastalarin-raporlari\/sevincten-agladim-28-ekim-2008-sali-guenue-tarihli-haber\/\">\u00d6nceki rapor<\/a><\/p>\n\n\n\n<p class=\"has-text-align-right wp-container-content-5e2576f9\"><a href=\"https:\/\/medicaltravel.at\/home\/impressum\/\" data-type=\"page\" data-id=\"2193\" rel=\"nofollow noopener\" target=\"_blank\"><\/a><a href=\"https:\/\/medicaltravel.at\/home\/berichte-von-patienten\/erfahrungsberichte\/erfahrungsbericht-zahnbehandlung-in-istanbul\/\" data-type=\"page\" data-id=\"981\" rel=\"nofollow noopener\" target=\"_blank\"><\/a><a href=\"https:\/\/medicaltravel.ch\/tr\/hasta-raporlari\/yasli-hastalarin-raporlari\/istanbulda-goez-lazer-deneyimi-19-ekim-2008-pazar-guenue-raporu\/\" data-type=\"link\" data-id=\"https:\/\/medicaltravel.ch\/berichte-von-patienten-istanbul-turkei\/altere-patientenberichte\/erlebnisbericht-augen-laser-in-istanbul-bericht-vom-sonntag-19-oktober-2008\/\">Bir sonraki rapor<\/a><\/p>\n<\/div>\n","protected":false},"excerpt":{"rendered":"<p>G\u00f6z lazer ameliyat\u0131 yolculu\u011fumla ilgili notlar\u0131m \u2013 19 Ekim 2008 Pazar g\u00fcn\u00fc raporu Sebepler Bir s\u00fcredir g\u00f6zlerimi ameliyat ettirme d\u00fc\u015f\u00fcncesi akl\u0131mdayd\u0131. G\u00f6rme yard\u0131mc\u0131lar\u0131 olmadan hayat\u0131m\u0131 s\u00fcrd\u00fcrmek (\u00e7o\u011funlukla lens kullanan biriyim) benim i\u00e7in ger\u00e7ekten \u00e7ok daha rahat olacakt\u0131. \u00c7ok spor yap\u0131yorum, g\u00fcn boyunca bilgisayar ba\u015f\u0131nda saatlerce oturuyorum ve s\u0131k s\u0131k motosiklet kullan\u0131yorum. T\u00fcm bu aktivitelerde (ve daha fazlas\u0131nda) lenslerim ve g\u00f6zl\u00fcklerim bazen engel oluyordu. \u00dcstelik bir operasyonla lens ve g\u00f6zl\u00fck camlar\u0131 i\u00e7in y\u0131ll\u0131k sabit maliyetlerden de tasarruf edebilecektim. \u0130yi bir \u015fekilde d\u00fc\u015f\u00fcnd\u00fckten ve \u00e7e\u015fitli ki\u015filerle konu\u015ftuktan sonra, birka\u00e7 kar\u015f\u0131la\u015ft\u0131rma yaparak g\u00f6zlerimi \u0130stanbul&#8217;daki EYE Star Klinik&#8217;te lazerle tedavi ettirmeye karar verdim. \u0130svi\u00e7re&#8217;deki irtibat ki\u015fim Swisslasik&#8217;ten Serdar Karaagacli-Leoni, t\u00fcm s\u00fcre\u00e7 boyunca ana ileti\u015fim ki\u015fim oldu. Kendisi \u00e7ok sab\u0131rl\u0131 bir insan ve bana sormak istedi\u011fim her soruyu (ve ger\u00e7ekten bir ka\u00e7 tane sormu\u015ftum) yan\u0131tlad\u0131. Ayr\u0131ca, operasyonun t\u00fcm organizasyonunu Swisslasik ile ger\u00e7ekle\u015ftirmemi sa\u011flayan da oydu. \u0130stanbul&#8217;a do\u011fru yola \u00e7\u0131k\u0131yoruz! Zaman h\u0131zla ge\u00e7ti ve k\u0131sa s\u00fcre sonra 3 Ekim 2008 Cuma g\u00fcn\u00fc, annem, arkada\u015f\u0131m ve onun k\u0131z\u0131yla birlikte Turkish Airlines u\u00e7a\u011f\u0131nda \u0130stanbul&#8217;a do\u011fru yola \u00e7\u0131k\u0131yorduk. T\u00fcm seyahatteki tek rahats\u0131z edici an, T\u00fcrkiye&#8217;deki pasaport kontrol\u00fcnde uzun kuyrukta beklemekti. Ancak \u0130stanbul&#8217;daki ileti\u015fim ki\u015fim, beni havaalan\u0131 \u00e7\u0131k\u0131\u015f\u0131nda bekliyordu ve bizleri Mercedes-Van ile d\u00f6rt g\u00fcnl\u00fck evimize g\u00f6t\u00fcrd\u00fc. Ard\u0131ndan, iki g\u00fcn boyunca T\u00fcrk metropol\u00fcn\u00fcn \u00f6ne \u00e7\u0131kan noktalar\u0131n\u0131 ke\u015ffettik, \u00e7e\u015fitli lezzetli yemeklerin tad\u0131n\u0131 \u00e7\u0131kard\u0131k, etkileyici yap\u0131lar\u0131 inceledik ve 6 saatlik Grand Bazaar al\u0131\u015fveri\u015fi yapt\u0131k. \u00d6l\u00fcm Operasyonu Pazartesi g\u00fcn\u00fc saat 11 civar\u0131nda, dairemizden al\u0131nd\u0131k ve klin\u011fe g\u00f6t\u00fcr\u00fcld\u00fck. Kar\u015f\u0131lama ve bak\u0131m m\u00fckemmeldi. S\u0131cak, stressiz ve l\u00fcks atmosfer, beni tamamen rahatlatm\u0131\u015ft\u0131 ve ameliyat i\u00e7in haz\u0131r hissettim. Birka\u00e7 \u00f6n muayene, doktorla bir g\u00f6r\u00fc\u015fme ve bir \u00f6\u011fle yeme\u011finden sonra ameliyat oldum. Hi\u00e7bir \u015fey hissetmedim ve sadece doktorun sakin talimatlar\u0131na uydum. Ameliyat sonras\u0131, g\u00f6zl\u00fck veya lens kullanmadan g\u00f6rebiliyordum. G\u00f6zlerim biraz yan\u0131yordu, ancak bu kesinlikle katlan\u0131labilir bir durumdu. G\u00f6z damlalar\u0131, bu rahats\u0131z edici hissi yat\u0131\u015ft\u0131rd\u0131. \u0130svi\u00e7re&#8217;ye geri d\u00f6nd\u00fcm. A\u011fr\u0131s\u0131z bir gecenin ard\u0131ndan, ertesi sabah ilk kontrol\u00fcm i\u00e7in al\u0131nd\u0131m. Sonras\u0131nda, Sal\u0131 \u00f6\u011fleden sonra evimize d\u00f6n\u00fc\u015f i\u00e7in u\u00e7tuk. Bir hafta sonra, \u0130svi\u00e7re&#8217;ye d\u00f6nd\u00fckten sonra Z\u00fcrih&#8217;te ikinci kontrol\u00fcm yap\u0131ld\u0131. Ba\u011f\u0131ms\u0131z doktorum, her \u015feyin m\u00fckemmel oldu\u011funu s\u00f6yledi. Her iki g\u00f6z\u00fcmde de %100 g\u00f6rme yetim var \u2013 bu ger\u00e7ekten harika. G\u00f6zl\u00fc\u011f\u00fcm\u00fc kesinlikle \u0130stanbul\u2019da b\u0131rak\u0131p geldim! V. Rohrer, 15 Ekim 2008 \u00d6nceki rapor Bir sonraki rapor<\/p>\n","protected":false},"author":4,"featured_media":0,"parent":3223,"menu_order":0,"comment_status":"closed","ping_status":"closed","template":"","meta":{"_joinchat":[],"footnotes":""},"class_list":["post-4457","page","type-page","status-publish","hentry"],"acf":[],"_links":{"self":[{"href":"https:\/\/medicaltravel.ch\/tr\/wp-json\/wp\/v2\/pages\/4457","targetHints":{"allow":["GET"]}}],"collection":[{"href":"https:\/\/medicaltravel.ch\/tr\/wp-json\/wp\/v2\/pages"}],"about":[{"href":"https:\/\/medicaltravel.ch\/tr\/wp-json\/wp\/v2\/types\/page"}],"author":[{"embeddable":true,"href":"https:\/\/medicaltravel.ch\/tr\/wp-json\/wp\/v2\/users\/4"}],"replies":[{"embeddable":true,"href":"https:\/\/medicaltravel.ch\/tr\/wp-json\/wp\/v2\/comments?post=4457"}],"version-history":[{"count":2,"href":"https:\/\/medicaltravel.ch\/tr\/wp-json\/wp\/v2\/pages\/4457\/revisions"}],"predecessor-version":[{"id":6549,"href":"https:\/\/medicaltravel.ch\/tr\/wp-json\/wp\/v2\/pages\/4457\/revisions\/6549"}],"up":[{"embeddable":true,"href":"https:\/\/medicaltravel.ch\/tr\/wp-json\/wp\/v2\/pages\/3223"}],"wp:attachment":[{"href":"https:\/\/medicaltravel.ch\/tr\/wp-json\/wp\/v2\/media?parent=4457"}],"curies":[{"name":"wp","href":"https:\/\/api.w.org\/{rel}","templated":true}]}}