{"id":4461,"date":"2025-09-24T07:59:02","date_gmt":"2025-09-24T06:59:02","guid":{"rendered":"https:\/\/medicaltravel.ch\/hasta-raporlari\/yasli-hastalarin-raporlari\/istanbuldaki-goez-lazer-ameliyatimiz-28-kasim-2007-carsamba-guenue-raporu\/"},"modified":"2026-01-12T21:55:44","modified_gmt":"2026-01-12T20:55:44","slug":"istanbuldaki-goez-lazer-ameliyatimiz-28-kasim-2007-carsamba-guenue-raporu","status":"publish","type":"page","link":"https:\/\/medicaltravel.ch\/tr\/hasta-raporlari\/yasli-hastalarin-raporlari\/istanbuldaki-goez-lazer-ameliyatimiz-28-kasim-2007-carsamba-guenue-raporu\/","title":{"rendered":"\u0130stanbul&#8217;daki G\u00d6Z LAZER AMEL\u0130YATIMIZ \u2013 28 Kas\u0131m 2007 \u00c7ar\u015famba g\u00fcn\u00fc raporu"},"content":{"rendered":"\n<h3 class=\"wp-block-heading\">\u0130stanbul&#8217;daki G\u00d6Z LAZER AMEL\u0130YATIMIZ \u2013 28 Kas\u0131m 2007 \u00c7ar\u015famba g\u00fcn\u00fc raporu<\/h3>\n\n<p>E\u015fimle birlikte uzun bir s\u00fcredir g\u00f6zl\u00fcklerimizden kurtulmay\u0131, g\u00f6zlerimizi lazerle tedavi ettirmeyi d\u00fc\u015f\u00fcn\u00fcyorduk. Ancak maalesef bu, \u0130svi\u00e7re&#8217;de \u00e7ok y\u00fcksek maliyetlerle ba\u011flant\u0131l\u0131 bir \u015feydi, \u00f6zellikle de iki e\u015fin de g\u00f6rme problemi ya\u015fad\u0131\u011f\u0131 durumda. Bir g\u00fcn internet \u00fczerinden Swisslasik&#8217;in web sitesine rastlad\u0131k ve bu hemen ilgimizi \u00e7ekti. Di\u011fer \u0130svi\u00e7relilerden referanslar ald\u0131k ve herkes tamamen memnundu. Bu y\u00fczden hemen e-posta ile daha ayr\u0131nt\u0131l\u0131 bilgi almak istedik ve her sorumuza hemen cevap ald\u0131k. Sonunda 25 Kas\u0131m&#8217;da \u0130stanbul&#8217;da operasyonu ger\u00e7ekle\u015ftirdik. U\u00e7u\u015f, operasyon, otel: Her \u015fey A&#8217;dan Z&#8217;ye \u00e7ok iyi organize edilmi\u015fti. Her zaman yan\u0131m\u0131zda, m\u00fckemmel bir \u015fekilde Hochdeutsch veya \u0130svi\u00e7re Almancas\u0131 konu\u015fabilen birisi vard\u0131. Bu ger\u00e7ekten \u00e7ok rahatlat\u0131c\u0131yd\u0131. Ayr\u0131ca EyeStar Klinik\u2019te bizimle ayn\u0131 g\u00fcn g\u00f6z lazeri yapt\u0131ran 3 \u0130svi\u00e7reliyle daha tan\u0131\u015ft\u0131k. Bu \u00e7ok motive ediciydi ve herkes birbirini karar\u0131nda destekliyordu. \u00d6n muayeneler \u00e7ok dikkatli yap\u0131ld\u0131 ve t\u00fcm \u00e7al\u0131\u015fanlar \u00e7ok iyi bir izlenim b\u0131rakt\u0131. En \u00f6nemlisi, hi\u00e7bir dil problemi ya\u015fanmam\u0131\u015f olmas\u0131yd\u0131. Ayr\u0131ca, havaalan\u0131ndan otele, otelden klini\u011fe ve her \u015feyin ard\u0131ndan tekrar geri transferimiz de m\u00fckemmeldi.             <\/p>\n\n<p>Kesinlikle, bunu denedi\u011fimiz i\u00e7in \u00e7ok mutluyuz ve g\u00f6zlerimizin sonucundan son derece memnunuz.<\/p>\n\n<p>Nadja &amp; Sepp Arnold, Goldingen \/ Kas\u0131m 2007<\/p>\n\n<div class=\"wp-block-group is-layout-grid wp-container-core-group-is-layout-baef362d wp-block-group-is-layout-grid\">\n<p><a href=\"https:\/\/medicaltravel.at\/home\/agb\/\" data-type=\"page\" data-id=\"2191\" rel=\"nofollow noopener\" target=\"_blank\"><\/a><a href=\"https:\/\/medicaltravel.ch\/tr\/hasta-raporlari\/yasli-hastalarin-raporlari\/goez-lazeri-14-aralik-2007-cuma-guenue-tarihli-rapor\/\" data-type=\"link\" data-id=\"https:\/\/medicaltravel.ch\/berichte-von-patienten-istanbul-turkei\/altere-patientenberichte\/augenlaser-bericht-vom-freitag-14-dezember-2007\/\">\u00d6nceki rapor<\/a><\/p>\n\n\n\n<p class=\"has-text-align-right wp-container-content-5e2576f9\"><a href=\"https:\/\/medicaltravel.at\/home\/impressum\/\" data-type=\"page\" data-id=\"2193\" rel=\"nofollow noopener\" target=\"_blank\"><\/a><a href=\"https:\/\/medicaltravel.at\/home\/berichte-von-patienten\/erfahrungsberichte\/erfahrungsbericht-zahnbehandlung-in-istanbul\/\" data-type=\"page\" data-id=\"981\" rel=\"nofollow noopener\" target=\"_blank\"><\/a><a href=\"https:\/\/medicaltravel.ch\/tr\/hasta-raporlari\/yasli-hastalarin-raporlari\/istanbulda-goez-ameliyati-19-kasim-2007-pazartesi-guenue-raporu\/\" data-type=\"link\" data-id=\"https:\/\/medicaltravel.ch\/berichte-von-patienten-istanbul-turkei\/altere-patientenberichte\/augen-op-in-istanbul-bericht-vom-montag-19-november-2007\/\">Bir sonraki rapor<\/a><\/p>\n<\/div>\n","protected":false},"excerpt":{"rendered":"<p>\u0130stanbul&#8217;daki G\u00d6Z LAZER AMEL\u0130YATIMIZ \u2013 28 Kas\u0131m 2007 \u00c7ar\u015famba g\u00fcn\u00fc raporu E\u015fimle birlikte uzun bir s\u00fcredir g\u00f6zl\u00fcklerimizden kurtulmay\u0131, g\u00f6zlerimizi lazerle tedavi ettirmeyi d\u00fc\u015f\u00fcn\u00fcyorduk. Ancak maalesef bu, \u0130svi\u00e7re&#8217;de \u00e7ok y\u00fcksek maliyetlerle ba\u011flant\u0131l\u0131 bir \u015feydi, \u00f6zellikle de iki e\u015fin de g\u00f6rme problemi ya\u015fad\u0131\u011f\u0131 durumda. Bir g\u00fcn internet \u00fczerinden Swisslasik&#8217;in web sitesine rastlad\u0131k ve bu hemen ilgimizi \u00e7ekti. Di\u011fer \u0130svi\u00e7relilerden referanslar ald\u0131k ve herkes tamamen memnundu. Bu y\u00fczden hemen e-posta ile daha ayr\u0131nt\u0131l\u0131 bilgi almak istedik ve her sorumuza hemen cevap ald\u0131k. Sonunda 25 Kas\u0131m&#8217;da \u0130stanbul&#8217;da operasyonu ger\u00e7ekle\u015ftirdik. U\u00e7u\u015f, operasyon, otel: Her \u015fey A&#8217;dan Z&#8217;ye \u00e7ok iyi organize edilmi\u015fti. Her zaman yan\u0131m\u0131zda, m\u00fckemmel bir \u015fekilde Hochdeutsch veya \u0130svi\u00e7re Almancas\u0131 konu\u015fabilen birisi vard\u0131. Bu ger\u00e7ekten \u00e7ok rahatlat\u0131c\u0131yd\u0131. Ayr\u0131ca EyeStar Klinik\u2019te bizimle ayn\u0131 g\u00fcn g\u00f6z lazeri yapt\u0131ran 3 \u0130svi\u00e7reliyle daha tan\u0131\u015ft\u0131k. Bu \u00e7ok motive ediciydi ve herkes birbirini karar\u0131nda destekliyordu. \u00d6n muayeneler \u00e7ok dikkatli yap\u0131ld\u0131 ve t\u00fcm \u00e7al\u0131\u015fanlar \u00e7ok iyi bir izlenim b\u0131rakt\u0131. En \u00f6nemlisi, hi\u00e7bir dil problemi ya\u015fanmam\u0131\u015f olmas\u0131yd\u0131. Ayr\u0131ca, havaalan\u0131ndan otele, otelden klini\u011fe ve her \u015feyin ard\u0131ndan tekrar geri transferimiz de m\u00fckemmeldi. Kesinlikle, bunu denedi\u011fimiz i\u00e7in \u00e7ok mutluyuz ve g\u00f6zlerimizin sonucundan son derece memnunuz. Nadja &amp; Sepp Arnold, Goldingen \/ Kas\u0131m 2007 \u00d6nceki rapor Bir sonraki rapor<\/p>\n","protected":false},"author":4,"featured_media":0,"parent":3223,"menu_order":0,"comment_status":"closed","ping_status":"closed","template":"","meta":{"_joinchat":[],"footnotes":""},"class_list":["post-4461","page","type-page","status-publish","hentry"],"acf":[],"_links":{"self":[{"href":"https:\/\/medicaltravel.ch\/tr\/wp-json\/wp\/v2\/pages\/4461","targetHints":{"allow":["GET"]}}],"collection":[{"href":"https:\/\/medicaltravel.ch\/tr\/wp-json\/wp\/v2\/pages"}],"about":[{"href":"https:\/\/medicaltravel.ch\/tr\/wp-json\/wp\/v2\/types\/page"}],"author":[{"embeddable":true,"href":"https:\/\/medicaltravel.ch\/tr\/wp-json\/wp\/v2\/users\/4"}],"replies":[{"embeddable":true,"href":"https:\/\/medicaltravel.ch\/tr\/wp-json\/wp\/v2\/comments?post=4461"}],"version-history":[{"count":1,"href":"https:\/\/medicaltravel.ch\/tr\/wp-json\/wp\/v2\/pages\/4461\/revisions"}],"predecessor-version":[{"id":4462,"href":"https:\/\/medicaltravel.ch\/tr\/wp-json\/wp\/v2\/pages\/4461\/revisions\/4462"}],"up":[{"embeddable":true,"href":"https:\/\/medicaltravel.ch\/tr\/wp-json\/wp\/v2\/pages\/3223"}],"wp:attachment":[{"href":"https:\/\/medicaltravel.ch\/tr\/wp-json\/wp\/v2\/media?parent=4461"}],"curies":[{"name":"wp","href":"https:\/\/api.w.org\/{rel}","templated":true}]}}